{"id":4397685,"date":"2023-03-30T11:09:33","date_gmt":"2023-03-30T09:09:33","guid":{"rendered":"https:\/\/cdn.speechi.com\/?page_id=4397685"},"modified":"2024-07-23T11:42:22","modified_gmt":"2024-07-23T09:42:22","slug":"bildunglosungen","status":"publish","type":"page","link":"https:\/\/speechi.com\/de\/bildunglosungen\/","title":{"rendered":"Bildung"},"content":{"rendered":"\n\n[et_pb_section fb_built=&#8220;1&#8243; admin_label=&#8220;Header&#8220; _builder_version=&#8220;4.20.2&#8243; _module_preset=&#8220;default&#8220; custom_margin=&#8220;||||false|false&#8220; custom_padding=&#8220;1vw||||false|false&#8220; box_shadow_style=&#8220;preset7&#8243; box_shadow_horizontal=&#8220;-20vw&#8220; box_shadow_vertical=&#8220;0px&#8220; box_shadow_color=&#8220;#eaeaea&#8220; box_shadow_horizontal_tablet=&#8220;-8vw&#8220; box_shadow_horizontal_phone=&#8220;&#8220; box_shadow_horizontal_last_edited=&#8220;on|tablet&#8220; locked=&#8220;off&#8220; global_colors_info=&#8220;{}&#8220;][et_pb_row column_structure=&#8220;3_5,2_5&#8243; make_equal=&#8220;on&#8220; _builder_version=&#8220;4.20.2&#8243; _module_preset=&#8220;default&#8220; global_colors_info=&#8220;{}&#8220;][et_pb_column type=&#8220;3_5&#8243; _builder_version=&#8220;4.20.2&#8243; _module_preset=&#8220;default&#8220; custom_padding=&#8220;|8%|230px||false|false&#8220; custom_padding_tablet=&#8220;|0%|0px||false|false&#8220; custom_padding_phone=&#8220;&#8220; custom_padding_last_edited=&#8220;on|tablet&#8220; global_colors_info=&#8220;{}&#8220;][et_pb_text _builder_version=&#8220;4.20.2&#8243; _module_preset=&#8220;88189985-383f-4a98-8bda-45b45a07d31e&#8220; header_font=&#8220;|600|||||||&#8220; header_text_color=&#8220;#000000&#8243; header_font_size=&#8220;50px&#8220; header_line_height=&#8220;1.2em&#8220; header_font_tablet=&#8220;&#8220; header_font_phone=&#8220;Roboto|500|||||||&#8220; header_font_last_edited=&#8220;on|phone&#8220; header_font_size_tablet=&#8220;48px&#8220; header_font_size_phone=&#8220;28px&#8220; header_font_size_last_edited=&#8220;on|tablet&#8220; locked=&#8220;off&#8220; global_colors_info=&#8220;{}&#8220;]<h1>Vernetztes und interaktives Kursmaterial<\/h1>[\/et_pb_text][et_pb_text _builder_version=&#8220;4.20.2&#8243; _module_preset=&#8220;dae59d6c-8e6f-457d-9b53-6f843dc37ccb&#8220; text_font=&#8220;||||||||&#8220; text_text_color=&#8220;#a3a7ac&#8220; text_font_size=&#8220;20px&#8220; custom_margin=&#8220;||||false|false&#8220; text_font_size_tablet=&#8220;15px&#8220; text_font_size_phone=&#8220;14px&#8220; text_font_size_last_edited=&#8220;on|desktop&#8220; locked=&#8220;off&#8220; global_colors_info=&#8220;{}&#8220;]<p>Lehren, Moderieren und Wissen weitergeben, auch aus der Ferne<\/p>[\/et_pb_text][\/et_pb_column][et_pb_column type=&#8220;2_5&#8243; _builder_version=&#8220;4.20.2&#8243; _module_preset=&#8220;default&#8220; background_color=&#8220;#323a45&#8243; custom_padding=&#8220;||||false|false&#8220; box_shadow_style=&#8220;preset4&#8243; box_shadow_horizontal=&#8220;360px&#8220; box_shadow_vertical=&#8220;0px&#8220; box_shadow_color=&#8220;#323a45&#8243; box_shadow_horizontal_tablet=&#8220;&#8220; box_shadow_horizontal_phone=&#8220;200px&#8220; box_shadow_horizontal_last_edited=&#8220;on|phone&#8220; global_colors_info=&#8220;{%22gcid-4c754952-8207-4136-b7cc-f3d93882233e%22:%91%93}&#8220;][et_pb_image src=&#8220;https:\/\/cdn.speechi.com\/wp-content\/uploads\/2023\/04\/interactive-screen-school.png&#8220; alt=&#8220;Der Einsatz einer interaktiven Tafel im Klassenzimmer ist eine hervorragende M\u00f6glichkeit, die Technologie in den Lernprozess der Sch\u00fcler zu integrieren&#8220; title_text=&#8220;Der Einsatz einer interaktiven Tafel im Klassenzimmer ist eine hervorragende M\u00f6glichkeit, die Technologie in den Lernprozess der Sch\u00fcler zu integrieren&#8220; show_bottom_space=&#8220;off&#8220; _builder_version=&#8220;4.20.2&#8243; _module_preset=&#8220;default&#8220; custom_margin=&#8220;19%|-10vw|-44%|-36%|false|false&#8220; custom_margin_tablet=&#8220;|0%|-16%|0%|false|false&#8220; custom_margin_phone=&#8220;&#8220; custom_margin_last_edited=&#8220;on|tablet&#8220; locked=&#8220;off&#8220; global_colors_info=&#8220;{}&#8220;][\/et_pb_image][\/et_pb_column][\/et_pb_row][\/et_pb_section][et_pb_section fb_built=&#8220;1&#8243; admin_label=&#8220;section&#8220; _builder_version=&#8220;4.16&#8243; custom_padding=&#8220;0px|0px|0px|0px&#8220; transparent_background=&#8220;off&#8220; make_fullwidth=&#8220;off&#8220; use_custom_width=&#8220;off&#8220; width_unit=&#8220;off&#8220; custom_width_px=&#8220;1080px&#8220; custom_width_percent=&#8220;80%&#8220; global_colors_info=&#8220;{}&#8220;][et_pb_row column_structure=&#8220;1_2,1_2&#8243; use_custom_gutter=&#8220;on&#8220; gutter_width=&#8220;1&#8243; make_equal=&#8220;on&#8220; admin_label=&#8220;row&#8220; module_class=&#8220; et_pb_row_fullwidth&#8220; _builder_version=&#8220;4.20.2&#8243; background_size=&#8220;initial&#8220; background_position=&#8220;top_left&#8220; background_repeat=&#8220;repeat&#8220; width=&#8220;100%&#8220; width_tablet=&#8220;100%&#8220; width_phone=&#8220;100%&#8220; width_last_edited=&#8220;on|desktop&#8220; max_width=&#8220;100%&#8220; max_width_tablet=&#8220;100%&#8220; max_width_phone=&#8220;100%&#8220; max_width_last_edited=&#8220;on|desktop&#8220; custom_padding=&#8220;0px|0px|0px|0px|false|false&#8220; make_fullwidth=&#8220;on&#8220; use_custom_width=&#8220;off&#8220; width_unit=&#8220;off&#8220; custom_width_px=&#8220;1080px&#8220; custom_width_percent=&#8220;80%&#8220; global_colors_info=&#8220;{}&#8220;][et_pb_column type=&#8220;1_2&#8243; _builder_version=&#8220;4.20.2&#8243; custom_padding=&#8220;|||&#8220; global_colors_info=&#8220;{}&#8220; custom_padding__hover=&#8220;|||&#8220;][et_pb_image src=&#8220;https:\/\/speechi.com\/wp-content\/uploads\/2023\/04\/interactive-display-education-1.jpg&#8220; alt=&#8220;Im Klassenzimmer ist eine moderne interaktive Tafel installiert, die das Lernen der Sch\u00fcler unterst\u00fctzt&#8220; title_text=&#8220;interactive-display-education&#8220; force_fullwidth=&#8220;on&#8220; align_tablet=&#8220;center&#8220; align_phone=&#8220;center&#8220; align_last_edited=&#8220;on|desktop&#8220; admin_label=&#8220;Image&#8220; _builder_version=&#8220;4.20.2&#8243; animation_style=&#8220;slide&#8220; animation_direction=&#8220;left&#8220; animation_duration=&#8220;500ms&#8220; animation_intensity_slide=&#8220;10%&#8220; hover_enabled=&#8220;0&#8243; use_border_color=&#8220;off&#8220; border_color=&#8220;#ffffff&#8220; border_width=&#8220;1px&#8220; border_style=&#8220;solid&#8220; sticky=&#8220;off&#8220; always_center_on_mobile=&#8220;on&#8220; global_colors_info=&#8220;{}&#8220; sticky_enabled=&#8220;0&#8243;] [\/et_pb_image][\/et_pb_column][et_pb_column type=&#8220;1_2&#8243; module_class=&#8220;centrer-verticalement&#8220; _builder_version=&#8220;4.20.2&#8243; custom_padding=&#8220;|||&#8220; global_colors_info=&#8220;{}&#8220; custom_padding__hover=&#8220;|||&#8220;][et_pb_slider _builder_version=&#8220;4.20.2&#8243; _module_preset=&#8220;default&#8220; header_font=&#8220;Montserrat|600|||||||&#8220; background_color=&#8220;RGBA(255,255,255,0)&#8220; custom_margin=&#8220;||||false|false&#8220; global_colors_info=&#8220;{}&#8220;][et_pb_slide heading=&#8220;F\u00f6rdern und begeistern Sie Ihre Klasse&#8220; _builder_version=&#8220;4.20.2&#8243; _module_preset=&#8220;default&#8220; text_orientation=&#8220;left&#8220; background_layout=&#8220;light&#8220; global_colors_info=&#8220;{}&#8220; sticky_transition=&#8220;on&#8220;]Das interaktive Display ist wie ein traditionelles Whiteboard ein Unterrichtsmedium mit gro\u00dfem Potenzial. Mit einer unbegrenzten Arbeitsfl\u00e4che, Zugang zum Internet, Apps und Software k\u00f6nnen Sie Ihren Unterricht mit diesem digitalen Medium kreativ und originell gestalten und so Ihre Sch\u00fcler noch mehr begeistern und f\u00f6rdern.[\/et_pb_slide][et_pb_slide heading=&#8220;Erg\u00e4nzen Sie Ihre Unterrichtsstunden&#8220; _builder_version=&#8220;4.20.2&#8243; _module_preset=&#8220;default&#8220; text_orientation=&#8220;left&#8220; background_layout=&#8220;light&#8220; global_colors_info=&#8220;{}&#8220; sticky_transition=&#8220;on&#8220;]W\u00e4hrend des Unterrichts k\u00f6nnen Sie Ihr Material (Dokumente, Bilder, Videos oder Webseiten) direkt mit Anmerkungen versehen. Sie k\u00f6nnen Randnotizen machen, Skizzen erstellen und Bilder hinzuf\u00fcgen, um Ihren Unterricht noch anschaulicher zu gestalten. Au\u00dferdem k\u00f6nnen Sie Dateien importieren und aktuelle Quellen aus dem Internet nutzen, um Ihren Unterricht zu erg\u00e4nzen.[\/et_pb_slide][et_pb_slide heading=&#8220;Interaktion mit den Sch\u00fclern&#8220; _builder_version=&#8220;4.20.2&#8243; _module_preset=&#8220;default&#8220; text_orientation=&#8220;left&#8220; background_layout=&#8220;light&#8220; global_colors_info=&#8220;{}&#8220; sticky_transition=&#8220;on&#8220;]Mehrere Sch\u00fcler k\u00f6nnen das Display gleichzeitig nutzen und mit ihm interagieren. Eine Klasse, die w\u00e4hrend des Unterrichts aktiv teilnimmt, f\u00fchlt sich st\u00e4rker eingebunden und engagiert, was sich positiv auf das Lernen auswirkt: Verst\u00e4ndnis, Ged\u00e4chtnis und Anwendung werden gef\u00f6rdert. [\/et_pb_slide][\/et_pb_slider][\/et_pb_column][\/et_pb_row][et_pb_row column_structure=&#8220;1_2,1_2&#8243; use_custom_gutter=&#8220;on&#8220; gutter_width=&#8220;1&#8243; make_equal=&#8220;on&#8220; admin_label=&#8220;row&#8220; module_class=&#8220; et_pb_row_fullwidth&#8220; _builder_version=&#8220;4.20.2&#8243; background_size=&#8220;initial&#8220; background_position=&#8220;top_left&#8220; background_repeat=&#8220;repeat&#8220; width=&#8220;100%&#8220; width_tablet=&#8220;100%&#8220; width_phone=&#8220;100%&#8220; width_last_edited=&#8220;on|desktop&#8220; max_width=&#8220;100%&#8220; max_width_tablet=&#8220;100%&#8220; max_width_phone=&#8220;100%&#8220; max_width_last_edited=&#8220;on|desktop&#8220; custom_padding=&#8220;0px|0px|0px|0px|false|false&#8220; make_fullwidth=&#8220;on&#8220; use_custom_width=&#8220;off&#8220; width_unit=&#8220;off&#8220; custom_width_px=&#8220;1080px&#8220; custom_width_percent=&#8220;80%&#8220; global_colors_info=&#8220;{}&#8220;][et_pb_column type=&#8220;1_2&#8243; module_class=&#8220;centrer-verticalement&#8220; _builder_version=&#8220;4.20.2&#8243; custom_padding=&#8220;|||&#8220; global_colors_info=&#8220;{}&#8220; custom_padding__hover=&#8220;|||&#8220;][et_pb_slider _builder_version=&#8220;4.20.2&#8243; _module_preset=&#8220;default&#8220; header_font=&#8220;Montserrat|600|||||||&#8220; background_color=&#8220;RGBA(255,255,255,0)&#8220; custom_margin=&#8220;||||false|false&#8220; global_colors_info=&#8220;{}&#8220;][et_pb_slide heading=&#8220;Fernunterricht&#8220; _builder_version=&#8220;4.20.2&#8243; _module_preset=&#8220;default&#8220; background_enable_color=&#8220;off&#8220; text_orientation=&#8220;left&#8220; background_layout=&#8220;light&#8220; global_colors_info=&#8220;{}&#8220; sticky_transition=&#8220;on&#8220;]Mit den richtigen Tools k\u00f6nnen Sie Fernunterricht oder Hybridunterricht anbieten, unabh\u00e4ngig davon, wo Sie oder Ihre Sch\u00fcler und Sch\u00fclerinnen sich befinden. Wenn Sie f\u00fcr Ihr Publikum in der Ferne gut sichtbar und h\u00f6rbar sind, k\u00f6nnen Sie Ihre Unterrichtseinheit genau wie einen normalen Kurs von jedem Ort aus halten und haben die gleichen M\u00f6glichkeiten zur Interaktion.[\/et_pb_slide][et_pb_slide heading=&#8220;Teilen Sie Ihre Materialien&#8220; _builder_version=&#8220;4.20.2&#8243; _module_preset=&#8220;default&#8220; background_enable_color=&#8220;off&#8220; text_orientation=&#8220;left&#8220; background_layout=&#8220;light&#8220; global_colors_info=&#8220;{}&#8220; sticky_transition=&#8220;on&#8220;]Mit der Videokonferenzl\u00f6sung Ihrer Wahl k\u00f6nnen Sie Ihr Display mit Ihren Sch\u00fclern teilen, sodass sie jeden Schritt des Unterrichts gemeinsam mit Ihnen durchgehen k\u00f6nnen. Au\u00dferdem kann sich Ihre Klasse ganz einfach beteiligen und Fragen stellen. Wenn Sie in der Cloud arbeiten, haben Sie jederzeit Zugriff auf Ihre Materialien und k\u00f6nnen sie leichter an Ihre Sch\u00fcler weitergeben, damit diese den Unterricht verfolgen und wiederholen k\u00f6nnen. \u00c4nderungen werden automatisch gespeichert, was Ihnen Zeit spart.[\/et_pb_slide][et_pb_slide heading=&#8220;Nehmen Sie Ihre Unterrichtsstunde als Video auf&#8220; _builder_version=&#8220;4.20.2&#8243; _module_preset=&#8220;default&#8220; background_enable_color=&#8220;off&#8220; text_orientation=&#8220;left&#8220; background_layout=&#8220;light&#8220; global_colors_info=&#8220;{}&#8220; sticky_transition=&#8220;on&#8220;]Mit Ihrer Videokonferenzl\u00f6sung oder direkt \u00fcber die Symbolleiste Ihres interaktiven Displays k\u00f6nnen Sie den Inhalt Ihres Kurses als Video aufzeichnen. Sie k\u00f6nnen das Video abspielen, versenden oder online stellen, um es zum Beispiel f\u00fcr abwesende Personen zug\u00e4nglich zu machen, die es sich sp\u00e4ter ansehen m\u00f6chten.[\/et_pb_slide][\/et_pb_slider][\/et_pb_column][et_pb_column type=&#8220;1_2&#8243; module_class=&#8220;centrer-verticalement&#8220; _builder_version=&#8220;4.20.2&#8243; custom_padding=&#8220;|||&#8220; global_colors_info=&#8220;{}&#8220; custom_padding__hover=&#8220;|||&#8220;][et_pb_image src=&#8220;https:\/\/cdn.speechi.com\/wp-content\/uploads\/2023\/04\/interactive-screen-classroom.jpg&#8220; alt=&#8220;Der Lehrer verwendet einen Touchscreen, um Grafiken und Bilder anzuzeigen&#8220; title_text=&#8220;Der Lehrer verwendet einen Touchscreen, um Grafiken und Bilder anzuzeigen&#8220; align=&#8220;center&#8220; force_fullwidth=&#8220;on&#8220; align_tablet=&#8220;center&#8220; align_phone=&#8220;center&#8220; align_last_edited=&#8220;on|desktop&#8220; admin_label=&#8220;Image&#8220; _builder_version=&#8220;4.20.2&#8243; animation_style=&#8220;slide&#8220; animation_direction=&#8220;right&#8220; animation_duration=&#8220;500ms&#8220; animation_intensity_slide=&#8220;10%&#8220; use_border_color=&#8220;off&#8220; border_color=&#8220;#ffffff&#8220; border_width=&#8220;1px&#8220; border_style=&#8220;solid&#8220; animation=&#8220;right&#8220; sticky=&#8220;off&#8220; always_center_on_mobile=&#8220;on&#8220; global_colors_info=&#8220;{}&#8220;] [\/et_pb_image][\/et_pb_column][\/et_pb_row][\/et_pb_section][et_pb_section fb_built=&#8220;1&#8243; fullwidth=&#8220;on&#8220; _builder_version=&#8220;4.20.2&#8243; _module_preset=&#8220;default&#8220; collapsed=&#8220;on&#8220; global_colors_info=&#8220;{}&#8220;][et_pb_fullwidth_header title=&#8220;Speechi-Partner werden&#8220; text_orientation=&#8220;center&#8220; button_one_text=&#8220;Klicken Sie hier&#8220; button_one_url=&#8220;@ET-DC@eyJkeW5hbWljIjp0cnVlLCJjb250ZW50IjoicG9zdF9saW5rX3VybF9wYWdlIiwic2V0dGluZ3MiOnsicG9zdF9pZCI6IjQzOTUzOTMifX0=@&#8220; _builder_version=&#8220;4.20.2&#8243; _dynamic_attributes=&#8220;button_one_url&#8220; _module_preset=&#8220;default&#8220; title_text_align=&#8220;center&#8220; content_text_align=&#8220;center&#8220; subhead_text_align=&#8220;center&#8220; custom_button_one=&#8220;on&#8220; button_one_border_radius=&#8220;49px&#8220; button_one_custom_margin=&#8220;|auto|||false|false&#8220; button_one_custom_padding=&#8220;||||false|false&#8220; global_colors_info=&#8220;{}&#8220;][\/et_pb_fullwidth_header][\/et_pb_section]\n\n","protected":false},"excerpt":{"rendered":"<p>Vernetztes und interaktives KursmaterialLehren, Moderieren und Wissen weitergeben, auch aus der Ferne Das interaktive Display ist wie ein traditionelles Whiteboard ein Unterrichtsmedium mit gro\u00dfem Potenzial. Mit einer unbegrenzten Arbeitsfl\u00e4che, Zugang zum Internet, Apps und Software k\u00f6nnen Sie Ihren Unterricht mit diesem digitalen Medium kreativ und originell gestalten und so Ihre Sch\u00fcler noch mehr begeistern und [&hellip;]<\/p>\n","protected":false},"author":3,"featured_media":0,"parent":0,"menu_order":0,"comment_status":"closed","ping_status":"closed","template":"","meta":{"_acf_changed":false,"_seopress_robots_primary_cat":"","_seopress_titles_title":"Digitale Tafel Schule, Grundschule, im Unterricht Schulen","_seopress_titles_desc":"Entdecken Sie Das Potenzial von interaktiven Tafeln f\u00fcr den Unterricht und ihre vielf\u00e4ltigen Einsatzm\u00f6glichkeiten. Besuchen Sie den Speechi Online Store","_seopress_robots_index":"","_et_pb_use_builder":"on","_et_pb_old_content":"","_et_gb_content_width":"","footnotes":""},"difl_page_category":[],"class_list":["post-4397685","page","type-page","status-publish","hentry"],"acf":[],"_links":{"self":[{"href":"https:\/\/speechi.com\/de\/wp-json\/wp\/v2\/pages\/4397685","targetHints":{"allow":["GET"]}}],"collection":[{"href":"https:\/\/speechi.com\/de\/wp-json\/wp\/v2\/pages"}],"about":[{"href":"https:\/\/speechi.com\/de\/wp-json\/wp\/v2\/types\/page"}],"author":[{"embeddable":true,"href":"https:\/\/speechi.com\/de\/wp-json\/wp\/v2\/users\/3"}],"replies":[{"embeddable":true,"href":"https:\/\/speechi.com\/de\/wp-json\/wp\/v2\/comments?post=4397685"}],"version-history":[{"count":47,"href":"https:\/\/speechi.com\/de\/wp-json\/wp\/v2\/pages\/4397685\/revisions"}],"predecessor-version":[{"id":44168626,"href":"https:\/\/speechi.com\/de\/wp-json\/wp\/v2\/pages\/4397685\/revisions\/44168626"}],"wp:attachment":[{"href":"https:\/\/speechi.com\/de\/wp-json\/wp\/v2\/media?parent=4397685"}],"wp:term":[{"taxonomy":"difl_page_category","embeddable":true,"href":"https:\/\/speechi.com\/de\/wp-json\/wp\/v2\/difl_page_category?post=4397685"}],"curies":[{"name":"wp","href":"https:\/\/api.w.org\/{rel}","templated":true}]}}