{"id":4397694,"date":"2023-03-29T12:08:07","date_gmt":"2023-03-29T10:08:07","guid":{"rendered":"https:\/\/cdn.speechi.com\/?page_id=4397694"},"modified":"2026-04-15T10:05:18","modified_gmt":"2026-04-15T08:05:18","slug":"unternehmenslosungen","status":"publish","type":"page","link":"https:\/\/speechi.com\/de\/unternehmenslosungen\/","title":{"rendered":"Unternehmen"},"content":{"rendered":"<p>[et_pb_section fb_built=&#8220;1&#8243; admin_label=&#8220;Header&#8220; _builder_version=&#8220;4.20.2&#8243; _module_preset=&#8220;default&#8220; custom_margin=&#8220;||||false|false&#8220; custom_padding=&#8220;3vw||||false|false&#8220; box_shadow_style=&#8220;preset7&#8243; box_shadow_horizontal=&#8220;-20vw&#8220; box_shadow_vertical=&#8220;0px&#8220; box_shadow_color=&#8220;#eaeaea&#8220; box_shadow_horizontal_tablet=&#8220;-8vw&#8220; box_shadow_horizontal_phone=&#8220;&#8220; box_shadow_horizontal_last_edited=&#8220;on|tablet&#8220; locked=&#8220;off&#8220; global_colors_info=&#8220;{}&#8220;][et_pb_row column_structure=&#8220;3_5,2_5&#8243; make_equal=&#8220;on&#8220; _builder_version=&#8220;4.20.2&#8243; _module_preset=&#8220;default&#8220; global_colors_info=&#8220;{}&#8220;][et_pb_column type=&#8220;3_5&#8243; _builder_version=&#8220;4.20.2&#8243; _module_preset=&#8220;default&#8220; custom_padding=&#8220;|8%|230px||false|false&#8220; custom_padding_tablet=&#8220;|0%|0px||false|false&#8220; custom_padding_phone=&#8220;&#8220; custom_padding_last_edited=&#8220;on|tablet&#8220; global_colors_info=&#8220;{}&#8220;][et_pb_text _builder_version=&#8220;4.20.2&#8243; _module_preset=&#8220;88189985-383f-4a98-8bda-45b45a07d31e&#8220; header_font=&#8220;|600|||||||&#8220; header_text_color=&#8220;#000000&#8243; header_font_size=&#8220;50px&#8220; header_line_height=&#8220;1.2em&#8220; header_font_tablet=&#8220;&#8220; header_font_phone=&#8220;Roboto|500|||||||&#8220; header_font_last_edited=&#8220;on|phone&#8220; header_font_size_tablet=&#8220;48px&#8220; header_font_size_phone=&#8220;28px&#8220; header_font_size_last_edited=&#8220;on|tablet&#8220; locked=&#8220;off&#8220; global_colors_info=&#8220;{}&#8220;]<\/p>\n<h1>Ein riesiger Arbeitsbereich, um gemeinsam zu arbeiten<\/h1>\n<p>[\/et_pb_text][et_pb_text _builder_version=&#8220;4.20.2&#8243; _module_preset=&#8220;dae59d6c-8e6f-457d-9b53-6f843dc37ccb&#8220; text_font=&#8220;||||||||&#8220; text_text_color=&#8220;#a3a7ac&#8220; text_font_size=&#8220;20px&#8220; custom_margin=&#8220;||||false|false&#8220; text_font_size_tablet=&#8220;15px&#8220; text_font_size_phone=&#8220;14px&#8220; text_font_size_last_edited=&#8220;on|desktop&#8220; locked=&#8220;off&#8220; global_colors_info=&#8220;{}&#8220;]Gestalten, begeistern, zusammenarbeiten, egal wo Sie sind[\/et_pb_text][\/et_pb_column][et_pb_column type=&#8220;2_5&#8243; _builder_version=&#8220;4.20.2&#8243; _module_preset=&#8220;default&#8220; background_color=&#8220;#323a45&#8243; custom_padding=&#8220;||||false|false&#8220; box_shadow_style=&#8220;preset4&#8243; box_shadow_horizontal=&#8220;360px&#8220; box_shadow_vertical=&#8220;0px&#8220; box_shadow_color=&#8220;#323a45&#8243; box_shadow_horizontal_tablet=&#8220;&#8220; box_shadow_horizontal_phone=&#8220;200px&#8220; box_shadow_horizontal_last_edited=&#8220;on|phone&#8220; global_colors_info=&#8220;{%22gcid-4c754952-8207-4136-b7cc-f3d93882233e%22:%91%93}&#8220;][et_pb_image src=&#8220;https:\/\/speechi.com\/wp-content\/uploads\/2023\/04\/interactive-screen-business-3.png&#8220; alt=&#8220;Der interaktive Bildschirm kann mit mehreren Ger\u00e4ten verbunden werden, um den Vortrag von Pr\u00e4sentationen und die Zusammenarbeit der Teilnehmer zu erleichtern&#8220; title_text=&#8220;Der interaktive Bildschirm kann mit mehreren Ger\u00e4ten verbunden werden, um den Vortrag von Pr\u00e4sentationen und die Zusammenarbeit der Teilnehmer zu erleichtern&#8220; show_bottom_space=&#8220;off&#8220; _builder_version=&#8220;4.20.2&#8243; _module_preset=&#8220;default&#8220; custom_margin=&#8220;20%|-10vw|-44%|-32%|false|false&#8220; custom_margin_tablet=&#8220;|0%|-16%|0%|false|false&#8220; custom_margin_phone=&#8220;&#8220; custom_margin_last_edited=&#8220;on|tablet&#8220; locked=&#8220;off&#8220; global_colors_info=&#8220;{}&#8220;][\/et_pb_image][\/et_pb_column][\/et_pb_row][\/et_pb_section][et_pb_section fb_built=&#8220;1&#8243; admin_label=&#8220;section&#8220; _builder_version=&#8220;4.20.2&#8243; custom_padding=&#8220;0px|0px|0px|0px&#8220; transparent_background=&#8220;off&#8220; make_fullwidth=&#8220;off&#8220; use_custom_width=&#8220;off&#8220; width_unit=&#8220;off&#8220; custom_width_px=&#8220;1080px&#8220; custom_width_percent=&#8220;80%&#8220; global_colors_info=&#8220;{}&#8220;][et_pb_row column_structure=&#8220;1_2,1_2&#8243; use_custom_gutter=&#8220;on&#8220; gutter_width=&#8220;1&#8243; make_equal=&#8220;on&#8220; admin_label=&#8220;row&#8220; module_class=&#8220; et_pb_row_fullwidth&#8220; _builder_version=&#8220;4.20.2&#8243; background_size=&#8220;initial&#8220; background_position=&#8220;top_left&#8220; background_repeat=&#8220;repeat&#8220; width=&#8220;100%&#8220; width_tablet=&#8220;100%&#8220; width_phone=&#8220;100%&#8220; width_last_edited=&#8220;on|desktop&#8220; max_width=&#8220;100%&#8220; max_width_tablet=&#8220;100%&#8220; max_width_phone=&#8220;100%&#8220; max_width_last_edited=&#8220;on|desktop&#8220; custom_padding=&#8220;0px|0px|0px|0px|false|false&#8220; make_fullwidth=&#8220;on&#8220; use_custom_width=&#8220;off&#8220; width_unit=&#8220;off&#8220; custom_width_px=&#8220;1080px&#8220; custom_width_percent=&#8220;80%&#8220; global_colors_info=&#8220;{}&#8220;][et_pb_column type=&#8220;1_2&#8243; module_class=&#8220;centrer-verticalement&#8220; _builder_version=&#8220;4.20.2&#8243; custom_padding=&#8220;|||&#8220; global_colors_info=&#8220;{}&#8220; custom_padding__hover=&#8220;|||&#8220;][et_pb_image src=&#8220;https:\/\/speechi.com\/wp-content\/uploads\/2023\/04\/interactive-panel-workspace.jpg&#8220; alt=&#8220;Die Nutzung des interaktiven Bildschirms verbessert die Kommunikation zwischen den Teammitgliedern&#8220; title_text=&#8220;Die Nutzung des interaktiven Bildschirms verbessert die Kommunikation zwischen den Teammitgliedern&#8220; force_fullwidth=&#8220;on&#8220; align_tablet=&#8220;center&#8220; align_phone=&#8220;center&#8220; align_last_edited=&#8220;on|desktop&#8220; admin_label=&#8220;Image&#8220; _builder_version=&#8220;4.20.2&#8243; animation_style=&#8220;slide&#8220; animation_direction=&#8220;left&#8220; animation_duration=&#8220;500ms&#8220; animation_intensity_slide=&#8220;10%&#8220; use_border_color=&#8220;off&#8220; border_color=&#8220;#ffffff&#8220; border_width=&#8220;1px&#8220; border_style=&#8220;solid&#8220; sticky=&#8220;off&#8220; always_center_on_mobile=&#8220;on&#8220; global_colors_info=&#8220;{}&#8220;] [\/et_pb_image][\/et_pb_column][et_pb_column type=&#8220;1_2&#8243; module_class=&#8220;centrer-verticalement&#8220; _builder_version=&#8220;4.20.2&#8243; custom_padding=&#8220;|||&#8220; custom_css_main_element=&#8220;||&#8220; global_colors_info=&#8220;{}&#8220; custom_padding__hover=&#8220;|||&#8220;][et_pb_slider _builder_version=&#8220;4.20.2&#8243; _module_preset=&#8220;default&#8220; header_font=&#8220;Montserrat|600|||||||&#8220; background_color=&#8220;RGBA(255,255,255,0)&#8220; global_colors_info=&#8220;{}&#8220;][et_pb_slide heading=&#8220;Grenzenlos Ideen sammeln&#8220; _builder_version=&#8220;4.20.2&#8243; _module_preset=&#8220;default&#8220; text_orientation=&#8220;left&#8220; background_layout=&#8220;light&#8220; global_colors_info=&#8220;{}&#8220; sticky_transition=&#8220;on&#8220;]<\/p>\n<p>Das interaktive Display ist eine unendliche Fl\u00e4che, auf der Ihre Ideen und Projekte wachsen k\u00f6nnen. Machen Sie beim Meeting oder Brainstorming Notizen, erstellen Sie ein Diagramm und erarbeiten Sie Konzepte f\u00fcr Ihre Ideen. Sammeln und organisieren Sie Ihre Daten auf einem unbegrenzten Whiteboard an einem Ort, um sich einen klaren \u00dcberblick zu verschaffen und die Entscheidungsfindung zu erleichtern.<\/p>\n<p>[\/et_pb_slide][et_pb_slide heading=&#8220;Gemeinsam gestalten&#8220; _builder_version=&#8220;4.20.2&#8243; _module_preset=&#8220;default&#8220; text_orientation=&#8220;left&#8220; background_layout=&#8220;light&#8220; global_colors_info=&#8220;{}&#8220; sticky_transition=&#8220;on&#8220;]<\/p>\n<p>Lassen Sie Ihrer Fantasie freien Lauf und inspirieren Sie sich gegenseitig, indem Sie mit mehreren Personen auf dem Display interagieren. Steigern Sie Ihr kreatives Potenzial, indem Sie Ideen austauschen und einbringen, und gelangen Sie so zur besten L\u00f6sung.<\/p>\n<p>[\/et_pb_slide][et_pb_slide heading=&#8220;Teilen Sie Ihre Arbeit&#8220; _builder_version=&#8220;4.20.2&#8243; _module_preset=&#8220;default&#8220; text_orientation=&#8220;left&#8220; background_layout=&#8220;light&#8220; global_colors_info=&#8220;{}&#8220; sticky_transition=&#8220;on&#8220;]Am Ende des Brainstormings teilen Sie den Inhalt mit allen beteiligten Personen. Sie k\u00f6nnen jederzeit darauf zur\u00fcckkommen, um Ideen zu bearbeiten, zu pr\u00e4zisieren und zu hinterfragen, bis Sie sich einig sind und ein neues Projekt entsteht. [\/et_pb_slide][\/et_pb_slider][\/et_pb_column][\/et_pb_row][et_pb_row column_structure=&#8220;1_2,1_2&#8243; use_custom_gutter=&#8220;on&#8220; gutter_width=&#8220;1&#8243; make_equal=&#8220;on&#8220; admin_label=&#8220;row&#8220; module_class=&#8220; et_pb_row_fullwidth&#8220; _builder_version=&#8220;4.20.2&#8243; background_size=&#8220;initial&#8220; background_position=&#8220;top_left&#8220; background_repeat=&#8220;repeat&#8220; width=&#8220;100%&#8220; width_tablet=&#8220;100%&#8220; width_phone=&#8220;100%&#8220; width_last_edited=&#8220;on|desktop&#8220; max_width=&#8220;100%&#8220; max_width_tablet=&#8220;100%&#8220; max_width_phone=&#8220;100%&#8220; max_width_last_edited=&#8220;on|desktop&#8220; custom_padding=&#8220;0px|0px|0px|0px|false|false&#8220; make_fullwidth=&#8220;on&#8220; use_custom_width=&#8220;off&#8220; width_unit=&#8220;off&#8220; custom_width_px=&#8220;1080px&#8220; custom_width_percent=&#8220;80%&#8220; global_colors_info=&#8220;{}&#8220;][et_pb_column type=&#8220;1_2&#8243; module_class=&#8220;centrer-verticalement&#8220; _builder_version=&#8220;4.20.2&#8243; custom_padding=&#8220;|||&#8220; global_colors_info=&#8220;{}&#8220; custom_padding__hover=&#8220;|||&#8220;][et_pb_slider _builder_version=&#8220;4.20.2&#8243; _module_preset=&#8220;default&#8220; header_font=&#8220;Montserrat|600|||||||&#8220; header_text_align=&#8220;left&#8220; background_color=&#8220;RGBA(255,255,255,0)&#8220; global_colors_info=&#8220;{}&#8220;][et_pb_slide heading=&#8220;Animieren und begeistern Sie Ihr Publikum&#8220; _builder_version=&#8220;4.20.2&#8243; _module_preset=&#8220;default&#8220; background_enable_color=&#8220;off&#8220; text_orientation=&#8220;left&#8220; background_layout=&#8220;light&#8220; global_colors_info=&#8220;{}&#8220; sticky_transition=&#8220;on&#8220;]<\/p>\n<p>Kundentermin, Teambesprechung oder Kick-off-Meeting? Pr\u00e4sentieren Sie einfach, schnell und vor allem dynamisch auf einem interaktiven Gro\u00dfdisplay und gewinnen Sie so die Aufmerksamkeit der Teilnehmenden und \u00fcberzeugen Sie diese. Machen Sie Notizen auf Ihren Unterlagen, importieren Sie Dateien (Bilder, Videos, Dokumente \u2026) und erweitern Sie den Inhalt schrittweise, um die perfekte Pr\u00e4sentation zu gestalten.<\/p>\n<p>[\/et_pb_slide][et_pb_slide heading=&#8220;Vorbereitung von Meetings&#8220; _builder_version=&#8220;4.20.2&#8243; _module_preset=&#8220;default&#8220; background_enable_color=&#8220;off&#8220; text_orientation=&#8220;left&#8220; background_layout=&#8220;light&#8220; global_colors_info=&#8220;{}&#8220; sticky_transition=&#8220;on&#8220;]<\/p>\n<p>Erstellen Sie Ihre Pr\u00e4sentation auf einem PC oder direkt auf einem interaktiven Display, entweder \u00fcber Ihre normale Software oder \u00fcber spezielle Programme. F\u00fcgen Sie Dokumente, Bilder und Videos ein, um Ihren Vortrag interaktiv zu gestalten und einen bleibenden Eindruck zu hinterlassen. Speichern Sie Ihre Arbeit in der Cloud und rufen Sie sie auf dem interaktiven Display in Ihrem Konferenzraum ab.<\/p>\n<p>[\/et_pb_slide][et_pb_slide heading=&#8220;In Kontakt bleiben &#8220; _builder_version=&#8220;4.20.2&#8243; _module_preset=&#8220;default&#8220; background_enable_color=&#8220;off&#8220; text_orientation=&#8220;left&#8220; background_layout=&#8220;light&#8220; global_colors_info=&#8220;{}&#8220; sticky_transition=&#8220;on&#8220;]<\/p>\n<p>Stellen Sie am Ende des Meetings sicher, dass Ihr Publikum alle Schl\u00fcssel und Informationen hat, die es braucht, um mit Ihnen in Kontakt zu treten. Teilen Sie Ihre Pr\u00e4sentationsunterlagen, die Ihre Marke mit Ihren Produkten und Dienstleistungen verbinden, ganz einfach mit anderen, um Kontakte herzustellen und Kunden auf Ihre L\u00f6sungen aufmerksam zu machen.<\/p>\n<p>[\/et_pb_slide][\/et_pb_slider][\/et_pb_column][et_pb_column type=&#8220;1_2&#8243; _builder_version=&#8220;4.20.2&#8243; custom_padding=&#8220;|||&#8220; global_colors_info=&#8220;{}&#8220; custom_padding__hover=&#8220;|||&#8220;][et_pb_image src=&#8220;https:\/\/speechi.com\/wp-content\/uploads\/2023\/04\/interactive-panel-office.jpg&#8220; alt=&#8220;Die Teilnehmer k\u00f6nnen den auf dem interaktiven Bildschirm angezeigten Inhalt bequem mit Anmerkungen versehen und bearbeiten&#8220; title_text=&#8220;Die Teilnehmer k\u00f6nnen den auf dem interaktiven Bildschirm angezeigten Inhalt bequem mit Anmerkungen versehen und bearbeiten&#8220; align=&#8220;center&#8220; force_fullwidth=&#8220;on&#8220; align_tablet=&#8220;center&#8220; align_phone=&#8220;center&#8220; align_last_edited=&#8220;on|desktop&#8220; admin_label=&#8220;Image&#8220; _builder_version=&#8220;4.20.2&#8243; animation_style=&#8220;slide&#8220; animation_direction=&#8220;right&#8220; animation_duration=&#8220;500ms&#8220; animation_intensity_slide=&#8220;10%&#8220; use_border_color=&#8220;off&#8220; border_color=&#8220;#ffffff&#8220; border_width=&#8220;1px&#8220; border_style=&#8220;solid&#8220; animation=&#8220;right&#8220; sticky=&#8220;off&#8220; always_center_on_mobile=&#8220;on&#8220; global_colors_info=&#8220;{}&#8220;] [\/et_pb_image][\/et_pb_column][\/et_pb_row][et_pb_row column_structure=&#8220;1_2,1_2&#8243; use_custom_gutter=&#8220;on&#8220; gutter_width=&#8220;1&#8243; make_equal=&#8220;on&#8220; admin_label=&#8220;row&#8220; module_class=&#8220; et_pb_row_fullwidth&#8220; _builder_version=&#8220;4.20.2&#8243; background_size=&#8220;initial&#8220; background_position=&#8220;top_left&#8220; background_repeat=&#8220;repeat&#8220; width=&#8220;100%&#8220; width_tablet=&#8220;100%&#8220; width_phone=&#8220;100%&#8220; width_last_edited=&#8220;on|desktop&#8220; max_width=&#8220;100%&#8220; max_width_tablet=&#8220;100%&#8220; max_width_phone=&#8220;100%&#8220; max_width_last_edited=&#8220;on|desktop&#8220; custom_padding=&#8220;0px|0px|0px|0px|false|false&#8220; make_fullwidth=&#8220;on&#8220; use_custom_width=&#8220;off&#8220; width_unit=&#8220;off&#8220; custom_width_px=&#8220;1080px&#8220; custom_width_percent=&#8220;80%&#8220; global_colors_info=&#8220;{}&#8220;][et_pb_column type=&#8220;1_2&#8243; _builder_version=&#8220;4.20.2&#8243; custom_padding=&#8220;0px     |                  | 0px |&#8220; global_colors_info=&#8220;{}&#8220; custom_padding__hover=&#8220;|||&#8220;][et_pb_image src=&#8220;https:\/\/speechi.com\/wp-content\/uploads\/2023\/04\/interactive-panel-work.jpg&#8220; alt=&#8220;Interaktiver Bildschirm f\u00fcr einen interaktiveren virtuellen Austausch&#8220; title_text=&#8220;Interaktiver Bildschirm f\u00fcr einen interaktiveren virtuellen Austausch&#8220; force_fullwidth=&#8220;on&#8220; align_tablet=&#8220;center&#8220; align_phone=&#8220;center&#8220; align_last_edited=&#8220;on|desktop&#8220; admin_label=&#8220;Image&#8220; _builder_version=&#8220;4.20.2&#8243; animation_style=&#8220;slide&#8220; animation_direction=&#8220;left&#8220; animation_duration=&#8220;500ms&#8220; animation_intensity_slide=&#8220;10%&#8220; use_border_color=&#8220;off&#8220; border_color=&#8220;#ffffff&#8220; border_width=&#8220;1px&#8220; border_style=&#8220;solid&#8220; sticky=&#8220;off&#8220; always_center_on_mobile=&#8220;on&#8220; global_colors_info=&#8220;{}&#8220;] [\/et_pb_image][\/et_pb_column][et_pb_column type=&#8220;1_2&#8243; module_class=&#8220;centrer-verticalement&#8220; _builder_version=&#8220;4.20.2&#8243; custom_padding=&#8220;      |        |    |&#8220; custom_padding_tablet=&#8220;      |        |    |&#8220; custom_padding_phone=&#8220;      |        |    |&#8220; custom_padding_last_edited=&#8220;on|desktop&#8220; global_colors_info=&#8220;{}&#8220; padding_last_edited=&#8220;on|desktop&#8220; custom_padding__hover=&#8220;|||&#8220;][et_pb_slider _builder_version=&#8220;4.20.2&#8243; _module_preset=&#8220;default&#8220; header_font=&#8220;Montserrat|600|||||||&#8220; background_color=&#8220;RGBA(255,255,255,0)&#8220; global_colors_info=&#8220;{}&#8220;][et_pb_slide heading=&#8220;Effektive Zusammenarbeit aus der Ferne&#8220; _builder_version=&#8220;4.20.2&#8243; _module_preset=&#8220;default&#8220; header_font=&#8220;Montserrat||||||||&#8220; text_orientation=&#8220;left&#8220; background_layout=&#8220;light&#8220; global_colors_info=&#8220;{}&#8220; sticky_transition=&#8220;on&#8220;]Entfernung schr\u00e4nkt die M\u00f6glichkeiten der Zusammenarbeit nicht grunds\u00e4tzlich ein, ganz im Gegenteil. Mit den richtigen Videokonferenzl\u00f6sungen und Tools k\u00f6nnen Sie effektiv mit Ihren Kollegen oder Kunden auf der ganzen Welt kommunizieren und zusammenarbeiten. Teilen Sie Ihren Screen mit Ihren Gespr\u00e4chspartnern in der Ferne und interagieren Sie wie bei einem klassischen Meeting, bei dem die Teilnehmenden in Echtzeit aktiv werden k\u00f6nnen.  [\/et_pb_slide][et_pb_slide heading=&#8220;Speichern Sie Ihre Videokonferenzsitzung&#8220; _builder_version=&#8220;4.20.2&#8243; _module_preset=&#8220;default&#8220; header_font=&#8220;Montserrat||||||||&#8220; text_orientation=&#8220;left&#8220; background_layout=&#8220;light&#8220; global_colors_info=&#8220;{}&#8220; sticky_transition=&#8220;on&#8220;]Zeichnen Sie Ihr Meeting als Videokonferenz auf, um den Inhalt zeitversetzt an Personen weiterzugeben, die nicht teilnehmen konnten. Dient der Inhalt Ihrer Veranstaltung zu Schulungszwecken oder zur Vorstellung Ihrer Produkte und Dienstleistungen? Ein Grund mehr, Ihre Sitzung aufzuzeichnen, damit Sie diese sp\u00e4ter noch einmal ansehen und nutzen k\u00f6nnen. [\/et_pb_slide][et_pb_slide heading=&#8220;Die Zusammenarbeit weiterf\u00fchren&#8220; _builder_version=&#8220;4.20.2&#8243; _module_preset=&#8220;default&#8220; header_font=&#8220;Montserrat||||||||&#8220; text_orientation=&#8220;left&#8220; background_layout=&#8220;light&#8220; global_colors_info=&#8220;{}&#8220; sticky_transition=&#8220;on&#8220;]Stellen Sie am Ende Ihrer Sitzung sicher, dass Sie \u00c4nderungen speichern und den pr\u00e4sentierten Inhalt freigeben, damit alle Teilnehmenden auf die Informationen zugreifen und erneut ansehen k\u00f6nnen. Wenn es sich um ein Gemeinschaftsprojekt handelt, kann daran weitergearbeitet werden, wobei alle Informationen zur Verf\u00fcgung stehen und so die Effizienz gesteigert wird. [\/et_pb_slide][\/et_pb_slider][\/et_pb_column][\/et_pb_row][\/et_pb_section][et_pb_section fb_built=&#8220;1&#8243; fullwidth=&#8220;on&#8220; _builder_version=&#8220;4.20.2&#8243; _module_preset=&#8220;default&#8220; collapsed=&#8220;on&#8220; global_colors_info=&#8220;{}&#8220;][et_pb_fullwidth_header title=&#8220;Speechi-Partner werden&#8220; text_orientation=&#8220;center&#8220; button_one_text=&#8220;Klicken Sie hier&#8220; button_one_url=&#8220;@ET-DC@eyJkeW5hbWljIjp0cnVlLCJjb250ZW50IjoicG9zdF9saW5rX3VybF9wYWdlIiwic2V0dGluZ3MiOnsicG9zdF9pZCI6IjQzOTUzOTMifX0=@&#8220; _builder_version=&#8220;4.27.4&#8243; _dynamic_attributes=&#8220;button_one_url&#8220; _module_preset=&#8220;default&#8220; title_text_align=&#8220;center&#8220; content_text_align=&#8220;center&#8220; subhead_text_align=&#8220;center&#8220; custom_button_one=&#8220;on&#8220; button_one_border_radius=&#8220;49px&#8220; button_one_custom_margin=&#8220;|auto|||false|false&#8220; button_one_custom_padding=&#8220;||||false|false&#8220; hover_enabled=&#8220;0&#8243; global_colors_info=&#8220;{}&#8220; title_level=&#8220;h3&#8243; title_font_size=&#8220;38px&#8220; sticky_enabled=&#8220;0&#8243;][\/et_pb_fullwidth_header][\/et_pb_section]<\/p>\n","protected":false},"excerpt":{"rendered":"<p>Ein riesiger Arbeitsbereich, um gemeinsam zu arbeitenGestalten, begeistern, zusammenarbeiten, egal wo Sie sind Das interaktive Display ist eine unendliche Fl\u00e4che, auf der Ihre Ideen und Projekte wachsen k\u00f6nnen. Machen Sie beim Meeting oder Brainstorming Notizen, erstellen Sie ein Diagramm und erarbeiten Sie Konzepte f\u00fcr Ihre Ideen. Sammeln und organisieren Sie Ihre Daten auf einem unbegrenzten [&hellip;]<\/p>\n","protected":false},"author":3,"featured_media":0,"parent":0,"menu_order":0,"comment_status":"closed","ping_status":"closed","template":"","meta":{"_acf_changed":false,"_seopress_robots_primary_cat":"","_seopress_titles_title":"Smartboard \/ Whiteboard digital f\u00fbr Unternehmen - Speechi","_seopress_titles_desc":"Entdecken Sie das Potenzial interaktiver Tafeln und ihre vielf\u00e4ltigen Einsatzm\u00f6glichkeiten in Ihrem Unternehmen. Besuchen Sie den Speechi Online Store","_seopress_robots_index":"","_et_pb_use_builder":"on","_et_pb_old_content":"","_et_gb_content_width":"","footnotes":""},"difl_page_category":[],"class_list":["post-4397694","page","type-page","status-publish","hentry"],"acf":[],"_links":{"self":[{"href":"https:\/\/speechi.com\/de\/wp-json\/wp\/v2\/pages\/4397694","targetHints":{"allow":["GET"]}}],"collection":[{"href":"https:\/\/speechi.com\/de\/wp-json\/wp\/v2\/pages"}],"about":[{"href":"https:\/\/speechi.com\/de\/wp-json\/wp\/v2\/types\/page"}],"author":[{"embeddable":true,"href":"https:\/\/speechi.com\/de\/wp-json\/wp\/v2\/users\/3"}],"replies":[{"embeddable":true,"href":"https:\/\/speechi.com\/de\/wp-json\/wp\/v2\/comments?post=4397694"}],"version-history":[{"count":32,"href":"https:\/\/speechi.com\/de\/wp-json\/wp\/v2\/pages\/4397694\/revisions"}],"predecessor-version":[{"id":44219395,"href":"https:\/\/speechi.com\/de\/wp-json\/wp\/v2\/pages\/4397694\/revisions\/44219395"}],"wp:attachment":[{"href":"https:\/\/speechi.com\/de\/wp-json\/wp\/v2\/media?parent=4397694"}],"wp:term":[{"taxonomy":"difl_page_category","embeddable":true,"href":"https:\/\/speechi.com\/de\/wp-json\/wp\/v2\/difl_page_category?post=4397694"}],"curies":[{"name":"wp","href":"https:\/\/api.w.org\/{rel}","templated":true}]}}