{"id":4398100,"date":"2023-03-20T12:04:50","date_gmt":"2023-03-20T11:04:50","guid":{"rendered":"https:\/\/cdn.speechi.com\/partner-program\/"},"modified":"2024-07-19T14:14:46","modified_gmt":"2024-07-19T12:14:46","slug":"partner-programm","status":"publish","type":"page","link":"https:\/\/speechi.com\/de\/partner-programm\/","title":{"rendered":"Speechi-Partner werden"},"content":{"rendered":"<p>[et_pb_section fb_built=&#8220;1&#8243; _builder_version=&#8220;4.20.2&#8243; _module_preset=&#8220;default&#8220; background_image=&#8220;https:\/\/cdn.speechi.com\/wp-content\/uploads\/2023\/03\/speechi-partner-program.jpg&#8220; background_color_tablet=&#8220;#323a45&#8243; background_last_edited=&#8220;on|phone&#8220; background_enable_color_tablet=&#8220;on&#8220; background_enable_image_tablet=&#8220;off&#8220; global_colors_info=&#8220;{}&#8220;][et_pb_row column_structure=&#8220;1_3,2_3&#8243; _builder_version=&#8220;4.20.2&#8243; _module_preset=&#8220;default&#8220; global_colors_info=&#8220;{}&#8220;][et_pb_column type=&#8220;1_3&#8243; _builder_version=&#8220;4.20.2&#8243; _module_preset=&#8220;default&#8220; global_colors_info=&#8220;{}&#8220;][\/et_pb_column][et_pb_column type=&#8220;2_3&#8243; _builder_version=&#8220;4.20.2&#8243; _module_preset=&#8220;default&#8220; global_colors_info=&#8220;{}&#8220;][et_pb_text _builder_version=&#8220;4.20.2&#8243; _module_preset=&#8220;default&#8220; header_text_color=&#8220;#ffffff&#8220; global_colors_info=&#8220;{}&#8220;]<\/p>\n<h1>Speechi-Partner werden<\/h1>\n<p>[\/et_pb_text][et_pb_text _builder_version=&#8220;4.20.2&#8243; _module_preset=&#8220;default&#8220; text_text_color=&#8220;#ffffff&#8220; header_4_text_color=&#8220;#ffffff&#8220; global_colors_info=&#8220;{}&#8220;]<\/p>\n<h4><strong>Sich breiter aufstellen und mit einer dauerhaften Partnerschaft abheben<\/strong><\/h4>\n<p>Speechi ist seit 20 Jahren ein f\u00fchrender Anbieter von interaktiven Medien in Frankreich. Diese F\u00fchrungsposition wurde durch Fachwissen und st\u00e4ndige Innovationen bei Touchscreen-Ger\u00e4ten und leistungsstarker Software erreicht.<\/p>\n<p>Treten Sie unserem europ\u00e4ischen Partnernetzwerk bei, und seien Sie damit Ihren Konkurrenten einen Schritt voraus.<\/p>\n<p><strong><\/strong><\/p>\n<p>[\/et_pb_text][et_pb_button button_url=&#8220;#contactpartenaires&#8220; button_text=&#8220;Zu uns kommen&#8220; _builder_version=&#8220;4.20.2&#8243; _module_preset=&#8220;default&#8220; custom_button=&#8220;on&#8220; button_text_color=&#8220;#ffffff&#8220; button_border_radius=&#8220;45px&#8220; global_colors_info=&#8220;{}&#8220;][\/et_pb_button][\/et_pb_column][\/et_pb_row][\/et_pb_section][et_pb_section fb_built=&#8220;1&#8243; _builder_version=&#8220;4.20.2&#8243; _module_preset=&#8220;default&#8220; custom_margin=&#8220;||-65px|||&#8220; global_colors_info=&#8220;{}&#8220;][et_pb_row _builder_version=&#8220;4.20.2&#8243; _module_preset=&#8220;default&#8220; global_colors_info=&#8220;{}&#8220;][et_pb_column type=&#8220;4_4&#8243; _builder_version=&#8220;4.20.2&#8243; _module_preset=&#8220;default&#8220; global_colors_info=&#8220;{}&#8220;][et_pb_text _builder_version=&#8220;4.20.2&#8243; _module_preset=&#8220;default&#8220; global_colors_info=&#8220;{}&#8220;]<\/p>\n<h2 style=\"text-align: center;\">An wen richtet sich unser Partnerprogramm?<\/h2>\n<p>[\/et_pb_text][\/et_pb_column][\/et_pb_row][\/et_pb_section][et_pb_section fb_built=&#8220;1&#8243; _builder_version=&#8220;4.20.2&#8243; _module_preset=&#8220;default&#8220; custom_padding=&#8220;0px|||||&#8220; global_colors_info=&#8220;{}&#8220;][et_pb_row column_structure=&#8220;1_3,1_3,1_3&#8243; _builder_version=&#8220;4.20.2&#8243; _module_preset=&#8220;default&#8220; global_colors_info=&#8220;{}&#8220;][et_pb_column type=&#8220;1_3&#8243; _builder_version=&#8220;4.20.2&#8243; _module_preset=&#8220;default&#8220; global_colors_info=&#8220;{}&#8220;][et_pb_image src=&#8220;https:\/\/cdn.speechi.com\/wp-content\/uploads\/2023\/03\/interactive-screen-classroom-2.jpg&#8220; alt=&#8220;Die Sch\u00fcler k\u00f6nnen in Gruppen arbeiten, um Probleme mithilfe der interaktiven Tafel zu l\u00f6sen.&#8220; title_text=&#8220;Die Sch\u00fcler k\u00f6nnen in Gruppen arbeiten, um Probleme mithilfe der interaktiven Tafel zu l\u00f6sen.&#8220; _builder_version=&#8220;4.20.2&#8243; _module_preset=&#8220;default&#8220; global_colors_info=&#8220;{}&#8220;][\/et_pb_image][et_pb_text _builder_version=&#8220;4.20.2&#8243; _module_preset=&#8220;default&#8220; header_3_text_align=&#8220;center&#8220; header_3_line_height=&#8220;1.3em&#8220; global_colors_info=&#8220;{}&#8220;]<\/p>\n<h3>Sie statten digitale Klassenzimmer aus<\/h3>\n<p>[\/et_pb_text][et_pb_text _builder_version=&#8220;4.20.2&#8243; _module_preset=&#8220;default&#8220; custom_padding=&#8220;||0px|||&#8220; global_colors_info=&#8220;{}&#8220;]<\/p>\n<p>Sie m\u00f6chten Ihre Bildungskunden mit interaktiven Tafeln und Zubeh\u00f6r zur Verbesserung der Wissensvermittlung unterst\u00fctzen.<\/p>\n<p>[\/et_pb_text][\/et_pb_column][et_pb_column type=&#8220;1_3&#8243; _builder_version=&#8220;4.20.2&#8243; _module_preset=&#8220;default&#8220; global_colors_info=&#8220;{}&#8220;][et_pb_image src=&#8220;https:\/\/cdn.speechi.com\/wp-content\/uploads\/2023\/03\/interactive-screen-office.jpg&#8220; alt=&#8220;Sie m\u00f6chten Ihre Bildungskunden mit interaktiven Tafeln und Zubeh\u00f6r zur Verbesserung der Wissensvermittlung unterst\u00fctzen.&#8220; title_text=&#8220;Sie m\u00f6chten Ihre Bildungskunden mit interaktiven Tafeln und Zubeh\u00f6r zur Verbesserung der Wissensvermittlung unterst\u00fctzen.&#8220; _builder_version=&#8220;4.20.2&#8243; _module_preset=&#8220;default&#8220; global_colors_info=&#8220;{}&#8220;][\/et_pb_image][et_pb_text _builder_version=&#8220;4.20.2&#8243; _module_preset=&#8220;default&#8220; header_3_text_align=&#8220;center&#8220; header_3_line_height=&#8220;1.3em&#8220; global_colors_info=&#8220;{}&#8220;]<\/p>\n<h3>Sie statten vernetzte Besprechungsr\u00e4ume aus<\/h3>\n<p>[\/et_pb_text][et_pb_text _builder_version=&#8220;4.20.2&#8243; _module_preset=&#8220;default&#8220; global_colors_info=&#8220;{}&#8220;]<\/p>\n<p>Ihre Gesch\u00e4ftskunden aus allen Branchen sind auf der Suche nach innovativen digitalen Tools, um die Produktivit\u00e4t bei Pr\u00e4senzveranstaltungen und Videokonferenzen zu steigern.<\/p>\n<p>[\/et_pb_text][\/et_pb_column][et_pb_column type=&#8220;1_3&#8243; _builder_version=&#8220;4.20.2&#8243; _module_preset=&#8220;default&#8220; global_colors_info=&#8220;{}&#8220;][et_pb_image src=&#8220;https:\/\/cdn.speechi.com\/wp-content\/uploads\/2023\/03\/interactive-screen-museum-2.jpg&#8220; alt=&#8220;Kommunikationsl\u00f6sung mit einem Videokonferenz-Bildschirm&#8220; title_text=&#8220;Kommunikationsl\u00f6sung mit einem Videokonferenz-Bildschirm&#8220; _builder_version=&#8220;4.20.2&#8243; _module_preset=&#8220;default&#8220; global_colors_info=&#8220;{}&#8220;][\/et_pb_image][et_pb_text _builder_version=&#8220;4.20.2&#8243; _module_preset=&#8220;default&#8220; header_3_text_align=&#8220;center&#8220; header_3_line_height=&#8220;1.3em&#8220; global_colors_info=&#8220;{}&#8220;]<\/p>\n<h3>Sie digitalisieren \u00f6ffentliche oder private R\u00e4ume<\/h3>\n<p>[\/et_pb_text][et_pb_text _builder_version=&#8220;4.20.2&#8243; _module_preset=&#8220;default&#8220; global_colors_info=&#8220;{}&#8220;]<\/p>\n<p>Sie bieten Ihren Kunden interaktive Materialien und Software zur dynamischeren Gestaltung von Gemeinschaft-, Dialog- und Betreuungsbereichen an.<\/p>\n<p>[\/et_pb_text][\/et_pb_column][\/et_pb_row][\/et_pb_section][et_pb_section fb_built=&#8220;1&#8243; specialty=&#8220;on&#8220; admin_label=&#8220;All Courses&#8220; _builder_version=&#8220;4.20.2&#8243; background_color=&#8220;#f5f5f5&#8243; custom_padding=&#8220;80px|0px|100px|0px||&#8220; global_colors_info=&#8220;{}&#8220;][et_pb_column type=&#8220;1_3&#8243; _builder_version=&#8220;4.16&#8243; custom_padding=&#8220;|||&#8220; global_colors_info=&#8220;{}&#8220; parallax__hover=&#8220;off&#8220; parallax_method__hover=&#8220;on&#8220; custom_padding__hover=&#8220;|||&#8220;][et_pb_text _builder_version=&#8220;4.20.2&#8243; header_font=&#8220;||||||||&#8220; header_2_font=&#8220;|700|||||||&#8220; header_2_font_size=&#8220;36px&#8220; header_2_line_height=&#8220;1.3em&#8220; custom_margin=&#8220;||20px|&#8220; animation_style=&#8220;slide&#8220; animation_direction=&#8220;bottom&#8220; animation_intensity_slide=&#8220;10%&#8220; locked=&#8220;off&#8220; global_colors_info=&#8220;{}&#8220; header_font_size__hover=&#8220;30px&#8220; header_font_size__hover_enabled=&#8220;30px&#8220; header_letter_spacing__hover=&#8220;0px&#8220; header_letter_spacing__hover_enabled=&#8220;0px&#8220; header_text_shadow_style__hover=&#8220;none&#8220; header_text_shadow_style__hover_enabled=&#8220;none&#8220; header_text_shadow_color__hover=&#8220;rgba(0,0,0,0.4)&#8220; header_text_shadow_color__hover_enabled=&#8220;rgba(0,0,0,0.4)&#8220;]<\/p>\n<h2>Mit Speechi gewinnen<\/h2>\n<p>[\/et_pb_text][et_pb_text _builder_version=&#8220;4.20.2&#8243; text_font=&#8220;||||||||&#8220; text_line_height=&#8220;1.9em&#8220; header_font=&#8220;||||||||&#8220; header_4_font=&#8220;|700|||||||&#8220; header_4_font_size=&#8220;16px&#8220; header_4_line_height=&#8220;1.9em&#8220; animation_style=&#8220;zoom&#8220; animation_intensity_zoom=&#8220;6%&#8220; locked=&#8220;off&#8220; global_colors_info=&#8220;{}&#8220;]<\/p>\n<h4>M\u00f6chten Sie Ihren Umsatz mit einem breit gef\u00e4cherten Katalog an kollaborativen Tools steigern?<\/h4>\n<p>Wir haben Ihnen viel mehr zu bieten als nur vernetzte Touchscreens. Wenn Sie dem Speechi-Netzwerk beitreten, k\u00f6nnen Sie Dienstleistungen nutzen, die genauso innovativ sind wie unsere Produkte.<\/p>\n<p>[\/et_pb_text][\/et_pb_column][et_pb_column type=&#8220;2_3&#8243; specialty_columns=&#8220;2&#8243; _builder_version=&#8220;4.16&#8243; custom_padding=&#8220;|||&#8220; global_colors_info=&#8220;{}&#8220; parallax__hover=&#8220;off&#8220; parallax_method__hover=&#8220;on&#8220; custom_padding__hover=&#8220;|||&#8220;][et_pb_row_inner column_structure=&#8220;1_2,1_2&#8243; use_custom_gutter=&#8220;on&#8220; gutter_width=&#8220;1&#8243; _builder_version=&#8220;4.20.2&#8243; custom_padding=&#8220;0px|0px|0px|0px&#8220; animation_style=&#8220;zoom&#8220; animation_intensity_zoom=&#8220;6%&#8220; global_colors_info=&#8220;{}&#8220;][et_pb_column_inner type=&#8220;1_2&#8243; saved_specialty_column_type=&#8220;2_3&#8243; module_class=&#8220;et_pb_column_1_2&#8243; _builder_version=&#8220;4.16&#8243; custom_padding=&#8220;|||&#8220; global_colors_info=&#8220;{}&#8220; parallax__hover=&#8220;off&#8220; parallax_method__hover=&#8220;on&#8220; module_class__hover=&#8220;et_pb_column_1_2&#8243; custom_padding__hover=&#8220;|||&#8220;][et_pb_blurb title=&#8220;St\u00e4ndige Innovation&#8220; image=&#8220;https:\/\/cdn.speechi.com\/wp-content\/uploads\/2023\/03\/innovation-interactive-screen-1.svg&#8220; alt=&#8220;St\u00e4ndige Innovation speechi&#8220; icon_placement=&#8220;left&#8220; image_icon_width=&#8220;64px&#8220; content_max_width=&#8220;1100px&#8220; _builder_version=&#8220;4.20.2&#8243; header_font=&#8220;|on|||&#8220; header_line_height=&#8220;1.5em&#8220; background_color=&#8220;RGBA(255,255,255,0)&#8220; custom_margin=&#8220;|||&#8220; custom_padding=&#8220;30px|30px|30px|0px|false|false&#8220; animation_style=&#8220;zoom&#8220; animation_direction=&#8220;bottom&#8220; animation_intensity_zoom=&#8220;20%&#8220; animation_starting_opacity=&#8220;100%&#8220; image_max_width=&#8220;64px&#8220; locked=&#8220;off&#8220; global_colors_info=&#8220;{}&#8220;]<\/p>\n<p>Mit Speechi k\u00f6nnen Sie Marktf\u00fchrer bleiben oder werden, indem Sie fortschrittliche Produkte anbieten.<\/p>\n<p>[\/et_pb_blurb][et_pb_blurb title=&#8220;Wettbewerbsf\u00e4hige Preise&#8220; image=&#8220;https:\/\/cdn.speechi.com\/wp-content\/uploads\/2023\/03\/money-interactive-screen.svg&#8220; alt=&#8220;Wettbewerbsf\u00e4hige Preise speechi&#8220; icon_placement=&#8220;left&#8220; image_icon_width=&#8220;64px&#8220; content_max_width=&#8220;1100px&#8220; _builder_version=&#8220;4.20.2&#8243; header_font=&#8220;|on|||&#8220; header_line_height=&#8220;1.5em&#8220; background_enable_color=&#8220;off&#8220; custom_margin=&#8220;|||&#8220; custom_padding=&#8220;30px|30px|30px|0px|false|false&#8220; animation_style=&#8220;zoom&#8220; animation_direction=&#8220;bottom&#8220; animation_intensity_zoom=&#8220;20%&#8220; animation_starting_opacity=&#8220;100%&#8220; image_max_width=&#8220;64px&#8220; locked=&#8220;off&#8220; global_colors_info=&#8220;{}&#8220;]<\/p>\n<p>Wir garantieren Ihnen eine vorteilhafte <br \/>Marktpositionierung mit attraktiven Preisen.<\/p>\n<p>[\/et_pb_blurb][et_pb_blurb title=&#8220;Marketing-Kit&#8220; image=&#8220;https:\/\/cdn.speechi.com\/wp-content\/uploads\/2023\/03\/marketing-interactive-screen.svg&#8220; alt=&#8220;Marketing-Kit speechi&#8220; icon_placement=&#8220;left&#8220; image_icon_width=&#8220;64px&#8220; content_max_width=&#8220;1100px&#8220; _builder_version=&#8220;4.20.2&#8243; header_font=&#8220;|on|||&#8220; header_line_height=&#8220;1.5em&#8220; background_enable_color=&#8220;off&#8220; custom_margin=&#8220;|||&#8220; custom_padding=&#8220;30px|30px|30px|0px|false|false&#8220; animation_style=&#8220;zoom&#8220; animation_direction=&#8220;bottom&#8220; animation_intensity_zoom=&#8220;20%&#8220; animation_starting_opacity=&#8220;100%&#8220; image_max_width=&#8220;64px&#8220; locked=&#8220;off&#8220; global_colors_info=&#8220;{}&#8220;]<\/p>\n<p>Sie haben Zugang zu all unseren Marketingressourcen, von Medien bis hin zu Demo-Tools.<\/p>\n<p>[\/et_pb_blurb][et_pb_blurb title=&#8220;Personalisierung&#8220; image=&#8220;https:\/\/cdn.speechi.com\/wp-content\/uploads\/2023\/03\/custom-interactive-screen.svg&#8220; alt=&#8220;Differenzierung interaktive display speechi&#8220; icon_placement=&#8220;left&#8220; image_icon_width=&#8220;64px&#8220; content_max_width=&#8220;1100px&#8220; _builder_version=&#8220;4.20.2&#8243; header_font=&#8220;|on|||&#8220; header_line_height=&#8220;1.5em&#8220; background_enable_color=&#8220;off&#8220; custom_margin=&#8220;|||&#8220; custom_padding=&#8220;30px|30px|30px|0px|false|false&#8220; animation_style=&#8220;zoom&#8220; animation_direction=&#8220;bottom&#8220; animation_intensity_zoom=&#8220;20%&#8220; animation_starting_opacity=&#8220;100%&#8220; image_max_width=&#8220;64px&#8220; locked=&#8220;off&#8220; global_colors_info=&#8220;{}&#8220;]<\/p>\n<p>Verschiedene Arten der Personalisierung unserer interaktiven vernetzten Bildschirme sind denkbar.<\/p>\n<p>[\/et_pb_blurb][\/et_pb_column_inner][et_pb_column_inner type=&#8220;1_2&#8243; saved_specialty_column_type=&#8220;2_3&#8243; module_class=&#8220;et_pb_column_1_2&#8243; _builder_version=&#8220;4.16&#8243; custom_padding=&#8220;|||&#8220; global_colors_info=&#8220;{}&#8220; parallax__hover=&#8220;off&#8220; parallax_method__hover=&#8220;on&#8220; module_class__hover=&#8220;et_pb_column_1_2&#8243; custom_padding__hover=&#8220;|||&#8220;][et_pb_blurb title=&#8220;Qualifizierte Leads&#8220; image=&#8220;https:\/\/cdn.speechi.com\/wp-content\/uploads\/2023\/03\/partners-interactive-screen-1.svg&#8220; alt=&#8220;Qualifizierte Leads speechi&#8220; icon_placement=&#8220;left&#8220; image_icon_width=&#8220;64px&#8220; content_max_width=&#8220;1100px&#8220; _builder_version=&#8220;4.20.2&#8243; header_font=&#8220;|on|||&#8220; header_line_height=&#8220;1.5em&#8220; background_enable_color=&#8220;off&#8220; custom_margin=&#8220;|||&#8220; custom_padding=&#8220;30px|30px|30px|0px|false|false&#8220; animation_style=&#8220;zoom&#8220; animation_direction=&#8220;bottom&#8220; animation_intensity_zoom=&#8220;20%&#8220; animation_starting_opacity=&#8220;100%&#8220; image_max_width=&#8220;64px&#8220; locked=&#8220;off&#8220; global_colors_info=&#8220;{}&#8220;]<\/p>\n<p>Keine Konkurrenz zwischen uns! Wir vermitteln Ihnen alle Kontakte in Ihrer N\u00e4he.<\/p>\n<p>[\/et_pb_blurb][et_pb_blurb title=&#8220;Privilegierter Support&#8220; image=&#8220;https:\/\/cdn.speechi.com\/wp-content\/uploads\/2023\/03\/support-interactive-screen.svg&#8220; alt=&#8220;Privilegierter Support speechi&#8220; icon_placement=&#8220;left&#8220; image_icon_width=&#8220;64px&#8220; content_max_width=&#8220;1100px&#8220; _builder_version=&#8220;4.20.2&#8243; header_font=&#8220;|on|||&#8220; header_line_height=&#8220;1.5em&#8220; background_enable_color=&#8220;off&#8220; custom_margin=&#8220;|||&#8220; custom_padding=&#8220;30px|30px|30px|0px|false|false&#8220; animation_style=&#8220;zoom&#8220; animation_direction=&#8220;bottom&#8220; animation_intensity_zoom=&#8220;20%&#8220; animation_starting_opacity=&#8220;100%&#8220; image_max_width=&#8220;64px&#8220; locked=&#8220;off&#8220; global_colors_info=&#8220;{}&#8220;]<\/p>\n<p>Unser technisches Team behandelt Ihre Anfragen mit absoluter Priorit\u00e4t und begleitet Sie bei jedem Projekt.<\/p>\n<p>[\/et_pb_blurb][et_pb_blurb title=&#8220;Schulung&#8220; image=&#8220;https:\/\/cdn.speechi.com\/wp-content\/uploads\/2023\/03\/formation-interactive-screen.svg&#8220; alt=&#8220;Schulung speechi&#8220; icon_placement=&#8220;left&#8220; image_icon_width=&#8220;64px&#8220; content_max_width=&#8220;1100px&#8220; _builder_version=&#8220;4.20.2&#8243; header_font=&#8220;|on|||&#8220; header_line_height=&#8220;1.5em&#8220; background_enable_color=&#8220;off&#8220; custom_margin=&#8220;|||&#8220; custom_padding=&#8220;30px|30px|30px|0px|false|false&#8220; animation_style=&#8220;zoom&#8220; animation_direction=&#8220;bottom&#8220; animation_intensity_zoom=&#8220;20%&#8220; animation_starting_opacity=&#8220;100%&#8220; image_max_width=&#8220;64px&#8220; locked=&#8220;off&#8220; global_colors_info=&#8220;{}&#8220;]<\/p>\n<p>Unsere Ausbilder unterst\u00fctzen Ihre Teams bei der Einf\u00fchrung der Speechi-Tools.<\/p>\n<p>[\/et_pb_blurb][et_pb_blurb title=&#8220;Ausschreibungen&#8220; image=&#8220;https:\/\/cdn.speechi.com\/wp-content\/uploads\/2023\/03\/accompaniment-interactive-screen.svg&#8220; alt=&#8220;Ausschreibungen speechi&#8220; icon_placement=&#8220;left&#8220; image_icon_width=&#8220;64px&#8220; content_max_width=&#8220;1100px&#8220; _builder_version=&#8220;4.20.2&#8243; header_font=&#8220;|on|||&#8220; header_line_height=&#8220;1.5em&#8220; background_enable_color=&#8220;off&#8220; custom_margin=&#8220;|||&#8220; custom_padding=&#8220;30px|30px|30px|0px|false|false&#8220; animation_style=&#8220;zoom&#8220; animation_direction=&#8220;bottom&#8220; animation_intensity_zoom=&#8220;20%&#8220; animation_starting_opacity=&#8220;100%&#8220; image_max_width=&#8220;64px&#8220; locked=&#8220;off&#8220; global_colors_info=&#8220;{}&#8220;]<\/p>\n<p>Ein auf Interaktivit\u00e4t spezialisierter Vertriebsingenieur unterst\u00fctzt Sie bei der Beantwortung von Ausschreibungen.<\/p>\n<p>[\/et_pb_blurb][\/et_pb_column_inner][\/et_pb_row_inner][\/et_pb_column][\/et_pb_section][et_pb_section fb_built=&#8220;1&#8243; module_id=&#8220;contactpartenaires&#8220; _builder_version=&#8220;4.20.2&#8243; _module_preset=&#8220;default&#8220; use_background_color_gradient=&#8220;on&#8220; background_color_gradient_direction=&#8220;0deg&#8220; background_color_gradient_stops=&#8220;#18b6c3 34%|#ffffff 34%&#8220; custom_padding=&#8220;50px||||false|false&#8220; global_colors_info=&#8220;{}&#8220;][et_pb_row column_structure=&#8220;2_5,3_5&#8243; make_equal=&#8220;on&#8220; _builder_version=&#8220;4.20.2&#8243; _module_preset=&#8220;default&#8220; global_colors_info=&#8220;{}&#8220;][et_pb_column type=&#8220;2_5&#8243; _builder_version=&#8220;4.20.2&#8243; _module_preset=&#8220;default&#8220; custom_padding=&#8220;||||false|false&#8220; global_colors_info=&#8220;{}&#8220;][et_pb_code _builder_version=&#8220;4.21.0&#8243; _module_preset=&#8220;default&#8220; background_color=&#8220;#ffffff&#8220; custom_margin=&#8220;||||false|false&#8220; custom_padding=&#8220;||||false|false&#8220; hover_enabled=&#8220;0&#8243; border_radii=&#8220;on|30px|30px|30px|30px&#8220; box_shadow_style=&#8220;preset1&#8243; box_shadow_blur=&#8220;9px&#8220; box_shadow_color=&#8220;rgba(175,175,175,0.3)&#8220; global_colors_info=&#8220;{}&#8220; sticky_enabled=&#8220;0&#8243;]<iframe frameborder=\"0\" style=\"height:1150px;width:100%;border:none;\" src=\"https:\/\/forms.zohopublic.com\/thierryklein\/form\/FORMLP\/formperma\/16Ws647vFCQnG1iB6wMZQnASnaMxkY7qpCFWW-ACsZY\"><\/iframe>[\/et_pb_code][\/et_pb_column][et_pb_column type=&#8220;3_5&#8243; _builder_version=&#8220;4.20.2&#8243; _module_preset=&#8220;default&#8220; global_colors_info=&#8220;{}&#8220;][et_pb_text _builder_version=&#8220;4.20.2&#8243; _module_preset=&#8220;default&#8220; global_colors_info=&#8220;{}&#8220;]<\/p>\n<h2>Sie m\u00f6chten<\/h2>\n<h2>unsere L\u00f6sungen vertreiben?<\/h2>\n<p>[\/et_pb_text][et_pb_text _builder_version=&#8220;4.20.2&#8243; _module_preset=&#8220;default&#8220; custom_padding=&#8220;||2vh||false|false&#8220; global_colors_info=&#8220;{}&#8220;]<\/p>\n<p>Wenn Sie Partner werden und Speechi-L\u00f6sungen vertreiben und dabei von all unseren Dienstleistungen und Vorteilen profitieren m\u00f6chen, f\u00fcllen Sie unser Formular aus und ein technischer Vertriebsexperte wird sich mit Ihnen in Verbindung setzen.<\/p>\n<p>[\/et_pb_text][et_pb_image src=&#8220;https:\/\/cdn.speechi.com\/wp-content\/uploads\/2023\/04\/interactive-display-partner.svg&#8220; alt=&#8220;Speechi-Partner werden Formular&#8220; title_text=&#8220;Speechi-Partner werden Formular&#8220; _builder_version=&#8220;4.20.2&#8243; _module_preset=&#8220;default&#8220; custom_margin=&#8220;0px||||false|false&#8220; custom_padding=&#8220;0px||||false|false&#8220; global_colors_info=&#8220;{}&#8220;][\/et_pb_image][\/et_pb_column][\/et_pb_row][\/et_pb_section]<\/p>\n","protected":false},"excerpt":{"rendered":"<p>Speechi-Partner werdenSich breiter aufstellen und mit einer dauerhaften Partnerschaft abheben Speechi ist seit 20 Jahren ein f\u00fchrender Anbieter von interaktiven Medien in Frankreich. Diese F\u00fchrungsposition wurde durch Fachwissen und st\u00e4ndige Innovationen bei Touchscreen-Ger\u00e4ten und leistungsstarker Software erreicht. Treten Sie unserem europ\u00e4ischen Partnernetzwerk bei, und seien Sie damit Ihren Konkurrenten einen Schritt voraus. An wen richtet [&hellip;]<\/p>\n","protected":false},"author":3,"featured_media":0,"parent":0,"menu_order":0,"comment_status":"closed","ping_status":"closed","template":"","meta":{"_acf_changed":false,"_seopress_robots_primary_cat":"","_seopress_titles_title":"Werden Sie Partner von Speechi (Digitale Tafel \/ Whiteboard)","_seopress_titles_desc":"Interaktive Display und Smart Boards von Speechi, Experte f\u00fcr Interaktivit\u00e4t und Anbieter von L\u00f6sungen f\u00fcr Unternehmen und Schulen.","_seopress_robots_index":"","_et_pb_use_builder":"on","_et_pb_old_content":"","_et_gb_content_width":"","footnotes":""},"difl_page_category":[],"class_list":["post-4398100","page","type-page","status-publish","hentry"],"acf":[],"_links":{"self":[{"href":"https:\/\/speechi.com\/de\/wp-json\/wp\/v2\/pages\/4398100","targetHints":{"allow":["GET"]}}],"collection":[{"href":"https:\/\/speechi.com\/de\/wp-json\/wp\/v2\/pages"}],"about":[{"href":"https:\/\/speechi.com\/de\/wp-json\/wp\/v2\/types\/page"}],"author":[{"embeddable":true,"href":"https:\/\/speechi.com\/de\/wp-json\/wp\/v2\/users\/3"}],"replies":[{"embeddable":true,"href":"https:\/\/speechi.com\/de\/wp-json\/wp\/v2\/comments?post=4398100"}],"version-history":[{"count":34,"href":"https:\/\/speechi.com\/de\/wp-json\/wp\/v2\/pages\/4398100\/revisions"}],"predecessor-version":[{"id":44168375,"href":"https:\/\/speechi.com\/de\/wp-json\/wp\/v2\/pages\/4398100\/revisions\/44168375"}],"wp:attachment":[{"href":"https:\/\/speechi.com\/de\/wp-json\/wp\/v2\/media?parent=4398100"}],"wp:term":[{"taxonomy":"difl_page_category","embeddable":true,"href":"https:\/\/speechi.com\/de\/wp-json\/wp\/v2\/difl_page_category?post=4398100"}],"curies":[{"name":"wp","href":"https:\/\/api.w.org\/{rel}","templated":true}]}}