{"id":4398269,"date":"2023-03-20T12:01:31","date_gmt":"2023-03-20T11:01:31","guid":{"rendered":"https:\/\/cdn.speechi.com\/support\/"},"modified":"2024-08-22T11:34:02","modified_gmt":"2024-08-22T09:34:02","slug":"support","status":"publish","type":"page","link":"https:\/\/speechi.com\/de\/support\/","title":{"rendered":"Support"},"content":{"rendered":"<p>[et_pb_section fb_built=&#8220;1&#8243; admin_label=&#8220;Header&#8220; _builder_version=&#8220;4.20.2&#8243; _module_preset=&#8220;default&#8220; use_background_color_gradient=&#8220;on&#8220; background_color_gradient_stops=&#8220;#f5f5f5 36%|#18b6c3 36%&#8220; global_colors_info=&#8220;{%22gcid-431bd12a-5227-4536-9132-2528c0596703%22:%91%93}&#8220;][et_pb_row column_structure=&#8220;1_2,1_2&#8243; _builder_version=&#8220;4.16&#8243; _module_preset=&#8220;default&#8220; global_colors_info=&#8220;{}&#8220;][et_pb_column type=&#8220;1_2&#8243; _builder_version=&#8220;4.16&#8243; _module_preset=&#8220;default&#8220; global_colors_info=&#8220;{}&#8220;][et_pb_text _builder_version=&#8220;4.21.0&#8243; _module_preset=&#8220;b0bf5418-994a-43d1-aef8-7d7c6764119d&#8220; header_font=&#8220;Montserrat|600|||||||&#8220; header_text_color=&#8220;#383838&#8243; header_font_size=&#8220;50px&#8220; header_letter_spacing=&#8220;1px&#8220; header_line_height=&#8220;1.2em&#8220; custom_margin=&#8220;||8px||false|false&#8220; hover_enabled=&#8220;0&#8243; header_font_size_tablet=&#8220;40px&#8220; header_font_size_phone=&#8220;24px&#8220; header_font_size_last_edited=&#8220;on|desktop&#8220; locked=&#8220;off&#8220; global_colors_info=&#8220;{}&#8220; sticky_enabled=&#8220;0&#8243;]<\/p>\n<h1>Kontaktieren Sie unser Support-Team<\/h1>\n<p>[\/et_pb_text][et_pb_text _builder_version=&#8220;4.20.2&#8243; _module_preset=&#8220;2e1ca0a8-a515-4ca3-8814-65eea4b82393&#8243; text_text_color=&#8220;#000000&#8243; text_line_height=&#8220;2em&#8220; link_text_color=&#8220;#000000&#8243; locked=&#8220;off&#8220; global_colors_info=&#8220;{}&#8220;]<\/p>\n<p>Beschreiben Sie uns Ihr Anliegen so genau wie m\u00f6glich und wir werden Ihnen baldm\u00f6glichst eine kompetente Antwort geben.<\/p>\n<p>Unser Team steht Ihnen telefonisch, per E-Mail oder per Videokonferenz zur Verf\u00fcgung.<\/p>\n<p>[\/et_pb_text][et_pb_image src=&#8220;https:\/\/cdn.speechi.com\/wp-content\/uploads\/2023\/04\/interactive-screen-support-3.svg&#8220; alt=&#8220;Technisches Support-Team des Spezialisten f\u00fcr Touchscreens von Speechi&#8220; title_text=&#8220;Technisches Support-Team des Spezialisten f\u00fcr Touchscreens von Speechi&#8220; _builder_version=&#8220;4.20.2&#8243; _module_preset=&#8220;default&#8220; global_colors_info=&#8220;{}&#8220;][\/et_pb_image][\/et_pb_column][et_pb_column type=&#8220;1_2&#8243; _builder_version=&#8220;4.16&#8243; _module_preset=&#8220;default&#8220; global_colors_info=&#8220;{}&#8220;][et_pb_code _builder_version=&#8220;4.20.2&#8243; _module_preset=&#8220;default&#8220; background_color=&#8220;#ffffff&#8220; border_radii=&#8220;on|10px|10px|10px|10px&#8220; box_shadow_style=&#8220;preset1&#8243; global_colors_info=&#8220;{}&#8220;]<iframe frameborder=\"0\" style=\"height:1100px;width:99%;border:none;\" src=\"https:\/\/forms.zohopublic.com\/thierryklein\/form\/TEST0604\/formperma\/TiefqdeNZefuiks-airTpW7IuQZIKba6ydo7rRa9fm0\"><\/iframe>[\/et_pb_code][\/et_pb_column][\/et_pb_row][\/et_pb_section]<\/p>\n","protected":false},"excerpt":{"rendered":"<p>Kontaktieren Sie unser Support-TeamBeschreiben Sie uns Ihr Anliegen so genau wie m\u00f6glich und wir werden Ihnen baldm\u00f6glichst eine kompetente Antwort geben. Unser Team steht Ihnen telefonisch, per E-Mail oder per Videokonferenz zur Verf\u00fcgung.<\/p>\n","protected":false},"author":3,"featured_media":0,"parent":0,"menu_order":0,"comment_status":"closed","ping_status":"closed","template":"","meta":{"_acf_changed":false,"_seopress_robots_primary_cat":"","_seopress_titles_title":"Kundenbertatung und support Speechi (Digitale Tafel, SmartBoard)","_seopress_titles_desc":"Wenn Sie Fragen zum Betrieb unserer Smartboard und Kameras haben, wenden Sie sich bitte an unseren technischen Support. Kontaktieren Sie SPEECHI","_seopress_robots_index":"","_et_pb_use_builder":"on","_et_pb_old_content":"","_et_gb_content_width":"","footnotes":""},"difl_page_category":[],"class_list":["post-4398269","page","type-page","status-publish","hentry"],"acf":[],"_links":{"self":[{"href":"https:\/\/speechi.com\/de\/wp-json\/wp\/v2\/pages\/4398269","targetHints":{"allow":["GET"]}}],"collection":[{"href":"https:\/\/speechi.com\/de\/wp-json\/wp\/v2\/pages"}],"about":[{"href":"https:\/\/speechi.com\/de\/wp-json\/wp\/v2\/types\/page"}],"author":[{"embeddable":true,"href":"https:\/\/speechi.com\/de\/wp-json\/wp\/v2\/users\/3"}],"replies":[{"embeddable":true,"href":"https:\/\/speechi.com\/de\/wp-json\/wp\/v2\/comments?post=4398269"}],"version-history":[{"count":32,"href":"https:\/\/speechi.com\/de\/wp-json\/wp\/v2\/pages\/4398269\/revisions"}],"predecessor-version":[{"id":44169783,"href":"https:\/\/speechi.com\/de\/wp-json\/wp\/v2\/pages\/4398269\/revisions\/44169783"}],"wp:attachment":[{"href":"https:\/\/speechi.com\/de\/wp-json\/wp\/v2\/media?parent=4398269"}],"wp:term":[{"taxonomy":"difl_page_category","embeddable":true,"href":"https:\/\/speechi.com\/de\/wp-json\/wp\/v2\/difl_page_category?post=4398269"}],"curies":[{"name":"wp","href":"https:\/\/api.w.org\/{rel}","templated":true}]}}