{"id":4402790,"date":"2023-06-23T14:46:04","date_gmt":"2023-06-23T12:46:04","guid":{"rendered":"https:\/\/speechi.com\/zubehoer\/"},"modified":"2025-08-29T14:52:01","modified_gmt":"2025-08-29T12:52:01","slug":"zubehoer","status":"publish","type":"page","link":"https:\/\/speechi.com\/de\/zubehoer\/","title":{"rendered":"Zubeh\u00f6r"},"content":{"rendered":"<p>[et_pb_section fb_built=&#8220;1&#8243; admin_label=&#8220;Header&#8220; _builder_version=&#8220;4.21.0&#8243; _module_preset=&#8220;default&#8220; background_enable_color=&#8220;off&#8220; use_background_color_gradient=&#8220;on&#8220; background_color_gradient_direction=&#8220;133deg&#8220; background_color_gradient_stops=&#8220;rgba(0,0,0,0) 49%|rgba(10,0,0,0.25) 100%&#8220; background_color_gradient_overlays_image=&#8220;on&#8220; background_image=&#8220;https:\/\/speechi.com\/wp-content\/uploads\/2023\/07\/Speechi-accessories-camera-speaker-byod-scaled.jpg&#8220; custom_margin=&#8220;||||false|false&#8220; custom_padding=&#8220;9vw||9vw||true|false&#8220; collapsed=&#8220;on&#8220; global_colors_info=&#8220;{}&#8220;][et_pb_row _builder_version=&#8220;4.21.0&#8243; _module_preset=&#8220;default&#8220; global_colors_info=&#8220;{}&#8220;][et_pb_column type=&#8220;4_4&#8243; _builder_version=&#8220;4.20.0&#8243; _module_preset=&#8220;default&#8220; global_colors_info=&#8220;{}&#8220;][et_pb_text _builder_version=&#8220;4.21.0&#8243; _module_preset=&#8220;d0698f80-3dcf-48a6-8d41-70f95a0f25b6&#8243; header_font=&#8220;Montserrat|600|||||||&#8220; header_text_color=&#8220;#FFFFFF&#8220; text_orientation=&#8220;right&#8220; custom_margin=&#8220;||||false|false&#8220; locked=&#8220;off&#8220; global_colors_info=&#8220;{}&#8220;]<\/p>\n<h1>Zubeh\u00f6r<\/h1>\n<p>[\/et_pb_text][\/et_pb_column][\/et_pb_row][\/et_pb_section][et_pb_section fb_built=&#8220;1&#8243; _builder_version=&#8220;4.21.0&#8243; _module_preset=&#8220;default&#8220; global_colors_info=&#8220;{}&#8220;][et_pb_row column_structure=&#8220;1_3,1_3,1_3&#8243; _builder_version=&#8220;4.21.0&#8243; _module_preset=&#8220;default&#8220; global_colors_info=&#8220;{}&#8220;][et_pb_column type=&#8220;1_3&#8243; _builder_version=&#8220;4.21.0&#8243; _module_preset=&#8220;default&#8220; background_enable_color=&#8220;off&#8220; custom_padding=&#8220;15px|15px|15px|15px|false|false&#8220; border_width_all=&#8220;1px&#8220; border_color_all=&#8220;rgba(30,30,30,0.15)&#8220; box_shadow_style=&#8220;preset1&#8243; box_shadow_blur=&#8220;23px&#8220; box_shadow_color=&#8220;#FFFFFF&#8220; box_shadow_color_last_edited=&#8220;off|desktop&#8220; global_colors_info=&#8220;{}&#8220; box_shadow_horizontal__hover_enabled=&#8220;on|hover&#8220; box_shadow_color__hover_enabled=&#8220;on|hover&#8220; box_shadow_color__hover=&#8220;rgba(0,0,0,0.25)&#8220;][et_pb_image src=&#8220;https:\/\/speechi.com\/wp-content\/uploads\/2023\/06\/camera-viosconference-mg402.jpg&#8220; title_text=&#8220;Videokonferenzkamera -mg402&#8243; _builder_version=&#8220;4.21.0&#8243; _module_preset=&#8220;default&#8220; global_colors_info=&#8220;{}&#8220;][\/et_pb_image][et_pb_text _builder_version=&#8220;4.21.0&#8243; _module_preset=&#8220;default&#8220; text_line_height=&#8220;1.5em&#8220; header_2_font_size=&#8220;30px&#8220; global_colors_info=&#8220;{}&#8220;]<\/p>\n<h2>Videokonferenzkamera SPE-MG-104<\/h2>\n<p>Die Videokamera MG 104 wurde entwickelt, um zum Standard in der Bildungs- und Gesch\u00e4ftswelt zu werden.[\/et_pb_text][et_pb_button button_url=&#8220;https:\/\/speechi.com\/de\/webcam-full-hd\/&#8220; button_text=&#8220;Mehr Infos&#8220; button_alignment=&#8220;center&#8220; _builder_version=&#8220;4.27.4&#8243; _module_preset=&#8220;default&#8220; custom_button=&#8220;on&#8220; button_text_color=&#8220;#FFFFFF&#8220; button_bg_color=&#8220;#18b6c3&#8243; button_border_radius=&#8220;40px&#8220; button_letter_spacing=&#8220;0px&#8220; button_font=&#8220;||||||||&#8220; hover_enabled=&#8220;0&#8243; global_colors_info=&#8220;{}&#8220; sticky_enabled=&#8220;0&#8243;][\/et_pb_button][\/et_pb_column][et_pb_column type=&#8220;1_3&#8243; _builder_version=&#8220;4.21.0&#8243; _module_preset=&#8220;default&#8220; background_enable_color=&#8220;off&#8220; custom_padding=&#8220;15px|15px|15px|15px|true|true&#8220; border_width_all=&#8220;1px&#8220; border_color_all=&#8220;rgba(30,30,30,0.15)&#8220; box_shadow_style=&#8220;preset1&#8243; box_shadow_color=&#8220;#FFFFFF&#8220; global_colors_info=&#8220;{}&#8220; box_shadow_color__hover_enabled=&#8220;on|hover&#8220; box_shadow_color__hover=&#8220;rgba(0,0,0,0.25)&#8220;][et_pb_image src=&#8220;https:\/\/speechi.com\/wp-content\/uploads\/2023\/07\/camera-visioconference-MG402.jpg&#8220; title_text=&#8220;camera-visioconference-MG402&#8243; _builder_version=&#8220;4.21.0&#8243; _module_preset=&#8220;default&#8220; global_colors_info=&#8220;{}&#8220;][\/et_pb_image][et_pb_text _builder_version=&#8220;4.21.0&#8243; _module_preset=&#8220;default&#8220; text_line_height=&#8220;1.5em&#8220; header_2_font_size=&#8220;30px&#8220; global_colors_info=&#8220;{}&#8220;]<\/p>\n<h2>VideokonferenzKamera MG-402-C <\/h2>\n<p>Eine 4K-Kamera mit Autoframing-F\u00e4higkeit zur Verbesserung von<br \/>\nFernbesprechungen[\/et_pb_text][et_pb_button button_url=&#8220;@ET-DC@eyJkeW5hbWljIjp0cnVlLCJjb250ZW50IjoicG9zdF9saW5rX3VybF9wYWdlIiwic2V0dGluZ3MiOnsicG9zdF9pZCI6IjQzOTk5OTUifX0=@&#8220; button_text=&#8220;Mehr Infos&#8220; button_alignment=&#8220;center&#8220; _builder_version=&#8220;4.21.0&#8243; _dynamic_attributes=&#8220;button_url&#8220; _module_preset=&#8220;default&#8220; custom_button=&#8220;on&#8220; button_text_color=&#8220;#FFFFFF&#8220; button_bg_color=&#8220;#18b6c3&#8243; button_border_radius=&#8220;40px&#8220; button_letter_spacing=&#8220;0px&#8220; button_font=&#8220;||||||||&#8220; global_colors_info=&#8220;{}&#8220;][\/et_pb_button][\/et_pb_column][et_pb_column type=&#8220;1_3&#8243; _builder_version=&#8220;4.21.0&#8243; _module_preset=&#8220;default&#8220; background_enable_color=&#8220;off&#8220; custom_padding=&#8220;15px|15px|15px|15px|true|true&#8220; border_width_all=&#8220;1px&#8220; border_color_all=&#8220;rgba(30,30,30,0.15)&#8220; box_shadow_style=&#8220;preset1&#8243; box_shadow_color=&#8220;#FFFFFF&#8220; global_colors_info=&#8220;{}&#8220; box_shadow_color__hover_enabled=&#8220;on|hover&#8220; box_shadow_color__hover=&#8220;rgba(0,0,0,0.25)&#8220;][et_pb_image src=&#8220;https:\/\/speechi.com\/wp-content\/uploads\/2023\/06\/speechicam7.png&#8220; title_text=&#8220;speechicam7&#8243; _builder_version=&#8220;4.21.0&#8243; _module_preset=&#8220;default&#8220; global_colors_info=&#8220;{}&#8220;][\/et_pb_image][et_pb_text _builder_version=&#8220;4.21.0&#8243; _module_preset=&#8220;default&#8220; text_line_height=&#8220;1.5em&#8220; header_2_font_size=&#8220;30px&#8220; custom_margin=&#8220;||15px|||&#8220; custom_padding=&#8220;||12px|||&#8220; global_colors_info=&#8220;{}&#8220;]<\/p>\n<h2>Der Speechicam7 UHD 4K-Viewer<\/h2>\n<p>Der mobile Dokumentenbetrachter,<br \/>\nAutofokus, 8 Megapixel<br \/>\nin UHD[\/et_pb_text][et_pb_button button_url=&#8220;https:\/\/speechi.com\/de\/mobiler-dokumentenkamera\/&#8220; button_text=&#8220;Mehr Infos&#8220; button_alignment=&#8220;center&#8220; _builder_version=&#8220;4.27.4&#8243; _module_preset=&#8220;default&#8220; custom_button=&#8220;on&#8220; button_text_color=&#8220;#FFFFFF&#8220; button_bg_color=&#8220;#18b6c3&#8243; button_border_radius=&#8220;40px&#8220; button_letter_spacing=&#8220;0px&#8220; button_font=&#8220;||||||||&#8220; custom_margin=&#8220;1px|||||&#8220; hover_enabled=&#8220;0&#8243; global_colors_info=&#8220;{}&#8220; sticky_enabled=&#8220;0&#8243;][\/et_pb_button][\/et_pb_column][\/et_pb_row][et_pb_row column_structure=&#8220;1_3,1_3,1_3&#8243; _builder_version=&#8220;4.21.0&#8243; _module_preset=&#8220;default&#8220; global_colors_info=&#8220;{}&#8220;][et_pb_column type=&#8220;1_3&#8243; _builder_version=&#8220;4.21.0&#8243; _module_preset=&#8220;default&#8220; background_enable_color=&#8220;off&#8220; custom_padding=&#8220;15px|15px|15px|15px|false|false&#8220; border_width_all=&#8220;1px&#8220; border_color_all=&#8220;rgba(30,30,30,0.15)&#8220; box_shadow_style=&#8220;preset1&#8243; box_shadow_color=&#8220;#FFFFFF&#8220; global_colors_info=&#8220;{}&#8220; box_shadow_color__hover_enabled=&#8220;on|hover&#8220; box_shadow_color__hover=&#8220;rgba(0,0,0,0.25)&#8220;][et_pb_image src=&#8220;https:\/\/speechi.com\/wp-content\/uploads\/2023\/06\/Sans-titre-1-1.png&#8220; title_text=&#8220;bm21&#8243; _builder_version=&#8220;4.21.0&#8243; _module_preset=&#8220;default&#8220; global_colors_info=&#8220;{}&#8220;][\/et_pb_image][et_pb_text _builder_version=&#8220;4.21.0&#8243; _module_preset=&#8220;default&#8220; text_line_height=&#8220;1.5em&#8220; header_2_font_size=&#8220;30px&#8220; global_colors_info=&#8220;{}&#8220;]<\/p>\n<h2>Lautsprecher Mikrofon BM21<\/h2>\n<p>Optimaler Klang, der f\u00fcr Videokonferenzengedacht ist. Einfach, schnell, verbunden: der unverzichtbare kabellose Mikrolautsprecher<\/p>\n<p>[\/et_pb_text][et_pb_button button_url=&#8220;@ET-DC@eyJkeW5hbWljIjp0cnVlLCJjb250ZW50IjoicG9zdF9saW5rX3VybF9wYWdlIiwic2V0dGluZ3MiOnsicG9zdF9pZCI6IjQ0MDEzODcifX0=@&#8220; button_text=&#8220;Mehr Infos&#8220; button_alignment=&#8220;center&#8220; _builder_version=&#8220;4.21.0&#8243; _dynamic_attributes=&#8220;button_url&#8220; _module_preset=&#8220;default&#8220; custom_button=&#8220;on&#8220; button_text_color=&#8220;#FFFFFF&#8220; button_bg_color=&#8220;#18b6c3&#8243; button_border_radius=&#8220;40px&#8220; button_letter_spacing=&#8220;0px&#8220; button_font=&#8220;||||||||&#8220; global_colors_info=&#8220;{}&#8220;][\/et_pb_button][\/et_pb_column][et_pb_column type=&#8220;1_3&#8243; _builder_version=&#8220;4.21.0&#8243; _module_preset=&#8220;default&#8220; global_colors_info=&#8220;{}&#8220;][\/et_pb_column][et_pb_column type=&#8220;1_3&#8243; _builder_version=&#8220;4.21.0&#8243; _module_preset=&#8220;default&#8220; global_colors_info=&#8220;{}&#8220;][\/et_pb_column][\/et_pb_row][\/et_pb_section]<\/p>\n","protected":false},"excerpt":{"rendered":"<p>Zubeh\u00f6rVideokonferenzkamera SPE-MG-104 Die Videokamera MG 104 wurde entwickelt, um zum Standard in der Bildungs- und Gesch\u00e4ftswelt zu werden.VideokonferenzKamera MG-402-C Eine 4K-Kamera mit Autoframing-F\u00e4higkeit zur Verbesserung von FernbesprechungenDer Speechicam7 UHD 4K-Viewer Der mobile Dokumentenbetrachter, Autofokus, 8 Megapixel in UHDLautsprecher Mikrofon BM21 Optimaler Klang, der f\u00fcr Videokonferenzengedacht ist. Einfach, schnell, verbunden: der unverzichtbare kabellose Mikrolautsprecher<\/p>\n","protected":false},"author":3,"featured_media":0,"parent":0,"menu_order":0,"comment_status":"closed","ping_status":"closed","template":"","meta":{"_acf_changed":false,"_seopress_robots_primary_cat":"","_seopress_titles_title":"Zubeh\u00f6r Videokamera, Lautsprecher und Dokumentenbetrachter","_seopress_titles_desc":"Bei Speechi verkaufen wir nicht nur interaktive Tafeln. Entdecken Sie auch unsere Kameras &amp; all unser innovatives Zubeh\u00f6r.","_seopress_robots_index":"","_et_pb_use_builder":"on","_et_pb_old_content":"","_et_gb_content_width":"","footnotes":""},"difl_page_category":[],"class_list":["post-4402790","page","type-page","status-publish","hentry"],"acf":[],"_links":{"self":[{"href":"https:\/\/speechi.com\/de\/wp-json\/wp\/v2\/pages\/4402790","targetHints":{"allow":["GET"]}}],"collection":[{"href":"https:\/\/speechi.com\/de\/wp-json\/wp\/v2\/pages"}],"about":[{"href":"https:\/\/speechi.com\/de\/wp-json\/wp\/v2\/types\/page"}],"author":[{"embeddable":true,"href":"https:\/\/speechi.com\/de\/wp-json\/wp\/v2\/users\/3"}],"replies":[{"embeddable":true,"href":"https:\/\/speechi.com\/de\/wp-json\/wp\/v2\/comments?post=4402790"}],"version-history":[{"count":11,"href":"https:\/\/speechi.com\/de\/wp-json\/wp\/v2\/pages\/4402790\/revisions"}],"predecessor-version":[{"id":44205812,"href":"https:\/\/speechi.com\/de\/wp-json\/wp\/v2\/pages\/4402790\/revisions\/44205812"}],"wp:attachment":[{"href":"https:\/\/speechi.com\/de\/wp-json\/wp\/v2\/media?parent=4402790"}],"wp:term":[{"taxonomy":"difl_page_category","embeddable":true,"href":"https:\/\/speechi.com\/de\/wp-json\/wp\/v2\/difl_page_category?post=4402790"}],"curies":[{"name":"wp","href":"https:\/\/api.w.org\/{rel}","templated":true}]}}