{"id":4403422,"date":"2023-07-11T11:49:29","date_gmt":"2023-07-11T09:49:29","guid":{"rendered":"https:\/\/speechi.com\/education-blog\/"},"modified":"2023-09-05T11:33:17","modified_gmt":"2023-09-05T09:33:17","slug":"unterricht","status":"publish","type":"page","link":"https:\/\/speechi.com\/de\/unterricht\/","title":{"rendered":"Unterricht"},"content":{"rendered":"<p>[et_pb_section fb_built=&#8220;1&#8243; _builder_version=&#8220;4.21.0&#8243; _module_preset=&#8220;default&#8220; custom_padding=&#8220;||5px|||&#8220; global_colors_info=&#8220;{}&#8220;][et_pb_row _builder_version=&#8220;4.21.0&#8243; _module_preset=&#8220;default&#8220; global_colors_info=&#8220;{}&#8220;][et_pb_column type=&#8220;4_4&#8243; _builder_version=&#8220;4.21.0&#8243; _module_preset=&#8220;default&#8220; global_colors_info=&#8220;{}&#8220;][et_pb_text _builder_version=&#8220;4.21.0&#8243; _module_preset=&#8220;default&#8220; header_font=&#8220;Montserrat|600|||||||&#8220; header_text_align=&#8220;center&#8220; global_colors_info=&#8220;{}&#8220;]<\/p>\n<h1>Interaktives SpeechiTouch-Board: Hier finden Sie unsere Schulungsunterlagen und Neuigkeiten<\/h1>\n<p>[\/et_pb_text][et_pb_text _builder_version=&#8220;4.21.0&#8243; _module_preset=&#8220;default&#8220; text_orientation=&#8220;center&#8220; global_colors_info=&#8220;{}&#8220;]<\/p>\n<p>Unsere Beratung und unser Know-how zur Ausstattung Ihrer Klassenzimmer, vom Kindergarten bis zur Hochschule.<\/p>\n<p>[\/et_pb_text][\/et_pb_column][\/et_pb_row][\/et_pb_section][et_pb_section fb_built=&#8220;1&#8243; _builder_version=&#8220;4.21.0&#8243; _module_preset=&#8220;default&#8220; custom_padding=&#8220;||4px|||&#8220; global_colors_info=&#8220;{}&#8220;][et_pb_row _builder_version=&#8220;4.21.0&#8243; _module_preset=&#8220;default&#8220; custom_padding=&#8220;||9px|||&#8220; global_colors_info=&#8220;{}&#8220;][et_pb_column type=&#8220;4_4&#8243; _builder_version=&#8220;4.21.0&#8243; _module_preset=&#8220;default&#8220; global_colors_info=&#8220;{}&#8220;][et_pb_blog posts_number=&#8220;1&#8243; include_categories=&#8220;53&#8243; use_manual_excerpt=&#8220;off&#8220; show_author=&#8220;off&#8220; show_categories=&#8220;off&#8220; show_excerpt=&#8220;off&#8220; show_pagination=&#8220;off&#8220; _builder_version=&#8220;4.21.0&#8243; _module_preset=&#8220;default&#8220; header_font=&#8220;Montserrat||||||||&#8220; meta_font=&#8220;|300|||||||&#8220; meta_font_size=&#8220;12px&#8220; hover_enabled=&#8220;0&#8243; global_colors_info=&#8220;{}&#8220; show_date=&#8220;off&#8220; sticky_enabled=&#8220;0&#8243;][\/et_pb_blog][\/et_pb_column][\/et_pb_row][et_pb_row _builder_version=&#8220;4.21.0&#8243; _module_preset=&#8220;default&#8220; global_colors_info=&#8220;{}&#8220;][et_pb_column type=&#8220;4_4&#8243; _builder_version=&#8220;4.21.0&#8243; _module_preset=&#8220;default&#8220; global_colors_info=&#8220;{}&#8220;][et_pb_blog fullwidth=&#8220;off&#8220; posts_number=&#8220;9&#8243; include_categories=&#8220;53&#8243; use_manual_excerpt=&#8220;off&#8220; show_author=&#8220;off&#8220; show_categories=&#8220;off&#8220; show_excerpt=&#8220;off&#8220; show_pagination=&#8220;off&#8220; _builder_version=&#8220;4.21.0&#8243; _module_preset=&#8220;default&#8220; header_font=&#8220;Montserrat|600|||||||&#8220; header_font_size=&#8220;20px&#8220; hover_enabled=&#8220;0&#8243; border_width_all=&#8220;0px&#8220; global_colors_info=&#8220;{}&#8220; show_date=&#8220;off&#8220; sticky_enabled=&#8220;0&#8243;][\/et_pb_blog][\/et_pb_column][\/et_pb_row][\/et_pb_section][et_pb_section fb_built=&#8220;1&#8243; _builder_version=&#8220;4.21.0&#8243; _module_preset=&#8220;default&#8220; custom_padding=&#8220;1px||15px|||&#8220; global_colors_info=&#8220;{}&#8220;][et_pb_row _builder_version=&#8220;4.21.0&#8243; _module_preset=&#8220;default&#8220; global_colors_info=&#8220;{}&#8220;][et_pb_column type=&#8220;4_4&#8243; _builder_version=&#8220;4.21.0&#8243; _module_preset=&#8220;default&#8220; global_colors_info=&#8220;{}&#8220;][et_pb_text _builder_version=&#8220;4.21.0&#8243; _module_preset=&#8220;default&#8220; header_2_font=&#8220;Montserrat|700|||||||&#8220; header_2_text_align=&#8220;center&#8220; header_2_font_size=&#8220;40px&#8220; global_colors_info=&#8220;{}&#8220;]<\/p>\n<h2>alle Artikel<\/h2>\n<p>[\/et_pb_text][\/et_pb_column][\/et_pb_row][et_pb_row _builder_version=&#8220;4.21.0&#8243; _module_preset=&#8220;default&#8220; global_colors_info=&#8220;{}&#8220;][et_pb_column type=&#8220;4_4&#8243; _builder_version=&#8220;4.21.0&#8243; _module_preset=&#8220;default&#8220; global_colors_info=&#8220;{}&#8220;][et_pb_blog fullwidth=&#8220;off&#8220; posts_number=&#8220;100&#8243; include_categories=&#8220;53&#8243; use_manual_excerpt=&#8220;off&#8220; show_author=&#8220;off&#8220; show_categories=&#8220;off&#8220; show_excerpt=&#8220;off&#8220; _builder_version=&#8220;4.21.0&#8243; _module_preset=&#8220;default&#8220; header_font=&#8220;Montserrat|600|||||||&#8220; header_font_size=&#8220;20px&#8220; hover_enabled=&#8220;0&#8243; border_width_all=&#8220;0px&#8220; global_colors_info=&#8220;{}&#8220; show_date=&#8220;off&#8220; sticky_enabled=&#8220;0&#8243;][\/et_pb_blog][\/et_pb_column][\/et_pb_row][\/et_pb_section][et_pb_section fb_built=&#8220;1&#8243; _builder_version=&#8220;4.21.0&#8243; _module_preset=&#8220;default&#8220; global_colors_info=&#8220;{}&#8220;][et_pb_row _builder_version=&#8220;4.21.0&#8243; _module_preset=&#8220;default&#8220; global_colors_info=&#8220;{}&#8220;][et_pb_column type=&#8220;4_4&#8243; _builder_version=&#8220;4.21.0&#8243; _module_preset=&#8220;default&#8220; global_colors_info=&#8220;{}&#8220;][et_pb_text _builder_version=&#8220;4.21.0&#8243; _module_preset=&#8220;default&#8220; global_colors_info=&#8220;{}&#8220;]<\/p>\n<p>Die technologische Entwicklung hat die Bildungswelt ver\u00e4ndert, und zu den herausragenden Innovationen geh\u00f6ren interaktive Bildschirme und interaktive Tafeln. Diese revolution\u00e4ren Werkzeuge ver\u00e4ndern die Art und Weise, wie Lehrer ihren Unterricht gestalten und wie Sch\u00fcler lernen, sei es im Kindergarten, in der Grundschule, in der Sekundarschule, im Gymnasium oder sogar an der Universit\u00e4t. <\/p>\n<p>Diese Werkzeuge bieten eine F\u00fclle von p\u00e4dagogischen M\u00f6glichkeiten. Sie k\u00f6nnen beispielsweise dazu verwendet werden, einen Kurs mit Videos, Animationen oder interaktiven Grafiken zu illustrieren und so das Verst\u00e4ndnis komplexer Themen zu erleichtern. Die Touch-Funktion erm\u00f6glicht es den Sch\u00fclern, direkt mit dem Inhalt zu interagieren und macht das Lernen spielerischer und ansprechender.  <\/p>\n<p>Zudem sind interaktive Display und Tafeln perfekt geeignet f\u00fcr alle Arten von Klassen und F\u00e4chern. In Geschichte k\u00f6nnen sie beispielsweise zur Visualisierung alter Karten oder animierter Zeitstrahlen verwendet werden. In den Naturwissenschaften bringen sie Experimente oder Simulationen zum Leben. Auch k\u00fcnstlerische F\u00e4cher profitieren von diesen Werkzeugen und erm\u00f6glichen die Erstellung digitaler Kunstwerke.   <\/p>\n<p>Dar\u00fcber hinaus f\u00f6rdern sie die Zusammenarbeit. Sch\u00fcler k\u00f6nnen gemeinsam an einem Projekt arbeiten, ihre Ideen in Echtzeit teilen und von sofortigem Feedback des Lehrers profitieren. <\/p>\n<p>Abschlie\u00dfend haben interaktive Tafeln und Whiteboards definitiv ihren Platz in modernen Klassenzimmern. Sie bereichern das Bildungserlebnis, f\u00f6rdern das Engagement der Sch\u00fcler und ebnen den Weg f\u00fcr innovative Unterrichtsmethoden. F\u00fcr aktuelle Nachrichten oder Informationen \u00fcber diese Werkzeuge besuchen Sie bitte regelm\u00e4\u00dfig unseren spezialisierten Blog.  <\/p>\n<p>[\/et_pb_text][\/et_pb_column][\/et_pb_row][\/et_pb_section][et_pb_section fb_built=&#8220;1&#8243; _builder_version=&#8220;4.21.0&#8243; _module_preset=&#8220;default&#8220; global_colors_info=&#8220;{}&#8220;][et_pb_row _builder_version=&#8220;4.21.0&#8243; _module_preset=&#8220;default&#8220; background_color=&#8220;#323a45&#8243; global_colors_info=&#8220;{}&#8220;][et_pb_column type=&#8220;4_4&#8243; _builder_version=&#8220;4.21.0&#8243; _module_preset=&#8220;default&#8220; global_colors_info=&#8220;{}&#8220;][et_pb_text _builder_version=&#8220;4.21.0&#8243; _module_preset=&#8220;default&#8220; header_4_font=&#8220;Montserrat|600|||||||&#8220; header_4_text_align=&#8220;center&#8220; header_4_text_color=&#8220;#ffffff&#8220; header_4_font_size=&#8220;30px&#8220; custom_padding=&#8220;|80px||80px|false|true&#8220; global_colors_info=&#8220;{}&#8220;]<\/p>\n<h4><span>Abonniere, um Updates \u00fcber Speechi und unsere zuk\u00fcnftigen Innovationen zu erhalten<\/span><\/h4>\n<p>[\/et_pb_text][et_pb_code _builder_version=&#8220;4.21.0&#8243; _module_preset=&#8220;default&#8220; custom_padding=&#8220;|150px||150px|false|true&#8220; global_colors_info=&#8220;{}&#8220;]<iframe frameborder=\"0\" style=\"height:220px;width:99%;border:none;\" src='https:\/\/forms.zohopublic.com\/thierryklein\/form\/NewsletterSpeechicomblog\/formperma\/M_8Uv-mwcTbC-xYRENE8tm9JmhJwG1sJa88mxdZWV3U?zf_lang=de'><\/iframe>[\/et_pb_code][\/et_pb_column][\/et_pb_row][\/et_pb_section]<\/p>\n","protected":false},"excerpt":{"rendered":"<p>Interaktives SpeechiTouch-Board: Hier finden Sie unsere Schulungsunterlagen und NeuigkeitenUnsere Beratung und unser Know-how zur Ausstattung Ihrer Klassenzimmer, vom Kindergarten bis zur Hochschule.alle ArtikelDie technologische Entwicklung hat die Bildungswelt ver\u00e4ndert, und zu den herausragenden Innovationen geh\u00f6ren interaktive Bildschirme und interaktive Tafeln. Diese revolution\u00e4ren Werkzeuge ver\u00e4ndern die Art und Weise, wie Lehrer ihren Unterricht gestalten und wie [&hellip;]<\/p>\n","protected":false},"author":3,"featured_media":0,"parent":0,"menu_order":0,"comment_status":"closed","ping_status":"closed","template":"","meta":{"_acf_changed":false,"_seopress_robots_primary_cat":"","_seopress_titles_title":"Unterricht, Whiteboard interaktive Tafel Grundschule, schule","_seopress_titles_desc":"Erh\u00f6hen Sie das Engagement Ihrer Sch\u00fcler mit SpeechiTouch. Alle unsere Artikel \u00fcber die innovativen Produkte von Speechi.","_seopress_robots_index":"","_et_pb_use_builder":"on","_et_pb_old_content":"","_et_gb_content_width":"","footnotes":""},"difl_page_category":[],"class_list":["post-4403422","page","type-page","status-publish","hentry"],"acf":[],"_links":{"self":[{"href":"https:\/\/speechi.com\/de\/wp-json\/wp\/v2\/pages\/4403422","targetHints":{"allow":["GET"]}}],"collection":[{"href":"https:\/\/speechi.com\/de\/wp-json\/wp\/v2\/pages"}],"about":[{"href":"https:\/\/speechi.com\/de\/wp-json\/wp\/v2\/types\/page"}],"author":[{"embeddable":true,"href":"https:\/\/speechi.com\/de\/wp-json\/wp\/v2\/users\/3"}],"replies":[{"embeddable":true,"href":"https:\/\/speechi.com\/de\/wp-json\/wp\/v2\/comments?post=4403422"}],"version-history":[{"count":9,"href":"https:\/\/speechi.com\/de\/wp-json\/wp\/v2\/pages\/4403422\/revisions"}],"predecessor-version":[{"id":4405428,"href":"https:\/\/speechi.com\/de\/wp-json\/wp\/v2\/pages\/4403422\/revisions\/4405428"}],"wp:attachment":[{"href":"https:\/\/speechi.com\/de\/wp-json\/wp\/v2\/media?parent=4403422"}],"wp:term":[{"taxonomy":"difl_page_category","embeddable":true,"href":"https:\/\/speechi.com\/de\/wp-json\/wp\/v2\/difl_page_category?post=4403422"}],"curies":[{"name":"wp","href":"https:\/\/api.w.org\/{rel}","templated":true}]}}