{"id":4403430,"date":"2023-07-11T11:50:13","date_gmt":"2023-07-11T09:50:13","guid":{"rendered":"https:\/\/speechi.com\/entreprise-blog\/"},"modified":"2023-09-05T11:38:24","modified_gmt":"2023-09-05T09:38:24","slug":"unternehmen","status":"publish","type":"page","link":"https:\/\/speechi.com\/de\/unternehmen\/","title":{"rendered":"Unternehmen"},"content":{"rendered":"<p>[et_pb_section fb_built=&#8220;1&#8243; _builder_version=&#8220;4.21.0&#8243; _module_preset=&#8220;default&#8220; custom_padding=&#8220;||2px|||&#8220; global_colors_info=&#8220;{}&#8220;][et_pb_row _builder_version=&#8220;4.21.0&#8243; _module_preset=&#8220;default&#8220; global_colors_info=&#8220;{}&#8220;][et_pb_column type=&#8220;4_4&#8243; _builder_version=&#8220;4.21.0&#8243; _module_preset=&#8220;default&#8220; global_colors_info=&#8220;{}&#8220;][et_pb_text _builder_version=&#8220;4.21.0&#8243; _module_preset=&#8220;default&#8220; header_text_align=&#8220;center&#8220; global_colors_info=&#8220;{}&#8220;]<\/p>\n<h1>Das interaktive SpeechiTouch-Display: Tipps und Tricks <\/h1>\n<p>[\/et_pb_text][et_pb_text _builder_version=&#8220;4.21.0&#8243; _module_preset=&#8220;default&#8220; text_orientation=&#8220;center&#8220; global_colors_info=&#8220;{}&#8220;]<\/p>\n<p>Unsere Experten f\u00fcr Interaktivit\u00e4t f\u00fchren Sie durch Dossiers zu Zusammenarbeit, Projektmanagement, vernetzten Ger\u00e4ten, Videokonferenzen, Telearbeit und vielem mehr.<\/p>\n<p>[\/et_pb_text][\/et_pb_column][\/et_pb_row][\/et_pb_section][et_pb_section fb_built=&#8220;1&#8243; _builder_version=&#8220;4.21.0&#8243; _module_preset=&#8220;default&#8220; custom_padding=&#8220;||2px|||&#8220; global_colors_info=&#8220;{}&#8220;][et_pb_row _builder_version=&#8220;4.21.0&#8243; _module_preset=&#8220;default&#8220; global_colors_info=&#8220;{}&#8220;][et_pb_column type=&#8220;4_4&#8243; _builder_version=&#8220;4.21.0&#8243; _module_preset=&#8220;default&#8220; global_colors_info=&#8220;{}&#8220;][et_pb_blog posts_number=&#8220;1&#8243; include_categories=&#8220;54&#8243; use_manual_excerpt=&#8220;off&#8220; show_author=&#8220;off&#8220; show_categories=&#8220;off&#8220; show_excerpt=&#8220;off&#8220; show_pagination=&#8220;off&#8220; _builder_version=&#8220;4.21.0&#8243; _module_preset=&#8220;default&#8220; meta_font=&#8220;|300|||||||&#8220; meta_font_size=&#8220;12px&#8220; hover_enabled=&#8220;0&#8243; global_colors_info=&#8220;{}&#8220; show_date=&#8220;off&#8220; sticky_enabled=&#8220;0&#8243;][\/et_pb_blog][\/et_pb_column][\/et_pb_row][et_pb_row _builder_version=&#8220;4.21.0&#8243; _module_preset=&#8220;default&#8220; global_colors_info=&#8220;{}&#8220;][et_pb_column type=&#8220;4_4&#8243; _builder_version=&#8220;4.21.0&#8243; _module_preset=&#8220;default&#8220; global_colors_info=&#8220;{}&#8220;][et_pb_blog fullwidth=&#8220;off&#8220; posts_number=&#8220;9&#8243; include_categories=&#8220;54&#8243; use_manual_excerpt=&#8220;off&#8220; show_author=&#8220;off&#8220; show_categories=&#8220;off&#8220; show_excerpt=&#8220;off&#8220; show_pagination=&#8220;off&#8220; offset_number=&#8220;1&#8243; _builder_version=&#8220;4.21.0&#8243; _module_preset=&#8220;default&#8220; header_font=&#8220;Montserrat|600|||||||&#8220; header_font_size=&#8220;20px&#8220; meta_font=&#8220;|300|||||||&#8220; meta_font_size=&#8220;12px&#8220; hover_enabled=&#8220;0&#8243; border_width_all=&#8220;0px&#8220; global_colors_info=&#8220;{}&#8220; show_date=&#8220;off&#8220; sticky_enabled=&#8220;0&#8243;][\/et_pb_blog][\/et_pb_column][\/et_pb_row][\/et_pb_section][et_pb_section fb_built=&#8220;1&#8243; _builder_version=&#8220;4.21.0&#8243; _module_preset=&#8220;default&#8220; custom_padding=&#8220;5px|||||&#8220; global_colors_info=&#8220;{}&#8220;][et_pb_row _builder_version=&#8220;4.21.0&#8243; _module_preset=&#8220;default&#8220; global_colors_info=&#8220;{}&#8220;][et_pb_column type=&#8220;4_4&#8243; _builder_version=&#8220;4.21.0&#8243; _module_preset=&#8220;default&#8220; global_colors_info=&#8220;{}&#8220;][et_pb_text _builder_version=&#8220;4.21.0&#8243; _module_preset=&#8220;default&#8220; header_2_font=&#8220;Montserrat|700|||||||&#8220; header_2_text_align=&#8220;center&#8220; header_2_font_size=&#8220;40px&#8220; global_colors_info=&#8220;{}&#8220;]<\/p>\n<h2>alle Artikel<\/h2>\n<p>[\/et_pb_text][\/et_pb_column][\/et_pb_row][et_pb_row _builder_version=&#8220;4.21.0&#8243; _module_preset=&#8220;default&#8220; global_colors_info=&#8220;{}&#8220;][et_pb_column type=&#8220;4_4&#8243; _builder_version=&#8220;4.21.0&#8243; _module_preset=&#8220;default&#8220; global_colors_info=&#8220;{}&#8220;][et_pb_blog fullwidth=&#8220;off&#8220; posts_number=&#8220;100&#8243; include_categories=&#8220;54&#8243; use_manual_excerpt=&#8220;off&#8220; show_author=&#8220;off&#8220; show_categories=&#8220;off&#8220; show_excerpt=&#8220;off&#8220; show_pagination=&#8220;off&#8220; offset_number=&#8220;1&#8243; _builder_version=&#8220;4.21.0&#8243; _module_preset=&#8220;default&#8220; header_font=&#8220;Montserrat|600|||||||&#8220; header_font_size=&#8220;20px&#8220; meta_font=&#8220;|300|||||||&#8220; meta_font_size=&#8220;12px&#8220; hover_enabled=&#8220;0&#8243; border_width_all=&#8220;0px&#8220; global_colors_info=&#8220;{}&#8220; show_date=&#8220;off&#8220; sticky_enabled=&#8220;0&#8243;][\/et_pb_blog][\/et_pb_column][\/et_pb_row][\/et_pb_section][et_pb_section fb_built=&#8220;1&#8243; _builder_version=&#8220;4.21.0&#8243; _module_preset=&#8220;default&#8220; global_colors_info=&#8220;{}&#8220;][et_pb_row _builder_version=&#8220;4.21.0&#8243; _module_preset=&#8220;default&#8220; global_colors_info=&#8220;{}&#8220;][et_pb_column type=&#8220;4_4&#8243; _builder_version=&#8220;4.21.0&#8243; _module_preset=&#8220;default&#8220; global_colors_info=&#8220;{}&#8220;][et_pb_text _builder_version=&#8220;4.21.0&#8243; _module_preset=&#8220;default&#8220; global_colors_info=&#8220;{}&#8220;]<\/p>\n<p>Im gegenw\u00e4rtigen beruflichen Umfeld nehmen interaktive Tafeln eine herausragende Stellung ein. Sie haben die Kommunikations- und Zusammenarbeitsmethoden in modernen Unternehmen v\u00f6llig neu gepr\u00e4gt. Diese Tafeln bieten weit mehr als nur eine Projektionsfl\u00e4che: Sie verf\u00fcgen \u00fcber eine Vielzahl von Funktionen, die Diskussionen bereichern und den Teamzusammenhalt st\u00e4rken.  <\/p>\n<p>Ob bei Brainstorming-Sitzungen, Projektpr\u00e4sentationen oder Schulungen, diese Tafeln erweisen sich als unverzichtbar. Sie erm\u00f6glichen es, Ideen mit Animationen, Diagrammen oder Videos zu veranschaulichen, wodurch komplexe Konzepte verst\u00e4ndlicher werden. Die Touch-Interaktion f\u00f6rdert auch die aktive Teilnahme und unterst\u00fctzt einen konstruktiven Dialog zwischen den Teilnehmern.  <\/p>\n<p>Ein weiterer gro\u00dfer Vorteil ist ihre Anpassungsf\u00e4higkeit. Durch die M\u00f6glichkeit, verschiedene Ger\u00e4te anzuschlie\u00dfen, erleichtern sie den Informationsaustausch und machen die Zusammenarbeit, unabh\u00e4ngig vom Standort jedes Mitarbeiters, nahtlos. Jeder Gesch\u00e4ftsbereich, von Finanzen \u00fcber Marketing bis hin zu Technik und Personalwesen, profitiert von dieser Technologie.  <\/p>\n<p>Dar\u00fcber hinaus erlaubt ihre Integration den Zugriff auf eine Vielzahl professioneller Anwendungen, was die Effizienz der Arbeitssitzungen erh\u00f6ht. Teams k\u00f6nnen in Echtzeit Anmerkungen machen, sofortiges Feedback geben und fundierte Entscheidungen treffen. <\/p>\n<p>Interaktive Tafeln sind also weit mehr als nur ein technisches Spielzeug; sie sind das Herzst\u00fcck des modernen Unternehmens. F\u00fcr Tipps, Erfahrungsberichte oder Informationen \u00fcber ihre Nutzung steht unser spezialisierter Blog zur Verf\u00fcgung. <\/p>\n<p>[\/et_pb_text][\/et_pb_column][\/et_pb_row][\/et_pb_section][et_pb_section fb_built=&#8220;1&#8243; _builder_version=&#8220;4.21.0&#8243; _module_preset=&#8220;default&#8220; global_colors_info=&#8220;{}&#8220;][et_pb_row _builder_version=&#8220;4.21.0&#8243; _module_preset=&#8220;default&#8220; background_color=&#8220;#323a45&#8243; global_colors_info=&#8220;{}&#8220;][et_pb_column type=&#8220;4_4&#8243; _builder_version=&#8220;4.21.0&#8243; _module_preset=&#8220;default&#8220; global_colors_info=&#8220;{}&#8220;][et_pb_text _builder_version=&#8220;4.21.0&#8243; _module_preset=&#8220;default&#8220; header_4_font=&#8220;Montserrat|600|||||||&#8220; header_4_text_align=&#8220;center&#8220; header_4_text_color=&#8220;#ffffff&#8220; header_4_font_size=&#8220;30px&#8220; custom_padding=&#8220;|80px||80px|false|true&#8220; global_colors_info=&#8220;{}&#8220;]<\/p>\n<h4>Melden Sie sich an und erhalten Sie Tipps zu den Tagungsr\u00e4umen der Zukunft<\/h4>\n<p>[\/et_pb_text][et_pb_code _builder_version=&#8220;4.21.0&#8243; _module_preset=&#8220;default&#8220; custom_padding=&#8220;|150px||150px|false|true&#8220; global_colors_info=&#8220;{}&#8220;]<iframe frameborder=\"0\" style=\"height:220px;width:99%;border:none;\" src='https:\/\/forms.zohopublic.com\/thierryklein\/form\/NewsletterSpeechicomblog\/formperma\/M_8Uv-mwcTbC-xYRENE8tm9JmhJwG1sJa88mxdZWV3U?zf_lang=de'><\/iframe>[\/et_pb_code][\/et_pb_column][\/et_pb_row][\/et_pb_section]<\/p>\n","protected":false},"excerpt":{"rendered":"<p>Das interaktive SpeechiTouch-Display: Tipps und Tricks Unsere Experten f\u00fcr Interaktivit\u00e4t f\u00fchren Sie durch Dossiers zu Zusammenarbeit, Projektmanagement, vernetzten Ger\u00e4ten, Videokonferenzen, Telearbeit und vielem mehr.alle ArtikelIm gegenw\u00e4rtigen beruflichen Umfeld nehmen interaktive Tafeln eine herausragende Stellung ein. Sie haben die Kommunikations- und Zusammenarbeitsmethoden in modernen Unternehmen v\u00f6llig neu gepr\u00e4gt. Diese Tafeln bieten weit mehr als nur eine [&hellip;]<\/p>\n","protected":false},"author":3,"featured_media":0,"parent":0,"menu_order":0,"comment_status":"closed","ping_status":"closed","template":"","meta":{"_acf_changed":false,"_seopress_robots_primary_cat":"","_seopress_titles_title":" Unternehmen Digitales whiteboard touchscreen, Interaktive Tafeln","_seopress_titles_desc":"F\u00f6rdern Sie die Zusammenarbeit mit SpeechiTouch. Die Digitale Tafel bietet Ihnen alles, was Sie f\u00fcr zeitgem\u00e4\u00dfes Arbeiten ben\u00f6tigen.","_seopress_robots_index":"","_et_pb_use_builder":"on","_et_pb_old_content":"","_et_gb_content_width":"","footnotes":""},"difl_page_category":[],"class_list":["post-4403430","page","type-page","status-publish","hentry"],"acf":[],"_links":{"self":[{"href":"https:\/\/speechi.com\/de\/wp-json\/wp\/v2\/pages\/4403430","targetHints":{"allow":["GET"]}}],"collection":[{"href":"https:\/\/speechi.com\/de\/wp-json\/wp\/v2\/pages"}],"about":[{"href":"https:\/\/speechi.com\/de\/wp-json\/wp\/v2\/types\/page"}],"author":[{"embeddable":true,"href":"https:\/\/speechi.com\/de\/wp-json\/wp\/v2\/users\/3"}],"replies":[{"embeddable":true,"href":"https:\/\/speechi.com\/de\/wp-json\/wp\/v2\/comments?post=4403430"}],"version-history":[{"count":9,"href":"https:\/\/speechi.com\/de\/wp-json\/wp\/v2\/pages\/4403430\/revisions"}],"predecessor-version":[{"id":4405429,"href":"https:\/\/speechi.com\/de\/wp-json\/wp\/v2\/pages\/4403430\/revisions\/4405429"}],"wp:attachment":[{"href":"https:\/\/speechi.com\/de\/wp-json\/wp\/v2\/media?parent=4403430"}],"wp:term":[{"taxonomy":"difl_page_category","embeddable":true,"href":"https:\/\/speechi.com\/de\/wp-json\/wp\/v2\/difl_page_category?post=4403430"}],"curies":[{"name":"wp","href":"https:\/\/api.w.org\/{rel}","templated":true}]}}