{"id":4409658,"date":"2024-01-08T15:38:37","date_gmt":"2024-01-08T14:38:37","guid":{"rendered":"https:\/\/speechi.com\/fallstudie-bonduelle\/"},"modified":"2024-08-19T15:23:12","modified_gmt":"2024-08-19T13:23:12","slug":"fallstudie-bonduelle","status":"publish","type":"page","link":"https:\/\/speechi.com\/de\/fallstudie-bonduelle\/","title":{"rendered":"Fallstudie : Bonduelle"},"content":{"rendered":"<p>[et_pb_section fb_built=&#8220;1&#8243; _builder_version=&#8220;4.21.0&#8243; _module_preset=&#8220;default&#8220; background_video_mp4=&#8220;https:\/\/speechi.com\/wp-content\/uploads\/2024\/02\/speechi-etude-de-cas-bonduelle-banniere-1200&#215;382-1.mp4&#8243; height=&#8220;500px&#8220; locked=&#8220;off&#8220; collapsed=&#8220;off&#8220; global_colors_info=&#8220;{}&#8220;][\/et_pb_section][et_pb_section fb_built=&#8220;1&#8243; _builder_version=&#8220;4.21.0&#8243; _module_preset=&#8220;default&#8220; custom_padding=&#8220;0px|||||&#8220; collapsed=&#8220;on&#8220; global_colors_info=&#8220;{}&#8220;][et_pb_row _builder_version=&#8220;4.21.0&#8243; _module_preset=&#8220;default&#8220; global_colors_info=&#8220;{}&#8220;][et_pb_column type=&#8220;4_4&#8243; _builder_version=&#8220;4.21.0&#8243; _module_preset=&#8220;default&#8220; global_colors_info=&#8220;{}&#8220;][et_pb_text _builder_version=&#8220;4.21.0&#8243; _module_preset=&#8220;default&#8220; custom_padding=&#8220;24px|||||&#8220; global_colors_info=&#8220;{}&#8220;]<\/p>\n<h1 style=\"text-align: center;\">Fallstudie: Bonduelle, <br \/>Aush\u00e4ngeschild der Lebensmittelindustrie<\/h1>\n<p>[\/et_pb_text][\/et_pb_column][\/et_pb_row][et_pb_row column_structure=&#8220;1_3,1_3,1_3&#8243; _builder_version=&#8220;4.21.0&#8243; _module_preset=&#8220;default&#8220; width=&#8220;40%&#8220; global_colors_info=&#8220;{}&#8220;][et_pb_column type=&#8220;1_3&#8243; _builder_version=&#8220;4.21.0&#8243; _module_preset=&#8220;default&#8220; global_colors_info=&#8220;{}&#8220;][et_pb_image src=&#8220;https:\/\/speechi.com\/wp-content\/uploads\/2024\/01\/01-secteur-pro-1.svg&#8220; alt=&#8220;Unternehmen&#8220; title_text=&#8220;Unternehmen&#8220; _builder_version=&#8220;4.21.0&#8243; _module_preset=&#8220;default&#8220; global_colors_info=&#8220;{}&#8220;][\/et_pb_image][\/et_pb_column][et_pb_column type=&#8220;1_3&#8243; _builder_version=&#8220;4.21.0&#8243; _module_preset=&#8220;default&#8220; global_colors_info=&#8220;{}&#8220;][et_pb_image src=&#8220;https:\/\/speechi.com\/wp-content\/uploads\/2024\/01\/02-qui-logo-bonduelle-1.svg&#8220; alt=&#8220;Bonduelle&#8220; title_text=&#8220;Bonduelle&#8220; _builder_version=&#8220;4.21.0&#8243; _module_preset=&#8220;default&#8220; global_colors_info=&#8220;{}&#8220;][\/et_pb_image][\/et_pb_column][et_pb_column type=&#8220;1_3&#8243; _builder_version=&#8220;4.21.0&#8243; _module_preset=&#8220;default&#8220; global_colors_info=&#8220;{}&#8220;][et_pb_image src=&#8220;https:\/\/speechi.com\/wp-content\/uploads\/2024\/01\/03-ou-1.svg&#8220; alt=&#8220;Ort&#8220; title_text=&#8220;Ort&#8220; _builder_version=&#8220;4.21.0&#8243; _module_preset=&#8220;default&#8220; global_colors_info=&#8220;{}&#8220;][\/et_pb_image][\/et_pb_column][\/et_pb_row][et_pb_row column_structure=&#8220;1_3,1_3,1_3&#8243; _builder_version=&#8220;4.21.0&#8243; _module_preset=&#8220;default&#8220; width=&#8220;40%&#8220; global_colors_info=&#8220;{}&#8220;][et_pb_column type=&#8220;1_3&#8243; _builder_version=&#8220;4.21.0&#8243; _module_preset=&#8220;default&#8220; global_colors_info=&#8220;{}&#8220;][et_pb_text _builder_version=&#8220;4.21.0&#8243; _module_preset=&#8220;default&#8220; global_colors_info=&#8220;{}&#8220;]<\/p>\n<p style=\"text-align: center;\">UNTERNEHMEN<\/p>\n<p>[\/et_pb_text][\/et_pb_column][et_pb_column type=&#8220;1_3&#8243; _builder_version=&#8220;4.21.0&#8243; _module_preset=&#8220;default&#8220; global_colors_info=&#8220;{}&#8220;][et_pb_text _builder_version=&#8220;4.21.0&#8243; _module_preset=&#8220;default&#8220; global_colors_info=&#8220;{}&#8220;]<\/p>\n<p style=\"text-align: center;\">DIE IT-ABTEILUNG VON BONDUELLE<\/p>\n<p>[\/et_pb_text][\/et_pb_column][et_pb_column type=&#8220;1_3&#8243; _builder_version=&#8220;4.21.0&#8243; _module_preset=&#8220;default&#8220; global_colors_info=&#8220;{}&#8220;][et_pb_text _builder_version=&#8220;4.21.0&#8243; _module_preset=&#8220;default&#8220; global_colors_info=&#8220;{}&#8220;]<\/p>\n<p style=\"text-align: center;\">LILLE<\/p>\n<p>[\/et_pb_text][\/et_pb_column][\/et_pb_row][et_pb_row _builder_version=&#8220;4.21.0&#8243; _module_preset=&#8220;default&#8220; global_colors_info=&#8220;{}&#8220;][et_pb_column type=&#8220;4_4&#8243; _builder_version=&#8220;4.21.0&#8243; _module_preset=&#8220;default&#8220; global_colors_info=&#8220;{}&#8220;][et_pb_text _builder_version=&#8220;4.21.0&#8243; _module_preset=&#8220;default&#8220; hover_enabled=&#8220;0&#8243; global_colors_info=&#8220;{}&#8220; sticky_enabled=&#8220;0&#8243;]<\/p>\n<h2>Hintergrund<\/h2>\n<p><span>Die IT-Abteilung von Bonduelle hat eine<\/span> <strong>Software zur Datenvisualisierung<\/strong> entwickelt, die dazu in der Lage ist, sehr unterschiedliche Daten auszuwerten, um den Bed\u00fcrfnissen aller Teams gerecht zu werden (Support, HR, Finanzen, Agronomie, Vertrieb &#8230;), die an <strong>etwa 50 Standorten weltweit angesiedelt sind.<\/strong> Um ihr Tool den verschiedenen Teams zu demonstrieren, suchte die IT-Abteilung daher nach einer L\u00f6sung, die es ihr erm\u00f6glichte, die erzeugten Daten zu projizieren und mit ihnen zu interagieren.[\/et_pb_text][\/et_pb_column][\/et_pb_row][et_pb_row column_structure=&#8220;1_2,1_2&#8243; _builder_version=&#8220;4.21.0&#8243; _module_preset=&#8220;default&#8220; global_colors_info=&#8220;{}&#8220;][et_pb_column type=&#8220;1_2&#8243; _builder_version=&#8220;4.21.0&#8243; _module_preset=&#8220;default&#8220; global_colors_info=&#8220;{}&#8220;][et_pb_image src=&#8220;https:\/\/speechi.com\/wp-content\/uploads\/2024\/03\/speechi-ecran-interactif-tactile-bonduelle-03.jpg&#8220; alt=&#8220;Bonduelle und sein Datavisualisierungs-Tool&#8220; title_text=&#8220;Bonduelle und sein Datavisualisierungs-Tool&#8220; _builder_version=&#8220;4.21.0&#8243; _module_preset=&#8220;default&#8220; global_colors_info=&#8220;{}&#8220;][\/et_pb_image][\/et_pb_column][et_pb_column type=&#8220;1_2&#8243; _builder_version=&#8220;4.21.0&#8243; _module_preset=&#8220;default&#8220; global_colors_info=&#8220;{}&#8220;][et_pb_image src=&#8220;https:\/\/speechi.com\/wp-content\/uploads\/2024\/03\/speechi-ecran-interactif-tactile-bonduelle-02.jpg&#8220; alt=&#8220;Fallstudie : Bonduelle und die interaktiven Bildschirme von Speechi&#8220; title_text=&#8220;Fallstudie : Bonduelle und die interaktiven Bildschirme von Speechi&#8220; _builder_version=&#8220;4.21.0&#8243; _module_preset=&#8220;default&#8220; global_colors_info=&#8220;{}&#8220;][\/et_pb_image][\/et_pb_column][\/et_pb_row][et_pb_row column_structure=&#8220;1_2,1_2&#8243; _builder_version=&#8220;4.21.0&#8243; _module_preset=&#8220;default&#8220; global_colors_info=&#8220;{}&#8220;][et_pb_column type=&#8220;1_2&#8243; _builder_version=&#8220;4.21.0&#8243; _module_preset=&#8220;default&#8220; global_colors_info=&#8220;{}&#8220;][et_pb_text _builder_version=&#8220;4.21.0&#8243; _module_preset=&#8220;default&#8220; global_colors_info=&#8220;{}&#8220;]<\/p>\n<h3>Problemstellung<\/h3>\n<ul>\n<li>Den Teams die Nutzung des Datenvisualisierungstools demonstrieren.<\/li>\n<li>Die Kommunikation zwischen Teams erleichtern, die \u00fcber verschiedene Standorte verstreut sind.<\/li>\n<\/ul>\n<p>[\/et_pb_text][\/et_pb_column][et_pb_column type=&#8220;1_2&#8243; _builder_version=&#8220;4.21.0&#8243; _module_preset=&#8220;default&#8220; global_colors_info=&#8220;{}&#8220;][et_pb_text _builder_version=&#8220;4.21.0&#8243; _module_preset=&#8220;default&#8220; global_colors_info=&#8220;{}&#8220;]<\/p>\n<h3>Erbrachte L\u00f6sungen<\/h3>\n<ul>\n<li>Zwei interaktive 65-Zoll-SpeechiTouch-Displays mit 4K-Aufl\u00f6sung, die nebeneinander angebracht sind.<\/li>\n<li>Zwei Windows 10-PCs im OPS-Format, die in die Bildschirme integriert und somit unsichtbar sind.<\/li>\n<li>Eine Videokonferenzkamera.<\/li>\n<\/ul>\n<p>[\/et_pb_text][\/et_pb_column][\/et_pb_row][et_pb_row column_structure=&#8220;1_2,1_2&#8243; _builder_version=&#8220;4.21.0&#8243; _module_preset=&#8220;default&#8220; global_colors_info=&#8220;{}&#8220;][et_pb_column type=&#8220;1_2&#8243; _builder_version=&#8220;4.21.0&#8243; _module_preset=&#8220;default&#8220; global_colors_info=&#8220;{}&#8220;][et_pb_image src=&#8220;https:\/\/speechi.com\/wp-content\/uploads\/2024\/03\/speechi-ecran-interactif-tactile-bonduelle-01.jpg&#8220; alt=&#8220;Bei Bonduelle ist der interaktive Speechi-Bildschirm ein Werkzeug f\u00fcr Fernunterricht und Pr\u00e4sentationen&#8220; title_text=&#8220;Bei Bonduelle ist der interaktive Speechi-Bildschirm ein Werkzeug f\u00fcr Fernunterricht und Pr\u00e4sentationen&#8220; _builder_version=&#8220;4.21.0&#8243; _module_preset=&#8220;default&#8220; global_colors_info=&#8220;{}&#8220;][\/et_pb_image][et_pb_text _builder_version=&#8220;4.21.0&#8243; _module_preset=&#8220;default&#8220; global_colors_info=&#8220;{}&#8220;]<\/p>\n<h3>Verwendung des Bildschirms<\/h3>\n<ul>\n<li>Den Teams die verschiedenen Nutzungsm\u00f6glichkeiten des Datenvisualisierungstools demonstrieren. Aus p\u00e4dagogischen Gr\u00fcnden nimmt der Trainer die Einstellungen auf dem linken Bildschirm vor und zeigt die Ergebnisse auf dem rechten Bildschirm an. <\/li>\n<li>Remote-Pr\u00e4sentation des Tools und anderer Dokumente f\u00fcr Teams an verschiedenen Standorten per Videokonferenz.<\/li>\n<\/ul>\n<p>[\/et_pb_text][\/et_pb_column][et_pb_column type=&#8220;1_2&#8243; _builder_version=&#8220;4.21.0&#8243; _module_preset=&#8220;default&#8220; global_colors_info=&#8220;{}&#8220;][et_pb_image src=&#8220;https:\/\/speechi.com\/wp-content\/uploads\/2024\/03\/speechi-ecran-interactif-tactile-bonduelle-04.jpg&#8220; alt=&#8220;Bei Bonduelle haben die interaktiven Speechi-Bildschirme Vorteile&#8220; title_text=&#8220;Bei Bonduelle haben die interaktiven Speechi-Bildschirme Vorteile&#8220; _builder_version=&#8220;4.21.0&#8243; _module_preset=&#8220;default&#8220; global_colors_info=&#8220;{}&#8220;][\/et_pb_image][et_pb_text _builder_version=&#8220;4.21.0&#8243; _module_preset=&#8220;default&#8220; global_colors_info=&#8220;{}&#8220;]<\/p>\n<h3>Vorteile<\/h3>\n<ul>\n<li>Pr\u00e4sentationen werden deutlich dynamischer<\/li>\n<li>Erh\u00f6hte Aufmerksamkeit der Teams bei Pr\u00e4sentationen<\/li>\n<\/ul>\n<p>[\/et_pb_text][\/et_pb_column][\/et_pb_row][et_pb_row column_structure=&#8220;1_2,1_2&#8243; _builder_version=&#8220;4.21.0&#8243; _module_preset=&#8220;default&#8220; global_colors_info=&#8220;{}&#8220;][et_pb_column type=&#8220;1_2&#8243; _builder_version=&#8220;4.21.0&#8243; _module_preset=&#8220;default&#8220; global_colors_info=&#8220;{}&#8220;][et_pb_video src=&#8220;https:\/\/youtu.be\/lSlzyhzpXqE&#8220; _builder_version=&#8220;4.21.0&#8243; _module_preset=&#8220;default&#8220; global_colors_info=&#8220;{}&#8220; src__hover_enabled=&#8220;on|desktop&#8220; src__hover=&#8220;https:\/\/youtu.be\/lSlzyhzpXqE&#8220;][\/et_pb_video][\/et_pb_column][et_pb_column type=&#8220;1_2&#8243; _builder_version=&#8220;4.21.0&#8243; _module_preset=&#8220;default&#8220; global_colors_info=&#8220;{}&#8220;][et_pb_text _builder_version=&#8220;4.21.0&#8243; _module_preset=&#8220;default&#8220; global_colors_info=&#8220;{}&#8220;]<\/p>\n<h2>Lesen Sie den Erfahrungsbericht der IT-Abteilung von Bonduelle<\/h2>\n<blockquote>\n<p><span>&#8222;Der Unterschied zwischen einer Pr\u00e4sentation, bei der alle um einen Tisch herum sitzen und eine Folie nach der anderen abspielen, und einer Pr\u00e4sentation, bei der der Moderator vor allen steht und sich bewegt, ist eklatant &#8230; Man erlangt eher Aufmerksamkeit der Teilnehmer&#8220;<\/span><\/p>\n<\/blockquote>\n<p>[\/et_pb_text][\/et_pb_column][\/et_pb_row][\/et_pb_section][et_pb_section fb_built=&#8220;1&#8243; fullwidth=&#8220;on&#8220; _builder_version=&#8220;4.21.0&#8243; _module_preset=&#8220;default&#8220; collapsed=&#8220;on&#8220; global_colors_info=&#8220;{}&#8220;][et_pb_fullwidth_header title=&#8220;M\u00f6chten Sie Ihr Unternehmen ausstatten?&#8220; text_orientation=&#8220;center&#8220; button_one_text=&#8220;Kontakt&#8220; button_one_url=&#8220;https:\/\/speechi.com\/de\/kontakt\/&#8220; _builder_version=&#8220;4.21.0&#8243; _module_preset=&#8220;default&#8220; title_text_align=&#8220;center&#8220; content_text_align=&#8220;center&#8220; subhead_text_align=&#8220;center&#8220; custom_button_one=&#8220;on&#8220; button_one_border_radius=&#8220;49px&#8220; button_one_custom_margin=&#8220;|auto|||false|false&#8220; button_one_custom_padding=&#8220;||||false|false&#8220; global_colors_info=&#8220;{}&#8220;][\/et_pb_fullwidth_header][\/et_pb_section][et_pb_section fb_built=&#8220;1&#8243; _builder_version=&#8220;4.19.5&#8243; background_color=&#8220;#eaeaea&#8220; custom_padding=&#8220;20px||30px||false|false&#8220; global_colors_info=&#8220;{}&#8220;][et_pb_row column_structure=&#8220;1_5,1_5,1_5,1_5,1_5&#8243; make_equal=&#8220;on&#8220; _builder_version=&#8220;4.16&#8243; custom_padding=&#8220;0px||0px&#8220; custom_width_percent=&#8220;100%&#8220; global_colors_info=&#8220;{}&#8220;][et_pb_column type=&#8220;1_5&#8243; _builder_version=&#8220;4.16&#8243; custom_padding=&#8220;|||&#8220; global_colors_info=&#8220;{}&#8220; custom_padding__hover=&#8220;|||&#8220;][et_pb_blurb title=&#8220;Lille&#8220; image=&#8220;https:\/\/cdn.speechi.com\/wp-content\/uploads\/2023\/03\/placeholder.png&#8220; icon_placement=&#8220;left&#8220; _builder_version=&#8220;4.21.0&#8243; header_font=&#8220;||||||||&#8220; header_font_size=&#8220;15px&#8220; body_font=&#8220;||||||||&#8220; body_font_size=&#8220;12px&#8220; body_line_height=&#8220;1em&#8220; custom_margin=&#8220;15px||&#8220; custom_css_blurb_content=&#8220;max-width:100%;&#8220; global_colors_info=&#8220;{}&#8220;]<\/p>\n<p><span>12 rue de Weppes<\/span><\/p>\n<p>[\/et_pb_blurb][\/et_pb_column][et_pb_column type=&#8220;1_5&#8243; _builder_version=&#8220;4.16&#8243; custom_padding=&#8220;|||&#8220; global_colors_info=&#8220;{}&#8220; custom_padding__hover=&#8220;|||&#8220;][et_pb_blurb title=&#8220;Paris 10&#8243; image=&#8220;https:\/\/cdn.speechi.com\/wp-content\/uploads\/2023\/03\/placeholder.png&#8220; icon_placement=&#8220;left&#8220; _builder_version=&#8220;4.21.0&#8243; header_font=&#8220;||||||||&#8220; header_font_size=&#8220;15px&#8220; body_font=&#8220;||||||||&#8220; body_font_size=&#8220;12px&#8220; body_line_height=&#8220;1em&#8220; custom_margin=&#8220;15px||&#8220; custom_css_blurb_content=&#8220;max-width:100%;&#8220; global_colors_info=&#8220;{}&#8220;]<\/p>\n<p><span>13 Rue Petits H\u00f4tels<\/span><\/p>\n<p>[\/et_pb_blurb][\/et_pb_column][et_pb_column type=&#8220;1_5&#8243; _builder_version=&#8220;4.16&#8243; custom_padding=&#8220;|||&#8220; global_colors_info=&#8220;{}&#8220; custom_padding__hover=&#8220;|||&#8220;][et_pb_blurb title=&#8220;K\u00f6ln&#8220; image=&#8220;https:\/\/cdn.speechi.com\/wp-content\/uploads\/2023\/03\/placeholder.png&#8220; icon_placement=&#8220;left&#8220; _builder_version=&#8220;4.21.0&#8243; header_font=&#8220;||||||||&#8220; header_font_size=&#8220;15px&#8220; body_font=&#8220;||||||||&#8220; body_font_size=&#8220;12px&#8220; body_line_height=&#8220;1em&#8220; custom_margin=&#8220;15px||&#8220; custom_css_blurb_content=&#8220;max-width:100%;&#8220; global_colors_info=&#8220;{}&#8220;]<\/p>\n<p><span>Worringer Str. 30<\/span><\/p>\n<p>[\/et_pb_blurb][\/et_pb_column][et_pb_column type=&#8220;1_5&#8243; _builder_version=&#8220;4.16&#8243; custom_padding=&#8220;|||&#8220; global_colors_info=&#8220;{}&#8220; custom_padding__hover=&#8220;|||&#8220;][et_pb_blurb title=&#8220;Uns anrufen&#8220; image=&#8220;https:\/\/cdn.speechi.com\/wp-content\/uploads\/2023\/03\/call.png&#8220; icon_placement=&#8220;left&#8220; _builder_version=&#8220;4.21.0&#8243; header_font=&#8220;||||||||&#8220; header_font_size=&#8220;16px&#8220; body_font=&#8220;||||||||&#8220; body_font_size=&#8220;12px&#8220; body_line_height=&#8220;1em&#8220; custom_margin=&#8220;15px||&#8220; custom_css_blurb_content=&#8220;max-width:100%;&#8220; global_colors_info=&#8220;{}&#8220;]<\/p>\n<p><span>03 79 59 01 97<\/span><\/p>\n<p>[\/et_pb_blurb][\/et_pb_column][et_pb_column type=&#8220;1_5&#8243; _builder_version=&#8220;4.16&#8243; custom_padding=&#8220;|||&#8220; global_colors_info=&#8220;{}&#8220; custom_padding__hover=&#8220;|||&#8220;][et_pb_blurb title=&#8220;Uns schreiben&#8220; image=&#8220;https:\/\/cdn.speechi.com\/wp-content\/uploads\/2023\/03\/email.png&#8220; icon_placement=&#8220;left&#8220; _builder_version=&#8220;4.21.0&#8243; header_font=&#8220;||||||||&#8220; header_font_size=&#8220;16px&#8220; body_font=&#8220;||||||||&#8220; body_font_size=&#8220;12px&#8220; body_line_height=&#8220;1em&#8220; custom_margin=&#8220;15px||&#8220; custom_css_blurb_content=&#8220;max-width:100%;&#8220; global_colors_info=&#8220;{}&#8220;]<\/p>\n<p>info@speechi.com<\/p>\n<p>[\/et_pb_blurb][\/et_pb_column][\/et_pb_row][\/et_pb_section]<\/p>\n","protected":false},"excerpt":{"rendered":"<p>Fallstudie: Bonduelle, Aush\u00e4ngeschild der LebensmittelindustrieUNTERNEHMENDIE IT-ABTEILUNG VON BONDUELLELILLEHintergrund Die IT-Abteilung von Bonduelle hat eine Software zur Datenvisualisierung entwickelt, die dazu in der Lage ist, sehr unterschiedliche Daten auszuwerten, um den Bed\u00fcrfnissen aller Teams gerecht zu werden (Support, HR, Finanzen, Agronomie, Vertrieb &#8230;), die an etwa 50 Standorten weltweit angesiedelt sind. Um ihr Tool den verschiedenen [&hellip;]<\/p>\n","protected":false},"author":5,"featured_media":0,"parent":0,"menu_order":0,"comment_status":"closed","ping_status":"closed","template":"","meta":{"_acf_changed":false,"_seopress_robots_primary_cat":"","_seopress_titles_title":"Fallstudie : Bonduelle und die Datavisualisierung | Speechi","_seopress_titles_desc":"In dieser Fallstudie erfahren Sie, welche L\u00f6sungen Speechi f\u00fcr Bonduelle bereitgestellt hat, um das Datavisualisierungs-Tool zu demonstrieren.","_seopress_robots_index":"","_et_pb_use_builder":"on","_et_pb_old_content":"","_et_gb_content_width":"","footnotes":""},"difl_page_category":[],"class_list":["post-4409658","page","type-page","status-publish","hentry"],"acf":[],"_links":{"self":[{"href":"https:\/\/speechi.com\/de\/wp-json\/wp\/v2\/pages\/4409658","targetHints":{"allow":["GET"]}}],"collection":[{"href":"https:\/\/speechi.com\/de\/wp-json\/wp\/v2\/pages"}],"about":[{"href":"https:\/\/speechi.com\/de\/wp-json\/wp\/v2\/types\/page"}],"author":[{"embeddable":true,"href":"https:\/\/speechi.com\/de\/wp-json\/wp\/v2\/users\/5"}],"replies":[{"embeddable":true,"href":"https:\/\/speechi.com\/de\/wp-json\/wp\/v2\/comments?post=4409658"}],"version-history":[{"count":29,"href":"https:\/\/speechi.com\/de\/wp-json\/wp\/v2\/pages\/4409658\/revisions"}],"predecessor-version":[{"id":44169560,"href":"https:\/\/speechi.com\/de\/wp-json\/wp\/v2\/pages\/4409658\/revisions\/44169560"}],"wp:attachment":[{"href":"https:\/\/speechi.com\/de\/wp-json\/wp\/v2\/media?parent=4409658"}],"wp:term":[{"taxonomy":"difl_page_category","embeddable":true,"href":"https:\/\/speechi.com\/de\/wp-json\/wp\/v2\/difl_page_category?post=4409658"}],"curies":[{"name":"wp","href":"https:\/\/api.w.org\/{rel}","templated":true}]}}