{"id":4409868,"date":"2024-01-09T17:26:17","date_gmt":"2024-01-09T16:26:17","guid":{"rendered":"https:\/\/speechi.com\/?page_id=4409868"},"modified":"2024-03-26T10:40:10","modified_gmt":"2024-03-26T09:40:10","slug":"fallstudie-orano","status":"publish","type":"page","link":"https:\/\/speechi.com\/de\/fallstudie-orano\/","title":{"rendered":"Fallstudie: Orano"},"content":{"rendered":"<p>[et_pb_section fb_built=&#8220;1&#8243; _builder_version=&#8220;4.21.0&#8243; _module_preset=&#8220;default&#8220; background_enable_image=&#8220;off&#8220; background_video_mp4=&#8220;https:\/\/speechi.com\/wp-content\/uploads\/2024\/03\/banniere-speechi-orano.mp4&#8243; height=&#8220;500px&#8220; locked=&#8220;off&#8220; collapsed=&#8220;on&#8220; global_colors_info=&#8220;{}&#8220;][\/et_pb_section][et_pb_section fb_built=&#8220;1&#8243; _builder_version=&#8220;4.21.0&#8243; _module_preset=&#8220;default&#8220; custom_padding=&#8220;25px|||||&#8220; collapsed=&#8220;on&#8220; global_colors_info=&#8220;{}&#8220;][et_pb_row _builder_version=&#8220;4.21.0&#8243; _module_preset=&#8220;default&#8220; global_colors_info=&#8220;{}&#8220;][et_pb_column type=&#8220;4_4&#8243; _builder_version=&#8220;4.21.0&#8243; _module_preset=&#8220;default&#8220; global_colors_info=&#8220;{}&#8220;][et_pb_text _builder_version=&#8220;4.21.0&#8243; _module_preset=&#8220;default&#8220; global_colors_info=&#8220;{}&#8220;]<\/p>\n<h1 style=\"text-align: center;\">Fallstudie: Orano, ein Energieriese<\/h1>\n<p>[\/et_pb_text][\/et_pb_column][\/et_pb_row][et_pb_row column_structure=&#8220;1_3,1_3,1_3&#8243; _builder_version=&#8220;4.21.0&#8243; _module_preset=&#8220;default&#8220; width=&#8220;40%&#8220; global_colors_info=&#8220;{}&#8220;][et_pb_column type=&#8220;1_3&#8243; _builder_version=&#8220;4.21.0&#8243; _module_preset=&#8220;default&#8220; global_colors_info=&#8220;{}&#8220;][et_pb_image src=&#8220;https:\/\/speechi.com\/wp-content\/uploads\/2024\/01\/01-secteur-pro-1.svg&#8220; title_text=&#8220;UNTERNEHMEN&#8220; _builder_version=&#8220;4.21.0&#8243; _module_preset=&#8220;default&#8220; global_colors_info=&#8220;{}&#8220;][\/et_pb_image][et_pb_text _builder_version=&#8220;4.21.0&#8243; _module_preset=&#8220;default&#8220; global_colors_info=&#8220;{}&#8220;]<\/p>\n<p style=\"text-align: center;\">UNTERNEHMEN<\/p>\n<p>[\/et_pb_text][\/et_pb_column][et_pb_column type=&#8220;1_3&#8243; _builder_version=&#8220;4.21.0&#8243; _module_preset=&#8220;default&#8220; global_colors_info=&#8220;{}&#8220;][et_pb_image src=&#8220;https:\/\/speechi.com\/wp-content\/uploads\/2024\/02\/logo-orano.svg&#8220; title_text=&#8220;Orano, ein Energieriese&#8220; _builder_version=&#8220;4.21.0&#8243; _module_preset=&#8220;default&#8220; global_colors_info=&#8220;{}&#8220;][\/et_pb_image][et_pb_text _builder_version=&#8220;4.21.0&#8243; _module_preset=&#8220;default&#8220; global_colors_info=&#8220;{}&#8220;]<\/p>\n<p style=\"text-align: center;\">Das INNOVATIONSZENTRUM von ORANO<\/p>\n<p>[\/et_pb_text][\/et_pb_column][et_pb_column type=&#8220;1_3&#8243; _builder_version=&#8220;4.21.0&#8243; _module_preset=&#8220;default&#8220; global_colors_info=&#8220;{}&#8220;][et_pb_image src=&#8220;https:\/\/speechi.com\/wp-content\/uploads\/2024\/01\/03-ou-1.svg&#8220; title_text=&#8220;Ort&#8220; _builder_version=&#8220;4.21.0&#8243; _module_preset=&#8220;default&#8220; global_colors_info=&#8220;{}&#8220;][\/et_pb_image][et_pb_text _builder_version=&#8220;4.21.0&#8243; _module_preset=&#8220;default&#8220; global_colors_info=&#8220;{}&#8220;]<\/p>\n<p style=\"text-align: center;\">CH\u00c2TILLON (HAUTS-DE-SEINE)<\/p>\n<p>[\/et_pb_text][\/et_pb_column][\/et_pb_row][et_pb_row _builder_version=&#8220;4.21.0&#8243; _module_preset=&#8220;default&#8220; global_colors_info=&#8220;{}&#8220;][et_pb_column type=&#8220;4_4&#8243; _builder_version=&#8220;4.21.0&#8243; _module_preset=&#8220;default&#8220; global_colors_info=&#8220;{}&#8220;][et_pb_text _builder_version=&#8220;4.21.0&#8243; _module_preset=&#8220;default&#8220; global_colors_info=&#8220;{}&#8220;]<\/p>\n<h2>Hintergrund<\/h2>\n<p>Aufgrund der Schwierigkeiten der f\u00fcr den Transport zust\u00e4ndigen Business Unit die Teams bei jeder Besprechung an einem Standort zu versammeln, suchte der Leiter des Programms zur digitalen Transformation des Konzerns Orano, fr\u00fcher Areva, nach einer L\u00f6sung, um <strong>visuelles Management per Videokonferenz zu erm\u00f6glichen<\/strong>. Nachdem die Softwarel\u00f6sung gefunden war, fehlte noch das passende taktile und interaktive Anzeigemedium. <\/p>\n<p>[\/et_pb_text][\/et_pb_column][\/et_pb_row][et_pb_row column_structure=&#8220;1_2,1_2&#8243; _builder_version=&#8220;4.21.0&#8243; _module_preset=&#8220;default&#8220; global_colors_info=&#8220;{}&#8220;][et_pb_column type=&#8220;1_2&#8243; _builder_version=&#8220;4.21.0&#8243; _module_preset=&#8220;default&#8220; global_colors_info=&#8220;{}&#8220;][et_pb_image src=&#8220;https:\/\/speechi.com\/wp-content\/uploads\/2024\/03\/speechi-temoigage-ecran-interactif-entreprise-orano-2.jpg&#8220; title_text=&#8220;Der interaktiven Speechi-Displays bei Orano&#8220; _builder_version=&#8220;4.21.0&#8243; _module_preset=&#8220;default&#8220; hover_enabled=&#8220;0&#8243; global_colors_info=&#8220;{}&#8220; alt=&#8220;Der interaktiven Speechi-Displays bei Orano&#8220; sticky_enabled=&#8220;0&#8243;][\/et_pb_image][et_pb_text _builder_version=&#8220;4.21.0&#8243; _module_preset=&#8220;default&#8220; global_colors_info=&#8220;{}&#8220;]<\/p>\n<h3>Problemstellung<\/h3>\n<ul>\n<li>Digitalisierung von R\u00e4umen und Managementtafeln bei Orano.<\/li>\n<li>Teams, die manchmal weit voneinander entfernt arbeiten, pr\u00e4senziell oder virtuell um ein gemeinsames, digitales Tool zusammenbringen.<\/li>\n<\/ul>\n<p>[\/et_pb_text][\/et_pb_column][et_pb_column type=&#8220;1_2&#8243; _builder_version=&#8220;4.21.0&#8243; _module_preset=&#8220;default&#8220; global_colors_info=&#8220;{}&#8220;][et_pb_image src=&#8220;https:\/\/speechi.com\/wp-content\/uploads\/2024\/03\/speechi-temoigage-ecran-interactif-entreprise-orano-4.jpg&#8220; title_text=&#8220;Einf\u00fchrung von Videokonferenzen auf interaktiven Speechi-Displays bei Orano&#8220; _builder_version=&#8220;4.21.0&#8243; _module_preset=&#8220;default&#8220; hover_enabled=&#8220;0&#8243; global_colors_info=&#8220;{}&#8220; alt=&#8220;Einf\u00fchrung von Videokonferenzen auf interaktiven Speechi-Displays bei Orano&#8220; sticky_enabled=&#8220;0&#8243;][\/et_pb_image][et_pb_text _builder_version=&#8220;4.21.0&#8243; _module_preset=&#8220;default&#8220; global_colors_info=&#8220;{}&#8220;]<\/p>\n<h3>Erbrachte L\u00f6sungen<\/h3>\n<ul>\n<li>Ein interaktives SpeechiTouch 86&#8243;- Display mit 4K-Aufl\u00f6sung.<\/li>\n<li>Ein Windows 10-PC im OPS-Format, der in den Bildschirm integriert und somit unsichtbar ist.<\/li>\n<\/ul>\n<p>[\/et_pb_text][\/et_pb_column][\/et_pb_row][et_pb_row column_structure=&#8220;1_2,1_2&#8243; _builder_version=&#8220;4.21.0&#8243; _module_preset=&#8220;default&#8220; global_colors_info=&#8220;{}&#8220;][et_pb_column type=&#8220;1_2&#8243; _builder_version=&#8220;4.21.0&#8243; _module_preset=&#8220;default&#8220; global_colors_info=&#8220;{}&#8220;][et_pb_image src=&#8220;https:\/\/speechi.com\/wp-content\/uploads\/2024\/03\/speechi-temoigage-ecran-interactif-entreprise-orano-1.jpg&#8220; title_text=&#8220;Fallstudie: Orano&#8220; _builder_version=&#8220;4.21.0&#8243; _module_preset=&#8220;default&#8220; hover_enabled=&#8220;0&#8243; global_colors_info=&#8220;{}&#8220; sticky_enabled=&#8220;0&#8243; alt=&#8220;Fallstudie: Orano&#8220;][\/et_pb_image][et_pb_text _builder_version=&#8220;4.21.0&#8243; _module_preset=&#8220;default&#8220; global_colors_info=&#8220;{}&#8220;]<\/p>\n<h3>Verwendung des Bildschirms<\/h3>\n<ul>\n<li>Nutzung der Software f\u00fcr visuelles Management, mit der jedes Team seine Arbeitsschwerpunkte im Jahresplan festlegt.<\/li>\n<li>Nutzung der von der Kanban-Methode inspirierten Software, um die Arbeit eines Teams sowie den Inhalt und den Fortschritt eines Projekts zu visualisieren.<\/li>\n<\/ul>\n<p>[\/et_pb_text][\/et_pb_column][et_pb_column type=&#8220;1_2&#8243; _builder_version=&#8220;4.21.0&#8243; _module_preset=&#8220;default&#8220; global_colors_info=&#8220;{}&#8220;][et_pb_image src=&#8220;https:\/\/speechi.com\/wp-content\/uploads\/2024\/03\/speechi-temoigage-ecran-interactif-entreprise-orano-3.jpg&#8220; title_text=&#8220;Verwendung von Speechi interaktiven Touchscreens durch Orano&#8220; _builder_version=&#8220;4.21.0&#8243; _module_preset=&#8220;default&#8220; hover_enabled=&#8220;0&#8243; global_colors_info=&#8220;{}&#8220; alt=&#8220;Verwendung von Speechi interaktiven Touchscreens durch Orano&#8220; sticky_enabled=&#8220;0&#8243;][\/et_pb_image][et_pb_text _builder_version=&#8220;4.21.0&#8243; _module_preset=&#8220;default&#8220; global_colors_info=&#8220;{}&#8220;]<\/p>\n<h3>Vorteile<\/h3>\n<ul>\n<li>Erh\u00f6hte Beteiligung an Besprechungen und eine gestiegene Produktivit\u00e4t der Teams.<\/li>\n<li>Gute Lesbarkeit dank gro\u00dfem Bildschirm und 4K-Aufl\u00f6sung.<\/li>\n<li>Ein digitales Anzeigemedium, das einen erheblichen Komfort- und Zeitgewinn darstellt.<\/li>\n<\/ul>\n<p>[\/et_pb_text][\/et_pb_column][\/et_pb_row][et_pb_row column_structure=&#8220;1_2,1_2&#8243; _builder_version=&#8220;4.21.0&#8243; _module_preset=&#8220;default&#8220; global_colors_info=&#8220;{}&#8220;][et_pb_column type=&#8220;1_2&#8243; _builder_version=&#8220;4.21.0&#8243; _module_preset=&#8220;default&#8220; global_colors_info=&#8220;{}&#8220;][et_pb_video src=&#8220;https:\/\/youtu.be\/xFGVkddASlw&#8220; _builder_version=&#8220;4.21.0&#8243; _module_preset=&#8220;default&#8220; global_colors_info=&#8220;{}&#8220;][\/et_pb_video][\/et_pb_column][et_pb_column type=&#8220;1_2&#8243; _builder_version=&#8220;4.21.0&#8243; _module_preset=&#8220;default&#8220; global_colors_info=&#8220;{}&#8220;][et_pb_text _builder_version=&#8220;4.21.0&#8243; _module_preset=&#8220;default&#8220; global_colors_info=&#8220;{}&#8220;]<\/p>\n<h3>Lesen Sie den Erfahrungsbericht des Leiters f\u00fcr digitale Transformation bei Orano<\/h3>\n<blockquote>\n<p>&#8222;Allein die Tatsache, dass wir in die gleiche Richtung blicken und nicht jeder hinter seinem PC an einem Tisch sitzt, f\u00fchrt zu einer h\u00f6heren Beteiligung an den Besprechungen. Die Produktivit\u00e4t des Teams wird dadurch wesentlich verbessert.&#8220;<\/p>\n<\/blockquote>\n<p>[\/et_pb_text][\/et_pb_column][\/et_pb_row][\/et_pb_section][et_pb_section fb_built=&#8220;1&#8243; fullwidth=&#8220;on&#8220; _builder_version=&#8220;4.20.2&#8243; _module_preset=&#8220;default&#8220; collapsed=&#8220;on&#8220; global_colors_info=&#8220;{}&#8220;][et_pb_fullwidth_header title=&#8220;M\u00f6chten Sie Ihr Unternehmen ausstatten?&#8220; text_orientation=&#8220;center&#8220; button_one_text=&#8220;Kontakt&#8220; button_one_url=&#8220;https:\/\/speechi.com\/de\/kontakt\/&#8220; _builder_version=&#8220;4.21.0&#8243; _module_preset=&#8220;default&#8220; title_text_align=&#8220;center&#8220; content_text_align=&#8220;center&#8220; subhead_text_align=&#8220;center&#8220; custom_button_one=&#8220;on&#8220; button_one_border_radius=&#8220;49px&#8220; button_one_custom_margin=&#8220;|auto|||false|false&#8220; button_one_custom_padding=&#8220;||||false|false&#8220; global_colors_info=&#8220;{}&#8220;][\/et_pb_fullwidth_header][\/et_pb_section][et_pb_section fb_built=&#8220;1&#8243; _builder_version=&#8220;4.19.5&#8243; background_color=&#8220;#eaeaea&#8220; custom_padding=&#8220;20px||30px||false|false&#8220; global_colors_info=&#8220;{}&#8220;][et_pb_row column_structure=&#8220;1_5,1_5,1_5,1_5,1_5&#8243; make_equal=&#8220;on&#8220; _builder_version=&#8220;4.16&#8243; custom_padding=&#8220;0px||0px&#8220; custom_width_percent=&#8220;100%&#8220; global_colors_info=&#8220;{}&#8220;][et_pb_column type=&#8220;1_5&#8243; _builder_version=&#8220;4.16&#8243; custom_padding=&#8220;|||&#8220; global_colors_info=&#8220;{}&#8220; custom_padding__hover=&#8220;|||&#8220;][et_pb_blurb title=&#8220;Lille&#8220; image=&#8220;https:\/\/cdn.speechi.com\/wp-content\/uploads\/2023\/03\/placeholder.png&#8220; icon_placement=&#8220;left&#8220; _builder_version=&#8220;4.21.0&#8243; header_font=&#8220;||||||||&#8220; header_font_size=&#8220;15px&#8220; body_font=&#8220;||||||||&#8220; body_font_size=&#8220;12px&#8220; body_line_height=&#8220;1em&#8220; custom_margin=&#8220;15px||&#8220; custom_css_blurb_content=&#8220;max-width:100%;&#8220; global_colors_info=&#8220;{}&#8220;]<\/p>\n<p><span>12 rue de Weppes<\/span><\/p>\n<p>[\/et_pb_blurb][\/et_pb_column][et_pb_column type=&#8220;1_5&#8243; _builder_version=&#8220;4.16&#8243; custom_padding=&#8220;|||&#8220; global_colors_info=&#8220;{}&#8220; custom_padding__hover=&#8220;|||&#8220;][et_pb_blurb title=&#8220;Paris 10&#8243; image=&#8220;https:\/\/cdn.speechi.com\/wp-content\/uploads\/2023\/03\/placeholder.png&#8220; icon_placement=&#8220;left&#8220; _builder_version=&#8220;4.21.0&#8243; header_font=&#8220;||||||||&#8220; header_font_size=&#8220;15px&#8220; body_font=&#8220;||||||||&#8220; body_font_size=&#8220;12px&#8220; body_line_height=&#8220;1em&#8220; custom_margin=&#8220;15px||&#8220; custom_css_blurb_content=&#8220;max-width:100%;&#8220; global_colors_info=&#8220;{}&#8220;]<\/p>\n<p><span>13 Rue Petits H\u00f4tels<\/span><\/p>\n<p>[\/et_pb_blurb][\/et_pb_column][et_pb_column type=&#8220;1_5&#8243; _builder_version=&#8220;4.16&#8243; custom_padding=&#8220;|||&#8220; global_colors_info=&#8220;{}&#8220; custom_padding__hover=&#8220;|||&#8220;][et_pb_blurb title=&#8220;K\u00f6ln&#8220; image=&#8220;https:\/\/cdn.speechi.com\/wp-content\/uploads\/2023\/03\/placeholder.png&#8220; icon_placement=&#8220;left&#8220; _builder_version=&#8220;4.21.0&#8243; header_font=&#8220;||||||||&#8220; header_font_size=&#8220;15px&#8220; body_font=&#8220;||||||||&#8220; body_font_size=&#8220;12px&#8220; body_line_height=&#8220;1em&#8220; custom_margin=&#8220;15px||&#8220; custom_css_blurb_content=&#8220;max-width:100%;&#8220; global_colors_info=&#8220;{}&#8220;]<\/p>\n<p><span>Worringer Str. 30<\/span><\/p>\n<p>[\/et_pb_blurb][\/et_pb_column][et_pb_column type=&#8220;1_5&#8243; _builder_version=&#8220;4.16&#8243; custom_padding=&#8220;|||&#8220; global_colors_info=&#8220;{}&#8220; custom_padding__hover=&#8220;|||&#8220;][et_pb_blurb title=&#8220;Uns anrufen&#8220; image=&#8220;https:\/\/cdn.speechi.com\/wp-content\/uploads\/2023\/03\/call.png&#8220; icon_placement=&#8220;left&#8220; _builder_version=&#8220;4.21.0&#8243; header_font=&#8220;||||||||&#8220; header_font_size=&#8220;16px&#8220; body_font=&#8220;||||||||&#8220; body_font_size=&#8220;12px&#8220; body_line_height=&#8220;1em&#8220; custom_margin=&#8220;15px||&#8220; custom_css_blurb_content=&#8220;max-width:100%;&#8220; global_colors_info=&#8220;{}&#8220;]<\/p>\n<p><span>03 79 59 01 97<\/span><\/p>\n<p>[\/et_pb_blurb][\/et_pb_column][et_pb_column type=&#8220;1_5&#8243; _builder_version=&#8220;4.16&#8243; custom_padding=&#8220;|||&#8220; global_colors_info=&#8220;{}&#8220; custom_padding__hover=&#8220;|||&#8220;][et_pb_blurb title=&#8220;Uns schreiben&#8220; image=&#8220;https:\/\/cdn.speechi.com\/wp-content\/uploads\/2023\/03\/email.png&#8220; icon_placement=&#8220;left&#8220; _builder_version=&#8220;4.21.0&#8243; header_font=&#8220;||||||||&#8220; header_font_size=&#8220;16px&#8220; body_font=&#8220;||||||||&#8220; body_font_size=&#8220;12px&#8220; body_line_height=&#8220;1em&#8220; custom_margin=&#8220;15px||&#8220; custom_css_blurb_content=&#8220;max-width:100%;&#8220; global_colors_info=&#8220;{}&#8220;]<\/p>\n<p>info@speechi.com<\/p>\n<p>[\/et_pb_blurb][\/et_pb_column][\/et_pb_row][\/et_pb_section]<\/p>\n","protected":false},"excerpt":{"rendered":"<p>Fallstudie: Orano, ein EnergierieseUNTERNEHMENDas INNOVATIONSZENTRUM von ORANOCH\u00c2TILLON (HAUTS-DE-SEINE)Hintergrund Aufgrund der Schwierigkeiten der f\u00fcr den Transport zust\u00e4ndigen Business Unit die Teams bei jeder Besprechung an einem Standort zu versammeln, suchte der Leiter des Programms zur digitalen Transformation des Konzerns Orano, fr\u00fcher Areva, nach einer L\u00f6sung, um visuelles Management per Videokonferenz zu erm\u00f6glichen. Nachdem die Softwarel\u00f6sung gefunden [&hellip;]<\/p>\n","protected":false},"author":5,"featured_media":0,"parent":0,"menu_order":0,"comment_status":"closed","ping_status":"closed","template":"","meta":{"_acf_changed":false,"_seopress_robots_primary_cat":"","_seopress_titles_title":"Fallstudie: Orano, ein Energieriese | Speechi","_seopress_titles_desc":"Erfahren Sie, wie wir Orano, ehemals Areva, bei der Ausstattung mit digitalen Tools f\u00fcr Visual-Management-Meetings unterst\u00fctzt haben.","_seopress_robots_index":"","_et_pb_use_builder":"on","_et_pb_old_content":"","_et_gb_content_width":"","footnotes":""},"difl_page_category":[],"class_list":["post-4409868","page","type-page","status-publish","hentry"],"acf":[],"_links":{"self":[{"href":"https:\/\/speechi.com\/de\/wp-json\/wp\/v2\/pages\/4409868","targetHints":{"allow":["GET"]}}],"collection":[{"href":"https:\/\/speechi.com\/de\/wp-json\/wp\/v2\/pages"}],"about":[{"href":"https:\/\/speechi.com\/de\/wp-json\/wp\/v2\/types\/page"}],"author":[{"embeddable":true,"href":"https:\/\/speechi.com\/de\/wp-json\/wp\/v2\/users\/5"}],"replies":[{"embeddable":true,"href":"https:\/\/speechi.com\/de\/wp-json\/wp\/v2\/comments?post=4409868"}],"version-history":[{"count":16,"href":"https:\/\/speechi.com\/de\/wp-json\/wp\/v2\/pages\/4409868\/revisions"}],"predecessor-version":[{"id":4414531,"href":"https:\/\/speechi.com\/de\/wp-json\/wp\/v2\/pages\/4409868\/revisions\/4414531"}],"wp:attachment":[{"href":"https:\/\/speechi.com\/de\/wp-json\/wp\/v2\/media?parent=4409868"}],"wp:term":[{"taxonomy":"difl_page_category","embeddable":true,"href":"https:\/\/speechi.com\/de\/wp-json\/wp\/v2\/difl_page_category?post=4409868"}],"curies":[{"name":"wp","href":"https:\/\/api.w.org\/{rel}","templated":true}]}}