{"id":4409874,"date":"2024-01-10T10:58:44","date_gmt":"2024-01-10T09:58:44","guid":{"rendered":"https:\/\/speechi.com\/?page_id=4409874"},"modified":"2024-03-26T11:24:41","modified_gmt":"2024-03-26T10:24:41","slug":"fallstudie-ausbildungszentrum-rc-lens","status":"publish","type":"page","link":"https:\/\/speechi.com\/de\/fallstudie-ausbildungszentrum-rc-lens\/","title":{"rendered":"Fallstudie: Das Ausbildungszentrum des RC Lens"},"content":{"rendered":"<p>[et_pb_section fb_built=&#8220;1&#8243; _builder_version=&#8220;4.21.0&#8243; _module_preset=&#8220;default&#8220; background_enable_image=&#8220;off&#8220; background_video_mp4=&#8220;https:\/\/speechi.com\/wp-content\/uploads\/2024\/03\/banniere-speechi-rclens.mp4&#8243; height=&#8220;500px&#8220; locked=&#8220;off&#8220; collapsed=&#8220;on&#8220; global_colors_info=&#8220;{}&#8220;][\/et_pb_section][et_pb_section fb_built=&#8220;1&#8243; _builder_version=&#8220;4.21.0&#8243; _module_preset=&#8220;default&#8220; custom_padding=&#8220;28px|||||&#8220; collapsed=&#8220;off&#8220; global_colors_info=&#8220;{}&#8220;][et_pb_row _builder_version=&#8220;4.21.0&#8243; _module_preset=&#8220;default&#8220; global_colors_info=&#8220;{}&#8220;][et_pb_column type=&#8220;4_4&#8243; _builder_version=&#8220;4.21.0&#8243; _module_preset=&#8220;default&#8220; global_colors_info=&#8220;{}&#8220;][et_pb_text _builder_version=&#8220;4.21.0&#8243; _module_preset=&#8220;default&#8220; global_colors_info=&#8220;{}&#8220;]<\/p>\n<h1 style=\"text-align: center;\">Fallstudie: Das Ausbildungszentrum des RC Lens<\/h1>\n<p>[\/et_pb_text][\/et_pb_column][\/et_pb_row][et_pb_row column_structure=&#8220;1_3,1_3,1_3&#8243; _builder_version=&#8220;4.21.0&#8243; _module_preset=&#8220;default&#8220; width=&#8220;40%&#8220; global_colors_info=&#8220;{}&#8220;][et_pb_column type=&#8220;1_3&#8243; _builder_version=&#8220;4.21.0&#8243; _module_preset=&#8220;default&#8220; global_colors_info=&#8220;{}&#8220;][et_pb_image src=&#8220;https:\/\/speechi.com\/wp-content\/uploads\/2024\/02\/rc-lens-ecran-interactif.svg&#8220; title_text=&#8220;ein interaktiver Speechi-Bildschirm im Ausbildungszentrum des RC Lens&#8220; _builder_version=&#8220;4.21.0&#8243; _module_preset=&#8220;default&#8220; global_colors_info=&#8220;{}&#8220;][\/et_pb_image][et_pb_text _builder_version=&#8220;4.21.0&#8243; _module_preset=&#8220;default&#8220; global_colors_info=&#8220;{}&#8220;]<\/p>\n<p style=\"text-align: center;\">SPORTAUSBILDUNGSZENTRUM<\/p>\n<p>[\/et_pb_text][\/et_pb_column][et_pb_column type=&#8220;1_3&#8243; _builder_version=&#8220;4.21.0&#8243; _module_preset=&#8220;default&#8220; global_colors_info=&#8220;{}&#8220;][et_pb_image src=&#8220;https:\/\/speechi.com\/wp-content\/uploads\/2024\/02\/logo-rc-lens-speechi-ecran-tactil.svg&#8220; title_text=&#8220;Logo des RC Lens&#8220; _builder_version=&#8220;4.21.0&#8243; _module_preset=&#8220;default&#8220; global_colors_info=&#8220;{}&#8220;][\/et_pb_image][et_pb_text _builder_version=&#8220;4.21.0&#8243; _module_preset=&#8220;default&#8220; global_colors_info=&#8220;{}&#8220;]<\/p>\n<p style=\"text-align: center;\">AUSBILDUNGSZENTRUM DES RC LENS<\/p>\n<p>[\/et_pb_text][\/et_pb_column][et_pb_column type=&#8220;1_3&#8243; _builder_version=&#8220;4.21.0&#8243; _module_preset=&#8220;default&#8220; global_colors_info=&#8220;{}&#8220;][et_pb_image src=&#8220;https:\/\/speechi.com\/wp-content\/uploads\/2024\/02\/03-ou-1.svg.svg&#8220; title_text=&#8220;03-ou-1.svg&#8220; _builder_version=&#8220;4.21.0&#8243; _module_preset=&#8220;default&#8220; global_colors_info=&#8220;{}&#8220;][\/et_pb_image][et_pb_text _builder_version=&#8220;4.21.0&#8243; _module_preset=&#8220;default&#8220; global_colors_info=&#8220;{}&#8220;]<\/p>\n<p style=\"text-align: center;\">LENS (PAS-DE-CALAIS)<\/p>\n<p>[\/et_pb_text][\/et_pb_column][\/et_pb_row][et_pb_row _builder_version=&#8220;4.21.0&#8243; _module_preset=&#8220;default&#8220; global_colors_info=&#8220;{}&#8220;][et_pb_column type=&#8220;4_4&#8243; _builder_version=&#8220;4.21.0&#8243; _module_preset=&#8220;default&#8220; global_colors_info=&#8220;{}&#8220;][et_pb_text _builder_version=&#8220;4.21.0&#8243; _module_preset=&#8220;default&#8220; global_colors_info=&#8220;{}&#8220;]<\/p>\n<h2>Hintergrund<\/h2>\n<p>Das Ausbildungszentrum des Racing Club de Lens beherbergt in seinen Einrichtungen \u00fcber hundert Jugendliche und begleitet jeden von ihnen bei seinem Entwicklungsprojekt. Um <strong>das Potenzial jedes Jugendlichen zu entwickeln<\/strong> und ihn dazu zu bringen, sich von Spiel zu Spiel zu verbessern, ist <strong>das Anschauen und Analysieren jedes einzelnen Spiels<\/strong> von entscheidender Bedeutung. Das Ausbildungszentrum war daher auf der Suche nach einem benutzerfreundlichen digitalen Anzeigemedium, auf dem man sich Spiele ansehen und schreiben kann.<\/p>\n<p>[\/et_pb_text][\/et_pb_column][\/et_pb_row][et_pb_row column_structure=&#8220;1_2,1_2&#8243; _builder_version=&#8220;4.21.0&#8243; _module_preset=&#8220;default&#8220; global_colors_info=&#8220;{}&#8220;][et_pb_column type=&#8220;1_2&#8243; _builder_version=&#8220;4.21.0&#8243; _module_preset=&#8220;default&#8220; global_colors_info=&#8220;{}&#8220;][et_pb_image src=&#8220;https:\/\/speechi.com\/wp-content\/uploads\/2024\/03\/speechi-temoigage-ecran-interactif-centre-de-formation-foot-lens-2.jpg&#8220; title_text=&#8220;Junge Fu\u00dfballspieler durch den Einsatz eines interaktiven Speechi-Bildschirms ausbilden&#8220; _builder_version=&#8220;4.21.0&#8243; _module_preset=&#8220;default&#8220; hover_enabled=&#8220;0&#8243; global_colors_info=&#8220;{}&#8220; alt=&#8220;Junge Fu\u00dfballspieler durch den Einsatz eines interaktiven Speechi-Bildschirms ausbilden&#8220; sticky_enabled=&#8220;0&#8243;][\/et_pb_image][et_pb_text _builder_version=&#8220;4.21.0&#8243; _module_preset=&#8220;default&#8220; global_colors_info=&#8220;{}&#8220;]<\/p>\n<h3>Problemstellung<\/h3>\n<ul>\n<li>Ausstattung mit einem Tool f\u00fcr die gemeinsame Videoanalyse von Spielen.<\/li>\n<\/ul>\n<p>[\/et_pb_text][\/et_pb_column][et_pb_column type=&#8220;1_2&#8243; _builder_version=&#8220;4.21.0&#8243; _module_preset=&#8220;default&#8220; global_colors_info=&#8220;{}&#8220;][et_pb_image src=&#8220;https:\/\/speechi.com\/wp-content\/uploads\/2024\/03\/speechi-temoigage-ecran-interactif-centre-de-formation-foot-lens-3.jpg&#8220; title_text=&#8220;Fallstudie des Ausbildungszentrums des RC Lens&#8220; _builder_version=&#8220;4.21.0&#8243; _module_preset=&#8220;default&#8220; hover_enabled=&#8220;0&#8243; global_colors_info=&#8220;{}&#8220; alt=&#8220;Fallstudie des Ausbildungszentrums des RC Lens&#8220; sticky_enabled=&#8220;0&#8243;][\/et_pb_image][et_pb_text _builder_version=&#8220;4.21.0&#8243; _module_preset=&#8220;default&#8220; global_colors_info=&#8220;{}&#8220;]<\/p>\n<h3>Erbrachte L\u00f6sungen<\/h3>\n<ul>\n<li>Ein interaktives 75&#8243;-SuperGlass-Display.<\/li>\n<\/ul>\n<p>[\/et_pb_text][\/et_pb_column][\/et_pb_row][et_pb_row column_structure=&#8220;1_2,1_2&#8243; _builder_version=&#8220;4.21.0&#8243; _module_preset=&#8220;default&#8220; global_colors_info=&#8220;{}&#8220;][et_pb_column type=&#8220;1_2&#8243; _builder_version=&#8220;4.21.0&#8243; _module_preset=&#8220;default&#8220; global_colors_info=&#8220;{}&#8220;][et_pb_image src=&#8220;https:\/\/speechi.com\/wp-content\/uploads\/2024\/03\/speechi-temoigage-ecran-interactif-centre-de-formation-foot-lens-4.jpg&#8220; title_text=&#8220;Videokonferenzen mit dem franz\u00f6sischen Fu\u00dfballverband auf einem interaktiven Speechi-Bildschirm starten&#8220; _builder_version=&#8220;4.21.0&#8243; _module_preset=&#8220;default&#8220; hover_enabled=&#8220;0&#8243; global_colors_info=&#8220;{}&#8220; alt=&#8220;Videokonferenzen mit dem franz\u00f6sischen Fu\u00dfballverband auf einem interaktiven Speechi-Bildschirm starten&#8220; sticky_enabled=&#8220;0&#8243;][\/et_pb_image][et_pb_text _builder_version=&#8220;4.21.0&#8243; _module_preset=&#8220;default&#8220; global_colors_info=&#8220;{}&#8220;]<\/p>\n<h3>Verwendung des Bildschirms<\/h3>\n<ul>\n<li>Analyse von Spiel- und Trainingsvideos.<\/li>\n<li>Entwicklung von Spielstrategien in der Note-App mithilfe eines Fu\u00dfballfelds als Bildschirmhintergrund.<\/li>\n<li>Spieleranwerbung oder Treffen mit dem franz\u00f6sischen Fu\u00dfballverband per Videokonferenz.<\/li>\n<\/ul>\n<p>[\/et_pb_text][\/et_pb_column][et_pb_column type=&#8220;1_2&#8243; _builder_version=&#8220;4.21.0&#8243; _module_preset=&#8220;default&#8220; global_colors_info=&#8220;{}&#8220;][et_pb_image src=&#8220;https:\/\/speechi.com\/wp-content\/uploads\/2024\/03\/speechi-temoigage-ecran-interactif-centre-de-formation-foot-lens-1.jpg&#8220; title_text=&#8220;Der interaktive Speechi-Bildschirm, ein hervorragendes Werkzeug, um das Video eines Spiels zu kommentieren&#8220; _builder_version=&#8220;4.21.0&#8243; _module_preset=&#8220;default&#8220; hover_enabled=&#8220;0&#8243; global_colors_info=&#8220;{}&#8220; alt=&#8220;Der interaktive Speechi-Bildschirm, ein hervorragendes Werkzeug, um das Video eines Spiels zu kommentieren&#8220; sticky_enabled=&#8220;0&#8243;][\/et_pb_image][et_pb_text _builder_version=&#8220;4.21.0&#8243; _module_preset=&#8220;default&#8220; global_colors_info=&#8220;{}&#8220;]<\/p>\n<h3>Vorteile<\/h3>\n<ul>\n<li>Die Bildqualit\u00e4t in 4K-Aufl\u00f6sung und die Gr\u00f6\u00dfe des Bildschirms erm\u00f6glichen es, Schulungen in Gruppen durchzuf\u00fchren.<\/li>\n<li>Die M\u00f6glichkeit, das Video anzuhalten und mit den st\u00e4ndig in der seitlichen Symbolleiste verf\u00fcgbaren Anmerkungswerkzeugen zu kommentieren.<\/li>\n<li>Die M\u00f6glichkeit, die in Note erdachten Spielstrategien zu speichern und per QR-Code mit den Nachwuchsspielern zu teilen.<\/li>\n<\/ul>\n<p>[\/et_pb_text][\/et_pb_column][\/et_pb_row][et_pb_row column_structure=&#8220;1_2,1_2&#8243; _builder_version=&#8220;4.21.0&#8243; _module_preset=&#8220;default&#8220; global_colors_info=&#8220;{}&#8220;][et_pb_column type=&#8220;1_2&#8243; _builder_version=&#8220;4.21.0&#8243; _module_preset=&#8220;default&#8220; global_colors_info=&#8220;{}&#8220;][et_pb_video src=&#8220;https:\/\/youtu.be\/gwGw1sABU2o&#8220; _builder_version=&#8220;4.21.0&#8243; _module_preset=&#8220;default&#8220; global_colors_info=&#8220;{}&#8220;][\/et_pb_video][\/et_pb_column][et_pb_column type=&#8220;1_2&#8243; _builder_version=&#8220;4.21.0&#8243; _module_preset=&#8220;default&#8220; global_colors_info=&#8220;{}&#8220;][et_pb_text _builder_version=&#8220;4.21.0&#8243; _module_preset=&#8220;default&#8220; global_colors_info=&#8220;{}&#8220;]<\/p>\n<h2>Lesen Sie den Erfahrungsbericht von Eric Assadourian, Leiter des Zentrums<\/h2>\n<blockquote>\n<p>&#8222;Die Videounterst\u00fctzung ist heute unerl\u00e4sslich, um jedes Spiel oder Training aufzuschl\u00fcsseln, um die Qualit\u00e4ten, aber auch die Fehler der Spieler gezielt herauszuarbeiten.&#8220;<\/p>\n<p>&nbsp;<\/p>\n<p>&nbsp;<\/p>\n<p>&#8222;Ich benutze Speechi seit vielen Jahren und ich wei\u00df, dass ich noch mehr erreichen kann (&#8230;) insbesondere mit Videoanalyse-R\u00e4umen, in denen wir vor Spielen eine Videomontage und eine Analyse \u00fcber diese hervorragenden Hilfsmittel anbieten k\u00f6nnten.&#8220;<\/p>\n<\/blockquote>\n<p>[\/et_pb_text][\/et_pb_column][\/et_pb_row][\/et_pb_section][et_pb_section fb_built=&#8220;1&#8243; fullwidth=&#8220;on&#8220; _builder_version=&#8220;4.20.2&#8243; _module_preset=&#8220;default&#8220; collapsed=&#8220;on&#8220; global_colors_info=&#8220;{}&#8220;][et_pb_fullwidth_header title=&#8220;M\u00f6chten Sie Ihre Schule ausstatten?&#8220; text_orientation=&#8220;center&#8220; button_one_text=&#8220;Kontakt&#8220; button_one_url=&#8220;https:\/\/speechi.com\/de\/kontakt\/&#8220; _builder_version=&#8220;4.21.0&#8243; _module_preset=&#8220;default&#8220; title_text_align=&#8220;center&#8220; content_text_align=&#8220;center&#8220; subhead_text_align=&#8220;center&#8220; custom_button_one=&#8220;on&#8220; button_one_border_radius=&#8220;49px&#8220; button_one_custom_margin=&#8220;|auto|||false|false&#8220; button_one_custom_padding=&#8220;||||false|false&#8220; global_colors_info=&#8220;{}&#8220;][\/et_pb_fullwidth_header][\/et_pb_section][et_pb_section fb_built=&#8220;1&#8243; _builder_version=&#8220;4.19.5&#8243; background_color=&#8220;#eaeaea&#8220; custom_padding=&#8220;20px||30px||false|false&#8220; global_colors_info=&#8220;{}&#8220;][et_pb_row column_structure=&#8220;1_5,1_5,1_5,1_5,1_5&#8243; make_equal=&#8220;on&#8220; _builder_version=&#8220;4.16&#8243; custom_padding=&#8220;0px||0px&#8220; custom_width_percent=&#8220;100%&#8220; global_colors_info=&#8220;{}&#8220;][et_pb_column type=&#8220;1_5&#8243; _builder_version=&#8220;4.16&#8243; custom_padding=&#8220;|||&#8220; global_colors_info=&#8220;{}&#8220; custom_padding__hover=&#8220;|||&#8220;][et_pb_blurb title=&#8220;Lille&#8220; image=&#8220;https:\/\/cdn.speechi.com\/wp-content\/uploads\/2023\/03\/placeholder.png&#8220; icon_placement=&#8220;left&#8220; _builder_version=&#8220;4.21.0&#8243; header_font=&#8220;||||||||&#8220; header_font_size=&#8220;15px&#8220; body_font=&#8220;||||||||&#8220; body_font_size=&#8220;12px&#8220; body_line_height=&#8220;1em&#8220; custom_margin=&#8220;15px||&#8220; custom_css_blurb_content=&#8220;max-width:100%;&#8220; global_colors_info=&#8220;{}&#8220;]<\/p>\n<p><span>12 rue de Weppes<\/span><\/p>\n<p>[\/et_pb_blurb][\/et_pb_column][et_pb_column type=&#8220;1_5&#8243; _builder_version=&#8220;4.16&#8243; custom_padding=&#8220;|||&#8220; global_colors_info=&#8220;{}&#8220; custom_padding__hover=&#8220;|||&#8220;][et_pb_blurb title=&#8220;Paris 10&#8243; image=&#8220;https:\/\/cdn.speechi.com\/wp-content\/uploads\/2023\/03\/placeholder.png&#8220; icon_placement=&#8220;left&#8220; _builder_version=&#8220;4.21.0&#8243; header_font=&#8220;||||||||&#8220; header_font_size=&#8220;15px&#8220; body_font=&#8220;||||||||&#8220; body_font_size=&#8220;12px&#8220; body_line_height=&#8220;1em&#8220; custom_margin=&#8220;15px||&#8220; custom_css_blurb_content=&#8220;max-width:100%;&#8220; global_colors_info=&#8220;{}&#8220;]<\/p>\n<p><span>13 Rue Petits H\u00f4tels<\/span><\/p>\n<p>[\/et_pb_blurb][\/et_pb_column][et_pb_column type=&#8220;1_5&#8243; _builder_version=&#8220;4.16&#8243; custom_padding=&#8220;|||&#8220; global_colors_info=&#8220;{}&#8220; custom_padding__hover=&#8220;|||&#8220;][et_pb_blurb title=&#8220;K\u00f6ln&#8220; image=&#8220;https:\/\/cdn.speechi.com\/wp-content\/uploads\/2023\/03\/placeholder.png&#8220; icon_placement=&#8220;left&#8220; _builder_version=&#8220;4.21.0&#8243; header_font=&#8220;||||||||&#8220; header_font_size=&#8220;15px&#8220; body_font=&#8220;||||||||&#8220; body_font_size=&#8220;12px&#8220; body_line_height=&#8220;1em&#8220; custom_margin=&#8220;15px||&#8220; custom_css_blurb_content=&#8220;max-width:100%;&#8220; global_colors_info=&#8220;{}&#8220;]<\/p>\n<p><span>Worringer Str. 30<\/span><\/p>\n<p>[\/et_pb_blurb][\/et_pb_column][et_pb_column type=&#8220;1_5&#8243; _builder_version=&#8220;4.16&#8243; custom_padding=&#8220;|||&#8220; global_colors_info=&#8220;{}&#8220; custom_padding__hover=&#8220;|||&#8220;][et_pb_blurb title=&#8220;Uns anrufen&#8220; image=&#8220;https:\/\/cdn.speechi.com\/wp-content\/uploads\/2023\/03\/call.png&#8220; icon_placement=&#8220;left&#8220; _builder_version=&#8220;4.21.0&#8243; header_font=&#8220;||||||||&#8220; header_font_size=&#8220;16px&#8220; body_font=&#8220;||||||||&#8220; body_font_size=&#8220;12px&#8220; body_line_height=&#8220;1em&#8220; custom_margin=&#8220;15px||&#8220; custom_css_blurb_content=&#8220;max-width:100%;&#8220; global_colors_info=&#8220;{}&#8220;]<\/p>\n<p><span>03 79 59 01 97<\/span><\/p>\n<p>[\/et_pb_blurb][\/et_pb_column][et_pb_column type=&#8220;1_5&#8243; _builder_version=&#8220;4.16&#8243; custom_padding=&#8220;|||&#8220; global_colors_info=&#8220;{}&#8220; custom_padding__hover=&#8220;|||&#8220;][et_pb_blurb title=&#8220;Uns schreiben&#8220; image=&#8220;https:\/\/cdn.speechi.com\/wp-content\/uploads\/2023\/03\/email.png&#8220; icon_placement=&#8220;left&#8220; _builder_version=&#8220;4.21.0&#8243; header_font=&#8220;||||||||&#8220; header_font_size=&#8220;16px&#8220; body_font=&#8220;||||||||&#8220; body_font_size=&#8220;12px&#8220; body_line_height=&#8220;1em&#8220; custom_margin=&#8220;15px||&#8220; custom_css_blurb_content=&#8220;max-width:100%;&#8220; global_colors_info=&#8220;{}&#8220;]<\/p>\n<p>info@speechi.com<\/p>\n<p>[\/et_pb_blurb][\/et_pb_column][\/et_pb_row][\/et_pb_section]<\/p>\n","protected":false},"excerpt":{"rendered":"<p>Fallstudie: Das Ausbildungszentrum des RC LensSPORTAUSBILDUNGSZENTRUMAUSBILDUNGSZENTRUM DES RC LENSLENS (PAS-DE-CALAIS)Hintergrund Das Ausbildungszentrum des Racing Club de Lens beherbergt in seinen Einrichtungen \u00fcber hundert Jugendliche und begleitet jeden von ihnen bei seinem Entwicklungsprojekt. Um das Potenzial jedes Jugendlichen zu entwickeln und ihn dazu zu bringen, sich von Spiel zu Spiel zu verbessern, ist das Anschauen und [&hellip;]<\/p>\n","protected":false},"author":5,"featured_media":0,"parent":0,"menu_order":0,"comment_status":"closed","ping_status":"closed","template":"","meta":{"_acf_changed":false,"_seopress_robots_primary_cat":"","_seopress_titles_title":"Fallstudie: Das Ausbildungszentrum des RC Lens | Speechi","_seopress_titles_desc":"Erfahren Sie, wie das Ausbildungszentrum des RC Lens unseren interaktiven Speechi-Bildschirm nutzt, um seine jungen Fu\u00dfballspieler zu trainieren.","_seopress_robots_index":"","_et_pb_use_builder":"on","_et_pb_old_content":"","_et_gb_content_width":"","footnotes":""},"difl_page_category":[],"class_list":["post-4409874","page","type-page","status-publish","hentry"],"acf":[],"_links":{"self":[{"href":"https:\/\/speechi.com\/de\/wp-json\/wp\/v2\/pages\/4409874","targetHints":{"allow":["GET"]}}],"collection":[{"href":"https:\/\/speechi.com\/de\/wp-json\/wp\/v2\/pages"}],"about":[{"href":"https:\/\/speechi.com\/de\/wp-json\/wp\/v2\/types\/page"}],"author":[{"embeddable":true,"href":"https:\/\/speechi.com\/de\/wp-json\/wp\/v2\/users\/5"}],"replies":[{"embeddable":true,"href":"https:\/\/speechi.com\/de\/wp-json\/wp\/v2\/comments?post=4409874"}],"version-history":[{"count":12,"href":"https:\/\/speechi.com\/de\/wp-json\/wp\/v2\/pages\/4409874\/revisions"}],"predecessor-version":[{"id":4414552,"href":"https:\/\/speechi.com\/de\/wp-json\/wp\/v2\/pages\/4409874\/revisions\/4414552"}],"wp:attachment":[{"href":"https:\/\/speechi.com\/de\/wp-json\/wp\/v2\/media?parent=4409874"}],"wp:term":[{"taxonomy":"difl_page_category","embeddable":true,"href":"https:\/\/speechi.com\/de\/wp-json\/wp\/v2\/difl_page_category?post=4409874"}],"curies":[{"name":"wp","href":"https:\/\/api.w.org\/{rel}","templated":true}]}}