{"id":4409877,"date":"2024-01-10T11:20:08","date_gmt":"2024-01-10T10:20:08","guid":{"rendered":"https:\/\/speechi.com\/?page_id=4409877"},"modified":"2024-03-26T11:14:28","modified_gmt":"2024-03-26T10:14:28","slug":"fallstudie-architekturschule-ensap","status":"publish","type":"page","link":"https:\/\/speechi.com\/de\/fallstudie-architekturschule-ensap\/","title":{"rendered":"Fallstudie: Architekturschule ENSAP"},"content":{"rendered":"<p>[et_pb_section fb_built=&#8220;1&#8243; _builder_version=&#8220;4.21.0&#8243; _module_preset=&#8220;default&#8220; background_enable_image=&#8220;off&#8220; background_video_mp4=&#8220;https:\/\/speechi.com\/wp-content\/uploads\/2024\/03\/banniere-speechi-ensap-ecole-architecture.mp4&#8243; height=&#8220;500px&#8220; locked=&#8220;off&#8220; collapsed=&#8220;on&#8220; global_colors_info=&#8220;{}&#8220;][\/et_pb_section][et_pb_section fb_built=&#8220;1&#8243; _builder_version=&#8220;4.21.0&#8243; _module_preset=&#8220;default&#8220; custom_padding=&#8220;26px|||||&#8220; collapsed=&#8220;off&#8220; global_colors_info=&#8220;{}&#8220;][et_pb_row _builder_version=&#8220;4.21.0&#8243; _module_preset=&#8220;default&#8220; global_colors_info=&#8220;{}&#8220;][et_pb_column type=&#8220;4_4&#8243; _builder_version=&#8220;4.21.0&#8243; _module_preset=&#8220;default&#8220; global_colors_info=&#8220;{}&#8220;][et_pb_text _builder_version=&#8220;4.21.0&#8243; _module_preset=&#8220;default&#8220; global_colors_info=&#8220;{}&#8220;]<\/p>\n<h1 style=\"text-align: center;\">Fallstudie: Architekturschule ENSAP<\/h1>\n<p>[\/et_pb_text][\/et_pb_column][\/et_pb_row][et_pb_row column_structure=&#8220;1_3,1_3,1_3&#8243; _builder_version=&#8220;4.21.0&#8243; _module_preset=&#8220;default&#8220; width=&#8220;40%&#8220; global_colors_info=&#8220;{}&#8220;][et_pb_column type=&#8220;1_3&#8243; _builder_version=&#8220;4.21.0&#8243; _module_preset=&#8220;default&#8220; global_colors_info=&#8220;{}&#8220;][et_pb_image src=&#8220;https:\/\/speechi.com\/wp-content\/uploads\/2024\/02\/education-ecran-tactile-geant.svg&#8220; title_text=&#8220;interaktiven Speechi-Displays&#8220; _builder_version=&#8220;4.21.0&#8243; _module_preset=&#8220;default&#8220; global_colors_info=&#8220;{}&#8220;][\/et_pb_image][et_pb_text _builder_version=&#8220;4.21.0&#8243; _module_preset=&#8220;default&#8220; global_colors_info=&#8220;{}&#8220;]<\/p>\n<p style=\"text-align: center;\">BILDUNG<\/p>\n<p>[\/et_pb_text][\/et_pb_column][et_pb_column type=&#8220;1_3&#8243; _builder_version=&#8220;4.21.0&#8243; _module_preset=&#8220;default&#8220; global_colors_info=&#8220;{}&#8220;][et_pb_image src=&#8220;https:\/\/speechi.com\/wp-content\/uploads\/2024\/02\/logo-ecole-archi.svg&#8220; title_text=&#8220;Architekturschule&#8220; _builder_version=&#8220;4.21.0&#8243; _module_preset=&#8220;default&#8220; global_colors_info=&#8220;{}&#8220;][\/et_pb_image][et_pb_text _builder_version=&#8220;4.21.0&#8243; _module_preset=&#8220;default&#8220; global_colors_info=&#8220;{}&#8220;]<\/p>\n<p style=\"text-align: center;\">ARCHITEKTURSCHULE ENSAP<\/p>\n<p>[\/et_pb_text][\/et_pb_column][et_pb_column type=&#8220;1_3&#8243; _builder_version=&#8220;4.21.0&#8243; _module_preset=&#8220;default&#8220; global_colors_info=&#8220;{}&#8220;][et_pb_image src=&#8220;https:\/\/speechi.com\/wp-content\/uploads\/2024\/02\/03-ou-1.svg.svg&#8220; title_text=&#8220;03-ou-1.svg&#8220; _builder_version=&#8220;4.21.0&#8243; _module_preset=&#8220;default&#8220; global_colors_info=&#8220;{}&#8220;][\/et_pb_image][et_pb_text _builder_version=&#8220;4.21.0&#8243; _module_preset=&#8220;default&#8220; global_colors_info=&#8220;{}&#8220;]<\/p>\n<p style=\"text-align: center;\">LILLE (NORD)<\/p>\n<p>[\/et_pb_text][\/et_pb_column][\/et_pb_row][et_pb_row _builder_version=&#8220;4.21.0&#8243; _module_preset=&#8220;default&#8220; global_colors_info=&#8220;{}&#8220;][et_pb_column type=&#8220;4_4&#8243; _builder_version=&#8220;4.21.0&#8243; _module_preset=&#8220;default&#8220; global_colors_info=&#8220;{}&#8220;][et_pb_text _builder_version=&#8220;4.21.0&#8243; _module_preset=&#8220;default&#8220; global_colors_info=&#8220;{}&#8220;]<\/p>\n<blockquote>\n<p><span>&#8222;Die interaktiven Speechi-Displays bieten erweiterte p\u00e4dagogische M\u00f6glichkeiten, die den Pr\u00e4senzunterricht von Lehrenden bereichern, indem sie die Interaktion mit verschiedenen digitalen Medien, dem Internet und den vorhandenen Werkzeugen der Schule erleichtern, aber vor allem schaffen sie Interaktivit\u00e4t.&#8220;<\/span><\/p>\n<\/blockquote>\n<p>[\/et_pb_text][\/et_pb_column][\/et_pb_row][et_pb_row _builder_version=&#8220;4.21.0&#8243; _module_preset=&#8220;default&#8220; global_colors_info=&#8220;{}&#8220;][et_pb_column type=&#8220;4_4&#8243; _builder_version=&#8220;4.21.0&#8243; _module_preset=&#8220;default&#8220; global_colors_info=&#8220;{}&#8220;][et_pb_text _builder_version=&#8220;4.21.0&#8243; _module_preset=&#8220;default&#8220; global_colors_info=&#8220;{}&#8220;]<\/p>\n<h2>Hintergrund<\/h2>\n<p>Die ENSAP ist ein <strong>Hochschulstandort<\/strong> mit 800 bis 850 Studierenden und zwei Studieng\u00e4ngen: Architektur und Landschaft, die ab dem ersten Jahr gemeinsam unterrichtet werden. Als Teil einer Strategie zur Einf\u00fchrung digitaler Technologien und Modernisierung von Praktiken bestand insbesondere das Ziel, <strong>das p\u00e4dagogische Angebot durch Online- und Hybridunterricht zu diversifizieren<\/strong>.<\/p>\n<p>[\/et_pb_text][\/et_pb_column][\/et_pb_row][et_pb_row column_structure=&#8220;1_2,1_2&#8243; _builder_version=&#8220;4.21.0&#8243; _module_preset=&#8220;default&#8220; global_colors_info=&#8220;{}&#8220;][et_pb_column type=&#8220;1_2&#8243; _builder_version=&#8220;4.21.0&#8243; _module_preset=&#8220;default&#8220; global_colors_info=&#8220;{}&#8220;][et_pb_image src=&#8220;https:\/\/speechi.com\/wp-content\/uploads\/2024\/03\/speechi-temoigage-ecran-interactif-ecole-architecture-ensap-5.jpg&#8220; title_text=&#8220;Ein interaktiver Speechi-Display an der Schule f\u00fcr Architektur&#8220; _builder_version=&#8220;4.21.0&#8243; _module_preset=&#8220;default&#8220; hover_enabled=&#8220;0&#8243; global_colors_info=&#8220;{}&#8220; alt=&#8220;Ein interaktiver Speechi-Display an der Schule f\u00fcr Architektur&#8220; sticky_enabled=&#8220;0&#8243;][\/et_pb_image][et_pb_text _builder_version=&#8220;4.21.0&#8243; _module_preset=&#8220;default&#8220; global_colors_info=&#8220;{}&#8220;]<\/p>\n<h3>Problemstellung<\/h3>\n<ul>\n<li>Ausstattung mit Werkzeugen, um Onlineunterricht anbieten zu k\u00f6nnen.<\/li>\n<li>Die Werkzeuge zwischen verschiedenen R\u00e4umen gemeinsam nutzen k\u00f6nnen.<\/li>\n<\/ul>\n<p>[\/et_pb_text][\/et_pb_column][et_pb_column type=&#8220;1_2&#8243; _builder_version=&#8220;4.21.0&#8243; _module_preset=&#8220;default&#8220; global_colors_info=&#8220;{}&#8220;][et_pb_image src=&#8220;https:\/\/speechi.com\/wp-content\/uploads\/2024\/03\/speechi-temoigage-ecran-interactif-ecole-architecture-ensap-4.jpg&#8220; title_text=&#8220;Fallstudie der Architekturschule ENSAP&#8220; _builder_version=&#8220;4.21.0&#8243; _module_preset=&#8220;default&#8220; hover_enabled=&#8220;0&#8243; global_colors_info=&#8220;{}&#8220; alt=&#8220;Fallstudie der Architekturschule ENSAP&#8220; sticky_enabled=&#8220;0&#8243;][\/et_pb_image][et_pb_text _builder_version=&#8220;4.21.0&#8243; _module_preset=&#8220;default&#8220; global_colors_info=&#8220;{}&#8220;]<\/p>\n<h3>Erbrachte L\u00f6sungen<\/h3>\n<ul>\n<li>Eine Flotte kapazitiver interaktiver Displays.<\/li>\n<li>Kompakte Kameras, die oben an den Bildschirmen angebracht sind.<\/li>\n<li>Elektrische h\u00f6henverstellbare St\u00e4nder auf Rollen.<\/li>\n<\/ul>\n<p>[\/et_pb_text][\/et_pb_column][\/et_pb_row][et_pb_row column_structure=&#8220;1_2,1_2&#8243; _builder_version=&#8220;4.21.0&#8243; _module_preset=&#8220;default&#8220; global_colors_info=&#8220;{}&#8220;][et_pb_column type=&#8220;1_2&#8243; _builder_version=&#8220;4.21.0&#8243; _module_preset=&#8220;default&#8220; global_colors_info=&#8220;{}&#8220;][et_pb_image src=&#8220;https:\/\/speechi.com\/wp-content\/uploads\/2024\/03\/speechi-temoigage-ecran-interactif-ecole-architecture-ensap-3.jpg&#8220; title_text=&#8220;Ein interaktiver Bildschirm f\u00fcr Universit\u00e4ten&#8220; _builder_version=&#8220;4.21.0&#8243; _module_preset=&#8220;default&#8220; hover_enabled=&#8220;0&#8243; global_colors_info=&#8220;{}&#8220; alt=&#8220;Ein interaktiver Bildschirm f\u00fcr Universit\u00e4ten&#8220; sticky_enabled=&#8220;0&#8243;][\/et_pb_image][et_pb_text _builder_version=&#8220;4.21.0&#8243; _module_preset=&#8220;default&#8220; global_colors_info=&#8220;{}&#8220;]<\/p>\n<h3>Verwendung des Bildschirms<\/h3>\n<ul>\n<li>Pr\u00e4sentationsmedium f\u00fcr Lehrende und Studierende.<\/li>\n<li>Fernteilnahme einiger Jurymitglieder an den Verteidigungen der Studierenden.<\/li>\n<\/ul>\n<p>[\/et_pb_text][\/et_pb_column][et_pb_column type=&#8220;1_2&#8243; _builder_version=&#8220;4.21.0&#8243; _module_preset=&#8220;default&#8220; global_colors_info=&#8220;{}&#8220;][et_pb_image src=&#8220;https:\/\/speechi.com\/wp-content\/uploads\/2024\/03\/speechi-temoigage-ecran-interactif-ecole-architecture-ensap-1.jpg&#8220; title_text=&#8220;Fernjury f\u00fcr die Verteidigung der Sch\u00fcler mit einem interaktiven Bildschirm&#8220; _builder_version=&#8220;4.21.0&#8243; _module_preset=&#8220;default&#8220; hover_enabled=&#8220;0&#8243; global_colors_info=&#8220;{}&#8220; alt=&#8220;Fernjury f\u00fcr die Verteidigung der Sch\u00fcler mit einem interaktiven Bildschirm&#8220; sticky_enabled=&#8220;0&#8243;][\/et_pb_image][et_pb_text _builder_version=&#8220;4.21.0&#8243; _module_preset=&#8220;default&#8220; global_colors_info=&#8220;{}&#8220;]<\/p>\n<h3>Vorteile<\/h3>\n<ul>\n<li>Visueller Komfort.<\/li>\n<li>Bereicherung des Pr\u00e4senzunterrichts durch mehr Interaktivit\u00e4t.<\/li>\n<li>Mehr Flexibilit\u00e4t bei den angebotenen Unterrichtsmodalit\u00e4ten durch Videokonferenzen.<\/li>\n<\/ul>\n<p>[\/et_pb_text][\/et_pb_column][\/et_pb_row][et_pb_row column_structure=&#8220;1_2,1_2&#8243; _builder_version=&#8220;4.21.0&#8243; _module_preset=&#8220;default&#8220; global_colors_info=&#8220;{}&#8220;][et_pb_column type=&#8220;1_2&#8243; _builder_version=&#8220;4.21.0&#8243; _module_preset=&#8220;default&#8220; global_colors_info=&#8220;{}&#8220;][et_pb_video src=&#8220;https:\/\/youtu.be\/d9ohSluPx5Q&#8220; _builder_version=&#8220;4.21.0&#8243; _module_preset=&#8220;default&#8220; global_colors_info=&#8220;{}&#8220;][\/et_pb_video][\/et_pb_column][et_pb_column type=&#8220;1_2&#8243; _builder_version=&#8220;4.21.0&#8243; _module_preset=&#8220;default&#8220; global_colors_info=&#8220;{}&#8220;][et_pb_text _builder_version=&#8220;4.21.0&#8243; _module_preset=&#8220;default&#8220; global_colors_info=&#8220;{}&#8220;]<\/p>\n<h2>Lesen Sie den Erfahrungsbericht <br \/>des Studienleiters<\/h2>\n<blockquote>\n<p>&#8222;Der Bildschirm hat sich vollst\u00e4ndig in den Alltag unserer Lehrenden und Studierenden integriert und sie fragen jetzt nach der Nutzung dieser Werkzeuge.&#8220;<\/p>\n<\/blockquote>\n<blockquote>\n<p>&#8222;Sie fragen uns nicht mehr nach Beamern, sondern zwangsl\u00e4ufig nach einem interaktiven Speechi-Display: Der Name, die Marke und das Werkzeug haben sich durchgesetzt und entsprechen einem t\u00e4glichen Bedarf.&#8220;<\/p>\n<\/blockquote>\n<p>[\/et_pb_text][\/et_pb_column][\/et_pb_row][\/et_pb_section][et_pb_section fb_built=&#8220;1&#8243; fullwidth=&#8220;on&#8220; _builder_version=&#8220;4.20.2&#8243; _module_preset=&#8220;default&#8220; collapsed=&#8220;on&#8220; global_colors_info=&#8220;{}&#8220;][et_pb_fullwidth_header title=&#8220;M\u00f6chten Sie Ihre Schule ausstatten?&#8220; text_orientation=&#8220;center&#8220; button_one_text=&#8220;Kontakt&#8220; button_one_url=&#8220;https:\/\/speechi.com\/de\/kontakt\/&#8220; _builder_version=&#8220;4.21.0&#8243; _module_preset=&#8220;default&#8220; title_text_align=&#8220;center&#8220; content_text_align=&#8220;center&#8220; subhead_text_align=&#8220;center&#8220; custom_button_one=&#8220;on&#8220; button_one_border_radius=&#8220;49px&#8220; button_one_custom_margin=&#8220;|auto|||false|false&#8220; button_one_custom_padding=&#8220;||||false|false&#8220; global_colors_info=&#8220;{}&#8220;][\/et_pb_fullwidth_header][\/et_pb_section][et_pb_section fb_built=&#8220;1&#8243; _builder_version=&#8220;4.19.5&#8243; background_color=&#8220;#eaeaea&#8220; custom_padding=&#8220;20px||30px||false|false&#8220; global_colors_info=&#8220;{}&#8220;][et_pb_row column_structure=&#8220;1_5,1_5,1_5,1_5,1_5&#8243; make_equal=&#8220;on&#8220; _builder_version=&#8220;4.16&#8243; custom_padding=&#8220;0px||0px&#8220; custom_width_percent=&#8220;100%&#8220; global_colors_info=&#8220;{}&#8220;][et_pb_column type=&#8220;1_5&#8243; _builder_version=&#8220;4.16&#8243; custom_padding=&#8220;|||&#8220; global_colors_info=&#8220;{}&#8220; custom_padding__hover=&#8220;|||&#8220;][et_pb_blurb title=&#8220;Lille&#8220; image=&#8220;https:\/\/cdn.speechi.com\/wp-content\/uploads\/2023\/03\/placeholder.png&#8220; icon_placement=&#8220;left&#8220; _builder_version=&#8220;4.21.0&#8243; header_font=&#8220;||||||||&#8220; header_font_size=&#8220;15px&#8220; body_font=&#8220;||||||||&#8220; body_font_size=&#8220;12px&#8220; body_line_height=&#8220;1em&#8220; custom_margin=&#8220;15px||&#8220; custom_css_blurb_content=&#8220;max-width:100%;&#8220; global_colors_info=&#8220;{}&#8220;]<\/p>\n<p><span>12 rue de Weppes<\/span><\/p>\n<p>[\/et_pb_blurb][\/et_pb_column][et_pb_column type=&#8220;1_5&#8243; _builder_version=&#8220;4.16&#8243; custom_padding=&#8220;|||&#8220; global_colors_info=&#8220;{}&#8220; custom_padding__hover=&#8220;|||&#8220;][et_pb_blurb title=&#8220;Paris 10&#8243; image=&#8220;https:\/\/cdn.speechi.com\/wp-content\/uploads\/2023\/03\/placeholder.png&#8220; icon_placement=&#8220;left&#8220; _builder_version=&#8220;4.21.0&#8243; header_font=&#8220;||||||||&#8220; header_font_size=&#8220;15px&#8220; body_font=&#8220;||||||||&#8220; body_font_size=&#8220;12px&#8220; body_line_height=&#8220;1em&#8220; custom_margin=&#8220;15px||&#8220; custom_css_blurb_content=&#8220;max-width:100%;&#8220; global_colors_info=&#8220;{}&#8220;]<\/p>\n<p><span>13 Rue Petits H\u00f4tels<\/span><\/p>\n<p>[\/et_pb_blurb][\/et_pb_column][et_pb_column type=&#8220;1_5&#8243; _builder_version=&#8220;4.16&#8243; custom_padding=&#8220;|||&#8220; global_colors_info=&#8220;{}&#8220; custom_padding__hover=&#8220;|||&#8220;][et_pb_blurb title=&#8220;K\u00f6ln&#8220; image=&#8220;https:\/\/cdn.speechi.com\/wp-content\/uploads\/2023\/03\/placeholder.png&#8220; icon_placement=&#8220;left&#8220; _builder_version=&#8220;4.21.0&#8243; header_font=&#8220;||||||||&#8220; header_font_size=&#8220;15px&#8220; body_font=&#8220;||||||||&#8220; body_font_size=&#8220;12px&#8220; body_line_height=&#8220;1em&#8220; custom_margin=&#8220;15px||&#8220; custom_css_blurb_content=&#8220;max-width:100%;&#8220; global_colors_info=&#8220;{}&#8220;]<\/p>\n<p><span>Worringer Str. 30<\/span><\/p>\n<p>[\/et_pb_blurb][\/et_pb_column][et_pb_column type=&#8220;1_5&#8243; _builder_version=&#8220;4.16&#8243; custom_padding=&#8220;|||&#8220; global_colors_info=&#8220;{}&#8220; custom_padding__hover=&#8220;|||&#8220;][et_pb_blurb title=&#8220;Uns anrufen&#8220; image=&#8220;https:\/\/cdn.speechi.com\/wp-content\/uploads\/2023\/03\/call.png&#8220; icon_placement=&#8220;left&#8220; _builder_version=&#8220;4.21.0&#8243; header_font=&#8220;||||||||&#8220; header_font_size=&#8220;16px&#8220; body_font=&#8220;||||||||&#8220; body_font_size=&#8220;12px&#8220; body_line_height=&#8220;1em&#8220; custom_margin=&#8220;15px||&#8220; custom_css_blurb_content=&#8220;max-width:100%;&#8220; global_colors_info=&#8220;{}&#8220;]<\/p>\n<p><span>03 79 59 01 97<\/span><\/p>\n<p>[\/et_pb_blurb][\/et_pb_column][et_pb_column type=&#8220;1_5&#8243; _builder_version=&#8220;4.16&#8243; custom_padding=&#8220;|||&#8220; global_colors_info=&#8220;{}&#8220; custom_padding__hover=&#8220;|||&#8220;][et_pb_blurb title=&#8220;Uns schreiben&#8220; image=&#8220;https:\/\/cdn.speechi.com\/wp-content\/uploads\/2023\/03\/email.png&#8220; icon_placement=&#8220;left&#8220; _builder_version=&#8220;4.21.0&#8243; header_font=&#8220;||||||||&#8220; header_font_size=&#8220;16px&#8220; body_font=&#8220;||||||||&#8220; body_font_size=&#8220;12px&#8220; body_line_height=&#8220;1em&#8220; custom_margin=&#8220;15px||&#8220; custom_css_blurb_content=&#8220;max-width:100%;&#8220; global_colors_info=&#8220;{}&#8220;]<\/p>\n<p>info@speechi.com<\/p>\n<p>[\/et_pb_blurb][\/et_pb_column][\/et_pb_row][\/et_pb_section]<\/p>\n","protected":false},"excerpt":{"rendered":"<p>Fallstudie: Architekturschule ENSAPBILDUNGARCHITEKTURSCHULE ENSAPLILLE (NORD) &#8222;Die interaktiven Speechi-Displays bieten erweiterte p\u00e4dagogische M\u00f6glichkeiten, die den Pr\u00e4senzunterricht von Lehrenden bereichern, indem sie die Interaktion mit verschiedenen digitalen Medien, dem Internet und den vorhandenen Werkzeugen der Schule erleichtern, aber vor allem schaffen sie Interaktivit\u00e4t.&#8220; Hintergrund Die ENSAP ist ein Hochschulstandort mit 800 bis 850 Studierenden und zwei Studieng\u00e4ngen: [&hellip;]<\/p>\n","protected":false},"author":5,"featured_media":0,"parent":0,"menu_order":0,"comment_status":"closed","ping_status":"closed","template":"","meta":{"_acf_changed":false,"_seopress_robots_primary_cat":"","_seopress_titles_title":"Fallstudie: Architekturschule ENSAP | Speechi","_seopress_titles_desc":"Erfahren Sie, wie wir die Architekturschule ENSAP bei der Ausstattung mit digitalen Tools zur Durchf\u00fchrung von Fernkursen unterst\u00fctzt haben. ","_seopress_robots_index":"","_et_pb_use_builder":"on","_et_pb_old_content":"","_et_gb_content_width":"","footnotes":""},"difl_page_category":[],"class_list":["post-4409877","page","type-page","status-publish","hentry"],"acf":[],"_links":{"self":[{"href":"https:\/\/speechi.com\/de\/wp-json\/wp\/v2\/pages\/4409877","targetHints":{"allow":["GET"]}}],"collection":[{"href":"https:\/\/speechi.com\/de\/wp-json\/wp\/v2\/pages"}],"about":[{"href":"https:\/\/speechi.com\/de\/wp-json\/wp\/v2\/types\/page"}],"author":[{"embeddable":true,"href":"https:\/\/speechi.com\/de\/wp-json\/wp\/v2\/users\/5"}],"replies":[{"embeddable":true,"href":"https:\/\/speechi.com\/de\/wp-json\/wp\/v2\/comments?post=4409877"}],"version-history":[{"count":21,"href":"https:\/\/speechi.com\/de\/wp-json\/wp\/v2\/pages\/4409877\/revisions"}],"predecessor-version":[{"id":4414546,"href":"https:\/\/speechi.com\/de\/wp-json\/wp\/v2\/pages\/4409877\/revisions\/4414546"}],"wp:attachment":[{"href":"https:\/\/speechi.com\/de\/wp-json\/wp\/v2\/media?parent=4409877"}],"wp:term":[{"taxonomy":"difl_page_category","embeddable":true,"href":"https:\/\/speechi.com\/de\/wp-json\/wp\/v2\/difl_page_category?post=4409877"}],"curies":[{"name":"wp","href":"https:\/\/api.w.org\/{rel}","templated":true}]}}