{"id":4410819,"date":"2024-02-21T14:11:17","date_gmt":"2024-02-21T13:11:17","guid":{"rendered":"https:\/\/speechi.com\/unsere-fallstudien-aus-dem-unternehmensumfeld\/"},"modified":"2026-04-14T15:20:48","modified_gmt":"2026-04-14T13:20:48","slug":"fallstudien-unternehmensumfeld","status":"publish","type":"page","link":"https:\/\/speechi.com\/de\/fallstudien-unternehmensumfeld\/","title":{"rendered":"Unsere Fallstudien aus dem Unternehmensumfeld"},"content":{"rendered":"<p>[et_pb_section fb_built=&#8220;1&#8243; _builder_version=&#8220;4.21.0&#8243; _module_preset=&#8220;default&#8220; global_colors_info=&#8220;{}&#8220;][et_pb_row _builder_version=&#8220;4.21.0&#8243; _module_preset=&#8220;default&#8220; global_colors_info=&#8220;{}&#8220;][et_pb_column type=&#8220;4_4&#8243; _builder_version=&#8220;4.21.0&#8243; _module_preset=&#8220;default&#8220; global_colors_info=&#8220;{}&#8220;][et_pb_text _builder_version=&#8220;4.21.0&#8243; _module_preset=&#8220;default&#8220; global_colors_info=&#8220;{}&#8220;]<\/p>\n<h1>Unsere Fallstudien aus dem Unternehmensumfeld<\/h1>\n<p>[\/et_pb_text][\/et_pb_column][\/et_pb_row][et_pb_row _builder_version=&#8220;4.21.0&#8243; _module_preset=&#8220;default&#8220; global_colors_info=&#8220;{}&#8220;][et_pb_column type=&#8220;4_4&#8243; _builder_version=&#8220;4.21.0&#8243; _module_preset=&#8220;default&#8220; global_colors_info=&#8220;{}&#8220;][et_pb_text _builder_version=&#8220;4.21.0&#8243; _module_preset=&#8220;default&#8220; global_colors_info=&#8220;{}&#8220;]<\/p>\n<p><strong>Erfahren Sie in unseren Fallstudien, wie Unternehmen aus den unterschiedlichsten Bereichen einen interaktiven Speechi-Bildschirm in ihre Arbeitsabl\u00e4ufe integrieren, welche Probleme sie dazu veranlasst haben, einen interaktiven Bildschirm anzuschaffen, wie unsere interaktiven Bildschirme ihre Erwartungen erf\u00fcllt haben und welche Vorteile sie bei ihrer t\u00e4glichen Arbeit daraus ziehen.<\/strong><\/p>\n<p>[\/et_pb_text][\/et_pb_column][\/et_pb_row][et_pb_row column_structure=&#8220;1_2,1_2&#8243; _builder_version=&#8220;4.21.0&#8243; _module_preset=&#8220;default&#8220; global_colors_info=&#8220;{}&#8220;][et_pb_column type=&#8220;1_2&#8243; _builder_version=&#8220;4.21.0&#8243; _module_preset=&#8220;default&#8220; global_colors_info=&#8220;{}&#8220;][et_pb_image src=&#8220;https:\/\/speechi.com\/wp-content\/uploads\/2024\/03\/speechi-temoigage-ecran-interactif-entreprise-orano-1.png&#8220; alt=&#8220;Fallstudie von Speechi: Orano&#8220; title_text=&#8220;Fallstudie von Speechi: Orano&#8220; url=&#8220;https:\/\/speechi.com\/de\/fallstudie-orano\/&#8220; _builder_version=&#8220;4.21.0&#8243; _module_preset=&#8220;default&#8220; animation_style=&#8220;slide&#8220; animation_duration=&#8220;500ms&#8220; animation_intensity_slide=&#8220;10%&#8220; custom_css_main_element=&#8220;transition: transform 0.3s ease;&#8220; border_radii=&#8220;off||||&#8220; global_colors_info=&#8220;{}&#8220; border_style_all__hover_enabled=&#8220;off|desktop&#8220; custom_css_main_element__hover_enabled=&#8220;on|hover&#8220; custom_css_main_element__hover=&#8220;transition: transform 0.3s ease; ||transform: scale(1.05);&#8220;][\/et_pb_image][et_pb_text _builder_version=&#8220;4.21.0&#8243; _module_preset=&#8220;default&#8220; global_colors_info=&#8220;{}&#8220;]<\/p>\n<h3 style=\"text-align: center;\"><a href=\"https:\/\/speechi.com\/de\/fallstudie-orano\/\">Orano <\/a><\/h3>\n<h5 style=\"text-align: center;\"><a href=\"https:\/\/speechi.com\/de\/fallstudie-orano\/\">Visuelles Management<\/a><\/h5>\n<p>[\/et_pb_text][\/et_pb_column][et_pb_column type=&#8220;1_2&#8243; _builder_version=&#8220;4.21.0&#8243; _module_preset=&#8220;default&#8220; global_colors_info=&#8220;{}&#8220;][et_pb_image src=&#8220;https:\/\/speechi.com\/wp-content\/uploads\/2024\/03\/speechi-temoigage-ecran-interactif-entreprise-hopital-chu-lille-1.png&#8220; alt=&#8220;Fallstudie von Speechi: Universit\u00e4tsklinikum Lille&#8220; title_text=&#8220;Fallstudie von Speechi: Universit\u00e4tsklinikum Lille&#8220; url=&#8220;https:\/\/speechi.com\/de\/fallstudie-universitatsklinikum-lille\/&#8220; _builder_version=&#8220;4.21.0&#8243; _module_preset=&#8220;default&#8220; background_enable_image=&#8220;off&#8220; animation_style=&#8220;slide&#8220; animation_duration=&#8220;500ms&#8220; animation_intensity_slide=&#8220;10%&#8220; custom_css_main_element=&#8220;transition: transform 0.3s ease;||&#8220; global_colors_info=&#8220;{}&#8220; custom_css_main_element__hover_enabled=&#8220;on|hover&#8220; custom_css_main_element__hover=&#8220;transition: transform 0.3s ease; ||transform: scale(1.05);||&#8220;][\/et_pb_image][et_pb_text _builder_version=&#8220;4.21.0&#8243; _module_preset=&#8220;default&#8220; global_colors_info=&#8220;{}&#8220;]<\/p>\n<h3 style=\"text-align: center;\"><a href=\"https:\/\/speechi.com\/de\/fallstudie-universitatsklinikum-lille\/\">Das Universit\u00e4tsklinikum Lille <\/a><\/h3>\n<h5 style=\"text-align: center;\"><a href=\"https:\/\/speechi.com\/de\/fallstudie-universitatsklinikum-lille\/\">Therapeutische Bildung<\/a><\/h5>\n<p>[\/et_pb_text][\/et_pb_column][\/et_pb_row][et_pb_row column_structure=&#8220;1_2,1_2&#8243; _builder_version=&#8220;4.21.0&#8243; _module_preset=&#8220;default&#8220; global_colors_info=&#8220;{}&#8220;][et_pb_column type=&#8220;1_2&#8243; _builder_version=&#8220;4.21.0&#8243; _module_preset=&#8220;default&#8220; global_colors_info=&#8220;{}&#8220;][et_pb_image src=&#8220;https:\/\/speechi.com\/wp-content\/uploads\/2024\/03\/speechi-temoigage-ecran-interactif-entreprise-bonduelle-1.png&#8220; alt=&#8220;Fallstudie von Speechi: Bonduelle&#8220; title_text=&#8220;Fallstudie von Speechi: Bonduelle&#8220; url=&#8220;https:\/\/speechi.com\/de\/fallstudie-bonduelle\/&#8220; _builder_version=&#8220;4.21.0&#8243; _module_preset=&#8220;default&#8220; animation_style=&#8220;slide&#8220; animation_duration=&#8220;500ms&#8220; animation_intensity_slide=&#8220;10%&#8220; custom_css_main_element=&#8220;transition: transform 0.3s ease;&#8220; global_colors_info=&#8220;{}&#8220; custom_css_main_element__hover_enabled=&#8220;on|hover&#8220; custom_css_main_element__hover=&#8220;transition: transform 0.3s ease; ||transform: scale(1.05);||&#8220;][\/et_pb_image][et_pb_text _builder_version=&#8220;4.21.0&#8243; _module_preset=&#8220;default&#8220; global_colors_info=&#8220;{}&#8220;]<\/p>\n<h3 style=\"text-align: center;\"><a href=\"https:\/\/speechi.com\/de\/fallstudie-bonduelle\/\">Bonduelle <\/a><\/h3>\n<h5 style=\"text-align: center;\"><a href=\"https:\/\/speechi.com\/de\/fallstudie-bonduelle\/\">Datenvisualisierung<\/a><\/h5>\n<p>[\/et_pb_text][\/et_pb_column][et_pb_column type=&#8220;1_2&#8243; _builder_version=&#8220;4.21.0&#8243; _module_preset=&#8220;default&#8220; global_colors_info=&#8220;{}&#8220;][et_pb_image src=&#8220;https:\/\/speechi.com\/wp-content\/uploads\/2026\/01\/speechi-temoigage-ecran-interactif-entreprise-johannes-diakonie.png&#8220; alt=&#8220;Fallstudie von Speechi: Johannes-Diakonie&#8220; title_text=&#8220;Fallstudie von Speechi: Johannes-Diakonie&#8220; url=&#8220;https:\/\/speechi.com\/de\/fallstudie-johannes-diakonie\/&#8220; _builder_version=&#8220;4.27.4&#8243; _module_preset=&#8220;default&#8220; background_enable_image=&#8220;off&#8220; animation_style=&#8220;slide&#8220; animation_duration=&#8220;500ms&#8220; animation_intensity_slide=&#8220;10%&#8220; custom_css_main_element=&#8220;transition: transform 0.3s ease;||&#8220; global_colors_info=&#8220;{}&#8220; custom_css_main_element__hover_enabled=&#8220;on|hover&#8220; custom_css_main_element__hover=&#8220;transition: transform 0.3s ease; ||transform: scale(1.05);||&#8220;][\/et_pb_image][et_pb_text _builder_version=&#8220;4.27.4&#8243; _module_preset=&#8220;default&#8220; global_colors_info=&#8220;{}&#8220;]<\/p>\n<h3 style=\"text-align: center;\"><a href=\"https:\/\/speechi.com\/de\/fallstudie-johannes-diakonie\/\">Johannes-Diakonie <\/a><\/h3>\n<h5 style=\"text-align: center;\"><a href=\"https:\/\/speechi.com\/de\/fallstudie-johannes-diakonie\/\">Digitale Inklusion<\/a><\/h5>\n<p>[\/et_pb_text][\/et_pb_column][\/et_pb_row][\/et_pb_section][et_pb_section fb_built=&#8220;1&#8243; fullwidth=&#8220;on&#8220; _builder_version=&#8220;4.21.0&#8243; _module_preset=&#8220;default&#8220; background_color=&#8220;#323a45&#8243; collapsed=&#8220;on&#8220; global_colors_info=&#8220;{}&#8220;][et_pb_fullwidth_header title=&#8220;M\u00f6chten Sie Ihr Unternehmen ausstatten?&#8220; text_orientation=&#8220;center&#8220; button_one_text=&#8220;Kontakt&#8220; button_one_url=&#8220;https:\/\/speechi.com\/de\/kontakt\/&#8220; _builder_version=&#8220;4.27.4&#8243; _module_preset=&#8220;default&#8220; title_text_align=&#8220;center&#8220; content_text_align=&#8220;center&#8220; subhead_text_align=&#8220;center&#8220; background_enable_color=&#8220;off&#8220; custom_button_one=&#8220;on&#8220; button_one_border_radius=&#8220;49px&#8220; button_one_custom_margin=&#8220;|auto|||false|false&#8220; button_one_custom_padding=&#8220;||||false|false&#8220; hover_enabled=&#8220;0&#8243; global_colors_info=&#8220;{}&#8220; title_level=&#8220;h3&#8243; title_font_size=&#8220;38px&#8220; sticky_enabled=&#8220;0&#8243;][\/et_pb_fullwidth_header][\/et_pb_section][et_pb_section fb_built=&#8220;1&#8243; _builder_version=&#8220;4.19.5&#8243; background_color=&#8220;#eaeaea&#8220; custom_padding=&#8220;20px||30px||false|false&#8220; global_colors_info=&#8220;{}&#8220;][et_pb_row column_structure=&#8220;1_4,1_4,1_4,1_4&#8243; make_equal=&#8220;on&#8220; _builder_version=&#8220;4.16&#8243; custom_padding=&#8220;0px||0px&#8220; custom_width_percent=&#8220;100%&#8220; global_colors_info=&#8220;{}&#8220;][et_pb_column type=&#8220;1_4&#8243; _builder_version=&#8220;4.16&#8243; custom_padding=&#8220;|||&#8220; global_colors_info=&#8220;{}&#8220; custom_padding__hover=&#8220;|||&#8220;][et_pb_blurb title=&#8220;Lille&#8220; image=&#8220;https:\/\/speechi.com\/wp-content\/uploads\/2023\/03\/placeholder.png&#8220; icon_placement=&#8220;left&#8220; _builder_version=&#8220;4.21.0&#8243; header_font=&#8220;||||||||&#8220; header_font_size=&#8220;15px&#8220; body_font=&#8220;||||||||&#8220; body_font_size=&#8220;12px&#8220; body_line_height=&#8220;1em&#8220; custom_margin=&#8220;15px||&#8220; custom_css_blurb_content=&#8220;max-width:100%;&#8220; global_colors_info=&#8220;{}&#8220;]<\/p>\n<p><span>12 rue de Weppes<\/span><\/p>\n<p>[\/et_pb_blurb][\/et_pb_column][et_pb_column type=&#8220;1_4&#8243; _builder_version=&#8220;4.16&#8243; custom_padding=&#8220;|||&#8220; global_colors_info=&#8220;{}&#8220; custom_padding__hover=&#8220;|||&#8220;][et_pb_blurb title=&#8220;Paris 10&#8243; image=&#8220;https:\/\/speechi.com\/wp-content\/uploads\/2023\/03\/placeholder.png&#8220; icon_placement=&#8220;left&#8220; _builder_version=&#8220;4.21.0&#8243; header_font=&#8220;||||||||&#8220; header_font_size=&#8220;15px&#8220; body_font=&#8220;||||||||&#8220; body_font_size=&#8220;12px&#8220; body_line_height=&#8220;1em&#8220; custom_margin=&#8220;15px||&#8220; custom_css_blurb_content=&#8220;max-width:100%;&#8220; global_colors_info=&#8220;{}&#8220;]<\/p>\n<p><span>13 Rue Petits H\u00f4tels<\/span><\/p>\n<p>[\/et_pb_blurb][\/et_pb_column][et_pb_column type=&#8220;1_4&#8243; _builder_version=&#8220;4.16&#8243; custom_padding=&#8220;|||&#8220; global_colors_info=&#8220;{}&#8220; custom_padding__hover=&#8220;|||&#8220;][et_pb_blurb title=&#8220;Uns schreiben&#8220; image=&#8220;https:\/\/speechi.com\/wp-content\/uploads\/2023\/03\/email.png&#8220; icon_placement=&#8220;left&#8220; _builder_version=&#8220;4.21.0&#8243; header_font=&#8220;||||||||&#8220; header_font_size=&#8220;16px&#8220; body_font=&#8220;||||||||&#8220; body_font_size=&#8220;12px&#8220; body_line_height=&#8220;1em&#8220; custom_margin=&#8220;15px||&#8220; custom_css_blurb_content=&#8220;max-width:100%;&#8220; global_colors_info=&#8220;{}&#8220;]<\/p>\n<p>info@speechi.com<\/p>\n<p>[\/et_pb_blurb][\/et_pb_column][et_pb_column type=&#8220;1_4&#8243; _builder_version=&#8220;4.16&#8243; custom_padding=&#8220;|||&#8220; global_colors_info=&#8220;{}&#8220; custom_padding__hover=&#8220;|||&#8220;][et_pb_blurb title=&#8220;Uns anrufen&#8220; image=&#8220;https:\/\/speechi.com\/wp-content\/uploads\/2023\/03\/call.png&#8220; icon_placement=&#8220;left&#8220; _builder_version=&#8220;4.21.0&#8243; header_font=&#8220;||||||||&#8220; header_font_size=&#8220;16px&#8220; body_font=&#8220;||||||||&#8220; body_font_size=&#8220;12px&#8220; body_line_height=&#8220;1em&#8220; custom_margin=&#8220;15px||&#8220; custom_css_blurb_content=&#8220;max-width:100%;&#8220; global_colors_info=&#8220;{}&#8220;]<\/p>\n<p><span>03 79 59 01 97<\/span><\/p>\n<p>[\/et_pb_blurb][\/et_pb_column][\/et_pb_row][\/et_pb_section]<\/p>\n","protected":false},"excerpt":{"rendered":"<p>Unsere Fallstudien aus dem UnternehmensumfeldErfahren Sie in unseren Fallstudien, wie Unternehmen aus den unterschiedlichsten Bereichen einen interaktiven Speechi-Bildschirm in ihre Arbeitsabl\u00e4ufe integrieren, welche Probleme sie dazu veranlasst haben, einen interaktiven Bildschirm anzuschaffen, wie unsere interaktiven Bildschirme ihre Erwartungen erf\u00fcllt haben und welche Vorteile sie bei ihrer t\u00e4glichen Arbeit daraus ziehen.Orano Visuelles ManagementDas Universit\u00e4tsklinikum Lille Therapeutische [&hellip;]<\/p>\n","protected":false},"author":5,"featured_media":0,"parent":0,"menu_order":0,"comment_status":"closed","ping_status":"closed","template":"","meta":{"_acf_changed":false,"_seopress_robots_primary_cat":"","_seopress_titles_title":"Unsere Fallstudien aus dem Unternehmensumfeld | Speechi","_seopress_titles_desc":"Erfahren Sie, wie diese Unternehmen einen interaktiven Speechi-Bildschirm in ihre Arbeitsgewohnheiten integrieren und wie er ihre Erwartungen erf\u00fcllt hat.","_seopress_robots_index":"","_et_pb_use_builder":"on","_et_pb_old_content":"","_et_gb_content_width":"","footnotes":""},"difl_page_category":[],"class_list":["post-4410819","page","type-page","status-publish","hentry"],"acf":[],"_links":{"self":[{"href":"https:\/\/speechi.com\/de\/wp-json\/wp\/v2\/pages\/4410819","targetHints":{"allow":["GET"]}}],"collection":[{"href":"https:\/\/speechi.com\/de\/wp-json\/wp\/v2\/pages"}],"about":[{"href":"https:\/\/speechi.com\/de\/wp-json\/wp\/v2\/types\/page"}],"author":[{"embeddable":true,"href":"https:\/\/speechi.com\/de\/wp-json\/wp\/v2\/users\/5"}],"replies":[{"embeddable":true,"href":"https:\/\/speechi.com\/de\/wp-json\/wp\/v2\/comments?post=4410819"}],"version-history":[{"count":20,"href":"https:\/\/speechi.com\/de\/wp-json\/wp\/v2\/pages\/4410819\/revisions"}],"predecessor-version":[{"id":44219294,"href":"https:\/\/speechi.com\/de\/wp-json\/wp\/v2\/pages\/4410819\/revisions\/44219294"}],"wp:attachment":[{"href":"https:\/\/speechi.com\/de\/wp-json\/wp\/v2\/media?parent=4410819"}],"wp:term":[{"taxonomy":"difl_page_category","embeddable":true,"href":"https:\/\/speechi.com\/de\/wp-json\/wp\/v2\/difl_page_category?post=4410819"}],"curies":[{"name":"wp","href":"https:\/\/api.w.org\/{rel}","templated":true}]}}