{"id":4414787,"date":"2024-03-15T16:52:30","date_gmt":"2024-03-15T15:52:30","guid":{"rendered":"https:\/\/speechi.com\/fallstudie-schneiderfachschule-epicc\/"},"modified":"2024-07-23T11:45:15","modified_gmt":"2024-07-23T09:45:15","slug":"fallstudie-schneiderfachschule-epicc","status":"publish","type":"page","link":"https:\/\/speechi.com\/de\/fallstudie-schneiderfachschule-epicc\/","title":{"rendered":"Fallstudie: Schneiderfachschule EPICC"},"content":{"rendered":"<p>[et_pb_section fb_built=&#8220;1&#8243; fullwidth=&#8220;on&#8220; _builder_version=&#8220;4.21.0&#8243; _module_preset=&#8220;default&#8220; background_video_mp4=&#8220;https:\/\/speechi.com\/wp-content\/uploads\/2024\/03\/speechi-epicc-formation-ecole-couture-temoignage.mp4&#8243; height=&#8220;500px&#8220; global_colors_info=&#8220;{}&#8220;][\/et_pb_section][et_pb_section fb_built=&#8220;1&#8243; admin_label=&#8220;section&#8220; _builder_version=&#8220;4.16&#8243; global_colors_info=&#8220;{}&#8220;][et_pb_row _builder_version=&#8220;4.21.0&#8243; _module_preset=&#8220;default&#8220; global_colors_info=&#8220;{}&#8220;][et_pb_column type=&#8220;4_4&#8243; _builder_version=&#8220;4.21.0&#8243; _module_preset=&#8220;default&#8220; global_colors_info=&#8220;{}&#8220;][et_pb_text _builder_version=&#8220;4.21.0&#8243; _module_preset=&#8220;default&#8220; global_colors_info=&#8220;{}&#8220;]<\/p>\n<h1 style=\"text-align: center;\">Fallstudie: Schneiderfachschule EPICC<\/h1>\n<p>[\/et_pb_text][\/et_pb_column][\/et_pb_row][et_pb_row column_structure=&#8220;1_3,1_3,1_3&#8243; _builder_version=&#8220;4.21.0&#8243; _module_preset=&#8220;default&#8220; hover_enabled=&#8220;0&#8243; global_colors_info=&#8220;{}&#8220; width=&#8220;40%&#8220; sticky_enabled=&#8220;0&#8243;][et_pb_column type=&#8220;1_3&#8243; _builder_version=&#8220;4.21.0&#8243; _module_preset=&#8220;default&#8220; global_colors_info=&#8220;{}&#8220;][et_pb_image src=&#8220;https:\/\/speechi.com\/wp-content\/uploads\/2024\/02\/education-ecran-tactile-geant.svg&#8220; alt=&#8220;Das interaktive Display f\u00fcr den Bildungsbereich&#8220; title_text=&#8220;Das interaktive Display f\u00fcr den Bildungsbereich&#8220; _builder_version=&#8220;4.21.0&#8243; _module_preset=&#8220;default&#8220; global_colors_info=&#8220;{}&#8220;][\/et_pb_image][et_pb_text _builder_version=&#8220;4.21.0&#8243; _module_preset=&#8220;default&#8220; global_colors_info=&#8220;{}&#8220;]<\/p>\n<p style=\"text-align: center;\"><span>BILDUNG<\/span><\/p>\n<p>[\/et_pb_text][\/et_pb_column][et_pb_column type=&#8220;1_3&#8243; _builder_version=&#8220;4.21.0&#8243; _module_preset=&#8220;default&#8220; global_colors_info=&#8220;{}&#8220;][et_pb_image src=&#8220;https:\/\/speechi.com\/wp-content\/uploads\/2024\/03\/02-qui-logo-epicc.svg&#8220; alt=&#8220;Schneiderfachschule EPICC&#8220; title_text=&#8220;Schneiderfachschule EPICC&#8220; _builder_version=&#8220;4.21.0&#8243; _module_preset=&#8220;default&#8220; global_colors_info=&#8220;{}&#8220;][\/et_pb_image][et_pb_text _builder_version=&#8220;4.21.0&#8243; _module_preset=&#8220;default&#8220; global_colors_info=&#8220;{}&#8220;]<\/p>\n<p style=\"text-align: center;\"><span>SCHNEIDERFACHSCHULE<\/span><\/p>\n<p>[\/et_pb_text][\/et_pb_column][et_pb_column type=&#8220;1_3&#8243; _builder_version=&#8220;4.21.0&#8243; _module_preset=&#8220;default&#8220; global_colors_info=&#8220;{}&#8220;][et_pb_image src=&#8220;https:\/\/speechi.com\/wp-content\/uploads\/2024\/02\/03-ou-1.svg.svg&#8220; alt=&#8220;Ort&#8220; title_text=&#8220;Ort&#8220; _builder_version=&#8220;4.21.0&#8243; _module_preset=&#8220;default&#8220; global_colors_info=&#8220;{}&#8220;][\/et_pb_image][et_pb_text _builder_version=&#8220;4.21.0&#8243; _module_preset=&#8220;default&#8220; global_colors_info=&#8220;{}&#8220;]<\/p>\n<p style=\"text-align: center;\"><span>ROUBAIX (NORDFRANKREICH)<\/span><\/p>\n<p>[\/et_pb_text][\/et_pb_column][\/et_pb_row][et_pb_row _builder_version=&#8220;4.21.0&#8243; _module_preset=&#8220;default&#8220; global_colors_info=&#8220;{}&#8220;][et_pb_column type=&#8220;4_4&#8243; _builder_version=&#8220;4.21.0&#8243; _module_preset=&#8220;default&#8220; global_colors_info=&#8220;{}&#8220;][et_pb_text _builder_version=&#8220;4.21.0&#8243; _module_preset=&#8220;default&#8220; global_colors_info=&#8220;{}&#8220;]<\/p>\n<h2>Hintergrund<\/h2>\n<p><span>Die Schneiderfachschule EPICC in Roubaix <strong>bildet Jugendliche im Alter von 15 bis 18 Jahren im Beruf der industriellen Textilfertigung aus<\/strong>. W\u00e4hrend ihrer zweij\u00e4hrigen Ausbildung teilen die Sch\u00fclerinnen und Sch\u00fcler ihre Lehrzeit zwischen der Schneiderwerkstatt und dem Schulungsraum auf. Um dem Wunsch der Sch\u00fcler nach praxisnahem und anschaulichem Lernen gerecht zu werden, suchte die Fachschule EPICC nach einer innovativen und modernen L\u00f6sung, mit der die Ausbilder allgemeine Lehrinhalte <strong>m\u00f6glichst partizipativ und ohne Frontalunterricht vermitteln k\u00f6nnen<\/strong>.  <\/span><\/p>\n<p>[\/et_pb_text][\/et_pb_column][\/et_pb_row][et_pb_row column_structure=&#8220;1_2,1_2&#8243; _builder_version=&#8220;4.21.0&#8243; _module_preset=&#8220;default&#8220; global_colors_info=&#8220;{}&#8220;][et_pb_column type=&#8220;1_2&#8243; _builder_version=&#8220;4.21.0&#8243; _module_preset=&#8220;default&#8220; global_colors_info=&#8220;{}&#8220;][et_pb_image src=&#8220;https:\/\/speechi.com\/wp-content\/uploads\/2024\/03\/speechi-ecole-formation-ecran-interactif-epicc-couture-01.jpg&#8220; alt=&#8220;Unterricht mit dem interaktivem Display und dem Speechi Visualizer an der Schneiderfachschule EPICC&#8220; title_text=&#8220;Unterricht mit dem interaktivem Display und dem Speechi Visualizer an der Schneiderfachschule EPICC&#8220; _builder_version=&#8220;4.21.0&#8243; _module_preset=&#8220;default&#8220; global_colors_info=&#8220;{}&#8220;][\/et_pb_image][et_pb_text _builder_version=&#8220;4.21.0&#8243; _module_preset=&#8220;default&#8220; global_colors_info=&#8220;{}&#8220;]<\/p>\n<h2>Problemstellung<\/h2>\n<ul>\n<li><span>Eine innovative Tafel f\u00fcr die Vermittlung des Grundlehrplans.<\/span><\/li>\n<li><span>Ausstattung mit einer Pr\u00e4sentationsl\u00f6sung f\u00fcr Schulvorstandssitzungen und Treffen mit den Partnern der Schule.<\/span><\/li>\n<\/ul>\n<p>[\/et_pb_text][\/et_pb_column][et_pb_column type=&#8220;1_2&#8243; _builder_version=&#8220;4.21.0&#8243; _module_preset=&#8220;default&#8220; global_colors_info=&#8220;{}&#8220;][et_pb_image src=&#8220;https:\/\/speechi.com\/wp-content\/uploads\/2024\/03\/speechi-ecole-formation-ecran-interactif-epicc-couture-02.jpg&#8220; alt=&#8220;Unterricht mit dem interaktivem Display und dem Speechi Visualizer an der Schneiderfachschule EPICC&#8220; title_text=&#8220;Unterricht mit dem interaktivem Display und dem Speechi Visualizer an der Schneiderfachschule EPICC&#8220; _builder_version=&#8220;4.21.0&#8243; _module_preset=&#8220;default&#8220; global_colors_info=&#8220;{}&#8220;][\/et_pb_image][et_pb_text _builder_version=&#8220;4.21.0&#8243; _module_preset=&#8220;default&#8220; global_colors_info=&#8220;{}&#8220;]<\/p>\n<h2>Erbrachte L\u00f6sungen<\/h2>\n<ul>\n<li aria-level=\"1\"><span>Ein interaktives Speechi-InfraRot-Display im Schulungsraum<\/span><\/li>\n<li aria-level=\"1\"><span>Ein SpeechiCam7-Visualizer<\/span><\/li>\n<li aria-level=\"1\"><span>Eine Speechi-Videokonferenzkamera<\/span><\/li>\n<\/ul>\n<p>[\/et_pb_text][\/et_pb_column][\/et_pb_row][et_pb_row column_structure=&#8220;1_2,1_2&#8243; _builder_version=&#8220;4.21.0&#8243; _module_preset=&#8220;default&#8220; global_colors_info=&#8220;{}&#8220;][et_pb_column type=&#8220;1_2&#8243; _builder_version=&#8220;4.21.0&#8243; _module_preset=&#8220;default&#8220; global_colors_info=&#8220;{}&#8220;][et_pb_image src=&#8220;https:\/\/speechi.com\/wp-content\/uploads\/2024\/03\/speechi-ecole-formation-ecran-interactif-epicc-couture-03.jpg&#8220; alt=&#8220;Ein interaktives Speechi-Display zum Lehren, Lernen und Teilen&#8220; title_text=&#8220;Ein interaktives Speechi-Display zum Lehren, Lernen und Teilen&#8220; _builder_version=&#8220;4.21.0&#8243; _module_preset=&#8220;default&#8220; global_colors_info=&#8220;{}&#8220;][\/et_pb_image][et_pb_text _builder_version=&#8220;4.21.0&#8243; _module_preset=&#8220;default&#8220; global_colors_info=&#8220;{}&#8220;]<\/p>\n<h2>Verwendung des Bildschirms<\/h2>\n<ul>\n<li aria-level=\"1\"><span>Verwendung der Whiteboard-Anwendung Note zum Unterrichten<\/span><\/li>\n<li aria-level=\"1\"><span>Projizieren des PC-Bildschirms auf das interaktive Display<\/span><\/li>\n<li aria-level=\"1\"><span>Aufrufen und Anzeigen von Dokumenten in der Cloud auf dem interaktiven Display<\/span><\/li>\n<li aria-level=\"1\"><span>Durchf\u00fchrung von Videokonferenzen auf dem Display<\/span><\/li>\n<\/ul>\n<p>[\/et_pb_text][\/et_pb_column][et_pb_column type=&#8220;1_2&#8243; _builder_version=&#8220;4.21.0&#8243; _module_preset=&#8220;default&#8220; global_colors_info=&#8220;{}&#8220;][et_pb_image src=&#8220;https:\/\/speechi.com\/wp-content\/uploads\/2024\/03\/speechi-ecole-formation-ecran-interactif-epicc-couture-04.jpg&#8220; alt=&#8220;Anzeigen von Cloud-Dokumenten auf dem interaktiven Speechi-Display&#8220; title_text=&#8220;Anzeigen von Cloud-Dokumenten auf dem interaktiven Speechi-Display&#8220; _builder_version=&#8220;4.21.0&#8243; _module_preset=&#8220;default&#8220; global_colors_info=&#8220;{}&#8220;][\/et_pb_image][et_pb_text _builder_version=&#8220;4.21.0&#8243; _module_preset=&#8220;default&#8220; global_colors_info=&#8220;{}&#8220;]<\/p>\n<h2>Vorteile<\/h2>\n<ul>\n<li aria-level=\"1\"><span>Vermittlung der Grundlagen \u00fcber das interaktive Display, das die Teilnahme und die Praxis wieder in den Mittelpunkt des Lernens stellt, sogar bei der Theorie.<\/span><\/li>\n<li aria-level=\"1\"><span>Einfache Organisation von Arbeitstreffen mit einem interaktiven Display, das die Teilnehmer von bestimmten materiellen Zw\u00e4ngen befreit und den Austausch von Dokumenten vereinfacht.<\/span><\/li>\n<\/ul>\n<p>[\/et_pb_text][\/et_pb_column][\/et_pb_row][et_pb_row column_structure=&#8220;1_2,1_2&#8243; _builder_version=&#8220;4.21.0&#8243; _module_preset=&#8220;default&#8220; global_colors_info=&#8220;{}&#8220;][et_pb_column type=&#8220;1_2&#8243; _builder_version=&#8220;4.21.0&#8243; _module_preset=&#8220;default&#8220; global_colors_info=&#8220;{}&#8220;][et_pb_video src=&#8220;https:\/\/www.youtube.com\/watch?v=FWGo4G1DXq4&#8243; _builder_version=&#8220;4.21.0&#8243; _module_preset=&#8220;default&#8220; global_colors_info=&#8220;{}&#8220;][\/et_pb_video][\/et_pb_column][et_pb_column type=&#8220;1_2&#8243; _builder_version=&#8220;4.21.0&#8243; _module_preset=&#8220;default&#8220; global_colors_info=&#8220;{}&#8220;][et_pb_text _builder_version=&#8220;4.21.0&#8243; _module_preset=&#8220;default&#8220; global_colors_info=&#8220;{}&#8220;]<\/p>\n<h2>Lesen Sie den Erfahrungsbericht des Rektors von EPICC<\/h2>\n<div class=\"et_pb_module et_pb_text et_pb_text_10 et_pb_text_align_left et_pb_bg_layout_light\">\n<div class=\"et_pb_text_inner\">\n<blockquote>\n<p>&#8222;Wir haben die Schule im Oktober mit einer Werkstatt und einem Schulungsraum auf 200m\u00b2 gestartet. N\u00e4chstes Jahr werden wir auf 600m\u00b2 aufstocken, mit einem 2. Schulungsraum und einer gr\u00f6\u00dferen Werkstatt. F\u00fcr den zweiten Schulungsraum ist ein zweites Display von Speechi vorgesehen.&#8220;<\/p>\n<\/blockquote>\n<\/div>\n<\/div>\n<p>[\/et_pb_text][\/et_pb_column][\/et_pb_row][\/et_pb_section]<\/p>\n","protected":false},"excerpt":{"rendered":"<p>Fallstudie: Schneiderfachschule EPICCBILDUNGSCHNEIDERFACHSCHULEROUBAIX (NORDFRANKREICH)Hintergrund Die Schneiderfachschule EPICC in Roubaix bildet Jugendliche im Alter von 15 bis 18 Jahren im Beruf der industriellen Textilfertigung aus. W\u00e4hrend ihrer zweij\u00e4hrigen Ausbildung teilen die Sch\u00fclerinnen und Sch\u00fcler ihre Lehrzeit zwischen der Schneiderwerkstatt und dem Schulungsraum auf. Um dem Wunsch der Sch\u00fcler nach praxisnahem und anschaulichem Lernen gerecht zu werden, [&hellip;]<\/p>\n","protected":false},"author":5,"featured_media":0,"parent":0,"menu_order":0,"comment_status":"closed","ping_status":"closed","template":"","meta":{"_acf_changed":false,"_seopress_robots_primary_cat":"","_seopress_titles_title":"Fallstudie: Schneiderfachschule EPICC | Speechi","_seopress_titles_desc":"Unterricht mit dem interaktivem Display und dem Speechi Visualizer an der Schneiderfachschule EPICC. Besuchen Sie den Speechi Online Store","_seopress_robots_index":"","_et_pb_use_builder":"on","_et_pb_old_content":"","_et_gb_content_width":"","footnotes":""},"difl_page_category":[],"class_list":["post-4414787","page","type-page","status-publish","hentry"],"acf":[],"_links":{"self":[{"href":"https:\/\/speechi.com\/de\/wp-json\/wp\/v2\/pages\/4414787","targetHints":{"allow":["GET"]}}],"collection":[{"href":"https:\/\/speechi.com\/de\/wp-json\/wp\/v2\/pages"}],"about":[{"href":"https:\/\/speechi.com\/de\/wp-json\/wp\/v2\/types\/page"}],"author":[{"embeddable":true,"href":"https:\/\/speechi.com\/de\/wp-json\/wp\/v2\/users\/5"}],"replies":[{"embeddable":true,"href":"https:\/\/speechi.com\/de\/wp-json\/wp\/v2\/comments?post=4414787"}],"version-history":[{"count":4,"href":"https:\/\/speechi.com\/de\/wp-json\/wp\/v2\/pages\/4414787\/revisions"}],"predecessor-version":[{"id":44168646,"href":"https:\/\/speechi.com\/de\/wp-json\/wp\/v2\/pages\/4414787\/revisions\/44168646"}],"wp:attachment":[{"href":"https:\/\/speechi.com\/de\/wp-json\/wp\/v2\/media?parent=4414787"}],"wp:term":[{"taxonomy":"difl_page_category","embeddable":true,"href":"https:\/\/speechi.com\/de\/wp-json\/wp\/v2\/difl_page_category?post=4414787"}],"curies":[{"name":"wp","href":"https:\/\/api.w.org\/{rel}","templated":true}]}}