{"id":4414792,"date":"2024-02-09T17:17:53","date_gmt":"2024-02-09T16:17:53","guid":{"rendered":"https:\/\/speechi.com\/ugap\/"},"modified":"2024-10-10T10:43:49","modified_gmt":"2024-10-10T08:43:49","slug":"ugap","status":"publish","type":"page","link":"https:\/\/speechi.com\/de\/ugap\/","title":{"rendered":"UGAP"},"content":{"rendered":"<p>[et_pb_section fb_built=&#8220;1&#8243; _builder_version=&#8220;4.21.0&#8243; _module_preset=&#8220;default&#8220; background_color=&#8220;RGBA(255,255,255,0)&#8220; global_colors_info=&#8220;{}&#8220;][et_pb_row column_structure=&#8220;3_5,2_5&#8243; _builder_version=&#8220;4.21.0&#8243; _module_preset=&#8220;default&#8220; global_colors_info=&#8220;{}&#8220;][et_pb_column type=&#8220;3_5&#8243; _builder_version=&#8220;4.21.0&#8243; _module_preset=&#8220;default&#8220; global_colors_info=&#8220;{}&#8220;][et_pb_text _builder_version=&#8220;4.21.0&#8243; _module_preset=&#8220;default&#8220; width=&#8220;100%&#8220; custom_padding=&#8220;|0px||||&#8220; hover_enabled=&#8220;0&#8243; global_colors_info=&#8220;{}&#8220; sticky_enabled=&#8220;0&#8243;]<\/p>\n<h1>Speechi, Partner der UGAP f\u00fcr digitales Lernen<\/h1>\n<p>&nbsp;<\/p>\n<p><strong>Die UGAP ist eine zentrale Beschaffungsstelle f\u00fcr den \u00f6ffentlichen Sektor in Frankreich, auf die Schulen, Rath\u00e4user und Kommunalverwaltungen des Landes zugreifen k\u00f6nnen, um insbesondere digitale und interaktive Werkzeuge zu erwerben. Speechi ist der von der UGAP ausgew\u00e4hlte Partner f\u00fcr verschiedene Ausschreibungen des Staats f\u00fcr Projekte im Bildungsbereich. Auf dieser Seite finden Sie einige unserer L\u00f6sungen, die von der UGAP ausgew\u00e4hlt wurden. <\/strong><\/p>\n<p>[\/et_pb_text][\/et_pb_column][et_pb_column type=&#8220;2_5&#8243; _builder_version=&#8220;4.21.0&#8243; _module_preset=&#8220;default&#8220; global_colors_info=&#8220;{}&#8220;][et_pb_image src=&#8220;https:\/\/speechi.com\/wp-content\/uploads\/2024\/02\/UGAP-2021.jpg&#8220; alt=&#8220;Speechi, Partner der UGAP&#8220; title_text=&#8220;logo UGAP&#8220; align=&#8220;center&#8220; _builder_version=&#8220;4.21.0&#8243; _module_preset=&#8220;default&#8220; width=&#8220;100%&#8220; min_height=&#8220;240px&#8220; height=&#8220;240px&#8220; max_height=&#8220;804px&#8220; global_colors_info=&#8220;{}&#8220;][\/et_pb_image][\/et_pb_column][\/et_pb_row][et_pb_row _builder_version=&#8220;4.21.0&#8243; _module_preset=&#8220;default&#8220; column_structure=&#8220;1_4,1_4,1_4,1_4&#8243;][et_pb_column _builder_version=&#8220;4.21.0&#8243; _module_preset=&#8220;default&#8220; type=&#8220;1_4&#8243;][et_pb_text _builder_version=&#8220;4.21.0&#8243; _module_preset=&#8220;default&#8220; hover_enabled=&#8220;0&#8243; sticky_enabled=&#8220;0&#8243;]<\/p>\n<p><span style=\"font-weight: 400;\">Speechi ist ein franz\u00f6sisches Unternehmen, das sich auf interaktive L\u00f6sungen spezialisiert hat. Es besch\u00e4ftigt ein Team von rund 50 Personen an den Standorten Lille und Paris. <\/span><\/p>\n<p>[\/et_pb_text][\/et_pb_column][et_pb_column _builder_version=&#8220;4.21.0&#8243; _module_preset=&#8220;default&#8220; type=&#8220;1_4&#8243;][et_pb_text _builder_version=&#8220;4.21.0&#8243; _module_preset=&#8220;default&#8220; hover_enabled=&#8220;0&#8243; sticky_enabled=&#8220;0&#8243;]<\/p>\n<p><span style=\"font-weight: 400;\">Seit 20 Jahren begleiten wir franz\u00f6sische Schulen bei der Einrichtung ihrer Ger\u00e4te und bei der Schulung der zuk\u00fcnftigen Nutzer.<\/span><\/p>\n<p>[\/et_pb_text][\/et_pb_column][et_pb_column _builder_version=&#8220;4.21.0&#8243; _module_preset=&#8220;default&#8220; type=&#8220;1_4&#8243;][et_pb_text _builder_version=&#8220;4.21.0&#8243; _module_preset=&#8220;default&#8220; hover_enabled=&#8220;0&#8243; sticky_enabled=&#8220;0&#8243;]<\/p>\n<p><span style=\"font-weight: 400;\">Unsere L\u00f6sungen werden auf der Plattform f\u00fcr \u00f6ffentliche Beschaffung der UGAP angeboten, deren<\/span> <span style=\"font-weight: 400;\">vertrauensw\u00fcrdiger Partner wir seit nunmehr acht Jahren sind.<\/span> <\/p>\n<p>[\/et_pb_text][\/et_pb_column][et_pb_column _builder_version=&#8220;4.21.0&#8243; _module_preset=&#8220;default&#8220; type=&#8220;1_4&#8243;][et_pb_text _builder_version=&#8220;4.21.0&#8243; _module_preset=&#8220;default&#8220; hover_enabled=&#8220;0&#8243; sticky_enabled=&#8220;0&#8243;]<\/p>\n<p><span style=\"font-weight: 400;\">Bis heute haben wir Tausende von Klassenzimmern in Frankreich ausgestattet und unser Anliegen ist es, uns t\u00e4glich den Herausforderungen der Digitalisierung von Schulen zu stellen. <\/span><\/p>\n<p>[\/et_pb_text][\/et_pb_column][\/et_pb_row][\/et_pb_section][et_pb_section fb_built=&#8220;1&#8243; _builder_version=&#8220;4.21.0&#8243; _module_preset=&#8220;default&#8220; custom_margin=&#8220;-53px|||||&#8220; global_colors_info=&#8220;{}&#8220;][et_pb_row _builder_version=&#8220;4.21.0&#8243; _module_preset=&#8220;default&#8220; custom_margin=&#8220;-40px||||false|false&#8220; global_colors_info=&#8220;{}&#8220;][et_pb_column type=&#8220;4_4&#8243; _builder_version=&#8220;4.21.0&#8243; _module_preset=&#8220;default&#8220; global_colors_info=&#8220;{}&#8220;][et_pb_text _builder_version=&#8220;4.21.0&#8243; _module_preset=&#8220;default&#8220; hover_enabled=&#8220;0&#8243; global_colors_info=&#8220;{}&#8220; sticky_enabled=&#8220;0&#8243;]<\/p>\n<h2><b>Unsere L\u00f6sungen im UGAP-Katalog<\/b><\/h2>\n<p><b><\/b><\/p>\n<p><b><\/b><\/p>\n<p><b><\/b><\/p>\n<h3><b>Interaktive digitale Displays von Speechi<\/b><\/h3>\n<p>[\/et_pb_text][et_pb_image src=&#8220;https:\/\/speechi.com\/wp-content\/uploads\/2024\/02\/Speechi-ecran-interactif-en-classe-0-00-35-02.jpg&#8220; _builder_version=&#8220;4.21.0&#8243; _module_preset=&#8220;default&#8220; global_colors_info=&#8220;{}&#8220;][\/et_pb_image][et_pb_text _builder_version=&#8220;4.21.0&#8243; _module_preset=&#8220;default&#8220; custom_padding=&#8220;0px|||||&#8220; global_colors_info=&#8220;{}&#8220;]<\/p>\n<p><span>Die von der UGAP ausgew\u00e4hlten <a href=\"https:\/\/speechi.com\/de\/klassenzimmer\/\" target=\"_blank\" rel=\"noopener\">interaktiven digitalen Speechi-Displays<\/a> laufen alle unter einem Android-System, das Schnelligkeit, Leistung und Pr\u00e4zision sicherstellt. Sie sind aufgrund ihrer Ergonomie, Intuitivit\u00e4t und ihres Anwendungsangebots hervorragend f\u00fcr<\/span><span> den Einsatz in der Schule geeignet. Zus\u00e4tzlich k\u00f6nnen Sie durch einen <a href=\"https:\/\/speechi.com\/de\/ops-pc-i5-i7\/\" target=\"_blank\" rel=\"noopener\">Windows-PC im OPS-Format<\/a> erweitert werden, das sich komplett unsichtbar an den Bildschirmrand anklippen l\u00e4sst.  <\/span><\/p>\n<p>[\/et_pb_text][\/et_pb_column][\/et_pb_row][et_pb_row _builder_version=&#8220;4.21.0&#8243; _module_preset=&#8220;default&#8220; global_colors_info=&#8220;{}&#8220;][et_pb_column type=&#8220;4_4&#8243; _builder_version=&#8220;4.21.0&#8243; _module_preset=&#8220;default&#8220; global_colors_info=&#8220;{}&#8220;][et_pb_text _builder_version=&#8220;4.21.0&#8243; _module_preset=&#8220;default&#8220; global_colors_info=&#8220;{}&#8220;]<\/p>\n<h3>Halterungen f\u00fcr interaktive digitale Displays von Speechi<\/h3>\n<p>[\/et_pb_text][\/et_pb_column][\/et_pb_row][et_pb_row column_structure=&#8220;1_3,1_3,1_3&#8243; _builder_version=&#8220;4.21.0&#8243; _module_preset=&#8220;default&#8220; global_colors_info=&#8220;{}&#8220;][et_pb_column type=&#8220;1_3&#8243; _builder_version=&#8220;4.21.0&#8243; _module_preset=&#8220;default&#8220; global_colors_info=&#8220;{}&#8220;][et_pb_image src=&#8220;https:\/\/speechi.com\/wp-content\/uploads\/2024\/02\/supports-muraux.png&#8220; title_text=&#8220;Wandhalterungen&#8220; _builder_version=&#8220;4.21.0&#8243; _module_preset=&#8220;default&#8220; global_colors_info=&#8220;{}&#8220;][\/et_pb_image][et_pb_text _builder_version=&#8220;4.21.0&#8243; _module_preset=&#8220;default&#8220; global_colors_info=&#8220;{}&#8220;]<\/p>\n<h4>Wandhalterungen<\/h4>\n<p>[\/et_pb_text][\/et_pb_column][et_pb_column type=&#8220;1_3&#8243; _builder_version=&#8220;4.21.0&#8243; _module_preset=&#8220;default&#8220; global_colors_info=&#8220;{}&#8220;][et_pb_image src=&#8220;https:\/\/speechi.com\/wp-content\/uploads\/2024\/02\/supports-fixes-speechi.png&#8220; title_text=&#8220;Feste St\u00e4nder&#8220; _builder_version=&#8220;4.21.0&#8243; _module_preset=&#8220;default&#8220; global_colors_info=&#8220;{}&#8220;][\/et_pb_image][et_pb_text _builder_version=&#8220;4.21.0&#8243; _module_preset=&#8220;default&#8220; global_colors_info=&#8220;{}&#8220;]<\/p>\n<h4>Feste St\u00e4nder<\/h4>\n<p>[\/et_pb_text][\/et_pb_column][et_pb_column type=&#8220;1_3&#8243; _builder_version=&#8220;4.21.0&#8243; _module_preset=&#8220;default&#8220; global_colors_info=&#8220;{}&#8220;][et_pb_image src=&#8220;https:\/\/speechi.com\/wp-content\/uploads\/2024\/02\/supports-mobiles-speechi.png&#8220; title_text=&#8220;Fahrbare St\u00e4nder&#8220; _builder_version=&#8220;4.21.0&#8243; _module_preset=&#8220;default&#8220; global_colors_info=&#8220;{}&#8220;][\/et_pb_image][et_pb_text _builder_version=&#8220;4.21.0&#8243; _module_preset=&#8220;default&#8220; global_colors_info=&#8220;{}&#8220;]<\/p>\n<h4>Fahrbare St\u00e4nder<\/h4>\n<p>[\/et_pb_text][\/et_pb_column][\/et_pb_row][et_pb_row _builder_version=&#8220;4.21.0&#8243; _module_preset=&#8220;default&#8220; global_colors_info=&#8220;{}&#8220;][et_pb_column type=&#8220;4_4&#8243; _builder_version=&#8220;4.21.0&#8243; _module_preset=&#8220;default&#8220; global_colors_info=&#8220;{}&#8220;][et_pb_text _builder_version=&#8220;4.21.0&#8243; _module_preset=&#8220;default&#8220; global_colors_info=&#8220;{}&#8220;]<\/p>\n<h3>Interaktive Whiteboards von Speechi<\/h3>\n<p>[\/et_pb_text][\/et_pb_column][\/et_pb_row][et_pb_row column_structure=&#8220;1_3,1_3,1_3&#8243; _builder_version=&#8220;4.21.0&#8243; _module_preset=&#8220;default&#8220; global_colors_info=&#8220;{}&#8220;][et_pb_column type=&#8220;1_3&#8243; _builder_version=&#8220;4.21.0&#8243; _module_preset=&#8220;default&#8220; global_colors_info=&#8220;{}&#8220;][et_pb_image src=&#8220;https:\/\/speechi.com\/wp-content\/uploads\/2024\/02\/tableau-blanc-interactif-tactile-94-speechi.jpg&#8220; title_text=&#8220;Interaktives Speechi-Touch-Whiteboard 94&quot;&#8220; _builder_version=&#8220;4.21.0&#8243; _module_preset=&#8220;default&#8220; global_colors_info=&#8220;{}&#8220;][\/et_pb_image][et_pb_text _builder_version=&#8220;4.21.0&#8243; _module_preset=&#8220;default&#8220; global_colors_info=&#8220;{}&#8220;]<\/p>\n<h4>Interaktives Speechi-Touch-Whiteboard 94&#8243;<\/h4>\n<p>[\/et_pb_text][et_pb_text _builder_version=&#8220;4.21.0&#8243; _module_preset=&#8220;default&#8220; global_colors_info=&#8220;{}&#8220;]<\/p>\n<p><span>Mit der station\u00e4ren digitalen Tafel von Speechi k\u00f6nnen Sie mit dem Bildschirm Ihres Computers interagieren und ihn auf die Touch-Oberfl\u00e4che projizieren.<\/span><\/p>\n<p>[\/et_pb_text][\/et_pb_column][et_pb_column type=&#8220;1_3&#8243; _builder_version=&#8220;4.21.0&#8243; _module_preset=&#8220;default&#8220; global_colors_info=&#8220;{}&#8220;][et_pb_image src=&#8220;https:\/\/speechi.com\/wp-content\/uploads\/2024\/02\/tablette-interactive-speechitablet-xp2.jpg&#8220; title_text=&#8220;Interaktives Tablet f\u00fcr Lehrer und Lernende&#8220; _builder_version=&#8220;4.21.0&#8243; _module_preset=&#8220;default&#8220; global_colors_info=&#8220;{}&#8220;][\/et_pb_image][et_pb_text _builder_version=&#8220;4.21.0&#8243; _module_preset=&#8220;default&#8220; global_colors_info=&#8220;{}&#8220;]<\/p>\n<h4> <strong>Interaktives Tablet f\u00fcr<\/strong> <strong>Lehrer und Lernende<\/strong><\/h4>\n<p>[\/et_pb_text][et_pb_text _builder_version=&#8220;4.21.0&#8243; _module_preset=&#8220;default&#8220; global_colors_info=&#8220;{}&#8220;]<\/p>\n<p><span>Mit dem vielseitigen und kabellosen SpeechiTablet XP 2 k\u00f6nnen Lehrer und Sch\u00fcler die interaktive Tafel aus der Ferne steuern.<\/span><\/p>\n<p>[\/et_pb_text][\/et_pb_column][et_pb_column type=&#8220;1_3&#8243; _builder_version=&#8220;4.21.0&#8243; _module_preset=&#8220;default&#8220; global_colors_info=&#8220;{}&#8220;][et_pb_image src=&#8220;https:\/\/speechi.com\/wp-content\/uploads\/2024\/02\/jllm-boitier-de-vote.jpg&#8220; title_text=&#8220;Klassische oder fortgeschrittene Abstimmungsger\u00e4te&#8220; _builder_version=&#8220;4.21.0&#8243; _module_preset=&#8220;default&#8220; global_colors_info=&#8220;{}&#8220;][\/et_pb_image][et_pb_text _builder_version=&#8220;4.21.0&#8243; _module_preset=&#8220;default&#8220; global_colors_info=&#8220;{}&#8220;]<\/p>\n<h4>Klassische oder fortgeschrittene Abstimmungsger\u00e4te<\/h4>\n<p>[\/et_pb_text][et_pb_text _builder_version=&#8220;4.21.0&#8243; _module_preset=&#8220;default&#8220; global_colors_info=&#8220;{}&#8220;]<\/p>\n<p><span>Abstimmungsger\u00e4te als Voll- oder vereinfachte Version zum Bewerten, zur Interaktion mit dem Publikum und zur Ergebnisanalyse.<\/span><\/p>\n<p>[\/et_pb_text][\/et_pb_column][\/et_pb_row][et_pb_row _builder_version=&#8220;4.21.0&#8243; _module_preset=&#8220;default&#8220; global_colors_info=&#8220;{}&#8220;][et_pb_column type=&#8220;4_4&#8243; _builder_version=&#8220;4.21.0&#8243; _module_preset=&#8220;default&#8220; global_colors_info=&#8220;{}&#8220;][et_pb_text _builder_version=&#8220;4.21.0&#8243; _module_preset=&#8220;default&#8220; global_colors_info=&#8220;{}&#8220;]<\/p>\n<h3>Visualizer von Speechi<\/h3>\n<p>[\/et_pb_text][\/et_pb_column][\/et_pb_row][et_pb_row column_structure=&#8220;1_3,1_3,1_3&#8243; _builder_version=&#8220;4.21.0&#8243; _module_preset=&#8220;default&#8220; global_colors_info=&#8220;{}&#8220;][et_pb_column type=&#8220;1_3&#8243; _builder_version=&#8220;4.21.0&#8243; _module_preset=&#8220;default&#8220; global_colors_info=&#8220;{}&#8220;][et_pb_image src=&#8220;https:\/\/speechi.com\/wp-content\/uploads\/2024\/02\/speechi-microvisualiseur-mobile-spe-cam7-uhd.jpg&#8220; title_text=&#8220;Microvisualizer SpeechiCam 7&#8243; url=&#8220;https:\/\/speechi.com\/de\/mobiler-dokumentenkamera\/&#8220; url_new_window=&#8220;on&#8220; _builder_version=&#8220;4.21.0&#8243; _module_preset=&#8220;default&#8220; global_colors_info=&#8220;{}&#8220;][\/et_pb_image][et_pb_text _builder_version=&#8220;4.21.0&#8243; _module_preset=&#8220;default&#8220; global_colors_info=&#8220;{}&#8220;]<\/p>\n<h4><a href=\"https:\/\/speechi.com\/de\/mobiler-dokumentenkamera\/\" target=\"_blank\" rel=\"noopener\">Microvisualizer SpeechiCam 7<\/a><\/h4>\n<p>[\/et_pb_text][et_pb_text _builder_version=&#8220;4.21.0&#8243; _module_preset=&#8220;default&#8220; global_colors_info=&#8220;{}&#8220;]<\/p>\n<p>Ein <a href=\"https:\/\/speechi.com\/de\/mobiler-dokumentenkamera\/\" target=\"_blank\" rel=\"noopener\">4K-Pocket-Visualizer<\/a>, der in jede Tasche passt und den Lehrer \u00fcberallhin begleitet.<\/p>\n<p>[\/et_pb_text][\/et_pb_column][et_pb_column type=&#8220;1_3&#8243; _builder_version=&#8220;4.21.0&#8243; _module_preset=&#8220;default&#8220; global_colors_info=&#8220;{}&#8220;][et_pb_image src=&#8220;https:\/\/speechi.com\/wp-content\/uploads\/2024\/02\/speechi-visualiseur-mobile-spe-vi-102.jpg&#8220; title_text=&#8220;Mobiler Visualizer VI-102&#8243; _builder_version=&#8220;4.21.0&#8243; _module_preset=&#8220;default&#8220; global_colors_info=&#8220;{}&#8220;][\/et_pb_image][et_pb_text _builder_version=&#8220;4.21.0&#8243; _module_preset=&#8220;default&#8220; global_colors_info=&#8220;{}&#8220;]<\/p>\n<h4>Mobiler Visualizer VI-102<\/h4>\n<p>[\/et_pb_text][et_pb_text _builder_version=&#8220;4.21.0&#8243; _module_preset=&#8220;default&#8220; global_colors_info=&#8220;{}&#8220;]<\/p>\n<p>Eine 4K-Dokumentenkamera mit Schwanenhals und Bedienelementen am Fu\u00df sowie \u00fcber Fernbedienung steuerbar. <\/p>\n<p>[\/et_pb_text][\/et_pb_column][et_pb_column type=&#8220;1_3&#8243; _builder_version=&#8220;4.21.0&#8243; _module_preset=&#8220;default&#8220; global_colors_info=&#8220;{}&#8220;][et_pb_image src=&#8220;https:\/\/speechi.com\/wp-content\/uploads\/2024\/02\/speechi-visualiseur-plateforme-spe-vi-801.jpg&#8220; title_text=&#8220;Desktop-Visualizer VI-801&#8243; _builder_version=&#8220;4.21.0&#8243; _module_preset=&#8220;default&#8220; global_colors_info=&#8220;{}&#8220;][\/et_pb_image][et_pb_text _builder_version=&#8220;4.21.0&#8243; _module_preset=&#8220;default&#8220; global_colors_info=&#8220;{}&#8220;]<\/p>\n<h4>Desktop-Visualizer VI-801<\/h4>\n<p>[\/et_pb_text][et_pb_text _builder_version=&#8220;4.21.0&#8243; _module_preset=&#8220;default&#8220; global_colors_info=&#8220;{}&#8220;]<\/p>\n<p>Eine freistehende Dokumentenkamera mit hintergrundbeleuchtetem Display, ideal f\u00fcr Naturwissenschaftsr\u00e4ume.<\/p>\n<p>[\/et_pb_text][\/et_pb_column][\/et_pb_row][et_pb_row _builder_version=&#8220;4.21.0&#8243; _module_preset=&#8220;default&#8220; global_colors_info=&#8220;{}&#8220;][et_pb_column type=&#8220;4_4&#8243; _builder_version=&#8220;4.21.0&#8243; _module_preset=&#8220;default&#8220; global_colors_info=&#8220;{}&#8220;][et_pb_text _builder_version=&#8220;4.21.0&#8243; _module_preset=&#8220;default&#8220; global_colors_info=&#8220;{}&#8220;]<\/p>\n<h3>Sonstiges Zubeh\u00f6r<\/h3>\n<p>[\/et_pb_text][\/et_pb_column][\/et_pb_row][et_pb_row column_structure=&#8220;1_4,1_4,1_4,1_4&#8243; _builder_version=&#8220;4.21.0&#8243; _module_preset=&#8220;default&#8220; global_colors_info=&#8220;{}&#8220;][et_pb_column type=&#8220;1_4&#8243; _builder_version=&#8220;4.21.0&#8243; _module_preset=&#8220;default&#8220; global_colors_info=&#8220;{}&#8220;][et_pb_image src=&#8220;https:\/\/speechi.com\/wp-content\/uploads\/2024\/02\/camera-interactive-IC2-speechi.png&#8220; title_text=&#8220;Interaktive Kamera IC2&#8243; _builder_version=&#8220;4.21.0&#8243; _module_preset=&#8220;default&#8220; global_colors_info=&#8220;{}&#8220;][\/et_pb_image][et_pb_text _builder_version=&#8220;4.21.0&#8243; _module_preset=&#8220;default&#8220; global_colors_info=&#8220;{}&#8220;]<\/p>\n<h4>Interaktive Kamera IC2<\/h4>\n<p>[\/et_pb_text][et_pb_text _builder_version=&#8220;4.21.0&#8243; _module_preset=&#8220;default&#8220; global_colors_info=&#8220;{}&#8220;]<\/p>\n<p><span>Eine unauff\u00e4llige und leichte Kamera, die jeden Beamer in einen interaktiven Projektor verwandeln kann.<\/span><\/p>\n<p>[\/et_pb_text][\/et_pb_column][et_pb_column type=&#8220;1_4&#8243; _builder_version=&#8220;4.21.0&#8243; _module_preset=&#8220;default&#8220; global_colors_info=&#8220;{}&#8220;][et_pb_image src=&#8220;https:\/\/speechi.com\/wp-content\/uploads\/2024\/02\/camera-speechi-ptz-232-uhd-4K.png&#8220; title_text=&#8220;UHD 4K PTZ-Kamera&#8220; _builder_version=&#8220;4.21.0&#8243; _module_preset=&#8220;default&#8220; global_colors_info=&#8220;{}&#8220;][\/et_pb_image][et_pb_text _builder_version=&#8220;4.21.0&#8243; _module_preset=&#8220;default&#8220; global_colors_info=&#8220;{}&#8220;]<\/p>\n<h4>UHD 4K PTZ-Kamera<\/h4>\n<p>[\/et_pb_text][et_pb_text _builder_version=&#8220;4.21.0&#8243; _module_preset=&#8220;default&#8220; global_colors_info=&#8220;{}&#8220;]<\/p>\n<p>Eine Kamera mit integriertem Mikrofon, um Unterricht, Konferenzen oder Besprechungen aufzuzeichnen. Speichern Sie bis zu 2 Positionen. <\/p>\n<p>[\/et_pb_text][\/et_pb_column][et_pb_column type=&#8220;1_4&#8243; _builder_version=&#8220;4.21.0&#8243; _module_preset=&#8220;default&#8220; global_colors_info=&#8220;{}&#8220;][et_pb_image src=&#8220;https:\/\/speechi.com\/wp-content\/uploads\/2024\/02\/transmetteur-sans-fil-speechi.png&#8220; title_text=&#8220;Drahtloser Transmitter&#8220; _builder_version=&#8220;4.21.0&#8243; _module_preset=&#8220;default&#8220; global_colors_info=&#8220;{}&#8220;][\/et_pb_image][et_pb_text _builder_version=&#8220;4.21.0&#8243; _module_preset=&#8220;default&#8220; global_colors_info=&#8220;{}&#8220;]<\/p>\n<h4>Drahtloser Transmitter<\/h4>\n<p>[\/et_pb_text][et_pb_text _builder_version=&#8220;4.21.0&#8243; _module_preset=&#8220;default&#8220; global_colors_info=&#8220;{}&#8220;]<\/p>\n<p>Der Transmitter ist PC-kompatibel und wird per USB an den PC angeschlossen, um Inhalte drahtlos auf dem interaktiven Display anzuzeigen.<\/p>\n<p>[\/et_pb_text][\/et_pb_column][et_pb_column type=&#8220;1_4&#8243; _builder_version=&#8220;4.21.0&#8243; _module_preset=&#8220;default&#8220; global_colors_info=&#8220;{}&#8220;][et_pb_image src=&#8220;https:\/\/speechi.com\/wp-content\/uploads\/2024\/02\/quattropod-lit.jpg&#8220; title_text=&#8220;Drahtloses Pr\u00e4sentationssystem&#8220; _builder_version=&#8220;4.21.0&#8243; _module_preset=&#8220;default&#8220; global_colors_info=&#8220;{}&#8220;][\/et_pb_image][et_pb_text _builder_version=&#8220;4.21.0&#8243; _module_preset=&#8220;default&#8220; global_colors_info=&#8220;{}&#8220;]<\/p>\n<h4>Drahtloses Pr\u00e4sentationssystem<\/h4>\n<p>[\/et_pb_text][et_pb_text _builder_version=&#8220;4.21.0&#8243; _module_preset=&#8220;default&#8220; global_colors_info=&#8220;{}&#8220;]<\/p>\n<p>Das Quattropod-System ist mit PCs, Tablets und Smartphones kompatibel und erm\u00f6glicht es, mehrere Ger\u00e4te gleichzeitig auf das interaktive Display zu streamen.<\/p>\n<p>[\/et_pb_text][\/et_pb_column][\/et_pb_row][\/et_pb_section][et_pb_section fb_built=&#8220;1&#8243; module_id=&#8220;formedu&#8220; _builder_version=&#8220;4.21.0&#8243; _module_preset=&#8220;default&#8220; use_background_color_gradient=&#8220;on&#8220; background_color_gradient_direction=&#8220;0deg&#8220; background_color_gradient_stops=&#8220;#18b6c3 34%|#ffffff 34%&#8220; custom_padding=&#8220;50px||||false|false&#8220; locked=&#8220;off&#8220; collapsed=&#8220;on&#8220; global_colors_info=&#8220;{}&#8220;][et_pb_row column_structure=&#8220;2_5,3_5&#8243; make_equal=&#8220;on&#8220; _builder_version=&#8220;4.20.2&#8243; _module_preset=&#8220;default&#8220; global_colors_info=&#8220;{}&#8220;][et_pb_column type=&#8220;2_5&#8243; _builder_version=&#8220;4.20.2&#8243; _module_preset=&#8220;default&#8220; custom_padding=&#8220;||||false|false&#8220; global_colors_info=&#8220;{}&#8220;][et_pb_code _builder_version=&#8220;4.21.0&#8243; _module_preset=&#8220;default&#8220; background_color=&#8220;#ffffff&#8220; custom_margin=&#8220;||||false|false&#8220; custom_padding=&#8220;||||false|false&#8220; border_radii=&#8220;on|30px|30px|30px|30px&#8220; box_shadow_style=&#8220;preset1&#8243; box_shadow_blur=&#8220;9px&#8220; box_shadow_color=&#8220;rgba(175,175,175,0.3)&#8220; global_colors_info=&#8220;{}&#8220;]<iframe frameborder=\"0\" style=\"height:870px;width:100%;border:none;\" src=\"https:\/\/forms.zohopublic.com\/thierryklein\/form\/FORMLPEDU\/formperma\/h1i0uNfpxAX0CtFJTpjOyMovwe8w5zZsirjwHbumJyA\"><\/iframe>[\/et_pb_code][\/et_pb_column][et_pb_column type=&#8220;3_5&#8243; _builder_version=&#8220;4.20.2&#8243; _module_preset=&#8220;default&#8220; global_colors_info=&#8220;{}&#8220;][et_pb_text _builder_version=&#8220;4.21.0&#8243; _module_preset=&#8220;default&#8220; global_colors_info=&#8220;{}&#8220;]<\/p>\n<h2>Speechi hilft Ihnen bei der Umsetzung Ihres Projekts<\/h2>\n<p>[\/et_pb_text][et_pb_text _builder_version=&#8220;4.21.0&#8243; _module_preset=&#8220;default&#8220; custom_padding=&#8220;||2vh||false|false&#8220; global_colors_info=&#8220;{}&#8220;]<\/p>\n<p>Sie haben Fragen zu unseren im UGAP-Katalog gelisteten L\u00f6sungen? Unser Expertenteam beantwortet Ihre Fragen und bietet Ihnen schl\u00fcsselfertige Klassenrauminstallationen oder Demos unserer interaktiven Tafeln an. <\/p>\n<p>[\/et_pb_text][dsm_gradient_text gradient_text=&#8220;03 79 59 01 97&#8243; _builder_version=&#8220;4.21.0&#8243; _module_preset=&#8220;default&#8220; header_level=&#8220;h2&#8243; custom_margin=&#8220;-20px|||||&#8220; global_colors_info=&#8220;{}&#8220;][\/dsm_gradient_text][et_pb_image src=&#8220;https:\/\/speechi.com\/wp-content\/uploads\/2024\/02\/spechi-ecran-interactif-salle-de-classe.svg&#8220; alt=&#8220;Speechi-Partner werden Formular&#8220; title_text=&#8220;speechi interaktiver Display f\u00fcr sch\u00fcle&#8220; _builder_version=&#8220;4.21.0&#8243; _module_preset=&#8220;default&#8220; custom_margin=&#8220;0px||||false|false&#8220; custom_padding=&#8220;0px||||false|false&#8220; global_colors_info=&#8220;{}&#8220;][\/et_pb_image][\/et_pb_column][\/et_pb_row][\/et_pb_section]<\/p>\n","protected":false},"excerpt":{"rendered":"<p>Speechi, Partner der UGAP f\u00fcr digitales Lernen &nbsp; Die UGAP ist eine zentrale Beschaffungsstelle f\u00fcr den \u00f6ffentlichen Sektor in Frankreich, auf die Schulen, Rath\u00e4user und Kommunalverwaltungen des Landes zugreifen k\u00f6nnen, um insbesondere digitale und interaktive Werkzeuge zu erwerben. Speechi ist der von der UGAP ausgew\u00e4hlte Partner f\u00fcr verschiedene Ausschreibungen des Staats f\u00fcr Projekte im Bildungsbereich. [&hellip;]<\/p>\n","protected":false},"author":5,"featured_media":0,"parent":0,"menu_order":0,"comment_status":"closed","ping_status":"closed","template":"","meta":{"_acf_changed":false,"_seopress_robots_primary_cat":"","_seopress_titles_title":"Speechi, Partner der UGAP f\u00fcr digitales Lernen","_seopress_titles_desc":"Unsere L\u00f6sungen sind auf der UGAP-Plattform f\u00fcr \u00f6ffentliche Beschaffung erh\u00e4ltlich, deren vertrauensw\u00fcrdiger Partner wir seit acht Jahren sind.","_seopress_robots_index":"","_et_pb_use_builder":"on","_et_pb_old_content":"","_et_gb_content_width":"","footnotes":""},"difl_page_category":[],"class_list":["post-4414792","page","type-page","status-publish","hentry"],"acf":[],"_links":{"self":[{"href":"https:\/\/speechi.com\/de\/wp-json\/wp\/v2\/pages\/4414792","targetHints":{"allow":["GET"]}}],"collection":[{"href":"https:\/\/speechi.com\/de\/wp-json\/wp\/v2\/pages"}],"about":[{"href":"https:\/\/speechi.com\/de\/wp-json\/wp\/v2\/types\/page"}],"author":[{"embeddable":true,"href":"https:\/\/speechi.com\/de\/wp-json\/wp\/v2\/users\/5"}],"replies":[{"embeddable":true,"href":"https:\/\/speechi.com\/de\/wp-json\/wp\/v2\/comments?post=4414792"}],"version-history":[{"count":8,"href":"https:\/\/speechi.com\/de\/wp-json\/wp\/v2\/pages\/4414792\/revisions"}],"predecessor-version":[{"id":44174740,"href":"https:\/\/speechi.com\/de\/wp-json\/wp\/v2\/pages\/4414792\/revisions\/44174740"}],"wp:attachment":[{"href":"https:\/\/speechi.com\/de\/wp-json\/wp\/v2\/media?parent=4414792"}],"wp:term":[{"taxonomy":"difl_page_category","embeddable":true,"href":"https:\/\/speechi.com\/de\/wp-json\/wp\/v2\/difl_page_category?post=4414792"}],"curies":[{"name":"wp","href":"https:\/\/api.w.org\/{rel}","templated":true}]}}