{"id":44165906,"date":"2024-05-26T18:41:48","date_gmt":"2024-05-26T16:41:48","guid":{"rendered":"https:\/\/speechi.com\/kameras-zubehoer-von-speechi\/"},"modified":"2024-10-09T17:00:50","modified_gmt":"2024-10-09T15:00:50","slug":"kameras-zubehoer-von-speechi","status":"publish","type":"page","link":"https:\/\/speechi.com\/de\/kameras-zubehoer-von-speechi\/","title":{"rendered":"Kameras &#8211; Zubeh\u00f6r von Speechi"},"content":{"rendered":"<p>[et_pb_section fb_built=&#8220;1&#8243; admin_label=&#8220;Header&#8220; _builder_version=&#8220;4.21.0&#8243; _module_preset=&#8220;default&#8220; background_enable_color=&#8220;off&#8220; background_image=&#8220;https:\/\/speechi.com\/wp-content\/uploads\/2024\/05\/speechi-dist-camera-visio-1-banniere-1.jpg&#8220; custom_margin=&#8220;||||false|false&#8220; custom_padding=&#8220;9vw||9vw||true|false&#8220; collapsed=&#8220;on&#8220; global_colors_info=&#8220;{}&#8220;][et_pb_row _builder_version=&#8220;4.21.0&#8243; _module_preset=&#8220;default&#8220; module_alignment=&#8220;center&#8220; custom_margin=&#8220;|||0px|false|false&#8220; global_colors_info=&#8220;{}&#8220;][et_pb_column type=&#8220;4_4&#8243; _builder_version=&#8220;4.20.0&#8243; _module_preset=&#8220;default&#8220; global_colors_info=&#8220;{}&#8220;][et_pb_text _builder_version=&#8220;4.21.0&#8243; _module_preset=&#8220;default&#8220; text_font=&#8220;Montserrat|300|||||||&#8220; text_font_size=&#8220;41px&#8220; text_line_height=&#8220;1.3em&#8220; header_font=&#8220;Montserrat|300|||||||&#8220; header_font_size=&#8220;43px&#8220; header_2_font_size=&#8220;25px&#8220; custom_margin=&#8220;|-101px||-101px|false|true&#8220; custom_padding=&#8220;|0px||0px|false|false&#8220; hover_enabled=&#8220;0&#8243; global_colors_info=&#8220;{}&#8220; sticky_enabled=&#8220;0&#8243;]<\/p>\n<h2>videokonferenz<br \/>\nSpeechi<\/h2>\n<h1><strong>Eine Kamera<\/strong><br \/>\nf\u00fcr jede<br \/>\nVideokonferenz<\/h1>\n<p>[\/et_pb_text][\/et_pb_column][\/et_pb_row][\/et_pb_section][et_pb_section fb_built=&#8220;1&#8243; _builder_version=&#8220;4.21.0&#8243; _module_preset=&#8220;default&#8220; global_colors_info=&#8220;{}&#8220;][et_pb_row column_structure=&#8220;1_3,1_3,1_3&#8243; _builder_version=&#8220;4.21.0&#8243; _module_preset=&#8220;default&#8220; max_width=&#8220;1200px&#8220; min_height=&#8220;534.2px&#8220; custom_padding=&#8220;||30px|||&#8220; global_colors_info=&#8220;{}&#8220;][et_pb_column type=&#8220;1_3&#8243; _builder_version=&#8220;4.21.0&#8243; _module_preset=&#8220;default&#8220; background_enable_color=&#8220;off&#8220; custom_padding=&#8220;15px|15px|15px|15px|false|false&#8220; border_width_all=&#8220;1px&#8220; border_color_all=&#8220;#1F1F1F&#8220; box_shadow_color_last_edited=&#8220;off|desktop&#8220; global_colors_info=&#8220;{}&#8220; box_shadow_horizontal__hover_enabled=&#8220;on|hover&#8220; box_shadow_color__hover_enabled=&#8220;on|hover&#8220; box_shadow_color__hover=&#8220;rgba(0,0,0,0.25)&#8220;][et_pb_image src=&#8220;https:\/\/speechi.com\/wp-content\/uploads\/2024\/05\/speechi-dist-camera-visio-2-mg104.jpg&#8220; title_text=&#8220;speechi-kamera-visio-mg104&#8243; _builder_version=&#8220;4.21.0&#8243; _module_preset=&#8220;default&#8220; global_colors_info=&#8220;{}&#8220;][\/et_pb_image][et_pb_text _builder_version=&#8220;4.21.0&#8243; _module_preset=&#8220;default&#8220; text_line_height=&#8220;1.5em&#8220; header_2_font_size=&#8220;24px&#8220; header_3_font=&#8220;Montserrat|300|||||||&#8220; header_3_font_size=&#8220;24px&#8220; custom_margin=&#8220;||0px|||&#8220; custom_padding=&#8220;||0px|||&#8220; global_colors_info=&#8220;{}&#8220;]<\/p>\n<h2>SPE-MG-104<\/h2>\n<h3>Die Full-HD-Video<br \/>\nWebcam<\/h3>\n<p>&nbsp;[\/et_pb_text][et_pb_text _builder_version=&#8220;4.21.0&#8243; _module_preset=&#8220;default&#8220; text_font_size=&#8220;14px&#8220; custom_margin=&#8220;||12px|||&#8220; custom_padding=&#8220;||45px|||&#8220; global_colors_info=&#8220;{}&#8220;]<\/p>\n<p>Eine Webcam, die problemlos vom Computer zum interaktiven Display wechselt.<\/p>\n<p>[\/et_pb_text][et_pb_button button_url=&#8220;https:\/\/speechi.com\/de\/webcam-full-hd\/&#8220; button_text=&#8220;MEHR INFOS&#8220; button_alignment=&#8220;center&#8220; _builder_version=&#8220;4.21.0&#8243; _module_preset=&#8220;default&#8220; custom_button=&#8220;on&#8220; button_text_color=&#8220;#1FD7E0&#8243; button_bg_color=&#8220;#1c2c44&#8243; button_border_width=&#8220;0px&#8220; button_border_radius=&#8220;6px&#8220; button_letter_spacing=&#8220;0px&#8220; button_font=&#8220;||||||||&#8220; button_use_icon=&#8220;off&#8220; custom_padding=&#8220;|39px||39px|false|true&#8220; global_colors_info=&#8220;{}&#8220;][\/et_pb_button][\/et_pb_column][et_pb_column type=&#8220;1_3&#8243; _builder_version=&#8220;4.21.0&#8243; _module_preset=&#8220;default&#8220; background_enable_color=&#8220;off&#8220; custom_padding=&#8220;15px|15px|15px|15px|false|false&#8220; border_width_all=&#8220;1px&#8220; border_color_all=&#8220;#1F1F1F&#8220; box_shadow_color_last_edited=&#8220;off|desktop&#8220; global_colors_info=&#8220;{}&#8220; box_shadow_horizontal__hover_enabled=&#8220;on|hover&#8220; box_shadow_color__hover_enabled=&#8220;on|hover&#8220; box_shadow_color__hover=&#8220;rgba(0,0,0,0.25)&#8220;][et_pb_image src=&#8220;https:\/\/speechi.com\/wp-content\/uploads\/2024\/05\/speechi-dist-camera-visio-3-mg402C.jpg&#8220; title_text=&#8220;speechi-kamera-visio-mg402C&#8220; _builder_version=&#8220;4.21.0&#8243; _module_preset=&#8220;default&#8220; global_colors_info=&#8220;{}&#8220;][\/et_pb_image][et_pb_text _builder_version=&#8220;4.21.0&#8243; _module_preset=&#8220;default&#8220; text_font_size=&#8220;12px&#8220; text_line_height=&#8220;1.5em&#8220; header_2_font_size=&#8220;24px&#8220; header_3_font=&#8220;Montserrat|300|||||||&#8220; header_3_font_size=&#8220;24px&#8220; custom_margin=&#8220;||0px|||&#8220; custom_padding=&#8220;||16px|||&#8220; global_colors_info=&#8220;{}&#8220;]<\/p>\n<h2>SPE-MG-402-C<\/h2>\n<h3>Die<br \/>\nVideokonferenzkamera<\/h3>\n<p>&nbsp;[\/et_pb_text][et_pb_text _builder_version=&#8220;4.21.0&#8243; _module_preset=&#8220;default&#8220; text_font_size=&#8220;14px&#8220; header_2_font_size=&#8220;24px&#8220; header_3_font=&#8220;Montserrat|300|||||||&#8220; header_3_font_size=&#8220;24px&#8220; custom_margin=&#8220;||0px|||&#8220; custom_padding=&#8220;||58px|||&#8220; global_colors_info=&#8220;{}&#8220;]<\/p>\n<p>Eine 4K-Kamera mit Autoframing-Funktion f\u00fcr bessere Remotemeetings.<\/p>\n<p>[\/et_pb_text][et_pb_button button_url=&#8220;https:\/\/speechi.com\/de\/kamera-spe-mg-402\/&#8220; button_text=&#8220;MEHR INFOS&#8220; button_alignment=&#8220;center&#8220; _builder_version=&#8220;4.21.0&#8243; _module_preset=&#8220;default&#8220; custom_button=&#8220;on&#8220; button_text_color=&#8220;#1FD7E0&#8243; button_bg_color=&#8220;#1c2c44&#8243; button_border_width=&#8220;0px&#8220; button_border_radius=&#8220;6px&#8220; button_letter_spacing=&#8220;0px&#8220; button_font=&#8220;||||||||&#8220; button_use_icon=&#8220;off&#8220; custom_padding=&#8220;|39px||39px|false|true&#8220; global_colors_info=&#8220;{}&#8220;][\/et_pb_button][\/et_pb_column][et_pb_column type=&#8220;1_3&#8243; _builder_version=&#8220;4.21.0&#8243; _module_preset=&#8220;default&#8220; background_enable_color=&#8220;off&#8220; custom_padding=&#8220;15px|15px|15px|15px|false|false&#8220; border_width_all=&#8220;1px&#8220; border_color_all=&#8220;#1F1F1F&#8220; box_shadow_color_last_edited=&#8220;off|desktop&#8220; global_colors_info=&#8220;{}&#8220; box_shadow_horizontal__hover_enabled=&#8220;on|hover&#8220; box_shadow_color__hover_enabled=&#8220;on|hover&#8220; box_shadow_color__hover=&#8220;rgba(0,0,0,0.25)&#8220;][et_pb_image src=&#8220;https:\/\/speechi.com\/wp-content\/uploads\/2024\/05\/speechi-dist-camera-visio-4-CV500.jpg&#8220; title_text=&#8220;speechi-kamera-visio-CV500&#8243; _builder_version=&#8220;4.21.0&#8243; _module_preset=&#8220;default&#8220; global_colors_info=&#8220;{}&#8220;][\/et_pb_image][et_pb_text _builder_version=&#8220;4.21.0&#8243; _module_preset=&#8220;default&#8220; text_line_height=&#8220;1.5em&#8220; header_2_font_size=&#8220;24px&#8220; header_3_font=&#8220;Montserrat|300|||||||&#8220; header_3_font_size=&#8220;24px&#8220; custom_margin=&#8220;||0px|||&#8220; custom_padding=&#8220;||0px|||&#8220; global_colors_info=&#8220;{}&#8220;]<\/p>\n<h2>SPE-CV-500<\/h2>\n<h3>Die<br \/>\nPanoramakamera<\/h3>\n<p>&nbsp;[\/et_pb_text][et_pb_text _builder_version=&#8220;4.21.0&#8243; _module_preset=&#8220;default&#8220; text_font_size=&#8220;14px&#8220; custom_margin=&#8220;||12px|||&#8220; custom_padding=&#8220;||53px|||&#8220; global_colors_info=&#8220;{}&#8220;]<\/p>\n<p>180\u00b0 Sichtfeld und automatische Ausrichtung auf die Teilnehmer des Meetings.<\/p>\n<p>[\/et_pb_text][et_pb_button button_url=&#8220;https:\/\/speechi.com\/de\/camera-cv-500\/&#8220; button_text=&#8220;MEHR INFOS&#8220; button_alignment=&#8220;center&#8220; _builder_version=&#8220;4.21.0&#8243; _module_preset=&#8220;default&#8220; custom_button=&#8220;on&#8220; button_text_color=&#8220;#1FD7E0&#8243; button_bg_color=&#8220;#1c2c44&#8243; button_border_width=&#8220;0px&#8220; button_border_radius=&#8220;6px&#8220; button_letter_spacing=&#8220;0px&#8220; button_font=&#8220;||||||||&#8220; button_use_icon=&#8220;off&#8220; custom_padding=&#8220;|39px||39px|false|true&#8220; global_colors_info=&#8220;{}&#8220;][\/et_pb_button][\/et_pb_column][\/et_pb_row][et_pb_row column_structure=&#8220;1_3,1_3,1_3&#8243; _builder_version=&#8220;4.21.0&#8243; _module_preset=&#8220;default&#8220; max_width=&#8220;1200px&#8220; min_height=&#8220;534.2px&#8220; global_colors_info=&#8220;{}&#8220;][et_pb_column type=&#8220;1_3&#8243; _builder_version=&#8220;4.21.0&#8243; _module_preset=&#8220;default&#8220; background_enable_color=&#8220;off&#8220; custom_padding=&#8220;15px|15px|15px|15px|false|false&#8220; border_width_all=&#8220;1px&#8220; border_color_all=&#8220;#1F1F1F&#8220; box_shadow_color_last_edited=&#8220;off|desktop&#8220; global_colors_info=&#8220;{}&#8220; box_shadow_horizontal__hover_enabled=&#8220;on|hover&#8220; box_shadow_color__hover_enabled=&#8220;on|hover&#8220; box_shadow_color__hover=&#8220;rgba(0,0,0,0.25)&#8220;][et_pb_image src=&#8220;https:\/\/speechi.com\/wp-content\/uploads\/2024\/05\/speechi-dist-camera-visio-5-VA460.jpg&#8220; title_text=&#8220;speechi-kamera-visio-VA460&#8243; _builder_version=&#8220;4.21.0&#8243; _module_preset=&#8220;default&#8220; global_colors_info=&#8220;{}&#8220;][\/et_pb_image][et_pb_text _builder_version=&#8220;4.21.0&#8243; _module_preset=&#8220;default&#8220; text_line_height=&#8220;1.5em&#8220; header_2_font_size=&#8220;24px&#8220; header_3_font=&#8220;Montserrat|300|||||||&#8220; header_3_font_size=&#8220;24px&#8220; custom_margin=&#8220;||0px|||&#8220; custom_padding=&#8220;||0px|||&#8220; global_colors_info=&#8220;{}&#8220;]<\/p>\n<h2>SPE-VA-460<\/h2>\n<h3>Die<br \/>\nVideokonferenzleiste<\/h3>\n<p>&nbsp;[\/et_pb_text][et_pb_text _builder_version=&#8220;4.21.0&#8243; _module_preset=&#8220;default&#8220; text_font_size=&#8220;14px&#8220; custom_margin=&#8220;||12px|||&#8220; custom_padding=&#8220;||45px|||&#8220; global_colors_info=&#8220;{}&#8220;]<\/p>\n<p>Intelligentes All-in-One-Videokonferenzsystem mit integrierter Ton- und 4K-Bildaufnahme.<\/p>\n<p>[\/et_pb_text][et_pb_button button_url=&#8220;https:\/\/speechi.com\/de\/videokonferenzleiste\/&#8220; button_text=&#8220;MEHR INFOS&#8220; button_alignment=&#8220;center&#8220; _builder_version=&#8220;4.21.0&#8243; _module_preset=&#8220;default&#8220; custom_button=&#8220;on&#8220; button_text_color=&#8220;#1FD7E0&#8243; button_bg_color=&#8220;#1c2c44&#8243; button_border_width=&#8220;0px&#8220; button_border_radius=&#8220;6px&#8220; button_letter_spacing=&#8220;0px&#8220; button_font=&#8220;||||||||&#8220; button_use_icon=&#8220;off&#8220; custom_padding=&#8220;|39px||39px|false|true&#8220; global_colors_info=&#8220;{}&#8220;][\/et_pb_button][\/et_pb_column][et_pb_column type=&#8220;1_3&#8243; _builder_version=&#8220;4.21.0&#8243; _module_preset=&#8220;default&#8220; background_enable_color=&#8220;off&#8220; custom_padding=&#8220;15px|15px|15px|15px|false|false&#8220; border_width_all=&#8220;1px&#8220; border_color_all=&#8220;#1F1F1F&#8220; box_shadow_color_last_edited=&#8220;off|desktop&#8220; global_colors_info=&#8220;{}&#8220; box_shadow_horizontal__hover_enabled=&#8220;on|hover&#8220; box_shadow_color__hover_enabled=&#8220;on|hover&#8220; box_shadow_color__hover=&#8220;rgba(0,0,0,0.25)&#8220;][et_pb_image src=&#8220;https:\/\/speechi.com\/wp-content\/uploads\/2024\/09\/speechi-dist-camera-360.jpg&#8220; title_text=&#8220;speechi-dist-camera-360&#8243; _builder_version=&#8220;4.21.0&#8243; _module_preset=&#8220;default&#8220; global_colors_info=&#8220;{}&#8220;][\/et_pb_image][et_pb_text _builder_version=&#8220;4.21.0&#8243; _module_preset=&#8220;default&#8220; text_line_height=&#8220;1.5em&#8220; header_2_font_size=&#8220;24px&#8220; header_3_font=&#8220;Montserrat|300|||||||&#8220; header_3_font_size=&#8220;24px&#8220; custom_margin=&#8220;||0px|||&#8220; custom_padding=&#8220;||0px|||&#8220; global_colors_info=&#8220;{}&#8220;]<\/p>\n<h2>SPE-CAM-360<\/h2>\n<h3>Die All-in-One-<br \/>\nPanoramakamera<\/h3>\n<p>&nbsp;[\/et_pb_text][et_pb_text _builder_version=&#8220;4.21.0&#8243; _module_preset=&#8220;default&#8220; text_font_size=&#8220;14px&#8220; custom_margin=&#8220;||12px|||&#8220; custom_padding=&#8220;||17px|||&#8220; global_colors_info=&#8220;{}&#8220;]Eine All-in-One-Videokonferenzl\u00f6sung f\u00fcr kleine und mittelgro\u00dfe R\u00e4ume: 360\u00b0-Kamera, omnidirektionale Mikrofone und Lautsprecher.[\/et_pb_text][et_pb_button button_url=&#8220;https:\/\/speechi.com\/de\/all-in-one-360-kamera\/&#8220; button_text=&#8220;MEHR INFOS&#8220; button_alignment=&#8220;center&#8220; _builder_version=&#8220;4.21.0&#8243; _module_preset=&#8220;default&#8220; custom_button=&#8220;on&#8220; button_text_color=&#8220;#1FD7E0&#8243; button_bg_color=&#8220;#1c2c44&#8243; button_border_width=&#8220;0px&#8220; button_border_radius=&#8220;6px&#8220; button_letter_spacing=&#8220;0px&#8220; button_font=&#8220;||||||||&#8220; button_use_icon=&#8220;off&#8220; custom_padding=&#8220;|39px||39px|false|true&#8220; global_colors_info=&#8220;{}&#8220;][\/et_pb_button][\/et_pb_column][et_pb_column type=&#8220;1_3&#8243; _builder_version=&#8220;4.21.0&#8243; _module_preset=&#8220;default&#8220; background_enable_color=&#8220;off&#8220; custom_padding=&#8220;15px|15px|15px|15px|false|false&#8220; border_width_all=&#8220;1px&#8220; border_color_all=&#8220;#1F1F1F&#8220; box_shadow_color_last_edited=&#8220;off|desktop&#8220; global_colors_info=&#8220;{}&#8220; box_shadow_horizontal__hover_enabled=&#8220;on|hover&#8220; box_shadow_color__hover_enabled=&#8220;on|hover&#8220; box_shadow_color__hover=&#8220;rgba(0,0,0,0.25)&#8220;][et_pb_image src=&#8220;https:\/\/speechi.com\/wp-content\/uploads\/2024\/05\/speechi-dist-camera-visio-7-VX001.jpg&#8220; title_text=&#8220;speechi-kamera-visio-VX001&#8243; _builder_version=&#8220;4.21.0&#8243; _module_preset=&#8220;default&#8220; global_colors_info=&#8220;{}&#8220;][\/et_pb_image][et_pb_text _builder_version=&#8220;4.21.0&#8243; _module_preset=&#8220;default&#8220; text_line_height=&#8220;1.5em&#8220; header_2_font_size=&#8220;24px&#8220; header_3_font=&#8220;Montserrat|300|||||||&#8220; header_3_font_size=&#8220;24px&#8220; custom_margin=&#8220;||0px|||&#8220; custom_padding=&#8220;||0px|||&#8220; global_colors_info=&#8220;{}&#8220;]<\/p>\n<h2>SPE-CAM-VX-001<\/h2>\n<h3>Die intelligente<br \/>\nSchwenkkamera<\/h3>\n<p>&nbsp;[\/et_pb_text][et_pb_text _builder_version=&#8220;4.21.0&#8243; _module_preset=&#8220;default&#8220; text_font_size=&#8220;14px&#8220; custom_margin=&#8220;||12px|||&#8220; custom_padding=&#8220;||45px|||&#8220; global_colors_info=&#8220;{}&#8220;]<\/p>\n<p>Eine PTZ-Kamera mit leistungsstarkem Zoom, Autotracking und intelligenter Stimmverfolgung.<\/p>\n<p>[\/et_pb_text][et_pb_button button_url=&#8220;https:\/\/speechi.com\/de\/intelligente-schwenkkamera\/&#8220; button_text=&#8220;MEHR INFOS&#8220; button_alignment=&#8220;center&#8220; _builder_version=&#8220;4.21.0&#8243; _module_preset=&#8220;default&#8220; custom_button=&#8220;on&#8220; button_text_color=&#8220;#1FD7E0&#8243; button_bg_color=&#8220;#1c2c44&#8243; button_border_width=&#8220;0px&#8220; button_border_radius=&#8220;6px&#8220; button_letter_spacing=&#8220;0px&#8220; button_font=&#8220;||||||||&#8220; button_use_icon=&#8220;off&#8220; custom_padding=&#8220;|39px||39px|false|true&#8220; global_colors_info=&#8220;{}&#8220;][\/et_pb_button][\/et_pb_column][\/et_pb_row][et_pb_row column_structure=&#8220;1_3,1_3,1_3&#8243; _builder_version=&#8220;4.21.0&#8243; _module_preset=&#8220;default&#8220; max_width=&#8220;1200px&#8220; min_height=&#8220;534.2px&#8220; global_colors_info=&#8220;{}&#8220;][et_pb_column type=&#8220;1_3&#8243; _builder_version=&#8220;4.21.0&#8243; _module_preset=&#8220;default&#8220; background_enable_color=&#8220;off&#8220; custom_padding=&#8220;15px|15px|15px|15px|false|false&#8220; border_width_all=&#8220;1px&#8220; border_color_all=&#8220;#1F1F1F&#8220; box_shadow_color_last_edited=&#8220;off|desktop&#8220; global_colors_info=&#8220;{}&#8220; box_shadow_horizontal__hover_enabled=&#8220;on|hover&#8220; box_shadow_color__hover_enabled=&#8220;on|hover&#8220; box_shadow_color__hover=&#8220;rgba(0,0,0,0.25)&#8220;][et_pb_image src=&#8220;https:\/\/speechi.com\/wp-content\/uploads\/2024\/05\/speechi-dist-camera-visio-6-UV510.jpg&#8220; title_text=&#8220;speechi-kamera-visio-UV510&#8243; _builder_version=&#8220;4.21.0&#8243; _module_preset=&#8220;default&#8220; global_colors_info=&#8220;{}&#8220;][\/et_pb_image][et_pb_text _builder_version=&#8220;4.21.0&#8243; _module_preset=&#8220;default&#8220; text_line_height=&#8220;1.5em&#8220; header_2_font_size=&#8220;24px&#8220; header_3_font=&#8220;Montserrat|300|||||||&#8220; header_3_font_size=&#8220;24px&#8220; custom_margin=&#8220;||0px|||&#8220; custom_padding=&#8220;||0px|||&#8220; global_colors_info=&#8220;{}&#8220;]<\/p>\n<h2>SPE-UV510<\/h2>\n<h3>Die<br \/>\nTelepr\u00e4senzkamera<\/h3>\n<p>&nbsp;[\/et_pb_text][et_pb_text _builder_version=&#8220;4.21.0&#8243; _module_preset=&#8220;default&#8220; text_font_size=&#8220;14px&#8220; custom_margin=&#8220;||12px|||&#8220; custom_padding=&#8220;||17px|||&#8220; global_colors_info=&#8220;{}&#8220;]<\/p>\n<p>Eine leistungsstarke schwenkbare Kamera f\u00fcr umfangreiche Videokonferenzen in gro\u00dfen Besprechungsr\u00e4umen.<\/p>\n<p>[\/et_pb_text][et_pb_button button_url=&#8220;https:\/\/speechi.com\/de\/telepraesenzkamera\/&#8220; button_text=&#8220;MEHR INFOS&#8220; button_alignment=&#8220;center&#8220; _builder_version=&#8220;4.21.0&#8243; _module_preset=&#8220;default&#8220; custom_button=&#8220;on&#8220; button_text_color=&#8220;#1FD7E0&#8243; button_bg_color=&#8220;#1c2c44&#8243; button_border_width=&#8220;0px&#8220; button_border_radius=&#8220;6px&#8220; button_letter_spacing=&#8220;0px&#8220; button_font=&#8220;||||||||&#8220; button_use_icon=&#8220;off&#8220; custom_padding=&#8220;|39px||39px|false|true&#8220; global_colors_info=&#8220;{}&#8220;][\/et_pb_button][\/et_pb_column][et_pb_column type=&#8220;1_3&#8243; _builder_version=&#8220;4.21.0&#8243; _module_preset=&#8220;default&#8220; background_enable_color=&#8220;off&#8220; custom_padding=&#8220;15px|15px|15px|15px|false|false&#8220; border_color_all=&#8220;#1F1F1F&#8220; box_shadow_color_last_edited=&#8220;off|desktop&#8220; global_colors_info=&#8220;{}&#8220; box_shadow_horizontal__hover_enabled=&#8220;on|hover&#8220; box_shadow_color__hover_enabled=&#8220;on|hover&#8220; box_shadow_color__hover=&#8220;rgba(0,0,0,0.25)&#8220;][\/et_pb_column][et_pb_column type=&#8220;1_3&#8243; _builder_version=&#8220;4.21.0&#8243; _module_preset=&#8220;default&#8220; background_enable_color=&#8220;off&#8220; custom_padding=&#8220;15px|15px|15px|15px|false|false&#8220; border_color_all=&#8220;#1F1F1F&#8220; box_shadow_color_last_edited=&#8220;off|desktop&#8220; global_colors_info=&#8220;{}&#8220; box_shadow_horizontal__hover_enabled=&#8220;on|hover&#8220; box_shadow_color__hover_enabled=&#8220;on|hover&#8220; box_shadow_color__hover=&#8220;rgba(0,0,0,0.25)&#8220;][\/et_pb_column][\/et_pb_row][\/et_pb_section]<\/p>\n","protected":false},"excerpt":{"rendered":"<p>videokonferenz Speechi Eine Kamera f\u00fcr jede VideokonferenzSPE-MG-104 Die Full-HD-Video Webcam &nbsp;Eine Webcam, die problemlos vom Computer zum interaktiven Display wechselt.SPE-MG-402-C Die Videokonferenzkamera &nbsp;Eine 4K-Kamera mit Autoframing-Funktion f\u00fcr bessere Remotemeetings.SPE-CV-500 Die Panoramakamera &nbsp;180\u00b0 Sichtfeld und automatische Ausrichtung auf die Teilnehmer des Meetings.SPE-VA-460 Die Videokonferenzleiste &nbsp;Intelligentes All-in-One-Videokonferenzsystem mit integrierter Ton- und 4K-Bildaufnahme.SPE-CAM-360 Die All-in-One- Panoramakamera &nbsp;Eine All-in-One-Videokonferenzl\u00f6sung [&hellip;]<\/p>\n","protected":false},"author":4,"featured_media":0,"parent":0,"menu_order":0,"comment_status":"closed","ping_status":"closed","template":"","meta":{"_acf_changed":false,"_seopress_robots_primary_cat":"","_seopress_titles_title":"Kameras und Webcams - Zubeh\u00f6r f\u00fcr Videokonferenzen - Speechi","_seopress_titles_desc":"Entdecken Sie die Kameras der Marke Speechi: mehrere Modelle, die all Ihren Bed\u00fcrfnissen und den verschiedenen Raumtypen gerecht werden.","_seopress_robots_index":"","_et_pb_use_builder":"on","_et_pb_old_content":"","_et_gb_content_width":"","footnotes":""},"difl_page_category":[],"class_list":["post-44165906","page","type-page","status-publish","hentry"],"acf":[],"_links":{"self":[{"href":"https:\/\/speechi.com\/de\/wp-json\/wp\/v2\/pages\/44165906","targetHints":{"allow":["GET"]}}],"collection":[{"href":"https:\/\/speechi.com\/de\/wp-json\/wp\/v2\/pages"}],"about":[{"href":"https:\/\/speechi.com\/de\/wp-json\/wp\/v2\/types\/page"}],"author":[{"embeddable":true,"href":"https:\/\/speechi.com\/de\/wp-json\/wp\/v2\/users\/4"}],"replies":[{"embeddable":true,"href":"https:\/\/speechi.com\/de\/wp-json\/wp\/v2\/comments?post=44165906"}],"version-history":[{"count":16,"href":"https:\/\/speechi.com\/de\/wp-json\/wp\/v2\/pages\/44165906\/revisions"}],"predecessor-version":[{"id":44174636,"href":"https:\/\/speechi.com\/de\/wp-json\/wp\/v2\/pages\/44165906\/revisions\/44174636"}],"wp:attachment":[{"href":"https:\/\/speechi.com\/de\/wp-json\/wp\/v2\/media?parent=44165906"}],"wp:term":[{"taxonomy":"difl_page_category","embeddable":true,"href":"https:\/\/speechi.com\/de\/wp-json\/wp\/v2\/difl_page_category?post=44165906"}],"curies":[{"name":"wp","href":"https:\/\/api.w.org\/{rel}","templated":true}]}}