{"id":44166990,"date":"2024-05-26T18:40:11","date_gmt":"2024-05-26T16:40:11","guid":{"rendered":"https:\/\/speechi.com\/visualizer-speechi-zubehoer\/"},"modified":"2024-10-10T10:22:00","modified_gmt":"2024-10-10T08:22:00","slug":"visualizer-speechi-zubehoer","status":"publish","type":"page","link":"https:\/\/speechi.com\/de\/visualizer-speechi-zubehoer\/","title":{"rendered":"Visualizer &#8211; Speechi Zubeh\u00f6r"},"content":{"rendered":"<p>[et_pb_section fb_built=&#8220;1&#8243; admin_label=&#8220;Header&#8220; _builder_version=&#8220;4.21.0&#8243; _module_preset=&#8220;default&#8220; background_enable_color=&#8220;off&#8220; background_image=&#8220;https:\/\/speechi.com\/wp-content\/uploads\/2024\/05\/speechi-dist-visualiseur-1-banniere.jpg&#8220; custom_margin=&#8220;||||false|false&#8220; custom_padding=&#8220;9vw||9vw||true|false&#8220; locked=&#8220;off&#8220; collapsed=&#8220;on&#8220; global_colors_info=&#8220;{}&#8220;][et_pb_row _builder_version=&#8220;4.21.0&#8243; _module_preset=&#8220;default&#8220; module_alignment=&#8220;center&#8220; custom_margin=&#8220;|||0px|false|false&#8220; global_colors_info=&#8220;{}&#8220;][et_pb_column type=&#8220;4_4&#8243; _builder_version=&#8220;4.20.0&#8243; _module_preset=&#8220;default&#8220; global_colors_info=&#8220;{}&#8220;][et_pb_text _builder_version=&#8220;4.21.0&#8243; _module_preset=&#8220;default&#8220; text_font=&#8220;Montserrat|300|||||||&#8220; text_font_size=&#8220;41px&#8220; text_line_height=&#8220;1.3em&#8220; header_font=&#8220;Montserrat|300|||||||&#8220; header_font_size=&#8220;43px&#8220; header_2_font_size=&#8220;25px&#8220; custom_margin=&#8220;|-101px||-101px|false|true&#8220; custom_padding=&#8220;|0px||0px|false|false&#8220; global_colors_info=&#8220;{}&#8220;]<\/p>\n<h2>Zubeh\u00f6r<br \/>\nSpeechi<\/h2>\n<h1><strong>Ein Visualizer<\/strong><br \/>\nf\u00fcr alle<br \/>\nF\u00e4lle<\/h1>\n<p>[\/et_pb_text][\/et_pb_column][\/et_pb_row][\/et_pb_section][et_pb_section fb_built=&#8220;1&#8243; _builder_version=&#8220;4.21.0&#8243; _module_preset=&#8220;default&#8220; global_colors_info=&#8220;{}&#8220;][et_pb_row column_structure=&#8220;1_3,1_3,1_3&#8243; _builder_version=&#8220;4.21.0&#8243; _module_preset=&#8220;default&#8220; max_width=&#8220;1200px&#8220; min_height=&#8220;534.2px&#8220; custom_padding=&#8220;||30px|||&#8220; locked=&#8220;off&#8220; global_colors_info=&#8220;{}&#8220;][et_pb_column type=&#8220;1_3&#8243; _builder_version=&#8220;4.21.0&#8243; _module_preset=&#8220;default&#8220; background_enable_color=&#8220;off&#8220; custom_padding=&#8220;15px|15px|15px|15px|false|false&#8220; border_width_all=&#8220;1px&#8220; border_color_all=&#8220;#1F1F1F&#8220; box_shadow_color_last_edited=&#8220;off|desktop&#8220; global_colors_info=&#8220;{}&#8220; box_shadow_horizontal__hover_enabled=&#8220;on|hover&#8220; box_shadow_color__hover_enabled=&#8220;on|hover&#8220; box_shadow_color__hover=&#8220;rgba(0,0,0,0.25)&#8220;][et_pb_image src=&#8220;https:\/\/speechi.com\/wp-content\/uploads\/2024\/05\/speechi-dist-visualiseur-2-speechicam7.jpg&#8220; alt=&#8220;Mobile Dokumentenkamera Speechicam 7&#8243; title_text=&#8220;Mobile Dokumentenkamera Speechicam 7&#8243; _builder_version=&#8220;4.21.0&#8243; _module_preset=&#8220;default&#8220; global_colors_info=&#8220;{}&#8220;][\/et_pb_image][et_pb_text _builder_version=&#8220;4.21.0&#8243; _module_preset=&#8220;default&#8220; text_line_height=&#8220;1.5em&#8220; header_2_font_size=&#8220;24px&#8220; header_3_font=&#8220;Montserrat|300|||||||&#8220; header_3_font_size=&#8220;24px&#8220; custom_margin=&#8220;||0px|||&#8220; custom_padding=&#8220;||0px|||&#8220; global_colors_info=&#8220;{}&#8220;]<\/p>\n<h2>SpeechiCam 7 :<\/h2>\n<h3>UHD 4K<br \/>-Visualizer<\/h3>\n<p>&nbsp;<\/p>\n<p>[\/et_pb_text][et_pb_text _builder_version=&#8220;4.21.0&#8243; _module_preset=&#8220;default&#8220; text_font_size=&#8220;14px&#8220; custom_margin=&#8220;||12px|||&#8220; custom_padding=&#8220;||45px|||&#8220; global_colors_info=&#8220;{}&#8220;]Mobile Dokumentenkamera, Autofokus, 8 Megapixel in UHD.[\/et_pb_text][et_pb_button button_url=&#8220;https:\/\/speechi.com\/de\/mobiler-dokumentenkamera\/&#8220; button_text=&#8220;MEHR INFOS&#8220; button_alignment=&#8220;center&#8220; _builder_version=&#8220;4.21.0&#8243; _module_preset=&#8220;default&#8220; custom_button=&#8220;on&#8220; button_text_color=&#8220;#1FD7E0&#8243; button_bg_color=&#8220;#1c2c44&#8243; button_border_width=&#8220;0px&#8220; button_border_radius=&#8220;6px&#8220; button_letter_spacing=&#8220;0px&#8220; button_font=&#8220;||||||||&#8220; button_use_icon=&#8220;off&#8220; custom_padding=&#8220;|39px||39px|false|true&#8220; global_colors_info=&#8220;{}&#8220;][\/et_pb_button][\/et_pb_column][et_pb_column type=&#8220;1_3&#8243; _builder_version=&#8220;4.21.0&#8243; _module_preset=&#8220;default&#8220; background_enable_color=&#8220;off&#8220; custom_padding=&#8220;15px|15px|15px|15px|false|false&#8220; border_width_all=&#8220;1px&#8220; border_color_all=&#8220;#1F1F1F&#8220; box_shadow_color_last_edited=&#8220;off|desktop&#8220; global_colors_info=&#8220;{}&#8220; box_shadow_horizontal__hover_enabled=&#8220;on|hover&#8220; box_shadow_color__hover_enabled=&#8220;on|hover&#8220; box_shadow_color__hover=&#8220;rgba(0,0,0,0.25)&#8220;][et_pb_image src=&#8220;https:\/\/speechi.com\/wp-content\/uploads\/2024\/05\/speechi-dist-visualiseur-3-speechiVI102.jpg&#8220; alt=&#8220;Der leicht zu transportierende Visualizer&#8220; title_text=&#8220;Der leicht zu transportierende Visualizer&#8220; _builder_version=&#8220;4.21.0&#8243; _module_preset=&#8220;default&#8220; global_colors_info=&#8220;{}&#8220;][\/et_pb_image][et_pb_text _builder_version=&#8220;4.21.0&#8243; _module_preset=&#8220;default&#8220; text_font_size=&#8220;12px&#8220; text_line_height=&#8220;1.5em&#8220; header_2_font_size=&#8220;24px&#8220; header_3_font=&#8220;Montserrat|300|||||||&#8220; header_3_font_size=&#8220;24px&#8220; custom_margin=&#8220;||0px|||&#8220; custom_padding=&#8220;||0px||false|false&#8220; global_colors_info=&#8220;{}&#8220;]<\/p>\n<h2>Speechi SPE-VI-102 :<\/h2>\n<h3>UHD, leicht und<br \/>leistungsstark<\/h3>\n<p>&nbsp;<\/p>\n<p>[\/et_pb_text][et_pb_text _builder_version=&#8220;4.21.0&#8243; _module_preset=&#8220;default&#8220; text_font_size=&#8220;14px&#8220; header_2_font_size=&#8220;24px&#8220; header_3_font=&#8220;Montserrat|300|||||||&#8220; header_3_font_size=&#8220;24px&#8220; custom_margin=&#8220;||0px|||&#8220; custom_padding=&#8220;||58px|||&#8220; global_colors_info=&#8220;{}&#8220;]<\/p>\n<p>Der leicht zu transportierende Visualizer mit 13-Megapixel-Sensor.<\/p>\n<p>[\/et_pb_text][et_pb_button button_url=&#8220;https:\/\/speechi.com\/de\/flexible-visualizer\/&#8220; button_text=&#8220;MEHR INFOS&#8220; button_alignment=&#8220;center&#8220; _builder_version=&#8220;4.21.0&#8243; _module_preset=&#8220;default&#8220; custom_button=&#8220;on&#8220; button_text_color=&#8220;#1FD7E0&#8243; button_bg_color=&#8220;#1c2c44&#8243; button_border_width=&#8220;0px&#8220; button_border_radius=&#8220;6px&#8220; button_letter_spacing=&#8220;0px&#8220; button_font=&#8220;||||||||&#8220; button_use_icon=&#8220;off&#8220; custom_padding=&#8220;|39px||39px|false|true&#8220; global_colors_info=&#8220;{}&#8220;][\/et_pb_button][\/et_pb_column][et_pb_column type=&#8220;1_3&#8243; _builder_version=&#8220;4.21.0&#8243; _module_preset=&#8220;default&#8220; background_enable_color=&#8220;off&#8220; custom_padding=&#8220;15px|15px|15px|15px|false|false&#8220; border_width_all=&#8220;1px&#8220; border_color_all=&#8220;#1F1F1F&#8220; box_shadow_color_last_edited=&#8220;off|desktop&#8220; global_colors_info=&#8220;{}&#8220; box_shadow_horizontal__hover_enabled=&#8220;on|hover&#8220; box_shadow_color__hover_enabled=&#8220;on|hover&#8220; box_shadow_color__hover=&#8220;rgba(0,0,0,0.25)&#8220;][et_pb_image src=&#8220;https:\/\/speechi.com\/wp-content\/uploads\/2024\/05\/speechi-dist-visualiseur-4-speechiVI801.jpg&#8220; alt=&#8220;Ein 4K-Visualizer mit XXL-Zoom und hintergrundbeleuchteter Arbeitsfl\u00e4che.&#8220; title_text=&#8220;Ein 4K-Visualizer mit XXL-Zoom und hintergrundbeleuchteter Arbeitsfl\u00e4che.&#8220; _builder_version=&#8220;4.21.0&#8243; _module_preset=&#8220;default&#8220; global_colors_info=&#8220;{}&#8220;][\/et_pb_image][et_pb_text _builder_version=&#8220;4.21.0&#8243; _module_preset=&#8220;default&#8220; text_font_size=&#8220;12px&#8220; text_line_height=&#8220;1.5em&#8220; header_2_font_size=&#8220;24px&#8220; header_3_font=&#8220;Montserrat|300|||||||&#8220; header_3_font_size=&#8220;24px&#8220; custom_margin=&#8220;||0px|||&#8220; custom_padding=&#8220;||0px||false|false&#8220; global_colors_info=&#8220;{}&#8220;]<\/p>\n<h2>Speechi SPE-VI-801 :<\/h2>\n<h3>Desktop<br \/>\n-Visualizer<\/h3>\n<p>&nbsp;[\/et_pb_text][et_pb_text _builder_version=&#8220;4.21.0&#8243; _module_preset=&#8220;default&#8220; text_font_size=&#8220;14px&#8220; custom_margin=&#8220;||12px|||&#8220; custom_padding=&#8220;||58px||false|false&#8220; global_colors_info=&#8220;{}&#8220;]<\/p>\n<p>Ein 4K-Visualizer mit XXL-Zoom und hintergrundbeleuchteter Arbeitsfl\u00e4che.<\/p>\n<p>[\/et_pb_text][et_pb_button button_url=&#8220;https:\/\/speechi.com\/de\/desktop-visualizer\/&#8220; button_text=&#8220;MEHR INFOS&#8220; button_alignment=&#8220;center&#8220; _builder_version=&#8220;4.21.0&#8243; _module_preset=&#8220;default&#8220; custom_button=&#8220;on&#8220; button_text_color=&#8220;#1FD7E0&#8243; button_bg_color=&#8220;#1c2c44&#8243; button_border_width=&#8220;0px&#8220; button_border_radius=&#8220;6px&#8220; button_letter_spacing=&#8220;0px&#8220; button_font=&#8220;||||||||&#8220; button_use_icon=&#8220;off&#8220; custom_padding=&#8220;|39px||39px|false|true&#8220; global_colors_info=&#8220;{}&#8220;][\/et_pb_button][\/et_pb_column][\/et_pb_row][et_pb_row column_structure=&#8220;1_3,1_3,1_3&#8243; _builder_version=&#8220;4.21.0&#8243; _module_preset=&#8220;default&#8220; max_width=&#8220;1200px&#8220; min_height=&#8220;534.2px&#8220; custom_padding=&#8220;||30px|||&#8220; locked=&#8220;off&#8220; global_colors_info=&#8220;{}&#8220;][et_pb_column type=&#8220;1_3&#8243; _builder_version=&#8220;4.21.0&#8243; _module_preset=&#8220;default&#8220; background_enable_color=&#8220;off&#8220; custom_padding=&#8220;15px|15px|15px|15px|false|false&#8220; border_width_all=&#8220;1px&#8220; border_color_all=&#8220;#1F1F1F&#8220; box_shadow_color_last_edited=&#8220;off|desktop&#8220; global_colors_info=&#8220;{}&#8220; box_shadow_horizontal__hover_enabled=&#8220;on|hover&#8220; box_shadow_color__hover_enabled=&#8220;on|hover&#8220; box_shadow_color__hover=&#8220;rgba(0,0,0,0.25)&#8220;][et_pb_image src=&#8220;https:\/\/speechi.com\/wp-content\/uploads\/2024\/05\/speechi-dist-visualiseur-5-elmomxp3.jpg&#8220; alt=&#8220;Visualizer im Taschenformat&#8220; title_text=&#8220;Visualizer im Taschenformat&#8220; _builder_version=&#8220;4.21.0&#8243; _module_preset=&#8220;default&#8220; global_colors_info=&#8220;{}&#8220;][\/et_pb_image][et_pb_text _builder_version=&#8220;4.21.0&#8243; _module_preset=&#8220;default&#8220; text_line_height=&#8220;1.5em&#8220; header_2_font_size=&#8220;24px&#8220; header_3_font=&#8220;Montserrat|300|||||||&#8220; header_3_font_size=&#8220;24px&#8220; custom_margin=&#8220;||0px|||&#8220; custom_padding=&#8220;||0px|||&#8220; global_colors_info=&#8220;{}&#8220;]<\/p>\n<h2>ELMO MX-P3 :<\/h2>\n<h3>Visualizer im<br \/>\nTaschenformat<\/h3>\n<p>&nbsp;[\/et_pb_text][et_pb_text _builder_version=&#8220;4.21.0&#8243; _module_preset=&#8220;default&#8220; text_font_size=&#8220;14px&#8220; custom_margin=&#8220;||12px|||&#8220; custom_padding=&#8220;||45px|||&#8220; global_colors_info=&#8220;{}&#8220;]Ein kleiner Visualizer, der mit seiner 4K-Aufl\u00f6sung den Gro\u00dfen in nichts nachsteht.[\/et_pb_text][et_pb_button button_url=&#8220;https:\/\/speechi.com\/de\/visualizer-4k\/&#8220; button_text=&#8220;MEHR INFOS&#8220; button_alignment=&#8220;center&#8220; _builder_version=&#8220;4.21.0&#8243; _module_preset=&#8220;default&#8220; custom_button=&#8220;on&#8220; button_text_color=&#8220;#1FD7E0&#8243; button_bg_color=&#8220;#1c2c44&#8243; button_border_width=&#8220;0px&#8220; button_border_radius=&#8220;6px&#8220; button_letter_spacing=&#8220;0px&#8220; button_font=&#8220;||||||||&#8220; button_use_icon=&#8220;off&#8220; custom_padding=&#8220;|39px||39px|false|true&#8220; hover_enabled=&#8220;0&#8243; global_colors_info=&#8220;{}&#8220; sticky_enabled=&#8220;0&#8243;][\/et_pb_button][\/et_pb_column][et_pb_column type=&#8220;1_3&#8243; _builder_version=&#8220;4.21.0&#8243; _module_preset=&#8220;default&#8220; background_enable_color=&#8220;off&#8220; custom_padding=&#8220;15px|15px|15px|15px|false|false&#8220; border_width_all=&#8220;1px&#8220; border_color_all=&#8220;#1F1F1F&#8220; box_shadow_color_last_edited=&#8220;off|desktop&#8220; global_colors_info=&#8220;{}&#8220; box_shadow_horizontal__hover_enabled=&#8220;on|hover&#8220; box_shadow_color__hover_enabled=&#8220;on|hover&#8220; box_shadow_color__hover=&#8220;rgba(0,0,0,0.25)&#8220;][et_pb_image src=&#8220;https:\/\/speechi.com\/wp-content\/uploads\/2024\/05\/speechi-dist-visualiseur-6-elmol12g.jpg&#8220; alt=&#8220;Der umfassendste Visualizer&#8220; title_text=&#8220;Der umfassendste Visualizer&#8220; _builder_version=&#8220;4.21.0&#8243; _module_preset=&#8220;default&#8220; global_colors_info=&#8220;{}&#8220;][\/et_pb_image][et_pb_text _builder_version=&#8220;4.21.0&#8243; _module_preset=&#8220;default&#8220; text_font_size=&#8220;12px&#8220; text_line_height=&#8220;1.5em&#8220; header_2_font_size=&#8220;24px&#8220; header_3_font=&#8220;Montserrat|300|||||||&#8220; header_3_font_size=&#8220;24px&#8220; custom_margin=&#8220;||0px|||&#8220; custom_padding=&#8220;||0px||false|false&#8220; global_colors_info=&#8220;{}&#8220;]<\/p>\n<h2>ELMO L-12G :<\/h2>\n<h3>Der umfassendste<br \/>\nVisualizer<\/h3>\n<p>&nbsp;[\/et_pb_text][et_pb_text _builder_version=&#8220;4.21.0&#8243; _module_preset=&#8220;default&#8220; text_font_size=&#8220;14px&#8220; header_2_font_size=&#8220;24px&#8220; header_3_font=&#8220;Montserrat|300|||||||&#8220; header_3_font_size=&#8220;24px&#8220; custom_margin=&#8220;||0px|||&#8220; custom_padding=&#8220;||58px|||&#8220; global_colors_info=&#8220;{}&#8220;]Ein um 300\u00b0 schwenkbarer Arm f\u00fcr die Aufnahme von 4K-Videos.[\/et_pb_text][et_pb_button button_url=&#8220;https:\/\/speechi.com\/de\/visualizer-miracast\/&#8220; button_text=&#8220;MEHR INFOS&#8220; button_alignment=&#8220;center&#8220; _builder_version=&#8220;4.21.0&#8243; _module_preset=&#8220;default&#8220; custom_button=&#8220;on&#8220; button_text_color=&#8220;#1FD7E0&#8243; button_bg_color=&#8220;#1c2c44&#8243; button_border_width=&#8220;0px&#8220; button_border_radius=&#8220;6px&#8220; button_letter_spacing=&#8220;0px&#8220; button_font=&#8220;||||||||&#8220; button_use_icon=&#8220;off&#8220; custom_padding=&#8220;|39px||39px|false|true&#8220; hover_enabled=&#8220;0&#8243; global_colors_info=&#8220;{}&#8220; sticky_enabled=&#8220;0&#8243;][\/et_pb_button][\/et_pb_column][et_pb_column type=&#8220;1_3&#8243; _builder_version=&#8220;4.21.0&#8243; _module_preset=&#8220;default&#8220; background_enable_color=&#8220;off&#8220; custom_padding=&#8220;15px|15px|15px|15px|false|false&#8220; border_width_all=&#8220;1px&#8220; border_color_all=&#8220;#1F1F1F&#8220; box_shadow_color_last_edited=&#8220;off|desktop&#8220; global_colors_info=&#8220;{}&#8220; box_shadow_horizontal__hover_enabled=&#8220;on|hover&#8220; box_shadow_color__hover_enabled=&#8220;on|hover&#8220; box_shadow_color__hover=&#8220;rgba(0,0,0,0.25)&#8220;][et_pb_image src=&#8220;https:\/\/speechi.com\/wp-content\/uploads\/2024\/05\/speechi-dist-visualiseur-7-elmopx30e.jpg&#8220; alt=&#8220;Der professionelle Visualizer&#8220; title_text=&#8220;Der professionelle Visualizer&#8220; _builder_version=&#8220;4.21.0&#8243; _module_preset=&#8220;default&#8220; global_colors_info=&#8220;{}&#8220;][\/et_pb_image][et_pb_text _builder_version=&#8220;4.21.0&#8243; _module_preset=&#8220;default&#8220; text_font_size=&#8220;12px&#8220; text_line_height=&#8220;1.5em&#8220; header_2_font_size=&#8220;24px&#8220; header_3_font=&#8220;Montserrat|300|||||||&#8220; header_3_font_size=&#8220;24px&#8220; custom_margin=&#8220;||0px|||&#8220; custom_padding=&#8220;||0px||false|false&#8220; global_colors_info=&#8220;{}&#8220;]<\/p>\n<h2>ELMO PX-30E :<\/h2>\n<h3>Der professionelle<br \/>\nVisualizer<\/h3>\n<p>&nbsp;[\/et_pb_text][et_pb_text _builder_version=&#8220;4.21.0&#8243; _module_preset=&#8220;default&#8220; text_font_size=&#8220;14px&#8220; custom_margin=&#8220;||12px|||&#8220; custom_padding=&#8220;||58px||false|false&#8220; global_colors_info=&#8220;{}&#8220;]Ein 4K-Visualizer mit gro\u00dfer Aufnahmefl\u00e4che und Vorschaudisplay.[\/et_pb_text][et_pb_button button_url=&#8220;https:\/\/speechi.com\/de\/desktop-visualizer-elmo\/&#8220; button_text=&#8220;MEHR INFOS&#8220; button_alignment=&#8220;center&#8220; _builder_version=&#8220;4.21.0&#8243; _module_preset=&#8220;default&#8220; custom_button=&#8220;on&#8220; button_text_color=&#8220;#1FD7E0&#8243; button_bg_color=&#8220;#1c2c44&#8243; button_border_width=&#8220;0px&#8220; button_border_radius=&#8220;6px&#8220; button_letter_spacing=&#8220;0px&#8220; button_font=&#8220;||||||||&#8220; button_use_icon=&#8220;off&#8220; custom_padding=&#8220;|39px||39px|false|true&#8220; hover_enabled=&#8220;0&#8243; global_colors_info=&#8220;{}&#8220; sticky_enabled=&#8220;0&#8243;][\/et_pb_button][\/et_pb_column][\/et_pb_row][\/et_pb_section]<\/p>\n","protected":false},"excerpt":{"rendered":"<p>Zubeh\u00f6r Speechi Ein Visualizer f\u00fcr alle F\u00e4lleSpeechiCam 7 : UHD 4K-Visualizer &nbsp;Mobile Dokumentenkamera, Autofokus, 8 Megapixel in UHD.Speechi SPE-VI-102 : UHD, leicht undleistungsstark &nbsp;Der leicht zu transportierende Visualizer mit 13-Megapixel-Sensor.Speechi SPE-VI-801 : Desktop -Visualizer &nbsp;Ein 4K-Visualizer mit XXL-Zoom und hintergrundbeleuchteter Arbeitsfl\u00e4che.ELMO MX-P3 : Visualizer im Taschenformat &nbsp;Ein kleiner Visualizer, der mit seiner 4K-Aufl\u00f6sung den Gro\u00dfen [&hellip;]<\/p>\n","protected":false},"author":4,"featured_media":0,"parent":0,"menu_order":0,"comment_status":"closed","ping_status":"closed","template":"","meta":{"_acf_changed":false,"_seopress_robots_primary_cat":"","_seopress_titles_title":"Mobiler Desktop-Visualizer f\u00fcr Schule und Unternehmen - Speechi","_seopress_titles_desc":"Entdecken Sie die Produktreihen der Visualizer von Speechi und ELMO, ideal f\u00fcr alle R\u00e4ume und Anwendungen: mobil, B\u00fcro, 4K, Videoaufzeichnung und mehr!","_seopress_robots_index":"","_et_pb_use_builder":"on","_et_pb_old_content":"","_et_gb_content_width":"","footnotes":""},"difl_page_category":[],"class_list":["post-44166990","page","type-page","status-publish","hentry"],"acf":[],"_links":{"self":[{"href":"https:\/\/speechi.com\/de\/wp-json\/wp\/v2\/pages\/44166990","targetHints":{"allow":["GET"]}}],"collection":[{"href":"https:\/\/speechi.com\/de\/wp-json\/wp\/v2\/pages"}],"about":[{"href":"https:\/\/speechi.com\/de\/wp-json\/wp\/v2\/types\/page"}],"author":[{"embeddable":true,"href":"https:\/\/speechi.com\/de\/wp-json\/wp\/v2\/users\/4"}],"replies":[{"embeddable":true,"href":"https:\/\/speechi.com\/de\/wp-json\/wp\/v2\/comments?post=44166990"}],"version-history":[{"count":23,"href":"https:\/\/speechi.com\/de\/wp-json\/wp\/v2\/pages\/44166990\/revisions"}],"predecessor-version":[{"id":44174706,"href":"https:\/\/speechi.com\/de\/wp-json\/wp\/v2\/pages\/44166990\/revisions\/44174706"}],"wp:attachment":[{"href":"https:\/\/speechi.com\/de\/wp-json\/wp\/v2\/media?parent=44166990"}],"wp:term":[{"taxonomy":"difl_page_category","embeddable":true,"href":"https:\/\/speechi.com\/de\/wp-json\/wp\/v2\/difl_page_category?post=44166990"}],"curies":[{"name":"wp","href":"https:\/\/api.w.org\/{rel}","templated":true}]}}