{"id":44167170,"date":"2024-05-23T16:28:53","date_gmt":"2024-05-23T14:28:53","guid":{"rendered":"https:\/\/speechi.com\/audio-zubehoer-speechi\/"},"modified":"2024-10-24T17:26:52","modified_gmt":"2024-10-24T15:26:52","slug":"audio-zubehoer-speechi","status":"publish","type":"page","link":"https:\/\/speechi.com\/de\/audio-zubehoer-speechi\/","title":{"rendered":"Audio &#8211; zubeh\u00f6r Speechi"},"content":{"rendered":"<p>[et_pb_section fb_built=&#8220;1&#8243; admin_label=&#8220;Header&#8220; _builder_version=&#8220;4.21.0&#8243; _module_preset=&#8220;default&#8220; background_enable_color=&#8220;off&#8220; background_image=&#8220;https:\/\/speechi.com\/wp-content\/uploads\/2024\/05\/speechi-dist-audio-1-banniere.jpg&#8220; custom_margin=&#8220;||||false|false&#8220; custom_padding=&#8220;9vw||9vw||true|false&#8220; locked=&#8220;off&#8220; collapsed=&#8220;on&#8220; global_colors_info=&#8220;{}&#8220;][et_pb_row _builder_version=&#8220;4.21.0&#8243; _module_preset=&#8220;default&#8220; module_alignment=&#8220;center&#8220; custom_margin=&#8220;|||0px|false|false&#8220; global_colors_info=&#8220;{}&#8220;][et_pb_column type=&#8220;4_4&#8243; _builder_version=&#8220;4.20.0&#8243; _module_preset=&#8220;default&#8220; global_colors_info=&#8220;{}&#8220;][et_pb_text _builder_version=&#8220;4.21.0&#8243; _module_preset=&#8220;default&#8220; text_font=&#8220;Montserrat|300|||||||&#8220; text_font_size=&#8220;41px&#8220; text_line_height=&#8220;1.3em&#8220; header_font=&#8220;Montserrat|300|||||||&#8220; header_font_size=&#8220;43px&#8220; header_2_font_size=&#8220;25px&#8220; custom_margin=&#8220;|-101px||-101px|false|true&#8220; custom_padding=&#8220;|0px||0px|false|false&#8220; global_colors_info=&#8220;{}&#8220;]<\/p>\n<h2>visio<br \/>Speechi<\/h2>\n<h1><strong>Eine Audiol\u00f6sung<\/strong><br \/>f\u00fcr jede<br \/>Videokonferenz<\/h1>\n<p>[\/et_pb_text][\/et_pb_column][\/et_pb_row][\/et_pb_section][et_pb_section fb_built=&#8220;1&#8243; _builder_version=&#8220;4.21.0&#8243; _module_preset=&#8220;default&#8220; locked=&#8220;off&#8220; global_colors_info=&#8220;{}&#8220;][et_pb_row column_structure=&#8220;1_3,1_3,1_3&#8243; _builder_version=&#8220;4.21.0&#8243; _module_preset=&#8220;default&#8220; max_width=&#8220;1200px&#8220; min_height=&#8220;534.2px&#8220; custom_padding=&#8220;||30px|||&#8220; hover_enabled=&#8220;0&#8243; global_colors_info=&#8220;{}&#8220; sticky_enabled=&#8220;0&#8243;][et_pb_column type=&#8220;1_3&#8243; _builder_version=&#8220;4.21.0&#8243; _module_preset=&#8220;default&#8220; background_enable_color=&#8220;off&#8220; custom_padding=&#8220;15px|15px|15px|15px|false|false&#8220; border_width_all=&#8220;1px&#8220; border_color_all=&#8220;#1F1F1F&#8220; box_shadow_color_last_edited=&#8220;off|desktop&#8220; global_colors_info=&#8220;{}&#8220; box_shadow_horizontal__hover_enabled=&#8220;on|hover&#8220; box_shadow_color__hover_enabled=&#8220;on|hover&#8220; box_shadow_color__hover=&#8220;rgba(0,0,0,0.25)&#8220;][et_pb_image src=&#8220;https:\/\/speechi.com\/wp-content\/uploads\/2024\/05\/speechi-dist-audio-2-bm21.jpg&#8220; alt=&#8220;Bluetooth-Mikrofon-Lautsprecher f\u00fcr Videokonferenzen SPE-BM21&#8243; title_text=&#8220;Bluetooth-Mikrofon-Lautsprecher f\u00fcr Videokonferenzen SPE-BM21&#8243; _builder_version=&#8220;4.21.0&#8243; _module_preset=&#8220;default&#8220; global_colors_info=&#8220;{}&#8220;][\/et_pb_image][et_pb_text _builder_version=&#8220;4.21.0&#8243; _module_preset=&#8220;default&#8220; text_line_height=&#8220;1.5em&#8220; header_2_font_size=&#8220;24px&#8220; header_3_font=&#8220;Montserrat|300|||||||&#8220; header_3_font_size=&#8220;24px&#8220; custom_margin=&#8220;||0px|||&#8220; custom_padding=&#8220;||0px|||&#8220; hover_enabled=&#8220;0&#8243; global_colors_info=&#8220;{}&#8220; sticky_enabled=&#8220;0&#8243;]<\/p>\n<h2>SPE-BM21<\/h2>\n<h3>Lautsprecher<br \/>\nMikrofon<\/h3>\n<p>&nbsp;<br \/>\n&nbsp;[\/et_pb_text][et_pb_text _builder_version=&#8220;4.21.0&#8243; _module_preset=&#8220;default&#8220; text_font_size=&#8220;14px&#8220; custom_margin=&#8220;||12px|||&#8220; custom_padding=&#8220;||45px|||&#8220; global_colors_info=&#8220;{}&#8220;]<\/p>\n<p>Idealer Klang, f\u00fcr Videokonferenzen optimiert. Einfach, schnell, smart: die unverzichtbare kabellose Freisprechl\u00f6sung.<\/p>\n<p>[\/et_pb_text][et_pb_button button_url=&#8220;https:\/\/speechi.com\/de\/lautsprecher-mikro-videokonferenz\/&#8220; button_text=&#8220;MEHR INFOS&#8220; button_alignment=&#8220;center&#8220; _builder_version=&#8220;4.21.0&#8243; _module_preset=&#8220;default&#8220; custom_button=&#8220;on&#8220; button_text_color=&#8220;#1FD7E0&#8243; button_bg_color=&#8220;#1c2c44&#8243; button_border_width=&#8220;0px&#8220; button_border_radius=&#8220;6px&#8220; button_letter_spacing=&#8220;0px&#8220; button_font=&#8220;||||||||&#8220; button_use_icon=&#8220;off&#8220; custom_padding=&#8220;|39px||39px|false|true&#8220; global_colors_info=&#8220;{}&#8220;][\/et_pb_button][\/et_pb_column][et_pb_column type=&#8220;1_3&#8243; _builder_version=&#8220;4.21.0&#8243; _module_preset=&#8220;default&#8220; background_enable_color=&#8220;off&#8220; custom_padding=&#8220;15px|15px|15px|15px|false|false&#8220; hover_enabled=&#8220;0&#8243; box_shadow_style=&#8220;preset5&#8243; box_shadow_color=&#8220;#FFFFFF&#8220; box_shadow_color_last_edited=&#8220;off|desktop&#8220; global_colors_info=&#8220;{}&#8220; box_shadow_horizontal__hover_enabled=&#8220;on|hover&#8220; box_shadow_color__hover_enabled=&#8220;on|hover&#8220; box_shadow_color__hover=&#8220;rgba(0,0,0,0.25)&#8220; border_width_all=&#8220;1px&#8220; sticky_enabled=&#8220;0&#8243;][et_pb_image src=&#8220;https:\/\/speechi.com\/wp-content\/uploads\/2024\/10\/C023TL.jpg&#8220; alt=&#8220;Bluetooth-Mikrofon-Lautsprecher f\u00fcr Videokonferenzen SPE-BM21&#8243; title_text=&#8220;C023TL&#8220; _builder_version=&#8220;4.21.0&#8243; _module_preset=&#8220;default&#8220; hover_enabled=&#8220;0&#8243; global_colors_info=&#8220;{}&#8220; sticky_enabled=&#8220;0&#8243;][\/et_pb_image][et_pb_text _builder_version=&#8220;4.21.0&#8243; _module_preset=&#8220;default&#8220; text_line_height=&#8220;1.5em&#8220; header_2_font_size=&#8220;24px&#8220; header_3_font=&#8220;Montserrat|300|||||||&#8220; header_3_font_size=&#8220;24px&#8220; custom_margin=&#8220;||0px|||&#8220; custom_padding=&#8220;||0px|||&#8220; hover_enabled=&#8220;0&#8243; global_colors_info=&#8220;{}&#8220; sticky_enabled=&#8220;0&#8243;]<\/p>\n<h2>SPE-AOC023TL<\/h2>\n<h3>Lautsprecher-Mikrofon<br \/>\nkleine und mittelgro\u00dfe R\u00e4ume<\/h3>\n<p>&nbsp;[\/et_pb_text][et_pb_text _builder_version=&#8220;4.21.0&#8243; _module_preset=&#8220;default&#8220; text_font_size=&#8220;14px&#8220; custom_margin=&#8220;||12px|||&#8220; custom_padding=&#8220;||45px|||&#8220; hover_enabled=&#8220;0&#8243; global_colors_info=&#8220;{}&#8220; sticky_enabled=&#8220;0&#8243;]360\u00b0 Sound, eine kompakte, kabellose und kaskadierbare L\u00f6sung zur Anpassung an kleine und mittelgro\u00dfe Konferenzr\u00e4ume.[\/et_pb_text][et_pb_button button_url=&#8220;https:\/\/speechi.com\/de\/mobiler-kaskadierbarer-lautsprecher-mikrofon\/&#8220; button_text=&#8220;MEHR INFOS&#8220; button_alignment=&#8220;center&#8220; _builder_version=&#8220;4.21.0&#8243; _module_preset=&#8220;default&#8220; custom_button=&#8220;on&#8220; button_text_color=&#8220;#1FD7E0&#8243; button_bg_color=&#8220;#1c2c44&#8243; button_border_width=&#8220;0px&#8220; button_border_radius=&#8220;6px&#8220; button_letter_spacing=&#8220;0px&#8220; button_font=&#8220;||||||||&#8220; button_use_icon=&#8220;off&#8220; custom_padding=&#8220;|39px||39px|false|true&#8220; hover_enabled=&#8220;0&#8243; global_colors_info=&#8220;{}&#8220; sticky_enabled=&#8220;0&#8243;][\/et_pb_button][\/et_pb_column][et_pb_column type=&#8220;1_3&#8243; _builder_version=&#8220;4.21.0&#8243; _module_preset=&#8220;default&#8220; background_enable_color=&#8220;off&#8220; custom_padding=&#8220;15px|15px|15px|15px|false|false&#8220; hover_enabled=&#8220;0&#8243; box_shadow_style=&#8220;preset5&#8243; box_shadow_color=&#8220;#FFFFFF&#8220; box_shadow_color_last_edited=&#8220;off|desktop&#8220; global_colors_info=&#8220;{}&#8220; box_shadow_horizontal__hover_enabled=&#8220;on|hover&#8220; box_shadow_color__hover_enabled=&#8220;on|hover&#8220; box_shadow_color__hover=&#8220;rgba(0,0,0,0.25)&#8220; border_width_all=&#8220;1px&#8220; sticky_enabled=&#8220;0&#8243;][et_pb_image src=&#8220;https:\/\/speechi.com\/wp-content\/uploads\/2024\/10\/C027TL.jpg&#8220; alt=&#8220;Bluetooth-Mikrofon-Lautsprecher f\u00fcr Videokonferenzen SPE-BM21&#8243; title_text=&#8220;C027TL&#8220; _builder_version=&#8220;4.21.0&#8243; _module_preset=&#8220;default&#8220; hover_enabled=&#8220;0&#8243; global_colors_info=&#8220;{}&#8220; sticky_enabled=&#8220;0&#8243;][\/et_pb_image][et_pb_text _builder_version=&#8220;4.21.0&#8243; _module_preset=&#8220;default&#8220; text_line_height=&#8220;1.5em&#8220; header_2_font_size=&#8220;24px&#8220; header_3_font=&#8220;Montserrat|300|||||||&#8220; header_3_font_size=&#8220;24px&#8220; custom_margin=&#8220;||0px|||&#8220; custom_padding=&#8220;||0px|||&#8220; hover_enabled=&#8220;0&#8243; global_colors_info=&#8220;{}&#8220; sticky_enabled=&#8220;0&#8243;]<\/p>\n<h2>SPE-AOC027TL<\/h2>\n<h3>Lautsprecher-Mikrofon<br \/>\ngro\u00dfe R\u00e4ume<\/h3>\n<p>&nbsp;<br \/>\n&nbsp;[\/et_pb_text][et_pb_text _builder_version=&#8220;4.21.0&#8243; _module_preset=&#8220;default&#8220; text_font_size=&#8220;14px&#8220; custom_margin=&#8220;||12px|||&#8220; custom_padding=&#8220;||45px|||&#8220; hover_enabled=&#8220;0&#8243; global_colors_info=&#8220;{}&#8220; sticky_enabled=&#8220;0&#8243;]360\u00b0-Sound, eine kabellose, kaskadierbare Plug&#038;Play-L\u00f6sung f\u00fcr gro\u00dfe und sehr gro\u00dfe Konferenzr\u00e4ume.[\/et_pb_text][et_pb_button button_url=&#8220;https:\/\/speechi.com\/de\/kaskadierbarer-lautsprecher-mikrofon\/&#8220; button_text=&#8220;MEHR INFOS&#8220; button_alignment=&#8220;center&#8220; _builder_version=&#8220;4.21.0&#8243; _module_preset=&#8220;default&#8220; custom_button=&#8220;on&#8220; button_text_color=&#8220;#1FD7E0&#8243; button_bg_color=&#8220;#1c2c44&#8243; button_border_width=&#8220;0px&#8220; button_border_radius=&#8220;6px&#8220; button_letter_spacing=&#8220;0px&#8220; button_font=&#8220;||||||||&#8220; button_use_icon=&#8220;off&#8220; custom_padding=&#8220;|39px||39px|false|true&#8220; hover_enabled=&#8220;0&#8243; global_colors_info=&#8220;{}&#8220; sticky_enabled=&#8220;0&#8243;][\/et_pb_button][\/et_pb_column][\/et_pb_row][\/et_pb_section]<\/p>\n","protected":false},"excerpt":{"rendered":"<p>visioSpeechi Eine Audiol\u00f6sungf\u00fcr jedeVideokonferenzSPE-BM21 Lautsprecher Mikrofon &nbsp; &nbsp;Idealer Klang, f\u00fcr Videokonferenzen optimiert. Einfach, schnell, smart: die unverzichtbare kabellose Freisprechl\u00f6sung.SPE-AOC023TL Lautsprecher-Mikrofon kleine und mittelgro\u00dfe R\u00e4ume &nbsp;360\u00b0 Sound, eine kompakte, kabellose und kaskadierbare L\u00f6sung zur Anpassung an kleine und mittelgro\u00dfe Konferenzr\u00e4ume.SPE-AOC027TL Lautsprecher-Mikrofon gro\u00dfe R\u00e4ume &nbsp; &nbsp;360\u00b0-Sound, eine kabellose, kaskadierbare Plug&#038;Play-L\u00f6sung f\u00fcr gro\u00dfe und sehr gro\u00dfe Konferenzr\u00e4ume.<\/p>\n","protected":false},"author":4,"featured_media":0,"parent":0,"menu_order":0,"comment_status":"closed","ping_status":"closed","template":"","meta":{"_acf_changed":false,"_seopress_robots_primary_cat":"","_seopress_titles_title":"Visio-Lautsprecher und -Mikrofon - Audiozubeh\u00f6r - Speechi","_seopress_titles_desc":"Entdecken Sie die Audiol\u00f6sungen der Marke Speechi f\u00fcr einfach zu startende Videokonferenzen - kompatibel mit allen Kameras und Bildschirmen.","_seopress_robots_index":"","_et_pb_use_builder":"on","_et_pb_old_content":"","_et_gb_content_width":"","footnotes":""},"difl_page_category":[],"class_list":["post-44167170","page","type-page","status-publish","hentry"],"acf":[],"_links":{"self":[{"href":"https:\/\/speechi.com\/de\/wp-json\/wp\/v2\/pages\/44167170","targetHints":{"allow":["GET"]}}],"collection":[{"href":"https:\/\/speechi.com\/de\/wp-json\/wp\/v2\/pages"}],"about":[{"href":"https:\/\/speechi.com\/de\/wp-json\/wp\/v2\/types\/page"}],"author":[{"embeddable":true,"href":"https:\/\/speechi.com\/de\/wp-json\/wp\/v2\/users\/4"}],"replies":[{"embeddable":true,"href":"https:\/\/speechi.com\/de\/wp-json\/wp\/v2\/comments?post=44167170"}],"version-history":[{"count":4,"href":"https:\/\/speechi.com\/de\/wp-json\/wp\/v2\/pages\/44167170\/revisions"}],"predecessor-version":[{"id":44177576,"href":"https:\/\/speechi.com\/de\/wp-json\/wp\/v2\/pages\/44167170\/revisions\/44177576"}],"wp:attachment":[{"href":"https:\/\/speechi.com\/de\/wp-json\/wp\/v2\/media?parent=44167170"}],"wp:term":[{"taxonomy":"difl_page_category","embeddable":true,"href":"https:\/\/speechi.com\/de\/wp-json\/wp\/v2\/difl_page_category?post=44167170"}],"curies":[{"name":"wp","href":"https:\/\/api.w.org\/{rel}","templated":true}]}}