{"id":44167179,"date":"2024-05-26T18:39:46","date_gmt":"2024-05-26T16:39:46","guid":{"rendered":"https:\/\/speechi.com\/byod-und-byom-speechi-zubehoer\/"},"modified":"2024-10-10T10:27:56","modified_gmt":"2024-10-10T08:27:56","slug":"byod-und-byom-speechi-zubehoer","status":"publish","type":"page","link":"https:\/\/speechi.com\/de\/byod-und-byom-speechi-zubehoer\/","title":{"rendered":"BYOD und BYOM &#8211; Speechi-Zubeh\u00f6r"},"content":{"rendered":"<p>[et_pb_section fb_built=&#8220;1&#8243; admin_label=&#8220;Header&#8220; _builder_version=&#8220;4.21.0&#8243; _module_preset=&#8220;default&#8220; background_enable_color=&#8220;off&#8220; background_image=&#8220;https:\/\/speechi.com\/wp-content\/uploads\/2024\/06\/speechi-dist-byod-byom-pro-1-18-4.jpg&#8220; custom_margin=&#8220;||||false|false&#8220; custom_padding=&#8220;9vw||9vw||true|false&#8220; locked=&#8220;off&#8220; collapsed=&#8220;on&#8220; global_colors_info=&#8220;{}&#8220;][et_pb_row _builder_version=&#8220;4.21.0&#8243; _module_preset=&#8220;default&#8220; module_alignment=&#8220;center&#8220; custom_margin=&#8220;|||0px|false|false&#8220; global_colors_info=&#8220;{}&#8220;][et_pb_column type=&#8220;4_4&#8243; _builder_version=&#8220;4.20.0&#8243; _module_preset=&#8220;default&#8220; global_colors_info=&#8220;{}&#8220;][et_pb_text _builder_version=&#8220;4.21.0&#8243; _module_preset=&#8220;default&#8220; text_font=&#8220;Montserrat|300|||||||&#8220; text_font_size=&#8220;41px&#8220; text_line_height=&#8220;1.3em&#8220; header_font=&#8220;Montserrat|300|||||||&#8220; header_font_size=&#8220;43px&#8220; header_2_font_size=&#8220;25px&#8220; custom_margin=&#8220;|-101px||-101px|false|true&#8220; custom_padding=&#8220;|0px||0px|false|false&#8220; global_colors_info=&#8220;{}&#8220;]<\/p>\n<h2>Speechi<br \/>Zubeh\u00f6r<\/h2>\n<h1>L\u00f6sungen<br \/><strong>BYOD<\/strong>&#8211; &amp; <strong>BYOM<\/strong><\/p>\n<\/h1>\n<p>[\/et_pb_text][\/et_pb_column][\/et_pb_row][\/et_pb_section][et_pb_section fb_built=&#8220;1&#8243; _builder_version=&#8220;4.21.0&#8243; _module_preset=&#8220;default&#8220; locked=&#8220;off&#8220; global_colors_info=&#8220;{}&#8220;][et_pb_row column_structure=&#8220;1_3,1_3,1_3&#8243; _builder_version=&#8220;4.21.0&#8243; _module_preset=&#8220;default&#8220; max_width=&#8220;1200px&#8220; min_height=&#8220;534.2px&#8220; custom_padding=&#8220;||30px|||&#8220; collapsed=&#8220;off&#8220; global_colors_info=&#8220;{}&#8220;][et_pb_column type=&#8220;1_3&#8243; _builder_version=&#8220;4.21.0&#8243; _module_preset=&#8220;default&#8220; background_enable_color=&#8220;off&#8220; custom_padding=&#8220;15px|15px|15px|15px|false|false&#8220; border_width_all=&#8220;1px&#8220; border_color_all=&#8220;#1F1F1F&#8220; box_shadow_color_last_edited=&#8220;off|desktop&#8220; global_colors_info=&#8220;{}&#8220; box_shadow_horizontal__hover_enabled=&#8220;on|hover&#8220; box_shadow_color__hover_enabled=&#8220;on|hover&#8220; box_shadow_color__hover=&#8220;rgba(0,0,0,0.25)&#8220;][et_pb_image src=&#8220;https:\/\/speechi.com\/wp-content\/uploads\/2024\/05\/speechi-dist-byod-byom-2-bytello.jpg&#8220; alt=&#8220;drahtlose Pr\u00e4sentationssoftware bytello share&#8220; title_text=&#8220;drahtlose Pr\u00e4sentationssoftware bytello share&#8220; _builder_version=&#8220;4.21.0&#8243; _module_preset=&#8220;default&#8220; global_colors_info=&#8220;{}&#8220;][\/et_pb_image][et_pb_text _builder_version=&#8220;4.21.0&#8243; _module_preset=&#8220;default&#8220; text_line_height=&#8220;1.5em&#8220; header_2_font=&#8220;Montserrat|300|||||||&#8220; header_2_font_size=&#8220;24px&#8220; header_3_font=&#8220;Montserrat|300|||||||&#8220; header_3_font_size=&#8220;24px&#8220; min_height=&#8220;94px&#8220; custom_margin=&#8220;||0px|||&#8220; custom_padding=&#8220;||0px|||&#8220; global_colors_info=&#8220;{}&#8220;]<\/p>\n<h2><strong>Bytello Share<\/strong><br \/>Software<\/h2>\n<p>&nbsp;<\/p>\n<p>[\/et_pb_text][et_pb_text _builder_version=&#8220;4.21.0&#8243; _module_preset=&#8220;default&#8220; text_font_size=&#8220;14px&#8220; min_height=&#8220;93.6px&#8220; custom_margin=&#8220;||28px||false|false&#8220; custom_padding=&#8220;||45px|||&#8220; global_colors_info=&#8220;{}&#8220;]Die in die interaktiven SpeechiTouch SuperGlass-Displays integrierte Software f\u00fcr einfaches Mirroring.[\/et_pb_text][et_pb_button button_url=&#8220;https:\/\/speechi.com\/de\/bytello-share-mirroring-software\/&#8220; button_text=&#8220;MEHR INFOS&#8220; button_alignment=&#8220;center&#8220; _builder_version=&#8220;4.21.0&#8243; _module_preset=&#8220;default&#8220; custom_button=&#8220;on&#8220; button_text_color=&#8220;#1FD7E0&#8243; button_bg_color=&#8220;#1c2c44&#8243; button_border_width=&#8220;0px&#8220; button_border_radius=&#8220;6px&#8220; button_letter_spacing=&#8220;0px&#8220; button_font=&#8220;||||||||&#8220; button_use_icon=&#8220;off&#8220; custom_padding=&#8220;|39px||39px|false|true&#8220; global_colors_info=&#8220;{}&#8220;][\/et_pb_button][\/et_pb_column][et_pb_column type=&#8220;1_3&#8243; _builder_version=&#8220;4.21.0&#8243; _module_preset=&#8220;default&#8220; background_enable_color=&#8220;off&#8220; custom_padding=&#8220;15px|15px|15px|15px|false|false&#8220; border_width_all=&#8220;1px&#8220; border_color_all=&#8220;#1F1F1F&#8220; box_shadow_color_last_edited=&#8220;off|desktop&#8220; global_colors_info=&#8220;{}&#8220; box_shadow_horizontal__hover_enabled=&#8220;on|hover&#8220; box_shadow_color__hover_enabled=&#8220;on|hover&#8220; box_shadow_color__hover=&#8220;rgba(0,0,0,0.25)&#8220;][et_pb_image src=&#8220;https:\/\/speechi.com\/wp-content\/uploads\/2024\/06\/speechi-dist-byod-byom-6-byom.jpg&#8220; alt=&#8220;USB Mirroring Box&#8220; title_text=&#8220;BYOM&#8220; _builder_version=&#8220;4.21.0&#8243; _module_preset=&#8220;default&#8220; global_colors_info=&#8220;{}&#8220;][\/et_pb_image][et_pb_text _builder_version=&#8220;4.21.0&#8243; _module_preset=&#8220;default&#8220; text_line_height=&#8220;1.5em&#8220; header_2_font=&#8220;Montserrat|300|||||||&#8220; header_2_font_size=&#8220;24px&#8220; header_3_font=&#8220;Montserrat|300|||||||&#8220; header_3_font_size=&#8220;24px&#8220; custom_margin=&#8220;||0px|||&#8220; custom_padding=&#8220;||0px|||&#8220; global_colors_info=&#8220;{}&#8220;]<\/p>\n<h2><strong>BYOM<\/strong><br \/>Pro Speechi L\u00f6sung<\/h2>\n<p>&nbsp;<\/p>\n<p>[\/et_pb_text][et_pb_text _builder_version=&#8220;4.21.0&#8243; _module_preset=&#8220;default&#8220; text_font_size=&#8220;14px&#8220; custom_margin=&#8220;||12px|||&#8220; custom_padding=&#8220;||45px|||&#8220; global_colors_info=&#8220;{}&#8220;]Ihre 4K-Bildschirmfreigabe und Verbindung zu allen Ihren audiovisuellen Ger\u00e4ten f\u00fcr 100%ig vernetzte Meetings[\/et_pb_text][et_pb_button button_url=&#8220;https:\/\/shop.speechi.com\/collections\/presentation-sans-fil-byod\/products\/solution-de-byom-pro-speechi&#8220; button_text=&#8220;MEHR INFOS&#8220; button_alignment=&#8220;center&#8220; _builder_version=&#8220;4.21.0&#8243; _module_preset=&#8220;default&#8220; custom_button=&#8220;on&#8220; button_text_color=&#8220;#1FD7E0&#8243; button_bg_color=&#8220;#1c2c44&#8243; button_border_width=&#8220;0px&#8220; button_border_radius=&#8220;6px&#8220; button_letter_spacing=&#8220;0px&#8220; button_font=&#8220;||||||||&#8220; button_use_icon=&#8220;off&#8220; custom_padding=&#8220;|39px||39px|false|true&#8220; global_colors_info=&#8220;{}&#8220;][\/et_pb_button][\/et_pb_column][et_pb_column type=&#8220;1_3&#8243; _builder_version=&#8220;4.21.0&#8243; _module_preset=&#8220;default&#8220; background_enable_color=&#8220;off&#8220; custom_padding=&#8220;15px|15px|15px|15px|false|false&#8220; border_width_all=&#8220;1px&#8220; border_color_all=&#8220;#1F1F1F&#8220; box_shadow_color_last_edited=&#8220;off|desktop&#8220; global_colors_info=&#8220;{}&#8220; box_shadow_horizontal__hover_enabled=&#8220;on|hover&#8220; box_shadow_color__hover_enabled=&#8220;on|hover&#8220; box_shadow_color__hover=&#8220;rgba(0,0,0,0.25)&#8220;][et_pb_image src=&#8220;https:\/\/speechi.com\/wp-content\/uploads\/2024\/05\/speechi-dist-byod-byom-4-kit-replication-hdmi.jpg&#8220; alt=&#8220;Speechi Extender Set&#8220; title_text=&#8220;Speechi Extender Set&#8220; _builder_version=&#8220;4.21.0&#8243; _module_preset=&#8220;default&#8220; global_colors_info=&#8220;{}&#8220;][\/et_pb_image][et_pb_text _builder_version=&#8220;4.21.0&#8243; _module_preset=&#8220;default&#8220; text_line_height=&#8220;1.5em&#8220; header_2_font=&#8220;Montserrat|300|||||||&#8220; header_2_font_size=&#8220;24px&#8220; header_3_font=&#8220;Montserrat|300|||||||&#8220; header_3_font_size=&#8220;24px&#8220; custom_margin=&#8220;||0px|||&#8220; custom_padding=&#8220;||0px|||&#8220; global_colors_info=&#8220;{}&#8220;]<\/p>\n<h2><strong>HDMI OUT<\/strong> <\/br>Extender Set<\/h2>\n<p>&nbsp;[\/et_pb_text][et_pb_text _builder_version=&#8220;4.21.0&#8243; _module_preset=&#8220;default&#8220; text_font_size=&#8220;14px&#8220; min_height=&#8220;23.4px&#8220; custom_margin=&#8220;||28px||false|false&#8220; custom_padding=&#8220;||27px|||&#8220; global_colors_info=&#8220;{}&#8220;]<\/p>\n<p>Eine L\u00f6sung, die sich mit Videokonferenztools auf mehreren Bildschirmen gleichzeitig verbindet.<\/p>\n<p>[\/et_pb_text][et_pb_button button_url=&#8220;https:\/\/speechi.com\/de\/hdmi-out-extender-set\/&#8220; button_text=&#8220;MEHR INFOS&#8220; button_alignment=&#8220;center&#8220; _builder_version=&#8220;4.21.0&#8243; _module_preset=&#8220;default&#8220; custom_button=&#8220;on&#8220; button_text_color=&#8220;#1FD7E0&#8243; button_bg_color=&#8220;#1c2c44&#8243; button_border_width=&#8220;0px&#8220; button_border_radius=&#8220;6px&#8220; button_letter_spacing=&#8220;0px&#8220; button_font=&#8220;||||||||&#8220; button_use_icon=&#8220;off&#8220; custom_padding=&#8220;|39px||39px|false|true&#8220; global_colors_info=&#8220;{}&#8220;][\/et_pb_button][\/et_pb_column][\/et_pb_row][et_pb_row column_structure=&#8220;1_3,1_3,1_3&#8243; _builder_version=&#8220;4.21.0&#8243; _module_preset=&#8220;default&#8220; max_width=&#8220;1200px&#8220; min_height=&#8220;534.2px&#8220; global_colors_info=&#8220;{}&#8220;][et_pb_column type=&#8220;1_3&#8243; _builder_version=&#8220;4.21.0&#8243; _module_preset=&#8220;default&#8220; background_enable_color=&#8220;off&#8220; custom_padding=&#8220;15px|15px|15px|15px|false|false&#8220; border_width_all=&#8220;1px&#8220; border_color_all=&#8220;#1F1F1F&#8220; box_shadow_color_last_edited=&#8220;off|desktop&#8220; global_colors_info=&#8220;{}&#8220; box_shadow_horizontal__hover_enabled=&#8220;on|hover&#8220; box_shadow_color__hover_enabled=&#8220;on|hover&#8220; box_shadow_color__hover=&#8220;rgba(0,0,0,0.25)&#8220;][et_pb_image src=&#8220;https:\/\/speechi.com\/wp-content\/uploads\/2024\/05\/speechi-dist-byod-byom-5-coincoin.jpg&#8220; alt=&#8220;USB Mirroring Box&#8220; title_text=&#8220;USB Mirroring Box&#8220; _builder_version=&#8220;4.21.0&#8243; _module_preset=&#8220;default&#8220; global_colors_info=&#8220;{}&#8220;][\/et_pb_image][et_pb_text _builder_version=&#8220;4.21.0&#8243; _module_preset=&#8220;default&#8220; text_line_height=&#8220;1.5em&#8220; header_2_font=&#8220;Montserrat|300|||||||&#8220; header_2_font_size=&#8220;24px&#8220; header_3_font=&#8220;Montserrat|300|||||||&#8220; header_3_font_size=&#8220;24px&#8220; custom_margin=&#8220;||16px||false|false&#8220; custom_padding=&#8220;||0px|||&#8220; global_colors_info=&#8220;{}&#8220;]<\/p>\n<h2><strong>Coin Coin<\/strong><br \/>Mini Mirroring Box<\/h2>\n<p>&nbsp;<\/p>\n<p>[\/et_pb_text][et_pb_text _builder_version=&#8220;4.21.0&#8243; _module_preset=&#8220;default&#8220; text_font_size=&#8220;14px&#8220; custom_margin=&#8220;||12px|||&#8220; custom_padding=&#8220;||45px|||&#8220; hover_enabled=&#8220;0&#8243; global_colors_info=&#8220;{}&#8220; sticky_enabled=&#8220;0&#8243;]<\/p>\n<p>Sicheres drahtloses \u00dcbertragungssystem, das in nur wenigen Sekunden bereit ist von jedem Ger\u00e4t aus.<\/p>\n<p>[\/et_pb_text][et_pb_button button_url=&#8220;https:\/\/shop.speechi.com\/collections\/presentation-sans-fil-byod\/products\/boitier-miroir-sans-fil-coin-coin-mini-4k&#8220; button_text=&#8220;MEHR INFOS&#8220; button_alignment=&#8220;center&#8220; _builder_version=&#8220;4.21.0&#8243; _module_preset=&#8220;default&#8220; custom_button=&#8220;on&#8220; button_text_color=&#8220;#1FD7E0&#8243; button_bg_color=&#8220;#1c2c44&#8243; button_border_width=&#8220;0px&#8220; button_border_radius=&#8220;6px&#8220; button_letter_spacing=&#8220;0px&#8220; button_font=&#8220;||||||||&#8220; button_use_icon=&#8220;off&#8220; custom_padding=&#8220;|39px||39px|false|true&#8220; global_colors_info=&#8220;{}&#8220;][\/et_pb_button][\/et_pb_column][et_pb_column type=&#8220;1_3&#8243; _builder_version=&#8220;4.21.0&#8243; _module_preset=&#8220;default&#8220; background_enable_color=&#8220;off&#8220; custom_padding=&#8220;15px|15px|15px|15px|false|false&#8220; border_width_all=&#8220;1px&#8220; border_color_all=&#8220;#1f1f1f&#8220; box_shadow_color_last_edited=&#8220;off|desktop&#8220; global_colors_info=&#8220;{}&#8220; box_shadow_horizontal__hover_enabled=&#8220;on|hover&#8220; box_shadow_color__hover_enabled=&#8220;on|hover&#8220; box_shadow_color__hover=&#8220;rgba(0,0,0,0.25)&#8220;][et_pb_image src=&#8220;https:\/\/speechi.com\/wp-content\/uploads\/2024\/06\/speechi-dist-byod-byom-5-coincoin-usb.jpg&#8220; alt=&#8220;WiFi Mirroring Stick&#8220; title_text=&#8220;USB Mirroring Box&#8220; _builder_version=&#8220;4.21.0&#8243; _module_preset=&#8220;default&#8220; global_colors_info=&#8220;{}&#8220;][\/et_pb_image][et_pb_text _builder_version=&#8220;4.21.0&#8243; _module_preset=&#8220;default&#8220; text_font_size=&#8220;12px&#8220; text_line_height=&#8220;1.5em&#8220; header_font=&#8220;Montserrat|300|||||||&#8220; header_2_font=&#8220;Montserrat|300|||||||&#8220; header_2_font_size=&#8220;24px&#8220; header_3_font=&#8220;Montserrat|300|||||||&#8220; header_3_font_size=&#8220;24px&#8220; custom_margin=&#8220;||0px|||&#8220; custom_padding=&#8220;||16px|||&#8220; global_colors_info=&#8220;{}&#8220;]<\/p>\n<h2><strong>Coin Coin<\/strong><br \/>USB Mirroring Box<\/h2>\n<p>&nbsp;<\/p>\n<p>[\/et_pb_text][et_pb_text _builder_version=&#8220;4.21.0&#8243; _module_preset=&#8220;default&#8220; text_font_size=&#8220;14px&#8220; header_2_font_size=&#8220;24px&#8220; header_3_font=&#8220;Montserrat|300|||||||&#8220; header_3_font_size=&#8220;24px&#8220; custom_margin=&#8220;||0px|||&#8220; custom_padding=&#8220;||58px|||&#8220; hover_enabled=&#8220;0&#8243; global_colors_info=&#8220;{}&#8220; sticky_enabled=&#8220;0&#8243;]<\/p>\n<p>Sicheres drahtloses \u00dcbertragungssystem, das in nur wenigen Sekunden bereit ist \u00fcber USB.\u00a0<\/p>\n<p>[\/et_pb_text][et_pb_button button_url=&#8220;https:\/\/shop.speechi.com\/collections\/presentation-sans-fil-byod\/products\/boitier-miroir-sans-fil-coin-coin-usb-4k&#8220; button_text=&#8220;MEHR INFOS&#8220; button_alignment=&#8220;center&#8220; _builder_version=&#8220;4.21.0&#8243; _module_preset=&#8220;default&#8220; custom_button=&#8220;on&#8220; button_text_color=&#8220;#1FD7E0&#8243; button_bg_color=&#8220;#1c2c44&#8243; button_border_width=&#8220;0px&#8220; button_border_radius=&#8220;6px&#8220; button_letter_spacing=&#8220;0px&#8220; button_font=&#8220;||||||||&#8220; button_use_icon=&#8220;off&#8220; custom_padding=&#8220;|39px||39px|false|true&#8220; global_colors_info=&#8220;{}&#8220;][\/et_pb_button][\/et_pb_column][et_pb_column type=&#8220;1_3&#8243; _builder_version=&#8220;4.21.0&#8243; _module_preset=&#8220;default&#8220; background_enable_color=&#8220;off&#8220; custom_padding=&#8220;15px|15px|15px|15px|false|false&#8220; border_width_all=&#8220;1px&#8220; border_color_all=&#8220;#1f1f1f&#8220; box_shadow_color_last_edited=&#8220;off|desktop&#8220; global_colors_info=&#8220;{}&#8220; box_shadow_horizontal__hover_enabled=&#8220;on|hover&#8220; box_shadow_color__hover_enabled=&#8220;on|hover&#8220; box_shadow_color__hover=&#8220;rgba(0,0,0,0.25)&#8220;][et_pb_image src=&#8220;https:\/\/speechi.com\/wp-content\/uploads\/2024\/06\/speechi-dist-byod-byom-7-tsf006.jpg&#8220; alt=&#8220;WiFi Mirroring Stick&#8220; title_text=&#8220;Drahtloser USB-C-Sender&#8220; _builder_version=&#8220;4.21.0&#8243; _module_preset=&#8220;default&#8220; global_colors_info=&#8220;{}&#8220;][\/et_pb_image][et_pb_text _builder_version=&#8220;4.21.0&#8243; _module_preset=&#8220;default&#8220; text_font_size=&#8220;12px&#8220; text_line_height=&#8220;1.5em&#8220; header_font=&#8220;Montserrat|300|||||||&#8220; header_2_font=&#8220;Montserrat|300|||||||&#8220; header_2_font_size=&#8220;24px&#8220; header_3_font=&#8220;Montserrat|300|||||||&#8220; header_3_font_size=&#8220;24px&#8220; custom_margin=&#8220;||0px|||&#8220; custom_padding=&#8220;||16px|||&#8220; global_colors_info=&#8220;{}&#8220;]<\/p>\n<h2><strong>Drahtloser<\/strong><br \/>USB-C-Sender<\/h2>\n<p>&nbsp;<\/p>\n<p>[\/et_pb_text][et_pb_text _builder_version=&#8220;4.21.0&#8243; _module_preset=&#8220;default&#8220; text_font_size=&#8220;14px&#8220; header_2_font_size=&#8220;24px&#8220; header_3_font=&#8220;Montserrat|300|||||||&#8220; header_3_font_size=&#8220;24px&#8220; custom_margin=&#8220;||0px|||&#8220; custom_padding=&#8220;||58px|||&#8220; global_colors_info=&#8220;{}&#8220;]<\/p>\n<p>Eine flexible L\u00f6sung, mit der Sie Ihre UHD-Inhalte \u00fcber USB auf jedes Ger\u00e4t (bis zu 8 Ger\u00e4te) projizieren k\u00f6nnen.<\/p>\n<p>[\/et_pb_text][et_pb_button button_url=&#8220;https:\/\/shop.speechi.com\/collections\/presentation-sans-fil-byod\/products\/transmetteur-sans-fil-usb-c-speechitouch&#8220; button_text=&#8220;MEHR INFOS&#8220; button_alignment=&#8220;center&#8220; _builder_version=&#8220;4.21.0&#8243; _module_preset=&#8220;default&#8220; custom_button=&#8220;on&#8220; button_text_color=&#8220;#1FD7E0&#8243; button_bg_color=&#8220;#1c2c44&#8243; button_border_width=&#8220;0px&#8220; button_border_radius=&#8220;6px&#8220; button_letter_spacing=&#8220;0px&#8220; button_font=&#8220;||||||||&#8220; button_use_icon=&#8220;off&#8220; custom_padding=&#8220;|39px||39px|false|true&#8220; global_colors_info=&#8220;{}&#8220;][\/et_pb_button][\/et_pb_column][\/et_pb_row][et_pb_row column_structure=&#8220;1_3,1_3,1_3&#8243; _builder_version=&#8220;4.21.0&#8243; _module_preset=&#8220;default&#8220; max_width=&#8220;1200px&#8220; min_height=&#8220;534.2px&#8220; global_colors_info=&#8220;{}&#8220;][et_pb_column type=&#8220;1_3&#8243; _builder_version=&#8220;4.21.0&#8243; _module_preset=&#8220;default&#8220; background_enable_color=&#8220;off&#8220; custom_padding=&#8220;15px|15px|15px|15px|false|false&#8220; border_width_all=&#8220;1px&#8220; border_color_all=&#8220;#1F1F1F&#8220; box_shadow_color_last_edited=&#8220;off|desktop&#8220; global_colors_info=&#8220;{}&#8220; box_shadow_horizontal__hover_enabled=&#8220;on|hover&#8220; box_shadow_color__hover_enabled=&#8220;on|hover&#8220; box_shadow_color__hover=&#8220;rgba(0,0,0,0.25)&#8220;][et_pb_image src=&#8220;https:\/\/speechi.com\/wp-content\/uploads\/2024\/06\/speechi-dist-byod-byom-3-cle-ezcast-ok.jpg&#8220; alt=&#8220;WiFi Mirroring Stick&#8220; title_text=&#8220;WiFi Mirroring Stick&#8220; _builder_version=&#8220;4.21.0&#8243; _module_preset=&#8220;default&#8220; global_colors_info=&#8220;{}&#8220;][\/et_pb_image][et_pb_text _builder_version=&#8220;4.21.0&#8243; _module_preset=&#8220;default&#8220; text_font_size=&#8220;12px&#8220; text_line_height=&#8220;1.5em&#8220; header_font=&#8220;Montserrat|300|||||||&#8220; header_2_font=&#8220;Montserrat|300|||||||&#8220; header_2_font_size=&#8220;24px&#8220; header_3_font=&#8220;Montserrat|300|||||||&#8220; header_3_font_size=&#8220;24px&#8220; custom_margin=&#8220;||0px|||&#8220; custom_padding=&#8220;||16px|||&#8220; global_colors_info=&#8220;{}&#8220;]<\/p>\n<h2><strong>EZCast<\/strong><br \/>WiFi Mirroring Stick<\/h2>\n<p>&nbsp;<\/p>\n<p>[\/et_pb_text][et_pb_text _builder_version=&#8220;4.21.0&#8243; _module_preset=&#8220;default&#8220; text_font_size=&#8220;14px&#8220; header_2_font_size=&#8220;24px&#8220; header_3_font=&#8220;Montserrat|300|||||||&#8220; header_3_font_size=&#8220;24px&#8220; custom_margin=&#8220;||0px|||&#8220; custom_padding=&#8220;||58px|||&#8220; global_colors_info=&#8220;{}&#8220;]<\/p>\n<p>Breite Kompatibilit\u00e4t, um jedes Ger\u00e4t zu projizieren (bis zu 8 Ger\u00e4te).<\/p>\n<p>[\/et_pb_text][et_pb_button button_url=&#8220;https:\/\/speechi.com\/de\/ezcast-streaming-stick\/&#8220; button_text=&#8220;MEHR INFOS&#8220; button_alignment=&#8220;center&#8220; _builder_version=&#8220;4.21.0&#8243; _module_preset=&#8220;default&#8220; custom_button=&#8220;on&#8220; button_text_color=&#8220;#1FD7E0&#8243; button_bg_color=&#8220;#1c2c44&#8243; button_border_width=&#8220;0px&#8220; button_border_radius=&#8220;6px&#8220; button_letter_spacing=&#8220;0px&#8220; button_font=&#8220;||||||||&#8220; button_use_icon=&#8220;off&#8220; custom_padding=&#8220;|39px||39px|false|true&#8220; global_colors_info=&#8220;{}&#8220;][\/et_pb_button][\/et_pb_column][et_pb_column type=&#8220;1_3&#8243; _builder_version=&#8220;4.21.0&#8243; _module_preset=&#8220;default&#8220; background_enable_color=&#8220;off&#8220; custom_padding=&#8220;15px|15px|15px|15px|false|false&#8220; border_color_all=&#8220;#1f1f1f&#8220; box_shadow_style=&#8220;preset5&#8243; box_shadow_color=&#8220;#FFFFFF&#8220; box_shadow_color_last_edited=&#8220;off|desktop&#8220; global_colors_info=&#8220;{}&#8220; box_shadow_horizontal__hover_enabled=&#8220;on|hover&#8220; box_shadow_color__hover_enabled=&#8220;on|hover&#8220; box_shadow_color__hover=&#8220;rgba(0,0,0,0.25)&#8220;][\/et_pb_column][et_pb_column type=&#8220;1_3&#8243; _builder_version=&#8220;4.21.0&#8243; _module_preset=&#8220;default&#8220; background_enable_color=&#8220;off&#8220; custom_padding=&#8220;15px|15px|15px|15px|false|false&#8220; box_shadow_style=&#8220;preset5&#8243; box_shadow_color=&#8220;#FFFFFF&#8220; box_shadow_color_last_edited=&#8220;off|desktop&#8220; global_colors_info=&#8220;{}&#8220; box_shadow_horizontal__hover_enabled=&#8220;on|hover&#8220; box_shadow_color__hover_enabled=&#8220;on|hover&#8220; box_shadow_color__hover=&#8220;rgba(0,0,0,0.25)&#8220;][\/et_pb_column][\/et_pb_row][\/et_pb_section]<\/p>\n","protected":false},"excerpt":{"rendered":"<p>SpeechiZubeh\u00f6r L\u00f6sungenBYOD- &amp; BYOM Bytello ShareSoftware &nbsp;Die in die interaktiven SpeechiTouch SuperGlass-Displays integrierte Software f\u00fcr einfaches Mirroring.BYOMPro Speechi L\u00f6sung &nbsp;Ihre 4K-Bildschirmfreigabe und Verbindung zu allen Ihren audiovisuellen Ger\u00e4ten f\u00fcr 100%ig vernetzte MeetingsHDMI OUT Extender Set &nbsp;Eine L\u00f6sung, die sich mit Videokonferenztools auf mehreren Bildschirmen gleichzeitig verbindet.Coin CoinMini Mirroring Box &nbsp;Sicheres drahtloses \u00dcbertragungssystem, das in nur [&hellip;]<\/p>\n","protected":false},"author":4,"featured_media":0,"parent":0,"menu_order":0,"comment_status":"closed","ping_status":"closed","template":"","meta":{"_acf_changed":false,"_seopress_robots_primary_cat":"","_seopress_titles_title":"BYOD und BYOM - drahtlose Pr\u00e4sentation - Speechi-Zubeh\u00f6r","_seopress_titles_desc":"Entdecken Sie das kabellose Pr\u00e4sentationszubeh\u00f6r (auch BYOD oder BYOM genannt) der Marke Speechi, das zu 100 % mit Bildschirmen kompatibel ist.","_seopress_robots_index":"","_et_pb_use_builder":"on","_et_pb_old_content":"","_et_gb_content_width":"","footnotes":""},"difl_page_category":[],"class_list":["post-44167179","page","type-page","status-publish","hentry"],"acf":[],"_links":{"self":[{"href":"https:\/\/speechi.com\/de\/wp-json\/wp\/v2\/pages\/44167179","targetHints":{"allow":["GET"]}}],"collection":[{"href":"https:\/\/speechi.com\/de\/wp-json\/wp\/v2\/pages"}],"about":[{"href":"https:\/\/speechi.com\/de\/wp-json\/wp\/v2\/types\/page"}],"author":[{"embeddable":true,"href":"https:\/\/speechi.com\/de\/wp-json\/wp\/v2\/users\/4"}],"replies":[{"embeddable":true,"href":"https:\/\/speechi.com\/de\/wp-json\/wp\/v2\/comments?post=44167179"}],"version-history":[{"count":9,"href":"https:\/\/speechi.com\/de\/wp-json\/wp\/v2\/pages\/44167179\/revisions"}],"predecessor-version":[{"id":44174708,"href":"https:\/\/speechi.com\/de\/wp-json\/wp\/v2\/pages\/44167179\/revisions\/44174708"}],"wp:attachment":[{"href":"https:\/\/speechi.com\/de\/wp-json\/wp\/v2\/media?parent=44167179"}],"wp:term":[{"taxonomy":"difl_page_category","embeddable":true,"href":"https:\/\/speechi.com\/de\/wp-json\/wp\/v2\/difl_page_category?post=44167179"}],"curies":[{"name":"wp","href":"https:\/\/api.w.org\/{rel}","templated":true}]}}