{"id":44167737,"date":"2024-05-29T16:01:20","date_gmt":"2024-05-29T14:01:20","guid":{"rendered":"https:\/\/speechi.com\/pret-de-materiel\/"},"modified":"2024-10-09T16:49:27","modified_gmt":"2024-10-09T14:49:27","slug":"pret-de-materiel","status":"publish","type":"page","link":"https:\/\/speechi.com\/de\/pret-de-materiel\/","title":{"rendered":"Pr\u00eat de mat\u00e9riel"},"content":{"rendered":"<p>[et_pb_section fb_built=&#8220;1&#8243; _builder_version=&#8220;4.21.0&#8243; _module_preset=&#8220;default&#8220; background_image=&#8220;https:\/\/speechi.com\/wp-content\/uploads\/2024\/06\/speechi-services-pret-1-1.jpg&#8220; width=&#8220;100%&#8220; height=&#8220;633px&#8220; custom_padding=&#8220;202px|||||&#8220; global_colors_info=&#8220;{}&#8220;][et_pb_row _builder_version=&#8220;4.21.0&#8243; _module_preset=&#8220;default&#8220; custom_padding=&#8220;0px|||||&#8220; global_colors_info=&#8220;{}&#8220;][et_pb_column type=&#8220;4_4&#8243; _builder_version=&#8220;4.21.0&#8243; _module_preset=&#8220;default&#8220; global_colors_info=&#8220;{}&#8220;][et_pb_text _builder_version=&#8220;4.21.0&#8243; _module_preset=&#8220;default&#8220; text_font=&#8220;Montserrat|300|||||||&#8220; text_text_color=&#8220;#161f32&#8243; text_font_size=&#8220;41px&#8220; text_line_height=&#8220;1.2em&#8220; header_font=&#8220;Montserrat|300|||||||&#8220; header_text_color=&#8220;#161f32&#8243; header_font_size=&#8220;28px&#8220; header_line_height=&#8220;1.4em&#8220; width=&#8220;100%&#8220; custom_margin=&#8220;-37px||3px|||&#8220; hover_enabled=&#8220;0&#8243; global_colors_info=&#8220;{}&#8220; sticky_enabled=&#8220;0&#8243;]<\/p>\n<h1 style=\"font-size: 18px;\">Testen<br \/><strong style=\"font-size: 24px;\">Ausr\u00fcstung mieten<\/strong><\/h1>\n<p>Mieten Sie unsere<br \/>kollaborativen<br \/>L\u00f6sungen<\/p>\n<p>[\/et_pb_text][\/et_pb_column][\/et_pb_row][et_pb_row _builder_version=&#8220;4.21.0&#8243; _module_preset=&#8220;default&#8220; custom_margin=&#8220;|auto|23px|auto||&#8220; global_colors_info=&#8220;{}&#8220;][et_pb_column type=&#8220;4_4&#8243; _builder_version=&#8220;4.21.0&#8243; _module_preset=&#8220;default&#8220; global_colors_info=&#8220;{}&#8220;][dsm_button button_alignment=&#8220;left&#8220; _builder_version=&#8220;4.21.0&#8243; _module_preset=&#8220;default&#8220; custom_margin=&#8220;1px||1px||true|false&#8220; custom_padding=&#8220;6px|53px||53px|false|true&#8220; custom_css_main_element=&#8220; font-family: Montserrat;||||   &#8220; global_colors_info=&#8220;{}&#8220;][\/dsm_button][et_pb_button button_url=&#8220;https:\/\/speechi.com\/de\/kontakt\/&#8220; button_text=&#8220;MEHR INFOS&#8220; button_alignment=&#8220;left&#8220; _builder_version=&#8220;4.21.0&#8243; _module_preset=&#8220;default&#8220; custom_button=&#8220;on&#8220; button_text_size=&#8220;17px&#8220; button_text_color=&#8220;#FFFFFF&#8220; button_bg_color=&#8220;#161f32&#8243; button_border_width=&#8220;0px&#8220; button_border_radius=&#8220;4px&#8220; button_letter_spacing=&#8220;0px&#8220; custom_margin=&#8220;1px||1px||true|false&#8220; custom_padding=&#8220;6px|53px||53px|false|true&#8220; custom_css_main_element=&#8220; font-family: Montserrat;||||   &#8220; global_colors_info=&#8220;{}&#8220;][\/et_pb_button][\/et_pb_column][\/et_pb_row][\/et_pb_section][et_pb_section fb_built=&#8220;1&#8243; _builder_version=&#8220;4.21.0&#8243; _module_preset=&#8220;default&#8220; use_background_color_gradient=&#8220;on&#8220; background_color_gradient_stops=&#8220;#ffffff 63%|#1a2336 63%&#8220; custom_padding=&#8220;36px|||||&#8220; global_colors_info=&#8220;{}&#8220;][et_pb_row _builder_version=&#8220;4.21.0&#8243; _module_preset=&#8220;default&#8220; global_colors_info=&#8220;{}&#8220;][et_pb_column type=&#8220;4_4&#8243; _builder_version=&#8220;4.21.0&#8243; _module_preset=&#8220;default&#8220; global_colors_info=&#8220;{}&#8220;][et_pb_text _builder_version=&#8220;4.21.0&#8243; _module_preset=&#8220;default&#8220; text_font=&#8220;Montserrat||||||||&#8220; text_font_size=&#8220;13px&#8220; text_line_height=&#8220;1.6em&#8220; header_2_text_color=&#8220;#1a2336&#8243; header_2_line_height=&#8220;1.6em&#8220; header_4_font=&#8220;Montserrat|300|||||||&#8220; header_4_text_color=&#8220;#28bfc7&#8243; header_4_font_size=&#8220;17px&#8220; header_4_letter_spacing=&#8220;2px&#8220; header_4_line_height=&#8220;1.1em&#8220; global_colors_info=&#8220;{}&#8220;]<\/p>\n<h4 style=\"text-align: center;\">Ausr\u00fcstung mieten<\/h4>\n<h2 style=\"text-align: center;\">Mieten und entdecken Sie unsere kollaborativen L\u00f6sungen<\/h2>\n<p style=\"text-align: center;\">Wir bei Speechi wissen, wie wichtig die Wahl der richtigen Ausr\u00fcstung f\u00fcr eine effektive Zusammenarbeit ist. Deshalb k\u00f6nnen Sie unsere interaktiven Displays und das dazugeh\u00f6rige Zubeh\u00f6r f\u00fcr eine bestimmte Dauer mieten. Eine gute Gelegenheit, die Effektivit\u00e4t unserer digitalen L\u00f6sungen in Ihrem Arbeitsumfeld zu testen, aber auch, um zu sehen, ob das interaktive Display Ihren Bed\u00fcrfnissen entspricht. <\/p>\n<p>[\/et_pb_text][\/et_pb_column][\/et_pb_row][et_pb_row column_structure=&#8220;1_2,1_2&#8243; _builder_version=&#8220;4.21.0&#8243; _module_preset=&#8220;default&#8220; global_colors_info=&#8220;{}&#8220;][et_pb_column type=&#8220;1_2&#8243; _builder_version=&#8220;4.21.0&#8243; _module_preset=&#8220;default&#8220; global_colors_info=&#8220;{}&#8220;][et_pb_image src=&#8220;https:\/\/speechi.com\/wp-content\/uploads\/2024\/06\/speechi-services-pret-2.png&#8220; title_text=&#8220;Interaktives Display&#8220; _builder_version=&#8220;4.21.0&#8243; _module_preset=&#8220;default&#8220; global_colors_info=&#8220;{}&#8220;][\/et_pb_image][et_pb_text _builder_version=&#8220;4.21.0&#8243; _module_preset=&#8220;default&#8220; text_font=&#8220;Montserrat||||||||&#8220; text_text_color=&#8220;#FFFFFF&#8220; text_font_size=&#8220;13px&#8220; text_line_height=&#8220;1.6em&#8220; header_4_font=&#8220;Montserrat||||||||&#8220; header_4_text_color=&#8220;#28bfc7&#8243; header_4_font_size=&#8220;20px&#8220; header_4_line_height=&#8220;1.2em&#8220; global_colors_info=&#8220;{}&#8220;]<\/p>\n<h4>Interaktives Display<\/h4>\n<p>Unter unseren interaktiven Displays k\u00f6nnen Sie wahlweise ein SuperGlass +S oder ein SuperGlass 3 mieten. Sobald es bei Ihnen steht, k\u00f6nnen Sie alle Funktionen ausprobieren und die Benutzeroberfl\u00e4che an Ihr Unternehmen anpassen. <\/p>\n<p>[\/et_pb_text][\/et_pb_column][et_pb_column type=&#8220;1_2&#8243; _builder_version=&#8220;4.21.0&#8243; _module_preset=&#8220;default&#8220; global_colors_info=&#8220;{}&#8220;][et_pb_image src=&#8220;https:\/\/speechi.com\/wp-content\/uploads\/2024\/06\/speechi-services-pret-3.png&#8220; title_text=&#8220;Videokonferenztool&#8220; _builder_version=&#8220;4.21.0&#8243; _module_preset=&#8220;default&#8220; global_colors_info=&#8220;{}&#8220;][\/et_pb_image][et_pb_text _builder_version=&#8220;4.21.0&#8243; _module_preset=&#8220;default&#8220; text_font=&#8220;Montserrat||||||||&#8220; text_text_color=&#8220;#FFFFFF&#8220; text_font_size=&#8220;13px&#8220; text_line_height=&#8220;1.6em&#8220; header_font=&#8220;Montserrat||||||||&#8220; header_4_font=&#8220;Montserrat||||||||&#8220; header_4_text_color=&#8220;#28bfc7&#8243; header_4_font_size=&#8220;21px&#8220; header_4_line_height=&#8220;1.2em&#8220; global_colors_info=&#8220;{}&#8220;]<\/p>\n<h4>Videokonferenztool<\/h4>\n<p>Testen Sie unsere Videokonferenzkameras und tauchen Sie in eine neue Welt des Zusammenarbeitens ein. Um nicht st\u00e4ndig unterwegs zu sein, k\u00f6nnen Sie Ihre Besprechungen online durchf\u00fchren und so flexibel zusammenarbeiten. <\/p>\n<p>[\/et_pb_text][\/et_pb_column][\/et_pb_row][\/et_pb_section][et_pb_section fb_built=&#8220;1&#8243; _builder_version=&#8220;4.21.0&#8243; _module_preset=&#8220;default&#8220; use_background_color_gradient=&#8220;on&#8220; background_color_gradient_stops=&#8220;#ffffff 44%|#e9e9e9 48%&#8220; global_colors_info=&#8220;{}&#8220;][et_pb_row _builder_version=&#8220;4.21.0&#8243; _module_preset=&#8220;default&#8220; global_colors_info=&#8220;{}&#8220;][et_pb_column type=&#8220;4_4&#8243; _builder_version=&#8220;4.21.0&#8243; _module_preset=&#8220;default&#8220; global_colors_info=&#8220;{}&#8220;][et_pb_text _builder_version=&#8220;4.21.0&#8243; _module_preset=&#8220;default&#8220; global_colors_info=&#8220;{}&#8220;]<\/p>\n<h2 style=\"text-align: center;\">Noch mehr Funktionen testen<\/h2>\n<p>[\/et_pb_text][\/et_pb_column][\/et_pb_row][et_pb_row column_structure=&#8220;1_3,1_3,1_3&#8243; _builder_version=&#8220;4.21.0&#8243; _module_preset=&#8220;default&#8220; global_colors_info=&#8220;{}&#8220;][et_pb_column type=&#8220;1_3&#8243; _builder_version=&#8220;4.21.0&#8243; _module_preset=&#8220;default&#8220; global_colors_info=&#8220;{}&#8220;][et_pb_image src=&#8220;https:\/\/speechi.com\/wp-content\/uploads\/2024\/06\/speechi-services-pret-4.png&#8220; title_text=&#8220;Speechi Connect&#8220; _builder_version=&#8220;4.21.0&#8243; _module_preset=&#8220;default&#8220; global_colors_info=&#8220;{}&#8220;][\/et_pb_image][et_pb_text _builder_version=&#8220;4.21.0&#8243; _module_preset=&#8220;default&#8220; text_font=&#8220;Montserrat||||||||&#8220; text_font_size=&#8220;13px&#8220; text_line_height=&#8220;1.6em&#8220; header_4_font=&#8220;Montserrat||||||||&#8220; header_4_font_size=&#8220;24px&#8220; header_4_line_height=&#8220;1.2em&#8220; global_colors_info=&#8220;{}&#8220;]<\/p>\n<h4>Speechi<br \/>Connect<\/h4>\n<p>F\u00fcr ein personalisiertes und einheitliches Nutzererlebnis auf all Ihren Displays<\/p>\n<p>[\/et_pb_text][\/et_pb_column][et_pb_column type=&#8220;1_3&#8243; _builder_version=&#8220;4.21.0&#8243; _module_preset=&#8220;default&#8220; global_colors_info=&#8220;{}&#8220;][et_pb_image src=&#8220;https:\/\/speechi.com\/wp-content\/uploads\/2024\/06\/speechi-services-pret-5.png&#8220; title_text=&#8220;Bytello Share&#8220; _builder_version=&#8220;4.21.0&#8243; _module_preset=&#8220;default&#8220; global_colors_info=&#8220;{}&#8220;][\/et_pb_image][et_pb_text _builder_version=&#8220;4.21.0&#8243; _module_preset=&#8220;default&#8220; text_font=&#8220;Montserrat||||||||&#8220; text_font_size=&#8220;13px&#8220; text_line_height=&#8220;1.6em&#8220; header_4_font=&#8220;Montserrat||||||||&#8220; header_4_font_size=&#8220;24px&#8220; header_4_line_height=&#8220;1.2em&#8220; global_colors_info=&#8220;{}&#8220;]<\/p>\n<h4>Bytello<br \/>Share<\/h4>\n<p>Steuern Sie interaktiven Displays komplett von Ihren Ger\u00e4ten aus<\/p>\n<p>[\/et_pb_text][\/et_pb_column][et_pb_column type=&#8220;1_3&#8243; _builder_version=&#8220;4.21.0&#8243; _module_preset=&#8220;default&#8220; global_colors_info=&#8220;{}&#8220;][et_pb_image src=&#8220;https:\/\/speechi.com\/wp-content\/uploads\/2024\/06\/speechi-services-pret-6.png&#8220; title_text=&#8220;Videokonferenzsoftware&#8220; _builder_version=&#8220;4.21.0&#8243; _module_preset=&#8220;default&#8220; global_colors_info=&#8220;{}&#8220;][\/et_pb_image][et_pb_text _builder_version=&#8220;4.21.0&#8243; _module_preset=&#8220;default&#8220; text_font=&#8220;Montserrat||||||||&#8220; text_font_size=&#8220;13px&#8220; text_line_height=&#8220;1.6em&#8220; header_4_font=&#8220;Montserrat||||||||&#8220; header_4_font_size=&#8220;24px&#8220; header_4_line_height=&#8220;1.2em&#8220; global_colors_info=&#8220;{}&#8220;]<\/p>\n<h4>Videokonferenz<br \/>software<\/h4>\n<p>F\u00fcr einfache und schnelle <br \/>Remotemeetings<\/p>\n<p>[\/et_pb_text][\/et_pb_column][\/et_pb_row][\/et_pb_section][et_pb_section fb_built=&#8220;1&#8243; _builder_version=&#8220;4.21.0&#8243; _module_preset=&#8220;default&#8220; use_background_color_gradient=&#8220;on&#8220; background_color_gradient_stops=&#8220;#ffffff 53%|#28bfc7 53%&#8220; custom_padding=&#8220;7px|||||&#8220; global_colors_info=&#8220;{}&#8220;][et_pb_row _builder_version=&#8220;4.21.0&#8243; _module_preset=&#8220;default&#8220; global_colors_info=&#8220;{}&#8220;][et_pb_column type=&#8220;4_4&#8243; _builder_version=&#8220;4.21.0&#8243; _module_preset=&#8220;default&#8220; global_colors_info=&#8220;{}&#8220;][et_pb_text _builder_version=&#8220;4.21.0&#8243; _module_preset=&#8220;default&#8220; text_font=&#8220;Montserrat||||||||&#8220; text_font_size=&#8220;12px&#8220; text_line_height=&#8220;1.6em&#8220; header_3_font=&#8220;Montserrat||||||||&#8220; header_3_line_height=&#8220;2.2em&#8220; global_colors_info=&#8220;{}&#8220;]<\/p>\n<h3 style=\"text-align: center;\">Haben Sie gro\u00dfe Pl\u00e4ne?<\/h3>\n<p style=\"text-align: center;\">Unser Mietservice unterst\u00fctzt Sie dabei, Ihre Ziele zu erreichen. So k\u00f6nnen Sie vor\u00fcbergehend von unseren digitalen L\u00f6sungen profitieren und diese unter Mitarbeitern ausprobieren. Testen Sie unsere Displays und ihre Funktionen in allen Ihren Abteilungen und erleben Sie die Auswirkungen auf Ihre Arbeitsabl\u00e4ufe, Zusammenarbeit und Kommunikation. Wenn Sie als Unternehmen unsere Displays vor einem Projekt zun\u00e4chst testen m\u00f6chten, k\u00f6nnen Sie diese ganz einfach mieten!   <\/p>\n<p>[\/et_pb_text][et_pb_image src=&#8220;https:\/\/speechi.com\/wp-content\/uploads\/2024\/06\/speechi-services-pret-7.png&#8220; title_text=&#8220;Haben Sie gro\u00dfe Pl\u00e4ne?&#8220; _builder_version=&#8220;4.21.0&#8243; _module_preset=&#8220;default&#8220; global_colors_info=&#8220;{}&#8220;][\/et_pb_image][\/et_pb_column][\/et_pb_row][et_pb_row column_structure=&#8220;1_2,1_2&#8243; _builder_version=&#8220;4.21.0&#8243; _module_preset=&#8220;default&#8220; global_colors_info=&#8220;{}&#8220;][et_pb_column type=&#8220;1_2&#8243; _builder_version=&#8220;4.21.0&#8243; _module_preset=&#8220;default&#8220; global_colors_info=&#8220;{}&#8220;][et_pb_text _builder_version=&#8220;4.21.0&#8243; _module_preset=&#8220;default&#8220; text_font=&#8220;Montserrat||||||||&#8220; text_font_size=&#8220;14px&#8220; text_line_height=&#8220;1.6em&#8220; header_4_font=&#8220;Montserrat||||||||&#8220; header_4_line_height=&#8220;1.2em&#8220; global_colors_info=&#8220;{}&#8220;]<\/p>\n<h4>Optimieren Sie die interne Kommunikation<\/h4>\n<p>Statten Sie jede Abteilung Ihres Unternehmens mit interaktiven Displays aus, um die betriebsinterne Kommunikation zu verfl\u00fcssigen.<\/p>\n<p>[\/et_pb_text][\/et_pb_column][et_pb_column type=&#8220;1_2&#8243; _builder_version=&#8220;4.21.0&#8243; _module_preset=&#8220;default&#8220; global_colors_info=&#8220;{}&#8220;][et_pb_text _builder_version=&#8220;4.21.0&#8243; _module_preset=&#8220;default&#8220; text_font=&#8220;Montserrat||||||||&#8220; text_font_size=&#8220;14px&#8220; text_line_height=&#8220;1.6em&#8220; header_4_font=&#8220;Montserrat||||||||&#8220; header_4_line_height=&#8220;1.2em&#8220; global_colors_info=&#8220;{}&#8220;]<\/p>\n<h4><strong>Grenzen durchbrechen<\/strong><\/h4>\n<p>Ihre Mitarbeiter sind international verstreut? Nutzen Sie unsere kollaborativen L\u00f6sungen, um die Entfernung zu \u00fcberbr\u00fccken. <\/p>\n<p>[\/et_pb_text][\/et_pb_column][\/et_pb_row][\/et_pb_section][et_pb_section fb_built=&#8220;1&#8243; _builder_version=&#8220;4.21.0&#8243; _module_preset=&#8220;default&#8220; custom_padding=&#8220;||0px|||&#8220; global_colors_info=&#8220;{}&#8220;][et_pb_row _builder_version=&#8220;4.21.0&#8243; _module_preset=&#8220;default&#8220; custom_padding=&#8220;||1px|||&#8220; global_colors_info=&#8220;{}&#8220;][et_pb_column type=&#8220;4_4&#8243; _builder_version=&#8220;4.21.0&#8243; _module_preset=&#8220;default&#8220; global_colors_info=&#8220;{}&#8220;][et_pb_text _builder_version=&#8220;4.21.0&#8243; _module_preset=&#8220;default&#8220; header_2_font=&#8220;Montserrat||||||||&#8220; global_colors_info=&#8220;{}&#8220;]<\/p>\n<h2 style=\"text-align: center;\">Wie funktioniert das?<\/h2>\n<p>[\/et_pb_text][et_pb_image src=&#8220;https:\/\/speechi.com\/wp-content\/uploads\/2024\/06\/speechi-services-pret-8.png&#8220; title_text=&#8220;Ausr\u00fcstung mieten&#8220; _builder_version=&#8220;4.21.0&#8243; _module_preset=&#8220;default&#8220; global_colors_info=&#8220;{}&#8220;][\/et_pb_image][\/et_pb_column][\/et_pb_row][\/et_pb_section][et_pb_section fb_built=&#8220;1&#8243; _builder_version=&#8220;4.21.0&#8243; _module_preset=&#8220;default&#8220; background_color=&#8220;#1c2c44&#8243; global_colors_info=&#8220;{}&#8220;][et_pb_row column_structure=&#8220;1_4,1_4,1_4,1_4&#8243; _builder_version=&#8220;4.21.0&#8243; _module_preset=&#8220;default&#8220; global_colors_info=&#8220;{}&#8220;][et_pb_column type=&#8220;1_4&#8243; _builder_version=&#8220;4.21.0&#8243; _module_preset=&#8220;default&#8220; global_colors_info=&#8220;{}&#8220;][et_pb_text _builder_version=&#8220;4.21.0&#8243; _module_preset=&#8220;default&#8220; text_font=&#8220;Montserrat||||||||&#8220; text_text_color=&#8220;#FFFFFF&#8220; text_font_size=&#8220;14px&#8220; text_line_height=&#8220;1.6em&#8220; header_4_font=&#8220;Montserrat||||||||&#8220; header_4_text_color=&#8220;#FFFFFF&#8220; header_4_font_size=&#8220;27px&#8220; global_colors_info=&#8220;{}&#8220;]<\/p>\n<h4>Mieten<\/h4>\n<p>Kontaktieren Sie unser Team, um die gew\u00fcnschte Ausr\u00fcstung zu mieten.<\/p>\n<p>[\/et_pb_text][\/et_pb_column][et_pb_column type=&#8220;1_4&#8243; _builder_version=&#8220;4.21.0&#8243; _module_preset=&#8220;default&#8220; global_colors_info=&#8220;{}&#8220;][et_pb_text _builder_version=&#8220;4.21.0&#8243; _module_preset=&#8220;default&#8220; text_font=&#8220;Montserrat||||||||&#8220; text_text_color=&#8220;#FFFFFF&#8220; text_font_size=&#8220;14px&#8220; text_line_height=&#8220;1.6em&#8220; header_4_font=&#8220;Montserrat||||||||&#8220; header_4_text_color=&#8220;#FFFFFF&#8220; header_4_font_size=&#8220;27px&#8220; global_colors_info=&#8220;{}&#8220;]<\/p>\n<h4>Aufstellen<\/h4>\n<p>Erhalten Sie unsere interaktiven Displays in einem Flightcase auf Rollen, um sie sofort aufstellen und in Betrieb nehmen zu k\u00f6nnen.<\/p>\n<p>[\/et_pb_text][\/et_pb_column][et_pb_column type=&#8220;1_4&#8243; _builder_version=&#8220;4.21.0&#8243; _module_preset=&#8220;default&#8220; global_colors_info=&#8220;{}&#8220;][et_pb_text _builder_version=&#8220;4.21.0&#8243; _module_preset=&#8220;default&#8220; text_font=&#8220;Montserrat||||||||&#8220; text_text_color=&#8220;#FFFFFF&#8220; text_font_size=&#8220;14px&#8220; text_line_height=&#8220;1.6em&#8220; header_4_font=&#8220;Montserrat||||||||&#8220; header_4_text_color=&#8220;#FFFFFF&#8220; header_4_font_size=&#8220;27px&#8220; global_colors_info=&#8220;{}&#8220;]<\/p>\n<h4>Testen<\/h4>\n<p>Nutzen Sie die Ger\u00e4te f\u00fcr eine bestimmte Zeit und testen Sie alle Funktionen.<\/p>\n<p>[\/et_pb_text][\/et_pb_column][et_pb_column type=&#8220;1_4&#8243; _builder_version=&#8220;4.21.0&#8243; _module_preset=&#8220;default&#8220; global_colors_info=&#8220;{}&#8220;][et_pb_text _builder_version=&#8220;4.21.0&#8243; _module_preset=&#8220;default&#8220; text_font=&#8220;Montserrat||||||||&#8220; text_text_color=&#8220;#FFFFFF&#8220; text_font_size=&#8220;14px&#8220; text_line_height=&#8220;1.6em&#8220; header_4_font=&#8220;Montserrat||||||||&#8220; header_4_text_color=&#8220;#FFFFFF&#8220; header_4_font_size=&#8220;27px&#8220; global_colors_info=&#8220;{}&#8220;]<\/p>\n<h4>Betreuung<\/h4>\n<p>Profitieren Sie von der Betreuung durch unser Team, um die bestm\u00f6gliche Erfahrung zu erzielen.<\/p>\n<p>[\/et_pb_text][\/et_pb_column][\/et_pb_row][\/et_pb_section][et_pb_section fb_built=&#8220;1&#8243; _builder_version=&#8220;4.21.0&#8243; _module_preset=&#8220;default&#8220; use_background_color_gradient=&#8220;on&#8220; background_color_gradient_stops=&#8220;#28bfc7 47%|#ffffff 47%&#8220; global_colors_info=&#8220;{}&#8220;][et_pb_row column_structure=&#8220;2_5,3_5&#8243; _builder_version=&#8220;4.21.0&#8243; _module_preset=&#8220;default&#8220; global_colors_info=&#8220;{}&#8220;][et_pb_column type=&#8220;2_5&#8243; _builder_version=&#8220;4.21.0&#8243; _module_preset=&#8220;default&#8220; global_colors_info=&#8220;{}&#8220;][et_pb_text _builder_version=&#8220;4.21.0&#8243; _module_preset=&#8220;default&#8220; text_font=&#8220;Montserrat||||||||&#8220; text_font_size=&#8220;14px&#8220; text_line_height=&#8220;1.6em&#8220; header_4_font=&#8220;Montserrat||||||||&#8220; header_4_font_size=&#8220;27px&#8220; header_4_line_height=&#8220;1.1em&#8220; global_colors_info=&#8220;{}&#8220;]<\/p>\n<h4>Speechi<br \/>begleitet Sie bei<br \/>allen Ihren Schritten<\/h4>\n<p>Wenn Sie an unserem Mietservice interessiert sind, wenden Sie sich f\u00fcr weitere Informationen an unser Team und lassen Sie sich betreuen.<\/p>\n<p>F\u00fcllen Sie das Formular aus<br \/>oder kontaktieren Sie uns telefonisch:<br \/><strong>33 (0)3 79 59 01 97<\/strong><\/p>\n<p>[\/et_pb_text][et_pb_image src=&#8220;https:\/\/speechi.com\/wp-content\/uploads\/2024\/06\/speechi-services-pret-9.png&#8220; title_text=&#8220;Speechi begleitet Sie bei allen Ihren Schritten&#8220; _builder_version=&#8220;4.21.0&#8243; _module_preset=&#8220;default&#8220; custom_padding=&#8220;8px||13px|||&#8220; global_colors_info=&#8220;{}&#8220;][\/et_pb_image][\/et_pb_column][et_pb_column type=&#8220;3_5&#8243; _builder_version=&#8220;4.21.0&#8243; _module_preset=&#8220;default&#8220; global_colors_info=&#8220;{}&#8220;][et_pb_code _builder_version=&#8220;4.21.0&#8243; _module_preset=&#8220;default&#8220; global_colors_info=&#8220;{}&#8220;]<iframe frameborder=\"0\" style=\"height:1150px;width:100%;border:none;\" src=\"https:\/\/forms.zohopublic.com\/thierryklein\/form\/FORMLP\/formperma\/16Ws647vFCQnG1iB6wMZQnASnaMxkY7qpCFWW-ACsZY\"><\/iframe>[\/et_pb_code][\/et_pb_column][\/et_pb_row][\/et_pb_section]<\/p>\n","protected":false},"excerpt":{"rendered":"<p>TestenAusr\u00fcstung mieten Mieten Sie unserekollaborativenL\u00f6sungen<div class=\"et_pb_module dsm_button dsm_button_0 et_pb_bg_layout_light\">\n\t\t\t\t\n\t\t\t\t\n\t\t\t\t\n\t\t\t\t\n\t\t\t\t\n\t\t\t\t\n\t\t\t\t<div class=\"et_pb_module_inner\">\n\t\t\t\t\t<div class=\"et_pb_button_module_wrappers dsm_button_0_wrapper et_pb_button_alignment_left et_pb_module\">\n\t\t\t\t\n\t\t\t<\/div>\n\t\t\t\t<\/div>\n\t\t\t<\/div>Ausr\u00fcstung mieten Mieten und entdecken Sie unsere kollaborativen L\u00f6sungen Wir bei Speechi wissen, wie wichtig die Wahl der richtigen Ausr\u00fcstung f\u00fcr eine effektive Zusammenarbeit ist. Deshalb k\u00f6nnen Sie unsere interaktiven Displays und das dazugeh\u00f6rige Zubeh\u00f6r f\u00fcr eine bestimmte Dauer mieten. Eine [&hellip;]<\/p>\n","protected":false},"author":14,"featured_media":0,"parent":0,"menu_order":0,"comment_status":"closed","ping_status":"closed","template":"","meta":{"_acf_changed":false,"_seopress_robots_primary_cat":"","_seopress_titles_title":"Ausr\u00fcstung mieten: Interaktives Display und Videokonferenztool","_seopress_titles_desc":"Entdecken Sie die Vorteile der Anmietung interaktiver Displays und Videokonferenzl\u00f6sungen von Speechi f\u00fcr eine effiziente und flexible Zusammenarbeit.","_seopress_robots_index":"","_et_pb_use_builder":"on","_et_pb_old_content":"","_et_gb_content_width":"","footnotes":""},"difl_page_category":[],"class_list":["post-44167737","page","type-page","status-publish","hentry"],"acf":[],"_links":{"self":[{"href":"https:\/\/speechi.com\/de\/wp-json\/wp\/v2\/pages\/44167737","targetHints":{"allow":["GET"]}}],"collection":[{"href":"https:\/\/speechi.com\/de\/wp-json\/wp\/v2\/pages"}],"about":[{"href":"https:\/\/speechi.com\/de\/wp-json\/wp\/v2\/types\/page"}],"author":[{"embeddable":true,"href":"https:\/\/speechi.com\/de\/wp-json\/wp\/v2\/users\/14"}],"replies":[{"embeddable":true,"href":"https:\/\/speechi.com\/de\/wp-json\/wp\/v2\/comments?post=44167737"}],"version-history":[{"count":10,"href":"https:\/\/speechi.com\/de\/wp-json\/wp\/v2\/pages\/44167737\/revisions"}],"predecessor-version":[{"id":44174621,"href":"https:\/\/speechi.com\/de\/wp-json\/wp\/v2\/pages\/44167737\/revisions\/44174621"}],"wp:attachment":[{"href":"https:\/\/speechi.com\/de\/wp-json\/wp\/v2\/media?parent=44167737"}],"wp:term":[{"taxonomy":"difl_page_category","embeddable":true,"href":"https:\/\/speechi.com\/de\/wp-json\/wp\/v2\/difl_page_category?post=44167737"}],"curies":[{"name":"wp","href":"https:\/\/api.w.org\/{rel}","templated":true}]}}