{"id":44169493,"date":"2024-07-16T16:53:20","date_gmt":"2024-07-16T14:53:20","guid":{"rendered":"https:\/\/speechi.com\/bytello-share\/"},"modified":"2024-08-22T09:57:29","modified_gmt":"2024-08-22T07:57:29","slug":"bytello-share-mirroring-software","status":"publish","type":"page","link":"https:\/\/speechi.com\/de\/bytello-share-mirroring-software\/","title":{"rendered":"Bytello Share"},"content":{"rendered":"<p>[et_pb_section fb_built=&#8220;1&#8243; _builder_version=&#8220;4.21.0&#8243; _module_preset=&#8220;default&#8220; background_image=&#8220;https:\/\/speechi.com\/wp-content\/uploads\/2024\/07\/speechi-site-accessoires-bytello-10.png&#8220; width=&#8220;100%&#8220; max_width=&#8220;100%&#8220; module_alignment=&#8220;center&#8220; height=&#8220;550px&#8220; custom_padding=&#8220;181px||0px|||&#8220; global_colors_info=&#8220;{}&#8220;][et_pb_row _builder_version=&#8220;4.21.0&#8243; _module_preset=&#8220;default&#8220; custom_padding=&#8220;0px|||||&#8220; global_colors_info=&#8220;{}&#8220;][et_pb_column type=&#8220;4_4&#8243; _builder_version=&#8220;4.21.0&#8243; _module_preset=&#8220;default&#8220; global_colors_info=&#8220;{}&#8220;][et_pb_text _builder_version=&#8220;4.21.0&#8243; _module_preset=&#8220;default&#8220; text_font=&#8220;Montserrat|300|||||||&#8220; text_text_color=&#8220;#161f32&#8243; text_font_size=&#8220;22px&#8220; text_line_height=&#8220;1.5em&#8220; header_font=&#8220;Montserrat|300|||||||&#8220; header_text_color=&#8220;#161f32&#8243; header_font_size=&#8220;22px&#8220; header_line_height=&#8220;1.4em&#8220; header_2_font=&#8220;Montserrat|300|||||||&#8220; header_2_font_size=&#8220;36px&#8220; width=&#8220;100%&#8220; custom_margin=&#8220;-37px||3px|||&#8220; locked=&#8220;off&#8220; global_colors_info=&#8220;{}&#8220;]<\/p>\n<h1>BYOD \/ BYOM<br \/><strong>Bytello Share App<\/strong><\/h1>\n<h2>Die Anwendung, die Ihrem<\/h2>\n<h2>interaktiven Display<\/h2>\n<h2>die Kontrolle gibt<\/h2>\n<p>[\/et_pb_text][\/et_pb_column][\/et_pb_row][et_pb_row _builder_version=&#8220;4.21.0&#8243; _module_preset=&#8220;default&#8220; custom_margin=&#8220;|auto|23px|auto||&#8220; custom_padding=&#8220;0px|||||&#8220; global_colors_info=&#8220;{}&#8220;][et_pb_column type=&#8220;4_4&#8243; _builder_version=&#8220;4.21.0&#8243; _module_preset=&#8220;default&#8220; global_colors_info=&#8220;{}&#8220;][dsm_button _builder_version=&#8220;4.21.0&#8243; _module_preset=&#8220;default&#8220; custom_margin=&#8220;||2px|||&#8220; global_colors_info=&#8220;{}&#8220;][\/dsm_button][et_pb_button button_url=&#8220;https:\/\/speechi.com\/de\/kontakt\/&#8220; button_text=&#8220;MEHR INFOS &#8220; button_alignment=&#8220;left&#8220; _builder_version=&#8220;4.21.0&#8243; _module_preset=&#8220;default&#8220; custom_button=&#8220;on&#8220; button_text_size=&#8220;19px&#8220; button_text_color=&#8220;#FFFFFF&#8220; button_bg_color=&#8220;#161f32&#8243; button_border_width=&#8220;0px&#8220; button_border_radius=&#8220;0px&#8220; button_letter_spacing=&#8220;0px&#8220; custom_margin=&#8220;9px||-3px||false|false&#8220; custom_padding=&#8220;|38px||38px|false|true&#8220; global_colors_info=&#8220;{}&#8220;][\/et_pb_button][\/et_pb_column][\/et_pb_row][\/et_pb_section][et_pb_section fb_built=&#8220;1&#8243; disabled_on=&#8220;on|on|off&#8220; _builder_version=&#8220;4.21.0&#8243; _module_preset=&#8220;default&#8220; background_color=&#8220;#161f32&#8243; custom_margin=&#8220;0px|||||&#8220; custom_padding=&#8220;2px||0px|||&#8220; global_colors_info=&#8220;{}&#8220;][et_pb_row column_structure=&#8220;1_2,1_2&#8243; _builder_version=&#8220;4.21.0&#8243; _module_preset=&#8220;default&#8220; custom_padding=&#8220;23px|||||&#8220; global_colors_info=&#8220;{}&#8220;][et_pb_column type=&#8220;1_2&#8243; _builder_version=&#8220;4.21.0&#8243; _module_preset=&#8220;default&#8220; global_colors_info=&#8220;{}&#8220;][et_pb_image src=&#8220;https:\/\/speechi.com\/wp-content\/uploads\/2024\/07\/speechi-site-accessoires-bytello-1.png&#8220; alt=&#8220;ByTello Share App&#8220; title_text=&#8220;ByTello Share App&#8220; _builder_version=&#8220;4.21.0&#8243; _module_preset=&#8220;default&#8220; global_colors_info=&#8220;{}&#8220;][\/et_pb_image][\/et_pb_column][et_pb_column type=&#8220;1_2&#8243; _builder_version=&#8220;4.21.0&#8243; _module_preset=&#8220;default&#8220; global_colors_info=&#8220;{}&#8220;][et_pb_code _builder_version=&#8220;4.21.0&#8243; _module_preset=&#8220;default&#8220; custom_padding=&#8220;16px|||||&#8220; global_colors_info=&#8220;{}&#8220;]  <\/p>\n<style><!-- [et_pb_line_break_holder] -->        ul.custom-bullet {<!-- [et_pb_line_break_holder] -->            color: #0A7988;<!-- [et_pb_line_break_holder] -->        }<!-- [et_pb_line_break_holder] --><!-- [et_pb_line_break_holder] -->        ul.custom-bullet li {<!-- [et_pb_line_break_holder] -->            color: #0A7988;<!-- [et_pb_line_break_holder] -->        }<!-- [et_pb_line_break_holder] -->    <\/style>\n<p><!-- [et_pb_line_break_holder] --><\/head><!-- [et_pb_line_break_holder] --><!-- [et_pb_line_break_holder] -->    <\/p>\n<ul class=\"custom-bullet\"><!-- [et_pb_line_break_holder] -->        <\/p>\n<li>Das ultimative Tool zur Bildschirmfreigabe<\/li>\n<p><!-- [et_pb_line_break_holder] -->        <\/p>\n<li>Freigabe von bis zu 9 Ger\u00e4ten<\/li>\n<p><!-- [et_pb_line_break_holder] -->        <\/p>\n<li>Sichere Verbindung<\/li>\n<p><!-- [et_pb_line_break_holder] -->        <\/p>\n<li>\u00dcbertragung von Inhalten auf mobile Ger\u00e4te<\/li>\n<p><!-- [et_pb_line_break_holder] -->    \t  <\/p>\n<li>Fensterfreigabe<\/li>\n<p><!-- [et_pb_line_break_holder] -->        <\/p>\n<li>Touch-Steuerung<\/li>\n<p><!-- [et_pb_line_break_holder] -->    <\/ul>\n<p><!-- [et_pb_line_break_holder] -->[\/et_pb_code][\/et_pb_column][\/et_pb_row][\/et_pb_section][et_pb_section fb_built=&#8220;1&#8243; _builder_version=&#8220;4.21.0&#8243; _module_preset=&#8220;default&#8220; use_background_color_gradient=&#8220;on&#8220; background_color_gradient_stops=&#8220;#ffffff 21%|#ffffff 35%|#161f32 35%&#8220; custom_padding=&#8220;||0px|||&#8220; global_colors_info=&#8220;{}&#8220;][et_pb_row _builder_version=&#8220;4.21.0&#8243; _module_preset=&#8220;default&#8220; max_width=&#8220;2560px&#8220; custom_padding=&#8220;||0px|||&#8220; global_colors_info=&#8220;{}&#8220;][et_pb_column type=&#8220;4_4&#8243; _builder_version=&#8220;4.21.0&#8243; _module_preset=&#8220;default&#8220; global_colors_info=&#8220;{}&#8220;][et_pb_text _builder_version=&#8220;4.21.0&#8243; _module_preset=&#8220;default&#8220; text_font=&#8220;Montserrat|300|||||||&#8220; text_text_color=&#8220;#18b6c3&#8243; text_font_size=&#8220;21px&#8220; text_letter_spacing=&#8220;6px&#8220; text_orientation=&#8220;center&#8220; custom_margin=&#8220;0px||0px||false|false&#8220; custom_padding=&#8220;0px||10px||false|false&#8220; locked=&#8220;off&#8220; global_colors_info=&#8220;{}&#8220;]<\/p>\n<p>Das ultimative Tool zur Bildschirmfreigabe<\/p>\n<p>[\/et_pb_text][et_pb_text _builder_version=&#8220;4.21.0&#8243; _module_preset=&#8220;default&#8220; text_text_color=&#8220;#242424&#8243; header_2_text_color=&#8220;#242424&#8243; header_3_text_color=&#8220;#1FD7E0&#8243; header_5_text_color=&#8220;#28bfc7&#8243; locked=&#8220;off&#8220; global_colors_info=&#8220;{}&#8220;]<\/p>\n<h2 style=\"text-align: center;\">Bytello Share<\/h2>\n<p>[\/et_pb_text][et_pb_text _builder_version=&#8220;4.21.0&#8243; _module_preset=&#8220;default&#8220; text_font=&#8220;Montserrat||||||||&#8220; text_font_size=&#8220;14px&#8220; text_line_height=&#8220;1.5em&#8220; global_colors_info=&#8220;{}&#8220;]<\/p>\n<p style=\"text-align: center;\">ByTello Share ist eine auf unseren interaktiven SuperGlass-Displays verf\u00fcgbare Android-App. Unter Windows oder Mac, Android oder<br \/>iOS: Installieren Sie die App auf Ihrem Ger\u00e4t und geben Sie den Bildschirminhalt f\u00fcr Ihr Display frei. Dabei k\u00f6nnen Sie weiterhin die Touch-Steuerung und alle interaktiven Funktionen nutzen. <\/p>\n<p>[\/et_pb_text][et_pb_image src=&#8220;https:\/\/speechi.com\/wp-content\/uploads\/2024\/07\/speechi-site-accessoires-bytello-2.jpg&#8220; alt=&#8220;Teilen Sie Ihren PC-Bildschirm kabellos mit Bytello Share auf der Tafel im Klassenzimmer.&#8220; title_text=&#8220;Teilen Sie Ihren PC-Bildschirm kabellos mit Bytello Share auf der Tafel im Klassenzimmer.&#8220; align=&#8220;center&#8220; _builder_version=&#8220;4.21.0&#8243; _module_preset=&#8220;default&#8220; width=&#8220;100%&#8220; height=&#8220;666px&#8220; custom_padding=&#8220;||0px|||&#8220; hover_enabled=&#8220;0&#8243; global_colors_info=&#8220;{}&#8220; sticky_enabled=&#8220;0&#8243;][\/et_pb_image][\/et_pb_column][\/et_pb_row][et_pb_row column_structure=&#8220;1_3,1_3,1_3&#8243; _builder_version=&#8220;4.21.0&#8243; _module_preset=&#8220;default&#8220; max_width=&#8220;1200px&#8220; global_colors_info=&#8220;{}&#8220;][et_pb_column type=&#8220;1_3&#8243; _builder_version=&#8220;4.21.0&#8243; _module_preset=&#8220;default&#8220; global_colors_info=&#8220;{}&#8220;][et_pb_text _builder_version=&#8220;4.21.0&#8243; _module_preset=&#8220;default&#8220; text_font=&#8220;Montserrat||||||||&#8220; text_text_color=&#8220;#FFFFFF&#8220; text_font_size=&#8220;13px&#8220; header_2_font=&#8220;Montserrat||||||||&#8220; header_2_text_color=&#8220;#18b6c3&#8243; global_colors_info=&#8220;{}&#8220;]<\/p>\n<h2>Freigabe in <br \/>beide Richtungen<\/h2>\n<p>Sie k\u00f6nnen Ihren Bildschirminhalt vom PC f\u00fcr Ihr interaktives Display oder umgekehrt vom interaktiven Display f\u00fcr Ihren PC freigeben &#8211; einfach und bequem. Nutzen Sie Freigabe und Steuerung in beide Richtungen, um mit Ihrem Publikum zu interagieren. <\/p>\n<p>[\/et_pb_text][\/et_pb_column][et_pb_column type=&#8220;1_3&#8243; _builder_version=&#8220;4.21.0&#8243; _module_preset=&#8220;default&#8220; global_colors_info=&#8220;{}&#8220;][et_pb_text _builder_version=&#8220;4.21.0&#8243; _module_preset=&#8220;default&#8220; text_font=&#8220;Montserrat||||||||&#8220; text_text_color=&#8220;#FFFFFF&#8220; text_font_size=&#8220;13px&#8220; header_2_font=&#8220;Montserrat||||||||&#8220; header_2_text_color=&#8220;#18b6c3&#8243; global_colors_info=&#8220;{}&#8220;]<\/p>\n<h2>\u00dcbertragen Sie 9 <br \/>Bildschirme gleichzeitig<\/h2>\n<p>Erleichtern Sie Ihren Mitarbeitern den Austausch von Ideen, indem Sie bis zu 9 Bildschirme gleichzeitig auf ein interaktives Display \u00fcbertragen. Sie behalten die volle Kontrolle, indem Sie nur die von Ihnen gew\u00fcnschten Zugriffe erlauben. <\/p>\n<p>[\/et_pb_text][\/et_pb_column][et_pb_column type=&#8220;1_3&#8243; _builder_version=&#8220;4.21.0&#8243; _module_preset=&#8220;default&#8220; global_colors_info=&#8220;{}&#8220;][et_pb_text _builder_version=&#8220;4.21.0&#8243; _module_preset=&#8220;default&#8220; text_font=&#8220;Montserrat||||||||&#8220; text_text_color=&#8220;#FFFFFF&#8220; text_font_size=&#8220;13px&#8220; header_2_font=&#8220;Montserrat||||||||&#8220; header_2_text_color=&#8220;#18b6c3&#8243; global_colors_info=&#8220;{}&#8220;]<\/p>\n<h2>Alles unter <br \/>Kontrolle<\/h2>\n<p>M\u00f6chten Sie ein Video oder eine Pr\u00e4sentation teilen? Genie\u00dfen Sie h\u00f6chste Ton- und Bildqualit\u00e4t, indem Sie die Audio- und Videofunktionen des Touchscreens direkt von Ihrem PC aus steuern. <\/p>\n<p>[\/et_pb_text][\/et_pb_column][\/et_pb_row][\/et_pb_section][et_pb_section fb_built=&#8220;1&#8243; _builder_version=&#8220;4.21.0&#8243; _module_preset=&#8220;default&#8220; custom_padding=&#8220;41px||2px|||&#8220; global_colors_info=&#8220;{}&#8220;][et_pb_row _builder_version=&#8220;4.21.0&#8243; _module_preset=&#8220;default&#8220; global_colors_info=&#8220;{}&#8220;][et_pb_column type=&#8220;4_4&#8243; _builder_version=&#8220;4.21.0&#8243; _module_preset=&#8220;default&#8220; global_colors_info=&#8220;{}&#8220;][et_pb_text _builder_version=&#8220;4.21.0&#8243; _module_preset=&#8220;default&#8220; header_2_font=&#8220;Montserrat|300|||||||&#8220; header_2_text_color=&#8220;#18b6c3&#8243; header_2_font_size=&#8220;24px&#8220; global_colors_info=&#8220;{}&#8220;]<\/p>\n<h2 style=\"text-align: center;\">Kompatibilit\u00e4t<\/h2>\n<h3 style=\"text-align: center;\">Mirroring leicht gemacht<\/h3>\n<p>[\/et_pb_text][\/et_pb_column][\/et_pb_row][\/et_pb_section][et_pb_section fb_built=&#8220;1&#8243; _builder_version=&#8220;4.21.0&#8243; _module_preset=&#8220;default&#8220; background_enable_color=&#8220;off&#8220; use_background_color_gradient=&#8220;on&#8220; background_color_gradient_stops=&#8220;#ffffff 15%|#161f32 15%&#8220; custom_padding=&#8220;11px||6px|||&#8220; global_colors_info=&#8220;{}&#8220;][et_pb_row column_structure=&#8220;1_2,1_2&#8243; _builder_version=&#8220;4.21.0&#8243; _module_preset=&#8220;default&#8220; max_width=&#8220;1400px&#8220; global_colors_info=&#8220;{}&#8220;][et_pb_column type=&#8220;1_2&#8243; _builder_version=&#8220;4.21.0&#8243; _module_preset=&#8220;default&#8220; global_colors_info=&#8220;{}&#8220;][et_pb_image src=&#8220;https:\/\/speechi.com\/wp-content\/uploads\/2024\/07\/speechi-accessoires-ezcast-3.jpg&#8220; alt=&#8220;Mirroring im Konferenzraum&#8220; title_text=&#8220;Mirroring im Konferenzraum&#8220; _builder_version=&#8220;4.21.0&#8243; _module_preset=&#8220;default&#8220; width=&#8220;100%&#8220; max_width=&#8220;100%&#8220; hover_enabled=&#8220;0&#8243; global_colors_info=&#8220;{}&#8220; sticky_enabled=&#8220;0&#8243;][\/et_pb_image][\/et_pb_column][et_pb_column type=&#8220;1_2&#8243; _builder_version=&#8220;4.21.0&#8243; _module_preset=&#8220;default&#8220; global_colors_info=&#8220;{}&#8220;][et_pb_text _builder_version=&#8220;4.21.0&#8243; _module_preset=&#8220;default&#8220; text_font=&#8220;Montserrat||||||||&#8220; text_text_color=&#8220;#FFFFFF&#8220; text_font_size=&#8220;14px&#8220; header_2_font=&#8220;Montserrat|300|||||||&#8220; header_2_text_color=&#8220;#18b6c3&#8243; header_2_font_size=&#8220;21px&#8220; custom_padding=&#8220;70px|||||&#8220; global_colors_info=&#8220;{}&#8220;]<\/p>\n<p>&nbsp;<\/p>\n<p>Von jedem Ger\u00e4t aus, das sich im selben Netzwerk wie Ihr Display befindet, k\u00f6nnen Sie Ihre Inhalte direkt auf Ihr interaktives SuperGlass-Display projizieren. Die Anwendung ist auch mit den wichtigsten \u00dcbertragungstechnologien kompatibel: <\/p>\n<ul>\n<li>Windows oder Mac<\/li>\n<\/ul>\n<p>&nbsp;<\/p>\n<ul>\n<li>Android oder iOS<\/li>\n<\/ul>\n<p>&nbsp;<\/p>\n<ul>\n<li>Airplay \/ Miracast \/ Chromecast<\/li>\n<\/ul>\n<p>[\/et_pb_text][\/et_pb_column][\/et_pb_row][\/et_pb_section][et_pb_section fb_built=&#8220;1&#8243; _builder_version=&#8220;4.21.0&#8243; _module_preset=&#8220;default&#8220; background_color=&#8220;#e6e7e9&#8243; custom_padding=&#8220;||7px|||&#8220; global_colors_info=&#8220;{}&#8220;][et_pb_row _builder_version=&#8220;4.21.0&#8243; _module_preset=&#8220;default&#8220; global_colors_info=&#8220;{}&#8220;][et_pb_column type=&#8220;4_4&#8243; _builder_version=&#8220;4.21.0&#8243; _module_preset=&#8220;default&#8220; global_colors_info=&#8220;{}&#8220;][et_pb_text _builder_version=&#8220;4.21.0&#8243; _module_preset=&#8220;default&#8220; text_font=&#8220;Montserrat|300|||||||&#8220; text_text_color=&#8220;#18b6c3&#8243; text_font_size=&#8220;21px&#8220; text_letter_spacing=&#8220;6px&#8220; text_orientation=&#8220;center&#8220; custom_margin=&#8220;0px||0px||false|false&#8220; custom_padding=&#8220;0px||10px||false|false&#8220; locked=&#8220;off&#8220; global_colors_info=&#8220;{}&#8220;]<\/p>\n<p>Video<\/p>\n<p>[\/et_pb_text][et_pb_text _builder_version=&#8220;4.21.0&#8243; _module_preset=&#8220;default&#8220; text_text_color=&#8220;#242424&#8243; header_2_text_color=&#8220;#242424&#8243; header_3_text_color=&#8220;#1FD7E0&#8243; header_5_text_color=&#8220;#28bfc7&#8243; global_colors_info=&#8220;{}&#8220;]<\/p>\n<h2 style=\"text-align: center;\">Die Schritte zur Bildschirmfreigabe mit Bytello Share<\/h2>\n<p>[\/et_pb_text][et_pb_video src=&#8220;https:\/\/www.youtube.com\/watch?v=T-rZuBLhXi8&#8243; _builder_version=&#8220;4.21.0&#8243; _module_preset=&#8220;default&#8220; hover_enabled=&#8220;0&#8243; global_colors_info=&#8220;{}&#8220; sticky_enabled=&#8220;0&#8243;][\/et_pb_video][\/et_pb_column][\/et_pb_row][et_pb_row column_structure=&#8220;1_3,1_3,1_3&#8243; _builder_version=&#8220;4.21.0&#8243; _module_preset=&#8220;default&#8220; max_width=&#8220;1286px&#8220; global_colors_info=&#8220;{}&#8220;][et_pb_column type=&#8220;1_3&#8243; _builder_version=&#8220;4.21.0&#8243; _module_preset=&#8220;default&#8220; global_colors_info=&#8220;{}&#8220;][et_pb_text _builder_version=&#8220;4.21.0&#8243; _module_preset=&#8220;default&#8220; text_font=&#8220;Montserrat||||||||&#8220; text_text_color=&#8220;#000000&#8243; text_font_size=&#8220;13px&#8220; text_line_height=&#8220;1.6em&#8220; header_2_text_color=&#8220;#000000&#8243; header_2_font_size=&#8220;23px&#8220; global_colors_info=&#8220;{}&#8220;]<\/p>\n<h2>1. Herunterladen<\/h2>\n<p>Bytello Share ist bereits auf Ihrem interaktiven Display vorinstalliert und Sie m\u00fcssen die Anwendung lediglich auf Ihr Ger\u00e4t (PC, Tablet oder Telefon) herunterladen, um Ihre Inhalte von Ihrem PC aus zu \u00fcbertragen und umgekehrt.<\/p>\n<p>[\/et_pb_text][\/et_pb_column][et_pb_column type=&#8220;1_3&#8243; _builder_version=&#8220;4.21.0&#8243; _module_preset=&#8220;default&#8220; global_colors_info=&#8220;{}&#8220;][et_pb_text _builder_version=&#8220;4.21.0&#8243; _module_preset=&#8220;default&#8220; text_font=&#8220;Montserrat||||||||&#8220; text_text_color=&#8220;#000000&#8243; text_font_size=&#8220;13px&#8220; text_line_height=&#8220;1.6em&#8220; header_2_text_color=&#8220;#000000&#8243; header_2_font_size=&#8220;23px&#8220; global_colors_info=&#8220;{}&#8220;]<\/p>\n<h2>2. Eingeben<\/h2>\n<p>ByTello Share generiert einen Code auf Ihrem interaktiven Display, den Sie dann auf Ihrem Ger\u00e4t eingeben m\u00fcssen, um die volle Kontrolle \u00fcber die Freigabe Ihres Bildschirms zu haben.<\/p>\n<p>[\/et_pb_text][\/et_pb_column][et_pb_column type=&#8220;1_3&#8243; _builder_version=&#8220;4.21.0&#8243; _module_preset=&#8220;default&#8220; global_colors_info=&#8220;{}&#8220;][et_pb_text _builder_version=&#8220;4.21.0&#8243; _module_preset=&#8220;default&#8220; text_font=&#8220;Montserrat||||||||&#8220; text_text_color=&#8220;#000000&#8243; text_font_size=&#8220;13px&#8220; text_line_height=&#8220;1.6em&#8220; header_2_text_color=&#8220;#000000&#8243; header_2_font_size=&#8220;23px&#8220; global_colors_info=&#8220;{}&#8220;]<\/p>\n<h2>3. Teilen<\/h2>\n<p>\u00dcbertragen Sie den Inhalt Ihres Ger\u00e4ts und entscheiden Sie, ob Sie Ihren gesamten Bildschirm oder nur ein Fenster freigeben m\u00f6chten. Verwalten Sie Ihre Anzeige mithilfe der auf dem interaktiven Display verf\u00fcgbaren Werkzeugpalette. <\/p>\n<p>[\/et_pb_text][\/et_pb_column][\/et_pb_row][\/et_pb_section][et_pb_section fb_built=&#8220;1&#8243; _builder_version=&#8220;4.21.0&#8243; _module_preset=&#8220;default&#8220; custom_margin=&#8220;0px|||||&#8220; custom_padding=&#8220;0px|||||&#8220; locked=&#8220;off&#8220; global_colors_info=&#8220;{}&#8220;][et_pb_row _builder_version=&#8220;4.21.0&#8243; _module_preset=&#8220;default&#8220; locked=&#8220;off&#8220; global_colors_info=&#8220;{}&#8220;][et_pb_column type=&#8220;4_4&#8243; _builder_version=&#8220;4.21.0&#8243; _module_preset=&#8220;default&#8220; global_colors_info=&#8220;{}&#8220;][et_pb_text _builder_version=&#8220;4.21.0&#8243; _module_preset=&#8220;default&#8220; text_font=&#8220;Montserrat|300|||||||&#8220; text_text_color=&#8220;#18b6c3&#8243; text_font_size=&#8220;21px&#8220; text_letter_spacing=&#8220;6px&#8220; text_orientation=&#8220;center&#8220; custom_margin=&#8220;0px||0px||false|false&#8220; custom_padding=&#8220;0px||10px||false|false&#8220; locked=&#8220;off&#8220; global_colors_info=&#8220;{}&#8220;]<\/p>\n<p>Mehr Infos<\/p>\n<p>[\/et_pb_text][et_pb_text _builder_version=&#8220;4.21.0&#8243; _module_preset=&#8220;default&#8220; text_text_color=&#8220;#28bfc7&#8243; global_colors_info=&#8220;{}&#8220;]<\/p>\n<h2 style=\"text-align: center;\">Haben Sie noch Fragen?<\/h2>\n<p>[\/et_pb_text][et_pb_button button_url=&#8220;https:\/\/speechi.com\/de\/kontakt\/&#8220; button_text=&#8220;KONTAKTIERE UNS&#8220; button_alignment=&#8220;center&#8220; _builder_version=&#8220;4.21.0&#8243; _module_preset=&#8220;default&#8220; custom_button=&#8220;on&#8220; button_text_size=&#8220;18px&#8220; button_bg_color=&#8220;#1c2c44&#8243; button_border_width=&#8220;0px&#8220; button_border_radius=&#8220;10px&#8220; global_colors_info=&#8220;{}&#8220;][\/et_pb_button][\/et_pb_column][\/et_pb_row][\/et_pb_section]<\/p>\n","protected":false},"excerpt":{"rendered":"<p>BYOD \/ BYOMBytello Share App Die Anwendung, die Ihrem interaktiven Display die Kontrolle gibt<div class=\"et_pb_module dsm_button dsm_button_0 et_pb_bg_layout_light\">\n\t\t\t\t\n\t\t\t\t\n\t\t\t\t\n\t\t\t\t\n\t\t\t\t\n\t\t\t\t\n\t\t\t\t<div class=\"et_pb_module_inner\">\n\t\t\t\t\t<div class=\"et_pb_button_module_wrappers dsm_button_0_wrapper  et_pb_module\">\n\t\t\t\t\n\t\t\t<\/div>\n\t\t\t\t<\/div>\n\t\t\t<\/div>Das ultimative Tool zur BildschirmfreigabeBytello ShareByTello Share ist eine auf unseren interaktiven SuperGlass-Displays verf\u00fcgbare Android-App. Unter Windows oder Mac, Android oderiOS: Installieren Sie die App auf Ihrem Ger\u00e4t und geben Sie den Bildschirminhalt f\u00fcr Ihr Display frei. Dabei [&hellip;]<\/p>\n","protected":false},"author":14,"featured_media":0,"parent":0,"menu_order":0,"comment_status":"closed","ping_status":"closed","template":"","meta":{"_acf_changed":false,"_seopress_robots_primary_cat":"","_seopress_titles_title":"Teilen Sie Ihren Bildschirminhalt mit Bytello Share","_seopress_titles_desc":"Mit Bytello Share behalten Sie die Kontrolle \u00fcber die Bildschirmfreigabe von Ihrem PC auf den interaktiven Bildschirm, um besser zusammenzuarbeiten.","_seopress_robots_index":"","_et_pb_use_builder":"on","_et_pb_old_content":"","_et_gb_content_width":"","footnotes":""},"difl_page_category":[],"class_list":["post-44169493","page","type-page","status-publish","hentry"],"acf":[],"_links":{"self":[{"href":"https:\/\/speechi.com\/de\/wp-json\/wp\/v2\/pages\/44169493","targetHints":{"allow":["GET"]}}],"collection":[{"href":"https:\/\/speechi.com\/de\/wp-json\/wp\/v2\/pages"}],"about":[{"href":"https:\/\/speechi.com\/de\/wp-json\/wp\/v2\/types\/page"}],"author":[{"embeddable":true,"href":"https:\/\/speechi.com\/de\/wp-json\/wp\/v2\/users\/14"}],"replies":[{"embeddable":true,"href":"https:\/\/speechi.com\/de\/wp-json\/wp\/v2\/comments?post=44169493"}],"version-history":[{"count":2,"href":"https:\/\/speechi.com\/de\/wp-json\/wp\/v2\/pages\/44169493\/revisions"}],"predecessor-version":[{"id":44169495,"href":"https:\/\/speechi.com\/de\/wp-json\/wp\/v2\/pages\/44169493\/revisions\/44169495"}],"wp:attachment":[{"href":"https:\/\/speechi.com\/de\/wp-json\/wp\/v2\/media?parent=44169493"}],"wp:term":[{"taxonomy":"difl_page_category","embeddable":true,"href":"https:\/\/speechi.com\/de\/wp-json\/wp\/v2\/difl_page_category?post=44169493"}],"curies":[{"name":"wp","href":"https:\/\/api.w.org\/{rel}","templated":true}]}}