{"id":44169637,"date":"2024-08-01T16:35:08","date_gmt":"2024-08-01T14:35:08","guid":{"rendered":"https:\/\/speechi.com\/fallstudie-universitaet-lille\/"},"modified":"2024-10-10T13:53:28","modified_gmt":"2024-10-10T11:53:28","slug":"fallstudie-universitat-lille","status":"publish","type":"page","link":"https:\/\/speechi.com\/de\/fallstudie-universitat-lille\/","title":{"rendered":"Fallstudie: Universit\u00e4t Lille"},"content":{"rendered":"<p>[et_pb_section fb_built=&#8220;1&#8243; fullwidth=&#8220;on&#8220; _builder_version=&#8220;4.21.0&#8243; _module_preset=&#8220;default&#8220; background_video_mp4=&#8220;https:\/\/speechi.com\/wp-content\/uploads\/2024\/08\/speechi-bandeau-universite-Lille-1200&#215;382-1.mp4&#8243; height=&#8220;500px&#8220; global_colors_info=&#8220;{}&#8220;][\/et_pb_section][et_pb_section fb_built=&#8220;1&#8243; admin_label=&#8220;section&#8220; _builder_version=&#8220;4.16&#8243; global_colors_info=&#8220;{}&#8220;][et_pb_row _builder_version=&#8220;4.21.0&#8243; _module_preset=&#8220;default&#8220; global_colors_info=&#8220;{}&#8220;][et_pb_column type=&#8220;4_4&#8243; _builder_version=&#8220;4.21.0&#8243; _module_preset=&#8220;default&#8220; global_colors_info=&#8220;{}&#8220;][et_pb_text _builder_version=&#8220;4.21.0&#8243; _module_preset=&#8220;default&#8220; global_colors_info=&#8220;{}&#8220;]<\/p>\n<h1 style=\"text-align: center;\">Fallstudie: Bachelor in Bank- und Versicherungswesen<\/h1>\n<p>[\/et_pb_text][\/et_pb_column][\/et_pb_row][et_pb_row column_structure=&#8220;1_3,1_3,1_3&#8243; _builder_version=&#8220;4.21.0&#8243; _module_preset=&#8220;default&#8220; width=&#8220;40%&#8220; global_colors_info=&#8220;{}&#8220;][et_pb_column type=&#8220;1_3&#8243; _builder_version=&#8220;4.21.0&#8243; _module_preset=&#8220;default&#8220; global_colors_info=&#8220;{}&#8220;][et_pb_image src=&#8220;https:\/\/speechi.com\/wp-content\/uploads\/2024\/02\/education-ecran-tactile-geant.svg&#8220; alt=&#8220;Interaktive digitale Tafeln im Bildungssektor&#8220; title_text=&#8220;Interaktive digitale Tafeln im Bildungssektor&#8220; _builder_version=&#8220;4.21.0&#8243; _module_preset=&#8220;default&#8220; global_colors_info=&#8220;{}&#8220;][\/et_pb_image][et_pb_text _builder_version=&#8220;4.21.0&#8243; _module_preset=&#8220;default&#8220; global_colors_info=&#8220;{}&#8220;]<\/p>\n<p style=\"text-align: center;\"><span>BILDUNG<\/span><\/p>\n<p>[\/et_pb_text][\/et_pb_column][et_pb_column type=&#8220;1_3&#8243; _builder_version=&#8220;4.21.0&#8243; _module_preset=&#8220;default&#8220; global_colors_info=&#8220;{}&#8220;][et_pb_image src=&#8220;https:\/\/speechi.com\/wp-content\/uploads\/2024\/07\/universite-lille-temoignage-speechi.png&#8220; alt=&#8220;Die digitalen Speechi-Tools an der Universit\u00e4t Lille&#8220; title_text=&#8220;Die digitalen Speechi-Tools an der Universit\u00e4t Lille&#8220; _builder_version=&#8220;4.21.0&#8243; _module_preset=&#8220;default&#8220; global_colors_info=&#8220;{}&#8220;][\/et_pb_image][et_pb_text _builder_version=&#8220;4.21.0&#8243; _module_preset=&#8220;default&#8220; global_colors_info=&#8220;{}&#8220;]<\/p>\n<p style=\"text-align: center;\"><span>UNIVERSIT\u00c4T LILLE<\/span><\/p>\n<p>[\/et_pb_text][\/et_pb_column][et_pb_column type=&#8220;1_3&#8243; _builder_version=&#8220;4.21.0&#8243; _module_preset=&#8220;default&#8220; global_colors_info=&#8220;{}&#8220;][et_pb_image src=&#8220;https:\/\/speechi.com\/wp-content\/uploads\/2024\/02\/03-ou-1.svg.svg&#8220; alt=&#8220;Ort&#8220; title_text=&#8220;Ort&#8220; _builder_version=&#8220;4.21.0&#8243; _module_preset=&#8220;default&#8220; global_colors_info=&#8220;{}&#8220;][\/et_pb_image][et_pb_text _builder_version=&#8220;4.21.0&#8243; _module_preset=&#8220;default&#8220; global_colors_info=&#8220;{}&#8220;]<\/p>\n<p style=\"text-align: center;\"><span>LILLE (NORD)<\/span><\/p>\n<p>[\/et_pb_text][\/et_pb_column][\/et_pb_row][et_pb_row _builder_version=&#8220;4.21.0&#8243; _module_preset=&#8220;default&#8220; global_colors_info=&#8220;{}&#8220;][et_pb_column type=&#8220;4_4&#8243; _builder_version=&#8220;4.21.0&#8243; _module_preset=&#8220;default&#8220; global_colors_info=&#8220;{}&#8220;][et_pb_text _builder_version=&#8220;4.21.0&#8243; _module_preset=&#8220;default&#8220; global_colors_info=&#8220;{}&#8220;]<\/p>\n<h2>Hintergrund<\/h2>\n<p><span>Nach dem Lockdown und einem Jahr Onlineunterricht wollte das Lehrteam des Studiengangs Bank- und Versicherungswesen der Universit\u00e4t Lille alles, was zu jener Zeit an Lehrmethoden \u00fcber das Internet und digitale Medien erprobt wurde, zur weiteren Verbesserung der Wissensvermittlung und des Wissenserwerbs nutzen. Die Ambition? <strong>Ein neuartiger Unterrichtsraum, in dem die digitale Technik im Dienste einer P\u00e4dagogik steht, die die Studierenden zu Akteuren ihrer Lernprozesse macht<\/strong>.  <\/span><\/p>\n<p>[\/et_pb_text][\/et_pb_column][\/et_pb_row][et_pb_row column_structure=&#8220;1_2,1_2&#8243; _builder_version=&#8220;4.21.0&#8243; _module_preset=&#8220;default&#8220; global_colors_info=&#8220;{}&#8220;][et_pb_column type=&#8220;1_2&#8243; _builder_version=&#8220;4.21.0&#8243; _module_preset=&#8220;default&#8220; global_colors_info=&#8220;{}&#8220;][et_pb_image src=&#8220;https:\/\/speechi.com\/wp-content\/uploads\/2024\/07\/speechi-ecran-interactif-temoignage-salle-innovation-pedagogique-universite-lille-methodes-pedagogiques.jpg&#8220; alt=&#8220;Interaktive digitale Tafeln von Speechi an der Universit\u00e4t Lille&#8220; title_text=&#8220;Interaktive digitale Tafeln von Speechi an der Universit\u00e4t Lille&#8220; _builder_version=&#8220;4.21.0&#8243; _module_preset=&#8220;default&#8220; global_colors_info=&#8220;{}&#8220;][\/et_pb_image][et_pb_text _builder_version=&#8220;4.21.0&#8243; _module_preset=&#8220;default&#8220; global_colors_info=&#8220;{}&#8220;]<\/p>\n<h2>Problemstellung<\/h2>\n<ul>\n<li><span>\u00dcbertragung von in Onlinekursen eingesetzten, innovativen Unterrichtsmethoden auf Pr\u00e4senzveranstaltungen, um die Aufmerksamkeit der Studierenden zu erh\u00f6hen.<\/span><\/li>\n<\/ul>\n<p>[\/et_pb_text][\/et_pb_column][et_pb_column type=&#8220;1_2&#8243; _builder_version=&#8220;4.21.0&#8243; _module_preset=&#8220;default&#8220; global_colors_info=&#8220;{}&#8220;][et_pb_image src=&#8220;https:\/\/speechi.com\/wp-content\/uploads\/2024\/07\/speechi-ecran-interactif-temoignage-salle-innovation-pedagogique-universite-lille-solutions-numerique.jpg&#8220; alt=&#8220;Raum f\u00fcr innovative Lehrmethoden &#8211; Universit\u00e4t Lille&#8220; title_text=&#8220;Raum f\u00fcr innovative Lehrmethoden &#8211; Universit\u00e4t Lille&#8220; _builder_version=&#8220;4.21.0&#8243; _module_preset=&#8220;default&#8220; global_colors_info=&#8220;{}&#8220;][\/et_pb_image][et_pb_text _builder_version=&#8220;4.21.0&#8243; _module_preset=&#8220;default&#8220; global_colors_info=&#8220;{}&#8220;]<\/p>\n<h2>Erbrachte L\u00f6sungen<\/h2>\n<ul>\n<li aria-level=\"1\"><span>6 interaktive Speechi SuperGlass-Displays<\/span><\/li>\n<li aria-level=\"1\"><span>Ein SpeechiDisplay f\u00fcr Digital Signage<\/span><\/li>\n<li aria-level=\"1\"><span>Videokonferenzkameras (SPE-MG-104)<\/span><\/li>\n<li aria-level=\"1\"><span>OPS-Windows-PC<\/span><\/li>\n<\/ul>\n<p>[\/et_pb_text][\/et_pb_column][\/et_pb_row][et_pb_row column_structure=&#8220;1_2,1_2&#8243; _builder_version=&#8220;4.21.0&#8243; _module_preset=&#8220;default&#8220; global_colors_info=&#8220;{}&#8220;][et_pb_column type=&#8220;1_2&#8243; _builder_version=&#8220;4.21.0&#8243; _module_preset=&#8220;default&#8220; global_colors_info=&#8220;{}&#8220;][et_pb_image src=&#8220;https:\/\/speechi.com\/wp-content\/uploads\/2024\/07\/speechi-ecran-interactif-temoignage-salle-innovation-pedagogique-universite-lille-usages-pedagogiques.jpg&#8220; alt=&#8220;Einsatz der interaktiven Tafel Speechi in der beruflichen Lizenz in Bank- und Versicherungswesen an der Universit\u00e4t Lille&#8220; title_text=&#8220;Einsatz der interaktiven Tafel Speechi in der beruflichen Lizenz in Bank- und Versicherungswesen an der Universit\u00e4t Lille&#8220; _builder_version=&#8220;4.21.0&#8243; _module_preset=&#8220;default&#8220; global_colors_info=&#8220;{}&#8220;][\/et_pb_image][et_pb_text _builder_version=&#8220;4.21.0&#8243; _module_preset=&#8220;default&#8220; global_colors_info=&#8220;{}&#8220;]<\/p>\n<h2>Verwendung des Displays<\/h2>\n<ul>\n<li aria-level=\"1\"><span>Notizen mit der Whiteboard-App Note<\/span><\/li>\n<li aria-level=\"1\"><span>Anzeigen von Office-Dokumenten (Karteikarten in PowerPoint)<\/span><\/li>\n<li aria-level=\"1\"><span>Besch\u00e4ftigung mit YouTube-Videos in Verbindung mit dem Kursthema<\/span><\/li>\n<li aria-level=\"1\"><span>Durchf\u00fchrung von Quiz mit den Anwendungen Kahoot und Wooclap<\/span><\/li>\n<li aria-level=\"1\"><span>Einrichtung von Workshops mit einem interaktiven Display pro Sch\u00fclergruppe<\/span><\/li>\n<li aria-level=\"1\"><span>Videoaufzeichnung von Rollenspielen mit simulierten Szenen aus dem Berufsleben<\/span><\/li>\n<\/ul>\n<p>[\/et_pb_text][\/et_pb_column][et_pb_column type=&#8220;1_2&#8243; _builder_version=&#8220;4.21.0&#8243; _module_preset=&#8220;default&#8220; global_colors_info=&#8220;{}&#8220;][et_pb_image src=&#8220;https:\/\/speechi.com\/wp-content\/uploads\/2024\/07\/speechi-ecran-numerique-interactif-temoignage-salle-innovation-pedagogique-universite-lille-benefices.jpg&#8220; alt=&#8220;Sch\u00fclerinnen und Sch\u00fcler, die dank der interaktiven Tafeln von Speechi ihr Lernen selbst gestalten k\u00f6nnen&#8220; title_text=&#8220;Sch\u00fclerinnen und Sch\u00fcler, die dank der interaktiven Tafeln von Speechi ihr Lernen selbst gestalten k\u00f6nnen&#8220; _builder_version=&#8220;4.21.0&#8243; _module_preset=&#8220;default&#8220; global_colors_info=&#8220;{}&#8220;][\/et_pb_image][et_pb_text _builder_version=&#8220;4.21.0&#8243; _module_preset=&#8220;default&#8220; global_colors_info=&#8220;{}&#8220;]<\/p>\n<h2>Vorteile<\/h2>\n<ul>\n<li aria-level=\"1\"><span>Ein intuitives Tool, das sich die Studierenden schnell zu eigen machen<\/span><\/li>\n<li aria-level=\"1\"><span>Gr\u00f6\u00dfere Autonomie f\u00fcr Studierende<\/span><\/li>\n<li aria-level=\"1\"><span>Mehr Engagement und Beteiligung der Studierenden<\/span><\/li>\n<li aria-level=\"1\"><span>Unbegrenzte Nutzung aller Arten von interaktiven und p\u00e4dagogischen Anwendungen<\/span><\/li>\n<li aria-level=\"1\"><span>Das Speechi-Schulungsangebot, um bei der Nutzung der Speechi-Displays weiter in die Tiefe zu gehen<\/span><\/li>\n<\/ul>\n<p>[\/et_pb_text][\/et_pb_column][\/et_pb_row][et_pb_row column_structure=&#8220;1_2,1_2&#8243; _builder_version=&#8220;4.21.0&#8243; _module_preset=&#8220;default&#8220; global_colors_info=&#8220;{}&#8220;][et_pb_column type=&#8220;1_2&#8243; _builder_version=&#8220;4.21.0&#8243; _module_preset=&#8220;default&#8220; global_colors_info=&#8220;{}&#8220;][et_pb_video src=&#8220;https:\/\/www.youtube.com\/watch?v=fHx__q_vqyY&#8220; _builder_version=&#8220;4.21.0&#8243; _module_preset=&#8220;default&#8220; global_colors_info=&#8220;{}&#8220;][\/et_pb_video][\/et_pb_column][et_pb_column type=&#8220;1_2&#8243; _builder_version=&#8220;4.21.0&#8243; _module_preset=&#8220;default&#8220; global_colors_info=&#8220;{}&#8220;][et_pb_text _builder_version=&#8220;4.21.0&#8243; _module_preset=&#8220;default&#8220; header_2_line_height=&#8220;1.1em&#8220; hover_enabled=&#8220;0&#8243; global_colors_info=&#8220;{}&#8220; sticky_enabled=&#8220;0&#8243;]<\/p>\n<h2>Lesen Sie den Erfahrungsbericht von Philippe Thoillier, Ausbilder<\/h2>\n<blockquote>\n<p>\u201e<span>Die Touchdisplays bringen alles zusammen, um die Vermittlung von Wissen und den Kompetenzerwerb zu optimieren.<\/span>&#8222;<\/p>\n<\/blockquote>\n<blockquote>\n<p>\u201eDie Studierenden haben diese smarten Bildschirme wirklich als eine L\u00f6sung f\u00fcr den Wissenserwerb verstanden. Das ist sehr positiv.\u201c<\/p>\n<\/blockquote>\n<p>[\/et_pb_text][\/et_pb_column][\/et_pb_row][\/et_pb_section]<\/p>\n","protected":false},"excerpt":{"rendered":"<p>Fallstudie: Bachelor in Bank- und VersicherungswesenBILDUNGUNIVERSIT\u00c4T LILLELILLE (NORD)Hintergrund Nach dem Lockdown und einem Jahr Onlineunterricht wollte das Lehrteam des Studiengangs Bank- und Versicherungswesen der Universit\u00e4t Lille alles, was zu jener Zeit an Lehrmethoden \u00fcber das Internet und digitale Medien erprobt wurde, zur weiteren Verbesserung der Wissensvermittlung und des Wissenserwerbs nutzen. Die Ambition? Ein neuartiger Unterrichtsraum, [&hellip;]<\/p>\n","protected":false},"author":5,"featured_media":0,"parent":0,"menu_order":0,"comment_status":"closed","ping_status":"closed","template":"","meta":{"_acf_changed":false,"_seopress_robots_primary_cat":"","_seopress_titles_title":"Fallstudie: Interaktive Speechi-Bildschirme an der Universit\u00e4t Lille","_seopress_titles_desc":"Lesen Sie den Erfahrungsbericht von Philippe Thoillier, Ausbilder an der Universit\u00e4t Lille, \u00fcber den Raum f\u00fcr Innovation mit Speechi-Bildschirmen.","_seopress_robots_index":"","_et_pb_use_builder":"on","_et_pb_old_content":"","_et_gb_content_width":"","footnotes":""},"difl_page_category":[],"class_list":["post-44169637","page","type-page","status-publish","hentry"],"acf":[],"_links":{"self":[{"href":"https:\/\/speechi.com\/de\/wp-json\/wp\/v2\/pages\/44169637","targetHints":{"allow":["GET"]}}],"collection":[{"href":"https:\/\/speechi.com\/de\/wp-json\/wp\/v2\/pages"}],"about":[{"href":"https:\/\/speechi.com\/de\/wp-json\/wp\/v2\/types\/page"}],"author":[{"embeddable":true,"href":"https:\/\/speechi.com\/de\/wp-json\/wp\/v2\/users\/5"}],"replies":[{"embeddable":true,"href":"https:\/\/speechi.com\/de\/wp-json\/wp\/v2\/comments?post=44169637"}],"version-history":[{"count":11,"href":"https:\/\/speechi.com\/de\/wp-json\/wp\/v2\/pages\/44169637\/revisions"}],"predecessor-version":[{"id":44174921,"href":"https:\/\/speechi.com\/de\/wp-json\/wp\/v2\/pages\/44169637\/revisions\/44174921"}],"wp:attachment":[{"href":"https:\/\/speechi.com\/de\/wp-json\/wp\/v2\/media?parent=44169637"}],"wp:term":[{"taxonomy":"difl_page_category","embeddable":true,"href":"https:\/\/speechi.com\/de\/wp-json\/wp\/v2\/difl_page_category?post=44169637"}],"curies":[{"name":"wp","href":"https:\/\/api.w.org\/{rel}","templated":true}]}}