{"id":44173524,"date":"2024-09-16T16:04:49","date_gmt":"2024-09-16T14:04:49","guid":{"rendered":"https:\/\/speechi.com\/fallstudie-grundschulen-in-marseille\/"},"modified":"2024-10-16T09:39:49","modified_gmt":"2024-10-16T07:39:49","slug":"fallstudie-grundschulen-in-marseille","status":"publish","type":"page","link":"https:\/\/speechi.com\/de\/fallstudie-grundschulen-in-marseille\/","title":{"rendered":"Fallstudie: Grundschulen in Marseille"},"content":{"rendered":"<p>[et_pb_section fb_built=&#8220;1&#8243; fullwidth=&#8220;on&#8220; _builder_version=&#8220;4.21.0&#8243; _module_preset=&#8220;default&#8220; background_video_mp4=&#8220;https:\/\/speechi.com\/wp-content\/uploads\/2024\/09\/speechi-marseille-1200&#215;382-1.mp4&#8243; height=&#8220;500px&#8220; global_colors_info=&#8220;{}&#8220;][\/et_pb_section][et_pb_section fb_built=&#8220;1&#8243; admin_label=&#8220;section&#8220; _builder_version=&#8220;4.16&#8243; global_colors_info=&#8220;{}&#8220;][et_pb_row _builder_version=&#8220;4.21.0&#8243; _module_preset=&#8220;default&#8220; global_colors_info=&#8220;{}&#8220;][et_pb_column type=&#8220;4_4&#8243; _builder_version=&#8220;4.21.0&#8243; _module_preset=&#8220;default&#8220; global_colors_info=&#8220;{}&#8220;][et_pb_text _builder_version=&#8220;4.21.0&#8243; _module_preset=&#8220;default&#8220; global_colors_info=&#8220;{}&#8220;]<\/p>\n<h1 style=\"text-align: center;\">Fallstudie: <b>Grundschulen in Marseille<\/b><\/h1>\n<p>[\/et_pb_text][\/et_pb_column][\/et_pb_row][et_pb_row column_structure=&#8220;1_3,1_3,1_3&#8243; _builder_version=&#8220;4.21.0&#8243; _module_preset=&#8220;default&#8220; width=&#8220;40%&#8220; global_colors_info=&#8220;{}&#8220;][et_pb_column type=&#8220;1_3&#8243; _builder_version=&#8220;4.21.0&#8243; _module_preset=&#8220;default&#8220; global_colors_info=&#8220;{}&#8220;][et_pb_image src=&#8220;https:\/\/speechi.com\/wp-content\/uploads\/2024\/02\/education-ecran-tactile-geant.svg&#8220; alt=&#8220;Interaktive Displays im Bildungsbereich&#8220; title_text=&#8220;Interaktive Displays im Bildungsbereich&#8220; _builder_version=&#8220;4.21.0&#8243; _module_preset=&#8220;default&#8220; global_colors_info=&#8220;{}&#8220;][\/et_pb_image][et_pb_text _builder_version=&#8220;4.21.0&#8243; _module_preset=&#8220;default&#8220; global_colors_info=&#8220;{}&#8220;]<\/p>\n<p style=\"text-align: center;\"><span>BILDUNG<\/span><\/p>\n<p>[\/et_pb_text][\/et_pb_column][et_pb_column type=&#8220;1_3&#8243; _builder_version=&#8220;4.21.0&#8243; _module_preset=&#8220;default&#8220; global_colors_info=&#8220;{}&#8220;][et_pb_image src=&#8220;https:\/\/speechi.com\/wp-content\/uploads\/2024\/09\/embleme-ville-de-marseille-2.png&#8220; alt=&#8220;Digitale Tools in den Grundschulen von Marseille&#8220; title_text=&#8220;marseille&#8220; _builder_version=&#8220;4.21.0&#8243; _module_preset=&#8220;default&#8220; global_colors_info=&#8220;{}&#8220;][\/et_pb_image][et_pb_text _builder_version=&#8220;4.21.0&#8243; _module_preset=&#8220;default&#8220; global_colors_info=&#8220;{}&#8220;]<\/p>\n<p style=\"text-align: center;\"><span>GRUNDSCHULEN<br \/>IN MARSEILLE<\/span><\/p>\n<p>[\/et_pb_text][\/et_pb_column][et_pb_column type=&#8220;1_3&#8243; _builder_version=&#8220;4.21.0&#8243; _module_preset=&#8220;default&#8220; global_colors_info=&#8220;{}&#8220;][et_pb_image src=&#8220;https:\/\/speechi.com\/wp-content\/uploads\/2024\/02\/03-ou-1.svg.svg&#8220; alt=&#8220;Ort&#8220; title_text=&#8220;Ort&#8220; _builder_version=&#8220;4.21.0&#8243; _module_preset=&#8220;default&#8220; global_colors_info=&#8220;{}&#8220;][\/et_pb_image][et_pb_text _builder_version=&#8220;4.21.0&#8243; _module_preset=&#8220;default&#8220; global_colors_info=&#8220;{}&#8220;]<\/p>\n<p style=\"text-align: center;\"><span>MARSEILLE<br \/>(BOUCHES-DU-RH\u00d4NE)<\/span><\/p>\n<p>[\/et_pb_text][\/et_pb_column][\/et_pb_row][et_pb_row _builder_version=&#8220;4.21.0&#8243; _module_preset=&#8220;default&#8220; global_colors_info=&#8220;{}&#8220;][et_pb_column type=&#8220;4_4&#8243; _builder_version=&#8220;4.21.0&#8243; _module_preset=&#8220;default&#8220; global_colors_info=&#8220;{}&#8220;][et_pb_text _builder_version=&#8220;4.21.0&#8243; _module_preset=&#8220;default&#8220; hover_enabled=&#8220;0&#8243; global_colors_info=&#8220;{}&#8220; sticky_enabled=&#8220;0&#8243;]<\/p>\n<h2>Hintergrund<\/h2>\n<p><span style=\"font-weight: 400;\">Im Rahmen ihrer jeweiligen Projekte f\u00fcr die digitale Schule<\/span> <span style=\"font-weight: 400;\"><i>sind die Stadt Marseille<\/i><\/span> <span style=\"font-weight: 400;\">und der Schulaufsichtsbezirk<\/span> <span style=\"font-weight: 400;\"><i>Bouches-du-Rh\u00f4ne<\/i><\/span><span style=\"font-weight: 400;\">eine Partnerschaft eingegangen, um die Digitalisierung an Grundschulen in Marseille gemeinsam voranzutreiben. <strong>Ihr Ziel? Alle 1.370 Grundschulklassen und 126 Kinderg\u00e4rten in Marseille mit interaktiven digitalen Displays ausstatten. <\/strong><span>Zur Verwirklichung dieses Projekts wandten sich die beiden Projektpartner an Speechi.<\/span> <a href=\"https:\/\/speechi.com\/de\/die-digitalisierung-der-schulen-in-marseille\/\">Erfahren Sie mehr \u00fcber die Digitalisierung der Schulen in Marseille durch Speechi.<\/a><\/span><\/p>\n<p>[\/et_pb_text][\/et_pb_column][\/et_pb_row][et_pb_row column_structure=&#8220;1_2,1_2&#8243; _builder_version=&#8220;4.21.0&#8243; _module_preset=&#8220;default&#8220; global_colors_info=&#8220;{}&#8220;][et_pb_column type=&#8220;1_2&#8243; _builder_version=&#8220;4.21.0&#8243; _module_preset=&#8220;default&#8220; global_colors_info=&#8220;{}&#8220;][et_pb_image src=&#8220;https:\/\/speechi.com\/wp-content\/uploads\/2024\/08\/speechi-ecran-interactif-eni-ecole-marseille-8.jpg&#8220; alt=&#8220;Interaktive Speechi-Bildschirme in den Schulen von Marseille&#8220; title_text=&#8220;Interaktive Speechi-Bildschirme in den Schulen von Marseille&#8220; _builder_version=&#8220;4.21.0&#8243; _module_preset=&#8220;default&#8220; global_colors_info=&#8220;{}&#8220;][\/et_pb_image][et_pb_text _builder_version=&#8220;4.21.0&#8243; _module_preset=&#8220;default&#8220; global_colors_info=&#8220;{}&#8220;]<\/p>\n<h2>Problemstellung<\/h2>\n<ul>\n<li><span style=\"font-weight: 400;\">Umsetzung eines gro\u00df angelegten Projekts, das die Anschaffung von rund 1.500 interaktiven Displays und die Schulung der Lehrkr\u00e4fte umfasst sowie die enge Zusammenarbeit beider Parteien erfordert. <\/span><\/li>\n<\/ul>\n<p>[\/et_pb_text][\/et_pb_column][et_pb_column type=&#8220;1_2&#8243; _builder_version=&#8220;4.21.0&#8243; _module_preset=&#8220;default&#8220; global_colors_info=&#8220;{}&#8220;][et_pb_image src=&#8220;https:\/\/speechi.com\/wp-content\/uploads\/2024\/08\/speechi-ecran-interactif-eni-ecole-marseille-21.jpg&#8220; alt=&#8220;Ein interaktiver speechi-Bildschirm im Klassenzimmer einer Schule in Marseille&#8220; title_text=&#8220;Ein interaktiver speechi-Bildschirm im Klassenzimmer einer Schule in Marseille&#8220; _builder_version=&#8220;4.21.0&#8243; _module_preset=&#8220;default&#8220; global_colors_info=&#8220;{}&#8220;][\/et_pb_image][et_pb_text _builder_version=&#8220;4.21.0&#8243; _module_preset=&#8220;default&#8220; global_colors_info=&#8220;{}&#8220;]<\/p>\n<h2>Erbrachte L\u00f6sungen<\/h2>\n<ul>\n<li aria-level=\"1\"><span style=\"font-weight: 400;\">Interaktive digitale SuperGlass 75&#8243;-Displays<\/span><\/li>\n<li aria-level=\"1\"><span style=\"font-weight: 400;\">H\u00f6henverstellbare mobile St\u00e4nder oder feste St\u00e4nder<\/span><\/li>\n<li aria-level=\"1\"><span style=\"font-weight: 400;\">Planung des Einf\u00fchrung in mehreren Phasen, um die Schulen in Marseille schrittweise auszustatten<\/span><\/li>\n<li style=\"font-weight: 400;\" aria-level=\"1\"><span style=\"font-weight: 400;\">Anpassen des Startbildschirms der Displays (Design und Verkn\u00fcpfungen)<\/span><\/li>\n<li style=\"font-weight: 400;\" aria-level=\"1\"><span style=\"font-weight: 400;\">Ausbildung von Lehrkr\u00e4ften, die wiederum vor Ort Ihr Wissen an dortige Lehrkr\u00e4fte weitergeben<\/span><\/li>\n<li style=\"font-weight: 400;\" aria-level=\"1\"><span style=\"font-weight: 400;\">Die Software Radix MDM f\u00fcr die Fernsteuerung und Verwaltung der Displays durch die zust\u00e4ndige Abteilung der Stadt Marseille<\/span><\/li>\n<\/ul>\n<p>[\/et_pb_text][\/et_pb_column][\/et_pb_row][et_pb_row column_structure=&#8220;1_2,1_2&#8243; _builder_version=&#8220;4.21.0&#8243; _module_preset=&#8220;default&#8220; global_colors_info=&#8220;{}&#8220;][et_pb_column type=&#8220;1_2&#8243; _builder_version=&#8220;4.21.0&#8243; _module_preset=&#8220;default&#8220; global_colors_info=&#8220;{}&#8220;][et_pb_image src=&#8220;https:\/\/speechi.com\/wp-content\/uploads\/2024\/08\/speechi-ecran-interactif-eni-ecole-marseille-11.jpg&#8220; alt=&#8220;Einsatz des interaktiven Bildschirms speechi in einem Kindergarten in Marseille&#8220; title_text=&#8220;Einsatz des interaktiven Bildschirms speechi in einem Kindergarten in Marseille&#8220; _builder_version=&#8220;4.21.0&#8243; _module_preset=&#8220;default&#8220; global_colors_info=&#8220;{}&#8220;][\/et_pb_image][et_pb_text _builder_version=&#8220;4.21.0&#8243; _module_preset=&#8220;default&#8220; global_colors_info=&#8220;{}&#8220;]<\/p>\n<h2>Verwendung des Displays<\/h2>\n<ul>\n<li style=\"font-weight: 400;\" aria-level=\"1\"><span style=\"font-weight: 400;\">Verwendung der Whiteboard-App Note: Anzeigen von Lineaturen, Erstellen von Tabellen, Speichern von schriftlichen Aufzeichnungen &#8230; <\/span><\/li>\n<li style=\"font-weight: 400;\" aria-level=\"1\"><span style=\"font-weight: 400;\">Anzeige von auf dem Lehrer-PC installierter Lernsoftware auf dem Display \u00fcber die Bildschirmfreigabe durch Bytello Share<\/span><\/li>\n<li style=\"font-weight: 400;\" aria-level=\"1\"><span style=\"font-weight: 400;\">Durchf\u00fchrung von Aktivit\u00e4ten in Bildungsanwendungen<\/span><\/li>\n<li style=\"font-weight: 400;\" aria-level=\"1\"><span style=\"font-weight: 400;\">Wiedergabe von Lehrvideos und Anzeige von Bildern in 4K<\/span><\/li>\n<\/ul>\n<p>[\/et_pb_text][\/et_pb_column][et_pb_column type=&#8220;1_2&#8243; _builder_version=&#8220;4.21.0&#8243; _module_preset=&#8220;default&#8220; global_colors_info=&#8220;{}&#8220;][et_pb_image src=&#8220;https:\/\/speechi.com\/wp-content\/uploads\/2024\/08\/speechi-ecran-interactif-eni-ecole-marseille-26.jpg&#8220; alt=&#8220;Sch\u00fclerinnen und Sch\u00fcler nutzen im Unterricht Lernanwendungen auf dem interaktiven Speechi-Bildschirm.&#8220; title_text=&#8220;Sch\u00fclerinnen und Sch\u00fcler nutzen im Unterricht Lernanwendungen auf dem interaktiven Speechi-Bildschirm.&#8220; _builder_version=&#8220;4.21.0&#8243; _module_preset=&#8220;default&#8220; global_colors_info=&#8220;{}&#8220;][\/et_pb_image][et_pb_text _builder_version=&#8220;4.21.0&#8243; _module_preset=&#8220;default&#8220; global_colors_info=&#8220;{}&#8220;]<\/p>\n<h2>Vorteile<\/h2>\n<ul>\n<li style=\"font-weight: 400;\" aria-level=\"1\"><span style=\"font-weight: 400;\">Neugierigere und aufmerksamere Sch\u00fclerinnen und Sch\u00fcler<\/span><\/li>\n<li style=\"font-weight: 400;\" aria-level=\"1\"><span style=\"font-weight: 400;\">Ein intuitives Tool, das sich die Sch\u00fcler schnell zu eigen machen<\/span><\/li>\n<li style=\"font-weight: 400;\" aria-level=\"1\"><span style=\"font-weight: 400;\">Weniger Fotokopien und Papierverbrauch<\/span><\/li>\n<li style=\"font-weight: 400;\" aria-level=\"1\"><span style=\"font-weight: 400;\">Weniger Vorbereitungszeit f\u00fcr die Lehrkraft<\/span><\/li>\n<li style=\"font-weight: 400;\" aria-level=\"1\"><span style=\"font-weight: 400;\">Ein Verlauf aller Informationen, die im Unterricht notiert wurden<\/span><\/li>\n<li style=\"font-weight: 400;\" aria-level=\"1\"><span style=\"font-weight: 400;\">Ein idealer Einstiegspunkt in Aktivit\u00e4ten f\u00fcr Klassen sowie f\u00fcr Sch\u00fclerinnen und Sch\u00fcler mit gro\u00dfen schulischen Schwierigkeiten<\/span><\/li>\n<\/ul>\n<p>[\/et_pb_text][\/et_pb_column][\/et_pb_row][et_pb_row column_structure=&#8220;1_2,1_2&#8243; _builder_version=&#8220;4.21.0&#8243; _module_preset=&#8220;default&#8220; global_colors_info=&#8220;{}&#8220;][et_pb_column type=&#8220;1_2&#8243; _builder_version=&#8220;4.21.0&#8243; _module_preset=&#8220;default&#8220; global_colors_info=&#8220;{}&#8220;][et_pb_video src=&#8220;https:\/\/www.youtube.com\/watch?v=tFzsIIDYx88&#038;t=3s&#8220; _builder_version=&#8220;4.21.0&#8243; _module_preset=&#8220;default&#8220; global_colors_info=&#8220;{}&#8220;][\/et_pb_video][\/et_pb_column][et_pb_column type=&#8220;1_2&#8243; _builder_version=&#8220;4.21.0&#8243; _module_preset=&#8220;default&#8220; global_colors_info=&#8220;{}&#8220;][et_pb_text _builder_version=&#8220;4.21.0&#8243; _module_preset=&#8220;default&#8220; header_2_line_height=&#8220;1.1em&#8220; global_colors_info=&#8220;{}&#8220;]<\/p>\n<h2>Lesen Sie unsere Reportage \u00fcber die Schule Olympe de Gouges<\/h2>\n<blockquote><p><span style=\"font-weight: 400;\">\u201eDas interaktive Display ist eine gro\u00dfe Erleichterung in meinem Berufsalltag.\u201c<\/span><\/p><\/blockquote>\n<blockquote><p><span style=\"font-weight: 400;\">\u201eDie Sch\u00fclerinnen und Sch\u00fcler verstehen manche Unterrichtseinheiten besser.\u201c<\/span><\/p><\/blockquote>\n<blockquote><p><span style=\"font-weight: 400;\">\u201eDas interaktive Display gibt uns die M\u00f6glichkeit, den Vorteil, schneller und verst\u00e4rkt an den F\u00e4higkeiten zu arbeiten, die wir den Kindern vermitteln wollen.\u201c<\/span><\/p><\/blockquote>\n<p>[\/et_pb_text][\/et_pb_column][\/et_pb_row][\/et_pb_section]<\/p>\n","protected":false},"excerpt":{"rendered":"<p>Fallstudie: Grundschulen in MarseilleBILDUNGGRUNDSCHULENIN MARSEILLEMARSEILLE(BOUCHES-DU-RH\u00d4NE)Hintergrund Im Rahmen ihrer jeweiligen Projekte f\u00fcr die digitale Schule sind die Stadt Marseille und der Schulaufsichtsbezirk Bouches-du-Rh\u00f4neeine Partnerschaft eingegangen, um die Digitalisierung an Grundschulen in Marseille gemeinsam voranzutreiben. Ihr Ziel? Alle 1.370 Grundschulklassen und 126 Kinderg\u00e4rten in Marseille mit interaktiven digitalen Displays ausstatten. Zur Verwirklichung dieses Projekts wandten sich die [&hellip;]<\/p>\n","protected":false},"author":5,"featured_media":0,"parent":0,"menu_order":0,"comment_status":"closed","ping_status":"closed","template":"","meta":{"_acf_changed":false,"_seopress_robots_primary_cat":"","_seopress_titles_title":"Fallstudie: Grundschulen in Marseille | speechi","_seopress_titles_desc":"Entdecken Sie die L\u00f6sungen, die von der Acad\u00e9mie und der Stadt Marseille ausgew\u00e4hlt wurden, um 1370 Grundschulklassen mit interaktiven Tafeln auszustatten.","_seopress_robots_index":"","_et_pb_use_builder":"on","_et_pb_old_content":"","_et_gb_content_width":"","footnotes":""},"difl_page_category":[],"class_list":["post-44173524","page","type-page","status-publish","hentry"],"acf":[],"_links":{"self":[{"href":"https:\/\/speechi.com\/de\/wp-json\/wp\/v2\/pages\/44173524","targetHints":{"allow":["GET"]}}],"collection":[{"href":"https:\/\/speechi.com\/de\/wp-json\/wp\/v2\/pages"}],"about":[{"href":"https:\/\/speechi.com\/de\/wp-json\/wp\/v2\/types\/page"}],"author":[{"embeddable":true,"href":"https:\/\/speechi.com\/de\/wp-json\/wp\/v2\/users\/5"}],"replies":[{"embeddable":true,"href":"https:\/\/speechi.com\/de\/wp-json\/wp\/v2\/comments?post=44173524"}],"version-history":[{"count":12,"href":"https:\/\/speechi.com\/de\/wp-json\/wp\/v2\/pages\/44173524\/revisions"}],"predecessor-version":[{"id":44175513,"href":"https:\/\/speechi.com\/de\/wp-json\/wp\/v2\/pages\/44173524\/revisions\/44175513"}],"wp:attachment":[{"href":"https:\/\/speechi.com\/de\/wp-json\/wp\/v2\/media?parent=44173524"}],"wp:term":[{"taxonomy":"difl_page_category","embeddable":true,"href":"https:\/\/speechi.com\/de\/wp-json\/wp\/v2\/difl_page_category?post=44173524"}],"curies":[{"name":"wp","href":"https:\/\/api.w.org\/{rel}","templated":true}]}}