{"id":44209264,"date":"2025-10-13T14:00:34","date_gmt":"2025-10-13T12:00:34","guid":{"rendered":"https:\/\/speechi.com\/fallstudie-ausbildungszentrums-fuer-bauberufe-in-roubaix\/"},"modified":"2025-10-14T11:10:01","modified_gmt":"2025-10-14T09:10:01","slug":"fallstudie-ausbildungszentrums-fuer-bauberufe-in-roubaix","status":"publish","type":"page","link":"https:\/\/speechi.com\/de\/fallstudie-ausbildungszentrums-fuer-bauberufe-in-roubaix\/","title":{"rendered":"Fallstudie: Ausbildungszentrums f\u00fcr Bauberufe in Roubaix"},"content":{"rendered":"<p>[et_pb_section fb_built=&#8220;1&#8243; fullwidth=&#8220;on&#8220; _builder_version=&#8220;4.27.4&#8243; _module_preset=&#8220;default&#8220; background_video_mp4=&#8220;https:\/\/speechi.com\/wp-content\/uploads\/2025\/10\/bandeau-btp-cfa.webm&#8220; height=&#8220;500px&#8220; global_colors_info=&#8220;{}&#8220;][\/et_pb_section][et_pb_section fb_built=&#8220;1&#8243; admin_label=&#8220;section&#8220; _builder_version=&#8220;4.16&#8243; global_colors_info=&#8220;{}&#8220;][et_pb_row _builder_version=&#8220;4.21.0&#8243; _module_preset=&#8220;default&#8220; global_colors_info=&#8220;{}&#8220;][et_pb_column type=&#8220;4_4&#8243; _builder_version=&#8220;4.21.0&#8243; _module_preset=&#8220;default&#8220; global_colors_info=&#8220;{}&#8220;][et_pb_text _builder_version=&#8220;4.27.4&#8243; _module_preset=&#8220;default&#8220; global_colors_info=&#8220;{}&#8220;]<\/p>\n<h1 style=\"text-align: center;\">Fallstudie: Ausbildungszentrums f\u00fcr Bauberufe in Roubaix<\/h1>\n<p>[\/et_pb_text][\/et_pb_column][\/et_pb_row][et_pb_row column_structure=&#8220;1_3,1_3,1_3&#8243; _builder_version=&#8220;4.21.0&#8243; _module_preset=&#8220;default&#8220; width=&#8220;40%&#8220; global_colors_info=&#8220;{}&#8220;][et_pb_column type=&#8220;1_3&#8243; _builder_version=&#8220;4.21.0&#8243; _module_preset=&#8220;default&#8220; global_colors_info=&#8220;{}&#8220;][et_pb_image src=&#8220;https:\/\/speechi.com\/wp-content\/uploads\/2024\/02\/education-ecran-tactile-geant.svg&#8220; alt=&#8220;Das interaktive Display f\u00fcr den Bildungsbereich&#8220; title_text=&#8220;Das interaktive Display f\u00fcr den Bildungsbereich&#8220; _builder_version=&#8220;4.21.0&#8243; _module_preset=&#8220;default&#8220; global_colors_info=&#8220;{}&#8220;][\/et_pb_image][et_pb_text _builder_version=&#8220;4.21.0&#8243; _module_preset=&#8220;default&#8220; global_colors_info=&#8220;{}&#8220;]<\/p>\n<p style=\"text-align: center;\"><span>BILDUNG<\/span><\/p>\n<p>[\/et_pb_text][\/et_pb_column][et_pb_column type=&#8220;1_3&#8243; _builder_version=&#8220;4.21.0&#8243; _module_preset=&#8220;default&#8220; global_colors_info=&#8220;{}&#8220;][et_pb_image src=&#8220;https:\/\/speechi.com\/wp-content\/uploads\/2025\/10\/logo-btp-cfa-hdf-1.png&#8220; alt=&#8220;Ausbildungszentrums f\u00fcr Bauberufe in Roubaix&#8220; title_text=&#8220;Ausbildungszentrums f\u00fcr Bauberufe in Roubaix&#8220; _builder_version=&#8220;4.27.4&#8243; _module_preset=&#8220;default&#8220; custom_padding=&#8220;8px|||21px||&#8220; global_colors_info=&#8220;{}&#8220;][\/et_pb_image][et_pb_text _builder_version=&#8220;4.27.4&#8243; _module_preset=&#8220;default&#8220; global_colors_info=&#8220;{}&#8220;]<\/p>\n<p style=\"text-align: center;\"><span>BTP CFA HAUTS-DE-FRANCE<\/span><\/p>\n<p>[\/et_pb_text][\/et_pb_column][et_pb_column type=&#8220;1_3&#8243; _builder_version=&#8220;4.21.0&#8243; _module_preset=&#8220;default&#8220; global_colors_info=&#8220;{}&#8220;][et_pb_image src=&#8220;https:\/\/speechi.com\/wp-content\/uploads\/2024\/02\/03-ou-1.svg.svg&#8220; alt=&#8220;Ort&#8220; title_text=&#8220;Ort&#8220; _builder_version=&#8220;4.21.0&#8243; _module_preset=&#8220;default&#8220; global_colors_info=&#8220;{}&#8220;][\/et_pb_image][et_pb_text _builder_version=&#8220;4.21.0&#8243; _module_preset=&#8220;default&#8220; global_colors_info=&#8220;{}&#8220;]<\/p>\n<p style=\"text-align: center;\"><span>ROUBAIX (NORDFRANKREICH)<\/span><\/p>\n<p>[\/et_pb_text][\/et_pb_column][\/et_pb_row][et_pb_row _builder_version=&#8220;4.21.0&#8243; _module_preset=&#8220;default&#8220; global_colors_info=&#8220;{}&#8220;][et_pb_column type=&#8220;4_4&#8243; _builder_version=&#8220;4.21.0&#8243; _module_preset=&#8220;default&#8220; global_colors_info=&#8220;{}&#8220;][et_pb_text _builder_version=&#8220;4.27.4&#8243; _module_preset=&#8220;default&#8220; header_2_line_height=&#8220;1.2em&#8220; global_colors_info=&#8220;{}&#8220;]<\/p>\n<h2>Hintergrund<\/h2>\n<p><span style=\"font-weight: 400;\">Das Ausbildungszentrum f\u00fcr Auszubildende im Bauwesen und Tiefbau in Roubaix vermittelt sowohl berufliche als auch allgemeine Kenntnisse, um ein Publikum zu schulen, das sich durch seine Vielfalt auszeichnet und sich aus Erwachsenen in beruflicher Umschulung, jungen Lernenden, die den klassischen Schulunterricht wenig sch\u00e4tzen, oder auch jungen fremdsprachigen Lernenden, die nur \u00fcber geringe Franz\u00f6sischkenntnisse verf\u00fcgen, zusammensetzt. <\/span><\/p>\n<p>[\/et_pb_text][\/et_pb_column][\/et_pb_row][et_pb_row column_structure=&#8220;1_2,1_2&#8243; _builder_version=&#8220;4.21.0&#8243; _module_preset=&#8220;default&#8220; global_colors_info=&#8220;{}&#8220;][et_pb_column type=&#8220;1_2&#8243; _builder_version=&#8220;4.21.0&#8243; _module_preset=&#8220;default&#8220; global_colors_info=&#8220;{}&#8220;][et_pb_image src=&#8220;https:\/\/speechi.com\/wp-content\/uploads\/2025\/10\/etude-cas-CFA-BTP-roubaix-enseigner-ecran-numerique-interactif-speechi-classe-1.jpg&#8220; alt=&#8220;Interaktive Whiteboards im Ausbildungszentrum f\u00fcr Bauberufe in Roubaix&#8220; title_text=&#8220;Interaktive Whiteboards im Ausbildungszentrum f\u00fcr Bauberufe in Roubaix&#8220; _builder_version=&#8220;4.27.4&#8243; _module_preset=&#8220;default&#8220; global_colors_info=&#8220;{}&#8220;][\/et_pb_image][et_pb_text ul_item_indent=&#8220;20px&#8220; _builder_version=&#8220;4.27.4&#8243; _module_preset=&#8220;default&#8220; header_2_font_size=&#8220;25px&#8220; header_2_line_height=&#8220;1.2em&#8220; custom_margin=&#8220;-11px|||||&#8220; global_colors_info=&#8220;{}&#8220;]<\/p>\n<h2>Problemstellung<\/h2>\n<ul>\n<li style=\"font-weight: 400;\" aria-level=\"1\"><span style=\"font-weight: 400;\">Einen Weg finden, den Unterricht dynamischer zu gestalten und die Sch\u00fcler von ihren Smartphone-Bildschirmen zu l\u00f6sen.<\/span><\/li>\n<li style=\"font-weight: 400;\" aria-level=\"1\"><span style=\"font-weight: 400;\">Die Arbeit der Ausbilder erleichtern, deren Lehrmaterialien und Kursunterlagen gr\u00f6\u00dftenteils digital sind.<\/span><\/li>\n<\/ul>\n<p>[\/et_pb_text][\/et_pb_column][et_pb_column type=&#8220;1_2&#8243; _builder_version=&#8220;4.21.0&#8243; _module_preset=&#8220;default&#8220; global_colors_info=&#8220;{}&#8220;][et_pb_image src=&#8220;https:\/\/speechi.com\/wp-content\/uploads\/2025\/10\/etude-cas-CFA-BTP-roubaix-ecran-numerique-interactif-speechi-geographie.jpg&#8220; alt=&#8220;Interaktive SuperGlass +S-Bildschirme in den Klassenr\u00e4umen des Ausbildungszentrums f\u00fcr Bauberufe in Roubaix&#8220; title_text=&#8220;Interaktive SuperGlass +S-Bildschirme in den Klassenr\u00e4umen des Ausbildungszentrums f\u00fcr Bauberufe in Roubaix&#8220; _builder_version=&#8220;4.27.4&#8243; _module_preset=&#8220;default&#8220; global_colors_info=&#8220;{}&#8220;][\/et_pb_image][et_pb_text ul_item_indent=&#8220;20px&#8220; _builder_version=&#8220;4.27.4&#8243; _module_preset=&#8220;default&#8220; header_2_font_size=&#8220;25px&#8220; custom_margin=&#8220;-6px|||||&#8220; global_colors_info=&#8220;{}&#8220;]<\/p>\n<h2>Erbrachte L\u00f6sungen<\/h2>\n<ul>\n<li aria-level=\"1\"><span style=\"font-weight: 400;\">Etwa zwanzig interaktive SuperGlass +S Bildschirme wurden in den Klassenr\u00e4umen des allgemeinbildenden Unterrichts installiert.<\/span><\/li>\n<\/ul>\n<p>[\/et_pb_text][\/et_pb_column][\/et_pb_row][et_pb_row column_structure=&#8220;1_2,1_2&#8243; _builder_version=&#8220;4.21.0&#8243; _module_preset=&#8220;default&#8220; global_colors_info=&#8220;{}&#8220;][et_pb_column type=&#8220;1_2&#8243; _builder_version=&#8220;4.21.0&#8243; _module_preset=&#8220;default&#8220; global_colors_info=&#8220;{}&#8220;][et_pb_image src=&#8220;https:\/\/speechi.com\/wp-content\/uploads\/2025\/10\/etude-cas-CFA-BTP-roubaix-ecran-numerique-interactif-speechi-numeriser-cours-qr-code.jpg&#8220; alt=&#8220;Einfacherer Austausch von Kursnotizen mit den Sch\u00fclern dank QR-Code&#8220; title_text=&#8220;Einfacherer Austausch von Kursnotizen mit den Sch\u00fclern dank QR-Code&#8220; _builder_version=&#8220;4.27.4&#8243; _module_preset=&#8220;default&#8220; global_colors_info=&#8220;{}&#8220;][\/et_pb_image][et_pb_text ul_item_indent=&#8220;20px&#8220; _builder_version=&#8220;4.27.4&#8243; _module_preset=&#8220;default&#8220; header_2_font_size=&#8220;25px&#8220; custom_margin=&#8220;-13px|||||&#8220; global_colors_info=&#8220;{}&#8220;]<\/p>\n<h2>Verwendung des Bildschirms<\/h2>\n<ul>\n<li style=\"font-weight: 400;\" aria-level=\"1\"><span style=\"font-weight: 400;\">Das Whiteboard Note und das Teilen von Kursnotizen per QR-Code<\/span><\/li>\n<li style=\"font-weight: 400;\" aria-level=\"1\"><span style=\"font-weight: 400;\">Annotationswerkzeuge zum Kommentieren verschiedenster Dokumente wie Bilder und Diagramme<\/span><\/li>\n<li style=\"font-weight: 400;\" aria-level=\"1\"><span style=\"font-weight: 400;\">Bildschirmfreigabe des PCs des Lehrers<\/span><\/li>\n<li style=\"font-weight: 400;\" aria-level=\"1\"><span style=\"font-weight: 400;\">Nutzung von Webseiten und Anwendungen wie Genially (Plattform zur Erstellung interaktiver Inhalte) oder Kahoot (App f\u00fcr Online-Abstimmungen)<\/span><\/li>\n<\/ul>\n<p>[\/et_pb_text][\/et_pb_column][et_pb_column type=&#8220;1_2&#8243; _builder_version=&#8220;4.21.0&#8243; _module_preset=&#8220;default&#8220; global_colors_info=&#8220;{}&#8220;][et_pb_image src=&#8220;https:\/\/speechi.com\/wp-content\/uploads\/2025\/10\/etude-cas-CFA-BTP-roubaix-ecran-numerique-interactif-speechi-classe-1.jpg&#8220; alt=&#8220;Die p\u00e4dagogischen Vorteile des interaktiven digitalen Bildschirms im Unterricht&#8220; title_text=&#8220;Die p\u00e4dagogischen Vorteile des interaktiven digitalen Bildschirms im Unterricht&#8220; _builder_version=&#8220;4.27.4&#8243; _module_preset=&#8220;default&#8220; global_colors_info=&#8220;{}&#8220;][\/et_pb_image][et_pb_text ul_item_indent=&#8220;20px&#8220; _builder_version=&#8220;4.27.4&#8243; _module_preset=&#8220;default&#8220; header_2_font_size=&#8220;25px&#8220; custom_margin=&#8220;-14px|||||&#8220; global_colors_info=&#8220;{}&#8220;]<\/p>\n<h2>Vorteile<\/h2>\n<ul>\n<li style=\"font-weight: 400;\" aria-level=\"1\"><span style=\"font-weight: 400;\">Ein Werkzeug, das inklusiven Unterricht erleichtert, insbesondere durch die M\u00f6glichkeit, Kursnotizen abzurufen \u2013 besonders n\u00fctzlich f\u00fcr mehrsprachige Lernende<\/span><\/li>\n<li style=\"font-weight: 400;\" aria-level=\"1\"><span style=\"font-weight: 400;\">Vielf\u00e4ltige p\u00e4dagogische Methoden lassen sich einsetzen, um unterschiedliche Lernkan\u00e4le der Sch\u00fcler anzusprechen und differenzierte P\u00e4dagogik umzusetzen<\/span><\/li>\n<li style=\"font-weight: 400;\" aria-level=\"1\"><span style=\"font-weight: 400;\">Die Interaktivit\u00e4t des Bildschirms wird von den Sch\u00fclern als spielerisch wahrgenommen und f\u00fchrt zu st\u00e4rkerer Beteiligung im Unterricht<\/span><\/li>\n<li style=\"font-weight: 400;\" aria-level=\"1\"><span style=\"font-weight: 400;\">Ein intuitives Werkzeug, das keine besondere Einarbeitung erfordert<\/span><\/li>\n<\/ul>\n<p>[\/et_pb_text][\/et_pb_column][\/et_pb_row][et_pb_row _builder_version=&#8220;4.27.4&#8243; _module_preset=&#8220;default&#8220; custom_padding=&#8220;||0px|||&#8220; global_colors_info=&#8220;{}&#8220;][et_pb_column type=&#8220;4_4&#8243; _builder_version=&#8220;4.27.4&#8243; _module_preset=&#8220;default&#8220; global_colors_info=&#8220;{}&#8220;][et_pb_text _builder_version=&#8220;4.27.4&#8243; _module_preset=&#8220;default&#8220; global_colors_info=&#8220;{}&#8220;]<\/p>\n<h2>Erfahrungsberichte<\/h2>\n<p>[\/et_pb_text][\/et_pb_column][\/et_pb_row][et_pb_row column_structure=&#8220;1_2,1_2&#8243; _builder_version=&#8220;4.21.0&#8243; _module_preset=&#8220;default&#8220; custom_padding=&#8220;14px||0px|||&#8220; global_colors_info=&#8220;{}&#8220;][et_pb_column type=&#8220;1_2&#8243; _builder_version=&#8220;4.21.0&#8243; _module_preset=&#8220;default&#8220; global_colors_info=&#8220;{}&#8220;][et_pb_text _builder_version=&#8220;4.27.4&#8243; _module_preset=&#8220;default&#8220; quote_font=&#8220;ABeeZee||||||||&#8220; header_3_line_height=&#8220;1.3em&#8220; hover_enabled=&#8220;0&#8243; global_colors_info=&#8220;{}&#8220; sticky_enabled=&#8220;0&#8243;]<\/p>\n<h3>Johan de Pryck, stellvertretender Direktor<\/h3>\n<blockquote>\n<p><span style=\"font-weight: 400;\">\u201eWir versuchen, ein wenig Finanzierung zu bekommen, um auch die Fachunterrichtsr\u00e4ume auszustatten, da die Werkstattlehrer ein wenig neidisch sind \u2013 sie h\u00e4tten diese Bildschirme ebenfalls gerne.\u201c<\/span><\/p>\n<\/blockquote>\n<p>[\/et_pb_text][\/et_pb_column][et_pb_column type=&#8220;1_2&#8243; _builder_version=&#8220;4.21.0&#8243; _module_preset=&#8220;default&#8220; global_colors_info=&#8220;{}&#8220;][et_pb_text _builder_version=&#8220;4.27.4&#8243; _module_preset=&#8220;default&#8220; quote_font=&#8220;ABeeZee||||||||&#8220; header_3_line_height=&#8220;1.3em&#8220; global_colors_info=&#8220;{}&#8220;]<\/p>\n<h3>St\u00e9phane Comodi, Ausbilder f\u00fcr <br \/>Franz\u00f6sisch, Geschichte-Geografie und PSE<\/h3>\n<div class=\"et_pb_module et_pb_text et_pb_text_10 et_pb_text_align_left et_pb_bg_layout_light\">\n<div class=\"et_pb_text_inner\">\n<blockquote>\n<p><span style=\"font-weight: 400;\">\u201eDie M\u00f6glichkeit, den Bildschirm einfach zu scannen und sofort alle Notizen, die ich w\u00e4hrend des Kurses geschrieben habe, auf dem Handy zu haben \u2013 das ist ein au\u00dfergew\u00f6hnlicher Vorteil.\u201c<\/span><\/p>\n<\/blockquote>\n<\/div>\n<\/div>\n<p>[\/et_pb_text][\/et_pb_column][\/et_pb_row][et_pb_row column_structure=&#8220;1_2,1_2&#8243; _builder_version=&#8220;4.27.4&#8243; _module_preset=&#8220;default&#8220; custom_padding=&#8220;1px|||||&#8220; global_colors_info=&#8220;{}&#8220;][et_pb_column type=&#8220;1_2&#8243; _builder_version=&#8220;4.27.4&#8243; _module_preset=&#8220;default&#8220; global_colors_info=&#8220;{}&#8220;][et_pb_video src=&#8220;https:\/\/youtu.be\/WP9hCBWNeEg&#8220; _builder_version=&#8220;4.27.4&#8243; _module_preset=&#8220;default&#8220; global_colors_info=&#8220;{}&#8220;][\/et_pb_video][\/et_pb_column][et_pb_column type=&#8220;1_2&#8243; _builder_version=&#8220;4.27.4&#8243; _module_preset=&#8220;default&#8220; global_colors_info=&#8220;{}&#8220;][et_pb_video src=&#8220;https:\/\/youtu.be\/VaUs7OHVQ04&#8243; _builder_version=&#8220;4.27.4&#8243; _module_preset=&#8220;default&#8220; global_colors_info=&#8220;{}&#8220;][\/et_pb_video][\/et_pb_column][\/et_pb_row][\/et_pb_section]<\/p>\n","protected":false},"excerpt":{"rendered":"<p>Fallstudie: Ausbildungszentrums f\u00fcr Bauberufe in RoubaixBILDUNGBTP CFA HAUTS-DE-FRANCEROUBAIX (NORDFRANKREICH)Hintergrund Das Ausbildungszentrum f\u00fcr Auszubildende im Bauwesen und Tiefbau in Roubaix vermittelt sowohl berufliche als auch allgemeine Kenntnisse, um ein Publikum zu schulen, das sich durch seine Vielfalt auszeichnet und sich aus Erwachsenen in beruflicher Umschulung, jungen Lernenden, die den klassischen Schulunterricht wenig sch\u00e4tzen, oder auch jungen [&hellip;]<\/p>\n","protected":false},"author":5,"featured_media":0,"parent":0,"menu_order":0,"comment_status":"closed","ping_status":"closed","template":"","meta":{"_acf_changed":false,"_seopress_robots_primary_cat":"","_seopress_titles_title":"Fallstudie: Ausbildungszentrums f\u00fcr Bauberufe in Roubaix - Speechi","_seopress_titles_desc":"Das Ausbildungszentrum f\u00fcr Bauberufe in Roubaix hat sich mit rund zwanzig interaktiven SuperGlass +S-Bildschirmen ausgestattet. R\u00fcckblick auf ihre Probleme, die angebotenen L\u00f6sungen, ihre Verwendung und die wahrgenommenen Vorteile.","_seopress_robots_index":"","_et_pb_use_builder":"on","_et_pb_old_content":"","_et_gb_content_width":"","footnotes":""},"difl_page_category":[],"class_list":["post-44209264","page","type-page","status-publish","hentry"],"acf":[],"_links":{"self":[{"href":"https:\/\/speechi.com\/de\/wp-json\/wp\/v2\/pages\/44209264","targetHints":{"allow":["GET"]}}],"collection":[{"href":"https:\/\/speechi.com\/de\/wp-json\/wp\/v2\/pages"}],"about":[{"href":"https:\/\/speechi.com\/de\/wp-json\/wp\/v2\/types\/page"}],"author":[{"embeddable":true,"href":"https:\/\/speechi.com\/de\/wp-json\/wp\/v2\/users\/5"}],"replies":[{"embeddable":true,"href":"https:\/\/speechi.com\/de\/wp-json\/wp\/v2\/comments?post=44209264"}],"version-history":[{"count":4,"href":"https:\/\/speechi.com\/de\/wp-json\/wp\/v2\/pages\/44209264\/revisions"}],"predecessor-version":[{"id":44209268,"href":"https:\/\/speechi.com\/de\/wp-json\/wp\/v2\/pages\/44209264\/revisions\/44209268"}],"wp:attachment":[{"href":"https:\/\/speechi.com\/de\/wp-json\/wp\/v2\/media?parent=44209264"}],"wp:term":[{"taxonomy":"difl_page_category","embeddable":true,"href":"https:\/\/speechi.com\/de\/wp-json\/wp\/v2\/difl_page_category?post=44209264"}],"curies":[{"name":"wp","href":"https:\/\/api.w.org\/{rel}","templated":true}]}}