{"id":44213174,"date":"2026-01-13T15:14:03","date_gmt":"2026-01-13T14:14:03","guid":{"rendered":"https:\/\/speechi.com\/?page_id=44213174"},"modified":"2026-01-13T15:37:52","modified_gmt":"2026-01-13T14:37:52","slug":"fallstudie-johannes-diakonie","status":"publish","type":"page","link":"https:\/\/speechi.com\/de\/fallstudie-johannes-diakonie\/","title":{"rendered":"Fallstudie : Johannes-Diakonie"},"content":{"rendered":"<p>[et_pb_section fb_built=&#8220;1&#8243; admin_label=&#8220;section&#8220; _builder_version=&#8220;4.16&#8243; custom_padding=&#8220;||23px|||&#8220; global_colors_info=&#8220;{}&#8220;][et_pb_row _builder_version=&#8220;4.21.0&#8243; _module_preset=&#8220;default&#8220; global_colors_info=&#8220;{}&#8220;][et_pb_column type=&#8220;4_4&#8243; _builder_version=&#8220;4.21.0&#8243; _module_preset=&#8220;default&#8220; global_colors_info=&#8220;{}&#8220;][et_pb_text _builder_version=&#8220;4.27.4&#8243; _module_preset=&#8220;default&#8220; global_colors_info=&#8220;{}&#8220;]<\/p>\n<h1 style=\"text-align: center;\">Fallstudie : Johannes-Diakonie<\/h1>\n<p>[\/et_pb_text][\/et_pb_column][\/et_pb_row][et_pb_row column_structure=&#8220;1_3,1_3,1_3&#8243; _builder_version=&#8220;4.21.0&#8243; _module_preset=&#8220;default&#8220; width=&#8220;40%&#8220; global_colors_info=&#8220;{}&#8220; custom_padding=&#8220;||0px|||&#8220;][et_pb_column type=&#8220;1_3&#8243; _builder_version=&#8220;4.21.0&#8243; _module_preset=&#8220;default&#8220; global_colors_info=&#8220;{}&#8220;][et_pb_image src=&#8220;https:\/\/speechi.com\/wp-content\/uploads\/2024\/01\/01-secteur-pro-1.svg&#8220; alt=&#8220;Interactive display in the field of education&#8220; title_text=&#8220;UNTERNEHMEN&#8220; _builder_version=&#8220;4.27.4&#8243; _module_preset=&#8220;default&#8220; global_colors_info=&#8220;{}&#8220;][\/et_pb_image][\/et_pb_column][et_pb_column type=&#8220;1_3&#8243; _builder_version=&#8220;4.21.0&#8243; _module_preset=&#8220;default&#8220; global_colors_info=&#8220;{}&#8220;][et_pb_image src=&#8220;https:\/\/speechi.com\/wp-content\/uploads\/2025\/12\/logo-johannes-diakonie-4.jpg&#8220; _builder_version=&#8220;4.27.4&#8243; _module_preset=&#8220;default&#8220; title_text=&#8220;Johannes-Diakonie&#8220; hover_enabled=&#8220;0&#8243; sticky_enabled=&#8220;0&#8243; align=&#8220;center&#8220; force_fullwidth=&#8220;on&#8220;][\/et_pb_image][\/et_pb_column][et_pb_column type=&#8220;1_3&#8243; _builder_version=&#8220;4.21.0&#8243; _module_preset=&#8220;default&#8220; global_colors_info=&#8220;{}&#8220;][et_pb_image src=&#8220;https:\/\/speechi.com\/wp-content\/uploads\/2024\/02\/03-ou-1.svg.svg&#8220; alt=&#8220;Ort&#8220; title_text=&#8220;Ort&#8220; _builder_version=&#8220;4.21.0&#8243; _module_preset=&#8220;default&#8220; global_colors_info=&#8220;{}&#8220;][\/et_pb_image][\/et_pb_column][\/et_pb_row][et_pb_row column_structure=&#8220;1_3,1_3,1_3&#8243; _builder_version=&#8220;4.21.0&#8243; _module_preset=&#8220;default&#8220; width=&#8220;40%&#8220; global_colors_info=&#8220;{}&#8220; custom_padding=&#8220;||0px|||&#8220;][et_pb_column type=&#8220;1_3&#8243; _builder_version=&#8220;4.21.0&#8243; _module_preset=&#8220;default&#8220; global_colors_info=&#8220;{}&#8220;][et_pb_text _builder_version=&#8220;4.27.4&#8243; _module_preset=&#8220;default&#8220; global_colors_info=&#8220;{}&#8220;]<\/p>\n<p style=\"text-align: center;\"><span>UNTERNEHMEN<\/span><\/p>\n<p>[\/et_pb_text][\/et_pb_column][et_pb_column type=&#8220;1_3&#8243; _builder_version=&#8220;4.21.0&#8243; _module_preset=&#8220;default&#8220; global_colors_info=&#8220;{}&#8220;][et_pb_text _builder_version=&#8220;4.27.4&#8243; _module_preset=&#8220;default&#8220; global_colors_info=&#8220;{}&#8220;]<\/p>\n<p style=\"text-align: center;\"><span>PERSONENBETREUUNG<br \/><\/span><\/p>\n<p>[\/et_pb_text][\/et_pb_column][et_pb_column type=&#8220;1_3&#8243; _builder_version=&#8220;4.21.0&#8243; _module_preset=&#8220;default&#8220; global_colors_info=&#8220;{}&#8220;][et_pb_text _builder_version=&#8220;4.27.4&#8243; _module_preset=&#8220;default&#8220; global_colors_info=&#8220;{}&#8220;]<\/p>\n<p style=\"text-align: center;\"><span>BAD MERGENTHEIM<\/span><\/p>\n<p>[\/et_pb_text][\/et_pb_column][\/et_pb_row][et_pb_row _builder_version=&#8220;4.21.0&#8243; _module_preset=&#8220;default&#8220; global_colors_info=&#8220;{}&#8220;][et_pb_column type=&#8220;4_4&#8243; _builder_version=&#8220;4.21.0&#8243; _module_preset=&#8220;default&#8220; global_colors_info=&#8220;{}&#8220;][et_pb_text _builder_version=&#8220;4.27.4&#8243; _module_preset=&#8220;default&#8220; text_font=&#8220;||||||||&#8220; header_2_line_height=&#8220;1.2em&#8220; global_colors_info=&#8220;{}&#8220;]<\/p>\n<h2>Hintergrund<\/h2>\n<p><strong>Die Johannes-Diakonie, mit Hauptsitz in Mosbach (Baden), bet\u00e4tigt sich als modernes und soziales Dienstleistungsunternehmen in den Bereichen Behindertenhilfe, Jugend- und Altenhilfe,Medizin, Bildung und berufliche Rehabilitation an insgesamt 35 Standorten in Baden-W\u00fcrttemberg.<\/strong><\/p>\n<p><span style=\"font-weight: 400;\">Digitalisierung ist heute ein zentraler Bestandteil unserer Gesellschaft. Fehlende digitale Kompetenzen k\u00f6nnen nachweislich zu sozialer Ausgrenzung f\u00fchren. Deshalb z\u00e4hlt auch die F\u00f6rderung digitaler Inklusion zu den Aufgaben der Johannes- Diakonie. Der Standort Bad Mergentheim hat beschlossen, dieser Herausforderung mit der Anschaffung eines interaktiven Speechi-Bildschirms aktiv zu begegnen. <\/span><\/p>\n<p>[\/et_pb_text][\/et_pb_column][\/et_pb_row][et_pb_row column_structure=&#8220;1_2,1_2&#8243; _builder_version=&#8220;4.21.0&#8243; _module_preset=&#8220;default&#8220; global_colors_info=&#8220;{}&#8220;][et_pb_column type=&#8220;1_2&#8243; _builder_version=&#8220;4.21.0&#8243; _module_preset=&#8220;default&#8220; global_colors_info=&#8220;{}&#8220;][et_pb_image src=&#8220;https:\/\/speechi.com\/wp-content\/uploads\/2025\/11\/johannes-diakonie-speechi-interaktiven-bildschirm.webp&#8220; alt=&#8220;Johannes-Diakonie&#8220; title_text=&#8220;Johannes-Diakonie&#8220; _builder_version=&#8220;4.27.4&#8243; _module_preset=&#8220;default&#8220; global_colors_info=&#8220;{}&#8220;][\/et_pb_image][et_pb_text _builder_version=&#8220;4.27.4&#8243; _module_preset=&#8220;default&#8220; global_colors_info=&#8220;{}&#8220;]<\/p>\n<h3>Problemstellung<\/h3>\n<ul>\n<li style=\"font-weight: 400;\" aria-level=\"1\"><span style=\"font-weight: 400;\">Ein geeignetes Tool bereitzustellen, das es den Klienten erm\u00f6glicht, ihr Wissen \u00fcber digitale Themen \u2013 etwa KI oder das Internet \u2013 zu erweitern und ihrer Neugier nachzugehen.<\/span><\/li>\n<li><span style=\"font-weight: 400;\">Zudem soll Menschen mit Behinderung ein Hilfsmittel zur Verf\u00fcgung gestellt werden, das ihnen einen barrierefreien Zugang zur digitalen Welt er\u00f6ffnet.<\/span><span style=\"font-weight: 400;\"><\/span><\/li>\n<\/ul>\n<p>[\/et_pb_text][\/et_pb_column][et_pb_column type=&#8220;1_2&#8243; _builder_version=&#8220;4.21.0&#8243; _module_preset=&#8220;default&#8220; global_colors_info=&#8220;{}&#8220;][et_pb_image src=&#8220;https:\/\/speechi.com\/wp-content\/uploads\/2025\/11\/usages-ecran-interactif-speechi-johannes-diakonie.jpg&#8220; title_text=&#8220;Verwendungszwecke des interaktiven Bildschirms in der Johannes-Diakonie&#8220; _builder_version=&#8220;4.27.4&#8243; _module_preset=&#8220;default&#8220; global_colors_info=&#8220;{}&#8220;][\/et_pb_image][et_pb_text _builder_version=&#8220;4.27.4&#8243; _module_preset=&#8220;default&#8220; hover_enabled=&#8220;0&#8243; global_colors_info=&#8220;{}&#8220; sticky_enabled=&#8220;0&#8243;]<\/p>\n<h3>Erbrachte L\u00f6sungen<\/h3>\n<ul>\n<li style=\"font-weight: 400;\" aria-level=\"1\">Ein <span style=\"font-weight: 400;\"><span style=\"font-weight: 400;\"><a href=\"https:\/\/shop.speechi.com\/de\/products\/ecran-interactif-superglass-pro-65\">interaktives Display SuperGlass Pro 65\u201d<\/a><\/span><\/span>.<\/li>\n<li style=\"font-weight: 400;\" aria-level=\"1\">Eine mobile<a href=\"https:\/\/shop.speechi.com\/de\/collections\/supports-a-roulettes\/products\/support-orientable-ajustable-en-hauteur-electriquement\"> <span style=\"font-weight: 400;\"><span style=\"font-weight: 400;\"><span style=\"font-weight: 400;\">Halterung ST-SUP-TILT-002<\/span><\/span><\/span><\/a>, so dass der Bildschirm flexibel zwischen Tagesbetreuungsst\u00e4tte und Wohnbereich bewegt werden kann. Zudem l\u00e4sst sie sich in H\u00f6he und Neigung an unterschiedliche Nutzerbed\u00fcrfnisse anpassen, insbesondere f\u00fcr Rollstuhlfahrer.<\/li>\n<li style=\"font-weight: 400;\" aria-level=\"1\">Eine <span style=\"font-weight: 400;\"><a href=\"https:\/\/shop.speechi.com\/de\/products\/webcam-speechi-4k-eptz\">Videokonferenzkamera Speechi SPE-MG-402-C<\/a><\/span> zur einfachen Organisation und Durchf\u00fchrung von Videokonferenzen.<\/li>\n<li style=\"font-weight: 400;\" aria-level=\"1\"><span style=\"font-weight: 400;\">Ein im Display integriertes Windows-11-System, das Nutzer den Umgang sowohl mit der Windows- als auch mit der Android-Umgebung vermittelt.<\/span><\/li>\n<\/ul>\n<p>[\/et_pb_text][\/et_pb_column][\/et_pb_row][\/et_pb_section][et_pb_section fb_built=&#8220;1&#8243; _builder_version=&#8220;4.27.4&#8243; _module_preset=&#8220;default&#8220; background_enable_color=&#8220;off&#8220; custom_padding=&#8220;0px||0px|||&#8220; global_colors_info=&#8220;{}&#8220;][et_pb_row _builder_version=&#8220;4.27.4&#8243; _module_preset=&#8220;default&#8220; custom_padding=&#8220;||0px|||&#8220; global_colors_info=&#8220;{}&#8220;][et_pb_column type=&#8220;4_4&#8243; _builder_version=&#8220;4.27.4&#8243; _module_preset=&#8220;default&#8220; global_colors_info=&#8220;{}&#8220;][et_pb_text _builder_version=&#8220;4.27.4&#8243; _module_preset=&#8220;default&#8220; custom_margin=&#8220;||-9px|||&#8220; global_colors_info=&#8220;{}&#8220;]<\/p>\n<h3 style=\"text-align: center;\">Verwendung des Displays<\/h3>\n<p style=\"text-align: center;\">[\/et_pb_text][et_pb_text _builder_version=&#8220;4.27.4&#8243; _module_preset=&#8220;default&#8220; global_colors_info=&#8220;{}&#8220;]<\/p>\n<p style=\"text-align: center;\">____________<\/p>\n<p>[\/et_pb_text][et_pb_text quote_border_weight=&#8220;100px&#8220; _builder_version=&#8220;4.27.4&#8243; _module_preset=&#8220;default&#8220; text_font=&#8220;ABeeZee||on||||||&#8220; text_font_size=&#8220;21px&#8220; quote_font=&#8220;ABeeZee||||||||&#8220; quote_text_align=&#8220;center&#8220; quote_font_size=&#8220;29px&#8220; background_color=&#8220;#f5f5f5&#8243; custom_padding=&#8220;25px|25px|25px|25px|false|false&#8220; border_radii=&#8220;on|15px|15px|15px|15px&#8220; global_colors_info=&#8220;{}&#8220;]<\/p>\n<p style=\"text-align: center;\"><span>\u201eEs befindet sich t\u00e4glich im Einsatz und hat eine sehr positive Resonanz bei Klienten wie Mitarbeitenden hervorgebracht.\u201c<\/span><\/p>\n<p>[\/et_pb_text][\/et_pb_column][\/et_pb_row][et_pb_row column_structure=&#8220;1_3,1_3,1_3&#8243; _builder_version=&#8220;4.27.4&#8243; _module_preset=&#8220;default&#8220; global_colors_info=&#8220;{}&#8220; custom_padding=&#8220;65px|||||&#8220;][et_pb_column type=&#8220;1_3&#8243; _builder_version=&#8220;4.27.4&#8243; _module_preset=&#8220;default&#8220; global_colors_info=&#8220;{}&#8220;][et_pb_text _builder_version=&#8220;4.27.4&#8243; _module_preset=&#8220;default&#8220; text_font_size=&#8220;15px&#8220; custom_margin=&#8220;-21px|||||&#8220; hover_enabled=&#8220;0&#8243; global_colors_info=&#8220;{}&#8220; sticky_enabled=&#8220;0&#8243;]<\/p>\n<h4 style=\"text-align: center;\"><span>Spiele<\/span><\/h4>\n<p style=\"text-align: center;\">Zum Kennenlernen digitaler Ger\u00e4te &#8211; mit einem um 90\u00b0 kippbaren Bildschirm, der sich in einen interaktiven Spieltisch verwandelt.<\/p>\n<p>[\/et_pb_text][\/et_pb_column][et_pb_column type=&#8220;1_3&#8243; _builder_version=&#8220;4.27.4&#8243; _module_preset=&#8220;default&#8220; global_colors_info=&#8220;{}&#8220;][et_pb_text _builder_version=&#8220;4.27.4&#8243; _module_preset=&#8220;default&#8220; text_font_size=&#8220;15px&#8220; custom_margin=&#8220;-21px|||||&#8220; hover_enabled=&#8220;0&#8243; global_colors_info=&#8220;{}&#8220; sticky_enabled=&#8220;0&#8243;]<\/p>\n<h4 style=\"text-align: center;\"><span>Verwendung verschiedener Anwendungen<\/span><\/h4>\n<p style=\"text-align: center;\"><span>Ob spielerisch oder praktisch \u2013 dank des Stores, der direkt \u00fcber den interaktiven Speechi-Bildschirm zug\u00e4nglich ist.<\/span><\/p>\n<p>[\/et_pb_text][\/et_pb_column][et_pb_column type=&#8220;1_3&#8243; _builder_version=&#8220;4.27.4&#8243; _module_preset=&#8220;default&#8220; global_colors_info=&#8220;{}&#8220;][et_pb_text _builder_version=&#8220;4.27.4&#8243; _module_preset=&#8220;default&#8220; text_font_size=&#8220;15px&#8220; custom_margin=&#8220;-21px|||||&#8220; hover_enabled=&#8220;0&#8243; global_colors_info=&#8220;{}&#8220; sticky_enabled=&#8220;0&#8243;]<\/p>\n<h4 style=\"text-align: center;\"><span>Allt\u00e4gliche Aufgaben erledigen <\/span><\/h4>\n<p style=\"text-align: center;\">Um zu lernen, digitale Technologien in den Alltag einzubinden \u2013 etwa einen QR-Code zu nutzen, um Daten aufs Smartphone zu laden.<\/p>\n<p>[\/et_pb_text][\/et_pb_column][\/et_pb_row][et_pb_row column_structure=&#8220;1_4,1_4,1_4,1_4&#8243; _builder_version=&#8220;4.27.4&#8243; _module_preset=&#8220;default&#8220; global_colors_info=&#8220;{}&#8220;][et_pb_column type=&#8220;1_4&#8243; _builder_version=&#8220;4.27.4&#8243; _module_preset=&#8220;default&#8220; global_colors_info=&#8220;{}&#8220;][et_pb_text _builder_version=&#8220;4.27.4&#8243; _module_preset=&#8220;default&#8220; text_font_size=&#8220;15px&#8220; custom_margin=&#8220;-21px|||||&#8220; hover_enabled=&#8220;0&#8243; global_colors_info=&#8220;{}&#8220; sticky_enabled=&#8220;0&#8243;]<\/p>\n<h4 style=\"text-align: center;\"><span>KI<\/span><\/h4>\n<p style=\"text-align: center;\">K\u00fcnstliche Intelligenz mit <em>Mistral AI<\/em> entdecken<\/p>\n<p>[\/et_pb_text][\/et_pb_column][et_pb_column type=&#8220;1_4&#8243; _builder_version=&#8220;4.27.4&#8243; _module_preset=&#8220;default&#8220; global_colors_info=&#8220;{}&#8220;][et_pb_text _builder_version=&#8220;4.27.4&#8243; _module_preset=&#8220;default&#8220; text_font_size=&#8220;15px&#8220; custom_margin=&#8220;-21px|||||&#8220; hover_enabled=&#8220;0&#8243; global_colors_info=&#8220;{}&#8220; sticky_enabled=&#8220;0&#8243;]<\/p>\n<h4 style=\"text-align: center;\"><span>YouTube<\/span><\/h4>\n<p style=\"text-align: center;\"><span>Videos auf YouTube ansehen<\/span><\/p>\n<p>[\/et_pb_text][\/et_pb_column][et_pb_column type=&#8220;1_4&#8243; _builder_version=&#8220;4.27.4&#8243; _module_preset=&#8220;default&#8220; global_colors_info=&#8220;{}&#8220;][et_pb_text _builder_version=&#8220;4.27.4&#8243; _module_preset=&#8220;default&#8220; text_font_size=&#8220;15px&#8220; custom_margin=&#8220;-21px|||||&#8220; hover_enabled=&#8220;0&#8243; global_colors_info=&#8220;{}&#8220; sticky_enabled=&#8220;0&#8243;]<\/p>\n<h4 style=\"text-align: center;\"><span>Internet<\/span><\/h4>\n<p style=\"text-align: center;\">Die Funktionsweise von Internet und Such maschinen kennenlernen<\/p>\n<p>[\/et_pb_text][\/et_pb_column][et_pb_column type=&#8220;1_4&#8243; _builder_version=&#8220;4.27.4&#8243; _module_preset=&#8220;default&#8220; global_colors_info=&#8220;{}&#8220;][et_pb_text _builder_version=&#8220;4.27.4&#8243; _module_preset=&#8220;default&#8220; text_font_size=&#8220;15px&#8220; custom_margin=&#8220;-21px|||||&#8220; hover_enabled=&#8220;0&#8243; global_colors_info=&#8220;{}&#8220; sticky_enabled=&#8220;0&#8243;]<\/p>\n<h4 style=\"text-align: center;\"><span>Spiegelung<\/span><\/h4>\n<p style=\"text-align: center;\">Die Praxis des Bildschirmteilens entdecken<\/p>\n<p>[\/et_pb_text][\/et_pb_column][\/et_pb_row][\/et_pb_section][et_pb_section fb_built=&#8220;1&#8243; _builder_version=&#8220;4.27.4&#8243; _module_preset=&#8220;default&#8220; custom_padding=&#8220;20px|||||&#8220; global_colors_info=&#8220;{}&#8220;][et_pb_row column_structure=&#8220;1_2,1_2&#8243; _builder_version=&#8220;4.21.0&#8243; _module_preset=&#8220;default&#8220; custom_padding=&#8220;14px||0px|||&#8220; global_colors_info=&#8220;{}&#8220;][et_pb_column type=&#8220;1_2&#8243; _builder_version=&#8220;4.21.0&#8243; _module_preset=&#8220;default&#8220; global_colors_info=&#8220;{}&#8220;][et_pb_text _builder_version=&#8220;4.27.4&#8243; _module_preset=&#8220;default&#8220; quote_font=&#8220;ABeeZee||||||||&#8220; header_3_line_height=&#8220;2.4em&#8220; global_colors_info=&#8220;{}&#8220;]<\/p>\n<h3>Vorteile<\/h3>\n<div class=\"et_pb_module et_pb_text et_pb_text_10 et_pb_text_align_left et_pb_bg_layout_light\">\n<div class=\"et_pb_text_inner\">\n<ul><\/ul>\n<ul>\n<li style=\"font-weight: 400;\" aria-level=\"1\"><span style=\"font-weight: 400;\">Eine spielerische und effektive Begleitung bei der Entdeckung der digitalen Welt in all ihren Facetten.<\/span><\/li>\n<li style=\"font-weight: 400;\" aria-level=\"1\"><span style=\"font-weight: 400;\">F\u00f6rderung von Selbstst\u00e4ndigkeit bei der Nutzung digitaler Tools.<\/span><\/li>\n<li style=\"font-weight: 400;\" aria-level=\"1\"><span style=\"font-weight: 400;\">Erleichterte Integration digitaler Technologien in den Alltag durch den Bildschirm.<\/span><\/li>\n<\/ul>\n<\/div>\n<\/div>\n<p>[\/et_pb_text][\/et_pb_column][et_pb_column type=&#8220;1_2&#8243; _builder_version=&#8220;4.21.0&#8243; _module_preset=&#8220;default&#8220; global_colors_info=&#8220;{}&#8220;][et_pb_text _builder_version=&#8220;4.27.4&#8243; _module_preset=&#8220;default&#8220; quote_font=&#8220;ABeeZee||on||||||&#8220; quote_text_align=&#8220;center&#8220; quote_font_size=&#8220;18px&#8220; quote_line_height=&#8220;1.8em&#8220; header_3_line_height=&#8220;1.3em&#8220; global_colors_info=&#8220;{}&#8220;]<\/p>\n<blockquote>\n<p><span style=\"font-weight: 400;\">\u201eDurch die t\u00e4gliche Nutzung des Displays haben unsere Klienten mit der Zeit gelernt, selbst\u00e4ndig die digitale Welt zu erkunden. (&#8230;) Eine tolle Sache, welche f\u00fcr uns einen wertvollen Beitrag zur digitalen Inklusion leistet.\u201c<\/span><\/p>\n<\/blockquote>\n<p>[\/et_pb_text][\/et_pb_column][\/et_pb_row][\/et_pb_section]<\/p>\n","protected":false},"excerpt":{"rendered":"<p>Fallstudie : Johannes-DiakonieUNTERNEHMENPERSONENBETREUUNGBAD MERGENTHEIMHintergrund Die Johannes-Diakonie, mit Hauptsitz in Mosbach (Baden), bet\u00e4tigt sich als modernes und soziales Dienstleistungsunternehmen in den Bereichen Behindertenhilfe, Jugend- und Altenhilfe,Medizin, Bildung und berufliche Rehabilitation an insgesamt 35 Standorten in Baden-W\u00fcrttemberg. Digitalisierung ist heute ein zentraler Bestandteil unserer Gesellschaft. Fehlende digitale Kompetenzen k\u00f6nnen nachweislich zu sozialer Ausgrenzung f\u00fchren. Deshalb z\u00e4hlt auch [&hellip;]<\/p>\n","protected":false},"author":5,"featured_media":0,"parent":0,"menu_order":0,"comment_status":"closed","ping_status":"closed","template":"","meta":{"_acf_changed":false,"_seopress_robots_primary_cat":"","_seopress_titles_title":"Fallstudie : Johannes-Diakonie | Interaktives Display Speechi","_seopress_titles_desc":"Die F\u00f6rderung digitaler Inklusion zu den Aufgaben der Johannes- Diakonie. Der Standort Bad Mergentheim hat beschlossen, dieser Herausforderung mit der Anschaffung eines interaktiven Speechi-Bildschirms aktiv zu begegnen.","_seopress_robots_index":"","_et_pb_use_builder":"on","_et_pb_old_content":"","_et_gb_content_width":"","footnotes":""},"difl_page_category":[],"class_list":["post-44213174","page","type-page","status-publish","hentry"],"acf":[],"_links":{"self":[{"href":"https:\/\/speechi.com\/de\/wp-json\/wp\/v2\/pages\/44213174","targetHints":{"allow":["GET"]}}],"collection":[{"href":"https:\/\/speechi.com\/de\/wp-json\/wp\/v2\/pages"}],"about":[{"href":"https:\/\/speechi.com\/de\/wp-json\/wp\/v2\/types\/page"}],"author":[{"embeddable":true,"href":"https:\/\/speechi.com\/de\/wp-json\/wp\/v2\/users\/5"}],"replies":[{"embeddable":true,"href":"https:\/\/speechi.com\/de\/wp-json\/wp\/v2\/comments?post=44213174"}],"version-history":[{"count":7,"href":"https:\/\/speechi.com\/de\/wp-json\/wp\/v2\/pages\/44213174\/revisions"}],"predecessor-version":[{"id":44213185,"href":"https:\/\/speechi.com\/de\/wp-json\/wp\/v2\/pages\/44213174\/revisions\/44213185"}],"wp:attachment":[{"href":"https:\/\/speechi.com\/de\/wp-json\/wp\/v2\/media?parent=44213174"}],"wp:term":[{"taxonomy":"difl_page_category","embeddable":true,"href":"https:\/\/speechi.com\/de\/wp-json\/wp\/v2\/difl_page_category?post=44213174"}],"curies":[{"name":"wp","href":"https:\/\/api.w.org\/{rel}","templated":true}]}}