{"id":44164845,"date":"2023-07-11T11:50:13","date_gmt":"2023-07-11T09:50:13","guid":{"rendered":"https:\/\/speechi.com\/empresa-blog\/"},"modified":"2024-10-14T12:01:48","modified_gmt":"2024-10-14T10:01:48","slug":"empresa-blog","status":"publish","type":"page","link":"https:\/\/speechi.com\/es\/empresa-blog\/","title":{"rendered":"Empresa blog"},"content":{"rendered":"<p>[et_pb_section fb_built=\u00bb1&#8243; _builder_version=\u00bb4.21.0&#8243; _module_preset=\u00bbdefault\u00bb custom_padding=\u00bb||2px|||\u00bb global_colors_info=\u00bb{}\u00bb][et_pb_row _builder_version=\u00bb4.21.0&#8243; _module_preset=\u00bbdefault\u00bb global_colors_info=\u00bb{}\u00bb][et_pb_column type=\u00bb4_4&#8243; _builder_version=\u00bb4.21.0&#8243; _module_preset=\u00bbdefault\u00bb global_colors_info=\u00bb{}\u00bb][et_pb_text _builder_version=\u00bb4.21.0&#8243; _module_preset=\u00bbdefault\u00bb header_text_align=\u00bbcenter\u00bb global_colors_info=\u00bb{}\u00bb]<\/p>\n<h1>La pantalla interactiva SpeechiTouch: consejos y usos <\/h1>\n<p>[\/et_pb_text][et_pb_text _builder_version=\u00bb4.21.0&#8243; _module_preset=\u00bbdefault\u00bb text_orientation=\u00bbcenter\u00bb global_colors_info=\u00bb{}\u00bb]<\/p>\n<p>Nuestros expertos en interactividad le guiar\u00e1n a trav\u00e9s de carpetas sobre colaboraci\u00f3n, gesti\u00f3n de proyectos, equipos conectados, videoconferencias, teletrabajo y mucho m\u00e1s.<\/p>\n<p>[\/et_pb_text][\/et_pb_column][\/et_pb_row][\/et_pb_section][et_pb_section fb_built=\u00bb1&#8243; _builder_version=\u00bb4.21.0&#8243; _module_preset=\u00bbdefault\u00bb custom_padding=\u00bb||2px|||\u00bb global_colors_info=\u00bb{}\u00bb][et_pb_row _builder_version=\u00bb4.21.0&#8243; _module_preset=\u00bbdefault\u00bb global_colors_info=\u00bb{}\u00bb][et_pb_column type=\u00bb4_4&#8243; _builder_version=\u00bb4.21.0&#8243; _module_preset=\u00bbdefault\u00bb global_colors_info=\u00bb{}\u00bb][et_pb_blog posts_number=\u00bb1&#8243; include_categories=\u00bb49&#8243; use_manual_excerpt=\u00bboff\u00bb show_author=\u00bboff\u00bb show_categories=\u00bboff\u00bb show_excerpt=\u00bboff\u00bb show_pagination=\u00bboff\u00bb _builder_version=\u00bb4.21.0&#8243; _module_preset=\u00bbdefault\u00bb meta_font=\u00bb|300|||||||\u00bb meta_font_size=\u00bb12px\u00bb hover_enabled=\u00bb0&#8243; global_colors_info=\u00bb{}\u00bb show_date=\u00bboff\u00bb sticky_enabled=\u00bb0&#8243;][\/et_pb_blog][\/et_pb_column][\/et_pb_row][et_pb_row _builder_version=\u00bb4.21.0&#8243; _module_preset=\u00bbdefault\u00bb global_colors_info=\u00bb{}\u00bb][et_pb_column type=\u00bb4_4&#8243; _builder_version=\u00bb4.21.0&#8243; _module_preset=\u00bbdefault\u00bb global_colors_info=\u00bb{}\u00bb][et_pb_blog fullwidth=\u00bboff\u00bb posts_number=\u00bb9&#8243; include_categories=\u00bb49&#8243; use_manual_excerpt=\u00bboff\u00bb show_author=\u00bboff\u00bb show_categories=\u00bboff\u00bb show_excerpt=\u00bboff\u00bb show_pagination=\u00bboff\u00bb offset_number=\u00bb1&#8243; _builder_version=\u00bb4.21.0&#8243; _module_preset=\u00bbdefault\u00bb header_font=\u00bbMontserrat|600|||||||\u00bb header_font_size=\u00bb20px\u00bb meta_font=\u00bb|300|||||||\u00bb meta_font_size=\u00bb12px\u00bb hover_enabled=\u00bb0&#8243; border_width_all=\u00bb0px\u00bb global_colors_info=\u00bb{}\u00bb show_date=\u00bboff\u00bb sticky_enabled=\u00bb0&#8243;][\/et_pb_blog][\/et_pb_column][\/et_pb_row][\/et_pb_section][et_pb_section fb_built=\u00bb1&#8243; _builder_version=\u00bb4.21.0&#8243; _module_preset=\u00bbdefault\u00bb custom_padding=\u00bb5px|||||\u00bb global_colors_info=\u00bb{}\u00bb][et_pb_row _builder_version=\u00bb4.21.0&#8243; _module_preset=\u00bbdefault\u00bb global_colors_info=\u00bb{}\u00bb][et_pb_column type=\u00bb4_4&#8243; _builder_version=\u00bb4.21.0&#8243; _module_preset=\u00bbdefault\u00bb global_colors_info=\u00bb{}\u00bb][et_pb_text _builder_version=\u00bb4.21.0&#8243; _module_preset=\u00bbdefault\u00bb header_2_font=\u00bbMontserrat|700|||||||\u00bb header_2_text_align=\u00bbcenter\u00bb header_2_font_size=\u00bb40px\u00bb global_colors_info=\u00bb{}\u00bb]<\/p>\n<h2>Todos los art\u00edculos<\/h2>\n<p>[\/et_pb_text][\/et_pb_column][\/et_pb_row][et_pb_row _builder_version=\u00bb4.21.0&#8243; _module_preset=\u00bbdefault\u00bb global_colors_info=\u00bb{}\u00bb][et_pb_column type=\u00bb4_4&#8243; _builder_version=\u00bb4.21.0&#8243; _module_preset=\u00bbdefault\u00bb global_colors_info=\u00bb{}\u00bb][et_pb_blog fullwidth=\u00bboff\u00bb posts_number=\u00bb100&#8243; include_categories=\u00bb49&#8243; use_manual_excerpt=\u00bboff\u00bb show_author=\u00bboff\u00bb show_categories=\u00bboff\u00bb show_excerpt=\u00bboff\u00bb show_pagination=\u00bboff\u00bb offset_number=\u00bb1&#8243; _builder_version=\u00bb4.21.0&#8243; _module_preset=\u00bbdefault\u00bb header_font=\u00bbMontserrat|600|||||||\u00bb header_font_size=\u00bb20px\u00bb meta_font=\u00bb|300|||||||\u00bb meta_font_size=\u00bb12px\u00bb hover_enabled=\u00bb0&#8243; border_width_all=\u00bb0px\u00bb global_colors_info=\u00bb{}\u00bb show_date=\u00bboff\u00bb sticky_enabled=\u00bb0&#8243;][\/et_pb_blog][\/et_pb_column][\/et_pb_row][\/et_pb_section][et_pb_section fb_built=\u00bb1&#8243; _builder_version=\u00bb4.21.0&#8243; _module_preset=\u00bbdefault\u00bb global_colors_info=\u00bb{}\u00bb][et_pb_row _builder_version=\u00bb4.21.0&#8243; _module_preset=\u00bbdefault\u00bb global_colors_info=\u00bb{}\u00bb][et_pb_column type=\u00bb4_4&#8243; _builder_version=\u00bb4.21.0&#8243; _module_preset=\u00bbdefault\u00bb global_colors_info=\u00bb{}\u00bb][et_pb_text _builder_version=\u00bb4.21.0&#8243; _module_preset=\u00bbdefault\u00bb global_colors_info=\u00bb{}\u00bb]<\/p>\n<p>En el panorama profesional actual, predominan las pantallas interactivas. Han transformado completamente las formas de comunicaci\u00f3n y colaboraci\u00f3n en las empresas modernas. M\u00e1s que una simple herramienta de proyecci\u00f3n, estas pantallas ofrecen una multitud de caracter\u00edsticas que optimizan los intercambios y refuerzan la cohesi\u00f3n de los equipos.  <\/p>\n<p>Durante las reuniones, ya se trate de lluvia de ideas, presentaciones de proyectos o sesiones de formaci\u00f3n, estas pantallas resultan indispensables. Permiten ilustrar ideas con animaciones, gr\u00e1ficos o v\u00eddeos, haciendo que los conceptos complejos sean m\u00e1s digeribles. La interacci\u00f3n t\u00e1ctil tambi\u00e9n fomenta la participaci\u00f3n activa, lo que fomenta un di\u00e1logo constructivo entre los participantes.  <\/p>\n<p>Su flexibilidad es otra ventaja importante. Con la capacidad de conectarse a varios dispositivos, facilitan el intercambio de informaci\u00f3n y hacen que el trabajo colaborativo sea fluido, sin importar d\u00f3nde se encuentre cada colaborador. As\u00ed pues, cada sector de actividad, desde las finanzas hasta el marketing, pasando por la ingenier\u00eda o los recursos humanos, se beneficia de esta tecnolog\u00eda.  <\/p>\n<p>Su integraci\u00f3n facilita el acceso a una variedad de aplicaciones profesionales, lo que aumenta la eficiencia de las sesiones de trabajo. Los equipos pueden anotar en directo, compartir comentarios al instante y tomar decisiones informadas. <\/p>\n<p>Las pantallas interactivas son mucho m\u00e1s que un simple gadget tecnol\u00f3gico; son el coraz\u00f3n de la empresa moderna. Para consejos, testimonios o informaci\u00f3n sobre su uso, nuestro blog especializado est\u00e1 a su disposici\u00f3n. <\/p>\n<p>[\/et_pb_text][\/et_pb_column][\/et_pb_row][\/et_pb_section][et_pb_section fb_built=\u00bb1&#8243; _builder_version=\u00bb4.21.0&#8243; _module_preset=\u00bbdefault\u00bb global_colors_info=\u00bb{}\u00bb][et_pb_row _builder_version=\u00bb4.21.0&#8243; _module_preset=\u00bbdefault\u00bb background_color=\u00bb#323a45&#8243; global_colors_info=\u00bb{}\u00bb][et_pb_column type=\u00bb4_4&#8243; _builder_version=\u00bb4.21.0&#8243; _module_preset=\u00bbdefault\u00bb global_colors_info=\u00bb{}\u00bb][et_pb_text _builder_version=\u00bb4.21.0&#8243; _module_preset=\u00bbdefault\u00bb header_4_font=\u00bbMontserrat|600|||||||\u00bb header_4_text_align=\u00bbcenter\u00bb header_4_text_color=\u00bb#ffffff\u00bb header_4_font_size=\u00bb30px\u00bb custom_padding=\u00bb|80px||80px|false|true\u00bb global_colors_info=\u00bb{}\u00bb]<\/p>\n<h4>Inscr\u00edbase para recibir nuestros consejos sobre las futuras salas de reuniones<\/h4>\n<p>[\/et_pb_text][et_pb_code _builder_version=\u00bb4.21.0&#8243; _module_preset=\u00bbdefault\u00bb custom_padding=\u00bb|150px||150px|false|true\u00bb global_colors_info=\u00bb{}\u00bb]<iframe frameborder=\"0\" style=\"height:220px;width:99%;border:none;\" src=\"https:\/\/forms.zohopublic.com\/thierryklein\/form\/NewsletterSpeechicomblog\/formperma\/M_8Uv-mwcTbC-xYRENE8tm9JmhJwG1sJa88mxdZWV3U?zf_lang=es\"><\/iframe>[\/et_pb_code][\/et_pb_column][\/et_pb_row][\/et_pb_section]<\/p>\n","protected":false},"excerpt":{"rendered":"<p>La pantalla interactiva SpeechiTouch: consejos y usos Nuestros expertos en interactividad le guiar\u00e1n a trav\u00e9s de carpetas sobre colaboraci\u00f3n, gesti\u00f3n de proyectos, equipos conectados, videoconferencias, teletrabajo y mucho m\u00e1s.Todos los art\u00edculosEn el panorama profesional actual, predominan las pantallas interactivas. Han transformado completamente las formas de comunicaci\u00f3n y colaboraci\u00f3n en las empresas modernas. M\u00e1s que una [&hellip;]<\/p>\n","protected":false},"author":3,"featured_media":0,"parent":0,"menu_order":0,"comment_status":"closed","ping_status":"closed","template":"","meta":{"_acf_changed":false,"_seopress_robots_primary_cat":"","_seopress_titles_title":"Noticias Pantalla T\u00e1ctil Interactiva Sala de Reuniones y Conferencias","_seopress_titles_desc":"Descubra las \u00faltimas novedades de Speechi y nuestras soluciones innovadoras para empresas. Energice sus salas de reuniones y conferencias.","_seopress_robots_index":"","_et_pb_use_builder":"on","_et_pb_old_content":"","_et_gb_content_width":"","footnotes":""},"difl_page_category":[],"class_list":["post-44164845","page","type-page","status-publish","hentry"],"acf":[],"_links":{"self":[{"href":"https:\/\/speechi.com\/es\/wp-json\/wp\/v2\/pages\/44164845","targetHints":{"allow":["GET"]}}],"collection":[{"href":"https:\/\/speechi.com\/es\/wp-json\/wp\/v2\/pages"}],"about":[{"href":"https:\/\/speechi.com\/es\/wp-json\/wp\/v2\/types\/page"}],"author":[{"embeddable":true,"href":"https:\/\/speechi.com\/es\/wp-json\/wp\/v2\/users\/3"}],"replies":[{"embeddable":true,"href":"https:\/\/speechi.com\/es\/wp-json\/wp\/v2\/comments?post=44164845"}],"version-history":[{"count":10,"href":"https:\/\/speechi.com\/es\/wp-json\/wp\/v2\/pages\/44164845\/revisions"}],"predecessor-version":[{"id":44175229,"href":"https:\/\/speechi.com\/es\/wp-json\/wp\/v2\/pages\/44164845\/revisions\/44175229"}],"wp:attachment":[{"href":"https:\/\/speechi.com\/es\/wp-json\/wp\/v2\/media?parent=44164845"}],"wp:term":[{"taxonomy":"difl_page_category","embeddable":true,"href":"https:\/\/speechi.com\/es\/wp-json\/wp\/v2\/difl_page_category?post=44164845"}],"curies":[{"name":"wp","href":"https:\/\/api.w.org\/{rel}","templated":true}]}}