{"id":44168376,"date":"2023-03-20T12:04:50","date_gmt":"2023-03-20T11:04:50","guid":{"rendered":"https:\/\/speechi.com\/partner\/"},"modified":"2024-07-19T14:36:13","modified_gmt":"2024-07-19T12:36:13","slug":"partner","status":"publish","type":"page","link":"https:\/\/speechi.com\/es\/partner\/","title":{"rendered":"Partner"},"content":{"rendered":"<p>[et_pb_section fb_built=\u00bb1&#8243; _builder_version=\u00bb4.20.2&#8243; _module_preset=\u00bbdefault\u00bb background_image=\u00bbhttps:\/\/cdn.speechi.com\/wp-content\/uploads\/2023\/03\/speechi-partner-program.jpg\u00bb background_color_tablet=\u00bb#323a45&#8243; background_last_edited=\u00bbon|phone\u00bb background_enable_color_tablet=\u00bbon\u00bb background_enable_image_tablet=\u00bboff\u00bb global_colors_info=\u00bb{}\u00bb][et_pb_row column_structure=\u00bb1_3,2_3&#8243; _builder_version=\u00bb4.20.2&#8243; _module_preset=\u00bbdefault\u00bb global_colors_info=\u00bb{}\u00bb][et_pb_column type=\u00bb1_3&#8243; _builder_version=\u00bb4.20.2&#8243; _module_preset=\u00bbdefault\u00bb global_colors_info=\u00bb{}\u00bb][\/et_pb_column][et_pb_column type=\u00bb2_3&#8243; _builder_version=\u00bb4.20.2&#8243; _module_preset=\u00bbdefault\u00bb global_colors_info=\u00bb{}\u00bb][et_pb_text _builder_version=\u00bb4.20.2&#8243; _module_preset=\u00bbdefault\u00bb header_text_color=\u00bb#ffffff\u00bb global_colors_info=\u00bb{}\u00bb]<\/p>\n<h1>Convertirse en partner Speechi<\/h1>\n<p>[\/et_pb_text][et_pb_text _builder_version=\u00bb4.20.2&#8243; _module_preset=\u00bbdefault\u00bb text_text_color=\u00bb#ffffff\u00bb header_4_text_color=\u00bb#ffffff\u00bb global_colors_info=\u00bb{}\u00bb]<\/p>\n<h4><strong>Diversificar y diferenciarse con una alianza duradera<\/strong><\/h4>\n<p>Speechi es el l\u00edder de la interactividad en Francia desde hace 20 a\u00f1os. Esta posici\u00f3n de liderazgo se ha adquirido gracias a la experiencia y a la innovaci\u00f3n constante en equipamientos t\u00e1ctiles y el desarrollo de un software potente.<\/p>\n<p>Adel\u00e1ntate a tus competidores uni\u00e9ndote a nuestra red europea de partners.<\/p>\n<p><strong><\/strong><\/p>\n<p>[\/et_pb_text][et_pb_button button_url=\u00bb#contactpartenaires\u00bb button_text=\u00bbUnirse a nosotros\u00bb _builder_version=\u00bb4.20.2&#8243; _module_preset=\u00bbdefault\u00bb custom_button=\u00bbon\u00bb button_text_color=\u00bb#ffffff\u00bb button_border_radius=\u00bb45px\u00bb global_colors_info=\u00bb{}\u00bb][\/et_pb_button][\/et_pb_column][\/et_pb_row][\/et_pb_section][et_pb_section fb_built=\u00bb1&#8243; _builder_version=\u00bb4.20.2&#8243; _module_preset=\u00bbdefault\u00bb custom_margin=\u00bb||-65px|||\u00bb global_colors_info=\u00bb{}\u00bb][et_pb_row _builder_version=\u00bb4.20.2&#8243; _module_preset=\u00bbdefault\u00bb global_colors_info=\u00bb{}\u00bb][et_pb_column type=\u00bb4_4&#8243; _builder_version=\u00bb4.20.2&#8243; _module_preset=\u00bbdefault\u00bb global_colors_info=\u00bb{}\u00bb][et_pb_text _builder_version=\u00bb4.20.2&#8243; _module_preset=\u00bbdefault\u00bb global_colors_info=\u00bb{}\u00bb]<\/p>\n<h2 style=\"text-align: center;\">\u00bfA qui\u00e9n se dirige nuestro programa de partners?<\/h2>\n<p>[\/et_pb_text][\/et_pb_column][\/et_pb_row][\/et_pb_section][et_pb_section fb_built=\u00bb1&#8243; _builder_version=\u00bb4.20.2&#8243; _module_preset=\u00bbdefault\u00bb custom_padding=\u00bb0px|||||\u00bb global_colors_info=\u00bb{}\u00bb][et_pb_row column_structure=\u00bb1_3,1_3,1_3&#8243; _builder_version=\u00bb4.20.2&#8243; _module_preset=\u00bbdefault\u00bb global_colors_info=\u00bb{}\u00bb][et_pb_column type=\u00bb1_3&#8243; _builder_version=\u00bb4.20.2&#8243; _module_preset=\u00bbdefault\u00bb global_colors_info=\u00bb{}\u00bb][et_pb_image src=\u00bbhttps:\/\/cdn.speechi.com\/wp-content\/uploads\/2023\/03\/interactive-screen-classroom-2.jpg\u00bb alt=\u00bbLos alumnos pueden trabajar en grupos para resolver problemas utilizando la pizarra interactiva.\u00bb title_text=\u00bbLos alumnos pueden trabajar en grupos para resolver problemas utilizando la pizarra interactiva.\u00bb _builder_version=\u00bb4.20.2&#8243; _module_preset=\u00bbdefault\u00bb global_colors_info=\u00bb{}\u00bb][\/et_pb_image][et_pb_text _builder_version=\u00bb4.20.2&#8243; _module_preset=\u00bbdefault\u00bb header_3_text_align=\u00bbcenter\u00bb header_3_line_height=\u00bb1.3em\u00bb global_colors_info=\u00bb{}\u00bb]<\/p>\n<h3>Te dedicas a equipar aulas digitales<\/h3>\n<p>[\/et_pb_text][et_pb_text _builder_version=\u00bb4.20.2&#8243; _module_preset=\u00bbdefault\u00bb custom_padding=\u00bb||0px|||\u00bb global_colors_info=\u00bb{}\u00bb]<\/p>\n<p>Deseas apoyar a tus clientes del sector educativo ofreci\u00e9ndoles pizarras digitales interactivas y accesorios que mejoren la transmisi\u00f3n de los conocimientos.<\/p>\n<p>[\/et_pb_text][\/et_pb_column][et_pb_column type=\u00bb1_3&#8243; _builder_version=\u00bb4.20.2&#8243; _module_preset=\u00bbdefault\u00bb global_colors_info=\u00bb{}\u00bb][et_pb_image src=\u00bbhttps:\/\/cdn.speechi.com\/wp-content\/uploads\/2023\/03\/interactive-screen-office.jpg\u00bb alt=\u00bbLa moderna pantalla interactiva de la sala de reuniones permite a los participantes trabajar juntos con mayor eficacia.\u00bb title_text=\u00bbLa moderna pantalla interactiva de la sala de reuniones permite a los participantes trabajar juntos con mayor eficacia.\u00bb _builder_version=\u00bb4.20.2&#8243; _module_preset=\u00bbdefault\u00bb global_colors_info=\u00bb{}\u00bb][\/et_pb_image][et_pb_text _builder_version=\u00bb4.20.2&#8243; _module_preset=\u00bbdefault\u00bb header_3_text_align=\u00bbcenter\u00bb header_3_line_height=\u00bb1.3em\u00bb global_colors_info=\u00bb{}\u00bb]<\/p>\n<h3>Equipas salas de reuniones conectadas<\/h3>\n<p>[\/et_pb_text][et_pb_text _builder_version=\u00bb4.20.2&#8243; _module_preset=\u00bbdefault\u00bb global_colors_info=\u00bb{}\u00bb]<\/p>\n<p>Tus clientes empresariales de todos los sectores buscan herramientas digitales innovadoras para mejorar la productividad de forma presencial y mediante videoconferencia.<\/p>\n<p>[\/et_pb_text][\/et_pb_column][et_pb_column type=\u00bb1_3&#8243; _builder_version=\u00bb4.20.2&#8243; _module_preset=\u00bbdefault\u00bb global_colors_info=\u00bb{}\u00bb][et_pb_image src=\u00bbhttps:\/\/cdn.speechi.com\/wp-content\/uploads\/2023\/03\/interactive-screen-museum-2.jpg\u00bb alt=\u00bbSoluci\u00f3n de comunicaci\u00f3n por pantalla de videoconferencia\u00bb title_text=\u00bbSoluci\u00f3n de comunicaci\u00f3n por pantalla de videoconferencia\u00bb _builder_version=\u00bb4.20.2&#8243; _module_preset=\u00bbdefault\u00bb global_colors_info=\u00bb{}\u00bb][\/et_pb_image][et_pb_text _builder_version=\u00bb4.20.2&#8243; _module_preset=\u00bbdefault\u00bb header_3_text_align=\u00bbcenter\u00bb header_3_line_height=\u00bb1.3em\u00bb global_colors_info=\u00bb{}\u00bb]<\/p>\n<h3>Digitalizas espacios p\u00fablicos o privados<\/h3>\n<p>[\/et_pb_text][et_pb_text _builder_version=\u00bb4.20.2&#8243; _module_preset=\u00bbdefault\u00bb global_colors_info=\u00bb{}\u00bb]<\/p>\n<p>Ofreces a tus clientes materiales y software interactivos para dinamizar los espacios de colaboraci\u00f3n, intercambio y recepci\u00f3n.<\/p>\n<p>[\/et_pb_text][\/et_pb_column][\/et_pb_row][\/et_pb_section][et_pb_section fb_built=\u00bb1&#8243; specialty=\u00bbon\u00bb admin_label=\u00bbAll Courses\u00bb _builder_version=\u00bb4.20.2&#8243; background_color=\u00bb#f5f5f5&#8243; custom_padding=\u00bb80px|0px|100px|0px||\u00bb global_colors_info=\u00bb{}\u00bb][et_pb_column type=\u00bb1_3&#8243; _builder_version=\u00bb4.16&#8243; custom_padding=\u00bb|||\u00bb global_colors_info=\u00bb{}\u00bb parallax__hover=\u00bboff\u00bb parallax_method__hover=\u00bbon\u00bb custom_padding__hover=\u00bb|||\u00bb][et_pb_text _builder_version=\u00bb4.20.2&#8243; header_font=\u00bb||||||||\u00bb header_2_font=\u00bb|700|||||||\u00bb header_2_font_size=\u00bb36px\u00bb header_2_line_height=\u00bb1.3em\u00bb custom_margin=\u00bb||20px|\u00bb animation_style=\u00bbslide\u00bb animation_direction=\u00bbbottom\u00bb animation_intensity_slide=\u00bb10%\u00bb locked=\u00bboff\u00bb global_colors_info=\u00bb{}\u00bb header_font_size__hover=\u00bb30px\u00bb header_font_size__hover_enabled=\u00bb30px\u00bb header_letter_spacing__hover=\u00bb0px\u00bb header_letter_spacing__hover_enabled=\u00bb0px\u00bb header_text_shadow_style__hover=\u00bbnone\u00bb header_text_shadow_style__hover_enabled=\u00bbnone\u00bb header_text_shadow_color__hover=\u00bbrgba(0,0,0,0.4)\u00bb header_text_shadow_color__hover_enabled=\u00bbrgba(0,0,0,0.4)\u00bb]<\/p>\n<h2>Ganar con Speechi<\/h2>\n<p>[\/et_pb_text][et_pb_text _builder_version=\u00bb4.20.2&#8243; text_font=\u00bb||||||||\u00bb text_line_height=\u00bb1.9em\u00bb header_font=\u00bb||||||||\u00bb header_4_font=\u00bb|700|||||||\u00bb header_4_font_size=\u00bb16px\u00bb header_4_line_height=\u00bb1.9em\u00bb animation_style=\u00bbzoom\u00bb animation_intensity_zoom=\u00bb6%\u00bb locked=\u00bboff\u00bb global_colors_info=\u00bb{}\u00bb]<\/p>\n<h4>\u00bfQuieres aumentar tu volumen de negocio con un cat\u00e1logo diversificado de herramientas colaborativas?<\/h4>\n<p>Podemos ofrecerte mucho m\u00e1s que pantallas t\u00e1ctiles conectadas. Unirte a la red Speechi significa poder contar con servicios tan innovadores como nuestros productos.<\/p>\n<p>[\/et_pb_text][\/et_pb_column][et_pb_column type=\u00bb2_3&#8243; specialty_columns=\u00bb2&#8243; _builder_version=\u00bb4.16&#8243; custom_padding=\u00bb|||\u00bb global_colors_info=\u00bb{}\u00bb parallax__hover=\u00bboff\u00bb parallax_method__hover=\u00bbon\u00bb custom_padding__hover=\u00bb|||\u00bb][et_pb_row_inner column_structure=\u00bb1_2,1_2&#8243; use_custom_gutter=\u00bbon\u00bb gutter_width=\u00bb1&#8243; _builder_version=\u00bb4.20.2&#8243; custom_padding=\u00bb0px|0px|0px|0px\u00bb animation_style=\u00bbzoom\u00bb animation_intensity_zoom=\u00bb6%\u00bb global_colors_info=\u00bb{}\u00bb][et_pb_column_inner type=\u00bb1_2&#8243; saved_specialty_column_type=\u00bb2_3&#8243; module_class=\u00bbet_pb_column_1_2&#8243; _builder_version=\u00bb4.16&#8243; custom_padding=\u00bb|||\u00bb global_colors_info=\u00bb{}\u00bb parallax__hover=\u00bboff\u00bb parallax_method__hover=\u00bbon\u00bb module_class__hover=\u00bbet_pb_column_1_2&#8243; custom_padding__hover=\u00bb|||\u00bb][et_pb_blurb title=\u00bbInnovaci\u00f3n constante\u00bb image=\u00bbhttps:\/\/cdn.speechi.com\/wp-content\/uploads\/2023\/03\/innovation-interactive-screen-1.svg\u00bb alt=\u00bbInnovaci\u00f3n constante\u00bb icon_placement=\u00bbleft\u00bb image_icon_width=\u00bb64px\u00bb content_max_width=\u00bb1100px\u00bb _builder_version=\u00bb4.20.2&#8243; header_font=\u00bb|on|||\u00bb header_line_height=\u00bb1.5em\u00bb background_color=\u00bbRGBA(255,255,255,0)\u00bb custom_margin=\u00bb|||\u00bb custom_padding=\u00bb30px|30px|30px|0px|false|false\u00bb animation_style=\u00bbzoom\u00bb animation_direction=\u00bbbottom\u00bb animation_intensity_zoom=\u00bb20%\u00bb animation_starting_opacity=\u00bb100%\u00bb image_max_width=\u00bb64px\u00bb locked=\u00bboff\u00bb global_colors_info=\u00bb{}\u00bb]<\/p>\n<p>Con Speechi, permanece o convi\u00e9rtete en el l\u00edder de tu mercado ofreciendo productos de vanguardia.<\/p>\n<p>[\/et_pb_blurb][et_pb_blurb title=\u00bbPrecios competitivos\u00bb image=\u00bbhttps:\/\/cdn.speechi.com\/wp-content\/uploads\/2023\/03\/money-interactive-screen.svg\u00bb alt=\u00bbPrecios competitivos\u00bb icon_placement=\u00bbleft\u00bb image_icon_width=\u00bb64px\u00bb content_max_width=\u00bb1100px\u00bb _builder_version=\u00bb4.20.2&#8243; header_font=\u00bb|on|||\u00bb header_line_height=\u00bb1.5em\u00bb background_enable_color=\u00bboff\u00bb custom_margin=\u00bb|||\u00bb custom_padding=\u00bb30px|30px|30px|0px|false|false\u00bb animation_style=\u00bbzoom\u00bb animation_direction=\u00bbbottom\u00bb animation_intensity_zoom=\u00bb20%\u00bb animation_starting_opacity=\u00bb100%\u00bb image_max_width=\u00bb64px\u00bb locked=\u00bboff\u00bb global_colors_info=\u00bb{}\u00bb]<\/p>\n<p>Te aseguramos un posicionamiento favorable <br \/>en el mercado con precios atractivos.<\/p>\n<p>[\/et_pb_blurb][et_pb_blurb title=\u00bbMarketing kit\u00bb image=\u00bbhttps:\/\/cdn.speechi.com\/wp-content\/uploads\/2023\/03\/marketing-interactive-screen.svg\u00bb alt=\u00bbmarketing speechi\u00bb icon_placement=\u00bbleft\u00bb image_icon_width=\u00bb64px\u00bb content_max_width=\u00bb1100px\u00bb _builder_version=\u00bb4.20.2&#8243; header_font=\u00bb|on|||\u00bb header_line_height=\u00bb1.5em\u00bb background_enable_color=\u00bboff\u00bb custom_margin=\u00bb|||\u00bb custom_padding=\u00bb30px|30px|30px|0px|false|false\u00bb animation_style=\u00bbzoom\u00bb animation_direction=\u00bbbottom\u00bb animation_intensity_zoom=\u00bb20%\u00bb animation_starting_opacity=\u00bb100%\u00bb image_max_width=\u00bb64px\u00bb locked=\u00bboff\u00bb global_colors_info=\u00bb{}\u00bb]<\/p>\n<p>Tienes acceso a todos nuestros recursos de marketing, desde medios de comunicaci\u00f3n hasta herramientas de demostraci\u00f3n.<\/p>\n<p>[\/et_pb_blurb][et_pb_blurb title=\u00bbPersonalizaci\u00f3n\u00bb image=\u00bbhttps:\/\/cdn.speechi.com\/wp-content\/uploads\/2023\/03\/custom-interactive-screen.svg\u00bb alt=\u00bbPersonalizaci\u00f3n\u00bb icon_placement=\u00bbleft\u00bb image_icon_width=\u00bb64px\u00bb content_max_width=\u00bb1100px\u00bb _builder_version=\u00bb4.20.2&#8243; header_font=\u00bb|on|||\u00bb header_line_height=\u00bb1.5em\u00bb background_enable_color=\u00bboff\u00bb custom_margin=\u00bb|||\u00bb custom_padding=\u00bb30px|30px|30px|0px|false|false\u00bb animation_style=\u00bbzoom\u00bb animation_direction=\u00bbbottom\u00bb animation_intensity_zoom=\u00bb20%\u00bb animation_starting_opacity=\u00bb100%\u00bb image_max_width=\u00bb64px\u00bb locked=\u00bboff\u00bb global_colors_info=\u00bb{}\u00bb]<\/p>\n<p>Nuestras pantallas interactivas conectadas pueden personalizarse a distintos niveles.<\/p>\n<p>[\/et_pb_blurb][\/et_pb_column_inner][et_pb_column_inner type=\u00bb1_2&#8243; saved_specialty_column_type=\u00bb2_3&#8243; module_class=\u00bbet_pb_column_1_2&#8243; _builder_version=\u00bb4.16&#8243; custom_padding=\u00bb|||\u00bb global_colors_info=\u00bb{}\u00bb parallax__hover=\u00bboff\u00bb parallax_method__hover=\u00bbon\u00bb module_class__hover=\u00bbet_pb_column_1_2&#8243; custom_padding__hover=\u00bb|||\u00bb][et_pb_blurb title=\u00bbLeads calificados\u00bb image=\u00bbhttps:\/\/cdn.speechi.com\/wp-content\/uploads\/2023\/03\/partners-interactive-screen-1.svg\u00bb alt=\u00bbLeads calificados\u00bb icon_placement=\u00bbleft\u00bb image_icon_width=\u00bb64px\u00bb content_max_width=\u00bb1100px\u00bb _builder_version=\u00bb4.20.2&#8243; header_font=\u00bb|on|||\u00bb header_line_height=\u00bb1.5em\u00bb background_enable_color=\u00bboff\u00bb custom_margin=\u00bb|||\u00bb custom_padding=\u00bb30px|30px|30px|0px|false|false\u00bb animation_style=\u00bbzoom\u00bb animation_direction=\u00bbbottom\u00bb animation_intensity_zoom=\u00bb20%\u00bb animation_starting_opacity=\u00bb100%\u00bb image_max_width=\u00bb64px\u00bb locked=\u00bboff\u00bb global_colors_info=\u00bb{}\u00bb]<\/p>\n<p>\u00a1No hay competencia entre nosotros! Te proporcionamos todos los contactos de clientes potenciales cerca de ti.<\/p>\n<p>[\/et_pb_blurb][et_pb_blurb title=\u00bbSoporte prioritario\u00bb image=\u00bbhttps:\/\/cdn.speechi.com\/wp-content\/uploads\/2023\/03\/support-interactive-screen.svg\u00bb alt=\u00bbSoporte prioritario\u00bb icon_placement=\u00bbleft\u00bb image_icon_width=\u00bb64px\u00bb content_max_width=\u00bb1100px\u00bb _builder_version=\u00bb4.20.2&#8243; header_font=\u00bb|on|||\u00bb header_line_height=\u00bb1.5em\u00bb background_enable_color=\u00bboff\u00bb custom_margin=\u00bb|||\u00bb custom_padding=\u00bb30px|30px|30px|0px|false|false\u00bb animation_style=\u00bbzoom\u00bb animation_direction=\u00bbbottom\u00bb animation_intensity_zoom=\u00bb20%\u00bb animation_starting_opacity=\u00bb100%\u00bb image_max_width=\u00bb64px\u00bb locked=\u00bboff\u00bb global_colors_info=\u00bb{}\u00bb]<\/p>\n<p>Nuestro equipo t\u00e9cnico trata tus solicitudes con absoluta prioridad y te acompa\u00f1a en cada proyecto.<\/p>\n<p>[\/et_pb_blurb][et_pb_blurb title=\u00bbFormaci\u00f3n\u00bb image=\u00bbhttps:\/\/cdn.speechi.com\/wp-content\/uploads\/2023\/03\/formation-interactive-screen.svg\u00bb alt=\u00bbFormaci\u00f3n\u00bb icon_placement=\u00bbleft\u00bb image_icon_width=\u00bb64px\u00bb content_max_width=\u00bb1100px\u00bb _builder_version=\u00bb4.20.2&#8243; header_font=\u00bb|on|||\u00bb header_line_height=\u00bb1.5em\u00bb background_enable_color=\u00bboff\u00bb custom_margin=\u00bb|||\u00bb custom_padding=\u00bb30px|30px|30px|0px|false|false\u00bb animation_style=\u00bbzoom\u00bb animation_direction=\u00bbbottom\u00bb animation_intensity_zoom=\u00bb20%\u00bb animation_starting_opacity=\u00bb100%\u00bb image_max_width=\u00bb64px\u00bb locked=\u00bboff\u00bb global_colors_info=\u00bb{}\u00bb]<\/p>\n<p>Nuestros formadores ayudan a tus equipos a familiarizarse y usar las herramientas de Speechi.<\/p>\n<p>[\/et_pb_blurb][et_pb_blurb title=\u00bbLicitaciones\u00bb image=\u00bbhttps:\/\/cdn.speechi.com\/wp-content\/uploads\/2023\/03\/accompaniment-interactive-screen.svg\u00bb alt=\u00bbPartner Speechi\u00bb icon_placement=\u00bbleft\u00bb image_icon_width=\u00bb64px\u00bb content_max_width=\u00bb1100px\u00bb _builder_version=\u00bb4.20.2&#8243; header_font=\u00bb|on|||\u00bb header_line_height=\u00bb1.5em\u00bb background_enable_color=\u00bboff\u00bb custom_margin=\u00bb|||\u00bb custom_padding=\u00bb30px|30px|30px|0px|false|false\u00bb animation_style=\u00bbzoom\u00bb animation_direction=\u00bbbottom\u00bb animation_intensity_zoom=\u00bb20%\u00bb animation_starting_opacity=\u00bb100%\u00bb image_max_width=\u00bb64px\u00bb locked=\u00bboff\u00bb global_colors_info=\u00bb{}\u00bb]<\/p>\n<p>Un ingeniero comercial experto en interactividad te ayuda a responder a las licitaciones.<\/p>\n<p>[\/et_pb_blurb][\/et_pb_column_inner][\/et_pb_row_inner][\/et_pb_column][\/et_pb_section][et_pb_section fb_built=\u00bb1&#8243; module_id=\u00bbcontactpartenaires\u00bb _builder_version=\u00bb4.20.2&#8243; _module_preset=\u00bbdefault\u00bb use_background_color_gradient=\u00bbon\u00bb background_color_gradient_direction=\u00bb0deg\u00bb background_color_gradient_stops=\u00bb#18b6c3 34%|#ffffff 34%\u00bb custom_padding=\u00bb50px||||false|false\u00bb global_colors_info=\u00bb{}\u00bb][et_pb_row column_structure=\u00bb2_5,3_5&#8243; make_equal=\u00bbon\u00bb _builder_version=\u00bb4.20.2&#8243; _module_preset=\u00bbdefault\u00bb global_colors_info=\u00bb{}\u00bb][et_pb_column type=\u00bb2_5&#8243; _builder_version=\u00bb4.20.2&#8243; _module_preset=\u00bbdefault\u00bb custom_padding=\u00bb||||false|false\u00bb global_colors_info=\u00bb{}\u00bb][et_pb_code _builder_version=\u00bb4.21.0&#8243; _module_preset=\u00bbdefault\u00bb background_color=\u00bb#ffffff\u00bb custom_margin=\u00bb||||false|false\u00bb custom_padding=\u00bb||||false|false\u00bb hover_enabled=\u00bb0&#8243; border_radii=\u00bbon|30px|30px|30px|30px\u00bb box_shadow_style=\u00bbpreset1&#8243; box_shadow_blur=\u00bb9px\u00bb box_shadow_color=\u00bbrgba(175,175,175,0.3)\u00bb global_colors_info=\u00bb{}\u00bb sticky_enabled=\u00bb0&#8243;]<iframe frameborder=\"0\" style=\"height:1150px;width:100%;border:none;\" src=\"https:\/\/forms.zohopublic.com\/thierryklein\/form\/FORMLP\/formperma\/16Ws647vFCQnG1iB6wMZQnASnaMxkY7qpCFWW-ACsZY?zf_lang=es\"><\/iframe>[\/et_pb_code][\/et_pb_column][et_pb_column type=\u00bb3_5&#8243; _builder_version=\u00bb4.20.2&#8243; _module_preset=\u00bbdefault\u00bb global_colors_info=\u00bb{}\u00bb][et_pb_text _builder_version=\u00bb4.20.2&#8243; _module_preset=\u00bbdefault\u00bb global_colors_info=\u00bb{}\u00bb]<\/p>\n<h2>\u00bfQuieres distribuir<\/h2>\n<h2>nuestras soluciones?<\/h2>\n<p>[\/et_pb_text][et_pb_text _builder_version=\u00bb4.20.2&#8243; _module_preset=\u00bbdefault\u00bb custom_padding=\u00bb||2vh||false|false\u00bb global_colors_info=\u00bb{}\u00bb]<\/p>\n<p>Para convertirte en partner y distribuir las soluciones de Speechi aprovech\u00e1ndote de todos nuestros servicios y ventajas, rellena nuestro formulario y un t\u00e9cnico comercial experto se pondr\u00e1 en contacto contigo.<\/p>\n<p>[\/et_pb_text][et_pb_image src=\u00bbhttps:\/\/cdn.speechi.com\/wp-content\/uploads\/2023\/04\/interactive-display-partner.svg\u00bb alt=\u00bbFormulario para convertirte en partner Speechi\u00bb title_text=\u00bbFormulario para convertirte en partner Speechi\u00bb _builder_version=\u00bb4.20.2&#8243; _module_preset=\u00bbdefault\u00bb custom_margin=\u00bb0px||||false|false\u00bb custom_padding=\u00bb0px||||false|false\u00bb global_colors_info=\u00bb{}\u00bb][\/et_pb_image][\/et_pb_column][\/et_pb_row][\/et_pb_section]<\/p>\n","protected":false},"excerpt":{"rendered":"<p>Convertirse en partner SpeechiDiversificar y diferenciarse con una alianza duradera Speechi es el l\u00edder de la interactividad en Francia desde hace 20 a\u00f1os. Esta posici\u00f3n de liderazgo se ha adquirido gracias a la experiencia y a la innovaci\u00f3n constante en equipamientos t\u00e1ctiles y el desarrollo de un software potente. Adel\u00e1ntate a tus competidores uni\u00e9ndote a [&hellip;]<\/p>\n","protected":false},"author":3,"featured_media":0,"parent":0,"menu_order":0,"comment_status":"closed","ping_status":"closed","template":"","meta":{"_acf_changed":false,"_seopress_robots_primary_cat":"","_seopress_titles_title":"Convi\u00e9rtete en partner de Speechi, el experto en interactividad","_seopress_titles_desc":"\u00danete a una red de distribuidores europeos de pantallas digitales interactivas y conectadas destinadas a equipar escuelas y empresas, l\u00edder en Francia.","_seopress_robots_index":"","_et_pb_use_builder":"on","_et_pb_old_content":"","_et_gb_content_width":"","footnotes":""},"difl_page_category":[],"class_list":["post-44168376","page","type-page","status-publish","hentry"],"acf":[],"_links":{"self":[{"href":"https:\/\/speechi.com\/es\/wp-json\/wp\/v2\/pages\/44168376","targetHints":{"allow":["GET"]}}],"collection":[{"href":"https:\/\/speechi.com\/es\/wp-json\/wp\/v2\/pages"}],"about":[{"href":"https:\/\/speechi.com\/es\/wp-json\/wp\/v2\/types\/page"}],"author":[{"embeddable":true,"href":"https:\/\/speechi.com\/es\/wp-json\/wp\/v2\/users\/3"}],"replies":[{"embeddable":true,"href":"https:\/\/speechi.com\/es\/wp-json\/wp\/v2\/comments?post=44168376"}],"version-history":[{"count":5,"href":"https:\/\/speechi.com\/es\/wp-json\/wp\/v2\/pages\/44168376\/revisions"}],"predecessor-version":[{"id":44168381,"href":"https:\/\/speechi.com\/es\/wp-json\/wp\/v2\/pages\/44168376\/revisions\/44168381"}],"wp:attachment":[{"href":"https:\/\/speechi.com\/es\/wp-json\/wp\/v2\/media?parent=44168376"}],"wp:term":[{"taxonomy":"difl_page_category","embeddable":true,"href":"https:\/\/speechi.com\/es\/wp-json\/wp\/v2\/difl_page_category?post=44168376"}],"curies":[{"name":"wp","href":"https:\/\/api.w.org\/{rel}","templated":true}]}}