{"id":44168474,"date":"2024-05-26T18:41:48","date_gmt":"2024-05-26T16:41:48","guid":{"rendered":"https:\/\/speechi.com\/camaras-accesorios-speechi\/"},"modified":"2024-10-08T17:57:18","modified_gmt":"2024-10-08T15:57:18","slug":"camaras-videoconferencia","status":"publish","type":"page","link":"https:\/\/speechi.com\/es\/camaras-videoconferencia\/","title":{"rendered":"C\u00e1maras &#8211; Accesorios Speechi"},"content":{"rendered":"<p>[et_pb_section fb_built=\u00bb1&#8243; admin_label=\u00bbHeader\u00bb _builder_version=\u00bb4.21.0&#8243; _module_preset=\u00bbdefault\u00bb background_enable_color=\u00bboff\u00bb background_image=\u00bbhttps:\/\/speechi.com\/wp-content\/uploads\/2024\/05\/speechi-dist-camera-visio-1-banniere-1.jpg\u00bb custom_margin=\u00bb||||false|false\u00bb custom_padding=\u00bb9vw||9vw||true|false\u00bb collapsed=\u00bbon\u00bb global_colors_info=\u00bb{}\u00bb][et_pb_row _builder_version=\u00bb4.21.0&#8243; _module_preset=\u00bbdefault\u00bb module_alignment=\u00bbcenter\u00bb custom_margin=\u00bb|||0px|false|false\u00bb global_colors_info=\u00bb{}\u00bb][et_pb_column type=\u00bb4_4&#8243; _builder_version=\u00bb4.20.0&#8243; _module_preset=\u00bbdefault\u00bb global_colors_info=\u00bb{}\u00bb][et_pb_text _builder_version=\u00bb4.21.0&#8243; _module_preset=\u00bbdefault\u00bb text_font=\u00bbMontserrat|300|||||||\u00bb text_font_size=\u00bb41px\u00bb text_line_height=\u00bb1.3em\u00bb header_font=\u00bbMontserrat|300|||||||\u00bb header_font_size=\u00bb43px\u00bb header_2_font_size=\u00bb25px\u00bb custom_margin=\u00bb|-101px||-101px|false|true\u00bb custom_padding=\u00bb|0px||0px|false|false\u00bb global_colors_info=\u00bb{}\u00bb]<\/p>\n<h2>videoconferencia<br \/>Speechi<\/h2>\n<h1><strong>Una c\u00e1mara<\/strong><br \/>para cada<br \/>videoconferencia<\/h1>\n<p>[\/et_pb_text][\/et_pb_column][\/et_pb_row][\/et_pb_section][et_pb_section fb_built=\u00bb1&#8243; _builder_version=\u00bb4.21.0&#8243; _module_preset=\u00bbdefault\u00bb global_colors_info=\u00bb{}\u00bb][et_pb_row column_structure=\u00bb1_3,1_3,1_3&#8243; _builder_version=\u00bb4.21.0&#8243; _module_preset=\u00bbdefault\u00bb max_width=\u00bb1200px\u00bb min_height=\u00bb534.2px\u00bb custom_padding=\u00bb||30px|||\u00bb global_colors_info=\u00bb{}\u00bb][et_pb_column type=\u00bb1_3&#8243; _builder_version=\u00bb4.21.0&#8243; _module_preset=\u00bbdefault\u00bb background_enable_color=\u00bboff\u00bb custom_padding=\u00bb15px|15px|15px|15px|false|false\u00bb border_width_all=\u00bb1px\u00bb border_color_all=\u00bb#1F1F1F\u00bb box_shadow_color_last_edited=\u00bboff|desktop\u00bb global_colors_info=\u00bb{}\u00bb box_shadow_horizontal__hover_enabled=\u00bbon|hover\u00bb box_shadow_color__hover_enabled=\u00bbon|hover\u00bb box_shadow_color__hover=\u00bbrgba(0,0,0,0.25)\u00bb][et_pb_image src=\u00bbhttps:\/\/speechi.com\/wp-content\/uploads\/2024\/05\/speechi-dist-camera-visio-2-mg104.jpg\u00bb title_text=\u00bbla webcam v\u00eddeo Full HD\u00bb _builder_version=\u00bb4.21.0&#8243; _module_preset=\u00bbdefault\u00bb global_colors_info=\u00bb{}\u00bb][\/et_pb_image][et_pb_text _builder_version=\u00bb4.21.0&#8243; _module_preset=\u00bbdefault\u00bb text_line_height=\u00bb1.5em\u00bb header_2_font_size=\u00bb24px\u00bb header_3_font=\u00bbMontserrat|300|||||||\u00bb header_3_font_size=\u00bb24px\u00bb custom_margin=\u00bb||0px|||\u00bb custom_padding=\u00bb||0px|||\u00bb hover_enabled=\u00bb0&#8243; global_colors_info=\u00bb{}\u00bb sticky_enabled=\u00bb0&#8243;]<\/p>\n<h2>SPE-MG-104<\/h2>\n<h3>La webcam v\u00eddeo<br \/>\nFull HD<\/h3>\n<p>&nbsp;[\/et_pb_text][et_pb_text _builder_version=\u00bb4.21.0&#8243; _module_preset=\u00bbdefault\u00bb text_font_size=\u00bb14px\u00bb custom_margin=\u00bb||12px|||\u00bb custom_padding=\u00bb||45px|||\u00bb global_colors_info=\u00bb{}\u00bb]<\/p>\n<p>Una webcam que pasa f\u00e1cilmente del ordenador a la pantalla interactiva.<\/p>\n<p>[\/et_pb_text][et_pb_button button_url=\u00bbhttps:\/\/speechi.com\/es\/webcam-full-hd\/\u00bb button_text=\u00bbDESCUBRIR\u00bb button_alignment=\u00bbcenter\u00bb _builder_version=\u00bb4.21.0&#8243; _module_preset=\u00bbdefault\u00bb custom_button=\u00bbon\u00bb button_text_color=\u00bb#1FD7E0&#8243; button_bg_color=\u00bb#1c2c44&#8243; button_border_width=\u00bb0px\u00bb button_border_radius=\u00bb6px\u00bb button_letter_spacing=\u00bb0px\u00bb button_font=\u00bb||||||||\u00bb button_use_icon=\u00bboff\u00bb custom_padding=\u00bb|39px||39px|false|true\u00bb global_colors_info=\u00bb{}\u00bb][\/et_pb_button][\/et_pb_column][et_pb_column type=\u00bb1_3&#8243; _builder_version=\u00bb4.21.0&#8243; _module_preset=\u00bbdefault\u00bb background_enable_color=\u00bboff\u00bb custom_padding=\u00bb15px|15px|15px|15px|false|false\u00bb border_width_all=\u00bb1px\u00bb border_color_all=\u00bb#1F1F1F\u00bb box_shadow_color_last_edited=\u00bboff|desktop\u00bb global_colors_info=\u00bb{}\u00bb box_shadow_horizontal__hover_enabled=\u00bbon|hover\u00bb box_shadow_color__hover_enabled=\u00bbon|hover\u00bb box_shadow_color__hover=\u00bbrgba(0,0,0,0.25)\u00bb][et_pb_image src=\u00bbhttps:\/\/speechi.com\/wp-content\/uploads\/2024\/05\/speechi-dist-camera-visio-3-mg402C.jpg\u00bb title_text=\u00bbla c\u00e1mara de videoconferencia\u00bb _builder_version=\u00bb4.21.0&#8243; _module_preset=\u00bbdefault\u00bb global_colors_info=\u00bb{}\u00bb][\/et_pb_image][et_pb_text _builder_version=\u00bb4.21.0&#8243; _module_preset=\u00bbdefault\u00bb text_font_size=\u00bb12px\u00bb text_line_height=\u00bb1.5em\u00bb header_2_font_size=\u00bb24px\u00bb header_3_font=\u00bbMontserrat|300|||||||\u00bb header_3_font_size=\u00bb24px\u00bb custom_margin=\u00bb||0px|||\u00bb custom_padding=\u00bb||16px|||\u00bb hover_enabled=\u00bb0&#8243; global_colors_info=\u00bb{}\u00bb sticky_enabled=\u00bb0&#8243;]<\/p>\n<h2>SPE-MG-402-C<\/h2>\n<h3>La c\u00e1mara de<br \/>\nvideoconferencia<\/h3>\n<p>&nbsp;[\/et_pb_text][et_pb_text _builder_version=\u00bb4.21.0&#8243; _module_preset=\u00bbdefault\u00bb text_font_size=\u00bb14px\u00bb header_2_font_size=\u00bb24px\u00bb header_3_font=\u00bbMontserrat|300|||||||\u00bb header_3_font_size=\u00bb24px\u00bb custom_margin=\u00bb||0px|||\u00bb custom_padding=\u00bb||58px|||\u00bb global_colors_info=\u00bb{}\u00bb]<\/p>\n<p>Una c\u00e1mara 4K con encuadre autom\u00e1tico para mejorar las reuniones a distancia.<\/p>\n<p>[\/et_pb_text][et_pb_button button_url=\u00bbhttps:\/\/speechi.com\/es\/camara-videoconferencia-4k\/\u00bb button_text=\u00bbDESCUBRIR\u00bb button_alignment=\u00bbcenter\u00bb _builder_version=\u00bb4.21.0&#8243; _module_preset=\u00bbdefault\u00bb custom_button=\u00bbon\u00bb button_text_color=\u00bb#1FD7E0&#8243; button_bg_color=\u00bb#1c2c44&#8243; button_border_width=\u00bb0px\u00bb button_border_radius=\u00bb6px\u00bb button_letter_spacing=\u00bb0px\u00bb button_font=\u00bb||||||||\u00bb button_use_icon=\u00bboff\u00bb custom_padding=\u00bb|39px||39px|false|true\u00bb global_colors_info=\u00bb{}\u00bb][\/et_pb_button][\/et_pb_column][et_pb_column type=\u00bb1_3&#8243; _builder_version=\u00bb4.21.0&#8243; _module_preset=\u00bbdefault\u00bb background_enable_color=\u00bboff\u00bb custom_padding=\u00bb15px|15px|15px|15px|false|false\u00bb border_width_all=\u00bb1px\u00bb border_color_all=\u00bb#1F1F1F\u00bb box_shadow_color_last_edited=\u00bboff|desktop\u00bb global_colors_info=\u00bb{}\u00bb box_shadow_horizontal__hover_enabled=\u00bbon|hover\u00bb box_shadow_color__hover_enabled=\u00bbon|hover\u00bb box_shadow_color__hover=\u00bbrgba(0,0,0,0.25)\u00bb][et_pb_image src=\u00bbhttps:\/\/speechi.com\/wp-content\/uploads\/2024\/05\/speechi-dist-camera-visio-4-CV500.jpg\u00bb title_text=\u00bbla c\u00e1mara panor\u00e1mica\u00bb _builder_version=\u00bb4.21.0&#8243; _module_preset=\u00bbdefault\u00bb global_colors_info=\u00bb{}\u00bb][\/et_pb_image][et_pb_text _builder_version=\u00bb4.21.0&#8243; _module_preset=\u00bbdefault\u00bb text_line_height=\u00bb1.5em\u00bb header_2_font_size=\u00bb24px\u00bb header_3_font=\u00bbMontserrat|300|||||||\u00bb header_3_font_size=\u00bb24px\u00bb custom_margin=\u00bb||0px|||\u00bb custom_padding=\u00bb||0px|||\u00bb hover_enabled=\u00bb0&#8243; global_colors_info=\u00bb{}\u00bb sticky_enabled=\u00bb0&#8243;]<\/p>\n<h2>SPE-CV-500<\/h2>\n<h3>La c\u00e1mara<br \/>\npanor\u00e1mica<\/h3>\n<p>&nbsp;[\/et_pb_text][et_pb_text _builder_version=\u00bb4.21.0&#8243; _module_preset=\u00bbdefault\u00bb text_font_size=\u00bb14px\u00bb custom_margin=\u00bb||12px|||\u00bb custom_padding=\u00bb||53px|||\u00bb global_colors_info=\u00bb{}\u00bb]<\/p>\n<p>Para una visi\u00f3n de 180\u00b0 encuadrando autom\u00e1ticamente a los participantes de la reuni\u00f3n.<\/p>\n<p>[\/et_pb_text][et_pb_button button_url=\u00bbhttps:\/\/speechi.com\/es\/camara-panoramica-uhd\/\u00bb button_text=\u00bbDESCUBRIR\u00bb button_alignment=\u00bbcenter\u00bb _builder_version=\u00bb4.21.0&#8243; _module_preset=\u00bbdefault\u00bb custom_button=\u00bbon\u00bb button_text_color=\u00bb#1FD7E0&#8243; button_bg_color=\u00bb#1c2c44&#8243; button_border_width=\u00bb0px\u00bb button_border_radius=\u00bb6px\u00bb button_letter_spacing=\u00bb0px\u00bb button_font=\u00bb||||||||\u00bb button_use_icon=\u00bboff\u00bb custom_padding=\u00bb|39px||39px|false|true\u00bb global_colors_info=\u00bb{}\u00bb][\/et_pb_button][\/et_pb_column][\/et_pb_row][et_pb_row column_structure=\u00bb1_3,1_3,1_3&#8243; _builder_version=\u00bb4.21.0&#8243; _module_preset=\u00bbdefault\u00bb max_width=\u00bb1200px\u00bb min_height=\u00bb534.2px\u00bb hover_enabled=\u00bb0&#8243; global_colors_info=\u00bb{}\u00bb sticky_enabled=\u00bb0&#8243;][et_pb_column type=\u00bb1_3&#8243; _builder_version=\u00bb4.21.0&#8243; _module_preset=\u00bbdefault\u00bb background_enable_color=\u00bboff\u00bb custom_padding=\u00bb15px|15px|15px|15px|false|false\u00bb border_width_all=\u00bb1px\u00bb border_color_all=\u00bb#1F1F1F\u00bb box_shadow_color_last_edited=\u00bboff|desktop\u00bb global_colors_info=\u00bb{}\u00bb box_shadow_horizontal__hover_enabled=\u00bbon|hover\u00bb box_shadow_color__hover_enabled=\u00bbon|hover\u00bb box_shadow_color__hover=\u00bbrgba(0,0,0,0.25)\u00bb][et_pb_image src=\u00bbhttps:\/\/speechi.com\/wp-content\/uploads\/2024\/05\/speechi-dist-camera-visio-5-VA460.jpg\u00bb title_text=\u00bbla barra de videoconferencia\u00bb _builder_version=\u00bb4.21.0&#8243; _module_preset=\u00bbdefault\u00bb global_colors_info=\u00bb{}\u00bb][\/et_pb_image][et_pb_text _builder_version=\u00bb4.21.0&#8243; _module_preset=\u00bbdefault\u00bb text_line_height=\u00bb1.5em\u00bb header_2_font_size=\u00bb24px\u00bb header_3_font=\u00bbMontserrat|300|||||||\u00bb header_3_font_size=\u00bb24px\u00bb custom_margin=\u00bb||0px|||\u00bb custom_padding=\u00bb||0px|||\u00bb hover_enabled=\u00bb0&#8243; global_colors_info=\u00bb{}\u00bb sticky_enabled=\u00bb0&#8243;]<\/p>\n<h2>SPE-VA-460<\/h2>\n<h3>La barra de<br \/>\nvideoconferencia<\/h3>\n<p>&nbsp;[\/et_pb_text][et_pb_text _builder_version=\u00bb4.21.0&#8243; _module_preset=\u00bbdefault\u00bb text_font_size=\u00bb14px\u00bb custom_margin=\u00bb||12px|||\u00bb custom_padding=\u00bb||45px|||\u00bb global_colors_info=\u00bb{}\u00bb]<\/p>\n<p>Audio y v\u00eddeo 4K integrados en este sistema de videoconferencia inteligente todo en uno.<\/p>\n<p>[\/et_pb_text][et_pb_button button_url=\u00bbhttps:\/\/speechi.com\/es\/barra-videoconferencia\/\u00bb button_text=\u00bbDESCUBRIR\u00bb button_alignment=\u00bbcenter\u00bb _builder_version=\u00bb4.21.0&#8243; _module_preset=\u00bbdefault\u00bb custom_button=\u00bbon\u00bb button_text_color=\u00bb#1FD7E0&#8243; button_bg_color=\u00bb#1c2c44&#8243; button_border_width=\u00bb0px\u00bb button_border_radius=\u00bb6px\u00bb button_letter_spacing=\u00bb0px\u00bb button_font=\u00bb||||||||\u00bb button_use_icon=\u00bboff\u00bb custom_padding=\u00bb|39px||39px|false|true\u00bb global_colors_info=\u00bb{}\u00bb][\/et_pb_button][\/et_pb_column][et_pb_column type=\u00bb1_3&#8243; _builder_version=\u00bb4.21.0&#8243; _module_preset=\u00bbdefault\u00bb background_enable_color=\u00bboff\u00bb custom_padding=\u00bb15px|15px|15px|15px|false|false\u00bb border_width_all=\u00bb1px\u00bb border_color_all=\u00bb#1F1F1F\u00bb box_shadow_color_last_edited=\u00bboff|desktop\u00bb global_colors_info=\u00bb{}\u00bb box_shadow_horizontal__hover_enabled=\u00bbon|hover\u00bb box_shadow_color__hover_enabled=\u00bbon|hover\u00bb box_shadow_color__hover=\u00bbrgba(0,0,0,0.25)\u00bb][et_pb_image src=\u00bbhttps:\/\/speechi.com\/wp-content\/uploads\/2024\/09\/speechi-dist-camera-360.jpg\u00bb title_text=\u00bbspeechi-dist-camera-360&#8243; _builder_version=\u00bb4.21.0&#8243; _module_preset=\u00bbdefault\u00bb hover_enabled=\u00bb0&#8243; global_colors_info=\u00bb{}\u00bb sticky_enabled=\u00bb0&#8243;][\/et_pb_image][et_pb_text _builder_version=\u00bb4.21.0&#8243; _module_preset=\u00bbdefault\u00bb text_line_height=\u00bb1.5em\u00bb header_2_font_size=\u00bb24px\u00bb header_3_font=\u00bbMontserrat|300|||||||\u00bb header_3_font_size=\u00bb24px\u00bb custom_margin=\u00bb||0px|||\u00bb custom_padding=\u00bb||0px|||\u00bb hover_enabled=\u00bb0&#8243; global_colors_info=\u00bb{}\u00bb sticky_enabled=\u00bb0&#8243;]<\/p>\n<h2>SPE-CAM-360<\/h2>\n<h3>La c\u00e1mara panor\u00e1mica<br \/>\ntodo en uno<\/h3>\n<p>&nbsp;[\/et_pb_text][et_pb_text _builder_version=\u00bb4.21.0&#8243; _module_preset=\u00bbdefault\u00bb text_font_size=\u00bb14px\u00bb custom_margin=\u00bb||12px|||\u00bb custom_padding=\u00bb||17px|||\u00bb hover_enabled=\u00bb0&#8243; global_colors_info=\u00bb{}\u00bb sticky_enabled=\u00bb0&#8243;]Una soluci\u00f3n de videoconferencia todo en uno para salas peque\u00f1as y medianas: c\u00e1mara de 360\u00b0, micr\u00f3fonos omnidireccionales y altavoces.[\/et_pb_text][et_pb_button button_url=\u00bbhttps:\/\/speechi.com\/es\/camara-360-todo-en-uno\/\u00bb button_text=\u00bbDESCUBRIR\u00bb button_alignment=\u00bbcenter\u00bb _builder_version=\u00bb4.21.0&#8243; _module_preset=\u00bbdefault\u00bb custom_button=\u00bbon\u00bb button_text_color=\u00bb#1FD7E0&#8243; button_bg_color=\u00bb#1c2c44&#8243; button_border_width=\u00bb0px\u00bb button_border_radius=\u00bb6px\u00bb button_letter_spacing=\u00bb0px\u00bb button_font=\u00bb||||||||\u00bb button_use_icon=\u00bboff\u00bb custom_padding=\u00bb|39px||39px|false|true\u00bb hover_enabled=\u00bb0&#8243; global_colors_info=\u00bb{}\u00bb sticky_enabled=\u00bb0&#8243;][\/et_pb_button][\/et_pb_column][et_pb_column type=\u00bb1_3&#8243; _builder_version=\u00bb4.21.0&#8243; _module_preset=\u00bbdefault\u00bb background_enable_color=\u00bboff\u00bb custom_padding=\u00bb15px|15px|15px|15px|false|false\u00bb border_width_all=\u00bb1px\u00bb border_color_all=\u00bb#1F1F1F\u00bb box_shadow_color_last_edited=\u00bboff|desktop\u00bb global_colors_info=\u00bb{}\u00bb box_shadow_horizontal__hover_enabled=\u00bbon|hover\u00bb box_shadow_color__hover_enabled=\u00bbon|hover\u00bb box_shadow_color__hover=\u00bbrgba(0,0,0,0.25)\u00bb][et_pb_image src=\u00bbhttps:\/\/speechi.com\/wp-content\/uploads\/2024\/05\/speechi-dist-camera-visio-7-VX001.jpg\u00bb title_text=\u00bbla c\u00e1mara giratoria inteligente\u00bb _builder_version=\u00bb4.21.0&#8243; _module_preset=\u00bbdefault\u00bb global_colors_info=\u00bb{}\u00bb][\/et_pb_image][et_pb_text _builder_version=\u00bb4.21.0&#8243; _module_preset=\u00bbdefault\u00bb text_line_height=\u00bb1.5em\u00bb header_2_font_size=\u00bb24px\u00bb header_3_font=\u00bbMontserrat|300|||||||\u00bb header_3_font_size=\u00bb24px\u00bb custom_margin=\u00bb||0px|||\u00bb custom_padding=\u00bb||0px|||\u00bb hover_enabled=\u00bb0&#8243; global_colors_info=\u00bb{}\u00bb sticky_enabled=\u00bb0&#8243;]<\/p>\n<h2>SPE-CAM-VX-001<\/h2>\n<h3>La c\u00e1mara giratoria<br \/>\ninteligente<\/h3>\n<p>&nbsp;[\/et_pb_text][et_pb_text _builder_version=\u00bb4.21.0&#8243; _module_preset=\u00bbdefault\u00bb text_font_size=\u00bb14px\u00bb custom_margin=\u00bb||12px|||\u00bb custom_padding=\u00bb||17px||false|false\u00bb hover_enabled=\u00bb0&#8243; global_colors_info=\u00bb{}\u00bb sticky_enabled=\u00bb0&#8243;]<\/p>\n<p>Un potente zoom en una c\u00e1mara PTZ capaz de realizar un seguimiento autom\u00e1tico e inteligente del orador.<\/p>\n<p>[\/et_pb_text][et_pb_button button_url=\u00bbhttps:\/\/speechi.com\/es\/camara-giratoria-seguimiento-automatico\/\u00bb button_text=\u00bbDESCUBRIR\u00bb button_alignment=\u00bbcenter\u00bb _builder_version=\u00bb4.21.0&#8243; _module_preset=\u00bbdefault\u00bb custom_button=\u00bbon\u00bb button_text_color=\u00bb#1FD7E0&#8243; button_bg_color=\u00bb#1c2c44&#8243; button_border_width=\u00bb0px\u00bb button_border_radius=\u00bb6px\u00bb button_letter_spacing=\u00bb0px\u00bb button_font=\u00bb||||||||\u00bb button_use_icon=\u00bboff\u00bb custom_padding=\u00bb|39px||39px|false|true\u00bb global_colors_info=\u00bb{}\u00bb][\/et_pb_button][\/et_pb_column][\/et_pb_row][et_pb_row column_structure=\u00bb1_3,1_3,1_3&#8243; _builder_version=\u00bb4.21.0&#8243; _module_preset=\u00bbdefault\u00bb max_width=\u00bb1200px\u00bb min_height=\u00bb534.2px\u00bb hover_enabled=\u00bb0&#8243; global_colors_info=\u00bb{}\u00bb sticky_enabled=\u00bb0&#8243;][et_pb_column type=\u00bb1_3&#8243; _builder_version=\u00bb4.21.0&#8243; _module_preset=\u00bbdefault\u00bb background_enable_color=\u00bboff\u00bb custom_padding=\u00bb15px|15px|15px|15px|false|false\u00bb border_width_all=\u00bb1px\u00bb border_color_all=\u00bb#1F1F1F\u00bb box_shadow_color_last_edited=\u00bboff|desktop\u00bb global_colors_info=\u00bb{}\u00bb box_shadow_horizontal__hover_enabled=\u00bbon|hover\u00bb box_shadow_color__hover_enabled=\u00bbon|hover\u00bb box_shadow_color__hover=\u00bbrgba(0,0,0,0.25)\u00bb][et_pb_image src=\u00bbhttps:\/\/speechi.com\/wp-content\/uploads\/2024\/05\/speechi-dist-camera-visio-6-UV510.jpg\u00bb title_text=\u00bbla c\u00e1mara de telepresencia\u00bb _builder_version=\u00bb4.21.0&#8243; _module_preset=\u00bbdefault\u00bb global_colors_info=\u00bb{}\u00bb][\/et_pb_image][et_pb_text _builder_version=\u00bb4.21.0&#8243; _module_preset=\u00bbdefault\u00bb text_line_height=\u00bb1.5em\u00bb header_2_font_size=\u00bb24px\u00bb header_3_font=\u00bbMontserrat|300|||||||\u00bb header_3_font_size=\u00bb24px\u00bb custom_margin=\u00bb||0px|||\u00bb custom_padding=\u00bb||0px|||\u00bb hover_enabled=\u00bb0&#8243; global_colors_info=\u00bb{}\u00bb sticky_enabled=\u00bb0&#8243;]<\/p>\n<h2>SPE-UV510<\/h2>\n<h3>La c\u00e1mara de<br \/>\ntelepresencia<\/h3>\n<p>&nbsp;[\/et_pb_text][et_pb_text _builder_version=\u00bb4.21.0&#8243; _module_preset=\u00bbdefault\u00bb text_font_size=\u00bb14px\u00bb custom_margin=\u00bb||12px|||\u00bb custom_padding=\u00bb||17px|||\u00bb hover_enabled=\u00bb0&#8243; global_colors_info=\u00bb{}\u00bb sticky_enabled=\u00bb0&#8243;]<\/p>\n<p>Una potente c\u00e1mara giratoria para videoconferencias a gran escala en grandes salas de reuniones.<\/p>\n<p>[\/et_pb_text][et_pb_button button_url=\u00bbhttps:\/\/speechi.com\/es\/camara-telepresencia\/\u00bb button_text=\u00bbDESCUBRIR\u00bb button_alignment=\u00bbcenter\u00bb _builder_version=\u00bb4.21.0&#8243; _module_preset=\u00bbdefault\u00bb custom_button=\u00bbon\u00bb button_text_color=\u00bb#1FD7E0&#8243; button_bg_color=\u00bb#1c2c44&#8243; button_border_width=\u00bb0px\u00bb button_border_radius=\u00bb6px\u00bb button_letter_spacing=\u00bb0px\u00bb button_font=\u00bb||||||||\u00bb button_use_icon=\u00bboff\u00bb custom_padding=\u00bb|39px||39px|false|true\u00bb global_colors_info=\u00bb{}\u00bb][\/et_pb_button][\/et_pb_column][et_pb_column type=\u00bb1_3&#8243; _builder_version=\u00bb4.21.0&#8243; _module_preset=\u00bbdefault\u00bb background_enable_color=\u00bboff\u00bb custom_padding=\u00bb15px|15px|15px|15px|false|false\u00bb hover_enabled=\u00bb0&#8243; border_color_all=\u00bb#1F1F1F\u00bb box_shadow_color_last_edited=\u00bboff|desktop\u00bb global_colors_info=\u00bb{}\u00bb box_shadow_horizontal__hover_enabled=\u00bbon|hover\u00bb box_shadow_color__hover_enabled=\u00bbon|hover\u00bb box_shadow_color__hover=\u00bbrgba(0,0,0,0.25)\u00bb sticky_enabled=\u00bb0&#8243;][\/et_pb_column][et_pb_column type=\u00bb1_3&#8243; _builder_version=\u00bb4.21.0&#8243; _module_preset=\u00bbdefault\u00bb background_enable_color=\u00bboff\u00bb custom_padding=\u00bb15px|15px|15px|15px|false|false\u00bb hover_enabled=\u00bb0&#8243; border_color_all=\u00bb#1F1F1F\u00bb box_shadow_color_last_edited=\u00bboff|desktop\u00bb global_colors_info=\u00bb{}\u00bb box_shadow_horizontal__hover_enabled=\u00bbon|hover\u00bb box_shadow_color__hover_enabled=\u00bbon|hover\u00bb box_shadow_color__hover=\u00bbrgba(0,0,0,0.25)\u00bb sticky_enabled=\u00bb0&#8243;][\/et_pb_column][\/et_pb_row][\/et_pb_section]<\/p>\n","protected":false},"excerpt":{"rendered":"<p>videoconferenciaSpeechi Una c\u00e1marapara cadavideoconferenciaSPE-MG-104 La webcam v\u00eddeo Full HD &nbsp;Una webcam que pasa f\u00e1cilmente del ordenador a la pantalla interactiva.SPE-MG-402-C La c\u00e1mara de videoconferencia &nbsp;Una c\u00e1mara 4K con encuadre autom\u00e1tico para mejorar las reuniones a distancia.SPE-CV-500 La c\u00e1mara panor\u00e1mica &nbsp;Para una visi\u00f3n de 180\u00b0 encuadrando autom\u00e1ticamente a los participantes de la reuni\u00f3n.SPE-VA-460 La barra de [&hellip;]<\/p>\n","protected":false},"author":4,"featured_media":0,"parent":0,"menu_order":0,"comment_status":"closed","ping_status":"closed","template":"","meta":{"_acf_changed":false,"_seopress_robots_primary_cat":"","_seopress_titles_title":"C\u00e1maras y webcams - accesorios de videoconferencia - Speechi","_seopress_titles_desc":"Descubre las c\u00e1maras de la marca Speechi: varios modelos que se adaptan a todas tus necesidades y a los diferentes tipos de salas.","_seopress_robots_index":"","_et_pb_use_builder":"on","_et_pb_old_content":"","_et_gb_content_width":"","footnotes":""},"difl_page_category":[],"class_list":["post-44168474","page","type-page","status-publish","hentry"],"acf":[],"_links":{"self":[{"href":"https:\/\/speechi.com\/es\/wp-json\/wp\/v2\/pages\/44168474","targetHints":{"allow":["GET"]}}],"collection":[{"href":"https:\/\/speechi.com\/es\/wp-json\/wp\/v2\/pages"}],"about":[{"href":"https:\/\/speechi.com\/es\/wp-json\/wp\/v2\/types\/page"}],"author":[{"embeddable":true,"href":"https:\/\/speechi.com\/es\/wp-json\/wp\/v2\/users\/4"}],"replies":[{"embeddable":true,"href":"https:\/\/speechi.com\/es\/wp-json\/wp\/v2\/comments?post=44168474"}],"version-history":[{"count":9,"href":"https:\/\/speechi.com\/es\/wp-json\/wp\/v2\/pages\/44168474\/revisions"}],"predecessor-version":[{"id":44174542,"href":"https:\/\/speechi.com\/es\/wp-json\/wp\/v2\/pages\/44168474\/revisions\/44174542"}],"wp:attachment":[{"href":"https:\/\/speechi.com\/es\/wp-json\/wp\/v2\/media?parent=44168474"}],"wp:term":[{"taxonomy":"difl_page_category","embeddable":true,"href":"https:\/\/speechi.com\/es\/wp-json\/wp\/v2\/difl_page_category?post=44168474"}],"curies":[{"name":"wp","href":"https:\/\/api.w.org\/{rel}","templated":true}]}}