{"id":44168530,"date":"2024-05-23T16:28:53","date_gmt":"2024-05-23T14:28:53","guid":{"rendered":"https:\/\/speechi.com\/audio-accesorios-speechi\/"},"modified":"2024-10-25T18:07:09","modified_gmt":"2024-10-25T16:07:09","slug":"solucion-audio-videoconferencia","status":"publish","type":"page","link":"https:\/\/speechi.com\/es\/solucion-audio-videoconferencia\/","title":{"rendered":"Audio &#8211; accesorios Speechi"},"content":{"rendered":"<p>[et_pb_section fb_built=\u00bb1&#8243; admin_label=\u00bbHeader\u00bb _builder_version=\u00bb4.21.0&#8243; _module_preset=\u00bbdefault\u00bb background_enable_color=\u00bboff\u00bb background_image=\u00bbhttps:\/\/speechi.com\/wp-content\/uploads\/2024\/05\/speechi-dist-audio-1-banniere.jpg\u00bb custom_margin=\u00bb||||false|false\u00bb custom_padding=\u00bb9vw||9vw||true|false\u00bb locked=\u00bboff\u00bb collapsed=\u00bbon\u00bb global_colors_info=\u00bb{}\u00bb][et_pb_row _builder_version=\u00bb4.21.0&#8243; _module_preset=\u00bbdefault\u00bb module_alignment=\u00bbcenter\u00bb custom_margin=\u00bb|||0px|false|false\u00bb global_colors_info=\u00bb{}\u00bb][et_pb_column type=\u00bb4_4&#8243; _builder_version=\u00bb4.20.0&#8243; _module_preset=\u00bbdefault\u00bb global_colors_info=\u00bb{}\u00bb][et_pb_text _builder_version=\u00bb4.21.0&#8243; _module_preset=\u00bbdefault\u00bb text_font=\u00bbMontserrat|300|||||||\u00bb text_font_size=\u00bb41px\u00bb text_line_height=\u00bb1.3em\u00bb header_font=\u00bbMontserrat|300|||||||\u00bb header_font_size=\u00bb43px\u00bb header_2_font_size=\u00bb25px\u00bb custom_margin=\u00bb|-101px||-101px|false|true\u00bb custom_padding=\u00bb|0px||0px|false|false\u00bb global_colors_info=\u00bb{}\u00bb]<\/p>\n<h2>videoconferencia<br \/>Speechi<\/h2>\n<h1><strong>Una soluci\u00f3n de audio<\/strong><br \/>para cada<br \/>videoconferencia<\/h1>\n<p>[\/et_pb_text][\/et_pb_column][\/et_pb_row][\/et_pb_section][et_pb_section fb_built=\u00bb1&#8243; _builder_version=\u00bb4.21.0&#8243; _module_preset=\u00bbdefault\u00bb locked=\u00bboff\u00bb global_colors_info=\u00bb{}\u00bb][et_pb_row column_structure=\u00bb1_3,1_3,1_3&#8243; _builder_version=\u00bb4.21.0&#8243; _module_preset=\u00bbdefault\u00bb max_width=\u00bb1200px\u00bb min_height=\u00bb534.2px\u00bb custom_padding=\u00bb||30px|||\u00bb global_colors_info=\u00bb{}\u00bb][et_pb_column type=\u00bb1_3&#8243; _builder_version=\u00bb4.21.0&#8243; _module_preset=\u00bbdefault\u00bb background_enable_color=\u00bboff\u00bb custom_padding=\u00bb15px|15px|15px|15px|false|false\u00bb border_width_all=\u00bb1px\u00bb border_color_all=\u00bb#1F1F1F\u00bb box_shadow_color_last_edited=\u00bboff|desktop\u00bb global_colors_info=\u00bb{}\u00bb box_shadow_horizontal__hover_enabled=\u00bbon|hover\u00bb box_shadow_color__hover_enabled=\u00bbon|hover\u00bb box_shadow_color__hover=\u00bbrgba(0,0,0,0.25)\u00bb][et_pb_image src=\u00bbhttps:\/\/speechi.com\/wp-content\/uploads\/2024\/05\/speechi-dist-audio-2-bm21.jpg\u00bb alt=\u00bbaltavoz micr\u00f3fono bluetooth para videoconferencia SPE-BM21&#8243; title_text=\u00bbaltavoz micr\u00f3fono bluetooth para videoconferencia SPE-BM21&#8243; _builder_version=\u00bb4.21.0&#8243; _module_preset=\u00bbdefault\u00bb global_colors_info=\u00bb{}\u00bb][\/et_pb_image][et_pb_text _builder_version=\u00bb4.21.0&#8243; _module_preset=\u00bbdefault\u00bb text_line_height=\u00bb1.5em\u00bb header_2_font_size=\u00bb24px\u00bb header_3_font=\u00bbMontserrat|300|||||||\u00bb header_3_font_size=\u00bb24px\u00bb custom_margin=\u00bb||0px|||\u00bb custom_padding=\u00bb||0px|||\u00bb global_colors_info=\u00bb{}\u00bb]<\/p>\n<h2>SPE-BM21<\/h2>\n<h3>Altavoz<br \/>\nmicr\u00f3fono<\/h3>\n<p>&nbsp;&nbsp;[\/et_pb_text][et_pb_text _builder_version=\u00bb4.21.0&#8243; _module_preset=\u00bbdefault\u00bb text_font_size=\u00bb14px\u00bb custom_margin=\u00bb||12px|||\u00bb custom_padding=\u00bb||45px|||\u00bb global_colors_info=\u00bb{}\u00bb]<\/p>\n<p>Un sonido \u00f3ptimo dise\u00f1ado para videoconferencias. Simple, r\u00e1pido, conectado: el altavoz micr\u00f3fono inal\u00e1mbrico imprescindible. <\/p>\n<p>[\/et_pb_text][et_pb_button button_url=\u00bbhttps:\/\/speechi.com\/es\/altavoz-microfono-videoconferencia\/\u00bb button_text=\u00bbDESCUBRIR\u00bb button_alignment=\u00bbcenter\u00bb _builder_version=\u00bb4.21.0&#8243; _module_preset=\u00bbdefault\u00bb custom_button=\u00bbon\u00bb button_text_color=\u00bb#1FD7E0&#8243; button_bg_color=\u00bb#1c2c44&#8243; button_border_width=\u00bb0px\u00bb button_border_radius=\u00bb6px\u00bb button_letter_spacing=\u00bb0px\u00bb button_font=\u00bb||||||||\u00bb button_use_icon=\u00bboff\u00bb custom_padding=\u00bb|39px||39px|false|true\u00bb global_colors_info=\u00bb{}\u00bb][\/et_pb_button][\/et_pb_column][et_pb_column type=\u00bb1_3&#8243; _builder_version=\u00bb4.21.0&#8243; _module_preset=\u00bbdefault\u00bb background_enable_color=\u00bboff\u00bb custom_padding=\u00bb15px|15px|15px|15px|false|false\u00bb border_width_all=\u00bb1px\u00bb box_shadow_style=\u00bbpreset5&#8243; box_shadow_color=\u00bb#FFFFFF\u00bb box_shadow_color_last_edited=\u00bboff|desktop\u00bb global_colors_info=\u00bb{}\u00bb box_shadow_horizontal__hover_enabled=\u00bbon|hover\u00bb box_shadow_color__hover_enabled=\u00bbon|hover\u00bb box_shadow_color__hover=\u00bbrgba(0,0,0,0.25)\u00bb][et_pb_image src=\u00bbhttps:\/\/speechi.com\/wp-content\/uploads\/2024\/10\/C023TL.jpg\u00bb alt=\u00bbaltavoz micr\u00f3fono bluetooth para videoconferencia SPE-BM21&#8243; title_text=\u00bbC023TL\u00bb _builder_version=\u00bb4.21.0&#8243; _module_preset=\u00bbdefault\u00bb hover_enabled=\u00bb0&#8243; global_colors_info=\u00bb{}\u00bb sticky_enabled=\u00bb0&#8243;][\/et_pb_image][et_pb_text _builder_version=\u00bb4.21.0&#8243; _module_preset=\u00bbdefault\u00bb text_line_height=\u00bb1.5em\u00bb header_2_font_size=\u00bb24px\u00bb header_3_font=\u00bbMontserrat|300|||||||\u00bb header_3_font_size=\u00bb24px\u00bb custom_margin=\u00bb||0px|||\u00bb custom_padding=\u00bb||0px|||\u00bb global_colors_info=\u00bb{}\u00bb]<\/p>\n<h2>SPE-AOC023TL<\/h2>\n<h3>Micr\u00f3fono altavoz<br \/>\nsalas peque\u00f1as y medianas<br \/>\n<\/h3>\n<p>&nbsp;[\/et_pb_text][et_pb_text _builder_version=\u00bb4.21.0&#8243; _module_preset=\u00bbdefault\u00bb text_font_size=\u00bb14px\u00bb custom_margin=\u00bb||12px|||\u00bb custom_padding=\u00bb||20px||false|false\u00bb global_colors_info=\u00bb{}\u00bb]<\/p>\n<p>Sonido 360\u00b0, una soluci\u00f3n compacta, inal\u00e1mbrica y en cascada para salas de reuniones peque\u00f1as y medianas.<\/p>\n<p>[\/et_pb_text][et_pb_button button_url=\u00bbhttps:\/\/speechi.com\/es\/altavoz-microfono-en-cascada-movil\/\u00bb button_text=\u00bbDESCUBRIR\u00bb button_alignment=\u00bbcenter\u00bb _builder_version=\u00bb4.21.0&#8243; _module_preset=\u00bbdefault\u00bb custom_button=\u00bbon\u00bb button_text_color=\u00bb#1FD7E0&#8243; button_bg_color=\u00bb#1c2c44&#8243; button_border_width=\u00bb0px\u00bb button_border_radius=\u00bb6px\u00bb button_letter_spacing=\u00bb0px\u00bb button_font=\u00bb||||||||\u00bb button_use_icon=\u00bboff\u00bb custom_padding=\u00bb|39px||39px|false|true\u00bb global_colors_info=\u00bb{}\u00bb][\/et_pb_button][\/et_pb_column][et_pb_column type=\u00bb1_3&#8243; _builder_version=\u00bb4.21.0&#8243; _module_preset=\u00bbdefault\u00bb background_enable_color=\u00bboff\u00bb custom_padding=\u00bb15px|15px|15px|15px|false|false\u00bb border_width_all=\u00bb1px\u00bb box_shadow_style=\u00bbpreset5&#8243; box_shadow_color=\u00bb#FFFFFF\u00bb box_shadow_color_last_edited=\u00bboff|desktop\u00bb global_colors_info=\u00bb{}\u00bb box_shadow_horizontal__hover_enabled=\u00bbon|hover\u00bb box_shadow_color__hover_enabled=\u00bbon|hover\u00bb box_shadow_color__hover=\u00bbrgba(0,0,0,0.25)\u00bb][et_pb_image src=\u00bbhttps:\/\/speechi.com\/wp-content\/uploads\/2024\/10\/C027TL.jpg\u00bb alt=\u00bbaltavoz micr\u00f3fono bluetooth para videoconferencia SPE-BM21&#8243; title_text=\u00bbC027TL\u00bb _builder_version=\u00bb4.21.0&#8243; _module_preset=\u00bbdefault\u00bb hover_enabled=\u00bb0&#8243; global_colors_info=\u00bb{}\u00bb sticky_enabled=\u00bb0&#8243;][\/et_pb_image][et_pb_text _builder_version=\u00bb4.21.0&#8243; _module_preset=\u00bbdefault\u00bb text_line_height=\u00bb1.5em\u00bb header_2_font_size=\u00bb24px\u00bb header_3_font=\u00bbMontserrat|300|||||||\u00bb header_3_font_size=\u00bb24px\u00bb custom_margin=\u00bb||0px|||\u00bb custom_padding=\u00bb||0px|||\u00bb global_colors_info=\u00bb{}\u00bb]<\/p>\n<h2>SPE-AOC027TL<\/h2>\n<h3>Micr\u00f3fono altavoz<br \/>salas grandes<\/h3>\n<p>&nbsp;<\/p>\n<p>[\/et_pb_text][et_pb_text _builder_version=\u00bb4.21.0&#8243; _module_preset=\u00bbdefault\u00bb text_font_size=\u00bb14px\u00bb custom_margin=\u00bb||12px|||\u00bb custom_padding=\u00bb||45px||false|false\u00bb global_colors_info=\u00bb{}\u00bb]<\/p>\n<p>Sonido de 360\u00b0, una soluci\u00f3n plug &amp; play, inal\u00e1mbrica y en cascada para salas de reuniones grandes y muy grandes.<\/p>\n<p>[\/et_pb_text][et_pb_button button_url=\u00bbhttps:\/\/speechi.com\/es\/altavoz-microfono-en-cascada\/\u00bb button_text=\u00bbDESCUBRIR\u00bb button_alignment=\u00bbcenter\u00bb _builder_version=\u00bb4.21.0&#8243; _module_preset=\u00bbdefault\u00bb custom_button=\u00bbon\u00bb button_text_color=\u00bb#1FD7E0&#8243; button_bg_color=\u00bb#1c2c44&#8243; button_border_width=\u00bb0px\u00bb button_border_radius=\u00bb6px\u00bb button_letter_spacing=\u00bb0px\u00bb button_font=\u00bb||||||||\u00bb button_use_icon=\u00bboff\u00bb custom_padding=\u00bb|39px||39px|false|true\u00bb global_colors_info=\u00bb{}\u00bb][\/et_pb_button][\/et_pb_column][\/et_pb_row][\/et_pb_section]<\/p>\n","protected":false},"excerpt":{"rendered":"<p>videoconferenciaSpeechi Una soluci\u00f3n de audiopara cadavideoconferenciaSPE-BM21 Altavoz micr\u00f3fono &nbsp;&nbsp;Un sonido \u00f3ptimo dise\u00f1ado para videoconferencias. Simple, r\u00e1pido, conectado: el altavoz micr\u00f3fono inal\u00e1mbrico imprescindible. SPE-AOC023TL Micr\u00f3fono altavoz salas peque\u00f1as y medianas &nbsp;Sonido 360\u00b0, una soluci\u00f3n compacta, inal\u00e1mbrica y en cascada para salas de reuniones peque\u00f1as y medianas.SPE-AOC027TL Micr\u00f3fono altavozsalas grandes &nbsp;Sonido de 360\u00b0, una soluci\u00f3n plug &amp; [&hellip;]<\/p>\n","protected":false},"author":4,"featured_media":0,"parent":0,"menu_order":0,"comment_status":"closed","ping_status":"closed","template":"","meta":{"_acf_changed":false,"_seopress_robots_primary_cat":"","_seopress_titles_title":"Altavoces y micr\u00f3fonos videoconferencia - accesorios - Speechi","_seopress_titles_desc":"Descubre las soluciones de audio de la marca Speechi para videoconferencias f\u00e1ciles de iniciar y compatibles con todas las c\u00e1maras y pantallas.","_seopress_robots_index":"","_et_pb_use_builder":"on","_et_pb_old_content":"","_et_gb_content_width":"","footnotes":""},"difl_page_category":[],"class_list":["post-44168530","page","type-page","status-publish","hentry"],"acf":[],"_links":{"self":[{"href":"https:\/\/speechi.com\/es\/wp-json\/wp\/v2\/pages\/44168530","targetHints":{"allow":["GET"]}}],"collection":[{"href":"https:\/\/speechi.com\/es\/wp-json\/wp\/v2\/pages"}],"about":[{"href":"https:\/\/speechi.com\/es\/wp-json\/wp\/v2\/types\/page"}],"author":[{"embeddable":true,"href":"https:\/\/speechi.com\/es\/wp-json\/wp\/v2\/users\/4"}],"replies":[{"embeddable":true,"href":"https:\/\/speechi.com\/es\/wp-json\/wp\/v2\/comments?post=44168530"}],"version-history":[{"count":5,"href":"https:\/\/speechi.com\/es\/wp-json\/wp\/v2\/pages\/44168530\/revisions"}],"predecessor-version":[{"id":44177624,"href":"https:\/\/speechi.com\/es\/wp-json\/wp\/v2\/pages\/44168530\/revisions\/44177624"}],"wp:attachment":[{"href":"https:\/\/speechi.com\/es\/wp-json\/wp\/v2\/media?parent=44168530"}],"wp:term":[{"taxonomy":"difl_page_category","embeddable":true,"href":"https:\/\/speechi.com\/es\/wp-json\/wp\/v2\/difl_page_category?post=44168530"}],"curies":[{"name":"wp","href":"https:\/\/api.w.org\/{rel}","templated":true}]}}