{"id":44168540,"date":"2024-05-26T18:39:46","date_gmt":"2024-05-26T16:39:46","guid":{"rendered":"https:\/\/speechi.com\/byod-y-byom-accesorios-speechi\/"},"modified":"2024-10-10T10:41:58","modified_gmt":"2024-10-10T08:41:58","slug":"byod-byom","status":"publish","type":"page","link":"https:\/\/speechi.com\/es\/byod-byom\/","title":{"rendered":"BYOD y BYOM &#8211; accesorios Speechi"},"content":{"rendered":"<p>[et_pb_section fb_built=\u00bb1&#8243; admin_label=\u00bbHeader\u00bb _builder_version=\u00bb4.21.0&#8243; _module_preset=\u00bbdefault\u00bb background_enable_color=\u00bboff\u00bb background_image=\u00bbhttps:\/\/speechi.com\/wp-content\/uploads\/2024\/06\/speechi-dist-byod-byom-pro-1-18-4.jpg\u00bb custom_margin=\u00bb||||false|false\u00bb custom_padding=\u00bb9vw||9vw||true|false\u00bb locked=\u00bboff\u00bb collapsed=\u00bbon\u00bb global_colors_info=\u00bb{}\u00bb][et_pb_row _builder_version=\u00bb4.21.0&#8243; _module_preset=\u00bbdefault\u00bb module_alignment=\u00bbcenter\u00bb custom_margin=\u00bb|||0px|false|false\u00bb global_colors_info=\u00bb{}\u00bb][et_pb_column type=\u00bb4_4&#8243; _builder_version=\u00bb4.20.0&#8243; _module_preset=\u00bbdefault\u00bb global_colors_info=\u00bb{}\u00bb][et_pb_text _builder_version=\u00bb4.21.0&#8243; _module_preset=\u00bbdefault\u00bb text_font=\u00bbMontserrat|300|||||||\u00bb text_font_size=\u00bb41px\u00bb text_line_height=\u00bb1.3em\u00bb header_font=\u00bbMontserrat|300|||||||\u00bb header_font_size=\u00bb43px\u00bb header_2_font_size=\u00bb25px\u00bb custom_margin=\u00bb|-101px||-101px|false|true\u00bb custom_padding=\u00bb|0px||0px|false|false\u00bb global_colors_info=\u00bb{}\u00bb]<\/p>\n<h2>accesorios<br \/>Speechi<\/h2>\n<h1>Las soluciones<br \/><strong>BYOD<\/strong>  <strong>BYOM<\/strong><\/p>\n<\/h1>\n<p>[\/et_pb_text][\/et_pb_column][\/et_pb_row][\/et_pb_section][et_pb_section fb_built=\u00bb1&#8243; _builder_version=\u00bb4.21.0&#8243; _module_preset=\u00bbdefault\u00bb locked=\u00bboff\u00bb global_colors_info=\u00bb{}\u00bb][et_pb_row column_structure=\u00bb1_3,1_3,1_3&#8243; _builder_version=\u00bb4.21.0&#8243; _module_preset=\u00bbdefault\u00bb max_width=\u00bb1200px\u00bb min_height=\u00bb534.2px\u00bb custom_padding=\u00bb||30px|||\u00bb collapsed=\u00bboff\u00bb global_colors_info=\u00bb{}\u00bb][et_pb_column type=\u00bb1_3&#8243; _builder_version=\u00bb4.21.0&#8243; _module_preset=\u00bbdefault\u00bb background_enable_color=\u00bboff\u00bb custom_padding=\u00bb15px|15px|15px|15px|false|false\u00bb border_width_all=\u00bb1px\u00bb border_color_all=\u00bb#1F1F1F\u00bb box_shadow_color_last_edited=\u00bboff|desktop\u00bb global_colors_info=\u00bb{}\u00bb box_shadow_horizontal__hover_enabled=\u00bbon|hover\u00bb box_shadow_color__hover_enabled=\u00bbon|hover\u00bb box_shadow_color__hover=\u00bbrgba(0,0,0,0.25)\u00bb][et_pb_image src=\u00bbhttps:\/\/speechi.com\/wp-content\/uploads\/2024\/05\/speechi-dist-byod-byom-2-bytello.jpg\u00bb alt=\u00bbbytello share software inal\u00e1mbrico para presentaciones\u00bb title_text=\u00bbbytello share software inal\u00e1mbrico para presentaciones\u00bb _builder_version=\u00bb4.21.0&#8243; _module_preset=\u00bbdefault\u00bb global_colors_info=\u00bb{}\u00bb][\/et_pb_image][et_pb_text _builder_version=\u00bb4.21.0&#8243; _module_preset=\u00bbdefault\u00bb text_line_height=\u00bb1.5em\u00bb header_2_font=\u00bbMontserrat|300|||||||\u00bb header_2_font_size=\u00bb24px\u00bb header_3_font=\u00bbMontserrat|300|||||||\u00bb header_3_font_size=\u00bb24px\u00bb min_height=\u00bb94px\u00bb custom_margin=\u00bb||0px|||\u00bb custom_padding=\u00bb||0px|||\u00bb global_colors_info=\u00bb{}\u00bb]<\/p>\n<h2><strong>Bytello Share<\/strong><br \/>Software<\/h2>\n<p>&nbsp;<\/p>\n<p>[\/et_pb_text][et_pb_text _builder_version=\u00bb4.21.0&#8243; _module_preset=\u00bbdefault\u00bb text_font_size=\u00bb14px\u00bb min_height=\u00bb93.6px\u00bb custom_margin=\u00bb||28px||false|false\u00bb custom_padding=\u00bb||45px|||\u00bb global_colors_info=\u00bb{}\u00bb]El software integrado en las pantallas interactivas SpeechiTouch SuperGlass para un screen mirroring sencillo.[\/et_pb_text][et_pb_button button_url=\u00bbhttps:\/\/speechi.com\/es\/bytello-share-screen-mirroring\/\u00bb button_text=\u00bbDESCUBRIR\u00bb button_alignment=\u00bbcenter\u00bb _builder_version=\u00bb4.21.0&#8243; _module_preset=\u00bbdefault\u00bb custom_button=\u00bbon\u00bb button_text_color=\u00bb#1FD7E0&#8243; button_bg_color=\u00bb#1c2c44&#8243; button_border_width=\u00bb0px\u00bb button_border_radius=\u00bb6px\u00bb button_letter_spacing=\u00bb0px\u00bb button_font=\u00bb||||||||\u00bb button_use_icon=\u00bboff\u00bb custom_padding=\u00bb|39px||39px|false|true\u00bb global_colors_info=\u00bb{}\u00bb][\/et_pb_button][\/et_pb_column][et_pb_column type=\u00bb1_3&#8243; _builder_version=\u00bb4.21.0&#8243; _module_preset=\u00bbdefault\u00bb background_enable_color=\u00bboff\u00bb custom_padding=\u00bb15px|15px|15px|15px|false|false\u00bb border_width_all=\u00bb1px\u00bb border_color_all=\u00bb#1F1F1F\u00bb box_shadow_color_last_edited=\u00bboff|desktop\u00bb global_colors_info=\u00bb{}\u00bb box_shadow_horizontal__hover_enabled=\u00bbon|hover\u00bb box_shadow_color__hover_enabled=\u00bbon|hover\u00bb box_shadow_color__hover=\u00bbrgba(0,0,0,0.25)\u00bb][et_pb_image src=\u00bbhttps:\/\/speechi.com\/wp-content\/uploads\/2024\/06\/speechi-dist-byod-byom-6-byom.jpg\u00bb alt=\u00bbBox USB de mirroring\u00bb title_text=\u00bbPantalla compartida en 4K\u00bb _builder_version=\u00bb4.21.0&#8243; _module_preset=\u00bbdefault\u00bb global_colors_info=\u00bb{}\u00bb][\/et_pb_image][et_pb_text _builder_version=\u00bb4.21.0&#8243; _module_preset=\u00bbdefault\u00bb text_line_height=\u00bb1.5em\u00bb header_2_font=\u00bbMontserrat|300|||||||\u00bb header_2_font_size=\u00bb24px\u00bb header_3_font=\u00bbMontserrat|300|||||||\u00bb header_3_font_size=\u00bb24px\u00bb custom_margin=\u00bb||0px|||\u00bb custom_padding=\u00bb||0px|||\u00bb global_colors_info=\u00bb{}\u00bb]<\/p>\n<h2><strong>BYOM<\/strong><br \/>Soluci\u00f3n Pro de Speechi<\/h2>\n<p>&nbsp;<\/p>\n<p>[\/et_pb_text][et_pb_text _builder_version=\u00bb4.21.0&#8243; _module_preset=\u00bbdefault\u00bb text_font_size=\u00bb14px\u00bb custom_margin=\u00bb||12px|||\u00bb custom_padding=\u00bb||45px|||\u00bb global_colors_info=\u00bb{}\u00bb]Pantalla compartida en 4K y conexi\u00f3n a todos tus equipos audiovisuales para reuniones 100% conectadas.[\/et_pb_text][et_pb_button button_url=\u00bbhttps:\/\/shop.speechi.com\/collections\/presentation-sans-fil-byod\/products\/solution-de-byom-pro-speechi\u00bb button_text=\u00bbDESCUBRIR\u00bb button_alignment=\u00bbcenter\u00bb _builder_version=\u00bb4.21.0&#8243; _module_preset=\u00bbdefault\u00bb custom_button=\u00bbon\u00bb button_text_color=\u00bb#1FD7E0&#8243; button_bg_color=\u00bb#1c2c44&#8243; button_border_width=\u00bb0px\u00bb button_border_radius=\u00bb6px\u00bb button_letter_spacing=\u00bb0px\u00bb button_font=\u00bb||||||||\u00bb button_use_icon=\u00bboff\u00bb custom_padding=\u00bb|39px||39px|false|true\u00bb global_colors_info=\u00bb{}\u00bb][\/et_pb_button][\/et_pb_column][et_pb_column type=\u00bb1_3&#8243; _builder_version=\u00bb4.21.0&#8243; _module_preset=\u00bbdefault\u00bb background_enable_color=\u00bboff\u00bb custom_padding=\u00bb15px|15px|15px|15px|false|false\u00bb border_width_all=\u00bb1px\u00bb border_color_all=\u00bb#1F1F1F\u00bb box_shadow_color_last_edited=\u00bboff|desktop\u00bb global_colors_info=\u00bb{}\u00bb box_shadow_horizontal__hover_enabled=\u00bbon|hover\u00bb box_shadow_color__hover_enabled=\u00bbon|hover\u00bb box_shadow_color__hover=\u00bbrgba(0,0,0,0.25)\u00bb][et_pb_image src=\u00bbhttps:\/\/speechi.com\/wp-content\/uploads\/2024\/05\/speechi-dist-byod-byom-4-kit-replication-hdmi.jpg\u00bb alt=\u00bbKit de replicaci\u00f3n HDMI speechi\u00bb title_text=\u00bbspeechi-dist-byod-byom-4-kit-replication-hdmi\u00bb _builder_version=\u00bb4.21.0&#8243; _module_preset=\u00bbdefault\u00bb global_colors_info=\u00bb{}\u00bb][\/et_pb_image][et_pb_text _builder_version=\u00bb4.21.0&#8243; _module_preset=\u00bbdefault\u00bb text_line_height=\u00bb1.5em\u00bb header_2_font=\u00bbMontserrat|300|||||||\u00bb header_2_font_size=\u00bb24px\u00bb header_3_font=\u00bbMontserrat|300|||||||\u00bb header_3_font_size=\u00bb24px\u00bb custom_margin=\u00bb||0px|||\u00bb custom_padding=\u00bb||0px|||\u00bb global_colors_info=\u00bb{}\u00bb]<\/p>\n<h2><strong>HDMI OUT<\/strong> <\/br>Kit de replicaci\u00f3n<\/h2>\n<p>&nbsp;[\/et_pb_text][et_pb_text _builder_version=\u00bb4.21.0&#8243; _module_preset=\u00bbdefault\u00bb text_font_size=\u00bb14px\u00bb min_height=\u00bb23.4px\u00bb custom_margin=\u00bb||28px||false|false\u00bb custom_padding=\u00bb||27px|||\u00bb global_colors_info=\u00bb{}\u00bb]<\/p>\n<p>Un kit que se conecta a las herramientas de videoconferencia en varias pantallas simult\u00e1neamente.<\/p>\n<p>[\/et_pb_text][et_pb_button button_url=\u00bbhttps:\/\/speechi.com\/es\/kit-de-replicacion-hdmi\/\u00bb button_text=\u00bbDESCUBRIR\u00bb button_alignment=\u00bbcenter\u00bb _builder_version=\u00bb4.21.0&#8243; _module_preset=\u00bbdefault\u00bb custom_button=\u00bbon\u00bb button_text_color=\u00bb#1FD7E0&#8243; button_bg_color=\u00bb#1c2c44&#8243; button_border_width=\u00bb0px\u00bb button_border_radius=\u00bb6px\u00bb button_letter_spacing=\u00bb0px\u00bb button_font=\u00bb||||||||\u00bb button_use_icon=\u00bboff\u00bb custom_padding=\u00bb|39px||39px|false|true\u00bb global_colors_info=\u00bb{}\u00bb][\/et_pb_button][\/et_pb_column][\/et_pb_row][et_pb_row column_structure=\u00bb1_3,1_3,1_3&#8243; _builder_version=\u00bb4.21.0&#8243; _module_preset=\u00bbdefault\u00bb max_width=\u00bb1200px\u00bb min_height=\u00bb534.2px\u00bb global_colors_info=\u00bb{}\u00bb][et_pb_column type=\u00bb1_3&#8243; _builder_version=\u00bb4.21.0&#8243; _module_preset=\u00bbdefault\u00bb background_enable_color=\u00bboff\u00bb custom_padding=\u00bb15px|15px|15px|15px|false|false\u00bb border_width_all=\u00bb1px\u00bb border_color_all=\u00bb#1F1F1F\u00bb box_shadow_color_last_edited=\u00bboff|desktop\u00bb global_colors_info=\u00bb{}\u00bb box_shadow_horizontal__hover_enabled=\u00bbon|hover\u00bb box_shadow_color__hover_enabled=\u00bbon|hover\u00bb box_shadow_color__hover=\u00bbrgba(0,0,0,0.25)\u00bb][et_pb_image src=\u00bbhttps:\/\/speechi.com\/wp-content\/uploads\/2024\/05\/speechi-dist-byod-byom-5-coincoin.jpg\u00bb alt=\u00bbBox USB de mirroring\u00bb title_text=\u00bbBox USB de mirroring\u00bb _builder_version=\u00bb4.21.0&#8243; _module_preset=\u00bbdefault\u00bb global_colors_info=\u00bb{}\u00bb][\/et_pb_image][et_pb_text _builder_version=\u00bb4.21.0&#8243; _module_preset=\u00bbdefault\u00bb text_line_height=\u00bb1.5em\u00bb header_2_font=\u00bbMontserrat|300|||||||\u00bb header_2_font_size=\u00bb24px\u00bb header_3_font=\u00bbMontserrat|300|||||||\u00bb header_3_font_size=\u00bb24px\u00bb custom_margin=\u00bb||0px||false|false\u00bb custom_padding=\u00bb||16px||false|false\u00bb global_colors_info=\u00bb{}\u00bb]<\/p>\n<h2><strong>Coin Coin<\/strong><br \/>Box Mini de mirroring<\/h2>\n<p>&nbsp;<\/p>\n<p>[\/et_pb_text][et_pb_text _builder_version=\u00bb4.21.0&#8243; _module_preset=\u00bbdefault\u00bb text_font_size=\u00bb14px\u00bb custom_margin=\u00bb||0px||false|false\u00bb custom_padding=\u00bb||58px||false|false\u00bb global_colors_info=\u00bb{}\u00bb]Sistema de transmisi\u00f3n inal\u00e1mbrica segura en pocos segundos desde cualquier dispositivo.<br \/>\n&nbsp;[\/et_pb_text][et_pb_button button_url=\u00bbhttps:\/\/shop.speechi.com\/collections\/presentation-sans-fil-byod\/products\/boitier-miroir-sans-fil-coin-coin-mini-4k\u00bb button_text=\u00bbDESCUBRIR\u00bb button_alignment=\u00bbcenter\u00bb _builder_version=\u00bb4.21.0&#8243; _module_preset=\u00bbdefault\u00bb custom_button=\u00bbon\u00bb button_text_color=\u00bb#1FD7E0&#8243; button_bg_color=\u00bb#1c2c44&#8243; button_border_width=\u00bb0px\u00bb button_border_radius=\u00bb6px\u00bb button_letter_spacing=\u00bb0px\u00bb button_font=\u00bb||||||||\u00bb button_use_icon=\u00bboff\u00bb custom_padding=\u00bb|39px||39px|false|true\u00bb global_colors_info=\u00bb{}\u00bb][\/et_pb_button][\/et_pb_column][et_pb_column type=\u00bb1_3&#8243; _builder_version=\u00bb4.21.0&#8243; _module_preset=\u00bbdefault\u00bb background_enable_color=\u00bboff\u00bb custom_padding=\u00bb15px|15px|15px|15px|false|false\u00bb border_width_all=\u00bb1px\u00bb border_color_all=\u00bb#1f1f1f\u00bb box_shadow_color_last_edited=\u00bboff|desktop\u00bb global_colors_info=\u00bb{}\u00bb box_shadow_horizontal__hover_enabled=\u00bbon|hover\u00bb box_shadow_color__hover_enabled=\u00bbon|hover\u00bb box_shadow_color__hover=\u00bbrgba(0,0,0,0.25)\u00bb][et_pb_image src=\u00bbhttps:\/\/speechi.com\/wp-content\/uploads\/2024\/06\/speechi-dist-byod-byom-5-coincoin-usb.jpg\u00bb alt=\u00bbLlave WiFi de mirroring ezcast\u00bb title_text=\u00bbBox USB de mirroring\u00bb _builder_version=\u00bb4.21.0&#8243; _module_preset=\u00bbdefault\u00bb global_colors_info=\u00bb{}\u00bb][\/et_pb_image][et_pb_text _builder_version=\u00bb4.21.0&#8243; _module_preset=\u00bbdefault\u00bb text_font_size=\u00bb12px\u00bb text_line_height=\u00bb1.5em\u00bb header_font=\u00bbMontserrat|300|||||||\u00bb header_2_font=\u00bbMontserrat|300|||||||\u00bb header_2_font_size=\u00bb24px\u00bb header_3_font=\u00bbMontserrat|300|||||||\u00bb header_3_font_size=\u00bb24px\u00bb custom_margin=\u00bb||0px|||\u00bb custom_padding=\u00bb||16px|||\u00bb global_colors_info=\u00bb{}\u00bb]<\/p>\n<h2><strong>Coin Coin<\/strong><br \/>Box USB de mirroring<\/h2>\n<p>&nbsp;<\/p>\n<p>[\/et_pb_text][et_pb_text _builder_version=\u00bb4.21.0&#8243; _module_preset=\u00bbdefault\u00bb text_font_size=\u00bb14px\u00bb header_2_font_size=\u00bb24px\u00bb header_3_font=\u00bbMontserrat|300|||||||\u00bb header_3_font_size=\u00bb24px\u00bb custom_margin=\u00bb||0px|||\u00bb custom_padding=\u00bb||58px|||\u00bb global_colors_info=\u00bb{}\u00bb]Transmisi\u00f3n inal\u00e1mbrica segura en s\u00f3lo unos segundos a trav\u00e9s de USB.<br \/>\n&nbsp;[\/et_pb_text][et_pb_button button_url=\u00bbhttps:\/\/shop.speechi.com\/collections\/presentation-sans-fil-byod\/products\/boitier-miroir-sans-fil-coin-coin-usb-4k\u00bb button_text=\u00bbDESCUBRIR\u00bb button_alignment=\u00bbcenter\u00bb _builder_version=\u00bb4.21.0&#8243; _module_preset=\u00bbdefault\u00bb custom_button=\u00bbon\u00bb button_text_color=\u00bb#1FD7E0&#8243; button_bg_color=\u00bb#1c2c44&#8243; button_border_width=\u00bb0px\u00bb button_border_radius=\u00bb6px\u00bb button_letter_spacing=\u00bb0px\u00bb button_font=\u00bb||||||||\u00bb button_use_icon=\u00bboff\u00bb custom_padding=\u00bb|39px||39px|false|true\u00bb global_colors_info=\u00bb{}\u00bb][\/et_pb_button][\/et_pb_column][et_pb_column type=\u00bb1_3&#8243; _builder_version=\u00bb4.21.0&#8243; _module_preset=\u00bbdefault\u00bb background_enable_color=\u00bboff\u00bb custom_padding=\u00bb15px|15px|15px|15px|false|false\u00bb border_width_all=\u00bb1px\u00bb border_color_all=\u00bb#1f1f1f\u00bb box_shadow_color_last_edited=\u00bboff|desktop\u00bb global_colors_info=\u00bb{}\u00bb box_shadow_horizontal__hover_enabled=\u00bbon|hover\u00bb box_shadow_color__hover_enabled=\u00bbon|hover\u00bb box_shadow_color__hover=\u00bbrgba(0,0,0,0.25)\u00bb][et_pb_image src=\u00bbhttps:\/\/speechi.com\/wp-content\/uploads\/2024\/06\/speechi-dist-byod-byom-7-tsf006.jpg\u00bb alt=\u00bbLlave WiFi de mirroring ezcast\u00bb title_text=\u00bbspeechi-dist-byod-byom-7-tsf006&#8243; _builder_version=\u00bb4.21.0&#8243; _module_preset=\u00bbdefault\u00bb global_colors_info=\u00bb{}\u00bb][\/et_pb_image][et_pb_text _builder_version=\u00bb4.21.0&#8243; _module_preset=\u00bbdefault\u00bb text_font_size=\u00bb12px\u00bb text_line_height=\u00bb1.5em\u00bb header_font=\u00bbMontserrat|300|||||||\u00bb header_2_font=\u00bbMontserrat|300|||||||\u00bb header_2_font_size=\u00bb24px\u00bb header_3_font=\u00bbMontserrat|300|||||||\u00bb header_3_font_size=\u00bb24px\u00bb custom_margin=\u00bb||0px|||\u00bb custom_padding=\u00bb||16px|||\u00bb global_colors_info=\u00bb{}\u00bb]<\/p>\n<h2><strong>Transmisor<\/strong><br \/>USB-C inal\u00e1mbrico<\/h2>\n<p>&nbsp;<\/p>\n<p>[\/et_pb_text][et_pb_text _builder_version=\u00bb4.21.0&#8243; _module_preset=\u00bbdefault\u00bb text_font_size=\u00bb14px\u00bb header_2_font_size=\u00bb24px\u00bb header_3_font=\u00bbMontserrat|300|||||||\u00bb header_3_font_size=\u00bb24px\u00bb custom_margin=\u00bb||0px|||\u00bb custom_padding=\u00bb||58px|||\u00bb global_colors_info=\u00bb{}\u00bb]<\/p>\n<p>Una soluci\u00f3n flexible para proyectar contenido UHD a trav\u00e9s de USB a cualquier dispositivo (hasta 8 dispositivos).<\/p>\n<p>[\/et_pb_text][et_pb_button button_url=\u00bbhttps:\/\/shop.speechi.com\/collections\/presentation-sans-fil-byod\/products\/transmetteur-sans-fil-usb-c-speechitouch\u00bb button_text=\u00bbDESCUBRIR\u00bb button_alignment=\u00bbcenter\u00bb _builder_version=\u00bb4.21.0&#8243; _module_preset=\u00bbdefault\u00bb custom_button=\u00bbon\u00bb button_text_color=\u00bb#1FD7E0&#8243; button_bg_color=\u00bb#1c2c44&#8243; button_border_width=\u00bb0px\u00bb button_border_radius=\u00bb6px\u00bb button_letter_spacing=\u00bb0px\u00bb button_font=\u00bb||||||||\u00bb button_use_icon=\u00bboff\u00bb custom_padding=\u00bb|39px||39px|false|true\u00bb global_colors_info=\u00bb{}\u00bb][\/et_pb_button][\/et_pb_column][\/et_pb_row][et_pb_row column_structure=\u00bb1_3,1_3,1_3&#8243; _builder_version=\u00bb4.21.0&#8243; _module_preset=\u00bbdefault\u00bb max_width=\u00bb1200px\u00bb min_height=\u00bb534.2px\u00bb global_colors_info=\u00bb{}\u00bb][et_pb_column type=\u00bb1_3&#8243; _builder_version=\u00bb4.21.0&#8243; _module_preset=\u00bbdefault\u00bb background_enable_color=\u00bboff\u00bb custom_padding=\u00bb15px|15px|15px|15px|false|false\u00bb border_width_all=\u00bb1px\u00bb border_color_all=\u00bb#1F1F1F\u00bb box_shadow_color_last_edited=\u00bboff|desktop\u00bb global_colors_info=\u00bb{}\u00bb box_shadow_horizontal__hover_enabled=\u00bbon|hover\u00bb box_shadow_color__hover_enabled=\u00bbon|hover\u00bb box_shadow_color__hover=\u00bbrgba(0,0,0,0.25)\u00bb][et_pb_image src=\u00bbhttps:\/\/speechi.com\/wp-content\/uploads\/2024\/06\/speechi-dist-byod-byom-3-cle-ezcast-ok.jpg\u00bb alt=\u00bbLlave WiFi de mirroring ezcast\u00bb title_text=\u00bbLlave WiFi de mirroring ezcast\u00bb _builder_version=\u00bb4.21.0&#8243; _module_preset=\u00bbdefault\u00bb global_colors_info=\u00bb{}\u00bb][\/et_pb_image][et_pb_text _builder_version=\u00bb4.21.0&#8243; _module_preset=\u00bbdefault\u00bb text_font_size=\u00bb12px\u00bb text_line_height=\u00bb1.5em\u00bb header_font=\u00bbMontserrat|300|||||||\u00bb header_2_font=\u00bbMontserrat|300|||||||\u00bb header_2_font_size=\u00bb24px\u00bb header_3_font=\u00bbMontserrat|300|||||||\u00bb header_3_font_size=\u00bb24px\u00bb custom_margin=\u00bb||0px|||\u00bb custom_padding=\u00bb||16px|||\u00bb global_colors_info=\u00bb{}\u00bb]<\/p>\n<h2><strong>EZCast<\/strong><br \/>Llave WiFi de mirroring<\/h2>\n<p>&nbsp;<\/p>\n<p>[\/et_pb_text][et_pb_text _builder_version=\u00bb4.21.0&#8243; _module_preset=\u00bbdefault\u00bb text_font_size=\u00bb14px\u00bb header_2_font_size=\u00bb24px\u00bb header_3_font=\u00bbMontserrat|300|||||||\u00bb header_3_font_size=\u00bb24px\u00bb custom_margin=\u00bb||0px|||\u00bb custom_padding=\u00bb||58px|||\u00bb global_colors_info=\u00bb{}\u00bb]<\/p>\n<p>Una amplia compatibilidad para proyectar cualquier dispositivo (hasta 8 dispositivos).<\/p>\n<p>[\/et_pb_text][et_pb_button button_url=\u00bbhttps:\/\/speechi.com\/es\/llave-wifi-ezcast\/\u00bb button_text=\u00bbDESCUBRIR\u00bb button_alignment=\u00bbcenter\u00bb _builder_version=\u00bb4.21.0&#8243; _module_preset=\u00bbdefault\u00bb custom_button=\u00bbon\u00bb button_text_color=\u00bb#1FD7E0&#8243; button_bg_color=\u00bb#1c2c44&#8243; button_border_width=\u00bb0px\u00bb button_border_radius=\u00bb6px\u00bb button_letter_spacing=\u00bb0px\u00bb button_font=\u00bb||||||||\u00bb button_use_icon=\u00bboff\u00bb custom_padding=\u00bb|39px||39px|false|true\u00bb global_colors_info=\u00bb{}\u00bb][\/et_pb_button][\/et_pb_column][et_pb_column type=\u00bb1_3&#8243; _builder_version=\u00bb4.21.0&#8243; _module_preset=\u00bbdefault\u00bb background_enable_color=\u00bboff\u00bb custom_padding=\u00bb15px|15px|15px|15px|false|false\u00bb border_color_all=\u00bb#1f1f1f\u00bb box_shadow_style=\u00bbpreset5&#8243; box_shadow_color=\u00bb#FFFFFF\u00bb box_shadow_color_last_edited=\u00bboff|desktop\u00bb global_colors_info=\u00bb{}\u00bb box_shadow_horizontal__hover_enabled=\u00bbon|hover\u00bb box_shadow_color__hover_enabled=\u00bbon|hover\u00bb box_shadow_color__hover=\u00bbrgba(0,0,0,0.25)\u00bb][\/et_pb_column][et_pb_column type=\u00bb1_3&#8243; _builder_version=\u00bb4.21.0&#8243; _module_preset=\u00bbdefault\u00bb background_enable_color=\u00bboff\u00bb custom_padding=\u00bb15px|15px|15px|15px|false|false\u00bb box_shadow_style=\u00bbpreset5&#8243; box_shadow_color=\u00bb#FFFFFF\u00bb box_shadow_color_last_edited=\u00bboff|desktop\u00bb global_colors_info=\u00bb{}\u00bb box_shadow_horizontal__hover_enabled=\u00bbon|hover\u00bb box_shadow_color__hover_enabled=\u00bbon|hover\u00bb box_shadow_color__hover=\u00bbrgba(0,0,0,0.25)\u00bb][\/et_pb_column][\/et_pb_row][\/et_pb_section]<\/p>\n","protected":false},"excerpt":{"rendered":"<p>accesoriosSpeechi Las solucionesBYOD BYOM Bytello ShareSoftware &nbsp;El software integrado en las pantallas interactivas SpeechiTouch SuperGlass para un screen mirroring sencillo.BYOMSoluci\u00f3n Pro de Speechi &nbsp;Pantalla compartida en 4K y conexi\u00f3n a todos tus equipos audiovisuales para reuniones 100% conectadas.HDMI OUT Kit de replicaci\u00f3n &nbsp;Un kit que se conecta a las herramientas de videoconferencia en varias pantallas [&hellip;]<\/p>\n","protected":false},"author":4,"featured_media":0,"parent":0,"menu_order":0,"comment_status":"closed","ping_status":"closed","template":"","meta":{"_acf_changed":false,"_seopress_robots_primary_cat":"","_seopress_titles_title":"BYOD y BYOM - presentaci\u00f3n inal\u00e1mbrica - Accesorios Speechi","_seopress_titles_desc":"Descubre los accesorios para presentaciones inal\u00e1mbricas de Speechi (tambi\u00e9n conocidos como BYOD o BYOM), que son 100% compatibles con todas las pantallas.","_seopress_robots_index":"","_et_pb_use_builder":"on","_et_pb_old_content":"","_et_gb_content_width":"","footnotes":""},"difl_page_category":[],"class_list":["post-44168540","page","type-page","status-publish","hentry"],"acf":[],"_links":{"self":[{"href":"https:\/\/speechi.com\/es\/wp-json\/wp\/v2\/pages\/44168540","targetHints":{"allow":["GET"]}}],"collection":[{"href":"https:\/\/speechi.com\/es\/wp-json\/wp\/v2\/pages"}],"about":[{"href":"https:\/\/speechi.com\/es\/wp-json\/wp\/v2\/types\/page"}],"author":[{"embeddable":true,"href":"https:\/\/speechi.com\/es\/wp-json\/wp\/v2\/users\/4"}],"replies":[{"embeddable":true,"href":"https:\/\/speechi.com\/es\/wp-json\/wp\/v2\/comments?post=44168540"}],"version-history":[{"count":10,"href":"https:\/\/speechi.com\/es\/wp-json\/wp\/v2\/pages\/44168540\/revisions"}],"predecessor-version":[{"id":44174734,"href":"https:\/\/speechi.com\/es\/wp-json\/wp\/v2\/pages\/44168540\/revisions\/44174734"}],"wp:attachment":[{"href":"https:\/\/speechi.com\/es\/wp-json\/wp\/v2\/media?parent=44168540"}],"wp:term":[{"taxonomy":"difl_page_category","embeddable":true,"href":"https:\/\/speechi.com\/es\/wp-json\/wp\/v2\/difl_page_category?post=44168540"}],"curies":[{"name":"wp","href":"https:\/\/api.w.org\/{rel}","templated":true}]}}