{"id":44168700,"date":"2024-05-29T15:54:36","date_gmt":"2024-05-29T13:54:36","guid":{"rendered":"https:\/\/speechi.com\/visualizador-l12-g\/"},"modified":"2024-07-23T17:30:53","modified_gmt":"2024-07-23T15:30:53","slug":"visualizador-miracast","status":"publish","type":"page","link":"https:\/\/speechi.com\/es\/visualizador-miracast\/","title":{"rendered":"Visualizador L12-G"},"content":{"rendered":"<p>[et_pb_section fb_built=\u00bb1&#8243; _builder_version=\u00bb4.21.0&#8243; _module_preset=\u00bbdefault\u00bb background_image=\u00bbhttps:\/\/speechi.com\/wp-content\/uploads\/2024\/05\/speechi-visualiseur-elmo-l12G-2.jpg\u00bb width=\u00bb100%\u00bb height=\u00bb633px\u00bb custom_padding=\u00bb202px|||||\u00bb global_colors_info=\u00bb{}\u00bb][et_pb_row _builder_version=\u00bb4.21.0&#8243; _module_preset=\u00bbdefault\u00bb custom_padding=\u00bb0px|||||\u00bb global_colors_info=\u00bb{}\u00bb][et_pb_column type=\u00bb4_4&#8243; _builder_version=\u00bb4.21.0&#8243; _module_preset=\u00bbdefault\u00bb global_colors_info=\u00bb{}\u00bb][et_pb_text _builder_version=\u00bb4.21.0&#8243; _module_preset=\u00bbdefault\u00bb text_font=\u00bbMontserrat|300|||||||\u00bb text_text_color=\u00bb#161f32&#8243; text_font_size=\u00bb22px\u00bb text_line_height=\u00bb1.5em\u00bb header_font=\u00bbMontserrat|300|||||||\u00bb header_text_color=\u00bb#161f32&#8243; header_font_size=\u00bb22px\u00bb header_line_height=\u00bb1.4em\u00bb header_2_font=\u00bbMontserrat|700|||||||\u00bb header_2_font_size=\u00bb36px\u00bb header_2_line_height=\u00bb1.4em\u00bb width=\u00bb100%\u00bb custom_margin=\u00bb-37px||3px|||\u00bb hover_enabled=\u00bb0&#8243; locked=\u00bboff\u00bb global_colors_info=\u00bb{}\u00bb sticky_enabled=\u00bb0&#8243;]<\/p>\n<h1>Visualizador de documentos <strong>ELMO L12-G<\/strong><\/h1>\n<h2>El visualizador vers\u00e1til <br \/>que se adapta a tus necesidades<\/h2>\n<p>[\/et_pb_text][\/et_pb_column][\/et_pb_row][et_pb_row _builder_version=\u00bb4.21.0&#8243; _module_preset=\u00bbdefault\u00bb custom_margin=\u00bb|auto|23px|auto||\u00bb global_colors_info=\u00bb{}\u00bb][et_pb_column type=\u00bb4_4&#8243; _builder_version=\u00bb4.21.0&#8243; _module_preset=\u00bbdefault\u00bb global_colors_info=\u00bb{}\u00bb][dsm_button _builder_version=\u00bb4.21.0&#8243; _module_preset=\u00bbdefault\u00bb global_colors_info=\u00bb{}\u00bb][\/dsm_button][et_pb_button button_url=\u00bbhttps:\/\/speechi.com\/es\/contact\/\u00bb button_text=\u00bbM\u00c1S INFORMACI\u00d3N\u00bb button_alignment=\u00bbleft\u00bb _builder_version=\u00bb4.21.0&#8243; _module_preset=\u00bbdefault\u00bb custom_button=\u00bbon\u00bb button_text_size=\u00bb17px\u00bb button_text_color=\u00bb#FFFFFF\u00bb button_bg_color=\u00bb#161f32&#8243; button_border_width=\u00bb0px\u00bb button_border_radius=\u00bb11px\u00bb button_letter_spacing=\u00bb0px\u00bb custom_margin=\u00bb9px||29px||false|false\u00bb custom_padding=\u00bb|38px||38px|false|true\u00bb global_colors_info=\u00bb{}\u00bb][\/et_pb_button][\/et_pb_column][\/et_pb_row][\/et_pb_section][et_pb_section fb_built=\u00bb1&#8243; disabled_on=\u00bbon|on|off\u00bb _builder_version=\u00bb4.21.0&#8243; _module_preset=\u00bbdefault\u00bb background_color=\u00bb#161f32&#8243; custom_margin=\u00bb0px|||||\u00bb custom_padding=\u00bb2px||0px|||\u00bb global_colors_info=\u00bb{}\u00bb][et_pb_row column_structure=\u00bb1_2,1_2&#8243; _builder_version=\u00bb4.21.0&#8243; _module_preset=\u00bbdefault\u00bb custom_padding=\u00bb23px|||||\u00bb global_colors_info=\u00bb{}\u00bb][et_pb_column type=\u00bb1_2&#8243; _builder_version=\u00bb4.21.0&#8243; _module_preset=\u00bbdefault\u00bb global_colors_info=\u00bb{}\u00bb][et_pb_image src=\u00bbhttps:\/\/speechi.com\/wp-content\/uploads\/2024\/05\/speechi-visualiseur-elmo-l12G-3.png\u00bb alt=\u00bbVisualizador de documentos ELMO L12-G\u00bb title_text=\u00bbVisualizador de documentos ELMO L12-G\u00bb _builder_version=\u00bb4.21.0&#8243; _module_preset=\u00bbdefault\u00bb global_colors_info=\u00bb{}\u00bb][\/et_pb_image][\/et_pb_column][et_pb_column type=\u00bb1_2&#8243; _builder_version=\u00bb4.21.0&#8243; _module_preset=\u00bbdefault\u00bb global_colors_info=\u00bb{}\u00bb][et_pb_code _builder_version=\u00bb4.21.0&#8243; _module_preset=\u00bbdefault\u00bb custom_padding=\u00bb16px|||||\u00bb global_colors_info=\u00bb{}\u00bb]  <\/p>\n<style><!-- [et_pb_line_break_holder] -->        ul.custom-bullet {<!-- [et_pb_line_break_holder] -->            list-style-type: circle;<!-- [et_pb_line_break_holder] -->            color: #0A7988;<!-- [et_pb_line_break_holder] -->        }<!-- [et_pb_line_break_holder] --><!-- [et_pb_line_break_holder] -->        ul.custom-bullet li {<!-- [et_pb_line_break_holder] -->            color: #0A7988;<!-- [et_pb_line_break_holder] -->        }<!-- [et_pb_line_break_holder] -->    <\/style>\n<p><!-- [et_pb_line_break_holder] --><\/head><!-- [et_pb_line_break_holder] --><!-- [et_pb_line_break_holder] -->    <\/p>\n<ul class=\"custom-bullet\"><!-- [et_pb_line_break_holder] -->        <\/p>\n<li>Resoluci\u00f3n 4K<\/li>\n<p><!-- [et_pb_line_break_holder] -->        <\/p>\n<li>8,3 Mpx<\/li>\n<p><!-- [et_pb_line_break_holder] -->        <\/p>\n<li>Zoom \u00f3ptico de x12<\/li>\n<p><!-- [et_pb_line_break_holder] -->    \t  <\/p>\n<li>Brazo giratorio de 300\u00b0<\/li>\n<p><!-- [et_pb_line_break_holder] -->        <\/p>\n<li>Grabaci\u00f3n de v\u00eddeo SD\/USB<\/li>\n<p><!-- [et_pb_line_break_holder] -->    <\/ul>\n<p><!-- [et_pb_line_break_holder] -->[\/et_pb_code][\/et_pb_column][\/et_pb_row][\/et_pb_section][et_pb_section fb_built=\u00bb1&#8243; _builder_version=\u00bb4.21.0&#8243; _module_preset=\u00bbdefault\u00bb use_background_color_gradient=\u00bbon\u00bb background_color_gradient_stops=\u00bb#ffffff 35%|#1c2c44 35%\u00bb custom_padding=\u00bb||0px|||\u00bb global_colors_info=\u00bb{}\u00bb][et_pb_row _builder_version=\u00bb4.21.0&#8243; _module_preset=\u00bbdefault\u00bb custom_padding=\u00bb||0px|||\u00bb global_colors_info=\u00bb{}\u00bb][et_pb_column type=\u00bb4_4&#8243; _builder_version=\u00bb4.21.0&#8243; _module_preset=\u00bbdefault\u00bb global_colors_info=\u00bb{}\u00bb][et_pb_text _builder_version=\u00bb4.21.0&#8243; _module_preset=\u00bbdefault\u00bb text_font=\u00bbMontserrat|300|||||||\u00bb text_text_color=\u00bb#18b6c3&#8243; text_font_size=\u00bb21px\u00bb text_letter_spacing=\u00bb6px\u00bb text_orientation=\u00bbcenter\u00bb custom_margin=\u00bb0px||0px||false|false\u00bb custom_padding=\u00bb0px||10px||false|false\u00bb locked=\u00bboff\u00bb global_colors_info=\u00bb{}\u00bb]Sencillo, pr\u00e1ctico, potente[\/et_pb_text][et_pb_text _builder_version=\u00bb4.21.0&#8243; _module_preset=\u00bbdefault\u00bb text_text_color=\u00bb#242424&#8243; header_2_text_color=\u00bb#242424&#8243; header_3_text_color=\u00bb#1FD7E0&#8243; header_5_text_color=\u00bb#28bfc7&#8243; global_colors_info=\u00bb{}\u00bb]<\/p>\n<h2 style=\"text-align: center;\">Comparte tus documentos y filma tus experimentos<\/h2>\n<p>[\/et_pb_text][et_pb_image src=\u00bbhttps:\/\/speechi.com\/wp-content\/uploads\/2024\/05\/speechi-visualiseur-elmo-l12G-4.png\u00bb alt=\u00bbGrabaci\u00f3n de v\u00eddeo y videoconferencia con el visor ELMO L12-G\u00bb title_text=\u00bbComparta y filme experiencias en la gran pantalla con el visor de documentos ELMO L12-G\u00bb _builder_version=\u00bb4.21.0&#8243; _module_preset=\u00bbdefault\u00bb width=\u00bb85%\u00bb module_alignment=\u00bbcenter\u00bb global_colors_info=\u00bb{}\u00bb][\/et_pb_image][\/et_pb_column][\/et_pb_row][et_pb_row column_structure=\u00bb1_3,1_3,1_3&#8243; _builder_version=\u00bb4.21.0&#8243; _module_preset=\u00bbdefault\u00bb max_width=\u00bb1200px\u00bb global_colors_info=\u00bb{}\u00bb][et_pb_column type=\u00bb1_3&#8243; _builder_version=\u00bb4.21.0&#8243; _module_preset=\u00bbdefault\u00bb global_colors_info=\u00bb{}\u00bb][et_pb_text _builder_version=\u00bb4.21.0&#8243; _module_preset=\u00bbdefault\u00bb text_text_color=\u00bb#FFFFFF\u00bb text_font_size=\u00bb14px\u00bb header_2_text_color=\u00bb#18b6c3&#8243; global_colors_info=\u00bb{}\u00bb]<\/p>\n<h2>Graba tus <br \/>demostraciones<\/h2>\n<p>El visualizador de documentos L12-G es una c\u00e1mara con un soporte de pie lista para usar, que permite grabar en v\u00eddeo tus demostraciones con una vista desde arriba.<\/p>\n<p>Guarda tus capturas de v\u00eddeo insertando una tarjeta de memoria en el puerto SD del visualizador y comenta tu presentaci\u00f3n utilizando su micr\u00f3fono integrado.<\/p>\n<p>[\/et_pb_text][\/et_pb_column][et_pb_column type=\u00bb1_3&#8243; _builder_version=\u00bb4.21.0&#8243; _module_preset=\u00bbdefault\u00bb global_colors_info=\u00bb{}\u00bb][et_pb_text _builder_version=\u00bb4.21.0&#8243; _module_preset=\u00bbdefault\u00bb text_text_color=\u00bb#FFFFFF\u00bb text_font_size=\u00bb14px\u00bb header_2_text_color=\u00bb#18b6c3&#8243; global_colors_info=\u00bb{}\u00bb]<\/p>\n<h2>Una grabaci\u00f3n <br \/>profesional<\/h2>\n<p>Resalta tu trabajo ajustando tus tomas de forma r\u00e1pida y precisa y deja que tus clientes lo aprecien en cada detalle gracias a la resoluci\u00f3n 4K y al zoom \u00f3ptico x12 del visualizador L12-G.<\/p>\n<p>[\/et_pb_text][\/et_pb_column][et_pb_column type=\u00bb1_3&#8243; _builder_version=\u00bb4.21.0&#8243; _module_preset=\u00bbdefault\u00bb global_colors_info=\u00bb{}\u00bb][et_pb_text _builder_version=\u00bb4.21.0&#8243; _module_preset=\u00bbdefault\u00bb text_text_color=\u00bb#FFFFFF\u00bb text_font_size=\u00bb14px\u00bb header_2_text_color=\u00bb#18b6c3&#8243; global_colors_info=\u00bb{}\u00bb]<\/p>\n<h2>Conserva tu libertad <br \/>de movimiento<\/h2>\n<p>Mu\u00e9vete libremente por la sala durante tu presentaci\u00f3n. Con el mando a distancia en la mano podr\u00e1s controlar el visualizador de documentos L12-G de forma remota: hacer zoom, ajustar el brillo de su l\u00e1mpara integrada, enfocar, realizar capturas, filmar, etc. Su se\u00f1al se recibe en un radio de 7 metros.  <\/p>\n<p>[\/et_pb_text][\/et_pb_column][\/et_pb_row][\/et_pb_section][et_pb_section fb_built=\u00bb1&#8243; _builder_version=\u00bb4.21.0&#8243; _module_preset=\u00bbdefault\u00bb custom_padding=\u00bb12px||8px|||\u00bb global_colors_info=\u00bb{}\u00bb][et_pb_row _builder_version=\u00bb4.21.0&#8243; _module_preset=\u00bbdefault\u00bb max_width=\u00bb1400px\u00bb global_colors_info=\u00bb{}\u00bb][et_pb_column type=\u00bb4_4&#8243; _builder_version=\u00bb4.21.0&#8243; _module_preset=\u00bbdefault\u00bb global_colors_info=\u00bb{}\u00bb][et_pb_code _builder_version=\u00bb4.21.0&#8243; _module_preset=\u00bbdefault\u00bb global_colors_info=\u00bb{}\u00bb]<\/p>\n<div class=\"carousel\"><!-- [et_pb_line_break_holder] -->  <\/p>\n<div class=\"carousel-track\"><!-- [et_pb_line_break_holder] -->    <\/p>\n<div class=\"carousel-slide\"><!-- [et_pb_line_break_holder] -->      <\/p>\n<div class=\"carousel-header\"><!-- [et_pb_line_break_holder] -->      <\/div>\n<p><!-- [et_pb_line_break_holder] -->      <\/p>\n<div class=\"carousel-content\"><!-- [et_pb_line_break_holder] -->        <img decoding=\"async\" class=\"carousel-image\" src=\"https:\/\/speechi.com\/wp-content\/uploads\/2024\/05\/speechi-visualiseur-4K-elmo-l12G-tete-rotative.jpg\" alt=\"Brazo visualizador ultraflexible, hasta 300\u00b0.\"><!-- [et_pb_line_break_holder] -->        <\/p>\n<div class=\"carousel-text\"><!-- [et_pb_line_break_holder] -->          <\/p>\n<ul class=\"carousel-list\"><!-- [et_pb_line_break_holder] -->            <!\u2013- [et_pb_br_holder] -\u2013><!-- [et_pb_line_break_holder] -->            <\/p>\n<h2 style=\"font-size:19px; color:#18b6c3;\">Visualizador ultraflexible<\/h2>\n<p><!-- [et_pb_line_break_holder] -->            <!\u2013- [et_pb_br_holder] -\u2013><!-- [et_pb_line_break_holder] -->            <\/p>\n<h3>Un visualizador <!\u2013- [et_pb_br_holder] -\u2013>que te har\u00e1 girar la cabeza<\/h3>\n<p><!-- [et_pb_line_break_holder] -->            <!\u2013- [et_pb_br_holder] -\u2013><!-- [et_pb_line_break_holder] -->            <pee><!-- [et_pb_line_break_holder] --> \u00a1No hay \u00e1ngulos muertos para este visualizador de documentos ingeniosamente articulado! Ajusta tus tomas de forma r\u00e1pida y sencilla: el brazo puede girar casi un c\u00edrculo completo, bascula la c\u00e1mara 300\u00b0 e inclina el cabezal de la c\u00e1mara 180\u00b0. <!-- [et_pb_line_break_holder] -->            <\/pee><!-- [et_pb_line_break_holder] -->          <\/ul>\n<p><!-- [et_pb_line_break_holder] -->        <\/div>\n<p><!-- [et_pb_line_break_holder] -->      <\/div>\n<p><!-- [et_pb_line_break_holder] -->    <\/div>\n<p><!-- [et_pb_line_break_holder] --><!-- [et_pb_line_break_holder] -->    <\/p>\n<div class=\"carousel-slide\"><!-- [et_pb_line_break_holder] -->      <\/p>\n<div class=\"carousel-header\"><!-- [et_pb_line_break_holder] -->      <\/div>\n<p><!-- [et_pb_line_break_holder] -->      <\/p>\n<div class=\"carousel-content\"><!-- [et_pb_line_break_holder] -->        <img decoding=\"async\" class=\"carousel-image\" src=\"https:\/\/speechi.com\/wp-content\/uploads\/2024\/05\/speechi-visualiseur-elmo-l12G-1.jpg\" alt=\"Herramienta de captura ELMO Image Mate + Viewer\"><!-- [et_pb_line_break_holder] -->        <\/p>\n<div class=\"carousel-text\"><!-- [et_pb_line_break_holder] -->          <\/p>\n<ul class=\"carousel-list\"><!-- [et_pb_line_break_holder] -->            <!\u2013- [et_pb_br_holder] -\u2013><!-- [et_pb_line_break_holder] -->            <\/p>\n<h2 style=\"font-size:19px; color:#18b6c3;\">Software Elmo Interactive Toolbox<\/h2>\n<p><!-- [et_pb_line_break_holder] -->            <!\u2013- [et_pb_br_holder] -\u2013><!-- [et_pb_line_break_holder] -->            <\/p>\n<h3>Analiza <!\u2013- [et_pb_br_holder] -\u2013>tus im\u00e1genes<\/h3>\n<p><!-- [et_pb_line_break_holder] -->            <!\u2013- [et_pb_br_holder] -\u2013><!-- [et_pb_line_break_holder] -->            <pee><!-- [et_pb_line_break_holder] --> Anota la imagen capturada por el visualizador de documentos L12-G gracias a las herramientas que ofrece el software para PC Windows y Mac, Elmo Interactive Toolbox: dibuja y escribe en la imagen, toma capturas de foto y v\u00eddeo.<!-- [et_pb_line_break_holder] -->              <!\u2013- [et_pb_br_holder] -\u2013><!\u2013- [et_pb_br_holder] -\u2013><!-- [et_pb_line_break_holder] --> Su versi\u00f3n en aplicaci\u00f3n, Image Mate + C, accesible desde el navegador Chrome, te permite realizar las mismas acciones en tu imagen, \u00a1pero en l\u00ednea!<!-- [et_pb_line_break_holder] -->            <\/pee><!-- [et_pb_line_break_holder] -->          <\/ul>\n<p><!-- [et_pb_line_break_holder] -->        <\/div>\n<p><!-- [et_pb_line_break_holder] -->      <\/div>\n<p><!-- [et_pb_line_break_holder] -->    <\/div>\n<p><!-- [et_pb_line_break_holder] --><!-- [et_pb_line_break_holder] -->    <\/p>\n<div class=\"carousel-slide\"><!-- [et_pb_line_break_holder] -->      <\/p>\n<div class=\"carousel-header\"><!-- [et_pb_line_break_holder] -->      <\/div>\n<p><!-- [et_pb_line_break_holder] -->      <\/p>\n<div class=\"carousel-content\"><!-- [et_pb_line_break_holder] -->        <img decoding=\"async\" class=\"carousel-image\" src=\"https:\/\/speechi.com\/wp-content\/uploads\/2024\/05\/speechi-visualiseur-elmo-l12G-6.jpg\" alt=\"conectividad total con el visor ELMO para compatibilidad con todos los dispositivos\"><!-- [et_pb_line_break_holder] -->        <\/p>\n<div class=\"carousel-text\"><!-- [et_pb_line_break_holder] -->          <\/p>\n<ul class=\"carousel-list\"><!-- [et_pb_line_break_holder] -->            <!\u2013- [et_pb_br_holder] -\u2013><!-- [et_pb_line_break_holder] -->            <\/p>\n<h2 style=\"font-size:19px; color:#18b6c3;\">Compatibilidad<\/h2>\n<p><!-- [et_pb_line_break_holder] -->            <!\u2013- [et_pb_br_holder] -\u2013><!-- [et_pb_line_break_holder] -->            <\/p>\n<h3>Proyecta en una pantalla<!\u2013- [et_pb_br_holder] -\u2013>o pizarra digital interactiva, o en el PC<\/h3>\n<p><!-- [et_pb_line_break_holder] -->            <!\u2013- [et_pb_br_holder] -\u2013><!-- [et_pb_line_break_holder] -->            <pee><!-- [et_pb_line_break_holder] --> El visualizador Elmo L12-G se integra f\u00e1cilmente en tu entorno de trabajo, sea cual sea la tecnolog\u00eda de visualizaci\u00f3n con la que est\u00e9 equipada tu sala. Su completa conectividad, compuesta por un puerto USB, HDMI y VGA, permite conectarlo a un PC, una pantalla interactiva, una pizarra digital interactiva o un proyector de v\u00eddeo interactivo. <!-- [et_pb_line_break_holder] -->            <\/pee><!-- [et_pb_line_break_holder] -->          <\/ul>\n<p><!-- [et_pb_line_break_holder] -->        <\/div>\n<p><!-- [et_pb_line_break_holder] -->      <\/div>\n<p><!-- [et_pb_line_break_holder] -->    <\/div>\n<p><!-- [et_pb_line_break_holder] -->  <\/div>\n<p><!-- [et_pb_line_break_holder] --><\/div>\n<p><!-- [et_pb_line_break_holder] --><!-- [et_pb_line_break_holder] --><\/p>\n<style><!-- [et_pb_line_break_holder] -->.carousel {<!-- [et_pb_line_break_holder] -->  overflow: hidden;<!-- [et_pb_line_break_holder] -->  width: 100%;<!-- [et_pb_line_break_holder] -->  position: relative;<!-- [et_pb_line_break_holder] -->}<!-- [et_pb_line_break_holder] --><!-- [et_pb_line_break_holder] -->.carousel-track {<!-- [et_pb_line_break_holder] -->  display: flex;<!-- [et_pb_line_break_holder] -->  animation: scroll 15s infinite;<!-- [et_pb_line_break_holder] -->}<!-- [et_pb_line_break_holder] --><!-- [et_pb_line_break_holder] -->@keyframes scroll {<!-- [et_pb_line_break_holder] -->  0%, 20% { transform: translateX(0); }<!-- [et_pb_line_break_holder] -->  25%, 45% { transform: translateX(-100%); }<!-- [et_pb_line_break_holder] -->  50%, 70% { transform: translateX(-200%); }<!-- [et_pb_line_break_holder] -->  75%, 100% { transform: translateX(0); }<!-- [et_pb_line_break_holder] -->}<!-- [et_pb_line_break_holder] --><!-- [et_pb_line_break_holder] -->.carousel-slide {<!-- [et_pb_line_break_holder] -->  flex: 0 0 100%;<!-- [et_pb_line_break_holder] -->  width: 100%;<!-- [et_pb_line_break_holder] -->  box-sizing: border-box;<!-- [et_pb_line_break_holder] -->}<!-- [et_pb_line_break_holder] --><!-- [et_pb_line_break_holder] -->.carousel-header {<!-- [et_pb_line_break_holder] -->  text-align: center;<!-- [et_pb_line_break_holder] -->  padding: 20px;<!-- [et_pb_line_break_holder] -->}<!-- [et_pb_line_break_holder] --><!-- [et_pb_line_break_holder] -->.carousel-subtitle {<!-- [et_pb_line_break_holder] -->  color: #0D9A89;<!-- [et_pb_line_break_holder] -->}<!-- [et_pb_line_break_holder] --><!-- [et_pb_line_break_holder] -->.carousel-title {<!-- [et_pb_line_break_holder] -->  color: #17283F;<!-- [et_pb_line_break_holder] -->}<!-- [et_pb_line_break_holder] --><!-- [et_pb_line_break_holder] -->.carousel-description {<!-- [et_pb_line_break_holder] -->  margin-bottom: 20px;<!-- [et_pb_line_break_holder] -->}<!-- [et_pb_line_break_holder] --><!-- [et_pb_line_break_holder] -->.carousel-content {<!-- [et_pb_line_break_holder] -->  display: flex;<!-- [et_pb_line_break_holder] -->  align-items: flex-start;<!-- [et_pb_line_break_holder] -->  padding: 20px;<!-- [et_pb_line_break_holder] -->}<!-- [et_pb_line_break_holder] --><!-- [et_pb_line_break_holder] -->.carousel-image {<!-- [et_pb_line_break_holder] -->  margin-right: 20px;<!-- [et_pb_line_break_holder] -->  width: 50%;<!-- [et_pb_line_break_holder] -->  height: auto;<!-- [et_pb_line_break_holder] -->}<!-- [et_pb_line_break_holder] --><!-- [et_pb_line_break_holder] -->.carousel-text {<!-- [et_pb_line_break_holder] -->  color: #17283F;<!-- [et_pb_line_break_holder] -->  width: 50%;<!-- [et_pb_line_break_holder] -->}<!-- [et_pb_line_break_holder] --><!-- [et_pb_line_break_holder] -->.carousel-list {<!-- [et_pb_line_break_holder] -->  list-style-type: none;<!-- [et_pb_line_break_holder] -->  padding-left: 0;<!-- [et_pb_line_break_holder] -->}<!-- [et_pb_line_break_holder] --><!-- [et_pb_line_break_holder] -->.carousel-list li {<!-- [et_pb_line_break_holder] -->  margin-bottom: 5px;<!-- [et_pb_line_break_holder] -->}<!-- [et_pb_line_break_holder] --><\/style>\n<p><!-- [et_pb_line_break_holder] -->[\/et_pb_code][\/et_pb_column][\/et_pb_row][\/et_pb_section][et_pb_section fb_built=\u00bb1&#8243; _builder_version=\u00bb4.21.0&#8243; _module_preset=\u00bbdefault\u00bb use_background_color_gradient=\u00bbon\u00bb background_color_gradient_stops=\u00bb#1c2c44 72%|#ffffff 72%\u00bb custom_padding=\u00bb||32px|||\u00bb global_colors_info=\u00bb{}\u00bb][et_pb_row _builder_version=\u00bb4.21.0&#8243; _module_preset=\u00bbdefault\u00bb locked=\u00bboff\u00bb global_colors_info=\u00bb{}\u00bb][et_pb_column type=\u00bb4_4&#8243; _builder_version=\u00bb4.21.0&#8243; _module_preset=\u00bbdefault\u00bb global_colors_info=\u00bb{}\u00bb][et_pb_text _builder_version=\u00bb4.21.0&#8243; _module_preset=\u00bbdefault\u00bb text_font=\u00bbMontserrat|300|||||||\u00bb text_text_color=\u00bb#ffffff\u00bb text_font_size=\u00bb21px\u00bb text_letter_spacing=\u00bb6px\u00bb text_orientation=\u00bbcenter\u00bb custom_margin=\u00bb0px||0px||false|false\u00bb custom_padding=\u00bb0px||10px||false|false\u00bb locked=\u00bboff\u00bb global_colors_info=\u00bb{}\u00bb]Pantalla interactiva y visualizador[\/et_pb_text][et_pb_text _builder_version=\u00bb4.21.0&#8243; _module_preset=\u00bbdefault\u00bb text_text_color=\u00bb#FFFFFF\u00bb text_font_size=\u00bb15px\u00bb text_line_height=\u00bb1.6em\u00bb header_2_font=\u00bbMontserrat|600|||||||\u00bb header_2_text_color=\u00bb#18b6c3&#8243; header_3_text_color=\u00bb#FFFFFF\u00bb global_colors_info=\u00bb{}\u00bb]<\/p>\n<h2 style=\"text-align: center;\">La visualizaci\u00f3n de tus experimentos con alta precisi\u00f3n<\/h2>\n<p style=\"text-align: center;\">Conecta el visualizador Elmo L12-G a una pantalla interactiva Speechi y benef\u00edciate de una superficie de visualizaci\u00f3n e interacci\u00f3n excepcional para proyectar tus documentos. Comparte tus documentos y experimentos con tu audiencia proyect\u00e1ndolos en una pantalla de entre 65\u201d y 98\u201d. No dejes que tu p\u00fablico se pierda ning\u00fan detalle de lo que est\u00e1s compartiendo con ellos gracias a su Ultra Alta Resoluci\u00f3n 4K. Experimenta con el modo t\u00e1ctil inteligente de la pantalla interactiva Speechi y el software Eye Present Pro: selecciona elementos con el dedo, haz anotaciones con el l\u00e1piz t\u00e1ctil y borra con el dorso de la mano.   <\/p>\n<p>[\/et_pb_text][\/et_pb_column][\/et_pb_row][et_pb_row _builder_version=\u00bb4.21.0&#8243; _module_preset=\u00bbdefault\u00bb max_width=\u00bb1409px\u00bb global_colors_info=\u00bb{}\u00bb][et_pb_column type=\u00bb4_4&#8243; _builder_version=\u00bb4.21.0&#8243; _module_preset=\u00bbdefault\u00bb global_colors_info=\u00bb{}\u00bb][et_pb_image src=\u00bbhttps:\/\/speechi.com\/wp-content\/uploads\/2024\/05\/speechi-visualiseur-elmo-l12G-4K.png\u00bb alt=\u00bbProyecte sus experiencias en una pantalla interactiva 4K con el visualizador ELMO L12-G\u00bb title_text=\u00bbProyecte sus experiencias en una pantalla interactiva 4K con el visualizador ELMO L12-G\u00bb align=\u00bbcenter\u00bb _builder_version=\u00bb4.21.0&#8243; _module_preset=\u00bbdefault\u00bb width=\u00bb70%\u00bb global_colors_info=\u00bb{}\u00bb][\/et_pb_image][\/et_pb_column][\/et_pb_row][\/et_pb_section][et_pb_section fb_built=\u00bb1&#8243; _builder_version=\u00bb4.21.0&#8243; _module_preset=\u00bbdefault\u00bb custom_margin=\u00bb0px|||||\u00bb global_colors_info=\u00bb{}\u00bb][et_pb_row _builder_version=\u00bb4.21.0&#8243; _module_preset=\u00bbdefault\u00bb custom_padding=\u00bb0px||||false|false\u00bb locked=\u00bboff\u00bb global_colors_info=\u00bb{}\u00bb][et_pb_column type=\u00bb4_4&#8243; _builder_version=\u00bb4.21.0&#8243; _module_preset=\u00bbdefault\u00bb global_colors_info=\u00bb{}\u00bb][et_pb_text _builder_version=\u00bb4.21.0&#8243; _module_preset=\u00bbdefault\u00bb text_font=\u00bbMontserrat|300|||||||\u00bb text_text_color=\u00bb#18b6c3&#8243; text_font_size=\u00bb21px\u00bb text_letter_spacing=\u00bb6px\u00bb text_orientation=\u00bbcenter\u00bb custom_margin=\u00bb0px||0px||false|false\u00bb custom_padding=\u00bb0px||10px||false|false\u00bb locked=\u00bboff\u00bb global_colors_info=\u00bb{}\u00bb]M\u00e1s informaci\u00f3n[\/et_pb_text][et_pb_text _builder_version=\u00bb4.21.0&#8243; _module_preset=\u00bbdefault\u00bb text_text_color=\u00bb#28bfc7&#8243; global_colors_info=\u00bb{}\u00bb]<\/p>\n<h2 style=\"text-align: center;\">\u00bfTodav\u00eda tienes preguntas?<\/h2>\n<p>[\/et_pb_text][et_pb_button button_url=\u00bbhttps:\/\/speechi.com\/es\/contact\/\u00bb button_text=\u00bbCONT\u00c1CTANOS\u00bb button_alignment=\u00bbcenter\u00bb _builder_version=\u00bb4.21.0&#8243; _module_preset=\u00bbdefault\u00bb custom_button=\u00bbon\u00bb button_text_size=\u00bb18px\u00bb button_bg_color=\u00bb#1c2c44&#8243; button_border_width=\u00bb0px\u00bb button_border_radius=\u00bb10px\u00bb global_colors_info=\u00bb{}\u00bb][\/et_pb_button][\/et_pb_column][\/et_pb_row][\/et_pb_section]<\/p>\n","protected":false},"excerpt":{"rendered":"<p>Visualizador de documentos ELMO L12-G El visualizador vers\u00e1til que se adapta a tus necesidades<div class=\"et_pb_module dsm_button dsm_button_0 et_pb_bg_layout_light\">\n\t\t\t\t\n\t\t\t\t\n\t\t\t\t\n\t\t\t\t\n\t\t\t\t\n\t\t\t\t\n\t\t\t\t<div class=\"et_pb_module_inner\">\n\t\t\t\t\t<div class=\"et_pb_button_module_wrappers dsm_button_0_wrapper  et_pb_module\">\n\t\t\t\t\n\t\t\t<\/div>\n\t\t\t\t<\/div>\n\t\t\t<\/div>Sencillo, pr\u00e1ctico, potenteComparte tus documentos y filma tus experimentosGraba tus demostraciones El visualizador de documentos L12-G es una c\u00e1mara con un soporte de pie lista para usar, que permite grabar en v\u00eddeo tus demostraciones con una vista desde arriba. [&hellip;]<\/p>\n","protected":false},"author":6,"featured_media":0,"parent":0,"menu_order":0,"comment_status":"closed","ping_status":"closed","template":"","meta":{"_acf_changed":false,"_seopress_robots_primary_cat":"","_seopress_titles_title":"Visualizador ELMO L12-G: el m\u00e1s completo de los visualizadores","_seopress_titles_desc":"Este visualizador es una de las herramientas de colaboraci\u00f3n m\u00e1s completas y potentes de la gama ELMO para apoyar tus cursos y presentaciones.","_seopress_robots_index":"","_et_pb_use_builder":"on","_et_pb_old_content":"","_et_gb_content_width":"","footnotes":""},"difl_page_category":[],"class_list":["post-44168700","page","type-page","status-publish","hentry"],"acf":[],"_links":{"self":[{"href":"https:\/\/speechi.com\/es\/wp-json\/wp\/v2\/pages\/44168700","targetHints":{"allow":["GET"]}}],"collection":[{"href":"https:\/\/speechi.com\/es\/wp-json\/wp\/v2\/pages"}],"about":[{"href":"https:\/\/speechi.com\/es\/wp-json\/wp\/v2\/types\/page"}],"author":[{"embeddable":true,"href":"https:\/\/speechi.com\/es\/wp-json\/wp\/v2\/users\/6"}],"replies":[{"embeddable":true,"href":"https:\/\/speechi.com\/es\/wp-json\/wp\/v2\/comments?post=44168700"}],"version-history":[{"count":6,"href":"https:\/\/speechi.com\/es\/wp-json\/wp\/v2\/pages\/44168700\/revisions"}],"predecessor-version":[{"id":44168706,"href":"https:\/\/speechi.com\/es\/wp-json\/wp\/v2\/pages\/44168700\/revisions\/44168706"}],"wp:attachment":[{"href":"https:\/\/speechi.com\/es\/wp-json\/wp\/v2\/media?parent=44168700"}],"wp:term":[{"taxonomy":"difl_page_category","embeddable":true,"href":"https:\/\/speechi.com\/es\/wp-json\/wp\/v2\/difl_page_category?post=44168700"}],"curies":[{"name":"wp","href":"https:\/\/api.w.org\/{rel}","templated":true}]}}