{"id":44168708,"date":"2024-05-29T15:55:39","date_gmt":"2024-05-29T13:55:39","guid":{"rendered":"https:\/\/speechi.com\/visualizador-px-30e\/"},"modified":"2024-07-23T17:48:17","modified_gmt":"2024-07-23T15:48:17","slug":"visualizador-escritorio-elmo","status":"publish","type":"page","link":"https:\/\/speechi.com\/es\/visualizador-escritorio-elmo\/","title":{"rendered":"Visualizador PX-30E"},"content":{"rendered":"<p>[et_pb_section fb_built=\u00bb1&#8243; _builder_version=\u00bb4.21.0&#8243; _module_preset=\u00bbdefault\u00bb background_image=\u00bbhttps:\/\/speechi.com\/wp-content\/uploads\/2024\/05\/speechi-visualiseur-elmo-px30e-2.jpg\u00bb width=\u00bb100%\u00bb height=\u00bb633px\u00bb custom_padding=\u00bb202px|||||\u00bb global_colors_info=\u00bb{}\u00bb][et_pb_row _builder_version=\u00bb4.21.0&#8243; _module_preset=\u00bbdefault\u00bb custom_padding=\u00bb0px|||||\u00bb global_colors_info=\u00bb{}\u00bb][et_pb_column type=\u00bb4_4&#8243; _builder_version=\u00bb4.21.0&#8243; _module_preset=\u00bbdefault\u00bb global_colors_info=\u00bb{}\u00bb][et_pb_text _builder_version=\u00bb4.21.0&#8243; _module_preset=\u00bbdefault\u00bb text_font=\u00bbMontserrat|300|||||||\u00bb text_text_color=\u00bb#161f32&#8243; text_font_size=\u00bb22px\u00bb text_line_height=\u00bb1.5em\u00bb header_font=\u00bbMontserrat|300|||||||\u00bb header_text_color=\u00bb#161f32&#8243; header_font_size=\u00bb22px\u00bb header_line_height=\u00bb1.4em\u00bb header_2_font=\u00bbMontserrat|700|||||||\u00bb header_2_font_size=\u00bb36px\u00bb header_2_line_height=\u00bb1.4em\u00bb width=\u00bb100%\u00bb custom_margin=\u00bb-37px||3px|||\u00bb hover_enabled=\u00bb0&#8243; global_colors_info=\u00bb{}\u00bb sticky_enabled=\u00bb0&#8243;]<\/p>\n<h1>Visualizador de documentos <br \/><strong>ELMO PX-30E<\/strong><\/h1>\n<h2>El visualizador<br \/>para salas de reuniones<br \/>y centros de conferencias<\/h2>\n<p>[\/et_pb_text][\/et_pb_column][\/et_pb_row][et_pb_row _builder_version=\u00bb4.21.0&#8243; _module_preset=\u00bbdefault\u00bb custom_margin=\u00bb|auto|23px|auto||\u00bb global_colors_info=\u00bb{}\u00bb][et_pb_column type=\u00bb4_4&#8243; _builder_version=\u00bb4.21.0&#8243; _module_preset=\u00bbdefault\u00bb global_colors_info=\u00bb{}\u00bb][dsm_button _builder_version=\u00bb4.21.0&#8243; _module_preset=\u00bbdefault\u00bb global_colors_info=\u00bb{}\u00bb][\/dsm_button][et_pb_button button_url=\u00bbhttps:\/\/speechi.com\/es\/contact\/\u00bb button_text=\u00bbM\u00c1S INFORMACI\u00d3N\u00bb button_alignment=\u00bbleft\u00bb _builder_version=\u00bb4.21.0&#8243; _module_preset=\u00bbdefault\u00bb custom_button=\u00bbon\u00bb button_text_size=\u00bb17px\u00bb button_text_color=\u00bb#FFFFFF\u00bb button_bg_color=\u00bb#161f32&#8243; button_border_width=\u00bb0px\u00bb button_border_radius=\u00bb11px\u00bb button_letter_spacing=\u00bb0px\u00bb custom_margin=\u00bb9px||29px||false|false\u00bb custom_padding=\u00bb|38px||38px|false|true\u00bb global_colors_info=\u00bb{}\u00bb][\/et_pb_button][\/et_pb_column][\/et_pb_row][\/et_pb_section][et_pb_section fb_built=\u00bb1&#8243; disabled_on=\u00bbon|on|off\u00bb _builder_version=\u00bb4.21.0&#8243; _module_preset=\u00bbdefault\u00bb background_color=\u00bb#161f32&#8243; custom_margin=\u00bb0px|||||\u00bb custom_padding=\u00bb2px||0px|||\u00bb global_colors_info=\u00bb{}\u00bb][et_pb_row column_structure=\u00bb1_2,1_2&#8243; _builder_version=\u00bb4.21.0&#8243; _module_preset=\u00bbdefault\u00bb custom_padding=\u00bb23px|||||\u00bb global_colors_info=\u00bb{}\u00bb][et_pb_column type=\u00bb1_2&#8243; _builder_version=\u00bb4.21.0&#8243; _module_preset=\u00bbdefault\u00bb global_colors_info=\u00bb{}\u00bb][et_pb_image src=\u00bbhttps:\/\/speechi.com\/wp-content\/uploads\/2024\/05\/speechi-visualiseur-elmo-px30e-plateau.png\u00bb alt=\u00bbVisualizador de documentos ELMO PX-30E\u00bb title_text=\u00bbVisualizador de documentos ELMO PX-30E\u00bb _builder_version=\u00bb4.21.0&#8243; _module_preset=\u00bbdefault\u00bb global_colors_info=\u00bb{}\u00bb][\/et_pb_image][\/et_pb_column][et_pb_column type=\u00bb1_2&#8243; _builder_version=\u00bb4.21.0&#8243; _module_preset=\u00bbdefault\u00bb global_colors_info=\u00bb{}\u00bb][et_pb_code _builder_version=\u00bb4.21.0&#8243; _module_preset=\u00bbdefault\u00bb custom_padding=\u00bb16px|||||\u00bb global_colors_info=\u00bb{}\u00bb]  <\/p>\n<style><!-- [et_pb_line_break_holder] -->        ul.custom-bullet {<!-- [et_pb_line_break_holder] -->            list-style-type: circle;<!-- [et_pb_line_break_holder] -->            color: #0A7988;<!-- [et_pb_line_break_holder] -->        }<!-- [et_pb_line_break_holder] --><!-- [et_pb_line_break_holder] -->        ul.custom-bullet li {<!-- [et_pb_line_break_holder] -->            color: #0A7988;<!-- [et_pb_line_break_holder] -->        }<!-- [et_pb_line_break_holder] -->    <\/style>\n<p><!-- [et_pb_line_break_holder] --><\/head><!-- [et_pb_line_break_holder] --><!-- [et_pb_line_break_holder] -->    <\/p>\n<ul class=\"custom-bullet\"><!-- [et_pb_line_break_holder] -->        <\/p>\n<li>Resoluci\u00f3n 4K<\/li>\n<p><!-- [et_pb_line_break_holder] -->        <\/p>\n<li>12 Mpx<\/li>\n<p><!-- [et_pb_line_break_holder] -->        <\/p>\n<li>Zoom \u00f3ptico de x12<\/li>\n<p><!-- [et_pb_line_break_holder] -->    \t  <\/p>\n<li>Grabaci\u00f3n de v\u00eddeo SD\/USB<\/li>\n<p><!-- [et_pb_line_break_holder] -->        <\/p>\n<li>Pantalla de vista previa<\/li>\n<p><!-- [et_pb_line_break_holder] -->    <\/ul>\n<p><!-- [et_pb_line_break_holder] -->[\/et_pb_code][\/et_pb_column][\/et_pb_row][\/et_pb_section][et_pb_section fb_built=\u00bb1&#8243; _builder_version=\u00bb4.21.0&#8243; _module_preset=\u00bbdefault\u00bb use_background_color_gradient=\u00bbon\u00bb background_color_gradient_stops=\u00bb#ffffff 43%|#1c2c44 43%\u00bb custom_padding=\u00bb||0px|||\u00bb global_colors_info=\u00bb{}\u00bb][et_pb_row _builder_version=\u00bb4.21.0&#8243; _module_preset=\u00bbdefault\u00bb custom_padding=\u00bb||0px|||\u00bb global_colors_info=\u00bb{}\u00bb][et_pb_column type=\u00bb4_4&#8243; _builder_version=\u00bb4.21.0&#8243; _module_preset=\u00bbdefault\u00bb global_colors_info=\u00bb{}\u00bb][et_pb_text _builder_version=\u00bb4.21.0&#8243; _module_preset=\u00bbdefault\u00bb text_font=\u00bbMontserrat|300|||||||\u00bb text_text_color=\u00bb#18b6c3&#8243; text_font_size=\u00bb21px\u00bb text_letter_spacing=\u00bb6px\u00bb text_orientation=\u00bbcenter\u00bb custom_margin=\u00bb0px||0px||false|false\u00bb custom_padding=\u00bb0px||10px||false|false\u00bb locked=\u00bboff\u00bb global_colors_info=\u00bb{}\u00bb]<\/p>\n<p>De la pantalla t\u00e1ctil a la superficie blanca borrable<\/p>\n<p>[\/et_pb_text][et_pb_text _builder_version=\u00bb4.21.0&#8243; _module_preset=\u00bbdefault\u00bb text_text_color=\u00bb#242424&#8243; header_2_text_color=\u00bb#242424&#8243; header_3_text_color=\u00bb#1FD7E0&#8243; header_5_text_color=\u00bb#28bfc7&#8243; global_colors_info=\u00bb{}\u00bb]<\/p>\n<h2 style=\"text-align: center;\">Un visualizador con caracter\u00edsticas sin precedentes<\/h2>\n<p>[\/et_pb_text][et_pb_image src=\u00bbhttps:\/\/speechi.com\/wp-content\/uploads\/2024\/05\/speechi-visualiseur-elmo-px30e-4.png\u00bb alt=\u00bbUn visualizador de escritorio de alto rendimiento con bandeja para im\u00e1genes 4K\u00bb title_text=\u00bbUn visualizador de escritorio de alto rendimiento con bandeja para im\u00e1genes 4K\u00bb _builder_version=\u00bb4.21.0&#8243; _module_preset=\u00bbdefault\u00bb width=\u00bb85%\u00bb module_alignment=\u00bbcenter\u00bb global_colors_info=\u00bb{}\u00bb][\/et_pb_image][\/et_pb_column][\/et_pb_row][et_pb_row column_structure=\u00bb1_3,1_3,1_3&#8243; _builder_version=\u00bb4.21.0&#8243; _module_preset=\u00bbdefault\u00bb max_width=\u00bb1200px\u00bb global_colors_info=\u00bb{}\u00bb][et_pb_column type=\u00bb1_3&#8243; _builder_version=\u00bb4.21.0&#8243; _module_preset=\u00bbdefault\u00bb global_colors_info=\u00bb{}\u00bb][et_pb_text _builder_version=\u00bb4.21.0&#8243; _module_preset=\u00bbdefault\u00bb text_text_color=\u00bb#FFFFFF\u00bb text_font_size=\u00bb14px\u00bb header_2_text_color=\u00bb#18b6c3&#8243; global_colors_info=\u00bb{}\u00bb]<\/p>\n<h2>Una pantalla t\u00e1ctil <br \/>en la base<\/h2>\n<p>La pantalla t\u00e1ctil integrada en la base del visualizador PX-30E permite una vista previa de la presentaci\u00f3n y se controla directamente desde el panel de control integrado en la propia pantalla t\u00e1ctil para una navegaci\u00f3n clara.<\/p>\n<p>[\/et_pb_text][\/et_pb_column][et_pb_column type=\u00bb1_3&#8243; _builder_version=\u00bb4.21.0&#8243; _module_preset=\u00bbdefault\u00bb global_colors_info=\u00bb{}\u00bb][et_pb_text _builder_version=\u00bb4.21.0&#8243; _module_preset=\u00bbdefault\u00bb text_text_color=\u00bb#FFFFFF\u00bb text_font_size=\u00bb14px\u00bb header_2_text_color=\u00bb#18b6c3&#8243; global_colors_info=\u00bb{}\u00bb]<\/p>\n<h2>Un enfoque <br \/>n\u00edtido r\u00e1pido<\/h2>\n<p>El enfoque y la mejora de la nitidez se realizan r\u00e1pidamente desde el cabezal del visualizador PX-30E. Adem\u00e1s, este visualizador ofrece una calidad de imagen inigualable con una frecuencia de hasta 60 fotogramas por segundo. <\/p>\n<p>[\/et_pb_text][\/et_pb_column][et_pb_column type=\u00bb1_3&#8243; _builder_version=\u00bb4.21.0&#8243; _module_preset=\u00bbdefault\u00bb global_colors_info=\u00bb{}\u00bb][et_pb_text _builder_version=\u00bb4.21.0&#8243; _module_preset=\u00bbdefault\u00bb text_text_color=\u00bb#FFFFFF\u00bb text_font_size=\u00bb14px\u00bb header_2_text_color=\u00bb#18b6c3&#8243; global_colors_info=\u00bb{}\u00bb]<\/p>\n<h2>Una superficie <br \/>borrable<\/h2>\n<p>Ahorra tiempo con la superficie blanca borrable que te permitir\u00e1 tomar notas escritas a mano durante la presentaci\u00f3n sin recurrir al papel. Puedes borrar y reescribir tantas veces como quieras, lo que facilita as\u00ed compartir la informaci\u00f3n. <\/p>\n<p>[\/et_pb_text][\/et_pb_column][\/et_pb_row][\/et_pb_section][et_pb_section fb_built=\u00bb1&#8243; _builder_version=\u00bb4.21.0&#8243; _module_preset=\u00bbdefault\u00bb custom_padding=\u00bb12px||8px|||\u00bb global_colors_info=\u00bb{}\u00bb][et_pb_row _builder_version=\u00bb4.21.0&#8243; _module_preset=\u00bbdefault\u00bb max_width=\u00bb1400px\u00bb global_colors_info=\u00bb{}\u00bb][et_pb_column type=\u00bb4_4&#8243; _builder_version=\u00bb4.21.0&#8243; _module_preset=\u00bbdefault\u00bb global_colors_info=\u00bb{}\u00bb][et_pb_code _builder_version=\u00bb4.21.0&#8243; _module_preset=\u00bbdefault\u00bb global_colors_info=\u00bb{}\u00bb]<\/p>\n<div class=\"carousel\"><!-- [et_pb_line_break_holder] -->  <\/p>\n<div class=\"carousel-track\"><!-- [et_pb_line_break_holder] -->    <\/p>\n<div class=\"carousel-slide\"><!-- [et_pb_line_break_holder] -->      <\/p>\n<div class=\"carousel-header\"><!-- [et_pb_line_break_holder] -->      <\/div>\n<p><!-- [et_pb_line_break_holder] -->      <\/p>\n<div class=\"carousel-content\"><!-- [et_pb_line_break_holder] -->        <img decoding=\"async\" class=\"carousel-image\" src=\"https:\/\/speechi.com\/wp-content\/uploads\/2024\/05\/speechi-visualiseur-elmo-px30e-tete-pliable.jpg\" alt=\"Visualizador flexible y plegable ELMO PX-30E\"><!-- [et_pb_line_break_holder] -->        <\/p>\n<div class=\"carousel-text\"><!-- [et_pb_line_break_holder] -->          <\/p>\n<ul class=\"carousel-list\"><!-- [et_pb_line_break_holder] -->            <!\u2013- [et_pb_br_holder] -\u2013><!-- [et_pb_line_break_holder] -->            <\/p>\n<h2 style=\"font-size:19px; color:#18b6c3;\">Flexibilidad<\/h2>\n<p><!-- [et_pb_line_break_holder] -->            <!\u2013- [et_pb_br_holder] -\u2013><!-- [et_pb_line_break_holder] -->            <\/p>\n<h3>Un visualizador que se pliega a tu voluntad<\/h3>\n<p><!-- [et_pb_line_break_holder] -->            <!\u2013- [et_pb_br_holder] -\u2013><!-- [et_pb_line_break_holder] -->            <pee><!-- [et_pb_line_break_holder] --> Adem\u00e1s de sus altas prestaciones, el visualiador ELMO PX-30E es superpr\u00e1ctico. Para poder moverlo y transportarlo f\u00e1cilmente, el visualizador es completamente plegable. As\u00ed, el brazo y el cabezal se pueden plegar sobre la base del visualizador para ahorrar espacio. \u00a1Podr\u00e1s hacerlo a diario!  <!-- [et_pb_line_break_holder] -->            <\/pee><!-- [et_pb_line_break_holder] -->          <\/ul>\n<p><!-- [et_pb_line_break_holder] -->        <\/div>\n<p><!-- [et_pb_line_break_holder] -->      <\/div>\n<p><!-- [et_pb_line_break_holder] -->    <\/div>\n<p><!-- [et_pb_line_break_holder] -->    <!-- [et_pb_line_break_holder] -->    <\/p>\n<div class=\"carousel-slide\"><!-- [et_pb_line_break_holder] -->      <\/p>\n<div class=\"carousel-header\"><!-- [et_pb_line_break_holder] -->      <\/div>\n<p><!-- [et_pb_line_break_holder] -->      <\/p>\n<div class=\"carousel-content\"><!-- [et_pb_line_break_holder] -->        <img decoding=\"async\" class=\"carousel-image\" src=\"https:\/\/speechi.com\/wp-content\/uploads\/2024\/05\/speechi-visualiseur-elmo-px30e-1.jpg\" alt=\"Visualizador de escritorio ELMO con Image Mate + herramienta\"><!-- [et_pb_line_break_holder] -->        <\/p>\n<div class=\"carousel-text\"><!-- [et_pb_line_break_holder] -->          <\/p>\n<ul class=\"carousel-list\"><!-- [et_pb_line_break_holder] -->            <!\u2013- [et_pb_br_holder] -\u2013><!-- [et_pb_line_break_holder] -->            <\/p>\n<h2 style=\"font-size:19px; color:#18b6c3;\">Caja de herramientas<\/h2>\n<p><!-- [et_pb_line_break_holder] -->            <!\u2013- [et_pb_br_holder] -\u2013><!-- [et_pb_line_break_holder] -->            <\/p>\n<h3>Software ELMO <!\u2013- [et_pb_br_holder] -\u2013>interactive toolbox<\/h3>\n<p><!-- [et_pb_line_break_holder] -->            <!\u2013- [et_pb_br_holder] -\u2013><!-- [et_pb_line_break_holder] -->            <pee><!-- [et_pb_line_break_holder] --> Conecta tu visualizador de forma r\u00e1pida y sencilla, y aprov\u00e9chate del software compatible con un PC Windows o Mac para mejorar tus presentaciones y webinars. El software tambi\u00e9n incluye una caja de herramientas para anotar, escribir en la imagen, realizar capturas de fotograf\u00edas y v\u00eddeos, entre otras posibilidades. La aplicaci\u00f3n Image Mate + tambi\u00e9n es accesible a trav\u00e9s del navegador Chrome. <!-- [et_pb_line_break_holder] --> Tambi\u00e9n se puede acceder a la aplicaci\u00f3n Image Mate + a trav\u00e9s del navegador Chrome.<!-- [et_pb_line_break_holder] -->            <\/pee><!-- [et_pb_line_break_holder] -->          <\/ul>\n<p><!-- [et_pb_line_break_holder] -->        <\/div>\n<p><!-- [et_pb_line_break_holder] -->      <\/div>\n<p><!-- [et_pb_line_break_holder] -->    <\/div>\n<p><!-- [et_pb_line_break_holder] --><!-- [et_pb_line_break_holder] -->    <\/p>\n<div class=\"carousel-slide\"><!-- [et_pb_line_break_holder] -->      <\/p>\n<div class=\"carousel-header\"><!-- [et_pb_line_break_holder] -->      <\/div>\n<p><!-- [et_pb_line_break_holder] -->      <\/p>\n<div class=\"carousel-content\"><!-- [et_pb_line_break_holder] -->        <img decoding=\"async\" class=\"carousel-image\" src=\"https:\/\/speechi.com\/wp-content\/uploads\/2024\/05\/speechi-visualiseur-elmo-px30e-6.jpg\" alt=\"m\u00faltiples conectores del visualizador ELMO PX-30E\"><!-- [et_pb_line_break_holder] -->        <\/p>\n<div class=\"carousel-text\"><!-- [et_pb_line_break_holder] -->          <\/p>\n<ul class=\"carousel-list\"><!-- [et_pb_line_break_holder] -->            <!\u2013- [et_pb_br_holder] -\u2013><!-- [et_pb_line_break_holder] -->            <\/p>\n<h2 style=\"font-size:19px; color:#18b6c3;\">Compatibilidad<\/h2>\n<p><!-- [et_pb_line_break_holder] -->            <!\u2013- [et_pb_br_holder] -\u2013><!-- [et_pb_line_break_holder] -->            <\/p>\n<h3>Una conectividad total<!-- [et_pb_line_break_holder] --> <!\u2013- [et_pb_br_holder] -\u2013>para m\u00faltiples usos<\/h3>\n<p><!-- [et_pb_line_break_holder] -->            <!\u2013- [et_pb_br_holder] -\u2013><!-- [et_pb_line_break_holder] -->            <pee><!-- [et_pb_line_break_holder] --> Gracias a su completa conectividad y su compatibilidad con tu ordenador y nuestras pantallas interactivas, podr\u00e1s cambiar f\u00e1cilmente de una fuente de imagen a otra gracias a sus dos entradas HDMI y una entrada VGA.<!-- [et_pb_line_break_holder] --> Adem\u00e1s, este visualizador dispone de un puerto USB para transmitir im\u00e1genes en directo a un ordenador.<!-- [et_pb_line_break_holder] -->            <\/pee><!-- [et_pb_line_break_holder] -->          <\/ul>\n<p><!-- [et_pb_line_break_holder] -->        <\/div>\n<p><!-- [et_pb_line_break_holder] -->      <\/div>\n<p><!-- [et_pb_line_break_holder] -->    <\/div>\n<p><!-- [et_pb_line_break_holder] -->  <\/div>\n<p><!-- [et_pb_line_break_holder] --><\/div>\n<p><!-- [et_pb_line_break_holder] --><!-- [et_pb_line_break_holder] --><\/p>\n<style><!-- [et_pb_line_break_holder] -->.carousel {<!-- [et_pb_line_break_holder] -->  overflow: hidden;<!-- [et_pb_line_break_holder] -->  width: 100%;<!-- [et_pb_line_break_holder] -->  position: relative;<!-- [et_pb_line_break_holder] -->}<!-- [et_pb_line_break_holder] --><!-- [et_pb_line_break_holder] -->.carousel-track {<!-- [et_pb_line_break_holder] -->  display: flex;<!-- [et_pb_line_break_holder] -->  animation: scroll 15s infinite;<!-- [et_pb_line_break_holder] -->}<!-- [et_pb_line_break_holder] --><!-- [et_pb_line_break_holder] -->@keyframes scroll {<!-- [et_pb_line_break_holder] -->  0% { transform: translateX(0); }<!-- [et_pb_line_break_holder] -->  20% { transform: translateX(0); }<!-- [et_pb_line_break_holder] -->  25% { transform: translateX(-100%); }<!-- [et_pb_line_break_holder] -->  45% { transform: translateX(-100%); }<!-- [et_pb_line_break_holder] -->  50% { transform: translateX(-200%); }<!-- [et_pb_line_break_holder] -->  70% { transform: translateX(-200%); }<!-- [et_pb_line_break_holder] -->  75% { transform: translateX(0); }<!-- [et_pb_line_break_holder] -->  100% { transform: translateX(0); }<!-- [et_pb_line_break_holder] -->}<!-- [et_pb_line_break_holder] --><!-- [et_pb_line_break_holder] -->.carousel-slide {<!-- [et_pb_line_break_holder] -->  flex: 0 0 100%;<!-- [et_pb_line_break_holder] -->  width: 100%;<!-- [et_pb_line_break_holder] -->  box-sizing: border-box;<!-- [et_pb_line_break_holder] -->}<!-- [et_pb_line_break_holder] --><!-- [et_pb_line_break_holder] -->.carousel-header {<!-- [et_pb_line_break_holder] -->  text-align: center;<!-- [et_pb_line_break_holder] -->  padding: 20px;<!-- [et_pb_line_break_holder] -->}<!-- [et_pb_line_break_holder] --><!-- [et_pb_line_break_holder] -->.carousel-subtitle {<!-- [et_pb_line_break_holder] -->  color: #0D9A89;<!-- [et_pb_line_break_holder] -->}<!-- [et_pb_line_break_holder] --><!-- [et_pb_line_break_holder] -->.carousel-title {<!-- [et_pb_line_break_holder] -->  color: #17283F;<!-- [et_pb_line_break_holder] -->}<!-- [et_pb_line_break_holder] --><!-- [et_pb_line_break_holder] -->.carousel-description {<!-- [et_pb_line_break_holder] -->  margin-bottom: 20px;<!-- [et_pb_line_break_holder] -->}<!-- [et_pb_line_break_holder] --><!-- [et_pb_line_break_holder] -->.carousel-content {<!-- [et_pb_line_break_holder] -->  display: flex;<!-- [et_pb_line_break_holder] -->  align-items: flex-start;<!-- [et_pb_line_break_holder] -->  padding: 20px;<!-- [et_pb_line_break_holder] -->}<!-- [et_pb_line_break_holder] --><!-- [et_pb_line_break_holder] -->.carousel-image {<!-- [et_pb_line_break_holder] -->  margin-right: 20px;<!-- [et_pb_line_break_holder] -->  width: 50%;<!-- [et_pb_line_break_holder] -->  height: auto;<!-- [et_pb_line_break_holder] -->}<!-- [et_pb_line_break_holder] --><!-- [et_pb_line_break_holder] -->.carousel-text {<!-- [et_pb_line_break_holder] -->  color: #17283F;<!-- [et_pb_line_break_holder] -->  width: 50%;<!-- [et_pb_line_break_holder] -->}<!-- [et_pb_line_break_holder] --><!-- [et_pb_line_break_holder] -->.carousel-list {<!-- [et_pb_line_break_holder] -->  list-style-type: none;<!-- [et_pb_line_break_holder] -->  padding-left: 0;<!-- [et_pb_line_break_holder] -->}<!-- [et_pb_line_break_holder] --><!-- [et_pb_line_break_holder] -->.carousel-list li {<!-- [et_pb_line_break_holder] -->  margin-bottom: 5px;<!-- [et_pb_line_break_holder] -->}<!-- [et_pb_line_break_holder] --><\/style>\n<p>[\/et_pb_code][\/et_pb_column][\/et_pb_row][\/et_pb_section][et_pb_section fb_built=\u00bb1&#8243; _builder_version=\u00bb4.21.0&#8243; _module_preset=\u00bbdefault\u00bb use_background_color_gradient=\u00bbon\u00bb background_color_gradient_stops=\u00bb#1c2c44 72%|#ffffff 72%\u00bb custom_padding=\u00bb||32px|||\u00bb global_colors_info=\u00bb{}\u00bb][et_pb_row _builder_version=\u00bb4.21.0&#8243; _module_preset=\u00bbdefault\u00bb global_colors_info=\u00bb{}\u00bb][et_pb_column type=\u00bb4_4&#8243; _builder_version=\u00bb4.21.0&#8243; _module_preset=\u00bbdefault\u00bb global_colors_info=\u00bb{}\u00bb][et_pb_text _builder_version=\u00bb4.21.0&#8243; _module_preset=\u00bbdefault\u00bb text_font=\u00bbMontserrat|300|||||||\u00bb text_text_color=\u00bb#ffffff\u00bb text_font_size=\u00bb21px\u00bb text_letter_spacing=\u00bb6px\u00bb text_orientation=\u00bbcenter\u00bb custom_margin=\u00bb0px||0px||false|false\u00bb custom_padding=\u00bb0px||10px||false|false\u00bb locked=\u00bboff\u00bb global_colors_info=\u00bb{}\u00bb]Pantalla interactiva y visualizador[\/et_pb_text][et_pb_text _builder_version=\u00bb4.21.0&#8243; _module_preset=\u00bbdefault\u00bb text_text_color=\u00bb#FFFFFF\u00bb text_font_size=\u00bb15px\u00bb text_line_height=\u00bb1.6em\u00bb header_2_font=\u00bbMontserrat|600|||||||\u00bb header_2_text_color=\u00bb#18b6c3&#8243; header_3_text_color=\u00bb#FFFFFF\u00bb global_colors_info=\u00bb{}\u00bb]<\/p>\n<h2 style=\"text-align: center;\">Un visualizador con un rendimiento \u00f3ptico incomparable<\/h2>\n<p style=\"text-align: center;\">Conecta tu visualizador PX-30E a tu pantalla interactiva f\u00e1cilmente y disfruta de una alta calidad <br \/>de imagen durante tus presentaciones. La resoluci\u00f3n 4K del visualizador ofrece una calidad de imagen excepcional <br \/>de hasta 60 fotogramas por segundo. La combinaci\u00f3n del zoom \u00f3ptico digital y el sensor<br \/>proporciona un aumento total de x288. En el brazo del visualizador hay integrada una l\u00e1mpara LED para aportar la iluminaci\u00f3n adecuada para cualquier presentaci\u00f3n y reducir el reflejo de la luz.   <\/p>\n<p>[\/et_pb_text][\/et_pb_column][\/et_pb_row][et_pb_row _builder_version=\u00bb4.21.0&#8243; _module_preset=\u00bbdefault\u00bb max_width=\u00bb1409px\u00bb global_colors_info=\u00bb{}\u00bb][et_pb_column type=\u00bb4_4&#8243; _builder_version=\u00bb4.21.0&#8243; _module_preset=\u00bbdefault\u00bb global_colors_info=\u00bb{}\u00bb][et_pb_image src=\u00bbhttps:\/\/speechi.com\/wp-content\/uploads\/2024\/05\/speechi-visualiseur-bureau-elmo-px30e.png\u00bb alt=\u00bbTransmita sus objetos en imagen 4K en una pantalla t\u00e1ctil interactiva\u00bb title_text=\u00bbTransmita sus objetos en imagen 4K en una pantalla t\u00e1ctil interactiva\u00bb align=\u00bbcenter\u00bb _builder_version=\u00bb4.21.0&#8243; _module_preset=\u00bbdefault\u00bb width=\u00bb70%\u00bb global_colors_info=\u00bb{}\u00bb][\/et_pb_image][\/et_pb_column][\/et_pb_row][\/et_pb_section][et_pb_section fb_built=\u00bb1&#8243; _builder_version=\u00bb4.21.0&#8243; _module_preset=\u00bbdefault\u00bb custom_margin=\u00bb0px|||||\u00bb global_colors_info=\u00bb{}\u00bb][et_pb_row _builder_version=\u00bb4.21.0&#8243; _module_preset=\u00bbdefault\u00bb custom_padding=\u00bb0px||||false|false\u00bb global_colors_info=\u00bb{}\u00bb][et_pb_column type=\u00bb4_4&#8243; _builder_version=\u00bb4.21.0&#8243; _module_preset=\u00bbdefault\u00bb global_colors_info=\u00bb{}\u00bb][et_pb_text _builder_version=\u00bb4.21.0&#8243; _module_preset=\u00bbdefault\u00bb text_font=\u00bbMontserrat|300|||||||\u00bb text_text_color=\u00bb#18b6c3&#8243; text_font_size=\u00bb21px\u00bb text_letter_spacing=\u00bb6px\u00bb text_orientation=\u00bbcenter\u00bb custom_margin=\u00bb0px||0px||false|false\u00bb custom_padding=\u00bb0px||10px||false|false\u00bb locked=\u00bboff\u00bb global_colors_info=\u00bb{}\u00bb]M\u00e1s informaci\u00f3n[\/et_pb_text][et_pb_text _builder_version=\u00bb4.21.0&#8243; _module_preset=\u00bbdefault\u00bb text_text_color=\u00bb#28bfc7&#8243; global_colors_info=\u00bb{}\u00bb]<\/p>\n<h2 style=\"text-align: center;\">\u00bfTodav\u00eda tienes preguntas?<\/h2>\n<p>[\/et_pb_text][et_pb_button button_url=\u00bbhttps:\/\/speechi.com\/es\/contact\/\u00bb button_text=\u00bbCONT\u00c1CTANOS\u00bb button_alignment=\u00bbcenter\u00bb _builder_version=\u00bb4.21.0&#8243; _module_preset=\u00bbdefault\u00bb custom_button=\u00bbon\u00bb button_text_size=\u00bb18px\u00bb button_bg_color=\u00bb#1c2c44&#8243; button_border_width=\u00bb0px\u00bb button_border_radius=\u00bb10px\u00bb global_colors_info=\u00bb{}\u00bb][\/et_pb_button][\/et_pb_column][\/et_pb_row][\/et_pb_section]<\/p>\n","protected":false},"excerpt":{"rendered":"<p>Visualizador de documentos ELMO PX-30E El visualizadorpara salas de reunionesy centros de conferencias<div class=\"et_pb_module dsm_button dsm_button_0 et_pb_bg_layout_light\">\n\t\t\t\t\n\t\t\t\t\n\t\t\t\t\n\t\t\t\t\n\t\t\t\t\n\t\t\t\t\n\t\t\t\t<div class=\"et_pb_module_inner\">\n\t\t\t\t\t<div class=\"et_pb_button_module_wrappers dsm_button_0_wrapper  et_pb_module\">\n\t\t\t\t\n\t\t\t<\/div>\n\t\t\t\t<\/div>\n\t\t\t<\/div>De la pantalla t\u00e1ctil a la superficie blanca borrableUn visualizador con caracter\u00edsticas sin precedentesUna pantalla t\u00e1ctil en la base La pantalla t\u00e1ctil integrada en la base del visualizador PX-30E permite una vista previa de la presentaci\u00f3n y se controla directamente [&hellip;]<\/p>\n","protected":false},"author":6,"featured_media":0,"parent":0,"menu_order":0,"comment_status":"closed","ping_status":"closed","template":"","meta":{"_acf_changed":false,"_seopress_robots_primary_cat":"","_seopress_titles_title":"PX-30E: el visualizador ideal para profesionales - Speechi","_seopress_titles_desc":"El visualizador PX-30E de la marca Elmo es un producto de gama alta dise\u00f1ado para un uso profesional y repleto de funcionalidades.","_seopress_robots_index":"","_et_pb_use_builder":"on","_et_pb_old_content":"","_et_gb_content_width":"","footnotes":""},"difl_page_category":[],"class_list":["post-44168708","page","type-page","status-publish","hentry"],"acf":[],"_links":{"self":[{"href":"https:\/\/speechi.com\/es\/wp-json\/wp\/v2\/pages\/44168708","targetHints":{"allow":["GET"]}}],"collection":[{"href":"https:\/\/speechi.com\/es\/wp-json\/wp\/v2\/pages"}],"about":[{"href":"https:\/\/speechi.com\/es\/wp-json\/wp\/v2\/types\/page"}],"author":[{"embeddable":true,"href":"https:\/\/speechi.com\/es\/wp-json\/wp\/v2\/users\/6"}],"replies":[{"embeddable":true,"href":"https:\/\/speechi.com\/es\/wp-json\/wp\/v2\/comments?post=44168708"}],"version-history":[{"count":13,"href":"https:\/\/speechi.com\/es\/wp-json\/wp\/v2\/pages\/44168708\/revisions"}],"predecessor-version":[{"id":44168722,"href":"https:\/\/speechi.com\/es\/wp-json\/wp\/v2\/pages\/44168708\/revisions\/44168722"}],"wp:attachment":[{"href":"https:\/\/speechi.com\/es\/wp-json\/wp\/v2\/media?parent=44168708"}],"wp:term":[{"taxonomy":"difl_page_category","embeddable":true,"href":"https:\/\/speechi.com\/es\/wp-json\/wp\/v2\/difl_page_category?post=44168708"}],"curies":[{"name":"wp","href":"https:\/\/api.w.org\/{rel}","templated":true}]}}