{"id":44169300,"date":"2024-02-21T14:11:17","date_gmt":"2024-02-21T13:11:17","guid":{"rendered":"https:\/\/speechi.com\/nuestros-estudios-de-casos-en-el-entorno-empresarial\/"},"modified":"2026-01-13T16:46:11","modified_gmt":"2026-01-13T15:46:11","slug":"estudios-de-casos-empresa","status":"publish","type":"page","link":"https:\/\/speechi.com\/es\/estudios-de-casos-empresa\/","title":{"rendered":"Nuestros estudios de casos en el entorno empresarial"},"content":{"rendered":"<p>[et_pb_section fb_built=\u00bb1&#8243; _builder_version=\u00bb4.21.0&#8243; _module_preset=\u00bbdefault\u00bb global_colors_info=\u00bb{}\u00bb][et_pb_row _builder_version=\u00bb4.21.0&#8243; _module_preset=\u00bbdefault\u00bb global_colors_info=\u00bb{}\u00bb][et_pb_column type=\u00bb4_4&#8243; _builder_version=\u00bb4.21.0&#8243; _module_preset=\u00bbdefault\u00bb global_colors_info=\u00bb{}\u00bb][et_pb_text _builder_version=\u00bb4.21.0&#8243; _module_preset=\u00bbdefault\u00bb global_colors_info=\u00bb{}\u00bb]<\/p>\n<h1>Nuestros estudios de casos en el entorno empresarial<\/h1>\n<p>[\/et_pb_text][\/et_pb_column][\/et_pb_row][et_pb_row _builder_version=\u00bb4.21.0&#8243; _module_preset=\u00bbdefault\u00bb global_colors_info=\u00bb{}\u00bb][et_pb_column type=\u00bb4_4&#8243; _builder_version=\u00bb4.21.0&#8243; _module_preset=\u00bbdefault\u00bb global_colors_info=\u00bb{}\u00bb][et_pb_text _builder_version=\u00bb4.21.0&#8243; _module_preset=\u00bbdefault\u00bb global_colors_info=\u00bb{}\u00bb]<\/p>\n<p><strong>Descubre en nuestros estudios de casos c\u00f3mo empresas de todos los horizontes est\u00e1n integrando una pantalla interactiva Speechi en sus h\u00e1bitos de trabajo, qu\u00e9 motivos y problemas les llevaron a equiparse con una, c\u00f3mo nuestras pantallas interactivas han satisfecho sus expectativas y qu\u00e9 beneficios han obtenido de ellas en su trabajo diario.<\/strong><\/p>\n<p>[\/et_pb_text][\/et_pb_column][\/et_pb_row][et_pb_row column_structure=\u00bb1_2,1_2&#8243; _builder_version=\u00bb4.21.0&#8243; _module_preset=\u00bbdefault\u00bb global_colors_info=\u00bb{}\u00bb][et_pb_column type=\u00bb1_2&#8243; _builder_version=\u00bb4.21.0&#8243; _module_preset=\u00bbdefault\u00bb global_colors_info=\u00bb{}\u00bb][et_pb_image src=\u00bbhttps:\/\/speechi.com\/wp-content\/uploads\/2024\/03\/speechi-temoigage-ecran-interactif-entreprise-orano-1.png\u00bb alt=\u00bbEstudios de casos by Speechi : Orano\u00bb title_text=\u00bbEstudios de casos by Speechi : Orano\u00bb url=\u00bbhttps:\/\/speechi.com\/es\/estudio-de-caso-orano\/\u00bb _builder_version=\u00bb4.21.0&#8243; _module_preset=\u00bbdefault\u00bb animation_style=\u00bbslide\u00bb animation_duration=\u00bb500ms\u00bb animation_intensity_slide=\u00bb10%\u00bb custom_css_main_element=\u00bbtransition: transform 0.3s ease;\u00bb border_radii=\u00bboff||||\u00bb global_colors_info=\u00bb{}\u00bb border_style_all__hover_enabled=\u00bboff|desktop\u00bb custom_css_main_element__hover_enabled=\u00bbon|hover\u00bb custom_css_main_element__hover=\u00bbtransition: transform 0.3s ease; ||transform: scale(1.05);\u00bb][\/et_pb_image][et_pb_text _builder_version=\u00bb4.21.0&#8243; _module_preset=\u00bbdefault\u00bb global_colors_info=\u00bb{}\u00bb]<\/p>\n<h3 style=\"text-align: center;\"><a href=\"https:\/\/speechi.com\/es\/estudio-de-caso-orano\/\">Orano <\/a><\/h3>\n<h5 style=\"text-align: center;\"><a href=\"https:\/\/speechi.com\/es\/estudio-de-caso-orano\/\">La gesti\u00f3n visual<\/a><\/h5>\n<p>[\/et_pb_text][\/et_pb_column][et_pb_column type=\u00bb1_2&#8243; _builder_version=\u00bb4.21.0&#8243; _module_preset=\u00bbdefault\u00bb global_colors_info=\u00bb{}\u00bb][et_pb_image src=\u00bbhttps:\/\/speechi.com\/wp-content\/uploads\/2024\/03\/speechi-temoigage-ecran-interactif-entreprise-hopital-chu-lille-1.png\u00bb alt=\u00bbEstudios de casos by Speechi : Hospital Universitario de Lille\u00bb title_text=\u00bbEstudios de casos by Speechi : Hospital Universitario de Lille\u00bb url=\u00bbhttps:\/\/speechi.com\/es\/estudio-de-caso-hospital-universitario-lille\/\u00bb _builder_version=\u00bb4.21.0&#8243; _module_preset=\u00bbdefault\u00bb background_enable_image=\u00bboff\u00bb animation_style=\u00bbslide\u00bb animation_duration=\u00bb500ms\u00bb animation_intensity_slide=\u00bb10%\u00bb custom_css_main_element=\u00bbtransition: transform 0.3s ease;||\u00bb global_colors_info=\u00bb{}\u00bb custom_css_main_element__hover_enabled=\u00bbon|hover\u00bb custom_css_main_element__hover=\u00bbtransition: transform 0.3s ease; ||transform: scale(1.05);||\u00bb][\/et_pb_image][et_pb_text _builder_version=\u00bb4.21.0&#8243; _module_preset=\u00bbdefault\u00bb global_colors_info=\u00bb{}\u00bb]<\/p>\n<h3 style=\"text-align: center;\"><a href=\"https:\/\/speechi.com\/es\/estudio-de-caso-hospital-universitario-lille\/\">Hospital Universitario de Lille <\/a><\/h3>\n<h5 style=\"text-align: center;\"><a href=\"https:\/\/speechi.com\/es\/estudio-de-caso-hospital-universitario-lille\/\">La educaci\u00f3n terap\u00e9utica<\/a><\/h5>\n<p>[\/et_pb_text][\/et_pb_column][\/et_pb_row][et_pb_row column_structure=\u00bb1_2,1_2&#8243; _builder_version=\u00bb4.21.0&#8243; _module_preset=\u00bbdefault\u00bb global_colors_info=\u00bb{}\u00bb][et_pb_column type=\u00bb1_2&#8243; _builder_version=\u00bb4.21.0&#8243; _module_preset=\u00bbdefault\u00bb global_colors_info=\u00bb{}\u00bb][et_pb_image src=\u00bbhttps:\/\/speechi.com\/wp-content\/uploads\/2024\/03\/speechi-temoigage-ecran-interactif-entreprise-bonduelle-1.png\u00bb alt=\u00bbEstudios de casos by Speechi : Bonduelle\u00bb title_text=\u00bbEstudios de casos by Speechi : Bonduelle\u00bb url=\u00bbhttps:\/\/speechi.com\/es\/estudio-de-caso-bonduelle\/\u00bb _builder_version=\u00bb4.21.0&#8243; _module_preset=\u00bbdefault\u00bb animation_style=\u00bbslide\u00bb animation_duration=\u00bb500ms\u00bb animation_intensity_slide=\u00bb10%\u00bb custom_css_main_element=\u00bbtransition: transform 0.3s ease;\u00bb global_colors_info=\u00bb{}\u00bb custom_css_main_element__hover_enabled=\u00bbon|hover\u00bb custom_css_main_element__hover=\u00bbtransition: transform 0.3s ease; ||transform: scale(1.05);||\u00bb][\/et_pb_image][et_pb_text _builder_version=\u00bb4.21.0&#8243; _module_preset=\u00bbdefault\u00bb global_colors_info=\u00bb{}\u00bb]<\/p>\n<h3 style=\"text-align: center;\"><a href=\"https:\/\/speechi.com\/es\/estudio-de-caso-bonduelle\/\">Bonduelle <\/a><\/h3>\n<h5 style=\"text-align: center;\"><a href=\"https:\/\/speechi.com\/es\/estudio-de-caso-bonduelle\/\">La visualizaci\u00f3n de datos<\/a><\/h5>\n<p>[\/et_pb_text][\/et_pb_column][et_pb_column type=\u00bb1_2&#8243; _builder_version=\u00bb4.21.0&#8243; _module_preset=\u00bbdefault\u00bb global_colors_info=\u00bb{}\u00bb][et_pb_image src=\u00bbhttps:\/\/speechi.com\/wp-content\/uploads\/2026\/01\/speechi-temoigage-ecran-interactif-entreprise-johannes-diakonie.png\u00bb alt=\u00bbEstudio de caso de Speechi: Johannes-Diakonie\u00bb title_text=\u00bbEstudio de caso de Speechi: Johannes-Diakonie\u00bb url=\u00bbhttps:\/\/speechi.com\/es\/estudio-caso-johannes-diakonie\/\u00bb _builder_version=\u00bb4.27.4&#8243; _module_preset=\u00bbdefault\u00bb background_enable_image=\u00bboff\u00bb animation_style=\u00bbslide\u00bb animation_duration=\u00bb500ms\u00bb animation_intensity_slide=\u00bb10%\u00bb hover_enabled=\u00bb0&#8243; custom_css_main_element=\u00bbtransition: transform 0.3s ease;||\u00bb global_colors_info=\u00bb{}\u00bb custom_css_main_element__hover_enabled=\u00bbon|hover\u00bb custom_css_main_element__hover=\u00bbtransition: transform 0.3s ease; ||transform: scale(1.05);||\u00bb sticky_enabled=\u00bb0&#8243;][\/et_pb_image][et_pb_text _builder_version=\u00bb4.27.4&#8243; _module_preset=\u00bbdefault\u00bb global_colors_info=\u00bb{}\u00bb]<\/p>\n<h3 style=\"text-align: center;\"><a href=\"https:\/\/speechi.com\/es\/estudio-caso-johannes-diakonie\/\">Johannes-Diakonie <\/a><\/h3>\n<h5 style=\"text-align: center;\"><a href=\"https:\/\/speechi.com\/es\/estudio-caso-johannes-diakonie\/\">La inclusi\u00f3n digital<\/a><\/h5>\n<p>[\/et_pb_text][\/et_pb_column][\/et_pb_row][\/et_pb_section][et_pb_section fb_built=\u00bb1&#8243; fullwidth=\u00bbon\u00bb _builder_version=\u00bb4.21.0&#8243; _module_preset=\u00bbdefault\u00bb background_color=\u00bb#323a45&#8243; collapsed=\u00bbon\u00bb global_colors_info=\u00bb{}\u00bb][et_pb_fullwidth_header title=\u00bb\u00bfQuieres equipar tu empresa?\u00bb text_orientation=\u00bbcenter\u00bb button_one_text=\u00bbCont\u00e1ctanos\u00bb button_one_url=\u00bbhttps:\/\/speechi.com\/es\/contacto\/\u00bb _builder_version=\u00bb4.21.0&#8243; _module_preset=\u00bbdefault\u00bb title_text_align=\u00bbcenter\u00bb content_text_align=\u00bbcenter\u00bb subhead_text_align=\u00bbcenter\u00bb background_enable_color=\u00bboff\u00bb custom_button_one=\u00bbon\u00bb button_one_border_radius=\u00bb49px\u00bb button_one_custom_margin=\u00bb|auto|||false|false\u00bb button_one_custom_padding=\u00bb||||false|false\u00bb global_colors_info=\u00bb{}\u00bb][\/et_pb_fullwidth_header][\/et_pb_section][et_pb_section fb_built=\u00bb1&#8243; _builder_version=\u00bb4.19.5&#8243; background_color=\u00bb#eaeaea\u00bb custom_padding=\u00bb20px||30px||false|false\u00bb global_colors_info=\u00bb{}\u00bb][et_pb_row column_structure=\u00bb1_5,1_5,1_5,1_5,1_5&#8243; make_equal=\u00bbon\u00bb _builder_version=\u00bb4.16&#8243; custom_padding=\u00bb0px||0px\u00bb custom_width_percent=\u00bb100%\u00bb global_colors_info=\u00bb{}\u00bb][et_pb_column type=\u00bb1_5&#8243; _builder_version=\u00bb4.16&#8243; custom_padding=\u00bb|||\u00bb global_colors_info=\u00bb{}\u00bb custom_padding__hover=\u00bb|||\u00bb][et_pb_blurb title=\u00bbLille\u00bb image=\u00bbhttps:\/\/speechi.com\/wp-content\/uploads\/2023\/03\/placeholder.png\u00bb icon_placement=\u00bbleft\u00bb _builder_version=\u00bb4.21.0&#8243; header_font=\u00bb||||||||\u00bb header_font_size=\u00bb15px\u00bb body_font=\u00bb||||||||\u00bb body_font_size=\u00bb12px\u00bb body_line_height=\u00bb1em\u00bb custom_margin=\u00bb15px||\u00bb custom_css_blurb_content=\u00bbmax-width:100%;\u00bb global_colors_info=\u00bb{}\u00bb]<\/p>\n<p><span>12 rue de Weppes<\/span><\/p>\n<p>[\/et_pb_blurb][\/et_pb_column][et_pb_column type=\u00bb1_5&#8243; _builder_version=\u00bb4.16&#8243; custom_padding=\u00bb|||\u00bb global_colors_info=\u00bb{}\u00bb custom_padding__hover=\u00bb|||\u00bb][et_pb_blurb title=\u00bbPar\u00eds\u00bb image=\u00bbhttps:\/\/speechi.com\/wp-content\/uploads\/2023\/03\/placeholder.png\u00bb icon_placement=\u00bbleft\u00bb _builder_version=\u00bb4.21.0&#8243; header_font=\u00bb||||||||\u00bb header_font_size=\u00bb15px\u00bb body_font=\u00bb||||||||\u00bb body_font_size=\u00bb12px\u00bb body_line_height=\u00bb1em\u00bb custom_margin=\u00bb15px||\u00bb custom_css_blurb_content=\u00bbmax-width:100%;\u00bb global_colors_info=\u00bb{}\u00bb]<\/p>\n<p><span>13 Rue Petits H\u00f4tels<\/span><\/p>\n<p>[\/et_pb_blurb][\/et_pb_column][et_pb_column type=\u00bb1_5&#8243; _builder_version=\u00bb4.16&#8243; custom_padding=\u00bb|||\u00bb global_colors_info=\u00bb{}\u00bb custom_padding__hover=\u00bb|||\u00bb][et_pb_blurb title=\u00bbColonia\u00bb image=\u00bbhttps:\/\/speechi.com\/wp-content\/uploads\/2023\/03\/placeholder.png\u00bb icon_placement=\u00bbleft\u00bb _builder_version=\u00bb4.21.0&#8243; header_font=\u00bb||||||||\u00bb header_font_size=\u00bb15px\u00bb body_font=\u00bb||||||||\u00bb body_font_size=\u00bb12px\u00bb body_line_height=\u00bb1em\u00bb custom_margin=\u00bb15px||\u00bb custom_css_blurb_content=\u00bbmax-width:100%;\u00bb global_colors_info=\u00bb{}\u00bb]<\/p>\n<p><span>Worringer Str. 30<\/span><\/p>\n<p>[\/et_pb_blurb][\/et_pb_column][et_pb_column type=\u00bb1_5&#8243; _builder_version=\u00bb4.16&#8243; custom_padding=\u00bb|||\u00bb global_colors_info=\u00bb{}\u00bb custom_padding__hover=\u00bb|||\u00bb][et_pb_blurb title=\u00bbLl\u00e1manos al\u00bb image=\u00bbhttps:\/\/speechi.com\/wp-content\/uploads\/2023\/03\/call.png\u00bb icon_placement=\u00bbleft\u00bb _builder_version=\u00bb4.21.0&#8243; header_font=\u00bb||||||||\u00bb header_font_size=\u00bb16px\u00bb body_font=\u00bb||||||||\u00bb body_font_size=\u00bb12px\u00bb body_line_height=\u00bb1em\u00bb custom_margin=\u00bb15px||\u00bb custom_css_blurb_content=\u00bbmax-width:100%;\u00bb global_colors_info=\u00bb{}\u00bb]<\/p>\n<p><span>03 79 59 01 97<\/span><\/p>\n<p>[\/et_pb_blurb][\/et_pb_column][et_pb_column type=\u00bb1_5&#8243; _builder_version=\u00bb4.16&#8243; custom_padding=\u00bb|||\u00bb global_colors_info=\u00bb{}\u00bb custom_padding__hover=\u00bb|||\u00bb][et_pb_blurb title=\u00bbEscr\u00edbenos a\u00bb image=\u00bbhttps:\/\/speechi.com\/wp-content\/uploads\/2023\/03\/email.png\u00bb icon_placement=\u00bbleft\u00bb _builder_version=\u00bb4.21.0&#8243; header_font=\u00bb||||||||\u00bb header_font_size=\u00bb16px\u00bb body_font=\u00bb||||||||\u00bb body_font_size=\u00bb12px\u00bb body_line_height=\u00bb1em\u00bb custom_margin=\u00bb15px||\u00bb custom_css_blurb_content=\u00bbmax-width:100%;\u00bb global_colors_info=\u00bb{}\u00bb]<\/p>\n<p>info@speechi.com<\/p>\n<p>[\/et_pb_blurb][\/et_pb_column][\/et_pb_row][\/et_pb_section]<\/p>\n","protected":false},"excerpt":{"rendered":"<p>Nuestros estudios de casos en el entorno empresarialDescubre en nuestros estudios de casos c\u00f3mo empresas de todos los horizontes est\u00e1n integrando una pantalla interactiva Speechi en sus h\u00e1bitos de trabajo, qu\u00e9 motivos y problemas les llevaron a equiparse con una, c\u00f3mo nuestras pantallas interactivas han satisfecho sus expectativas y qu\u00e9 beneficios han obtenido de ellas [&hellip;]<\/p>\n","protected":false},"author":5,"featured_media":0,"parent":0,"menu_order":0,"comment_status":"closed","ping_status":"closed","template":"","meta":{"_acf_changed":false,"_seopress_robots_primary_cat":"","_seopress_titles_title":"Nuestros estudios de casos en el mundo de la empresa - Speechi","_seopress_titles_desc":"Descubre c\u00f3mo estas empresas integran una pantalla interactiva Speechi en sus h\u00e1bitos de trabajo y c\u00f3mo nuestra pantalla ha respondido a sus expectativas.","_seopress_robots_index":"","_et_pb_use_builder":"on","_et_pb_old_content":"","_et_gb_content_width":"","footnotes":""},"difl_page_category":[],"class_list":["post-44169300","page","type-page","status-publish","hentry"],"acf":[],"_links":{"self":[{"href":"https:\/\/speechi.com\/es\/wp-json\/wp\/v2\/pages\/44169300","targetHints":{"allow":["GET"]}}],"collection":[{"href":"https:\/\/speechi.com\/es\/wp-json\/wp\/v2\/pages"}],"about":[{"href":"https:\/\/speechi.com\/es\/wp-json\/wp\/v2\/types\/page"}],"author":[{"embeddable":true,"href":"https:\/\/speechi.com\/es\/wp-json\/wp\/v2\/users\/5"}],"replies":[{"embeddable":true,"href":"https:\/\/speechi.com\/es\/wp-json\/wp\/v2\/comments?post=44169300"}],"version-history":[{"count":10,"href":"https:\/\/speechi.com\/es\/wp-json\/wp\/v2\/pages\/44169300\/revisions"}],"predecessor-version":[{"id":44215379,"href":"https:\/\/speechi.com\/es\/wp-json\/wp\/v2\/pages\/44169300\/revisions\/44215379"}],"wp:attachment":[{"href":"https:\/\/speechi.com\/es\/wp-json\/wp\/v2\/media?parent=44169300"}],"wp:term":[{"taxonomy":"difl_page_category","embeddable":true,"href":"https:\/\/speechi.com\/es\/wp-json\/wp\/v2\/difl_page_category?post=44169300"}],"curies":[{"name":"wp","href":"https:\/\/api.w.org\/{rel}","templated":true}]}}