{"id":44169517,"date":"2023-03-29T12:08:07","date_gmt":"2023-03-29T10:08:07","guid":{"rendered":"https:\/\/speechi.com\/soluciones-empresas\/"},"modified":"2024-08-19T14:11:54","modified_gmt":"2024-08-19T12:11:54","slug":"soluciones-empresas","status":"publish","type":"page","link":"https:\/\/speechi.com\/es\/soluciones-empresas\/","title":{"rendered":"Soluciones Empresas"},"content":{"rendered":"<p>[et_pb_section fb_built=\u00bb1&#8243; admin_label=\u00bbHeader\u00bb _builder_version=\u00bb4.20.2&#8243; _module_preset=\u00bbdefault\u00bb custom_margin=\u00bb||||false|false\u00bb custom_padding=\u00bb3vw||||false|false\u00bb box_shadow_style=\u00bbpreset7&#8243; box_shadow_horizontal=\u00bb-20vw\u00bb box_shadow_vertical=\u00bb0px\u00bb box_shadow_color=\u00bb#eaeaea\u00bb box_shadow_horizontal_tablet=\u00bb-8vw\u00bb box_shadow_horizontal_phone=\u00bb\u00bb box_shadow_horizontal_last_edited=\u00bbon|tablet\u00bb locked=\u00bboff\u00bb global_colors_info=\u00bb{}\u00bb][et_pb_row column_structure=\u00bb3_5,2_5&#8243; make_equal=\u00bbon\u00bb _builder_version=\u00bb4.20.2&#8243; _module_preset=\u00bbdefault\u00bb global_colors_info=\u00bb{}\u00bb][et_pb_column type=\u00bb3_5&#8243; _builder_version=\u00bb4.20.2&#8243; _module_preset=\u00bbdefault\u00bb custom_padding=\u00bb|8%|230px||false|false\u00bb custom_padding_tablet=\u00bb|0%|0px||false|false\u00bb custom_padding_phone=\u00bb\u00bb custom_padding_last_edited=\u00bbon|tablet\u00bb global_colors_info=\u00bb{}\u00bb][et_pb_text _builder_version=\u00bb4.20.2&#8243; _module_preset=\u00bb88189985-383f-4a98-8bda-45b45a07d31e\u00bb header_font=\u00bb|600|||||||\u00bb header_text_color=\u00bb#000000&#8243; header_font_size=\u00bb50px\u00bb header_line_height=\u00bb1.2em\u00bb header_font_tablet=\u00bb\u00bb header_font_phone=\u00bbRoboto|500|||||||\u00bb header_font_last_edited=\u00bbon|phone\u00bb header_font_size_tablet=\u00bb48px\u00bb header_font_size_phone=\u00bb28px\u00bb header_font_size_last_edited=\u00bbon|tablet\u00bb locked=\u00bboff\u00bb global_colors_info=\u00bb{}\u00bb]<\/p>\n<h1>Un espacio de trabajo gigante para trabajar juntos<\/h1>\n<p>[\/et_pb_text][et_pb_text _builder_version=\u00bb4.20.2&#8243; _module_preset=\u00bbdae59d6c-8e6f-457d-9b53-6f843dc37ccb\u00bb text_font=\u00bb||||||||\u00bb text_text_color=\u00bb#a3a7ac\u00bb text_font_size=\u00bb20px\u00bb custom_margin=\u00bb||||false|false\u00bb text_font_size_tablet=\u00bb15px\u00bb text_font_size_phone=\u00bb14px\u00bb text_font_size_last_edited=\u00bbon|desktop\u00bb locked=\u00bboff\u00bb global_colors_info=\u00bb{}\u00bb]Crea, cautiva y colabora est\u00e9s donde est\u00e9s[\/et_pb_text][\/et_pb_column][et_pb_column type=\u00bb2_5&#8243; _builder_version=\u00bb4.20.2&#8243; _module_preset=\u00bbdefault\u00bb background_color=\u00bb#323a45&#8243; custom_padding=\u00bb||||false|false\u00bb box_shadow_style=\u00bbpreset4&#8243; box_shadow_horizontal=\u00bb360px\u00bb box_shadow_vertical=\u00bb0px\u00bb box_shadow_color=\u00bb#323a45&#8243; box_shadow_horizontal_tablet=\u00bb\u00bb box_shadow_horizontal_phone=\u00bb200px\u00bb box_shadow_horizontal_last_edited=\u00bbon|phone\u00bb global_colors_info=\u00bb{%22gcid-4c754952-8207-4136-b7cc-f3d93882233e%22:%91%93}\u00bb][et_pb_image src=\u00bbhttps:\/\/cdn.speechi.com\/wp-content\/uploads\/2023\/04\/interactive-screen-business-3.png\u00bb alt=\u00bbLa pantalla interactiva se puede conectar a m\u00faltiples dispositivos para facilitar la presentaci\u00f3n y la colaboraci\u00f3n.\u00bb title_text=\u00bbLa pantalla interactiva se puede conectar a m\u00faltiples dispositivos para facilitar la presentaci\u00f3n y la colaboraci\u00f3n.\u00bb show_bottom_space=\u00bboff\u00bb _builder_version=\u00bb4.20.2&#8243; _module_preset=\u00bbdefault\u00bb custom_margin=\u00bb20%|-10vw|-44%|-32%|false|false\u00bb custom_margin_tablet=\u00bb|0%|-16%|0%|false|false\u00bb custom_margin_phone=\u00bb\u00bb custom_margin_last_edited=\u00bbon|tablet\u00bb locked=\u00bboff\u00bb global_colors_info=\u00bb{}\u00bb][\/et_pb_image][\/et_pb_column][\/et_pb_row][\/et_pb_section][et_pb_section fb_built=\u00bb1&#8243; admin_label=\u00bbsection\u00bb _builder_version=\u00bb4.20.2&#8243; custom_padding=\u00bb0px|0px|0px|0px\u00bb transparent_background=\u00bboff\u00bb make_fullwidth=\u00bboff\u00bb use_custom_width=\u00bboff\u00bb width_unit=\u00bboff\u00bb custom_width_px=\u00bb1080px\u00bb custom_width_percent=\u00bb80%\u00bb global_colors_info=\u00bb{}\u00bb][et_pb_row column_structure=\u00bb1_2,1_2&#8243; use_custom_gutter=\u00bbon\u00bb gutter_width=\u00bb1&#8243; make_equal=\u00bbon\u00bb admin_label=\u00bbrow\u00bb module_class=\u00bb et_pb_row_fullwidth\u00bb _builder_version=\u00bb4.20.2&#8243; background_size=\u00bbinitial\u00bb background_position=\u00bbtop_left\u00bb background_repeat=\u00bbrepeat\u00bb width=\u00bb100%\u00bb width_tablet=\u00bb100%\u00bb width_phone=\u00bb100%\u00bb width_last_edited=\u00bbon|desktop\u00bb max_width=\u00bb100%\u00bb max_width_tablet=\u00bb100%\u00bb max_width_phone=\u00bb100%\u00bb max_width_last_edited=\u00bbon|desktop\u00bb custom_padding=\u00bb0px|0px|0px|0px|false|false\u00bb make_fullwidth=\u00bbon\u00bb use_custom_width=\u00bboff\u00bb width_unit=\u00bboff\u00bb custom_width_px=\u00bb1080px\u00bb custom_width_percent=\u00bb80%\u00bb global_colors_info=\u00bb{}\u00bb][et_pb_column type=\u00bb1_2&#8243; module_class=\u00bbcentrer-verticalement\u00bb _builder_version=\u00bb4.20.2&#8243; custom_padding=\u00bb|||\u00bb global_colors_info=\u00bb{}\u00bb custom_padding__hover=\u00bb|||\u00bb][et_pb_image src=\u00bbhttps:\/\/cdn.speechi.com\/wp-content\/uploads\/2023\/04\/interactive-panel-workspace.jpg\u00bb alt=\u00bbEl uso de la pantalla interactiva mejora la comunicaci\u00f3n entre los miembros del equipo.\u00bb title_text=\u00bbEl uso de la pantalla interactiva mejora la comunicaci\u00f3n entre los miembros del equipo.\u00bb force_fullwidth=\u00bbon\u00bb align_tablet=\u00bbcenter\u00bb align_phone=\u00bbcenter\u00bb align_last_edited=\u00bbon|desktop\u00bb admin_label=\u00bbImage\u00bb _builder_version=\u00bb4.20.2&#8243; animation_style=\u00bbslide\u00bb animation_direction=\u00bbleft\u00bb animation_duration=\u00bb500ms\u00bb animation_intensity_slide=\u00bb10%\u00bb hover_enabled=\u00bb0&#8243; use_border_color=\u00bboff\u00bb border_color=\u00bb#ffffff\u00bb border_width=\u00bb1px\u00bb border_style=\u00bbsolid\u00bb sticky=\u00bboff\u00bb always_center_on_mobile=\u00bbon\u00bb global_colors_info=\u00bb{}\u00bb sticky_enabled=\u00bb0&#8243;] [\/et_pb_image][\/et_pb_column][et_pb_column type=\u00bb1_2&#8243; module_class=\u00bbcentrer-verticalement\u00bb _builder_version=\u00bb4.20.2&#8243; custom_padding=\u00bb|||\u00bb custom_css_main_element=\u00bb||\u00bb global_colors_info=\u00bb{}\u00bb custom_padding__hover=\u00bb|||\u00bb][et_pb_slider _builder_version=\u00bb4.20.2&#8243; _module_preset=\u00bbdefault\u00bb header_font=\u00bbMontserrat|600|||||||\u00bb background_color=\u00bbRGBA(255,255,255,0)\u00bb global_colors_info=\u00bb{}\u00bb][et_pb_slide heading=\u00bbRe\u00fane tus ideas sin l\u00edmites\u00bb _builder_version=\u00bb4.20.2&#8243; _module_preset=\u00bbdefault\u00bb text_orientation=\u00bbleft\u00bb background_layout=\u00bblight\u00bb global_colors_info=\u00bb{}\u00bb sticky_transition=\u00bbon\u00bb]<\/p>\n<p>Piensa en la pantalla interactiva como una superficie infinita donde tus ideas y proyectos pueden cobrar vida. Tanto si est\u00e1s en una reuni\u00f3n como en un taller de brainstorming, anota, diagrama y conceptualiza todas tus ideas. Re\u00fanelas en un solo lugar en una pizarra infinita y organ\u00edzalas para obtener una visi\u00f3n de conjunto clara que favorezca la toma de decisiones.  <\/p>\n<p>[\/et_pb_slide][et_pb_slide heading=\u00bbDise\u00f1a en conjunto\u00bb _builder_version=\u00bb4.20.2&#8243; _module_preset=\u00bbdefault\u00bb text_orientation=\u00bbleft\u00bb background_layout=\u00bblight\u00bb global_colors_info=\u00bb{}\u00bb sticky_transition=\u00bbon\u00bb]<\/p>\n<p>Da rienda suelta a tu imaginaci\u00f3n e insp\u00edrate t\u00fa, y tus compa\u00f1eros, interactuando en grupo en la pantalla. Aumentad el potencial creativo intercambiando y proponiendo ideas por turno, aumentando as\u00ed las posibilidades de dar con la mejor soluci\u00f3n. <\/p>\n<p>[\/et_pb_slide][et_pb_slide heading=\u00bbComparte tu trabajo\u00bb _builder_version=\u00bb4.20.2&#8243; _module_preset=\u00bbdefault\u00bb text_orientation=\u00bbleft\u00bb background_layout=\u00bblight\u00bb global_colors_info=\u00bb{}\u00bb sticky_transition=\u00bbon\u00bb]Al final de la sesi\u00f3n de brainstorming, comparte la pizarra con todos los participantes. Puedes volver a ella en cualquier momento para modificar, perfeccionar y cuestionar cada una de las ideas que hay sobre la mesa hasta llegar a un acuerdo y dar a luz un nuevo proyecto. [\/et_pb_slide][\/et_pb_slider][\/et_pb_column][\/et_pb_row][et_pb_row column_structure=\u00bb1_2,1_2&#8243; use_custom_gutter=\u00bbon\u00bb gutter_width=\u00bb1&#8243; make_equal=\u00bbon\u00bb admin_label=\u00bbrow\u00bb module_class=\u00bb et_pb_row_fullwidth\u00bb _builder_version=\u00bb4.20.2&#8243; background_size=\u00bbinitial\u00bb background_position=\u00bbtop_left\u00bb background_repeat=\u00bbrepeat\u00bb width=\u00bb100%\u00bb width_tablet=\u00bb100%\u00bb width_phone=\u00bb100%\u00bb width_last_edited=\u00bbon|desktop\u00bb max_width=\u00bb100%\u00bb max_width_tablet=\u00bb100%\u00bb max_width_phone=\u00bb100%\u00bb max_width_last_edited=\u00bbon|desktop\u00bb custom_padding=\u00bb0px|0px|0px|0px|false|false\u00bb make_fullwidth=\u00bbon\u00bb use_custom_width=\u00bboff\u00bb width_unit=\u00bboff\u00bb custom_width_px=\u00bb1080px\u00bb custom_width_percent=\u00bb80%\u00bb global_colors_info=\u00bb{}\u00bb][et_pb_column type=\u00bb1_2&#8243; module_class=\u00bbcentrer-verticalement\u00bb _builder_version=\u00bb4.20.2&#8243; custom_padding=\u00bb|||\u00bb global_colors_info=\u00bb{}\u00bb custom_padding__hover=\u00bb|||\u00bb][et_pb_slider _builder_version=\u00bb4.20.2&#8243; _module_preset=\u00bbdefault\u00bb header_font=\u00bbMontserrat|600|||||||\u00bb header_text_align=\u00bbleft\u00bb background_color=\u00bbRGBA(255,255,255,0)\u00bb global_colors_info=\u00bb{}\u00bb][et_pb_slide heading=\u00bbAnima y cautiva a tu audiencia\u00bb _builder_version=\u00bb4.20.2&#8243; _module_preset=\u00bbdefault\u00bb background_enable_color=\u00bboff\u00bb text_orientation=\u00bbleft\u00bb background_layout=\u00bblight\u00bb global_colors_info=\u00bb{}\u00bb sticky_transition=\u00bbon\u00bb]<\/p>\n<p>\u00bfReuni\u00f3n con clientes, reuni\u00f3n de equipo o de lanzamiento? Presenta tus elementos en una pantalla interactiva gigante, de forma sencilla, r\u00e1pida y sobre todo din\u00e1mica, para captar mejor la atenci\u00f3n de los participantes y convencerlos. Anota sobre la pantalla, importa archivos (im\u00e1genes, videos, documentos, etc.) y enriquece el contenido sobre la marcha para lograr que la presentaci\u00f3n llame la atenci\u00f3n.  <\/p>\n<p>[\/et_pb_slide][et_pb_slide heading=\u00bbPrepara tu reuni\u00f3n\u00bb _builder_version=\u00bb4.20.2&#8243; _module_preset=\u00bbdefault\u00bb background_enable_color=\u00bboff\u00bb text_orientation=\u00bbleft\u00bb background_layout=\u00bblight\u00bb global_colors_info=\u00bb{}\u00bb sticky_transition=\u00bbon\u00bb]<\/p>\n<p>Crea tu presentaci\u00f3n en el PC o directamente en la pantalla interactiva, usando tu software habitual o mediante aplicaciones espec\u00edficas. Integra documentos, im\u00e1genes o v\u00eddeos para que tu presentaci\u00f3n sea interactiva y destaque. Guarda tu trabajo en la nube, as\u00ed podr\u00e1s encontrarlo en la pantalla interactiva de tu sala de reuniones.  <\/p>\n<p>[\/et_pb_slide][et_pb_slide heading=\u00bbMant\u00e9n el contacto \u00bb _builder_version=\u00bb4.20.2&#8243; _module_preset=\u00bbdefault\u00bb background_enable_color=\u00bboff\u00bb text_orientation=\u00bbleft\u00bb background_layout=\u00bblight\u00bb global_colors_info=\u00bb{}\u00bb sticky_transition=\u00bbon\u00bb]<\/p>\n<p>Al final de la reuni\u00f3n, aseg\u00farate de que tu audiencia tiene todas las claves y la informaci\u00f3n que necesita para volver a ponerse en contacto contigo. Comparte tu material de presentaci\u00f3n de forma muy sencilla, lo que vincula tu marca a tus productos y servicios, para mantener el contacto y dirigir a tu cliente hacia tus soluciones. <\/p>\n<p>[\/et_pb_slide][\/et_pb_slider][\/et_pb_column][et_pb_column type=\u00bb1_2&#8243; _builder_version=\u00bb4.20.2&#8243; custom_padding=\u00bb|||\u00bb global_colors_info=\u00bb{}\u00bb custom_padding__hover=\u00bb|||\u00bb][et_pb_image src=\u00bbhttps:\/\/cdn.speechi.com\/wp-content\/uploads\/2023\/04\/interactive-panel-office.jpg\u00bb alt=\u00bbLos participantes pueden anotar y editar f\u00e1cilmente el contenido que se muestra en la pantalla interactiva.\u00bb title_text=\u00bbLos participantes pueden anotar y editar f\u00e1cilmente el contenido que se muestra en la pantalla interactiva.\u00bb align=\u00bbcenter\u00bb force_fullwidth=\u00bbon\u00bb align_tablet=\u00bbcenter\u00bb align_phone=\u00bbcenter\u00bb align_last_edited=\u00bbon|desktop\u00bb admin_label=\u00bbImage\u00bb _builder_version=\u00bb4.20.2&#8243; animation_style=\u00bbslide\u00bb animation_direction=\u00bbright\u00bb animation_duration=\u00bb500ms\u00bb animation_intensity_slide=\u00bb10%\u00bb use_border_color=\u00bboff\u00bb border_color=\u00bb#ffffff\u00bb border_width=\u00bb1px\u00bb border_style=\u00bbsolid\u00bb animation=\u00bbright\u00bb sticky=\u00bboff\u00bb always_center_on_mobile=\u00bbon\u00bb global_colors_info=\u00bb{}\u00bb] [\/et_pb_image][\/et_pb_column][\/et_pb_row][et_pb_row column_structure=\u00bb1_2,1_2&#8243; use_custom_gutter=\u00bbon\u00bb gutter_width=\u00bb1&#8243; make_equal=\u00bbon\u00bb admin_label=\u00bbrow\u00bb module_class=\u00bb et_pb_row_fullwidth\u00bb _builder_version=\u00bb4.20.2&#8243; background_size=\u00bbinitial\u00bb background_position=\u00bbtop_left\u00bb background_repeat=\u00bbrepeat\u00bb width=\u00bb100%\u00bb width_tablet=\u00bb100%\u00bb width_phone=\u00bb100%\u00bb width_last_edited=\u00bbon|desktop\u00bb max_width=\u00bb100%\u00bb max_width_tablet=\u00bb100%\u00bb max_width_phone=\u00bb100%\u00bb max_width_last_edited=\u00bbon|desktop\u00bb custom_padding=\u00bb0px|0px|0px|0px|false|false\u00bb make_fullwidth=\u00bbon\u00bb use_custom_width=\u00bboff\u00bb width_unit=\u00bboff\u00bb custom_width_px=\u00bb1080px\u00bb custom_width_percent=\u00bb80%\u00bb global_colors_info=\u00bb{}\u00bb][et_pb_column type=\u00bb1_2&#8243; _builder_version=\u00bb4.20.2&#8243; custom_padding=\u00bb0px     |                  | 0px |\u00bb global_colors_info=\u00bb{}\u00bb custom_padding__hover=\u00bb|||\u00bb][et_pb_image src=\u00bbhttps:\/\/cdn.speechi.com\/wp-content\/uploads\/2023\/04\/interactive-panel-work.jpg\u00bb alt=\u00bbPantalla interactiva para intercambios virtuales m\u00e1s interactivos\u00bb title_text=\u00bbPantalla interactiva para intercambios virtuales m\u00e1s interactivos\u00bb force_fullwidth=\u00bbon\u00bb align_tablet=\u00bbcenter\u00bb align_phone=\u00bbcenter\u00bb align_last_edited=\u00bbon|desktop\u00bb admin_label=\u00bbImage\u00bb _builder_version=\u00bb4.20.2&#8243; animation_style=\u00bbslide\u00bb animation_direction=\u00bbleft\u00bb animation_duration=\u00bb500ms\u00bb animation_intensity_slide=\u00bb10%\u00bb use_border_color=\u00bboff\u00bb border_color=\u00bb#ffffff\u00bb border_width=\u00bb1px\u00bb border_style=\u00bbsolid\u00bb sticky=\u00bboff\u00bb always_center_on_mobile=\u00bbon\u00bb global_colors_info=\u00bb{}\u00bb] [\/et_pb_image][\/et_pb_column][et_pb_column type=\u00bb1_2&#8243; module_class=\u00bbcentrer-verticalement\u00bb _builder_version=\u00bb4.20.2&#8243; custom_padding=\u00bb      |        |    |\u00bb custom_padding_tablet=\u00bb      |        |    |\u00bb custom_padding_phone=\u00bb      |        |    |\u00bb custom_padding_last_edited=\u00bbon|desktop\u00bb global_colors_info=\u00bb{}\u00bb padding_last_edited=\u00bbon|desktop\u00bb custom_padding__hover=\u00bb|||\u00bb][et_pb_slider _builder_version=\u00bb4.20.2&#8243; _module_preset=\u00bbdefault\u00bb header_font=\u00bbMontserrat|600|||||||\u00bb background_color=\u00bbRGBA(255,255,255,0)\u00bb global_colors_info=\u00bb{}\u00bb][et_pb_slide heading=\u00bbColabora eficazmente a distancia\u00bb _builder_version=\u00bb4.20.2&#8243; _module_preset=\u00bbdefault\u00bb header_font=\u00bbMontserrat||||||||\u00bb text_orientation=\u00bbleft\u00bb background_layout=\u00bblight\u00bb global_colors_info=\u00bb{}\u00bb sticky_transition=\u00bbon\u00bb]La distancia no limita las posibilidades de colaboraci\u00f3n, sino todo lo contrario. Las soluciones de videoconferencia con las herramientas adecuadas te permiten comunicarte y colaborar eficazmente con tus empleados o clientes en cualquier parte del mundo. Comparte tu pantalla con tus contactos a distancia e interact\u00faa con ellos como en una reuni\u00f3n tradicional, los participantes pueden intervenir en tiempo real.  [\/et_pb_slide][et_pb_slide heading=\u00bbGraba tu sesi\u00f3n de videoconferencia\u00bb _builder_version=\u00bb4.20.2&#8243; _module_preset=\u00bbdefault\u00bb header_font=\u00bbMontserrat||||||||\u00bb text_orientation=\u00bbleft\u00bb background_layout=\u00bblight\u00bb global_colors_info=\u00bb{}\u00bb sticky_transition=\u00bbon\u00bb]Graba tu reuni\u00f3n de videoconferencia para compartir el contenido en diferido con las personas que no hayan podido asistir. \u00bfEl contenido de tu reuni\u00f3n est\u00e1 destinado a la formaci\u00f3n o a la demostraci\u00f3n de tus productos y servicios? Raz\u00f3n de m\u00e1s para grabar la sesi\u00f3n y poder revisarla y reutilizarla m\u00e1s tarde. [\/et_pb_slide][et_pb_slide heading=\u00bbComparte y contin\u00faa la colaboraci\u00f3n\u00bb _builder_version=\u00bb4.20.2&#8243; _module_preset=\u00bbdefault\u00bb header_font=\u00bbMontserrat||||||||\u00bb text_orientation=\u00bbleft\u00bb background_layout=\u00bblight\u00bb global_colors_info=\u00bb{}\u00bb sticky_transition=\u00bbon\u00bb]Al final de tu reuni\u00f3n a distancia, aseg\u00farate de guardar los cambios que hayas hecho y de compartir el contenido presentado, para que todos los participantes puedan acceder a la informaci\u00f3n y volver a ti. En el caso del trabajo colaborativo, tus compa\u00f1eros podr\u00e1n continuar el trabajo que empezaron con toda la informaci\u00f3n a su disposici\u00f3n, siempre con vistas a la eficiencia. [\/et_pb_slide][\/et_pb_slider][\/et_pb_column][\/et_pb_row][\/et_pb_section][et_pb_section fb_built=\u00bb1&#8243; fullwidth=\u00bbon\u00bb _builder_version=\u00bb4.20.2&#8243; _module_preset=\u00bbdefault\u00bb collapsed=\u00bbon\u00bb global_colors_info=\u00bb{}\u00bb][et_pb_fullwidth_header title=\u00bb\u00bfQuieres ser partner de Speechi?\u00bb text_orientation=\u00bbcenter\u00bb button_one_text=\u00bb\u00a1Aqu\u00ed es!\u00bb button_one_url=\u00bb@ET-DC@eyJkeW5hbWljIjp0cnVlLCJjb250ZW50IjoicG9zdF9saW5rX3VybF9wYWdlIiwic2V0dGluZ3MiOnsicG9zdF9pZCI6IjQzOTUzOTMifX0=@\u00bb _builder_version=\u00bb4.20.2&#8243; _dynamic_attributes=\u00bbbutton_one_url\u00bb _module_preset=\u00bbdefault\u00bb title_text_align=\u00bbcenter\u00bb content_text_align=\u00bbcenter\u00bb subhead_text_align=\u00bbcenter\u00bb custom_button_one=\u00bbon\u00bb button_one_border_radius=\u00bb49px\u00bb button_one_custom_margin=\u00bb|auto|||false|false\u00bb button_one_custom_padding=\u00bb||||false|false\u00bb global_colors_info=\u00bb{}\u00bb][\/et_pb_fullwidth_header][\/et_pb_section]<\/p>\n","protected":false},"excerpt":{"rendered":"<p>Un espacio de trabajo gigante para trabajar juntosCrea, cautiva y colabora est\u00e9s donde est\u00e9s Piensa en la pantalla interactiva como una superficie infinita donde tus ideas y proyectos pueden cobrar vida. Tanto si est\u00e1s en una reuni\u00f3n como en un taller de brainstorming, anota, diagrama y conceptualiza todas tus ideas. Re\u00fanelas en un solo lugar [&hellip;]<\/p>\n","protected":false},"author":3,"featured_media":0,"parent":0,"menu_order":0,"comment_status":"closed","ping_status":"closed","template":"","meta":{"_acf_changed":false,"_seopress_robots_primary_cat":"","_seopress_titles_title":"Soluciones interactivas y colaborativas para empresas","_seopress_titles_desc":"Trabaja en equipo de forma eficaz y causa impacto con tus presentaciones gracias a soluciones interactivas y conectadas.","_seopress_robots_index":"","_et_pb_use_builder":"on","_et_pb_old_content":"","_et_gb_content_width":"","footnotes":""},"difl_page_category":[],"class_list":["post-44169517","page","type-page","status-publish","hentry"],"acf":[],"_links":{"self":[{"href":"https:\/\/speechi.com\/es\/wp-json\/wp\/v2\/pages\/44169517","targetHints":{"allow":["GET"]}}],"collection":[{"href":"https:\/\/speechi.com\/es\/wp-json\/wp\/v2\/pages"}],"about":[{"href":"https:\/\/speechi.com\/es\/wp-json\/wp\/v2\/types\/page"}],"author":[{"embeddable":true,"href":"https:\/\/speechi.com\/es\/wp-json\/wp\/v2\/users\/3"}],"replies":[{"embeddable":true,"href":"https:\/\/speechi.com\/es\/wp-json\/wp\/v2\/comments?post=44169517"}],"version-history":[{"count":5,"href":"https:\/\/speechi.com\/es\/wp-json\/wp\/v2\/pages\/44169517\/revisions"}],"predecessor-version":[{"id":44169522,"href":"https:\/\/speechi.com\/es\/wp-json\/wp\/v2\/pages\/44169517\/revisions\/44169522"}],"wp:attachment":[{"href":"https:\/\/speechi.com\/es\/wp-json\/wp\/v2\/media?parent=44169517"}],"wp:term":[{"taxonomy":"difl_page_category","embeddable":true,"href":"https:\/\/speechi.com\/es\/wp-json\/wp\/v2\/difl_page_category?post=44169517"}],"curies":[{"name":"wp","href":"https:\/\/api.w.org\/{rel}","templated":true}]}}