{"id":44169587,"date":"2024-02-21T15:36:50","date_gmt":"2024-02-21T14:36:50","guid":{"rendered":"https:\/\/speechi.com\/nuestros-estudios-de-casos-en-el-entorno-educativo\/"},"modified":"2025-10-14T11:41:02","modified_gmt":"2025-10-14T09:41:02","slug":"estudios-casos-entorno-educativo","status":"publish","type":"page","link":"https:\/\/speechi.com\/es\/estudios-casos-entorno-educativo\/","title":{"rendered":"Nuestros estudios de casos en el entorno educativo"},"content":{"rendered":"<p>[et_pb_section fb_built=\u00bb1&#8243; _builder_version=\u00bb4.21.0&#8243; _module_preset=\u00bbdefault\u00bb global_colors_info=\u00bb{}\u00bb][et_pb_row _builder_version=\u00bb4.21.0&#8243; _module_preset=\u00bbdefault\u00bb global_colors_info=\u00bb{}\u00bb][et_pb_column type=\u00bb4_4&#8243; _builder_version=\u00bb4.21.0&#8243; _module_preset=\u00bbdefault\u00bb global_colors_info=\u00bb{}\u00bb][et_pb_text _builder_version=\u00bb4.21.0&#8243; _module_preset=\u00bbdefault\u00bb global_colors_info=\u00bb{}\u00bb]<\/p>\n<h1>Nuestros estudios de casos en el entorno educativo<\/h1>\n<p>[\/et_pb_text][\/et_pb_column][\/et_pb_row][et_pb_row _builder_version=\u00bb4.21.0&#8243; _module_preset=\u00bbdefault\u00bb global_colors_info=\u00bb{}\u00bb][et_pb_column type=\u00bb4_4&#8243; _builder_version=\u00bb4.21.0&#8243; _module_preset=\u00bbdefault\u00bb global_colors_info=\u00bb{}\u00bb][et_pb_text _builder_version=\u00bb4.21.0&#8243; _module_preset=\u00bbdefault\u00bb global_colors_info=\u00bb{}\u00bb]<\/p>\n<p><strong>Descubre en nuestros estudios de casos por qu\u00e9 estas escuelas, universidades y centros de formaci\u00f3n decidieron equiparse con pantallas digitales interactivas Speechi, c\u00f3mo la integraci\u00f3n de estas nuevas herramientas digitales ha respondido a las expectativas de profesores y formadores, y qu\u00e9 beneficios obtienen de su uso en el aula.<\/strong><\/p>\n<p>[\/et_pb_text][\/et_pb_column][\/et_pb_row][et_pb_row _builder_version=\u00bb4.21.0&#8243; _module_preset=\u00bbdefault\u00bb global_colors_info=\u00bb{}\u00bb column_structure=\u00bb1_2,1_2&#8243;][et_pb_column type=\u00bb1_2&#8243; _builder_version=\u00bb4.21.0&#8243; _module_preset=\u00bbdefault\u00bb global_colors_info=\u00bb{}\u00bb][et_pb_image src=\u00bbhttps:\/\/speechi.com\/wp-content\/uploads\/2024\/09\/speechi-temoigage-ecran-interactif-ecole-marseille.png\u00bb title_text=\u00bbspeechi-testimonio-pantalla-interactiva-escuela-marsella\u00bb url=\u00bbhttps:\/\/speechi.com\/es\/estudio-caso-escuelas-primarias-marsella\/\u00bb _builder_version=\u00bb4.21.0&#8243; _module_preset=\u00bbdefault\u00bb global_colors_info=\u00bb{}\u00bb][\/et_pb_image][et_pb_text _builder_version=\u00bb4.21.0&#8243; _module_preset=\u00bbdefault\u00bb global_colors_info=\u00bb{}\u00bb]<\/p>\n<h3 style=\"text-align: center;\"><a href=\"https:\/\/speechi.com\/es\/estudio-caso-escuelas-primarias-marsella\/\">Escuelas primarias en Marsellade<\/a><\/h3>\n<h5 style=\"text-align: center;\"><a href=\"https:\/\/speechi.com\/es\/estudio-caso-escuelas-primarias-marsella\/\">Territorios Digitales Educativos <\/a><\/h5>\n<p>[\/et_pb_text][\/et_pb_column][et_pb_column type=\u00bb1_2&#8243; _builder_version=\u00bb4.21.0&#8243; _module_preset=\u00bbdefault\u00bb global_colors_info=\u00bb{}\u00bb][et_pb_image src=\u00bbhttps:\/\/speechi.com\/wp-content\/uploads\/2025\/10\/etude-cas-distribution-btp-cfa-roubaix.png\u00bb _builder_version=\u00bb4.27.4&#8243; _module_preset=\u00bbdefault\u00bb title_text=\u00bbEstudio de caso: El Centro de FP de Roubaix\u00bb alt=\u00bbEstudio de caso: El Centro de FP de Roubaix\u00bb url=\u00bbhttps:\/\/speechi.com\/es\/estudio-de-caso-el-centro-de-fp-de-roubaix\/\u00bb hover_enabled=\u00bb0&#8243; sticky_enabled=\u00bb0&#8243;][\/et_pb_image][et_pb_text _builder_version=\u00bb4.27.4&#8243; _module_preset=\u00bbdefault\u00bb hover_enabled=\u00bb0&#8243; global_colors_info=\u00bb{}\u00bb sticky_enabled=\u00bb0&#8243;]<\/p>\n<h3 style=\"text-align: center;\"><a href=\"https:\/\/speechi.com\/es\/estudio-de-caso-el-centro-de-fp-de-roubaix\/\">El Centro de FP de Roubaix<\/a><\/h3>\n<h5 style=\"text-align: center;\"><a href=\"https:\/\/speechi.com\/es\/estudio-de-caso-el-centro-de-fp-de-roubaix\/\">Una ense\u00f1anza m\u00e1s inclusiva<\/a><\/h5>\n<p>[\/et_pb_text][\/et_pb_column][\/et_pb_row][et_pb_row column_structure=\u00bb1_2,1_2&#8243; _builder_version=\u00bb4.21.0&#8243; _module_preset=\u00bbdefault\u00bb global_colors_info=\u00bb{}\u00bb][et_pb_column type=\u00bb1_2&#8243; _builder_version=\u00bb4.21.0&#8243; _module_preset=\u00bbdefault\u00bb global_colors_info=\u00bb{}\u00bb][et_pb_image src=\u00bbhttps:\/\/speechi.com\/wp-content\/uploads\/2024\/08\/speechi-temoigage-ecran-interactif-universite-lille-licence-banque-assurance.png\u00bb alt=\u00bbEstudios de casos : Centro de formaci\u00f3n RC Lens\u00bb title_text=\u00bbtestimonio de la Universidad de Lille\u00bb url=\u00bbhttps:\/\/speechi.com\/es\/estudio-de-caso-universidad-de-lille\/\u00bb _builder_version=\u00bb4.21.0&#8243; _module_preset=\u00bbdefault\u00bb global_colors_info=\u00bb{}\u00bb custom_css_main_element__hover_enabled=\u00bbon|hover\u00bb custom_css_main_element__hover=\u00bbtransition: transform 0.3s ease; ||transform: scale(1.05);\u00bb][\/et_pb_image][et_pb_text _builder_version=\u00bb4.21.0&#8243; _module_preset=\u00bbdefault\u00bb global_colors_info=\u00bb{}\u00bb]<\/p>\n<h3 style=\"text-align: center;\"><a href=\"https:\/\/speechi.com\/es\/estudio-de-caso-universidad-de-lille\/\">Universidad de Lille<\/a><\/h3>\n<h5 style=\"text-align: center;\"><a href=\"https:\/\/speechi.com\/es\/estudio-de-caso-universidad-de-lille\/\">La sala de innovaci\u00f3n educativa<\/a><\/h5>\n<p>[\/et_pb_text][\/et_pb_column][et_pb_column type=\u00bb1_2&#8243; _builder_version=\u00bb4.21.0&#8243; _module_preset=\u00bbdefault\u00bb global_colors_info=\u00bb{}\u00bb][et_pb_image src=\u00bbhttps:\/\/speechi.com\/wp-content\/uploads\/2024\/03\/speechi-temoigage-ecran-interactif-formation-ecran-interactif-epicc-couture-1.png\u00bb alt=\u00bbstudios de casos : Escuela de costura EPICC\u00bb title_text=\u00bbstudios de casos : Escuela de costura EPICC\u00bb url=\u00bbhttps:\/\/speechi.com\/es\/estudio-de-caso-escuela-costura-epicc\/\u00bb _builder_version=\u00bb4.21.0&#8243; _module_preset=\u00bbdefault\u00bb custom_css_main_element=\u00bbtransition: transform 0.3s ease;||\u00bb global_colors_info=\u00bb{}\u00bb custom_css_main_element__hover_enabled=\u00bbon|desktop\u00bb custom_css_main_element__hover=\u00bbtransition: transform 0.3s ease; ||transform: scale(1.05);\u00bb][\/et_pb_image][et_pb_text _builder_version=\u00bb4.21.0&#8243; _module_preset=\u00bbdefault\u00bb global_colors_info=\u00bb{}\u00bb]<\/p>\n<h3 style=\"text-align: center;\"><a href=\"https:\/\/speechi.com\/es\/estudio-de-caso-escuela-costura-epicc\/\">Escuela de costura EPICC<\/a><\/h3>\n<h5 style=\"text-align: center;\"><a href=\"https:\/\/speechi.com\/es\/estudio-de-caso-escuela-costura-epicc\/\">El aprendizaje te\u00f3rico<\/a><\/h5>\n<p>[\/et_pb_text][\/et_pb_column][\/et_pb_row][et_pb_row column_structure=\u00bb1_2,1_2&#8243; _builder_version=\u00bb4.21.0&#8243; _module_preset=\u00bbdefault\u00bb global_colors_info=\u00bb{}\u00bb][et_pb_column type=\u00bb1_2&#8243; _builder_version=\u00bb4.21.0&#8243; _module_preset=\u00bbdefault\u00bb global_colors_info=\u00bb{}\u00bb][et_pb_image src=\u00bbhttps:\/\/speechi.com\/wp-content\/uploads\/2024\/03\/speechi-temoigage-ecran-interactif-ecole-architecture-ensap-1.png\u00bb alt=\u00bbEstudios de casos : Escuela de arquitectura ENSAP\u00bb title_text=\u00bbEstudios de casos : Escuela de arquitectura ENSAP\u00bb url=\u00bbhttps:\/\/speechi.com\/es\/estudio-de-caso-escuela-arquitectura-ensap\/\u00bb _builder_version=\u00bb4.21.0&#8243; _module_preset=\u00bbdefault\u00bb custom_css_main_element=\u00bbtransition: transform 0.3s ease;||\u00bb global_colors_info=\u00bb{}\u00bb custom_css_main_element__hover_enabled=\u00bbon|desktop\u00bb custom_css_main_element__hover=\u00bbtransition: transform 0.3s ease; ||transform: scale(1.05);||\u00bb][\/et_pb_image][et_pb_text _builder_version=\u00bb4.21.0&#8243; _module_preset=\u00bbdefault\u00bb global_colors_info=\u00bb{}\u00bb]<\/p>\n<h3 style=\"text-align: center;\"><a href=\"https:\/\/speechi.com\/es\/estudio-de-caso-escuela-arquitectura-ensap\/\">Escuela de arquitectura ENSAP<\/a><\/h3>\n<h5 style=\"text-align: center;\"><a href=\"https:\/\/speechi.com\/es\/estudio-de-caso-escuela-arquitectura-ensap\/\">La ense\u00f1anza h\u00edbrida<\/a><\/h5>\n<p>[\/et_pb_text][\/et_pb_column][et_pb_column type=\u00bb1_2&#8243; _builder_version=\u00bb4.21.0&#8243; _module_preset=\u00bbdefault\u00bb global_colors_info=\u00bb{}\u00bb][et_pb_image src=\u00bbhttps:\/\/speechi.com\/wp-content\/uploads\/2024\/03\/speechi-temoigage-ecran-interactif-centre-de-formation-foot-lens-1.png\u00bb alt=\u00bbEstudios de casos : Centro de formaci\u00f3n RC Lens\u00bb title_text=\u00bbEstudios de casos : Centro de formaci\u00f3n RC Lens\u00bb url=\u00bbhttps:\/\/speechi.com\/es\/estudio-de-caso-centro-formacion-rc-lens\/\u00bb _builder_version=\u00bb4.21.0&#8243; _module_preset=\u00bbdefault\u00bb global_colors_info=\u00bb{}\u00bb custom_css_main_element__hover_enabled=\u00bbon|hover\u00bb custom_css_main_element__hover=\u00bbtransition: transform 0.3s ease; ||transform: scale(1.05);\u00bb][\/et_pb_image][et_pb_text _builder_version=\u00bb4.21.0&#8243; _module_preset=\u00bbdefault\u00bb global_colors_info=\u00bb{}\u00bb]<\/p>\n<h3 style=\"text-align: center;\"><a href=\"https:\/\/speechi.com\/es\/estudio-de-caso-centro-formacion-rc-lens\/\">Centro de formaci\u00f3n RC Lens<\/a><\/h3>\n<h5 style=\"text-align: center;\"><a href=\"https:\/\/speechi.com\/es\/estudio-de-caso-centro-formacion-rc-lens\/\">El an\u00e1lisis de los partidos<\/a><\/h5>\n<p>[\/et_pb_text][\/et_pb_column][\/et_pb_row][\/et_pb_section][et_pb_section fb_built=\u00bb1&#8243; fullwidth=\u00bbon\u00bb _builder_version=\u00bb4.20.2&#8243; _module_preset=\u00bbdefault\u00bb collapsed=\u00bbon\u00bb global_colors_info=\u00bb{}\u00bb][et_pb_fullwidth_header title=\u00bb\u00bfQuieres equipar tu escuela?\u00bb text_orientation=\u00bbcenter\u00bb button_one_text=\u00bbCont\u00e1ctanos\u00bb button_one_url=\u00bbhttps:\/\/speechi.com\/es\/contact\/\u00bb _builder_version=\u00bb4.21.0&#8243; _module_preset=\u00bbdefault\u00bb title_text_align=\u00bbcenter\u00bb content_text_align=\u00bbcenter\u00bb subhead_text_align=\u00bbcenter\u00bb custom_button_one=\u00bbon\u00bb button_one_border_radius=\u00bb49px\u00bb button_one_custom_margin=\u00bb|auto|||false|false\u00bb button_one_custom_padding=\u00bb||||false|false\u00bb global_colors_info=\u00bb{}\u00bb][\/et_pb_fullwidth_header][\/et_pb_section][et_pb_section fb_built=\u00bb1&#8243; _builder_version=\u00bb4.19.5&#8243; background_color=\u00bb#eaeaea\u00bb custom_padding=\u00bb20px||30px||false|false\u00bb global_colors_info=\u00bb{}\u00bb][et_pb_row column_structure=\u00bb1_5,1_5,1_5,1_5,1_5&#8243; make_equal=\u00bbon\u00bb _builder_version=\u00bb4.16&#8243; custom_padding=\u00bb0px||0px\u00bb custom_width_percent=\u00bb100%\u00bb global_colors_info=\u00bb{}\u00bb][et_pb_column type=\u00bb1_5&#8243; _builder_version=\u00bb4.16&#8243; custom_padding=\u00bb|||\u00bb global_colors_info=\u00bb{}\u00bb custom_padding__hover=\u00bb|||\u00bb][et_pb_blurb title=\u00bbLille\u00bb image=\u00bbhttps:\/\/speechi.com\/wp-content\/uploads\/2023\/03\/placeholder.png\u00bb icon_placement=\u00bbleft\u00bb _builder_version=\u00bb4.21.0&#8243; header_font=\u00bb||||||||\u00bb header_font_size=\u00bb15px\u00bb body_font=\u00bb||||||||\u00bb body_font_size=\u00bb12px\u00bb body_line_height=\u00bb1em\u00bb custom_margin=\u00bb15px||\u00bb custom_css_blurb_content=\u00bbmax-width:100%;\u00bb global_colors_info=\u00bb{}\u00bb]<\/p>\n<p><span>12 rue de Weppes<\/span><\/p>\n<p>[\/et_pb_blurb][\/et_pb_column][et_pb_column type=\u00bb1_5&#8243; _builder_version=\u00bb4.16&#8243; custom_padding=\u00bb|||\u00bb global_colors_info=\u00bb{}\u00bb custom_padding__hover=\u00bb|||\u00bb][et_pb_blurb title=\u00bbPar\u00eds\u00bb image=\u00bbhttps:\/\/speechi.com\/wp-content\/uploads\/2023\/03\/placeholder.png\u00bb icon_placement=\u00bbleft\u00bb _builder_version=\u00bb4.21.0&#8243; header_font=\u00bb||||||||\u00bb header_font_size=\u00bb15px\u00bb body_font=\u00bb||||||||\u00bb body_font_size=\u00bb12px\u00bb body_line_height=\u00bb1em\u00bb custom_margin=\u00bb15px||\u00bb custom_css_blurb_content=\u00bbmax-width:100%;\u00bb global_colors_info=\u00bb{}\u00bb]<\/p>\n<p><span>13 Rue Petits H\u00f4tels<\/span><\/p>\n<p>[\/et_pb_blurb][\/et_pb_column][et_pb_column type=\u00bb1_5&#8243; _builder_version=\u00bb4.16&#8243; custom_padding=\u00bb|||\u00bb global_colors_info=\u00bb{}\u00bb custom_padding__hover=\u00bb|||\u00bb][et_pb_blurb title=\u00bbColonia\u00bb image=\u00bbhttps:\/\/speechi.com\/wp-content\/uploads\/2023\/03\/placeholder.png\u00bb icon_placement=\u00bbleft\u00bb _builder_version=\u00bb4.21.0&#8243; header_font=\u00bb||||||||\u00bb header_font_size=\u00bb15px\u00bb body_font=\u00bb||||||||\u00bb body_font_size=\u00bb12px\u00bb body_line_height=\u00bb1em\u00bb custom_margin=\u00bb15px||\u00bb custom_css_blurb_content=\u00bbmax-width:100%;\u00bb global_colors_info=\u00bb{}\u00bb]<\/p>\n<p><span>Worringer Str. 30<\/span><\/p>\n<p>[\/et_pb_blurb][\/et_pb_column][et_pb_column type=\u00bb1_5&#8243; _builder_version=\u00bb4.16&#8243; custom_padding=\u00bb|||\u00bb global_colors_info=\u00bb{}\u00bb custom_padding__hover=\u00bb|||\u00bb][et_pb_blurb title=\u00bbLl\u00e1manos al\u00bb image=\u00bbhttps:\/\/speechi.com\/wp-content\/uploads\/2023\/03\/call.png\u00bb icon_placement=\u00bbleft\u00bb _builder_version=\u00bb4.21.0&#8243; header_font=\u00bb||||||||\u00bb header_font_size=\u00bb16px\u00bb body_font=\u00bb||||||||\u00bb body_font_size=\u00bb12px\u00bb body_line_height=\u00bb1em\u00bb custom_margin=\u00bb15px||\u00bb custom_css_blurb_content=\u00bbmax-width:100%;\u00bb global_colors_info=\u00bb{}\u00bb]<\/p>\n<p><span>03 79 59 01 97<\/span><\/p>\n<p>[\/et_pb_blurb][\/et_pb_column][et_pb_column type=\u00bb1_5&#8243; _builder_version=\u00bb4.16&#8243; custom_padding=\u00bb|||\u00bb global_colors_info=\u00bb{}\u00bb custom_padding__hover=\u00bb|||\u00bb][et_pb_blurb title=\u00bbEscr\u00edbenos a\u00bb image=\u00bbhttps:\/\/speechi.com\/wp-content\/uploads\/2023\/03\/email.png\u00bb icon_placement=\u00bbleft\u00bb _builder_version=\u00bb4.21.0&#8243; header_font=\u00bb||||||||\u00bb header_font_size=\u00bb16px\u00bb body_font=\u00bb||||||||\u00bb body_font_size=\u00bb12px\u00bb body_line_height=\u00bb1em\u00bb custom_margin=\u00bb15px||\u00bb custom_css_blurb_content=\u00bbmax-width:100%;\u00bb global_colors_info=\u00bb{}\u00bb]<\/p>\n<p>info@speechi.com<\/p>\n<p>[\/et_pb_blurb][\/et_pb_column][\/et_pb_row][\/et_pb_section]<\/p>\n","protected":false},"excerpt":{"rendered":"<p>Nuestros estudios de casos en el entorno educativoDescubre en nuestros estudios de casos por qu\u00e9 estas escuelas, universidades y centros de formaci\u00f3n decidieron equiparse con pantallas digitales interactivas Speechi, c\u00f3mo la integraci\u00f3n de estas nuevas herramientas digitales ha respondido a las expectativas de profesores y formadores, y qu\u00e9 beneficios obtienen de su uso en el [&hellip;]<\/p>\n","protected":false},"author":5,"featured_media":0,"parent":0,"menu_order":0,"comment_status":"closed","ping_status":"closed","template":"","meta":{"_acf_changed":false,"_seopress_robots_primary_cat":"","_seopress_titles_title":"Nuestros estudios de casos en el mundo de la educaci\u00f3n - Speechi","_seopress_titles_desc":"Descubre por qu\u00e9 estas escuelas y centros de formaci\u00f3n se han equipado con pantallas digitales interactivas Speechi y qu\u00e9 ventajas aportan a la clase.","_seopress_robots_index":"","_et_pb_use_builder":"on","_et_pb_old_content":"","_et_gb_content_width":"","footnotes":""},"difl_page_category":[],"class_list":["post-44169587","page","type-page","status-publish","hentry"],"acf":[],"_links":{"self":[{"href":"https:\/\/speechi.com\/es\/wp-json\/wp\/v2\/pages\/44169587","targetHints":{"allow":["GET"]}}],"collection":[{"href":"https:\/\/speechi.com\/es\/wp-json\/wp\/v2\/pages"}],"about":[{"href":"https:\/\/speechi.com\/es\/wp-json\/wp\/v2\/types\/page"}],"author":[{"embeddable":true,"href":"https:\/\/speechi.com\/es\/wp-json\/wp\/v2\/users\/5"}],"replies":[{"embeddable":true,"href":"https:\/\/speechi.com\/es\/wp-json\/wp\/v2\/comments?post=44169587"}],"version-history":[{"count":17,"href":"https:\/\/speechi.com\/es\/wp-json\/wp\/v2\/pages\/44169587\/revisions"}],"predecessor-version":[{"id":44209285,"href":"https:\/\/speechi.com\/es\/wp-json\/wp\/v2\/pages\/44169587\/revisions\/44209285"}],"wp:attachment":[{"href":"https:\/\/speechi.com\/es\/wp-json\/wp\/v2\/media?parent=44169587"}],"wp:term":[{"taxonomy":"difl_page_category","embeddable":true,"href":"https:\/\/speechi.com\/es\/wp-json\/wp\/v2\/difl_page_category?post=44169587"}],"curies":[{"name":"wp","href":"https:\/\/api.w.org\/{rel}","templated":true}]}}