{"id":44169607,"date":"2024-01-10T10:58:44","date_gmt":"2024-01-10T09:58:44","guid":{"rendered":"https:\/\/speechi.com\/estudio-de-caso-el-centro-de-formacion-del-rc-lens\/"},"modified":"2024-10-10T13:58:27","modified_gmt":"2024-10-10T11:58:27","slug":"estudio-de-caso-centro-formacion-rc-lens","status":"publish","type":"page","link":"https:\/\/speechi.com\/es\/estudio-de-caso-centro-formacion-rc-lens\/","title":{"rendered":"Estudio de caso: El centro de formaci\u00f3n del RC Lens"},"content":{"rendered":"<p>[et_pb_section fb_built=\u00bb1&#8243; _builder_version=\u00bb4.21.0&#8243; _module_preset=\u00bbdefault\u00bb background_enable_image=\u00bboff\u00bb background_video_mp4=\u00bbhttps:\/\/speechi.com\/wp-content\/uploads\/2024\/03\/banniere-speechi-rclens.mp4&#8243; height=\u00bb500px\u00bb locked=\u00bboff\u00bb collapsed=\u00bbon\u00bb global_colors_info=\u00bb{}\u00bb][\/et_pb_section][et_pb_section fb_built=\u00bb1&#8243; _builder_version=\u00bb4.21.0&#8243; _module_preset=\u00bbdefault\u00bb custom_padding=\u00bb28px|||||\u00bb collapsed=\u00bboff\u00bb global_colors_info=\u00bb{}\u00bb][et_pb_row _builder_version=\u00bb4.21.0&#8243; _module_preset=\u00bbdefault\u00bb global_colors_info=\u00bb{}\u00bb][et_pb_column type=\u00bb4_4&#8243; _builder_version=\u00bb4.21.0&#8243; _module_preset=\u00bbdefault\u00bb global_colors_info=\u00bb{}\u00bb][et_pb_text _builder_version=\u00bb4.21.0&#8243; _module_preset=\u00bbdefault\u00bb global_colors_info=\u00bb{}\u00bb]<\/p>\n<h1 style=\"text-align: center;\">Estudio de caso: El centro de formaci\u00f3n del RC Lens<\/h1>\n<p>[\/et_pb_text][\/et_pb_column][\/et_pb_row][et_pb_row column_structure=\u00bb1_3,1_3,1_3&#8243; _builder_version=\u00bb4.21.0&#8243; _module_preset=\u00bbdefault\u00bb width=\u00bb40%\u00bb global_colors_info=\u00bb{}\u00bb][et_pb_column type=\u00bb1_3&#8243; _builder_version=\u00bb4.21.0&#8243; _module_preset=\u00bbdefault\u00bb global_colors_info=\u00bb{}\u00bb][et_pb_image src=\u00bbhttps:\/\/speechi.com\/wp-content\/uploads\/2024\/02\/rc-lens-ecran-interactif.svg\u00bb title_text=\u00bbEstudio de caso: El centro de formaci\u00f3n del RC Lens\u00bb _builder_version=\u00bb4.21.0&#8243; _module_preset=\u00bbdefault\u00bb global_colors_info=\u00bb{}\u00bb][\/et_pb_image][et_pb_text _builder_version=\u00bb4.21.0&#8243; _module_preset=\u00bbdefault\u00bb global_colors_info=\u00bb{}\u00bb]<\/p>\n<p style=\"text-align: center;\">CENTRO DE ENTRENAMIENTO DEPORTIVO<\/p>\n<p>[\/et_pb_text][\/et_pb_column][et_pb_column type=\u00bb1_3&#8243; _builder_version=\u00bb4.21.0&#8243; _module_preset=\u00bbdefault\u00bb global_colors_info=\u00bb{}\u00bb][et_pb_image src=\u00bbhttps:\/\/speechi.com\/wp-content\/uploads\/2024\/02\/logo-rc-lens-speechi-ecran-tactil.svg\u00bb title_text=\u00bbCENTRO DE ENTRENAMIENTO DEL RC LENS\u00bb _builder_version=\u00bb4.21.0&#8243; _module_preset=\u00bbdefault\u00bb global_colors_info=\u00bb{}\u00bb][\/et_pb_image][et_pb_text _builder_version=\u00bb4.21.0&#8243; _module_preset=\u00bbdefault\u00bb global_colors_info=\u00bb{}\u00bb]<\/p>\n<p style=\"text-align: center;\">CENTRO DE ENTRENAMIENTO DEL RC LENS<\/p>\n<p>[\/et_pb_text][\/et_pb_column][et_pb_column type=\u00bb1_3&#8243; _builder_version=\u00bb4.21.0&#8243; _module_preset=\u00bbdefault\u00bb global_colors_info=\u00bb{}\u00bb][et_pb_image src=\u00bbhttps:\/\/speechi.com\/wp-content\/uploads\/2024\/02\/03-ou-1.svg.svg\u00bb title_text=\u00bbLugar\u00bb _builder_version=\u00bb4.21.0&#8243; _module_preset=\u00bbdefault\u00bb global_colors_info=\u00bb{}\u00bb][\/et_pb_image][et_pb_text _builder_version=\u00bb4.21.0&#8243; _module_preset=\u00bbdefault\u00bb global_colors_info=\u00bb{}\u00bb]<\/p>\n<p style=\"text-align: center;\">LENS<\/p>\n<p>[\/et_pb_text][\/et_pb_column][\/et_pb_row][et_pb_row _builder_version=\u00bb4.21.0&#8243; _module_preset=\u00bbdefault\u00bb global_colors_info=\u00bb{}\u00bb][et_pb_column type=\u00bb4_4&#8243; _builder_version=\u00bb4.21.0&#8243; _module_preset=\u00bbdefault\u00bb global_colors_info=\u00bb{}\u00bb][et_pb_text _builder_version=\u00bb4.21.0&#8243; _module_preset=\u00bbdefault\u00bb global_colors_info=\u00bb{}\u00bb]<\/p>\n<h2>Contexto<\/h2>\n<p>El centro de formaci\u00f3n del Racing Club de Lens acoge en sus infraestructuras a m\u00e1s de un centenar de j\u00f3venes y acompa\u00f1a a cada uno de ellos en su proyecto de desarrollo. Para <strong>desarrollar el potencial de cada joven<\/strong> y conseguir que mejore su juego partido a partido, <strong>el visionado y an\u00e1lisis de cada partido<\/strong> es fundamental. Por ello, el centro de entrenamiento buscaba un soporte digital f\u00e1cil de usar en el que poder ver partidos y escribir.  <\/p>\n<p>[\/et_pb_text][\/et_pb_column][\/et_pb_row][et_pb_row column_structure=\u00bb1_2,1_2&#8243; _builder_version=\u00bb4.21.0&#8243; _module_preset=\u00bbdefault\u00bb global_colors_info=\u00bb{}\u00bb][et_pb_column type=\u00bb1_2&#8243; _builder_version=\u00bb4.21.0&#8243; _module_preset=\u00bbdefault\u00bb global_colors_info=\u00bb{}\u00bb][et_pb_image src=\u00bbhttps:\/\/speechi.com\/wp-content\/uploads\/2024\/03\/speechi-temoigage-ecran-interactif-centre-de-formation-foot-lens-2.jpg\u00bb title_text=\u00bbEntrena a j\u00f3venes futbolistas con una pantalla interactiva Speechi\u00bb _builder_version=\u00bb4.21.0&#8243; _module_preset=\u00bbdefault\u00bb hover_enabled=\u00bb0&#8243; global_colors_info=\u00bb{}\u00bb alt=\u00bbEntrena a j\u00f3venes futbolistas con una pantalla interactiva Speechi\u00bb sticky_enabled=\u00bb0&#8243;][\/et_pb_image][et_pb_text _builder_version=\u00bb4.21.0&#8243; _module_preset=\u00bbdefault\u00bb global_colors_info=\u00bb{}\u00bb]<\/p>\n<h3>Problemas<\/h3>\n<ul>\n<li>Equiparse con una herramienta para el an\u00e1lisis de v\u00eddeo de los partidos en grupo<\/li>\n<\/ul>\n<p>[\/et_pb_text][\/et_pb_column][et_pb_column type=\u00bb1_2&#8243; _builder_version=\u00bb4.21.0&#8243; _module_preset=\u00bbdefault\u00bb global_colors_info=\u00bb{}\u00bb][et_pb_image src=\u00bbhttps:\/\/speechi.com\/wp-content\/uploads\/2024\/03\/speechi-temoigage-ecran-interactif-centre-de-formation-foot-lens-3.jpg\u00bb title_text=\u00bbEstudios de casos : Centro de formaci\u00f3n RC Lens\u00bb _builder_version=\u00bb4.21.0&#8243; _module_preset=\u00bbdefault\u00bb hover_enabled=\u00bb0&#8243; global_colors_info=\u00bb{}\u00bb alt=\u00bbEstudios de casos : Centro de formaci\u00f3n RC Lens\u00bb sticky_enabled=\u00bb0&#8243;][\/et_pb_image][et_pb_text _builder_version=\u00bb4.21.0&#8243; _module_preset=\u00bbdefault\u00bb global_colors_info=\u00bb{}\u00bb]<\/p>\n<h3>Soluciones proporcionadas<\/h3>\n<ul>\n<li>Una pantalla interactiva SuperGlass de 75\u2033.<\/li>\n<\/ul>\n<p>[\/et_pb_text][\/et_pb_column][\/et_pb_row][et_pb_row column_structure=\u00bb1_2,1_2&#8243; _builder_version=\u00bb4.21.0&#8243; _module_preset=\u00bbdefault\u00bb global_colors_info=\u00bb{}\u00bb][et_pb_column type=\u00bb1_2&#8243; _builder_version=\u00bb4.21.0&#8243; _module_preset=\u00bbdefault\u00bb global_colors_info=\u00bb{}\u00bb][et_pb_image src=\u00bbhttps:\/\/speechi.com\/wp-content\/uploads\/2024\/03\/speechi-temoigage-ecran-interactif-centre-de-formation-foot-lens-4.jpg\u00bb title_text=\u00bbInicie videoconferencias con la federaci\u00f3n francesa de f\u00fatbol en una pantalla interactiva Speechi\u00bb _builder_version=\u00bb4.21.0&#8243; _module_preset=\u00bbdefault\u00bb hover_enabled=\u00bb0&#8243; global_colors_info=\u00bb{}\u00bb alt=\u00bbInicie videoconferencias con la federaci\u00f3n francesa de f\u00fatbol en una pantalla interactiva Speechi\u00bb sticky_enabled=\u00bb0&#8243;][\/et_pb_image][et_pb_text _builder_version=\u00bb4.21.0&#8243; _module_preset=\u00bbdefault\u00bb global_colors_info=\u00bb{}\u00bb]<\/p>\n<h3>Usos de la pantalla<\/h3>\n<ul>\n<li>An\u00e1lisis de v\u00eddeos de partidos y entrenamientos.<\/li>\n<li>Implementaci\u00f3n de estrategias de juego, en la aplicaci\u00f3n Note, utilizando un fondo de pantalla que representa un campo de f\u00fatbol.<\/li>\n<li>Contrataciones o reuniones con la Federaci\u00f3n Francesa de F\u00fatbol por videoconferencia.<\/li>\n<\/ul>\n<p>[\/et_pb_text][\/et_pb_column][et_pb_column type=\u00bb1_2&#8243; _builder_version=\u00bb4.21.0&#8243; _module_preset=\u00bbdefault\u00bb global_colors_info=\u00bb{}\u00bb][et_pb_image src=\u00bbhttps:\/\/speechi.com\/wp-content\/uploads\/2024\/03\/speechi-temoigage-ecran-interactif-centre-de-formation-foot-lens-1.jpg\u00bb title_text=\u00bbLa pantalla interactiva Speechi, la herramienta ideal para anotar v\u00eddeos de partidos\u00bb _builder_version=\u00bb4.21.0&#8243; _module_preset=\u00bbdefault\u00bb hover_enabled=\u00bb0&#8243; global_colors_info=\u00bb{}\u00bb alt=\u00bbLa pantalla interactiva Speechi, la herramienta ideal para anotar v\u00eddeos de partidos\u00bb sticky_enabled=\u00bb0&#8243;][\/et_pb_image][et_pb_text _builder_version=\u00bb4.21.0&#8243; _module_preset=\u00bbdefault\u00bb global_colors_info=\u00bb{}\u00bb]<\/p>\n<h3>Ventajas<\/h3>\n<ul>\n<li>La calidad de la imagen en resoluci\u00f3n 4K y las grandes dimensiones de la pantalla que permiten realizar sesiones de formaci\u00f3n en grupo.<\/li>\n<li>La capacidad de pausar el video y anotarlo usando las herramientas de anotaci\u00f3n disponibles permanentemente en la barra de herramientas lateral.<\/li>\n<li>La posibilidad de grabar y compartir con los alumnos las estrategias de juego ideadas en Note mediante c\u00f3digos QR.<\/li>\n<\/ul>\n<p>[\/et_pb_text][\/et_pb_column][\/et_pb_row][et_pb_row column_structure=\u00bb1_2,1_2&#8243; _builder_version=\u00bb4.21.0&#8243; _module_preset=\u00bbdefault\u00bb global_colors_info=\u00bb{}\u00bb][et_pb_column type=\u00bb1_2&#8243; _builder_version=\u00bb4.21.0&#8243; _module_preset=\u00bbdefault\u00bb global_colors_info=\u00bb{}\u00bb][et_pb_video src=\u00bbhttps:\/\/youtu.be\/gwGw1sABU2o\u00bb _builder_version=\u00bb4.21.0&#8243; _module_preset=\u00bbdefault\u00bb global_colors_info=\u00bb{}\u00bb][\/et_pb_video][\/et_pb_column][et_pb_column type=\u00bb1_2&#8243; _builder_version=\u00bb4.21.0&#8243; _module_preset=\u00bbdefault\u00bb global_colors_info=\u00bb{}\u00bb][et_pb_text _builder_version=\u00bb4.21.0&#8243; _module_preset=\u00bbdefault\u00bb global_colors_info=\u00bb{}\u00bb]<\/p>\n<h2>Descubre el testimonio de Eric Assadourian, director del centro<\/h2>\n<blockquote>\n<p>\u00abEl soporte v\u00eddeo es esencial hoy en d\u00eda para desmenuzar cada partido o entrenamiento, para apuntar y destacar las cualidades, pero tambi\u00e9n los defectos, de los jugadores.\u00bb<\/p>\n<p>&nbsp;<\/p>\n<p>&nbsp;<\/p>\n<p>\u00abUtilizo Speechi desde hace algunos a\u00f1os y s\u00e9 que puedo ir a\u00fan m\u00e1s lejos (&#8230;) particularmente con salas de an\u00e1lisis de video donde podr\u00edamos, antes de los partidos, ofrecer un montaje de v\u00eddeo y un an\u00e1lisis en este soporte, lo cual es extraordinario.\u00bb<\/p>\n<\/blockquote>\n<p>[\/et_pb_text][\/et_pb_column][\/et_pb_row][\/et_pb_section][et_pb_section fb_built=\u00bb1&#8243; fullwidth=\u00bbon\u00bb _builder_version=\u00bb4.20.2&#8243; _module_preset=\u00bbdefault\u00bb collapsed=\u00bbon\u00bb global_colors_info=\u00bb{}\u00bb][et_pb_fullwidth_header title=\u00bb\u00bfQuieres equipar tu escuela?\u00bb text_orientation=\u00bbcenter\u00bb button_one_text=\u00bbCont\u00e1ctanos\u00bb button_one_url=\u00bbhttps:\/\/speechi.com\/es\/contact\/\u00bb _builder_version=\u00bb4.21.0&#8243; _module_preset=\u00bbdefault\u00bb title_text_align=\u00bbcenter\u00bb content_text_align=\u00bbcenter\u00bb subhead_text_align=\u00bbcenter\u00bb custom_button_one=\u00bbon\u00bb button_one_border_radius=\u00bb49px\u00bb button_one_custom_margin=\u00bb|auto|||false|false\u00bb button_one_custom_padding=\u00bb||||false|false\u00bb global_colors_info=\u00bb{}\u00bb][\/et_pb_fullwidth_header][\/et_pb_section][et_pb_section fb_built=\u00bb1&#8243; _builder_version=\u00bb4.19.5&#8243; background_color=\u00bb#eaeaea\u00bb custom_padding=\u00bb20px||30px||false|false\u00bb global_colors_info=\u00bb{}\u00bb][et_pb_row column_structure=\u00bb1_5,1_5,1_5,1_5,1_5&#8243; make_equal=\u00bbon\u00bb _builder_version=\u00bb4.16&#8243; custom_padding=\u00bb0px||0px\u00bb custom_width_percent=\u00bb100%\u00bb global_colors_info=\u00bb{}\u00bb][et_pb_column type=\u00bb1_5&#8243; _builder_version=\u00bb4.16&#8243; custom_padding=\u00bb|||\u00bb global_colors_info=\u00bb{}\u00bb custom_padding__hover=\u00bb|||\u00bb][et_pb_blurb title=\u00bbLille\u00bb image=\u00bbhttps:\/\/cdn.speechi.com\/wp-content\/uploads\/2023\/03\/placeholder.png\u00bb icon_placement=\u00bbleft\u00bb _builder_version=\u00bb4.21.0&#8243; header_font=\u00bb||||||||\u00bb header_font_size=\u00bb15px\u00bb body_font=\u00bb||||||||\u00bb body_font_size=\u00bb12px\u00bb body_line_height=\u00bb1em\u00bb custom_margin=\u00bb15px||\u00bb custom_css_blurb_content=\u00bbmax-width:100%;\u00bb global_colors_info=\u00bb{}\u00bb]<\/p>\n<p><span>12 rue de Weppes<\/span><\/p>\n<p>[\/et_pb_blurb][\/et_pb_column][et_pb_column type=\u00bb1_5&#8243; _builder_version=\u00bb4.16&#8243; custom_padding=\u00bb|||\u00bb global_colors_info=\u00bb{}\u00bb custom_padding__hover=\u00bb|||\u00bb][et_pb_blurb title=\u00bbPar\u00eds\u00bb image=\u00bbhttps:\/\/cdn.speechi.com\/wp-content\/uploads\/2023\/03\/placeholder.png\u00bb icon_placement=\u00bbleft\u00bb _builder_version=\u00bb4.21.0&#8243; header_font=\u00bb||||||||\u00bb header_font_size=\u00bb15px\u00bb body_font=\u00bb||||||||\u00bb body_font_size=\u00bb12px\u00bb body_line_height=\u00bb1em\u00bb custom_margin=\u00bb15px||\u00bb custom_css_blurb_content=\u00bbmax-width:100%;\u00bb global_colors_info=\u00bb{}\u00bb]<\/p>\n<p><span>13 Rue Petits H\u00f4tels<\/span><\/p>\n<p>[\/et_pb_blurb][\/et_pb_column][et_pb_column type=\u00bb1_5&#8243; _builder_version=\u00bb4.16&#8243; custom_padding=\u00bb|||\u00bb global_colors_info=\u00bb{}\u00bb custom_padding__hover=\u00bb|||\u00bb][et_pb_blurb title=\u00bbColonia\u00bb image=\u00bbhttps:\/\/cdn.speechi.com\/wp-content\/uploads\/2023\/03\/placeholder.png\u00bb icon_placement=\u00bbleft\u00bb _builder_version=\u00bb4.21.0&#8243; header_font=\u00bb||||||||\u00bb header_font_size=\u00bb15px\u00bb body_font=\u00bb||||||||\u00bb body_font_size=\u00bb12px\u00bb body_line_height=\u00bb1em\u00bb custom_margin=\u00bb15px||\u00bb custom_css_blurb_content=\u00bbmax-width:100%;\u00bb global_colors_info=\u00bb{}\u00bb]<\/p>\n<p><span>Worringer Str. 30<\/span><\/p>\n<p>[\/et_pb_blurb][\/et_pb_column][et_pb_column type=\u00bb1_5&#8243; _builder_version=\u00bb4.16&#8243; custom_padding=\u00bb|||\u00bb global_colors_info=\u00bb{}\u00bb custom_padding__hover=\u00bb|||\u00bb][et_pb_blurb title=\u00bbLl\u00e1manos al\u00bb image=\u00bbhttps:\/\/cdn.speechi.com\/wp-content\/uploads\/2023\/03\/call.png\u00bb icon_placement=\u00bbleft\u00bb _builder_version=\u00bb4.21.0&#8243; header_font=\u00bb||||||||\u00bb header_font_size=\u00bb16px\u00bb body_font=\u00bb||||||||\u00bb body_font_size=\u00bb12px\u00bb body_line_height=\u00bb1em\u00bb custom_margin=\u00bb15px||\u00bb custom_css_blurb_content=\u00bbmax-width:100%;\u00bb global_colors_info=\u00bb{}\u00bb]<\/p>\n<p><span>03 79 59 01 97<\/span><\/p>\n<p>[\/et_pb_blurb][\/et_pb_column][et_pb_column type=\u00bb1_5&#8243; _builder_version=\u00bb4.16&#8243; custom_padding=\u00bb|||\u00bb global_colors_info=\u00bb{}\u00bb custom_padding__hover=\u00bb|||\u00bb][et_pb_blurb title=\u00bbEscr\u00edbenos a\u00bb image=\u00bbhttps:\/\/cdn.speechi.com\/wp-content\/uploads\/2023\/03\/email.png\u00bb icon_placement=\u00bbleft\u00bb _builder_version=\u00bb4.21.0&#8243; header_font=\u00bb||||||||\u00bb header_font_size=\u00bb16px\u00bb body_font=\u00bb||||||||\u00bb body_font_size=\u00bb12px\u00bb body_line_height=\u00bb1em\u00bb custom_margin=\u00bb15px||\u00bb custom_css_blurb_content=\u00bbmax-width:100%;\u00bb global_colors_info=\u00bb{}\u00bb]<\/p>\n<p>info@speechi.com<\/p>\n<p>[\/et_pb_blurb][\/et_pb_column][\/et_pb_row][\/et_pb_section]<\/p>\n","protected":false},"excerpt":{"rendered":"<p>Estudio de caso: El centro de formaci\u00f3n del RC LensCENTRO DE ENTRENAMIENTO DEPORTIVOCENTRO DE ENTRENAMIENTO DEL RC LENSLENSContexto El centro de formaci\u00f3n del Racing Club de Lens acoge en sus infraestructuras a m\u00e1s de un centenar de j\u00f3venes y acompa\u00f1a a cada uno de ellos en su proyecto de desarrollo. Para desarrollar el potencial de [&hellip;]<\/p>\n","protected":false},"author":5,"featured_media":0,"parent":0,"menu_order":0,"comment_status":"closed","ping_status":"closed","template":"","meta":{"_acf_changed":false,"_seopress_robots_primary_cat":"","_seopress_titles_title":"Estudio de caso: Centro de entrenamiento del RC Lens","_seopress_titles_desc":"Descubre c\u00f3mo el centro de entrenamiento del RC Lens utiliza la pantalla interactiva Speechi para formar a sus j\u00f3venes futbolistas y sus beneficios.","_seopress_robots_index":"","_et_pb_use_builder":"on","_et_pb_old_content":"","_et_gb_content_width":"","footnotes":""},"difl_page_category":[],"class_list":["post-44169607","page","type-page","status-publish","hentry"],"acf":[],"_links":{"self":[{"href":"https:\/\/speechi.com\/es\/wp-json\/wp\/v2\/pages\/44169607","targetHints":{"allow":["GET"]}}],"collection":[{"href":"https:\/\/speechi.com\/es\/wp-json\/wp\/v2\/pages"}],"about":[{"href":"https:\/\/speechi.com\/es\/wp-json\/wp\/v2\/types\/page"}],"author":[{"embeddable":true,"href":"https:\/\/speechi.com\/es\/wp-json\/wp\/v2\/users\/5"}],"replies":[{"embeddable":true,"href":"https:\/\/speechi.com\/es\/wp-json\/wp\/v2\/comments?post=44169607"}],"version-history":[{"count":11,"href":"https:\/\/speechi.com\/es\/wp-json\/wp\/v2\/pages\/44169607\/revisions"}],"predecessor-version":[{"id":44174932,"href":"https:\/\/speechi.com\/es\/wp-json\/wp\/v2\/pages\/44169607\/revisions\/44174932"}],"wp:attachment":[{"href":"https:\/\/speechi.com\/es\/wp-json\/wp\/v2\/media?parent=44169607"}],"wp:term":[{"taxonomy":"difl_page_category","embeddable":true,"href":"https:\/\/speechi.com\/es\/wp-json\/wp\/v2\/difl_page_category?post=44169607"}],"curies":[{"name":"wp","href":"https:\/\/api.w.org\/{rel}","templated":true}]}}