{"id":44169614,"date":"2024-03-15T16:52:30","date_gmt":"2024-03-15T15:52:30","guid":{"rendered":"https:\/\/speechi.com\/estudio-de-caso-la-escuela-de-costura-epicc\/"},"modified":"2024-08-19T16:45:36","modified_gmt":"2024-08-19T14:45:36","slug":"estudio-de-caso-escuela-costura-epicc","status":"publish","type":"page","link":"https:\/\/speechi.com\/es\/estudio-de-caso-escuela-costura-epicc\/","title":{"rendered":"Estudio de caso: La Escuela de costura EPICC"},"content":{"rendered":"<p>[et_pb_section fb_built=\u00bb1&#8243; fullwidth=\u00bbon\u00bb _builder_version=\u00bb4.21.0&#8243; _module_preset=\u00bbdefault\u00bb background_video_mp4=\u00bbhttps:\/\/speechi.com\/wp-content\/uploads\/2024\/03\/speechi-epicc-formation-ecole-couture-temoignage.mp4&#8243; height=\u00bb500px\u00bb global_colors_info=\u00bb{}\u00bb][\/et_pb_section][et_pb_section fb_built=\u00bb1&#8243; admin_label=\u00bbsection\u00bb _builder_version=\u00bb4.16&#8243; global_colors_info=\u00bb{}\u00bb][et_pb_row _builder_version=\u00bb4.21.0&#8243; _module_preset=\u00bbdefault\u00bb global_colors_info=\u00bb{}\u00bb][et_pb_column type=\u00bb4_4&#8243; _builder_version=\u00bb4.21.0&#8243; _module_preset=\u00bbdefault\u00bb global_colors_info=\u00bb{}\u00bb][et_pb_text _builder_version=\u00bb4.21.0&#8243; _module_preset=\u00bbdefault\u00bb global_colors_info=\u00bb{}\u00bb]<\/p>\n<h1 style=\"text-align: center;\">Estudio de caso: La Escuela de costura EPICC<\/h1>\n<p>[\/et_pb_text][\/et_pb_column][\/et_pb_row][et_pb_row column_structure=\u00bb1_3,1_3,1_3&#8243; _builder_version=\u00bb4.21.0&#8243; _module_preset=\u00bbdefault\u00bb hover_enabled=\u00bb0&#8243; global_colors_info=\u00bb{}\u00bb width=\u00bb40%\u00bb sticky_enabled=\u00bb0&#8243;][et_pb_column type=\u00bb1_3&#8243; _builder_version=\u00bb4.21.0&#8243; _module_preset=\u00bbdefault\u00bb global_colors_info=\u00bb{}\u00bb][et_pb_image src=\u00bbhttps:\/\/speechi.com\/wp-content\/uploads\/2024\/02\/education-ecran-tactile-geant.svg\u00bb alt=\u00bbLa pantalla interactiva en el \u00e1mbito educativo\u00bb title_text=\u00bbLa pantalla interactiva en el \u00e1mbito educativo\u00bb _builder_version=\u00bb4.21.0&#8243; _module_preset=\u00bbdefault\u00bb global_colors_info=\u00bb{}\u00bb][\/et_pb_image][et_pb_text _builder_version=\u00bb4.21.0&#8243; _module_preset=\u00bbdefault\u00bb global_colors_info=\u00bb{}\u00bb]<\/p>\n<p style=\"text-align: center;\"><span>EDUCACI\u00d3N<\/span><\/p>\n<p>[\/et_pb_text][\/et_pb_column][et_pb_column type=\u00bb1_3&#8243; _builder_version=\u00bb4.21.0&#8243; _module_preset=\u00bbdefault\u00bb global_colors_info=\u00bb{}\u00bb][et_pb_image src=\u00bbhttps:\/\/speechi.com\/wp-content\/uploads\/2024\/03\/02-qui-logo-epicc.svg\u00bb alt=\u00bbLa pantalla interactiva de la escuela de costura EPICC\u00bb title_text=\u00bbLa pantalla interactiva de la escuela de costura EPICC\u00bb _builder_version=\u00bb4.21.0&#8243; _module_preset=\u00bbdefault\u00bb global_colors_info=\u00bb{}\u00bb][\/et_pb_image][et_pb_text _builder_version=\u00bb4.21.0&#8243; _module_preset=\u00bbdefault\u00bb global_colors_info=\u00bb{}\u00bb]<\/p>\n<p style=\"text-align: center;\"><span>ESCUELA DE COSTURA EPICC<\/span><\/p>\n<p>[\/et_pb_text][\/et_pb_column][et_pb_column type=\u00bb1_3&#8243; _builder_version=\u00bb4.21.0&#8243; _module_preset=\u00bbdefault\u00bb global_colors_info=\u00bb{}\u00bb][et_pb_image src=\u00bbhttps:\/\/speechi.com\/wp-content\/uploads\/2024\/02\/03-ou-1.svg.svg\u00bb alt=\u00bbLugar\u00bb title_text=\u00bbLugar\u00bb _builder_version=\u00bb4.21.0&#8243; _module_preset=\u00bbdefault\u00bb global_colors_info=\u00bb{}\u00bb][\/et_pb_image][et_pb_text _builder_version=\u00bb4.21.0&#8243; _module_preset=\u00bbdefault\u00bb global_colors_info=\u00bb{}\u00bb]<\/p>\n<p style=\"text-align: center;\"><span>ROUBAIX<\/span><\/p>\n<p>[\/et_pb_text][\/et_pb_column][\/et_pb_row][et_pb_row _builder_version=\u00bb4.21.0&#8243; _module_preset=\u00bbdefault\u00bb global_colors_info=\u00bb{}\u00bb][et_pb_column type=\u00bb4_4&#8243; _builder_version=\u00bb4.21.0&#8243; _module_preset=\u00bbdefault\u00bb global_colors_info=\u00bb{}\u00bb][et_pb_text _builder_version=\u00bb4.21.0&#8243; _module_preset=\u00bbdefault\u00bb global_colors_info=\u00bb{}\u00bb]<\/p>\n<h2>Contexto<\/h2>\n<p><span>La Escuela de costura EPICC de Roubaix <strong>forma a j\u00f3venes de 15 a 18 a\u00f1os en el oficio de la confecci\u00f3n textil industrial<\/strong>. Durante sus dos a\u00f1os de formaci\u00f3n, los estudiantes dividen su tiempo de aprendizaje entre el taller de costura y la sala de formaci\u00f3n. Preocupado por responder al deseo de sus estudiantes de aprender a trav\u00e9s de la pr\u00e1ctica y la concreci\u00f3n, la EPICC buscaba una soluci\u00f3n innovadora y moderna con la que sus formadores pudieran <strong>impartir clases generales de la forma m\u00e1s participativa y menos te\u00f3rica posible<\/strong>.  <\/span><\/p>\n<p>[\/et_pb_text][\/et_pb_column][\/et_pb_row][et_pb_row column_structure=\u00bb1_2,1_2&#8243; _builder_version=\u00bb4.21.0&#8243; _module_preset=\u00bbdefault\u00bb global_colors_info=\u00bb{}\u00bb][et_pb_column type=\u00bb1_2&#8243; _builder_version=\u00bb4.21.0&#8243; _module_preset=\u00bbdefault\u00bb global_colors_info=\u00bb{}\u00bb][et_pb_image src=\u00bbhttps:\/\/speechi.com\/wp-content\/uploads\/2024\/03\/speechi-ecole-formation-ecran-interactif-epicc-couture-01.jpg\u00bb alt=\u00bbUna pantalla digital interactiva Speechi en la escuela de costura EPICC\u00bb title_text=\u00bbUna pantalla digital interactiva Speechi en la escuela de costura EPICC\u00bb _builder_version=\u00bb4.21.0&#8243; _module_preset=\u00bbdefault\u00bb global_colors_info=\u00bb{}\u00bb][\/et_pb_image][et_pb_text _builder_version=\u00bb4.21.0&#8243; _module_preset=\u00bbdefault\u00bb global_colors_info=\u00bb{}\u00bb]<\/p>\n<h2>Problemas<\/h2>\n<ul>\n<li><span>Encontrar una pizarra did\u00e1ctica innovadora para impartir lecciones generales.<\/span><\/li>\n<li><span>Equiparse con una soluci\u00f3n de presentaci\u00f3n para las reuniones de la junta directiva y los encuentros con los socios de la escuela.<\/span><\/li>\n<\/ul>\n<p>[\/et_pb_text][\/et_pb_column][et_pb_column type=\u00bb1_2&#8243; _builder_version=\u00bb4.21.0&#8243; _module_preset=\u00bbdefault\u00bb global_colors_info=\u00bb{}\u00bb][et_pb_image src=\u00bbhttps:\/\/speechi.com\/wp-content\/uploads\/2024\/03\/speechi-ecole-formation-ecran-interactif-epicc-couture-02.jpg\u00bb alt=\u00bbEnse\u00f1anza con pantalla interactiva y visualizador de documentos Speechi en la escuela de costura EPICC\u00bb title_text=\u00bbEnse\u00f1anza con pantalla interactiva y visualizador de documentos Speechi en la escuela de costura EPICC\u00bb _builder_version=\u00bb4.21.0&#8243; _module_preset=\u00bbdefault\u00bb global_colors_info=\u00bb{}\u00bb][\/et_pb_image][et_pb_text _builder_version=\u00bb4.21.0&#8243; _module_preset=\u00bbdefault\u00bb global_colors_info=\u00bb{}\u00bb]<\/p>\n<h2>Soluciones proporcionadas<\/h2>\n<ul>\n<li aria-level=\"1\"><span>Una pantalla interactiva InfraRed Speechi en la sala de formaci\u00f3n<\/span><\/li>\n<li aria-level=\"1\"><span>Un visualizador de documentos SpeechiCam 7<\/span><\/li>\n<li aria-level=\"1\"><span>Una c\u00e1mara de videoconferencia Speechi<\/span><\/li>\n<\/ul>\n<p>[\/et_pb_text][\/et_pb_column][\/et_pb_row][et_pb_row column_structure=\u00bb1_2,1_2&#8243; _builder_version=\u00bb4.21.0&#8243; _module_preset=\u00bbdefault\u00bb global_colors_info=\u00bb{}\u00bb][et_pb_column type=\u00bb1_2&#8243; _builder_version=\u00bb4.21.0&#8243; _module_preset=\u00bbdefault\u00bb global_colors_info=\u00bb{}\u00bb][et_pb_image src=\u00bbhttps:\/\/speechi.com\/wp-content\/uploads\/2024\/03\/speechi-ecole-formation-ecran-interactif-epicc-couture-03.jpg\u00bb alt=\u00bbUna pantalla digital interactiva Speechi para ense\u00f1ar, aprender y compartir\u00bb title_text=\u00bbUna pantalla digital interactiva Speechi para ense\u00f1ar, aprender y compartir\u00bb _builder_version=\u00bb4.21.0&#8243; _module_preset=\u00bbdefault\u00bb global_colors_info=\u00bb{}\u00bb][\/et_pb_image][et_pb_text _builder_version=\u00bb4.21.0&#8243; _module_preset=\u00bbdefault\u00bb global_colors_info=\u00bb{}\u00bb]<\/p>\n<h2>Usos de la pantalla<\/h2>\n<ul>\n<li aria-level=\"1\"><span>El uso de la aplicaci\u00f3n de pizarra Note para ense\u00f1ar<\/span><\/li>\n<li aria-level=\"1\"><span>La pantalla compartida del PC en la pantalla interactiva<\/span><\/li>\n<li aria-level=\"1\"><span>La consulta y visualizaci\u00f3n en la pantalla digital interactiva de documentos en Drive<\/span><\/li>\n<li aria-level=\"1\"><span>La realizaci\u00f3n de videoconferencias en la pantalla<\/span><\/li>\n<\/ul>\n<p>[\/et_pb_text][\/et_pb_column][et_pb_column type=\u00bb1_2&#8243; _builder_version=\u00bb4.21.0&#8243; _module_preset=\u00bbdefault\u00bb global_colors_info=\u00bb{}\u00bb][et_pb_image src=\u00bbhttps:\/\/speechi.com\/wp-content\/uploads\/2024\/03\/speechi-ecole-formation-ecran-interactif-epicc-couture-04.jpg\u00bb alt=\u00bbVea sus documentos de Drive en la pantalla interactiva de Speechi\u00bb title_text=\u00bbVea sus documentos de Drive en la pantalla interactiva de Speechi\u00bb _builder_version=\u00bb4.21.0&#8243; _module_preset=\u00bbdefault\u00bb global_colors_info=\u00bb{}\u00bb][\/et_pb_image][et_pb_text _builder_version=\u00bb4.21.0&#8243; _module_preset=\u00bbdefault\u00bb global_colors_info=\u00bb{}\u00bb]<\/p>\n<h2>Ventajas<\/h2>\n<ul>\n<li aria-level=\"1\"><span>Lecciones generales que, gracias a la pantalla digital interactiva, sit\u00faan la participaci\u00f3n y la pr\u00e1ctica en el centro del aprendizaje incluso te\u00f3rico.<\/span><\/li>\n<li aria-level=\"1\"><span>Reuniones de trabajo m\u00e1s f\u00e1ciles con una pantalla digital interactiva que libera a los participantes de ciertas limitaciones materiales y simplifica el intercambio de documentos.<\/span><\/li>\n<\/ul>\n<p>[\/et_pb_text][\/et_pb_column][\/et_pb_row][et_pb_row column_structure=\u00bb1_2,1_2&#8243; _builder_version=\u00bb4.21.0&#8243; _module_preset=\u00bbdefault\u00bb global_colors_info=\u00bb{}\u00bb][et_pb_column type=\u00bb1_2&#8243; _builder_version=\u00bb4.21.0&#8243; _module_preset=\u00bbdefault\u00bb global_colors_info=\u00bb{}\u00bb][et_pb_video src=\u00bbhttps:\/\/www.youtube.com\/watch?v=FWGo4G1DXq4&#8243; _builder_version=\u00bb4.21.0&#8243; _module_preset=\u00bbdefault\u00bb global_colors_info=\u00bb{}\u00bb][\/et_pb_video][\/et_pb_column][et_pb_column type=\u00bb1_2&#8243; _builder_version=\u00bb4.21.0&#8243; _module_preset=\u00bbdefault\u00bb global_colors_info=\u00bb{}\u00bb][et_pb_text _builder_version=\u00bb4.21.0&#8243; _module_preset=\u00bbdefault\u00bb global_colors_info=\u00bb{}\u00bb]<\/p>\n<h2>Descubre el testimonio del director de EPICC<\/h2>\n<div class=\"et_pb_module et_pb_text et_pb_text_10 et_pb_text_align_left et_pb_bg_layout_light\">\n<div class=\"et_pb_text_inner\">\n<blockquote>\n<p>\u201cInauguramos la escuela en octubre con solo un taller y una sala de formaci\u00f3n de 200 m\u00b2. El a\u00f1o que viene ampliaremos la superficie a 600 m\u00b2 con una segunda sala de formaci\u00f3n y un taller m\u00e1s grande. Espero conseguir una segunda pantalla Speechi para equipar la segunda sala de formaci\u00f3n.\u201d<\/p>\n<\/blockquote>\n<\/div>\n<\/div>\n<p>[\/et_pb_text][\/et_pb_column][\/et_pb_row][\/et_pb_section]<\/p>\n","protected":false},"excerpt":{"rendered":"<p>Estudio de caso: La Escuela de costura EPICCEDUCACI\u00d3NESCUELA DE COSTURA EPICCROUBAIXContexto La Escuela de costura EPICC de Roubaix forma a j\u00f3venes de 15 a 18 a\u00f1os en el oficio de la confecci\u00f3n textil industrial. Durante sus dos a\u00f1os de formaci\u00f3n, los estudiantes dividen su tiempo de aprendizaje entre el taller de costura y la sala [&hellip;]<\/p>\n","protected":false},"author":5,"featured_media":0,"parent":0,"menu_order":0,"comment_status":"closed","ping_status":"closed","template":"","meta":{"_acf_changed":false,"_seopress_robots_primary_cat":"","_seopress_titles_title":"Una pantalla digital interactiva en la escuela de costura EPICC","_seopress_titles_desc":"Descubre c\u00f3mo la Escuela de costura EPICC de Roubaix utiliza la pantalla interactiva SpeechiTouch para su ense\u00f1anza general.","_seopress_robots_index":"","_et_pb_use_builder":"on","_et_pb_old_content":"","_et_gb_content_width":"","footnotes":""},"difl_page_category":[],"class_list":["post-44169614","page","type-page","status-publish","hentry"],"acf":[],"_links":{"self":[{"href":"https:\/\/speechi.com\/es\/wp-json\/wp\/v2\/pages\/44169614","targetHints":{"allow":["GET"]}}],"collection":[{"href":"https:\/\/speechi.com\/es\/wp-json\/wp\/v2\/pages"}],"about":[{"href":"https:\/\/speechi.com\/es\/wp-json\/wp\/v2\/types\/page"}],"author":[{"embeddable":true,"href":"https:\/\/speechi.com\/es\/wp-json\/wp\/v2\/users\/5"}],"replies":[{"embeddable":true,"href":"https:\/\/speechi.com\/es\/wp-json\/wp\/v2\/comments?post=44169614"}],"version-history":[{"count":5,"href":"https:\/\/speechi.com\/es\/wp-json\/wp\/v2\/pages\/44169614\/revisions"}],"predecessor-version":[{"id":44169619,"href":"https:\/\/speechi.com\/es\/wp-json\/wp\/v2\/pages\/44169614\/revisions\/44169619"}],"wp:attachment":[{"href":"https:\/\/speechi.com\/es\/wp-json\/wp\/v2\/media?parent=44169614"}],"wp:term":[{"taxonomy":"difl_page_category","embeddable":true,"href":"https:\/\/speechi.com\/es\/wp-json\/wp\/v2\/difl_page_category?post=44169614"}],"curies":[{"name":"wp","href":"https:\/\/api.w.org\/{rel}","templated":true}]}}