{"id":44169629,"date":"2023-03-30T11:09:33","date_gmt":"2023-03-30T09:09:33","guid":{"rendered":"https:\/\/speechi.com\/soluciones-educacion\/"},"modified":"2024-08-19T17:44:54","modified_gmt":"2024-08-19T15:44:54","slug":"soluciones-educacion","status":"publish","type":"page","link":"https:\/\/speechi.com\/es\/soluciones-educacion\/","title":{"rendered":"Soluciones Educaci\u00f3n"},"content":{"rendered":"<p>[et_pb_section fb_built=\u00bb1&#8243; admin_label=\u00bbHeader\u00bb _builder_version=\u00bb4.20.2&#8243; _module_preset=\u00bbdefault\u00bb custom_margin=\u00bb||||false|false\u00bb custom_padding=\u00bb1vw||||false|false\u00bb box_shadow_style=\u00bbpreset7&#8243; box_shadow_horizontal=\u00bb-20vw\u00bb box_shadow_vertical=\u00bb0px\u00bb box_shadow_color=\u00bb#eaeaea\u00bb box_shadow_horizontal_tablet=\u00bb-8vw\u00bb box_shadow_horizontal_phone=\u00bb\u00bb box_shadow_horizontal_last_edited=\u00bbon|tablet\u00bb locked=\u00bboff\u00bb global_colors_info=\u00bb{}\u00bb][et_pb_row column_structure=\u00bb3_5,2_5&#8243; make_equal=\u00bbon\u00bb _builder_version=\u00bb4.20.2&#8243; _module_preset=\u00bbdefault\u00bb global_colors_info=\u00bb{}\u00bb][et_pb_column type=\u00bb3_5&#8243; _builder_version=\u00bb4.20.2&#8243; _module_preset=\u00bbdefault\u00bb custom_padding=\u00bb|8%|230px||false|false\u00bb custom_padding_tablet=\u00bb|0%|0px||false|false\u00bb custom_padding_phone=\u00bb\u00bb custom_padding_last_edited=\u00bbon|tablet\u00bb global_colors_info=\u00bb{}\u00bb][et_pb_text _builder_version=\u00bb4.20.2&#8243; _module_preset=\u00bb88189985-383f-4a98-8bda-45b45a07d31e\u00bb header_font=\u00bb|600|||||||\u00bb header_text_color=\u00bb#000000&#8243; header_font_size=\u00bb50px\u00bb header_line_height=\u00bb1.2em\u00bb header_font_tablet=\u00bb\u00bb header_font_phone=\u00bbRoboto|500|||||||\u00bb header_font_last_edited=\u00bbon|phone\u00bb header_font_size_tablet=\u00bb48px\u00bb header_font_size_phone=\u00bb28px\u00bb header_font_size_last_edited=\u00bbon|tablet\u00bb locked=\u00bboff\u00bb global_colors_info=\u00bb{}\u00bb]<\/p>\n<h1>Un soporte para clases conectadas e interactivas<\/h1>\n<p>[\/et_pb_text][et_pb_text _builder_version=\u00bb4.20.2&#8243; _module_preset=\u00bbdae59d6c-8e6f-457d-9b53-6f843dc37ccb\u00bb text_font=\u00bb||||||||\u00bb text_text_color=\u00bb#a3a7ac\u00bb text_font_size=\u00bb20px\u00bb custom_margin=\u00bb||||false|false\u00bb text_font_size_tablet=\u00bb15px\u00bb text_font_size_phone=\u00bb14px\u00bb text_font_size_last_edited=\u00bbon|desktop\u00bb locked=\u00bboff\u00bb global_colors_info=\u00bb{}\u00bb]<\/p>\n<p>Ense\u00f1a, facilita y comparte tus conocimientos, incluso a distancia<\/p>\n<p>[\/et_pb_text][\/et_pb_column][et_pb_column type=\u00bb2_5&#8243; _builder_version=\u00bb4.20.2&#8243; _module_preset=\u00bbdefault\u00bb background_color=\u00bb#323a45&#8243; custom_padding=\u00bb||||false|false\u00bb box_shadow_style=\u00bbpreset4&#8243; box_shadow_horizontal=\u00bb360px\u00bb box_shadow_vertical=\u00bb0px\u00bb box_shadow_color=\u00bb#323a45&#8243; box_shadow_horizontal_tablet=\u00bb\u00bb box_shadow_horizontal_phone=\u00bb200px\u00bb box_shadow_horizontal_last_edited=\u00bbon|phone\u00bb global_colors_info=\u00bb{%22gcid-4c754952-8207-4136-b7cc-f3d93882233e%22:%91%93}\u00bb][et_pb_image src=\u00bbhttps:\/\/cdn.speechi.com\/wp-content\/uploads\/2023\/04\/interactive-screen-school.png\u00bb alt=\u00bbUsar la pizarra interactiva en el aula es una excelente manera de integrar la tecnolog\u00eda en el aprendizaje de los estudiantes.\u00bb title_text=\u00bbUsar la pizarra interactiva en el aula es una excelente manera de integrar la tecnolog\u00eda en el aprendizaje de los estudiantes.\u00bb show_bottom_space=\u00bboff\u00bb _builder_version=\u00bb4.20.2&#8243; _module_preset=\u00bbdefault\u00bb custom_margin=\u00bb19%|-10vw|-44%|-36%|false|false\u00bb custom_margin_tablet=\u00bb|0%|-16%|0%|false|false\u00bb custom_margin_phone=\u00bb\u00bb custom_margin_last_edited=\u00bbon|tablet\u00bb locked=\u00bboff\u00bb global_colors_info=\u00bb{}\u00bb][\/et_pb_image][\/et_pb_column][\/et_pb_row][\/et_pb_section][et_pb_section fb_built=\u00bb1&#8243; admin_label=\u00bbsection\u00bb _builder_version=\u00bb4.16&#8243; custom_padding=\u00bb0px|0px|0px|0px\u00bb transparent_background=\u00bboff\u00bb make_fullwidth=\u00bboff\u00bb use_custom_width=\u00bboff\u00bb width_unit=\u00bboff\u00bb custom_width_px=\u00bb1080px\u00bb custom_width_percent=\u00bb80%\u00bb global_colors_info=\u00bb{}\u00bb][et_pb_row column_structure=\u00bb1_2,1_2&#8243; use_custom_gutter=\u00bbon\u00bb gutter_width=\u00bb1&#8243; make_equal=\u00bbon\u00bb admin_label=\u00bbrow\u00bb module_class=\u00bb et_pb_row_fullwidth\u00bb _builder_version=\u00bb4.20.2&#8243; background_size=\u00bbinitial\u00bb background_position=\u00bbtop_left\u00bb background_repeat=\u00bbrepeat\u00bb width=\u00bb100%\u00bb width_tablet=\u00bb100%\u00bb width_phone=\u00bb100%\u00bb width_last_edited=\u00bbon|desktop\u00bb max_width=\u00bb100%\u00bb max_width_tablet=\u00bb100%\u00bb max_width_phone=\u00bb100%\u00bb max_width_last_edited=\u00bbon|desktop\u00bb custom_padding=\u00bb0px|0px|0px|0px|false|false\u00bb make_fullwidth=\u00bbon\u00bb use_custom_width=\u00bboff\u00bb width_unit=\u00bboff\u00bb custom_width_px=\u00bb1080px\u00bb custom_width_percent=\u00bb80%\u00bb global_colors_info=\u00bb{}\u00bb][et_pb_column type=\u00bb1_2&#8243; _builder_version=\u00bb4.20.2&#8243; custom_padding=\u00bb|||\u00bb global_colors_info=\u00bb{}\u00bb custom_padding__hover=\u00bb|||\u00bb][et_pb_image src=\u00bbhttps:\/\/speechi.com\/wp-content\/uploads\/2023\/04\/interactive-display-education-1.jpg\u00bb alt=\u00bbSe instala una moderna pizarra interactiva en el aula para ayudar al aprendizaje de los estudiantes\u00bb title_text=\u00bbinteractive-display-education\u00bb force_fullwidth=\u00bbon\u00bb align_tablet=\u00bbcenter\u00bb align_phone=\u00bbcenter\u00bb align_last_edited=\u00bbon|desktop\u00bb admin_label=\u00bbImage\u00bb _builder_version=\u00bb4.20.2&#8243; animation_style=\u00bbslide\u00bb animation_direction=\u00bbleft\u00bb animation_duration=\u00bb500ms\u00bb animation_intensity_slide=\u00bb10%\u00bb hover_enabled=\u00bb0&#8243; use_border_color=\u00bboff\u00bb border_color=\u00bb#ffffff\u00bb border_width=\u00bb1px\u00bb border_style=\u00bbsolid\u00bb sticky=\u00bboff\u00bb always_center_on_mobile=\u00bbon\u00bb global_colors_info=\u00bb{}\u00bb sticky_enabled=\u00bb0&#8243;] [\/et_pb_image][\/et_pb_column][et_pb_column type=\u00bb1_2&#8243; module_class=\u00bbcentrer-verticalement\u00bb _builder_version=\u00bb4.20.2&#8243; custom_padding=\u00bb|||\u00bb global_colors_info=\u00bb{}\u00bb custom_padding__hover=\u00bb|||\u00bb][et_pb_slider _builder_version=\u00bb4.20.2&#8243; _module_preset=\u00bbdefault\u00bb header_font=\u00bbMontserrat|600|||||||\u00bb background_color=\u00bbRGBA(255,255,255,0)\u00bb custom_margin=\u00bb||||false|false\u00bb global_colors_info=\u00bb{}\u00bb][et_pb_slide heading=\u00bbAnima y cautiva a tu clase\u00bb _builder_version=\u00bb4.20.2&#8243; _module_preset=\u00bbdefault\u00bb text_orientation=\u00bbleft\u00bb background_layout=\u00bblight\u00bb global_colors_info=\u00bb{}\u00bb sticky_transition=\u00bbon\u00bb]Al igual que la pizarra tradicional, la pantalla interactiva constituye un soporte pedag\u00f3gico con un potencial multiplicado. Gracias a una superficie de trabajo infinita, su acceso a internet, a aplicaciones y software, este medio digital te ofrece la posibilidad de presentar tus cursos de todas las formas posibles, incluso las m\u00e1s originales, para cautivar a tus alumnos y facilitar su comprensi\u00f3n.[\/et_pb_slide][et_pb_slide heading=\u00bbAnota y enriquece tus lecciones\u00bb _builder_version=\u00bb4.20.2&#8243; _module_preset=\u00bbdefault\u00bb text_orientation=\u00bbleft\u00bb background_layout=\u00bblight\u00bb global_colors_info=\u00bb{}\u00bb sticky_transition=\u00bbon\u00bb]Durante tu curso, podr\u00e1s anotar directamente sobre el soporte pedag\u00f3gico (documento, imagen, v\u00eddeo o p\u00e1gina web). Anota, esquematiza o captura im\u00e1genes para que la lecci\u00f3n sea a\u00fan m\u00e1s inteligible. Importa tambi\u00e9n todo tipo de archivos y utiliza todos los recursos disponibles y actuales a tu alcance en internet para enriquecer tus cursos.[\/et_pb_slide][et_pb_slide heading=\u00bbHaz que tus alumnos participen\u00bb _builder_version=\u00bb4.20.2&#8243; _module_preset=\u00bbdefault\u00bb text_orientation=\u00bbleft\u00bb background_layout=\u00bblight\u00bb global_colors_info=\u00bb{}\u00bb sticky_transition=\u00bbon\u00bb]Varios estudiantes pueden utilizar e interactuar en la pantalla interactiva al mismo tiempo. Si animas a tus alumnos a participar activamente durante el curso, se sentir\u00e1n m\u00e1s involucrados e interesados, lo que tambi\u00e9n tendr\u00e1 un impacto positivo en el aprendizaje: mejorar\u00e1n la comprensi\u00f3n, la memoria y la aplicaci\u00f3n. [\/et_pb_slide][\/et_pb_slider][\/et_pb_column][\/et_pb_row][et_pb_row column_structure=\u00bb1_2,1_2&#8243; use_custom_gutter=\u00bbon\u00bb gutter_width=\u00bb1&#8243; make_equal=\u00bbon\u00bb admin_label=\u00bbrow\u00bb module_class=\u00bb et_pb_row_fullwidth\u00bb _builder_version=\u00bb4.20.2&#8243; background_size=\u00bbinitial\u00bb background_position=\u00bbtop_left\u00bb background_repeat=\u00bbrepeat\u00bb width=\u00bb100%\u00bb width_tablet=\u00bb100%\u00bb width_phone=\u00bb100%\u00bb width_last_edited=\u00bbon|desktop\u00bb max_width=\u00bb100%\u00bb max_width_tablet=\u00bb100%\u00bb max_width_phone=\u00bb100%\u00bb max_width_last_edited=\u00bbon|desktop\u00bb custom_padding=\u00bb0px|0px|0px|0px|false|false\u00bb make_fullwidth=\u00bbon\u00bb use_custom_width=\u00bboff\u00bb width_unit=\u00bboff\u00bb custom_width_px=\u00bb1080px\u00bb custom_width_percent=\u00bb80%\u00bb global_colors_info=\u00bb{}\u00bb][et_pb_column type=\u00bb1_2&#8243; module_class=\u00bbcentrer-verticalement\u00bb _builder_version=\u00bb4.20.2&#8243; custom_padding=\u00bb|||\u00bb global_colors_info=\u00bb{}\u00bb custom_padding__hover=\u00bb|||\u00bb][et_pb_slider _builder_version=\u00bb4.20.2&#8243; _module_preset=\u00bbdefault\u00bb header_font=\u00bbMontserrat|600|||||||\u00bb background_color=\u00bbRGBA(255,255,255,0)\u00bb custom_margin=\u00bb||||false|false\u00bb global_colors_info=\u00bb{}\u00bb][et_pb_slide heading=\u00bbEnse\u00f1a a distancia\u00bb _builder_version=\u00bb4.20.2&#8243; _module_preset=\u00bbdefault\u00bb background_enable_color=\u00bboff\u00bb text_orientation=\u00bbleft\u00bb background_layout=\u00bblight\u00bb global_colors_info=\u00bb{}\u00bb sticky_transition=\u00bbon\u00bb]Con las herramientas adecuadas, puedes impartir una clase a distancia o h\u00edbrida, independientemente de donde est\u00e9s t\u00fa o tus alumnos. Aseg\u00farate de ser claramente visible y audible para tu audiencia remota, y al igual que en un curso tradicional, podr\u00e1s impartir tu clase desde cualquier lugar y tener las mismas oportunidades de interacci\u00f3n.[\/et_pb_slide][et_pb_slide heading=\u00bbComparte tus recursos\u00bb _builder_version=\u00bb4.20.2&#8243; _module_preset=\u00bbdefault\u00bb background_enable_color=\u00bboff\u00bb text_orientation=\u00bbleft\u00bb background_layout=\u00bblight\u00bb global_colors_info=\u00bb{}\u00bb sticky_transition=\u00bbon\u00bb]Utiliza la soluci\u00f3n de videoconferencia que prefieras y comparte tu pantalla con tus alumnos a distancia para que puedan ver contigo todas las fases del curso. Para ellos es igual de f\u00e1cil participar y hacer preguntas. Al trabajar en un espacio en la nube, puedes acceder a tus recursos en cualquier momento y compartirlos con tus alumnos m\u00e1s f\u00e1cilmente para que sigan y revisen el curso. Tus cambios se guardan autom\u00e1ticamente para ahorrar tiempo.[\/et_pb_slide][et_pb_slide heading=\u00bbGraba tu clase en video\u00bb _builder_version=\u00bb4.20.2&#8243; _module_preset=\u00bbdefault\u00bb background_enable_color=\u00bboff\u00bb text_orientation=\u00bbleft\u00bb background_layout=\u00bblight\u00bb global_colors_info=\u00bb{}\u00bb sticky_transition=\u00bbon\u00bb]Desde tu soluci\u00f3n de videoconferencia o directamente desde la barra de herramientas de tu pantalla interactiva, puedes elegir grabar el contenido de tu curso en v\u00eddeo. As\u00ed, podr\u00e1s difundirlo, enviarlo o ponerlo en l\u00ednea para compartirlo, por ejemplo, con las personas que est\u00e9n ausentes y quieran verlo m\u00e1s tarde en diferido.[\/et_pb_slide][\/et_pb_slider][\/et_pb_column][et_pb_column type=\u00bb1_2&#8243; module_class=\u00bbcentrer-verticalement\u00bb _builder_version=\u00bb4.20.2&#8243; custom_padding=\u00bb|||\u00bb global_colors_info=\u00bb{}\u00bb custom_padding__hover=\u00bb|||\u00bb][et_pb_image src=\u00bbhttps:\/\/cdn.speechi.com\/wp-content\/uploads\/2023\/04\/interactive-screen-classroom.jpg\u00bb alt=\u00bbEl profesor utiliza una pantalla t\u00e1ctil para mostrar gr\u00e1ficos e im\u00e1genes.\u00bb title_text=\u00bbEl profesor utiliza una pantalla t\u00e1ctil para mostrar gr\u00e1ficos e im\u00e1genes.\u00bb align=\u00bbcenter\u00bb force_fullwidth=\u00bbon\u00bb align_tablet=\u00bbcenter\u00bb align_phone=\u00bbcenter\u00bb align_last_edited=\u00bbon|desktop\u00bb admin_label=\u00bbImage\u00bb _builder_version=\u00bb4.20.2&#8243; animation_style=\u00bbslide\u00bb animation_direction=\u00bbright\u00bb animation_duration=\u00bb500ms\u00bb animation_intensity_slide=\u00bb10%\u00bb use_border_color=\u00bboff\u00bb border_color=\u00bb#ffffff\u00bb border_width=\u00bb1px\u00bb border_style=\u00bbsolid\u00bb animation=\u00bbright\u00bb sticky=\u00bboff\u00bb always_center_on_mobile=\u00bbon\u00bb global_colors_info=\u00bb{}\u00bb] [\/et_pb_image][\/et_pb_column][\/et_pb_row][\/et_pb_section][et_pb_section fb_built=\u00bb1&#8243; fullwidth=\u00bbon\u00bb _builder_version=\u00bb4.20.2&#8243; _module_preset=\u00bbdefault\u00bb collapsed=\u00bbon\u00bb global_colors_info=\u00bb{}\u00bb][et_pb_fullwidth_header title=\u00bb\u00bfQuieres ser partner de Speechi?\u00bb text_orientation=\u00bbcenter\u00bb button_one_text=\u00bb\u00a1Aqu\u00ed es!\u00bb button_one_url=\u00bb@ET-DC@eyJkeW5hbWljIjp0cnVlLCJjb250ZW50IjoicG9zdF9saW5rX3VybF9wYWdlIiwic2V0dGluZ3MiOnsicG9zdF9pZCI6IjQzOTUzOTMifX0=@\u00bb _builder_version=\u00bb4.20.2&#8243; _dynamic_attributes=\u00bbbutton_one_url\u00bb _module_preset=\u00bbdefault\u00bb title_text_align=\u00bbcenter\u00bb content_text_align=\u00bbcenter\u00bb subhead_text_align=\u00bbcenter\u00bb custom_button_one=\u00bbon\u00bb button_one_border_radius=\u00bb49px\u00bb button_one_custom_margin=\u00bb|auto|||false|false\u00bb button_one_custom_padding=\u00bb||||false|false\u00bb global_colors_info=\u00bb{}\u00bb][\/et_pb_fullwidth_header][\/et_pb_section]<\/p>\n","protected":false},"excerpt":{"rendered":"<p>Un soporte para clases conectadas e interactivasEnse\u00f1a, facilita y comparte tus conocimientos, incluso a distancia Al igual que la pizarra tradicional, la pantalla interactiva constituye un soporte pedag\u00f3gico con un potencial multiplicado. Gracias a una superficie de trabajo infinita, su acceso a internet, a aplicaciones y software, este medio digital te ofrece la posibilidad de [&hellip;]<\/p>\n","protected":false},"author":3,"featured_media":0,"parent":0,"menu_order":0,"comment_status":"closed","ping_status":"closed","template":"","meta":{"_acf_changed":false,"_seopress_robots_primary_cat":"","_seopress_titles_title":"Soluciones interactivas y colaborativas para la educaci\u00f3n","_seopress_titles_desc":"Capta la atenci\u00f3n de tus alumnos con soluciones interactivas, educativas y conectadas para la ense\u00f1anza presencial y a distancia.","_seopress_robots_index":"","_et_pb_use_builder":"on","_et_pb_old_content":"","_et_gb_content_width":"","footnotes":""},"difl_page_category":[],"class_list":["post-44169629","page","type-page","status-publish","hentry"],"acf":[],"_links":{"self":[{"href":"https:\/\/speechi.com\/es\/wp-json\/wp\/v2\/pages\/44169629","targetHints":{"allow":["GET"]}}],"collection":[{"href":"https:\/\/speechi.com\/es\/wp-json\/wp\/v2\/pages"}],"about":[{"href":"https:\/\/speechi.com\/es\/wp-json\/wp\/v2\/types\/page"}],"author":[{"embeddable":true,"href":"https:\/\/speechi.com\/es\/wp-json\/wp\/v2\/users\/3"}],"replies":[{"embeddable":true,"href":"https:\/\/speechi.com\/es\/wp-json\/wp\/v2\/comments?post=44169629"}],"version-history":[{"count":2,"href":"https:\/\/speechi.com\/es\/wp-json\/wp\/v2\/pages\/44169629\/revisions"}],"predecessor-version":[{"id":44169631,"href":"https:\/\/speechi.com\/es\/wp-json\/wp\/v2\/pages\/44169629\/revisions\/44169631"}],"wp:attachment":[{"href":"https:\/\/speechi.com\/es\/wp-json\/wp\/v2\/media?parent=44169629"}],"wp:term":[{"taxonomy":"difl_page_category","embeddable":true,"href":"https:\/\/speechi.com\/es\/wp-json\/wp\/v2\/difl_page_category?post=44169629"}],"curies":[{"name":"wp","href":"https:\/\/api.w.org\/{rel}","templated":true}]}}