{"id":44169671,"date":"2024-05-29T16:01:20","date_gmt":"2024-05-29T14:01:20","guid":{"rendered":"https:\/\/speechi.com\/prestamo-de-material\/"},"modified":"2024-08-20T10:20:08","modified_gmt":"2024-08-20T08:20:08","slug":"prestamo-de-material","status":"publish","type":"page","link":"https:\/\/speechi.com\/es\/prestamo-de-material\/","title":{"rendered":"Pr\u00e9stamo de material"},"content":{"rendered":"<p>[et_pb_section fb_built=\u00bb1&#8243; _builder_version=\u00bb4.21.0&#8243; _module_preset=\u00bbdefault\u00bb background_image=\u00bbhttps:\/\/speechi.com\/wp-content\/uploads\/2024\/06\/speechi-services-pret-1-1.jpg\u00bb width=\u00bb100%\u00bb height=\u00bb633px\u00bb custom_padding=\u00bb202px|||||\u00bb global_colors_info=\u00bb{}\u00bb][et_pb_row _builder_version=\u00bb4.21.0&#8243; _module_preset=\u00bbdefault\u00bb custom_padding=\u00bb0px|||||\u00bb global_colors_info=\u00bb{}\u00bb][et_pb_column type=\u00bb4_4&#8243; _builder_version=\u00bb4.21.0&#8243; _module_preset=\u00bbdefault\u00bb global_colors_info=\u00bb{}\u00bb][et_pb_text _builder_version=\u00bb4.21.0&#8243; _module_preset=\u00bbdefault\u00bb text_font=\u00bbMontserrat|300|||||||\u00bb text_text_color=\u00bb#161f32&#8243; text_font_size=\u00bb35px\u00bb text_line_height=\u00bb1.2em\u00bb header_font=\u00bbMontserrat|300|||||||\u00bb header_text_color=\u00bb#161f32&#8243; header_font_size=\u00bb29px\u00bb header_line_height=\u00bb1.4em\u00bb width=\u00bb100%\u00bb custom_margin=\u00bb-37px||3px|||\u00bb hover_enabled=\u00bb0&#8243; global_colors_info=\u00bb{}\u00bb sticky_enabled=\u00bb0&#8243;]<\/p>\n<h1 style=\"font-size: 18px;\">Probar<br \/><strong style=\"font-size: 24px;\">Pr\u00e9stamo de material<\/strong><\/h1>\n<p>Nuestras soluciones <br \/>colaborativas <br \/>en pr\u00e9stamo<\/p>\n<p>[\/et_pb_text][\/et_pb_column][\/et_pb_row][et_pb_row _builder_version=\u00bb4.21.0&#8243; _module_preset=\u00bbdefault\u00bb custom_margin=\u00bb|auto|23px|auto||\u00bb global_colors_info=\u00bb{}\u00bb][et_pb_column type=\u00bb4_4&#8243; _builder_version=\u00bb4.21.0&#8243; _module_preset=\u00bbdefault\u00bb global_colors_info=\u00bb{}\u00bb][dsm_button button_alignment=\u00bbleft\u00bb _builder_version=\u00bb4.21.0&#8243; _module_preset=\u00bbdefault\u00bb custom_margin=\u00bb1px||1px||true|false\u00bb custom_padding=\u00bb6px|53px||53px|false|true\u00bb custom_css_main_element=\u00bb font-family: Montserrat;||||   \u00bb global_colors_info=\u00bb{}\u00bb][\/dsm_button][et_pb_button button_url=\u00bbhttps:\/\/speechi.com\/es\/contact\/\u00bb button_text=\u00bbM\u00c1S INFORMACI\u00d3N\u00bb button_alignment=\u00bbleft\u00bb _builder_version=\u00bb4.21.0&#8243; _module_preset=\u00bbdefault\u00bb custom_button=\u00bbon\u00bb button_text_size=\u00bb17px\u00bb button_text_color=\u00bb#FFFFFF\u00bb button_bg_color=\u00bb#161f32&#8243; button_border_width=\u00bb0px\u00bb button_border_radius=\u00bb4px\u00bb button_letter_spacing=\u00bb0px\u00bb custom_margin=\u00bb1px||1px||true|false\u00bb custom_padding=\u00bb6px|53px||53px|false|true\u00bb custom_css_main_element=\u00bb font-family: Montserrat;||||   \u00bb global_colors_info=\u00bb{}\u00bb][\/et_pb_button][\/et_pb_column][\/et_pb_row][\/et_pb_section][et_pb_section fb_built=\u00bb1&#8243; _builder_version=\u00bb4.21.0&#8243; _module_preset=\u00bbdefault\u00bb use_background_color_gradient=\u00bbon\u00bb background_color_gradient_stops=\u00bb#ffffff 63%|#1a2336 63%\u00bb custom_padding=\u00bb36px|||||\u00bb global_colors_info=\u00bb{}\u00bb][et_pb_row _builder_version=\u00bb4.21.0&#8243; _module_preset=\u00bbdefault\u00bb global_colors_info=\u00bb{}\u00bb][et_pb_column type=\u00bb4_4&#8243; _builder_version=\u00bb4.21.0&#8243; _module_preset=\u00bbdefault\u00bb global_colors_info=\u00bb{}\u00bb][et_pb_text _builder_version=\u00bb4.21.0&#8243; _module_preset=\u00bbdefault\u00bb text_font=\u00bbMontserrat||||||||\u00bb text_font_size=\u00bb13px\u00bb text_line_height=\u00bb1.6em\u00bb header_2_text_color=\u00bb#1a2336&#8243; header_2_line_height=\u00bb1.6em\u00bb header_4_font=\u00bbMontserrat|300|||||||\u00bb header_4_text_color=\u00bb#28bfc7&#8243; header_4_font_size=\u00bb17px\u00bb header_4_letter_spacing=\u00bb2px\u00bb header_4_line_height=\u00bb1.1em\u00bb hover_enabled=\u00bb0&#8243; global_colors_info=\u00bb{}\u00bb sticky_enabled=\u00bb0&#8243;]<\/p>\n<h4 style=\"text-align: center;\">Pr\u00e9stamo de material<\/h4>\n<h2 style=\"text-align: center;\">Descubre nuestras soluciones colaborativas <br \/>disponibles en pr\u00e9stamo<\/h2>\n<p style=\"text-align: center;\">En Speechi somos conscientes de la importancia de elegir el material adecuado para un trabajo colaborativo eficaz, por eso nos comprometemos a prestar nuestras pantallas interactivas y sus accesorios durante un tiempo determinado. Se trata de una oportunidad real para probar la eficacia de nuestras soluciones digitales en tu entorno profesional, pero tambi\u00e9n para ver si la pantalla interactiva satisface tus necesidades.<\/p>\n<p>[\/et_pb_text][\/et_pb_column][\/et_pb_row][et_pb_row column_structure=\u00bb1_2,1_2&#8243; _builder_version=\u00bb4.21.0&#8243; _module_preset=\u00bbdefault\u00bb global_colors_info=\u00bb{}\u00bb][et_pb_column type=\u00bb1_2&#8243; _builder_version=\u00bb4.21.0&#8243; _module_preset=\u00bbdefault\u00bb global_colors_info=\u00bb{}\u00bb][et_pb_image src=\u00bbhttps:\/\/speechi.com\/wp-content\/uploads\/2024\/06\/speechi-services-pret-2.png\u00bb title_text=\u00bbPr\u00e9stamo de material\u00bb _builder_version=\u00bb4.21.0&#8243; _module_preset=\u00bbdefault\u00bb global_colors_info=\u00bb{}\u00bb][\/et_pb_image][et_pb_text _builder_version=\u00bb4.21.0&#8243; _module_preset=\u00bbdefault\u00bb text_font=\u00bbMontserrat||||||||\u00bb text_text_color=\u00bb#FFFFFF\u00bb text_font_size=\u00bb13px\u00bb text_line_height=\u00bb1.6em\u00bb header_4_font=\u00bbMontserrat||||||||\u00bb header_4_text_color=\u00bb#28bfc7&#8243; header_4_font_size=\u00bb20px\u00bb header_4_line_height=\u00bb1.2em\u00bb global_colors_info=\u00bb{}\u00bb]<\/p>\n<h4>Pantalla interactiva<\/h4>\n<p>Entre nuestras pantallas interactivas, puedes tomar prestada una SuperGlass +S o una SuperGlass 3. Una vez a tu disposici\u00f3n, podr\u00e1s probar todas las funcionalidades y personalizar su interfaz para reflejar la imagen de tu empresa. <\/p>\n<p>[\/et_pb_text][\/et_pb_column][et_pb_column type=\u00bb1_2&#8243; _builder_version=\u00bb4.21.0&#8243; _module_preset=\u00bbdefault\u00bb global_colors_info=\u00bb{}\u00bb][et_pb_image src=\u00bbhttps:\/\/speechi.com\/wp-content\/uploads\/2024\/06\/speechi-services-pret-3.png\u00bb title_text=\u00bbPr\u00e9stamo de material\u00bb _builder_version=\u00bb4.21.0&#8243; _module_preset=\u00bbdefault\u00bb global_colors_info=\u00bb{}\u00bb][\/et_pb_image][et_pb_text _builder_version=\u00bb4.21.0&#8243; _module_preset=\u00bbdefault\u00bb text_font=\u00bbMontserrat||||||||\u00bb text_text_color=\u00bb#FFFFFF\u00bb text_font_size=\u00bb13px\u00bb text_line_height=\u00bb1.6em\u00bb header_font=\u00bbMontserrat||||||||\u00bb header_4_font=\u00bbMontserrat||||||||\u00bb header_4_text_color=\u00bb#28bfc7&#8243; header_4_font_size=\u00bb21px\u00bb header_4_line_height=\u00bb1.2em\u00bb global_colors_info=\u00bb{}\u00bb]<\/p>\n<h4>Herramienta de videoconferencia<\/h4>\n<p>Sum\u00e9rgete en una nueva forma de trabajar probando nuestras c\u00e1maras de videoconferencia. Para evitar continuos desplazamientos, puedes colaborar con tus compa\u00f1eros o clientes de forma flexible compartiendo tus reuniones a distancia. <\/p>\n<p>[\/et_pb_text][\/et_pb_column][\/et_pb_row][\/et_pb_section][et_pb_section fb_built=\u00bb1&#8243; _builder_version=\u00bb4.21.0&#8243; _module_preset=\u00bbdefault\u00bb use_background_color_gradient=\u00bbon\u00bb background_color_gradient_stops=\u00bb#ffffff 44%|#e9e9e9 48%\u00bb global_colors_info=\u00bb{}\u00bb][et_pb_row _builder_version=\u00bb4.21.0&#8243; _module_preset=\u00bbdefault\u00bb global_colors_info=\u00bb{}\u00bb][et_pb_column type=\u00bb4_4&#8243; _builder_version=\u00bb4.21.0&#8243; _module_preset=\u00bbdefault\u00bb global_colors_info=\u00bb{}\u00bb][et_pb_text _builder_version=\u00bb4.21.0&#8243; _module_preset=\u00bbdefault\u00bb global_colors_info=\u00bb{}\u00bb]<\/p>\n<h2 style=\"text-align: center;\">Prueba a\u00fan m\u00e1s funciones<\/h2>\n<p>[\/et_pb_text][\/et_pb_column][\/et_pb_row][et_pb_row column_structure=\u00bb1_3,1_3,1_3&#8243; _builder_version=\u00bb4.21.0&#8243; _module_preset=\u00bbdefault\u00bb global_colors_info=\u00bb{}\u00bb][et_pb_column type=\u00bb1_3&#8243; _builder_version=\u00bb4.21.0&#8243; _module_preset=\u00bbdefault\u00bb global_colors_info=\u00bb{}\u00bb][et_pb_image src=\u00bbhttps:\/\/speechi.com\/wp-content\/uploads\/2024\/06\/speechi-services-pret-4.png\u00bb title_text=\u00bbPr\u00e9stamo de material\u00bb _builder_version=\u00bb4.21.0&#8243; _module_preset=\u00bbdefault\u00bb global_colors_info=\u00bb{}\u00bb][\/et_pb_image][et_pb_text _builder_version=\u00bb4.21.0&#8243; _module_preset=\u00bbdefault\u00bb text_font=\u00bbMontserrat||||||||\u00bb text_font_size=\u00bb13px\u00bb text_line_height=\u00bb1.6em\u00bb header_4_font=\u00bbMontserrat||||||||\u00bb header_4_font_size=\u00bb24px\u00bb header_4_line_height=\u00bb1.2em\u00bb global_colors_info=\u00bb{}\u00bb]<\/p>\n<h4>Speechi<br \/>Connect<\/h4>\n<p>Para una experiencia de usuario personalizada y uniforme en todas tus pantallas<\/p>\n<p>[\/et_pb_text][\/et_pb_column][et_pb_column type=\u00bb1_3&#8243; _builder_version=\u00bb4.21.0&#8243; _module_preset=\u00bbdefault\u00bb global_colors_info=\u00bb{}\u00bb][et_pb_image src=\u00bbhttps:\/\/speechi.com\/wp-content\/uploads\/2024\/06\/speechi-services-pret-5.png\u00bb title_text=\u00bbPr\u00e9stamo de material\u00bb _builder_version=\u00bb4.21.0&#8243; _module_preset=\u00bbdefault\u00bb global_colors_info=\u00bb{}\u00bb][\/et_pb_image][et_pb_text _builder_version=\u00bb4.21.0&#8243; _module_preset=\u00bbdefault\u00bb text_font=\u00bbMontserrat||||||||\u00bb text_font_size=\u00bb13px\u00bb text_line_height=\u00bb1.6em\u00bb header_4_font=\u00bbMontserrat||||||||\u00bb header_4_font_size=\u00bb24px\u00bb header_4_line_height=\u00bb1.2em\u00bb global_colors_info=\u00bb{}\u00bb]<\/p>\n<h4>Bytello<br \/>Share<\/h4>\n<p>Para un control total de tu pantalla interactiva desde tus dispositivos<\/p>\n<p>[\/et_pb_text][\/et_pb_column][et_pb_column type=\u00bb1_3&#8243; _builder_version=\u00bb4.21.0&#8243; _module_preset=\u00bbdefault\u00bb global_colors_info=\u00bb{}\u00bb][et_pb_image src=\u00bbhttps:\/\/speechi.com\/wp-content\/uploads\/2024\/06\/speechi-services-pret-6.png\u00bb title_text=\u00bbPrueba a\u00fan m\u00e1s funciones\u00bb _builder_version=\u00bb4.21.0&#8243; _module_preset=\u00bbdefault\u00bb global_colors_info=\u00bb{}\u00bb][\/et_pb_image][et_pb_text _builder_version=\u00bb4.21.0&#8243; _module_preset=\u00bbdefault\u00bb text_font=\u00bbMontserrat||||||||\u00bb text_font_size=\u00bb13px\u00bb text_line_height=\u00bb1.6em\u00bb header_4_font=\u00bbMontserrat||||||||\u00bb header_4_font_size=\u00bb24px\u00bb header_4_line_height=\u00bb1.2em\u00bb global_colors_info=\u00bb{}\u00bb]<\/p>\n<h4>Software de <br \/>videoconferencia<\/h4>\n<p>Para reuniones a distancia <br \/>r\u00e1pidas y sencillas<\/p>\n<p>[\/et_pb_text][\/et_pb_column][\/et_pb_row][\/et_pb_section][et_pb_section fb_built=\u00bb1&#8243; _builder_version=\u00bb4.21.0&#8243; _module_preset=\u00bbdefault\u00bb use_background_color_gradient=\u00bbon\u00bb background_color_gradient_stops=\u00bb#ffffff 53%|#28bfc7 53%\u00bb custom_padding=\u00bb7px|||||\u00bb global_colors_info=\u00bb{}\u00bb][et_pb_row _builder_version=\u00bb4.21.0&#8243; _module_preset=\u00bbdefault\u00bb global_colors_info=\u00bb{}\u00bb][et_pb_column type=\u00bb4_4&#8243; _builder_version=\u00bb4.21.0&#8243; _module_preset=\u00bbdefault\u00bb global_colors_info=\u00bb{}\u00bb][et_pb_text _builder_version=\u00bb4.21.0&#8243; _module_preset=\u00bbdefault\u00bb text_font=\u00bbMontserrat||||||||\u00bb text_font_size=\u00bb12px\u00bb text_line_height=\u00bb1.6em\u00bb header_3_font=\u00bbMontserrat||||||||\u00bb header_3_line_height=\u00bb2.2em\u00bb global_colors_info=\u00bb{}\u00bb]<\/p>\n<h3 style=\"text-align: center;\">\u00bfTienes proyectos importantes?<\/h3>\n<p style=\"text-align: center;\">Nuestro servicio de pr\u00e9stamo de material se ha creado para ayudarte a alcanzar tus objetivos. Te permite beneficiarte temporalmente de nuestras soluciones digitales y probarlas con otros empleados. Deja que todos tus departamentos prueben nuestras pantallas y sus funcionalidades, y comprueben por s\u00ed mismos c\u00f3mo pueden agilizar los procesos de trabajo, colaboraci\u00f3n y comunicaci\u00f3n. Si eres una empresa que quiere probar nuestras pantallas antes de comprometerse con un proyecto, \u00a1este tipo de pr\u00e9stamo est\u00e1 hecho para t\u00ed!   <\/p>\n<p>[\/et_pb_text][et_pb_image src=\u00bbhttps:\/\/speechi.com\/wp-content\/uploads\/2024\/06\/speechi-services-pret-7.png\u00bb title_text=\u00bb\u00bfTienes proyectos importantes?\u00bb _builder_version=\u00bb4.21.0&#8243; _module_preset=\u00bbdefault\u00bb global_colors_info=\u00bb{}\u00bb][\/et_pb_image][\/et_pb_column][\/et_pb_row][et_pb_row column_structure=\u00bb1_2,1_2&#8243; _builder_version=\u00bb4.21.0&#8243; _module_preset=\u00bbdefault\u00bb global_colors_info=\u00bb{}\u00bb][et_pb_column type=\u00bb1_2&#8243; _builder_version=\u00bb4.21.0&#8243; _module_preset=\u00bbdefault\u00bb global_colors_info=\u00bb{}\u00bb][et_pb_text _builder_version=\u00bb4.21.0&#8243; _module_preset=\u00bbdefault\u00bb text_font=\u00bbMontserrat||||||||\u00bb text_font_size=\u00bb14px\u00bb text_line_height=\u00bb1.6em\u00bb header_4_font=\u00bbMontserrat||||||||\u00bb header_4_line_height=\u00bb1.2em\u00bb global_colors_info=\u00bb{}\u00bb]<\/p>\n<h4>Optimiza la comunicaci\u00f3n interna<\/h4>\n<p>Instala pantallas interactivas en cada departamento de tu empresa para mejorar la comunicaci\u00f3n entre ellos.<\/p>\n<p>[\/et_pb_text][\/et_pb_column][et_pb_column type=\u00bb1_2&#8243; _builder_version=\u00bb4.21.0&#8243; _module_preset=\u00bbdefault\u00bb global_colors_info=\u00bb{}\u00bb][et_pb_text _builder_version=\u00bb4.21.0&#8243; _module_preset=\u00bbdefault\u00bb text_font=\u00bbMontserrat||||||||\u00bb text_font_size=\u00bb14px\u00bb text_line_height=\u00bb1.6em\u00bb header_4_font=\u00bbMontserrat||||||||\u00bb header_4_line_height=\u00bb1.2em\u00bb global_colors_info=\u00bb{}\u00bb]<\/p>\n<h4><strong>Rompe fronteras<\/strong><\/h4>\n<p>\u00bfTus empleados est\u00e1n repartidos por todo el mundo? Aprovecha nuestras soluciones de colaboraci\u00f3n para reducir las distancias. <\/p>\n<p>[\/et_pb_text][\/et_pb_column][\/et_pb_row][\/et_pb_section][et_pb_section fb_built=\u00bb1&#8243; _builder_version=\u00bb4.21.0&#8243; _module_preset=\u00bbdefault\u00bb custom_padding=\u00bb||0px|||\u00bb global_colors_info=\u00bb{}\u00bb][et_pb_row _builder_version=\u00bb4.21.0&#8243; _module_preset=\u00bbdefault\u00bb custom_padding=\u00bb||1px|||\u00bb global_colors_info=\u00bb{}\u00bb][et_pb_column type=\u00bb4_4&#8243; _builder_version=\u00bb4.21.0&#8243; _module_preset=\u00bbdefault\u00bb global_colors_info=\u00bb{}\u00bb][et_pb_text _builder_version=\u00bb4.21.0&#8243; _module_preset=\u00bbdefault\u00bb header_2_font=\u00bbMontserrat||||||||\u00bb global_colors_info=\u00bb{}\u00bb]<\/p>\n<h2 style=\"text-align: center;\">\u00bfC\u00f3mo funciona el pr\u00e9stamo?<\/h2>\n<p>[\/et_pb_text][et_pb_image src=\u00bbhttps:\/\/speechi.com\/wp-content\/uploads\/2024\/06\/speechi-services-pret-8.png\u00bb title_text=\u00bb\u00bfC\u00f3mo funciona el pr\u00e9stamo?\u00bb _builder_version=\u00bb4.21.0&#8243; _module_preset=\u00bbdefault\u00bb global_colors_info=\u00bb{}\u00bb][\/et_pb_image][\/et_pb_column][\/et_pb_row][\/et_pb_section][et_pb_section fb_built=\u00bb1&#8243; _builder_version=\u00bb4.21.0&#8243; _module_preset=\u00bbdefault\u00bb background_color=\u00bb#1c2c44&#8243; global_colors_info=\u00bb{}\u00bb][et_pb_row column_structure=\u00bb1_4,1_4,1_4,1_4&#8243; _builder_version=\u00bb4.21.0&#8243; _module_preset=\u00bbdefault\u00bb global_colors_info=\u00bb{}\u00bb][et_pb_column type=\u00bb1_4&#8243; _builder_version=\u00bb4.21.0&#8243; _module_preset=\u00bbdefault\u00bb global_colors_info=\u00bb{}\u00bb][et_pb_text _builder_version=\u00bb4.21.0&#8243; _module_preset=\u00bbdefault\u00bb text_font=\u00bbMontserrat||||||||\u00bb text_text_color=\u00bb#FFFFFF\u00bb text_font_size=\u00bb14px\u00bb text_line_height=\u00bb1.6em\u00bb header_4_font=\u00bbMontserrat||||||||\u00bb header_4_text_color=\u00bb#FFFFFF\u00bb header_4_font_size=\u00bb27px\u00bb global_colors_info=\u00bb{}\u00bb]<\/p>\n<h4>Prestar<\/h4>\n<p>Ponte en contacto con nuestro equipo para preparar juntos tu pr\u00e9stamo de material.<\/p>\n<p>[\/et_pb_text][\/et_pb_column][et_pb_column type=\u00bb1_4&#8243; _builder_version=\u00bb4.21.0&#8243; _module_preset=\u00bbdefault\u00bb global_colors_info=\u00bb{}\u00bb][et_pb_text _builder_version=\u00bb4.21.0&#8243; _module_preset=\u00bbdefault\u00bb text_font=\u00bbMontserrat||||||||\u00bb text_text_color=\u00bb#FFFFFF\u00bb text_font_size=\u00bb14px\u00bb text_line_height=\u00bb1.6em\u00bb header_4_font=\u00bbMontserrat||||||||\u00bb header_4_text_color=\u00bb#FFFFFF\u00bb header_4_font_size=\u00bb27px\u00bb global_colors_info=\u00bb{}\u00bb]<\/p>\n<h4>Instalar<\/h4>\n<p>Recibe nuestras pantallas interactivas en un flightcase con ruedas para su instalaci\u00f3n y configuraci\u00f3n inmediatas.<\/p>\n<p>[\/et_pb_text][\/et_pb_column][et_pb_column type=\u00bb1_4&#8243; _builder_version=\u00bb4.21.0&#8243; _module_preset=\u00bbdefault\u00bb global_colors_info=\u00bb{}\u00bb][et_pb_text _builder_version=\u00bb4.21.0&#8243; _module_preset=\u00bbdefault\u00bb text_font=\u00bbMontserrat||||||||\u00bb text_text_color=\u00bb#FFFFFF\u00bb text_font_size=\u00bb14px\u00bb text_line_height=\u00bb1.6em\u00bb header_4_font=\u00bbMontserrat||||||||\u00bb header_4_text_color=\u00bb#FFFFFF\u00bb header_4_font_size=\u00bb27px\u00bb global_colors_info=\u00bb{}\u00bb]<\/p>\n<h4>Probar<\/h4>\n<p>Aprovecha el equipo durante un periodo de tiempo concreto probando todas sus posibilidades.<\/p>\n<p>[\/et_pb_text][\/et_pb_column][et_pb_column type=\u00bb1_4&#8243; _builder_version=\u00bb4.21.0&#8243; _module_preset=\u00bbdefault\u00bb global_colors_info=\u00bb{}\u00bb][et_pb_text _builder_version=\u00bb4.21.0&#8243; _module_preset=\u00bbdefault\u00bb text_font=\u00bbMontserrat||||||||\u00bb text_text_color=\u00bb#FFFFFF\u00bb text_font_size=\u00bb14px\u00bb text_line_height=\u00bb1.6em\u00bb header_4_font=\u00bbMontserrat||||||||\u00bb header_4_text_color=\u00bb#FFFFFF\u00bb header_4_font_size=\u00bb27px\u00bb global_colors_info=\u00bb{}\u00bb]<\/p>\n<h4>Soporte<\/h4>\n<p>Benef\u00edciate del acompa\u00f1amiento de nuestro equipo para obtener la mejor experiencia posible.<\/p>\n<p>[\/et_pb_text][\/et_pb_column][\/et_pb_row][\/et_pb_section][et_pb_section fb_built=\u00bb1&#8243; _builder_version=\u00bb4.21.0&#8243; _module_preset=\u00bbdefault\u00bb use_background_color_gradient=\u00bbon\u00bb background_color_gradient_stops=\u00bb#28bfc7 47%|#ffffff 47%\u00bb global_colors_info=\u00bb{}\u00bb][et_pb_row column_structure=\u00bb2_5,3_5&#8243; _builder_version=\u00bb4.21.0&#8243; _module_preset=\u00bbdefault\u00bb global_colors_info=\u00bb{}\u00bb][et_pb_column type=\u00bb2_5&#8243; _builder_version=\u00bb4.21.0&#8243; _module_preset=\u00bbdefault\u00bb global_colors_info=\u00bb{}\u00bb][et_pb_text _builder_version=\u00bb4.21.0&#8243; _module_preset=\u00bbdefault\u00bb text_font=\u00bbMontserrat||||||||\u00bb text_font_size=\u00bb14px\u00bb text_line_height=\u00bb1.6em\u00bb header_4_font=\u00bbMontserrat||||||||\u00bb header_4_font_size=\u00bb27px\u00bb header_4_line_height=\u00bb1.1em\u00bb global_colors_info=\u00bb{}\u00bb]<\/p>\n<h4>Speechi <br \/>te asiste en <br \/>tu tr\u00e1mite<\/h4>\n<p>Si est\u00e1s interesado en nuestro servicio de pr\u00e9stamo de material, contacta a nuestro equipo para obtener m\u00e1s informaci\u00f3n y comenzar tu acompa\u00f1amiento.<\/p>\n<p>Rellena el formulario <br \/>o contacta con nosotros por tel\u00e9fono:<br \/><strong>33 (0)3 79 59 01 97<\/strong><\/p>\n<p>[\/et_pb_text][et_pb_image src=\u00bbhttps:\/\/speechi.com\/wp-content\/uploads\/2024\/06\/speechi-services-pret-9.png\u00bb title_text=\u00bbSpeechi te asiste en tu tr\u00e1mite\u00bb _builder_version=\u00bb4.21.0&#8243; _module_preset=\u00bbdefault\u00bb custom_padding=\u00bb8px||13px|||\u00bb global_colors_info=\u00bb{}\u00bb][\/et_pb_image][\/et_pb_column][et_pb_column type=\u00bb3_5&#8243; _builder_version=\u00bb4.21.0&#8243; _module_preset=\u00bbdefault\u00bb global_colors_info=\u00bb{}\u00bb][et_pb_code _builder_version=\u00bb4.21.0&#8243; _module_preset=\u00bbdefault\u00bb global_colors_info=\u00bb{}\u00bb]<iframe frameborder=\"0\" style=\"height:1150px;width:100%;border:none;\" src=\"https:\/\/forms.zohopublic.com\/thierryklein\/form\/FORMLP\/formperma\/16Ws647vFCQnG1iB6wMZQnASnaMxkY7qpCFWW-ACsZY?zf_lang=es\"><\/iframe>[\/et_pb_code][\/et_pb_column][\/et_pb_row][\/et_pb_section]<\/p>\n","protected":false},"excerpt":{"rendered":"<p>ProbarPr\u00e9stamo de material Nuestras soluciones colaborativas en pr\u00e9stamo<div class=\"et_pb_module dsm_button dsm_button_0 et_pb_bg_layout_light\">\n\t\t\t\t\n\t\t\t\t\n\t\t\t\t\n\t\t\t\t\n\t\t\t\t\n\t\t\t\t\n\t\t\t\t<div class=\"et_pb_module_inner\">\n\t\t\t\t\t<div class=\"et_pb_button_module_wrappers dsm_button_0_wrapper et_pb_button_alignment_left et_pb_module\">\n\t\t\t\t\n\t\t\t<\/div>\n\t\t\t\t<\/div>\n\t\t\t<\/div>Pr\u00e9stamo de material Descubre nuestras soluciones colaborativas disponibles en pr\u00e9stamo En Speechi somos conscientes de la importancia de elegir el material adecuado para un trabajo colaborativo eficaz, por eso nos comprometemos a prestar nuestras pantallas interactivas y sus [&hellip;]<\/p>\n","protected":false},"author":14,"featured_media":0,"parent":0,"menu_order":0,"comment_status":"closed","ping_status":"closed","template":"","meta":{"_acf_changed":false,"_seopress_robots_primary_cat":"","_seopress_titles_title":"Pr\u00e9stamo de pantallas y pizarras interactivas, herramientas de videoconferencia","_seopress_titles_desc":"Nuestro servicio de pr\u00e9stamo de material est\u00e1 pensado para escuelas y empresas: pantallas y pizarras interactivas, y herramientas de videoconferencia.","_seopress_robots_index":"","_et_pb_use_builder":"on","_et_pb_old_content":"","_et_gb_content_width":"","footnotes":""},"difl_page_category":[],"class_list":["post-44169671","page","type-page","status-publish","hentry"],"acf":[],"_links":{"self":[{"href":"https:\/\/speechi.com\/es\/wp-json\/wp\/v2\/pages\/44169671","targetHints":{"allow":["GET"]}}],"collection":[{"href":"https:\/\/speechi.com\/es\/wp-json\/wp\/v2\/pages"}],"about":[{"href":"https:\/\/speechi.com\/es\/wp-json\/wp\/v2\/types\/page"}],"author":[{"embeddable":true,"href":"https:\/\/speechi.com\/es\/wp-json\/wp\/v2\/users\/14"}],"replies":[{"embeddable":true,"href":"https:\/\/speechi.com\/es\/wp-json\/wp\/v2\/comments?post=44169671"}],"version-history":[{"count":4,"href":"https:\/\/speechi.com\/es\/wp-json\/wp\/v2\/pages\/44169671\/revisions"}],"predecessor-version":[{"id":44169676,"href":"https:\/\/speechi.com\/es\/wp-json\/wp\/v2\/pages\/44169671\/revisions\/44169676"}],"wp:attachment":[{"href":"https:\/\/speechi.com\/es\/wp-json\/wp\/v2\/media?parent=44169671"}],"wp:term":[{"taxonomy":"difl_page_category","embeddable":true,"href":"https:\/\/speechi.com\/es\/wp-json\/wp\/v2\/difl_page_category?post=44169671"}],"curies":[{"name":"wp","href":"https:\/\/api.w.org\/{rel}","templated":true}]}}