{"id":44169784,"date":"2023-03-20T12:01:31","date_gmt":"2023-03-20T11:01:31","guid":{"rendered":"https:\/\/speechi.com\/soporte\/"},"modified":"2024-10-10T10:55:49","modified_gmt":"2024-10-10T08:55:49","slug":"soporte","status":"publish","type":"page","link":"https:\/\/speechi.com\/es\/soporte\/","title":{"rendered":"Soporte"},"content":{"rendered":"<p>[et_pb_section fb_built=\u00bb1&#8243; admin_label=\u00bbHeader\u00bb _builder_version=\u00bb4.20.2&#8243; _module_preset=\u00bbdefault\u00bb use_background_color_gradient=\u00bbon\u00bb background_color_gradient_stops=\u00bb#f5f5f5 36%|#18b6c3 36%\u00bb global_colors_info=\u00bb{%22gcid-431bd12a-5227-4536-9132-2528c0596703%22:%91%93}\u00bb][et_pb_row column_structure=\u00bb1_2,1_2&#8243; _builder_version=\u00bb4.16&#8243; _module_preset=\u00bbdefault\u00bb global_colors_info=\u00bb{}\u00bb][et_pb_column type=\u00bb1_2&#8243; _builder_version=\u00bb4.16&#8243; _module_preset=\u00bbdefault\u00bb global_colors_info=\u00bb{}\u00bb][et_pb_text _builder_version=\u00bb4.21.0&#8243; _module_preset=\u00bbb0bf5418-994a-43d1-aef8-7d7c6764119d\u00bb header_font=\u00bbMontserrat|600|||||||\u00bb header_text_color=\u00bb#383838&#8243; header_font_size=\u00bb50px\u00bb header_letter_spacing=\u00bb1px\u00bb header_line_height=\u00bb1.2em\u00bb custom_margin=\u00bb||8px||false|false\u00bb hover_enabled=\u00bb0&#8243; header_font_size_tablet=\u00bb40px\u00bb header_font_size_phone=\u00bb24px\u00bb header_font_size_last_edited=\u00bbon|desktop\u00bb locked=\u00bboff\u00bb global_colors_info=\u00bb{}\u00bb sticky_enabled=\u00bb0&#8243;]<\/p>\n<h1>Contactar con nuestro equipo de soporte t\u00e9cnico<\/h1>\n<p>[\/et_pb_text][et_pb_text _builder_version=\u00bb4.20.2&#8243; _module_preset=\u00bb2e1ca0a8-a515-4ca3-8814-65eea4b82393&#8243; text_text_color=\u00bb#000000&#8243; text_line_height=\u00bb2em\u00bb link_text_color=\u00bb#000000&#8243; locked=\u00bboff\u00bb global_colors_info=\u00bb{}\u00bb]<\/p>\n<p>Descr\u00edbenos tus problemas con la mayor precisi\u00f3n posible y te responderemos eficazmente con la mayor rapidez.<\/p>\n<p>Nuestro equipo est\u00e1 a tu disposici\u00f3n para ayudarte por tel\u00e9fono, correo electr\u00f3nico o videoconferencia.<\/p>\n<p>[\/et_pb_text][et_pb_image src=\u00bbhttps:\/\/cdn.speechi.com\/wp-content\/uploads\/2023\/04\/interactive-screen-support-3.svg\u00bb alt=\u00bbContacta con el equipo de soporte t\u00e9cnico de Speechi\u00bb title_text=\u00bbContacta con el equipo de soporte t\u00e9cnico de Speechi\u00bb _builder_version=\u00bb4.20.2&#8243; _module_preset=\u00bbdefault\u00bb global_colors_info=\u00bb{}\u00bb][\/et_pb_image][\/et_pb_column][et_pb_column type=\u00bb1_2&#8243; _builder_version=\u00bb4.16&#8243; _module_preset=\u00bbdefault\u00bb global_colors_info=\u00bb{}\u00bb][et_pb_code _builder_version=\u00bb4.20.2&#8243; _module_preset=\u00bbdefault\u00bb background_color=\u00bb#ffffff\u00bb border_radii=\u00bbon|10px|10px|10px|10px\u00bb box_shadow_style=\u00bbpreset1&#8243; global_colors_info=\u00bb{}\u00bb]<iframe frameborder=\"0\" style=\"height:1100px;width:99%;border:none;\" src=\"https:\/\/forms.zohopublic.com\/thierryklein\/form\/TEST0604\/formperma\/TiefqdeNZefuiks-airTpW7IuQZIKba6ydo7rRa9fm0\"><\/iframe>[\/et_pb_code][\/et_pb_column][\/et_pb_row][\/et_pb_section]<\/p>\n","protected":false},"excerpt":{"rendered":"<p>Contactar con nuestro equipo de soporte t\u00e9cnicoDescr\u00edbenos tus problemas con la mayor precisi\u00f3n posible y te responderemos eficazmente con la mayor rapidez. Nuestro equipo est\u00e1 a tu disposici\u00f3n para ayudarte por tel\u00e9fono, correo electr\u00f3nico o videoconferencia.<\/p>\n","protected":false},"author":3,"featured_media":0,"parent":0,"menu_order":0,"comment_status":"closed","ping_status":"closed","template":"","meta":{"_acf_changed":false,"_seopress_robots_primary_cat":"","_seopress_titles_title":"Contacta con el equipo de soporte t\u00e9cnico de Speechi","_seopress_titles_desc":"Si tienes dudas sobre nuestras pantallas t\u00e1ctiles SpeechiTouch y c\u00e1maras, contacta a nuestro equipo de soporte t\u00e9cnico para ayudarte.","_seopress_robots_index":"","_et_pb_use_builder":"on","_et_pb_old_content":"","_et_gb_content_width":"","footnotes":""},"difl_page_category":[],"class_list":["post-44169784","page","type-page","status-publish","hentry"],"acf":[],"_links":{"self":[{"href":"https:\/\/speechi.com\/es\/wp-json\/wp\/v2\/pages\/44169784","targetHints":{"allow":["GET"]}}],"collection":[{"href":"https:\/\/speechi.com\/es\/wp-json\/wp\/v2\/pages"}],"about":[{"href":"https:\/\/speechi.com\/es\/wp-json\/wp\/v2\/types\/page"}],"author":[{"embeddable":true,"href":"https:\/\/speechi.com\/es\/wp-json\/wp\/v2\/users\/3"}],"replies":[{"embeddable":true,"href":"https:\/\/speechi.com\/es\/wp-json\/wp\/v2\/comments?post=44169784"}],"version-history":[{"count":6,"href":"https:\/\/speechi.com\/es\/wp-json\/wp\/v2\/pages\/44169784\/revisions"}],"predecessor-version":[{"id":44174768,"href":"https:\/\/speechi.com\/es\/wp-json\/wp\/v2\/pages\/44169784\/revisions\/44174768"}],"wp:attachment":[{"href":"https:\/\/speechi.com\/es\/wp-json\/wp\/v2\/media?parent=44169784"}],"wp:term":[{"taxonomy":"difl_page_category","embeddable":true,"href":"https:\/\/speechi.com\/es\/wp-json\/wp\/v2\/difl_page_category?post=44169784"}],"curies":[{"name":"wp","href":"https:\/\/api.w.org\/{rel}","templated":true}]}}