{"id":44171446,"date":"2024-08-01T16:35:08","date_gmt":"2024-08-01T14:35:08","guid":{"rendered":"https:\/\/speechi.com\/estudio-de-caso-universidad-de-lille\/"},"modified":"2024-10-10T13:55:14","modified_gmt":"2024-10-10T11:55:14","slug":"estudio-de-caso-universidad-de-lille","status":"publish","type":"page","link":"https:\/\/speechi.com\/es\/estudio-de-caso-universidad-de-lille\/","title":{"rendered":"Estudio de caso: Universidad de Lille"},"content":{"rendered":"<p>[et_pb_section fb_built=\u00bb1&#8243; fullwidth=\u00bbon\u00bb _builder_version=\u00bb4.21.0&#8243; _module_preset=\u00bbdefault\u00bb background_video_mp4=\u00bbhttps:\/\/speechi.com\/wp-content\/uploads\/2024\/08\/speechi-bandeau-universite-Lille-1200&#215;382-1.mp4&#8243; height=\u00bb500px\u00bb global_colors_info=\u00bb{}\u00bb][\/et_pb_section][et_pb_section fb_built=\u00bb1&#8243; admin_label=\u00bbsection\u00bb _builder_version=\u00bb4.16&#8243; global_colors_info=\u00bb{}\u00bb][et_pb_row _builder_version=\u00bb4.21.0&#8243; _module_preset=\u00bbdefault\u00bb global_colors_info=\u00bb{}\u00bb][et_pb_column type=\u00bb4_4&#8243; _builder_version=\u00bb4.21.0&#8243; _module_preset=\u00bbdefault\u00bb global_colors_info=\u00bb{}\u00bb][et_pb_text _builder_version=\u00bb4.21.0&#8243; _module_preset=\u00bbdefault\u00bb global_colors_info=\u00bb{}\u00bb]<\/p>\n<h1 style=\"text-align: center;\">Estudio de caso: Diploma de Banca y Seguros<\/h1>\n<p>[\/et_pb_text][\/et_pb_column][\/et_pb_row][et_pb_row column_structure=\u00bb1_3,1_3,1_3&#8243; _builder_version=\u00bb4.21.0&#8243; _module_preset=\u00bbdefault\u00bb width=\u00bb40%\u00bb global_colors_info=\u00bb{}\u00bb][et_pb_column type=\u00bb1_3&#8243; _builder_version=\u00bb4.21.0&#8243; _module_preset=\u00bbdefault\u00bb global_colors_info=\u00bb{}\u00bb][et_pb_image src=\u00bbhttps:\/\/speechi.com\/wp-content\/uploads\/2024\/02\/education-ecran-tactile-geant.svg\u00bb alt=\u00bbPantallas digitales interactivas en el sector educativo\u00bb title_text=\u00bbPantallas digitales interactivas en el sector educativo\u00bb _builder_version=\u00bb4.21.0&#8243; _module_preset=\u00bbdefault\u00bb global_colors_info=\u00bb{}\u00bb][\/et_pb_image][et_pb_text _builder_version=\u00bb4.21.0&#8243; _module_preset=\u00bbdefault\u00bb global_colors_info=\u00bb{}\u00bb]<\/p>\n<p style=\"text-align: center;\"><span>EDUCACI\u00d3N<\/span><\/p>\n<p>[\/et_pb_text][\/et_pb_column][et_pb_column type=\u00bb1_3&#8243; _builder_version=\u00bb4.21.0&#8243; _module_preset=\u00bbdefault\u00bb global_colors_info=\u00bb{}\u00bb][et_pb_image src=\u00bbhttps:\/\/speechi.com\/wp-content\/uploads\/2024\/07\/universite-lille-temoignage-speechi.png\u00bb alt=\u00bbHerramientas digitales Speechi en la Universidad de Lille\u00bb title_text=\u00bbHerramientas digitales Speechi en la Universidad de Lille\u00bb _builder_version=\u00bb4.21.0&#8243; _module_preset=\u00bbdefault\u00bb global_colors_info=\u00bb{}\u00bb][\/et_pb_image][et_pb_text _builder_version=\u00bb4.21.0&#8243; _module_preset=\u00bbdefault\u00bb global_colors_info=\u00bb{}\u00bb]<\/p>\n<p style=\"text-align: center;\"><span>UNIVERSIDAD DE LILLE<\/span><\/p>\n<p>[\/et_pb_text][\/et_pb_column][et_pb_column type=\u00bb1_3&#8243; _builder_version=\u00bb4.21.0&#8243; _module_preset=\u00bbdefault\u00bb global_colors_info=\u00bb{}\u00bb][et_pb_image src=\u00bbhttps:\/\/speechi.com\/wp-content\/uploads\/2024\/02\/03-ou-1.svg.svg\u00bb alt=\u00bbUbicaci\u00f3n\u00bb title_text=\u00bbUbicaci\u00f3n\u00bb _builder_version=\u00bb4.21.0&#8243; _module_preset=\u00bbdefault\u00bb global_colors_info=\u00bb{}\u00bb][\/et_pb_image][et_pb_text _builder_version=\u00bb4.21.0&#8243; _module_preset=\u00bbdefault\u00bb global_colors_info=\u00bb{}\u00bb]<\/p>\n<p style=\"text-align: center;\"><span>LILLE<\/span><\/p>\n<p>[\/et_pb_text][\/et_pb_column][\/et_pb_row][et_pb_row _builder_version=\u00bb4.21.0&#8243; _module_preset=\u00bbdefault\u00bb global_colors_info=\u00bb{}\u00bb][et_pb_column type=\u00bb4_4&#8243; _builder_version=\u00bb4.21.0&#8243; _module_preset=\u00bbdefault\u00bb global_colors_info=\u00bb{}\u00bb][et_pb_text _builder_version=\u00bb4.21.0&#8243; _module_preset=\u00bbdefault\u00bb global_colors_info=\u00bb{}\u00bb]<\/p>\n<h2>Contexto<\/h2>\n<p><span>Tras el confinamiento, despu\u00e9s de haber estado impartido clases a distancia durante un a\u00f1o, el equipo docente del diploma de Banca y Seguros de la Universidad de Lille quiso aprovechar todo lo que hab\u00eda podido experimentar en materia de pr\u00e1cticas pedag\u00f3gicas a trav\u00e9s de la tecnolog\u00eda digital para mejorar la transmisi\u00f3n y la adquisici\u00f3n de conocimientos. \u00bfSu objetivo?<strong> Imaginar un nuevo tipo de aula en la que la tecnolog\u00eda digital se utilice para crear un m\u00e9todo de ense\u00f1anza que permita a los estudiantes ser actores de su propio aprendizaje<\/strong>.  <\/span><\/p>\n<p>[\/et_pb_text][\/et_pb_column][\/et_pb_row][et_pb_row column_structure=\u00bb1_2,1_2&#8243; _builder_version=\u00bb4.21.0&#8243; _module_preset=\u00bbdefault\u00bb global_colors_info=\u00bb{}\u00bb][et_pb_column type=\u00bb1_2&#8243; _builder_version=\u00bb4.21.0&#8243; _module_preset=\u00bbdefault\u00bb global_colors_info=\u00bb{}\u00bb][et_pb_image src=\u00bbhttps:\/\/speechi.com\/wp-content\/uploads\/2024\/07\/speechi-ecran-interactif-temoignage-salle-innovation-pedagogique-universite-lille-methodes-pedagogiques.jpg\u00bb alt=\u00bbPantallas digitales interactivas Speechi en la Universidad de Lille\u00bb title_text=\u00bbPantallas digitales interactivas Speechi en la Universidad de Lille\u00bb _builder_version=\u00bb4.21.0&#8243; _module_preset=\u00bbdefault\u00bb global_colors_info=\u00bb{}\u00bb][\/et_pb_image][et_pb_text _builder_version=\u00bb4.21.0&#8243; _module_preset=\u00bbdefault\u00bb global_colors_info=\u00bb{}\u00bb]<\/p>\n<h2>Problemas<\/h2>\n<ul>\n<li><span>Conseguir trasladar a las clases presenciales las innovaciones pedag\u00f3gicas y digitales utilizadas en las clases a distancia para captar la atenci\u00f3n de los alumnos.<\/span><\/li>\n<\/ul>\n<p>[\/et_pb_text][\/et_pb_column][et_pb_column type=\u00bb1_2&#8243; _builder_version=\u00bb4.21.0&#8243; _module_preset=\u00bbdefault\u00bb global_colors_info=\u00bb{}\u00bb][et_pb_image src=\u00bbhttps:\/\/speechi.com\/wp-content\/uploads\/2024\/07\/speechi-ecran-interactif-temoignage-salle-innovation-pedagogique-universite-lille-solutions-numerique.jpg\u00bb alt=\u00bbEl aula de innovaci\u00f3n pedag\u00f3gica de la Universidad de Lille\u00bb title_text=\u00bbEl aula de innovaci\u00f3n pedag\u00f3gica de la Universidad de Lille\u00bb _builder_version=\u00bb4.21.0&#8243; _module_preset=\u00bbdefault\u00bb global_colors_info=\u00bb{}\u00bb][\/et_pb_image][et_pb_text _builder_version=\u00bb4.21.0&#8243; _module_preset=\u00bbdefault\u00bb global_colors_info=\u00bb{}\u00bb]<\/p>\n<h2>Soluciones proporcionadas<\/h2>\n<ul>\n<li aria-level=\"1\"><span>6 pantallas interactivas Speechi SuperGlass<\/span><\/li>\n<li aria-level=\"1\"><span>Una pantalla de visualizaci\u00f3n SpeechiDisplay<\/span><\/li>\n<li aria-level=\"1\"><span>C\u00e1maras de videoconferencia (SPE-MG-104)<\/span><\/li>\n<li aria-level=\"1\"><span>OPS PC Windows<\/span><\/li>\n<\/ul>\n<p>[\/et_pb_text][\/et_pb_column][\/et_pb_row][et_pb_row column_structure=\u00bb1_2,1_2&#8243; _builder_version=\u00bb4.21.0&#8243; _module_preset=\u00bbdefault\u00bb global_colors_info=\u00bb{}\u00bb][et_pb_column type=\u00bb1_2&#8243; _builder_version=\u00bb4.21.0&#8243; _module_preset=\u00bbdefault\u00bb global_colors_info=\u00bb{}\u00bb][et_pb_image src=\u00bbhttps:\/\/speechi.com\/wp-content\/uploads\/2024\/07\/speechi-ecran-interactif-temoignage-salle-innovation-pedagogique-universite-lille-usages-pedagogiques.jpg\u00bb alt=\u00bbUtilizaci\u00f3n de la pantalla interactiva Speechi en la carrera de Banca y Seguros de la Universidad de Lille\u00bb title_text=\u00bbUtilizaci\u00f3n de la pantalla interactiva Speechi en la carrera de Banca y Seguros de la Universidad de Lille\u00bb _builder_version=\u00bb4.21.0&#8243; _module_preset=\u00bbdefault\u00bb global_colors_info=\u00bb{}\u00bb][\/et_pb_image][et_pb_text _builder_version=\u00bb4.21.0&#8243; _module_preset=\u00bbdefault\u00bb global_colors_info=\u00bb{}\u00bb]<\/p>\n<h2>Usages de l&#8217;\u00e9cran<\/h2>\n<ul>\n<li aria-level=\"1\"><span>Toma de notas en la pizarra blanca Note<\/span><\/li>\n<li aria-level=\"1\"><span>Visualizaci\u00f3n de documentos Office (Esquemas en PowerPoint)<\/span><\/li>\n<li aria-level=\"1\"><span>Estudio de v\u00eddeos de YouTube relacionados con el tema del curso<\/span><\/li>\n<li aria-level=\"1\"><span>Realizaci\u00f3n de cuestionarios con las aplicaciones Kahoot y Wooclap<\/span><\/li>\n<li aria-level=\"1\"><span>Poner en marcha talleres con una pantalla interactiva para cada grupo de alumnos<\/span><\/li>\n<li aria-level=\"1\"><span>Grabaci\u00f3n en v\u00eddeo de juegos de rol simulando escenas de la vida profesional<\/span><\/li>\n<\/ul>\n<p>[\/et_pb_text][\/et_pb_column][et_pb_column type=\u00bb1_2&#8243; _builder_version=\u00bb4.21.0&#8243; _module_preset=\u00bbdefault\u00bb global_colors_info=\u00bb{}\u00bb][et_pb_image src=\u00bbhttps:\/\/speechi.com\/wp-content\/uploads\/2024\/07\/speechi-ecran-numerique-interactif-temoignage-salle-innovation-pedagogique-universite-lille-benefices.jpg\u00bb alt=\u00bbLas pantallas interactivas Speechi ayudan a los alumnos a tomar el control de su proceso de aprendizaje\u00bb title_text=\u00bbspeechi-ecran-numerique-interactif-temoignage-salle-innovation-pedagogique-universite-lille-benefices\u00bb _builder_version=\u00bb4.21.0&#8243; _module_preset=\u00bbdefault\u00bb global_colors_info=\u00bb{}\u00bb][\/et_pb_image][et_pb_text _builder_version=\u00bb4.21.0&#8243; _module_preset=\u00bbdefault\u00bb global_colors_info=\u00bb{}\u00bb]<\/p>\n<h2>Ventajas<\/h2>\n<ul>\n<li aria-level=\"1\"><span>Una herramienta intuitiva que los alumnos aprenden a utilizar r\u00e1pidamente<\/span><\/li>\n<li aria-level=\"1\"><span>Una mayor autonom\u00eda de los estudiantes<\/span><\/li>\n<li aria-level=\"1\"><span>Una mayor implicaci\u00f3n y participaci\u00f3n de los estudiantes<\/span><\/li>\n<li aria-level=\"1\"><span>Uso ilimitado de todo tipo de aplicaciones interactivas y pedag\u00f3gicas<\/span><\/li>\n<li aria-level=\"1\"><span>El servicio de formaci\u00f3n Speechi para ayudarte a utilizar mejor las pantallas interactivas Speechi<\/span><\/li>\n<\/ul>\n<p>[\/et_pb_text][\/et_pb_column][\/et_pb_row][et_pb_row column_structure=\u00bb1_2,1_2&#8243; _builder_version=\u00bb4.21.0&#8243; _module_preset=\u00bbdefault\u00bb global_colors_info=\u00bb{}\u00bb][et_pb_column type=\u00bb1_2&#8243; _builder_version=\u00bb4.21.0&#8243; _module_preset=\u00bbdefault\u00bb global_colors_info=\u00bb{}\u00bb][et_pb_video src=\u00bbhttps:\/\/www.youtube.com\/watch?v=fHx__q_vqyY\u00bb _builder_version=\u00bb4.21.0&#8243; _module_preset=\u00bbdefault\u00bb global_colors_info=\u00bb{}\u00bb][\/et_pb_video][\/et_pb_column][et_pb_column type=\u00bb1_2&#8243; _builder_version=\u00bb4.21.0&#8243; _module_preset=\u00bbdefault\u00bb global_colors_info=\u00bb{}\u00bb][et_pb_text _builder_version=\u00bb4.21.0&#8243; _module_preset=\u00bbdefault\u00bb header_2_line_height=\u00bb1.1em\u00bb hover_enabled=\u00bb0&#8243; global_colors_info=\u00bb{}\u00bb sticky_enabled=\u00bb0&#8243;]<\/p>\n<h2>Descubre el testimonio de Philippe Thoillier, formador<\/h2>\n<blockquote>\n<p>\u00ab<span>Estas pantallas t\u00e1ctiles re\u00fanen todo lo necesario para optimizar la transmisi\u00f3n de conocimientos y la adquisici\u00f3n de competencias<\/span>.\u00bb<\/p>\n<\/blockquote>\n<blockquote>\n<p>\u00abLos alumnos consideran que estas pantallas conectadas son una buena soluci\u00f3n para adquirir conocimientos. Es muy positivo.\u00bb<\/p>\n<\/blockquote>\n<p>[\/et_pb_text][\/et_pb_column][\/et_pb_row][\/et_pb_section]<\/p>\n","protected":false},"excerpt":{"rendered":"<p>Estudio de caso: Diploma de Banca y SegurosEDUCACI\u00d3NUNIVERSIDAD DE LILLELILLEContexto Tras el confinamiento, despu\u00e9s de haber estado impartido clases a distancia durante un a\u00f1o, el equipo docente del diploma de Banca y Seguros de la Universidad de Lille quiso aprovechar todo lo que hab\u00eda podido experimentar en materia de pr\u00e1cticas pedag\u00f3gicas a trav\u00e9s de la [&hellip;]<\/p>\n","protected":false},"author":5,"featured_media":0,"parent":0,"menu_order":0,"comment_status":"closed","ping_status":"closed","template":"","meta":{"_acf_changed":false,"_seopress_robots_primary_cat":"","_seopress_titles_title":"Estudio de caso: pantallas interactivas Speechi en la Universidad de Lille","_seopress_titles_desc":"Lea las palabras de Philippe Thoillier, formador en la Universidad de Lille, sobre la sala de innovaci\u00f3n pedag\u00f3gica equipada con Speechi.","_seopress_robots_index":"","_et_pb_use_builder":"on","_et_pb_old_content":"","_et_gb_content_width":"","footnotes":""},"difl_page_category":[],"class_list":["post-44171446","page","type-page","status-publish","hentry"],"acf":[],"_links":{"self":[{"href":"https:\/\/speechi.com\/es\/wp-json\/wp\/v2\/pages\/44171446","targetHints":{"allow":["GET"]}}],"collection":[{"href":"https:\/\/speechi.com\/es\/wp-json\/wp\/v2\/pages"}],"about":[{"href":"https:\/\/speechi.com\/es\/wp-json\/wp\/v2\/types\/page"}],"author":[{"embeddable":true,"href":"https:\/\/speechi.com\/es\/wp-json\/wp\/v2\/users\/5"}],"replies":[{"embeddable":true,"href":"https:\/\/speechi.com\/es\/wp-json\/wp\/v2\/comments?post=44171446"}],"version-history":[{"count":6,"href":"https:\/\/speechi.com\/es\/wp-json\/wp\/v2\/pages\/44171446\/revisions"}],"predecessor-version":[{"id":44174925,"href":"https:\/\/speechi.com\/es\/wp-json\/wp\/v2\/pages\/44171446\/revisions\/44174925"}],"wp:attachment":[{"href":"https:\/\/speechi.com\/es\/wp-json\/wp\/v2\/media?parent=44171446"}],"wp:term":[{"taxonomy":"difl_page_category","embeddable":true,"href":"https:\/\/speechi.com\/es\/wp-json\/wp\/v2\/difl_page_category?post=44171446"}],"curies":[{"name":"wp","href":"https:\/\/api.w.org\/{rel}","templated":true}]}}