{"id":44171520,"date":"2024-09-16T16:04:49","date_gmt":"2024-09-16T14:04:49","guid":{"rendered":"https:\/\/speechi.com\/?page_id=44171520"},"modified":"2024-10-08T09:17:29","modified_gmt":"2024-10-08T07:17:29","slug":"estudio-caso-escuelas-primarias-marsella","status":"publish","type":"page","link":"https:\/\/speechi.com\/es\/estudio-caso-escuelas-primarias-marsella\/","title":{"rendered":"Estudio de caso: Escuelas primarias en Marsella"},"content":{"rendered":"<p>[et_pb_section fb_built=\u00bb1&#8243; fullwidth=\u00bbon\u00bb _builder_version=\u00bb4.21.0&#8243; _module_preset=\u00bbdefault\u00bb background_video_mp4=\u00bbhttps:\/\/speechi.com\/wp-content\/uploads\/2024\/09\/speechi-marseille-1200&#215;382-1.mp4&#8243; height=\u00bb500px\u00bb global_colors_info=\u00bb{}\u00bb][\/et_pb_section][et_pb_section fb_built=\u00bb1&#8243; admin_label=\u00bbsection\u00bb _builder_version=\u00bb4.16&#8243; global_colors_info=\u00bb{}\u00bb][et_pb_row _builder_version=\u00bb4.21.0&#8243; _module_preset=\u00bbdefault\u00bb global_colors_info=\u00bb{}\u00bb][et_pb_column type=\u00bb4_4&#8243; _builder_version=\u00bb4.21.0&#8243; _module_preset=\u00bbdefault\u00bb global_colors_info=\u00bb{}\u00bb][et_pb_text _builder_version=\u00bb4.21.0&#8243; _module_preset=\u00bbdefault\u00bb global_colors_info=\u00bb{}\u00bb]<\/p>\n<h1 style=\"text-align: center;\">Estudio de caso: <b>Escuelas primarias en Marsella<\/b><\/h1>\n<p>[\/et_pb_text][\/et_pb_column][\/et_pb_row][et_pb_row column_structure=\u00bb1_3,1_3,1_3&#8243; _builder_version=\u00bb4.21.0&#8243; _module_preset=\u00bbdefault\u00bb width=\u00bb40%\u00bb global_colors_info=\u00bb{}\u00bb][et_pb_column type=\u00bb1_3&#8243; _builder_version=\u00bb4.21.0&#8243; _module_preset=\u00bbdefault\u00bb global_colors_info=\u00bb{}\u00bb][et_pb_image src=\u00bbhttps:\/\/speechi.com\/wp-content\/uploads\/2024\/02\/education-ecran-tactile-geant.svg\u00bb alt=\u00bbPantallas interactivas en el sector educativo\u00bb title_text=\u00bbPantallas interactivas en el sector educativo\u00bb _builder_version=\u00bb4.21.0&#8243; _module_preset=\u00bbdefault\u00bb global_colors_info=\u00bb{}\u00bb][\/et_pb_image][et_pb_text _builder_version=\u00bb4.21.0&#8243; _module_preset=\u00bbdefault\u00bb global_colors_info=\u00bb{}\u00bb]<\/p>\n<p style=\"text-align: center;\"><span>EDUCACI\u00d3N<\/span><\/p>\n<p>[\/et_pb_text][\/et_pb_column][et_pb_column type=\u00bb1_3&#8243; _builder_version=\u00bb4.21.0&#8243; _module_preset=\u00bbdefault\u00bb global_colors_info=\u00bb{}\u00bb][et_pb_image src=\u00bbhttps:\/\/speechi.com\/wp-content\/uploads\/2024\/09\/embleme-ville-de-marseille-2.png\u00bb alt=\u00bbHerramientas digitales en las escuelas primarias de Marsella\u00bb title_text=\u00bbMarsella\u00bb _builder_version=\u00bb4.21.0&#8243; _module_preset=\u00bbdefault\u00bb global_colors_info=\u00bb{}\u00bb][\/et_pb_image][et_pb_text _builder_version=\u00bb4.21.0&#8243; _module_preset=\u00bbdefault\u00bb global_colors_info=\u00bb{}\u00bb]<\/p>\n<p style=\"text-align: center;\"><span>ESCUELAS PRIMARIAS<br \/>EN MARSELLA<\/span><\/p>\n<p>[\/et_pb_text][\/et_pb_column][et_pb_column type=\u00bb1_3&#8243; _builder_version=\u00bb4.21.0&#8243; _module_preset=\u00bbdefault\u00bb global_colors_info=\u00bb{}\u00bb][et_pb_image src=\u00bbhttps:\/\/speechi.com\/wp-content\/uploads\/2024\/02\/03-ou-1.svg.svg\u00bb alt=\u00bbUbicaci\u00f3n\u00bb title_text=\u00bbUbicaci\u00f3n\u00bb _builder_version=\u00bb4.21.0&#8243; _module_preset=\u00bbdefault\u00bb global_colors_info=\u00bb{}\u00bb][\/et_pb_image][et_pb_text _builder_version=\u00bb4.21.0&#8243; _module_preset=\u00bbdefault\u00bb global_colors_info=\u00bb{}\u00bb]<\/p>\n<p style=\"text-align: center;\"><span>MARSEILLE<br \/>(BOUCHES-DU-RH\u00d4NE)<\/span><\/p>\n<p>[\/et_pb_text][\/et_pb_column][\/et_pb_row][et_pb_row _builder_version=\u00bb4.21.0&#8243; _module_preset=\u00bbdefault\u00bb global_colors_info=\u00bb{}\u00bb][et_pb_column type=\u00bb4_4&#8243; _builder_version=\u00bb4.21.0&#8243; _module_preset=\u00bbdefault\u00bb global_colors_info=\u00bb{}\u00bb][et_pb_text _builder_version=\u00bb4.21.0&#8243; _module_preset=\u00bbdefault\u00bb hover_enabled=\u00bb0&#8243; global_colors_info=\u00bb{}\u00bb sticky_enabled=\u00bb0&#8243;]<\/p>\n<h2>Contexto<\/h2>\n<p><span style=\"font-weight: 400;\">La Academia de Bouches-du-Rh\u00f4ne, en el marco de su programa<\/span> <i><span style=\"font-weight: 400;\">Territoires Num\u00e9riques \u00c9ducatifs (Territorios Digitales Educativos)<\/span><\/i><span style=\"font-weight: 400;\">, y la Ciudad de Marsella, en el marco de su programa<\/span> <i><span style=\"font-weight: 400;\">Grand Plan Num\u00e9rique (Gran Proyecto Digital) destinado a las escuelas de Marsella,<\/span><\/i><span style=\"font-weight: 400;\">se han asociado para llevar a buen t\u00e9rmino su proyecto de digitalizaci\u00f3n de las escuelas primarias de Marsella. <strong>\u00bfSu objetivo? Equipar las 1370 aulas de primaria y las 126 escuelas infantiles de Marsella con una pantalla interactiva. <\/strong>Para hacer realidad este gran proyecto, la Academia y la Ciudad han recurrido a Speechi.\u00a0<a href=\"https:\/\/speechi.com\/es\/la-digitalizacion-de-las-escuelas-de-marsella\/\">M\u00e1s informaci\u00f3n sobre la digitalizaci\u00f3n de las escuelas de Marsella por Speechi.<\/a><\/span><\/p>\n<p>[\/et_pb_text][\/et_pb_column][\/et_pb_row][et_pb_row column_structure=\u00bb1_2,1_2&#8243; _builder_version=\u00bb4.21.0&#8243; _module_preset=\u00bbdefault\u00bb global_colors_info=\u00bb{}\u00bb][et_pb_column type=\u00bb1_2&#8243; _builder_version=\u00bb4.21.0&#8243; _module_preset=\u00bbdefault\u00bb global_colors_info=\u00bb{}\u00bb][et_pb_image src=\u00bbhttps:\/\/speechi.com\/wp-content\/uploads\/2024\/08\/speechi-ecran-interactif-eni-ecole-marseille-8.jpg\u00bb alt=\u00bbPantallas interactivas Speechi en las escuelas de Marsella\u00bb title_text=\u00bbspeechi-pantalla-interactiva-escuela-marseille\u00bb _builder_version=\u00bb4.21.0&#8243; _module_preset=\u00bbdefault\u00bb global_colors_info=\u00bb{}\u00bb][\/et_pb_image][et_pb_text _builder_version=\u00bb4.21.0&#8243; _module_preset=\u00bbdefault\u00bb global_colors_info=\u00bb{}\u00bb]<\/p>\n<h2>Problemas<\/h2>\n<ul>\n<li><span style=\"font-weight: 400;\">Poner en marcha un proyecto de gran envergadura consistente en la instalaci\u00f3n de un parque de unas 1500 pantallas interactivas y la formaci\u00f3n de sus profesores, lo que requiere un trabajo conjunto de las distintas partes implicadas. <\/span><\/li>\n<\/ul>\n<p>[\/et_pb_text][\/et_pb_column][et_pb_column type=\u00bb1_2&#8243; _builder_version=\u00bb4.21.0&#8243; _module_preset=\u00bbdefault\u00bb global_colors_info=\u00bb{}\u00bb][et_pb_image src=\u00bbhttps:\/\/speechi.com\/wp-content\/uploads\/2024\/08\/speechi-ecran-interactif-eni-ecole-marseille-21.jpg\u00bb alt=\u00bbPantalla interactiva Speechi en un aula de Marsella\u00bb title_text=\u00bbspeechi-pantalla-interactiva-aula-escuela-primaria-marseille\u00bb _builder_version=\u00bb4.21.0&#8243; _module_preset=\u00bbdefault\u00bb global_colors_info=\u00bb{}\u00bb][\/et_pb_image][et_pb_text _builder_version=\u00bb4.21.0&#8243; _module_preset=\u00bbdefault\u00bb global_colors_info=\u00bb{}\u00bb]<\/p>\n<h2>Soluciones proporcionadas<\/h2>\n<ul>\n<li aria-level=\"1\"><span style=\"font-weight: 400;\">Pantallas digitales interactivas SuperGlass 75&#8243;<\/span><\/li>\n<li aria-level=\"1\"><span style=\"font-weight: 400;\">Soportes m\u00f3viles regulables en altura o soportes fijos<\/span><\/li>\n<li aria-level=\"1\"><span style=\"font-weight: 400;\">Programaci\u00f3n de varias fases de instalaci\u00f3n para equipar poco a poco las escuelas de Marsella<\/span><\/li>\n<li style=\"font-weight: 400;\" aria-level=\"1\"><span style=\"font-weight: 400;\">Personalizaci\u00f3n de la pantalla de inicio de las pantallas interactivas (dise\u00f1o y accesos directos)<\/span><\/li>\n<li style=\"font-weight: 400;\" aria-level=\"1\"><span style=\"font-weight: 400;\">Formaci\u00f3n de los eRUN, profesores, especializada en el uso educativo de la tecnolog\u00eda digital, de enlace para formar a los profesores sobre el terreno.<\/span><\/li>\n<li style=\"font-weight: 400;\" aria-level=\"1\"><span style=\"font-weight: 400;\">Programa Radix MDM para administrar y gestionar a distancia las PDI por parte del servicio encargado de la Ciudad de Marsella.<\/span><\/li>\n<\/ul>\n<p>[\/et_pb_text][\/et_pb_column][\/et_pb_row][et_pb_row column_structure=\u00bb1_2,1_2&#8243; _builder_version=\u00bb4.21.0&#8243; _module_preset=\u00bbdefault\u00bb global_colors_info=\u00bb{}\u00bb][et_pb_column type=\u00bb1_2&#8243; _builder_version=\u00bb4.21.0&#8243; _module_preset=\u00bbdefault\u00bb global_colors_info=\u00bb{}\u00bb][et_pb_image src=\u00bbhttps:\/\/speechi.com\/wp-content\/uploads\/2024\/08\/speechi-ecran-interactif-eni-ecole-marseille-11.jpg\u00bb alt=\u00bbPantalla interactiva Speechi en una guarder\u00eda de Marsella\u00bb title_text=\u00bbspeechi-pantalla-interactiva-escuela-guarderia-marseille\u00bb _builder_version=\u00bb4.21.0&#8243; _module_preset=\u00bbdefault\u00bb global_colors_info=\u00bb{}\u00bb][\/et_pb_image][et_pb_text _builder_version=\u00bb4.21.0&#8243; _module_preset=\u00bbdefault\u00bb global_colors_info=\u00bb{}\u00bb]<\/p>\n<h2>Utilizaci\u00f3n de la pantalla<\/h2>\n<ul>\n<li style=\"font-weight: 400;\" aria-level=\"1\"><span style=\"font-weight: 400;\">Uso de la aplicaci\u00f3n de pizarra blanca Note: visualizaci\u00f3n de las l\u00edneas de escritura Seyes, creaci\u00f3n de tablas, guardar apuntes, etc. <\/span><\/li>\n<li style=\"font-weight: 400;\" aria-level=\"1\"><span style=\"font-weight: 400;\">Visualizaci\u00f3n en la pantalla interactiva de los programas educativos instalados en el PC del profesor a trav\u00e9s de la pantalla compartida con Bytello Share.<\/span><\/li>\n<li style=\"font-weight: 400;\" aria-level=\"1\"><span style=\"font-weight: 400;\">Realizar actividades con aplicaciones pedag\u00f3gicas.<\/span><\/li>\n<li style=\"font-weight: 400;\" aria-level=\"1\"><span style=\"font-weight: 400;\">Reproducir v\u00eddeos educativos y visualizar im\u00e1genes 4K.<\/span><\/li>\n<\/ul>\n<p>[\/et_pb_text][\/et_pb_column][et_pb_column type=\u00bb1_2&#8243; _builder_version=\u00bb4.21.0&#8243; _module_preset=\u00bbdefault\u00bb global_colors_info=\u00bb{}\u00bb][et_pb_image src=\u00bbhttps:\/\/speechi.com\/wp-content\/uploads\/2024\/08\/speechi-ecran-interactif-eni-ecole-marseille-26.jpg\u00bb alt=\u00bbAlumnos utilizando en clase aplicaciones educativas en la pantalla interactiva Speechi.\u00bb title_text=\u00bbspeechi-pantalla-interactiva-utilizacion-aplicaciones-educativos-marseille\u00bb _builder_version=\u00bb4.21.0&#8243; _module_preset=\u00bbdefault\u00bb global_colors_info=\u00bb{}\u00bb][\/et_pb_image][et_pb_text _builder_version=\u00bb4.21.0&#8243; _module_preset=\u00bbdefault\u00bb global_colors_info=\u00bb{}\u00bb]<\/p>\n<h2>Ventajas<\/h2>\n<ul>\n<li style=\"font-weight: 400;\" aria-level=\"1\"><span style=\"font-weight: 400;\">Alumnos m\u00e1s curiosos y atentos.<\/span><\/li>\n<li style=\"font-weight: 400;\" aria-level=\"1\"><span style=\"font-weight: 400;\">Una herramienta intuitiva que los alumnos aprenden r\u00e1pidamente a manejar<\/span><\/li>\n<li style=\"font-weight: 400;\" aria-level=\"1\"><span style=\"font-weight: 400;\">Menos fotocopias y menos papel utilizado<\/span><\/li>\n<li style=\"font-weight: 400;\" aria-level=\"1\"><span style=\"font-weight: 400;\">Menos tiempo de preparaci\u00f3n para el profesor<\/span><\/li>\n<li style=\"font-weight: 400;\" aria-level=\"1\"><span style=\"font-weight: 400;\">Tener el historial de todo lo anotado durante la clase<\/span><\/li>\n<li style=\"font-weight: 400;\" aria-level=\"1\"><span style=\"font-weight: 400;\">Un punto de partida ideal para las actividades en el aula, as\u00ed como para los alumnos con grandes dificultades de aprendizaje<\/span><\/li>\n<\/ul>\n<p>[\/et_pb_text][\/et_pb_column][\/et_pb_row][et_pb_row column_structure=\u00bb1_2,1_2&#8243; _builder_version=\u00bb4.21.0&#8243; _module_preset=\u00bbdefault\u00bb global_colors_info=\u00bb{}\u00bb][et_pb_column type=\u00bb1_2&#8243; _builder_version=\u00bb4.21.0&#8243; _module_preset=\u00bbdefault\u00bb global_colors_info=\u00bb{}\u00bb][et_pb_video src=\u00bbhttps:\/\/www.youtube.com\/watch?v=tFzsIIDYx88&#038;t=3s\u00bb _builder_version=\u00bb4.21.0&#8243; _module_preset=\u00bbdefault\u00bb global_colors_info=\u00bb{}\u00bb][\/et_pb_video][\/et_pb_column][et_pb_column type=\u00bb1_2&#8243; _builder_version=\u00bb4.21.0&#8243; _module_preset=\u00bbdefault\u00bb global_colors_info=\u00bb{}\u00bb][et_pb_text _builder_version=\u00bb4.21.0&#8243; _module_preset=\u00bbdefault\u00bb header_2_line_height=\u00bb1.1em\u00bb global_colors_info=\u00bb{}\u00bb]<\/p>\n<h2>Descubre nuestro reportaje sobre la escuela Olympe de Gouges<\/h2>\n<blockquote><p>\u00ab<span style=\"font-weight: 400;\">La pantalla interactiva facilita mucho mi trabajo diario.<\/span>\u00ab<\/p><\/blockquote>\n<blockquote><p>\u00ab<span style=\"font-weight: 400;\">Los alumnos comprenden mejor algunas lecciones.<\/span>\u00ab<\/p><\/blockquote>\n<blockquote><p>\u00ab<span style=\"font-weight: 400;\">La pantalla interactiva nos da la capacidad, un plus que nos permite ir m\u00e1s r\u00e1pido y trabajar a\u00fan m\u00e1s las competencias que queremos que adquieran los ni\u00f1os.<\/span>\u00ab<\/p><\/blockquote>\n<p>[\/et_pb_text][\/et_pb_column][\/et_pb_row][\/et_pb_section]<\/p>\n","protected":false},"excerpt":{"rendered":"<p>Estudio de caso: Escuelas primarias en MarsellaEDUCACI\u00d3NESCUELAS PRIMARIASEN MARSELLAMARSEILLE(BOUCHES-DU-RH\u00d4NE)Contexto La Academia de Bouches-du-Rh\u00f4ne, en el marco de su programa Territoires Num\u00e9riques \u00c9ducatifs (Territorios Digitales Educativos), y la Ciudad de Marsella, en el marco de su programa Grand Plan Num\u00e9rique (Gran Proyecto Digital) destinado a las escuelas de Marsella,se han asociado para llevar a buen t\u00e9rmino [&hellip;]<\/p>\n","protected":false},"author":5,"featured_media":0,"parent":0,"menu_order":0,"comment_status":"closed","ping_status":"closed","template":"","meta":{"_acf_changed":false,"_seopress_robots_primary_cat":"","_seopress_titles_title":"Estudio de caso: Escuelas primarias en Marsella | speechi","_seopress_titles_desc":"Descubra las soluciones elegidas por la Academia y el Ayuntamiento de Marsella para equipar con pantallas interactivas sus 1.370 aulas de primaria y 126 guarder\u00edas.","_seopress_robots_index":"","_et_pb_use_builder":"on","_et_pb_old_content":"","_et_gb_content_width":"","footnotes":""},"difl_page_category":[],"class_list":["post-44171520","page","type-page","status-publish","hentry"],"acf":[],"_links":{"self":[{"href":"https:\/\/speechi.com\/es\/wp-json\/wp\/v2\/pages\/44171520","targetHints":{"allow":["GET"]}}],"collection":[{"href":"https:\/\/speechi.com\/es\/wp-json\/wp\/v2\/pages"}],"about":[{"href":"https:\/\/speechi.com\/es\/wp-json\/wp\/v2\/types\/page"}],"author":[{"embeddable":true,"href":"https:\/\/speechi.com\/es\/wp-json\/wp\/v2\/users\/5"}],"replies":[{"embeddable":true,"href":"https:\/\/speechi.com\/es\/wp-json\/wp\/v2\/comments?post=44171520"}],"version-history":[{"count":11,"href":"https:\/\/speechi.com\/es\/wp-json\/wp\/v2\/pages\/44171520\/revisions"}],"predecessor-version":[{"id":44174461,"href":"https:\/\/speechi.com\/es\/wp-json\/wp\/v2\/pages\/44171520\/revisions\/44174461"}],"wp:attachment":[{"href":"https:\/\/speechi.com\/es\/wp-json\/wp\/v2\/media?parent=44171520"}],"wp:term":[{"taxonomy":"difl_page_category","embeddable":true,"href":"https:\/\/speechi.com\/es\/wp-json\/wp\/v2\/difl_page_category?post=44171520"}],"curies":[{"name":"wp","href":"https:\/\/api.w.org\/{rel}","templated":true}]}}