{"id":44209275,"date":"2025-10-13T14:00:34","date_gmt":"2025-10-13T12:00:34","guid":{"rendered":"https:\/\/speechi.com\/estudio-de-caso-el-centro-de-fp-de-roubaix\/"},"modified":"2025-10-14T11:30:33","modified_gmt":"2025-10-14T09:30:33","slug":"estudio-de-caso-el-centro-de-fp-de-roubaix","status":"publish","type":"page","link":"https:\/\/speechi.com\/es\/estudio-de-caso-el-centro-de-fp-de-roubaix\/","title":{"rendered":"Estudio de caso: El Centro de FP de Roubaix"},"content":{"rendered":"<p>[et_pb_section fb_built=\u00bb1&#8243; fullwidth=\u00bbon\u00bb _builder_version=\u00bb4.27.4&#8243; _module_preset=\u00bbdefault\u00bb background_video_mp4=\u00bbhttps:\/\/speechi.com\/wp-content\/uploads\/2025\/10\/bandeau-btp-cfa.webm\u00bb height=\u00bb500px\u00bb global_colors_info=\u00bb{}\u00bb][\/et_pb_section][et_pb_section fb_built=\u00bb1&#8243; admin_label=\u00bbsection\u00bb _builder_version=\u00bb4.16&#8243; global_colors_info=\u00bb{}\u00bb][et_pb_row _builder_version=\u00bb4.21.0&#8243; _module_preset=\u00bbdefault\u00bb global_colors_info=\u00bb{}\u00bb][et_pb_column type=\u00bb4_4&#8243; _builder_version=\u00bb4.21.0&#8243; _module_preset=\u00bbdefault\u00bb global_colors_info=\u00bb{}\u00bb][et_pb_text _builder_version=\u00bb4.27.4&#8243; _module_preset=\u00bbdefault\u00bb global_colors_info=\u00bb{}\u00bb]<\/p>\n<h1 style=\"text-align: center;\">Estudio de caso: El Centro de FP de Roubaix<\/h1>\n<p>[\/et_pb_text][\/et_pb_column][\/et_pb_row][et_pb_row column_structure=\u00bb1_3,1_3,1_3&#8243; _builder_version=\u00bb4.21.0&#8243; _module_preset=\u00bbdefault\u00bb width=\u00bb40%\u00bb global_colors_info=\u00bb{}\u00bb][et_pb_column type=\u00bb1_3&#8243; _builder_version=\u00bb4.21.0&#8243; _module_preset=\u00bbdefault\u00bb global_colors_info=\u00bb{}\u00bb][et_pb_image src=\u00bbhttps:\/\/speechi.com\/wp-content\/uploads\/2024\/02\/education-ecran-tactile-geant.svg\u00bb alt=\u00bbLa pantalla interactiva en el \u00e1mbito educativo\u00bb title_text=\u00bbLa pantalla interactiva en el \u00e1mbito educativo\u00bb _builder_version=\u00bb4.21.0&#8243; _module_preset=\u00bbdefault\u00bb global_colors_info=\u00bb{}\u00bb][\/et_pb_image][et_pb_text _builder_version=\u00bb4.21.0&#8243; _module_preset=\u00bbdefault\u00bb global_colors_info=\u00bb{}\u00bb]<\/p>\n<p style=\"text-align: center;\"><span>EDUCACI\u00d3N<\/span><\/p>\n<p>[\/et_pb_text][\/et_pb_column][et_pb_column type=\u00bb1_3&#8243; _builder_version=\u00bb4.21.0&#8243; _module_preset=\u00bbdefault\u00bb global_colors_info=\u00bb{}\u00bb][et_pb_image src=\u00bbhttps:\/\/speechi.com\/wp-content\/uploads\/2025\/10\/logo-btp-cfa-hdf-1.png\u00bb alt=\u00bbEl Centro de FP de Roubaix\u00bb title_text=\u00bbEl Centro de FP de Roubaix\u00bb _builder_version=\u00bb4.27.4&#8243; _module_preset=\u00bbdefault\u00bb custom_padding=\u00bb8px|||21px||\u00bb global_colors_info=\u00bb{}\u00bb][\/et_pb_image][et_pb_text _builder_version=\u00bb4.27.4&#8243; _module_preset=\u00bbdefault\u00bb global_colors_info=\u00bb{}\u00bb]<\/p>\n<p style=\"text-align: center;\"><span>BTP CFA HAUTS-DE-FRANCE<\/span><\/p>\n<p>[\/et_pb_text][\/et_pb_column][et_pb_column type=\u00bb1_3&#8243; _builder_version=\u00bb4.21.0&#8243; _module_preset=\u00bbdefault\u00bb global_colors_info=\u00bb{}\u00bb][et_pb_image src=\u00bbhttps:\/\/speechi.com\/wp-content\/uploads\/2024\/02\/03-ou-1.svg.svg\u00bb alt=\u00bbLugar\u00bb title_text=\u00bbLugar\u00bb _builder_version=\u00bb4.21.0&#8243; _module_preset=\u00bbdefault\u00bb global_colors_info=\u00bb{}\u00bb][\/et_pb_image][et_pb_text _builder_version=\u00bb4.21.0&#8243; _module_preset=\u00bbdefault\u00bb global_colors_info=\u00bb{}\u00bb]<\/p>\n<p style=\"text-align: center;\"><span>ROUBAIX<\/span><\/p>\n<p>[\/et_pb_text][\/et_pb_column][\/et_pb_row][et_pb_row _builder_version=\u00bb4.21.0&#8243; _module_preset=\u00bbdefault\u00bb global_colors_info=\u00bb{}\u00bb][et_pb_column type=\u00bb4_4&#8243; _builder_version=\u00bb4.21.0&#8243; _module_preset=\u00bbdefault\u00bb global_colors_info=\u00bb{}\u00bb][et_pb_text _builder_version=\u00bb4.27.4&#8243; _module_preset=\u00bbdefault\u00bb header_2_line_height=\u00bb1.2em\u00bb global_colors_info=\u00bb{}\u00bb]<\/p>\n<h2>Contexto<\/h2>\n<p><span style=\"font-weight: 400;\">El Centro de Formaci\u00f3n de Aprendices en construcci\u00f3n y obras p\u00fablicas de Roubaix imparte conocimientos tanto profesionales como generales para formar a un p\u00fablico caracterizado por su diversidad: adultos en reconversi\u00f3n profesional, j\u00f3venes aprendices que no se sienten atra\u00eddos por la ense\u00f1anza escolar cl\u00e1sica, as\u00ed como j\u00f3venes aprendices al\u00f3fonos que dominan poco el franc\u00e9s. <\/span><\/p>\n<p>[\/et_pb_text][\/et_pb_column][\/et_pb_row][et_pb_row column_structure=\u00bb1_2,1_2&#8243; _builder_version=\u00bb4.21.0&#8243; _module_preset=\u00bbdefault\u00bb global_colors_info=\u00bb{}\u00bb][et_pb_column type=\u00bb1_2&#8243; _builder_version=\u00bb4.21.0&#8243; _module_preset=\u00bbdefault\u00bb global_colors_info=\u00bb{}\u00bb][et_pb_image src=\u00bbhttps:\/\/speechi.com\/wp-content\/uploads\/2025\/10\/etude-cas-CFA-BTP-roubaix-enseigner-ecran-numerique-interactif-speechi-classe-1.jpg\u00bb alt=\u00bbPantallas digitales interactivas en el centro de formaci\u00f3n profesional de Roubaix\u00bb title_text=\u00bbPantallas digitales interactivas en el centro de formaci\u00f3n profesional de Roubaix\u00bb _builder_version=\u00bb4.27.4&#8243; _module_preset=\u00bbdefault\u00bb global_colors_info=\u00bb{}\u00bb][\/et_pb_image][et_pb_text ul_item_indent=\u00bb20px\u00bb _builder_version=\u00bb4.27.4&#8243; _module_preset=\u00bbdefault\u00bb header_2_font_size=\u00bb25px\u00bb header_2_line_height=\u00bb1.2em\u00bb custom_margin=\u00bb-11px|||||\u00bb global_colors_info=\u00bb{}\u00bb]<\/p>\n<h2>Problemas<\/h2>\n<ul>\n<li style=\"font-weight: 400;\" aria-level=\"1\"><span style=\"font-weight: 400;\">Encontrar una manera de dinamizar las clases y de apartar a los alumnos de la pantalla de su smartphone.<\/span><\/li>\n<li style=\"font-weight: 400;\" aria-level=\"1\"><span style=\"font-weight: 400;\">Facilitar el trabajo de los formadores, cuyas herramientas pedag\u00f3gicas y materiales de curso son en su mayor\u00eda digitales.<\/span><\/li>\n<\/ul>\n<p>[\/et_pb_text][\/et_pb_column][et_pb_column type=\u00bb1_2&#8243; _builder_version=\u00bb4.21.0&#8243; _module_preset=\u00bbdefault\u00bb global_colors_info=\u00bb{}\u00bb][et_pb_image src=\u00bbhttps:\/\/speechi.com\/wp-content\/uploads\/2025\/10\/etude-cas-CFA-BTP-roubaix-ecran-numerique-interactif-speechi-geographie.jpg\u00bb alt=\u00bbPantallas interactivas SuperGlass +S en las aulas del centro de formaci\u00f3n profesional BTP CFA de Roubaix\u00bb title_text=\u00bbPantallas interactivas SuperGlass +S en las aulas del centro de formaci\u00f3n profesional BTP CFA de Roubaix\u00bb _builder_version=\u00bb4.27.4&#8243; _module_preset=\u00bbdefault\u00bb global_colors_info=\u00bb{}\u00bb][\/et_pb_image][et_pb_text ul_item_indent=\u00bb20px\u00bb _builder_version=\u00bb4.27.4&#8243; _module_preset=\u00bbdefault\u00bb header_2_font_size=\u00bb25px\u00bb custom_margin=\u00bb-6px|||||\u00bb global_colors_info=\u00bb{}\u00bb]<\/p>\n<h2>Soluciones proporcionadas<\/h2>\n<ul>\n<li aria-level=\"1\"><span style=\"font-weight: 400;\">Una veintena de pantallas interactivas SuperGlass +S instaladas en las aulas de ense\u00f1anza general.<\/span><\/li>\n<\/ul>\n<p>[\/et_pb_text][\/et_pb_column][\/et_pb_row][et_pb_row column_structure=\u00bb1_2,1_2&#8243; _builder_version=\u00bb4.21.0&#8243; _module_preset=\u00bbdefault\u00bb global_colors_info=\u00bb{}\u00bb][et_pb_column type=\u00bb1_2&#8243; _builder_version=\u00bb4.21.0&#8243; _module_preset=\u00bbdefault\u00bb global_colors_info=\u00bb{}\u00bb][et_pb_image src=\u00bbhttps:\/\/speechi.com\/wp-content\/uploads\/2025\/10\/etude-cas-CFA-BTP-roubaix-ecran-numerique-interactif-speechi-numeriser-cours-qr-code.jpg\u00bb alt=\u00bbCompartir las notas de clase con los alumnos es m\u00e1s f\u00e1cil gracias al c\u00f3digo QR.\u00bb title_text=\u00bbCompartir las notas de clase con los alumnos es m\u00e1s f\u00e1cil gracias al c\u00f3digo QR.\u00bb _builder_version=\u00bb4.27.4&#8243; _module_preset=\u00bbdefault\u00bb global_colors_info=\u00bb{}\u00bb][\/et_pb_image][et_pb_text ul_item_indent=\u00bb20px\u00bb _builder_version=\u00bb4.27.4&#8243; _module_preset=\u00bbdefault\u00bb header_2_font_size=\u00bb25px\u00bb custom_margin=\u00bb-13px|||||\u00bb global_colors_info=\u00bb{}\u00bb]<\/p>\n<h2>Usos de la pantalla<\/h2>\n<ul>\n<li style=\"font-weight: 400;\" aria-level=\"1\"><span style=\"font-weight: 400;\">La pizarra blanca Note y el uso de c\u00f3digos QR para compartir los apuntes de clase.<\/span><\/li>\n<li style=\"font-weight: 400;\" aria-level=\"1\"><span style=\"font-weight: 400;\">Herramientas de anotaci\u00f3n para marcar documentos diversos como im\u00e1genes y esquemas.<\/span><\/li>\n<li style=\"font-weight: 400;\" aria-level=\"1\"><span style=\"font-weight: 400;\">Compartir la pantalla del PC del profesor.<\/span><\/li>\n<li style=\"font-weight: 400;\" aria-level=\"1\"><span style=\"font-weight: 400;\">Uso de sitios y aplicaciones como Genially (plataforma para crear contenido interactivo) o Kahoot (aplicaci\u00f3n de votaciones en l\u00ednea).<\/span><\/li>\n<\/ul>\n<p>[\/et_pb_text][\/et_pb_column][et_pb_column type=\u00bb1_2&#8243; _builder_version=\u00bb4.21.0&#8243; _module_preset=\u00bbdefault\u00bb global_colors_info=\u00bb{}\u00bb][et_pb_image src=\u00bbhttps:\/\/speechi.com\/wp-content\/uploads\/2025\/10\/etude-cas-CFA-BTP-roubaix-ecran-numerique-interactif-speechi-classe-1.jpg\u00bb alt=\u00bbLas ventajas pedag\u00f3gicas de la pizarra digital interactiva en el aula\u00bb title_text=\u00bbLas ventajas pedag\u00f3gicas de la pizarra digital interactiva en el aula\u00bb _builder_version=\u00bb4.27.4&#8243; _module_preset=\u00bbdefault\u00bb global_colors_info=\u00bb{}\u00bb][\/et_pb_image][et_pb_text ul_item_indent=\u00bb20px\u00bb _builder_version=\u00bb4.27.4&#8243; _module_preset=\u00bbdefault\u00bb header_2_font_size=\u00bb25px\u00bb custom_margin=\u00bb-14px|||||\u00bb global_colors_info=\u00bb{}\u00bb]<\/p>\n<h2>Ventajas<\/h2>\n<ul>\n<li style=\"font-weight: 400;\" aria-level=\"1\"><span style=\"font-weight: 400;\">Una herramienta que permite implementar f\u00e1cilmente una ense\u00f1anza inclusiva, con la recuperaci\u00f3n de los apuntes de clase, especialmente \u00fatil para los alumnos al\u00f3fonos.<\/span><\/li>\n<li style=\"font-weight: 400;\" aria-level=\"1\"><span style=\"font-weight: 400;\">Posibilidad de multiplicar los m\u00e9todos pedag\u00f3gicos para dirigirse a los diferentes canales de aprendizaje de los estudiantes y establecer una forma de pedagog\u00eda diferenciada.<\/span><\/li>\n<li style=\"font-weight: 400;\" aria-level=\"1\"><span style=\"font-weight: 400;\">Una interactividad de la pantalla percibida como l\u00fadica por los alumnos, lo que los implica m\u00e1s en la clase.<\/span><\/li>\n<li style=\"font-weight: 400;\" aria-level=\"1\"><span style=\"font-weight: 400;\">Una herramienta de uso instintivo que no requiere aprendizaje previo.<\/span><\/li>\n<\/ul>\n<p>[\/et_pb_text][\/et_pb_column][\/et_pb_row][et_pb_row _builder_version=\u00bb4.27.4&#8243; _module_preset=\u00bbdefault\u00bb custom_padding=\u00bb||0px|||\u00bb global_colors_info=\u00bb{}\u00bb][et_pb_column type=\u00bb4_4&#8243; _builder_version=\u00bb4.27.4&#8243; _module_preset=\u00bbdefault\u00bb global_colors_info=\u00bb{}\u00bb][et_pb_text _builder_version=\u00bb4.27.4&#8243; _module_preset=\u00bbdefault\u00bb global_colors_info=\u00bb{}\u00bb]<\/p>\n<h2>Descubra los testimonios de\u2026<\/h2>\n<p>[\/et_pb_text][\/et_pb_column][\/et_pb_row][et_pb_row column_structure=\u00bb1_2,1_2&#8243; _builder_version=\u00bb4.21.0&#8243; _module_preset=\u00bbdefault\u00bb custom_padding=\u00bb14px||0px|||\u00bb global_colors_info=\u00bb{}\u00bb][et_pb_column type=\u00bb1_2&#8243; _builder_version=\u00bb4.21.0&#8243; _module_preset=\u00bbdefault\u00bb global_colors_info=\u00bb{}\u00bb][et_pb_text _builder_version=\u00bb4.27.4&#8243; _module_preset=\u00bbdefault\u00bb quote_font=\u00bbABeeZee||||||||\u00bb header_3_line_height=\u00bb1.3em\u00bb hover_enabled=\u00bb0&#8243; global_colors_info=\u00bb{}\u00bb sticky_enabled=\u00bb0&#8243;]<\/p>\n<h3>Johan de Pryck, subdirector<\/h3>\n<blockquote>\n<p><span style=\"font-weight: 400;\">\u201cTratamos de conseguir un poco de financiaci\u00f3n para poder equipar tambi\u00e9n las aulas de ense\u00f1anza profesional, porque los profesores de taller est\u00e1n un poco celosos, les gustar\u00eda tener estas pantallas tambi\u00e9n.\u201d<\/span><\/p>\n<\/blockquote>\n<p>[\/et_pb_text][\/et_pb_column][et_pb_column type=\u00bb1_2&#8243; _builder_version=\u00bb4.21.0&#8243; _module_preset=\u00bbdefault\u00bb global_colors_info=\u00bb{}\u00bb][et_pb_text _builder_version=\u00bb4.27.4&#8243; _module_preset=\u00bbdefault\u00bb quote_font=\u00bbABeeZee||||||||\u00bb header_3_line_height=\u00bb1.3em\u00bb global_colors_info=\u00bb{}\u00bb]<\/p>\n<h3>St\u00e9phane Comodi, formador <br \/>en franc\u00e9s, historia-geograf\u00eda y PSE<\/h3>\n<div class=\"et_pb_module et_pb_text et_pb_text_10 et_pb_text_align_left et_pb_bg_layout_light\">\n<div class=\"et_pb_text_inner\">\n<blockquote>\n<p><span style=\"font-weight: 400;\">\u201cEl hecho de poder simplemente escanear la pantalla y tener en el tel\u00e9fono todas las notas que escrib\u00ed durante la clase, eso es una ventaja excepcional.\u201d<\/span><\/p>\n<\/blockquote>\n<\/div>\n<\/div>\n<p>[\/et_pb_text][\/et_pb_column][\/et_pb_row][et_pb_row column_structure=\u00bb1_2,1_2&#8243; _builder_version=\u00bb4.27.4&#8243; _module_preset=\u00bbdefault\u00bb custom_padding=\u00bb1px|||||\u00bb global_colors_info=\u00bb{}\u00bb][et_pb_column type=\u00bb1_2&#8243; _builder_version=\u00bb4.27.4&#8243; _module_preset=\u00bbdefault\u00bb global_colors_info=\u00bb{}\u00bb][et_pb_video src=\u00bbhttps:\/\/youtu.be\/WP9hCBWNeEg\u00bb _builder_version=\u00bb4.27.4&#8243; _module_preset=\u00bbdefault\u00bb global_colors_info=\u00bb{}\u00bb][\/et_pb_video][\/et_pb_column][et_pb_column type=\u00bb1_2&#8243; _builder_version=\u00bb4.27.4&#8243; _module_preset=\u00bbdefault\u00bb global_colors_info=\u00bb{}\u00bb][et_pb_video src=\u00bbhttps:\/\/youtu.be\/VaUs7OHVQ04&#8243; _builder_version=\u00bb4.27.4&#8243; _module_preset=\u00bbdefault\u00bb global_colors_info=\u00bb{}\u00bb][\/et_pb_video][\/et_pb_column][\/et_pb_row][\/et_pb_section]<\/p>\n","protected":false},"excerpt":{"rendered":"<p>Estudio de caso: El Centro de FP de RoubaixEDUCACI\u00d3NBTP CFA HAUTS-DE-FRANCEROUBAIXContexto El Centro de Formaci\u00f3n de Aprendices en construcci\u00f3n y obras p\u00fablicas de Roubaix imparte conocimientos tanto profesionales como generales para formar a un p\u00fablico caracterizado por su diversidad: adultos en reconversi\u00f3n profesional, j\u00f3venes aprendices que no se sienten atra\u00eddos por la ense\u00f1anza escolar cl\u00e1sica, [&hellip;]<\/p>\n","protected":false},"author":5,"featured_media":0,"parent":0,"menu_order":0,"comment_status":"closed","ping_status":"closed","template":"","meta":{"_acf_changed":false,"_seopress_robots_primary_cat":"","_seopress_titles_title":"Estudio de caso: el Centro de FP de Roubaix - Speechi","_seopress_titles_desc":"El centro de formaci\u00f3n profesional BTP CFA de Roubaix se ha equipado con una veintena de pantallas interactivas SuperGlass +S. Repasamos sus problemas, las soluciones aportadas, sus usos y los beneficios percibidos. ","_seopress_robots_index":"","_et_pb_use_builder":"on","_et_pb_old_content":"","_et_gb_content_width":"","footnotes":""},"difl_page_category":[],"class_list":["post-44209275","page","type-page","status-publish","hentry"],"acf":[],"_links":{"self":[{"href":"https:\/\/speechi.com\/es\/wp-json\/wp\/v2\/pages\/44209275","targetHints":{"allow":["GET"]}}],"collection":[{"href":"https:\/\/speechi.com\/es\/wp-json\/wp\/v2\/pages"}],"about":[{"href":"https:\/\/speechi.com\/es\/wp-json\/wp\/v2\/types\/page"}],"author":[{"embeddable":true,"href":"https:\/\/speechi.com\/es\/wp-json\/wp\/v2\/users\/5"}],"replies":[{"embeddable":true,"href":"https:\/\/speechi.com\/es\/wp-json\/wp\/v2\/comments?post=44209275"}],"version-history":[{"count":4,"href":"https:\/\/speechi.com\/es\/wp-json\/wp\/v2\/pages\/44209275\/revisions"}],"predecessor-version":[{"id":44209280,"href":"https:\/\/speechi.com\/es\/wp-json\/wp\/v2\/pages\/44209275\/revisions\/44209280"}],"wp:attachment":[{"href":"https:\/\/speechi.com\/es\/wp-json\/wp\/v2\/media?parent=44209275"}],"wp:term":[{"taxonomy":"difl_page_category","embeddable":true,"href":"https:\/\/speechi.com\/es\/wp-json\/wp\/v2\/difl_page_category?post=44209275"}],"curies":[{"name":"wp","href":"https:\/\/api.w.org\/{rel}","templated":true}]}}