{"id":3,"date":"2023-03-06T15:30:05","date_gmt":"2023-03-06T14:30:05","guid":{"rendered":"https:\/\/cdn.speechi.com\/?page_id=3"},"modified":"2026-01-22T17:06:28","modified_gmt":"2026-01-22T16:06:28","slug":"mentions-legales","status":"publish","type":"page","link":"https:\/\/speechi.com\/fr\/mentions-legales\/","title":{"rendered":"Mentions l\u00e9gales"},"content":{"rendered":"<p>[et_pb_section fb_built=\u00a0\u00bb1&Prime; admin_label=\u00a0\u00bbsection\u00a0\u00bb _builder_version=\u00a0\u00bb4.20.2&Prime; custom_padding=\u00a0\u00bb20px||||false|false\u00a0\u00bb global_colors_info=\u00a0\u00bb{}\u00a0\u00bb][et_pb_row admin_label=\u00a0\u00bbrow\u00a0\u00bb _builder_version=\u00a0\u00bb4.16&Prime; background_size=\u00a0\u00bbinitial\u00a0\u00bb background_position=\u00a0\u00bbtop_left\u00a0\u00bb background_repeat=\u00a0\u00bbrepeat\u00a0\u00bb global_colors_info=\u00a0\u00bb{}\u00a0\u00bb][et_pb_column type=\u00a0\u00bb4_4&Prime; _builder_version=\u00a0\u00bb4.16&Prime; custom_padding=\u00a0\u00bb|||\u00a0\u00bb global_colors_info=\u00a0\u00bb{}\u00a0\u00bb custom_padding__hover=\u00a0\u00bb|||\u00a0\u00bb][et_pb_text admin_label=\u00a0\u00bbText\u00a0\u00bb _builder_version=\u00a0\u00bb4.27.4&Prime; background_size=\u00a0\u00bbinitial\u00a0\u00bb background_position=\u00a0\u00bbtop_left\u00a0\u00bb background_repeat=\u00a0\u00bbrepeat\u00a0\u00bb hover_enabled=\u00a0\u00bb0&Prime; global_colors_info=\u00a0\u00bb{}\u00a0\u00bb sticky_enabled=\u00a0\u00bb0&Prime;]<\/p>\n<h1 data-start=\"56\" data-end=\"142\"><strong data-start=\"56\" data-end=\"76\">Mentions l\u00e9gales<\/strong><br data-start=\"76\" data-end=\"79\" \/><strong data-start=\"79\" data-end=\"89\">Wouarf<\/strong><br data-start=\"89\" data-end=\"92\" \/><strong data-start=\"92\" data-end=\"142\">Directeur de la publication : Benjamin Brousse<\/strong><\/h1>\n<p data-start=\"144\" data-end=\"367\">SAS au capital social de 8 000 \u20ac<br data-start=\"176\" data-end=\"179\" \/>SIREN : 449 742 667 RCS Lille M\u00e9tropole<br data-start=\"218\" data-end=\"221\" \/>Num\u00e9ro de TVA : FR 14 449 742 667<br data-start=\"254\" data-end=\"257\" \/>Si\u00e8ge social : 12 rue de Weppes, 59800 Lille, France<br data-start=\"309\" data-end=\"312\" \/>T\u00e9l\u00e9phone : +33 3 79 59 01 91<br data-start=\"341\" data-end=\"344\" \/>Fax : +33 3 20 34 74 26<\/p>\n<p data-start=\"369\" data-end=\"445\">Le site est h\u00e9berg\u00e9 par Hostinger, Paris , France<\/p>\n<p data-start=\"632\" data-end=\"977\"><strong data-start=\"632\" data-end=\"669\">Droit d\u2019acc\u00e8s et de rectification<\/strong><br data-start=\"669\" data-end=\"672\" \/>Les informations nominatives vous concernant font l\u2019objet d\u2019un traitement automatis\u00e9. Conform\u00e9ment \u00e0 la loi n\u00b0 78-17 du 6 janvier 1978, vous disposez d\u2019un droit d\u2019acc\u00e8s, de rectification et d\u2019opposition au traitement de vos donn\u00e9es personnelles.<br data-start=\"917\" data-end=\"920\" \/>Pour exercer ce droit, il vous suffit de nous contacter :<\/p>\n<ul data-start=\"979\" data-end=\"1111\">\n<li data-start=\"979\" data-end=\"1019\">\n<p data-start=\"981\" data-end=\"1019\">par email : info@speechi.com<\/p>\n<\/li>\n<li data-start=\"1020\" data-end=\"1111\">\n<p data-start=\"1022\" data-end=\"1111\">par courrier postal \u00e0 l\u2019adresse suivante : Speechi, 12 rue de Weppes, 59000 Lille, France<\/p>\n<\/li>\n<\/ul>\n<p data-start=\"1113\" data-end=\"1540\"><strong data-start=\"1113\" data-end=\"1132\">Droits d\u2019auteur<\/strong><br data-start=\"1132\" data-end=\"1135\" \/>Tous les contenus pr\u00e9sents sur ce site sont prot\u00e9g\u00e9s par la l\u00e9gislation fran\u00e7aise et internationale sur le droit d\u2019auteur. Tous les droits de reproduction sont r\u00e9serv\u00e9s.<br data-start=\"1304\" data-end=\"1307\" \/>Toute repr\u00e9sentation ou reproduction, int\u00e9grale ou partielle, sur quelque support que ce soit, est strictement interdite sans l\u2019autorisation expresse de Speechi, conform\u00e9ment \u00e0 l\u2019article L122-4 du Code de la propri\u00e9t\u00e9 intellectuelle.<\/p>\n<p data-start=\"1542\" data-end=\"1674\">Le non-respect de ces dispositions constitue une contrefa\u00e7on pouvant engager la responsabilit\u00e9 civile et\/ou p\u00e9nale du contrefacteur.<\/p>\n<p data-start=\"1676\" data-end=\"1832\">Les informations communiqu\u00e9es sur ce site le sont \u00e0 titre indicatif. Elles n\u2019ont aucun caract\u00e8re contractuel et n\u2019engagent pas la responsabilit\u00e9 de Speechi.<\/p>\n<p data-start=\"1834\" data-end=\"1975\">Pour toute demande de cr\u00e9ation de lien hypertexte ou de reproduction de contenu, merci de nous contacter par email : info(arobase)speechi.com<\/p>\n<p data-start=\"1977\" data-end=\"2552\"><strong data-start=\"1977\" data-end=\"1988\">Cookies<\/strong><br data-start=\"1988\" data-end=\"1991\" \/>Dans le cadre de nos campagnes publicitaires, nous utilisons des cookies. En utilisant notre site, vous acceptez que des prestataires tiers, y compris Google, diffusent nos annonces sur d&rsquo;autres sites en fonction de votre historique de navigation et de vos visites sur notre site.<br data-start=\"2271\" data-end=\"2274\" \/>Nous vous informons que vous pouvez d\u00e9sactiver l\u2019utilisation des cookies de Google via le lien \u00ab Publicit\u00e9 et confidentialit\u00e9 \u00bb. Vous pouvez \u00e9galement d\u00e9sactiver l\u2019utilisation de cookies par un prestataire tiers via la page de d\u00e9sactivation de la Network Advertising Initiative.<\/p>\n<p>[\/et_pb_text][\/et_pb_column][\/et_pb_row][\/et_pb_section]<\/p>\n","protected":false},"excerpt":{"rendered":"<p>Mentions l\u00e9galesWouarfDirecteur de la publication : Benjamin Brousse SAS au capital social de 8 000 \u20acSIREN : 449 742 667 RCS Lille M\u00e9tropoleNum\u00e9ro de TVA : FR 14 449 742 667Si\u00e8ge social : 12 rue de Weppes, 59800 Lille, FranceT\u00e9l\u00e9phone : +33 3 79 59 01 91Fax : +33 3 20 34 74 26 Le [&hellip;]<\/p>\n","protected":false},"author":3,"featured_media":0,"parent":0,"menu_order":0,"comment_status":"closed","ping_status":"closed","template":"","meta":{"_acf_changed":false,"_seopress_robots_primary_cat":"","_seopress_titles_title":"Speechi \u2014 Mentions l\u00e9gales & Informations l\u00e9gales","_seopress_titles_desc":"Consultez les mentions l\u00e9gales officielles de Speechi : informations administratives, droits d\u2019auteur, protection des donn\u00e9es, responsabilit\u00e9. Transparence et conformit\u00e9 l\u00e9gale.","_seopress_robots_index":"","_et_pb_use_builder":"on","_et_pb_old_content":"<!-- wp:heading --><h2>Who we are<\/h2><!-- \/wp:heading --><!-- wp:paragraph --><p><strong class=\"privacy-policy-tutorial\">Suggested text: <\/strong>Our website address is: https:\/\/cdn.speechi.com.<\/p><!-- \/wp:paragraph --><!-- wp:heading --><h2>Comments<\/h2><!-- \/wp:heading --><!-- wp:paragraph --><p><strong class=\"privacy-policy-tutorial\">Suggested text: <\/strong>When visitors leave comments on the site we collect the data shown in the comments form, and also the visitor&#8217;s IP address and browser user agent string to help spam detection.<\/p><!-- \/wp:paragraph --><!-- wp:paragraph --><p>An anonymized string created from your email address (also called a hash) may be provided to the Gravatar service to see if you are using it. The Gravatar service privacy policy is available here: https:\/\/automattic.com\/privacy\/. After approval of your comment, your profile picture is visible to the public in the context of your comment.<\/p><!-- \/wp:paragraph --><!-- wp:heading --><h2>Media<\/h2><!-- \/wp:heading --><!-- wp:paragraph --><p><strong class=\"privacy-policy-tutorial\">Suggested text: <\/strong>If you upload images to the website, you should avoid uploading images with embedded location data (EXIF GPS) included. Visitors to the website can download and extract any location data from images on the website.<\/p><!-- \/wp:paragraph --><!-- wp:heading --><h2>Cookies<\/h2><!-- \/wp:heading --><!-- wp:paragraph --><p><strong class=\"privacy-policy-tutorial\">Suggested text: <\/strong>If you leave a comment on our site you may opt-in to saving your name, email address and website in cookies. These are for your convenience so that you do not have to fill in your details again when you leave another comment. These cookies will last for one year.<\/p><!-- \/wp:paragraph --><!-- wp:paragraph --><p>If you visit our login page, we will set a temporary cookie to determine if your browser accepts cookies. This cookie contains no personal data and is discarded when you close your browser.<\/p><!-- \/wp:paragraph --><!-- wp:paragraph --><p>When you log in, we will also set up several cookies to save your login information and your screen display choices. Login cookies last for two days, and screen options cookies last for a year. If you select &quot;Remember Me&quot;, your login will persist for two weeks. If you log out of your account, the login cookies will be removed.<\/p><!-- \/wp:paragraph --><!-- wp:paragraph --><p>If you edit or publish an article, an additional cookie will be saved in your browser. This cookie includes no personal data and simply indicates the post ID of the article you just edited. It expires after 1 day.<\/p><!-- \/wp:paragraph --><!-- wp:heading --><h2>Embedded content from other websites<\/h2><!-- \/wp:heading --><!-- wp:paragraph --><p><strong class=\"privacy-policy-tutorial\">Suggested text: <\/strong>Articles on this site may include embedded content (e.g. videos, images, articles, etc.). Embedded content from other websites behaves in the exact same way as if the visitor has visited the other website.<\/p><!-- \/wp:paragraph --><!-- wp:paragraph --><p>These websites may collect data about you, use cookies, embed additional third-party tracking, and monitor your interaction with that embedded content, including tracking your interaction with the embedded content if you have an account and are logged in to that website.<\/p><!-- \/wp:paragraph --><!-- wp:heading --><h2>Who we share your data with<\/h2><!-- \/wp:heading --><!-- wp:paragraph --><p><strong class=\"privacy-policy-tutorial\">Suggested text: <\/strong>If you request a password reset, your IP address will be included in the reset email.<\/p><!-- \/wp:paragraph --><!-- wp:heading --><h2>How long we retain your data<\/h2><!-- \/wp:heading --><!-- wp:paragraph --><p><strong class=\"privacy-policy-tutorial\">Suggested text: <\/strong>If you leave a comment, the comment and its metadata are retained indefinitely. This is so we can recognize and approve any follow-up comments automatically instead of holding them in a moderation queue.<\/p><!-- \/wp:paragraph --><!-- wp:paragraph --><p>For users that register on our website (if any), we also store the personal information they provide in their user profile. All users can see, edit, or delete their personal information at any time (except they cannot change their username). Website administrators can also see and edit that information.<\/p><!-- \/wp:paragraph --><!-- wp:heading --><h2>What rights you have over your data<\/h2><!-- \/wp:heading --><!-- wp:paragraph --><p><strong class=\"privacy-policy-tutorial\">Suggested text: <\/strong>If you have an account on this site, or have left comments, you can request to receive an exported file of the personal data we hold about you, including any data you have provided to us. You can also request that we erase any personal data we hold about you. This does not include any data we are obliged to keep for administrative, legal, or security purposes.<\/p><!-- \/wp:paragraph --><!-- wp:heading --><h2>Where your data is sent<\/h2><!-- \/wp:heading --><!-- wp:paragraph --><p><strong class=\"privacy-policy-tutorial\">Suggested text: <\/strong>Visitor comments may be checked through an automated spam detection service.<\/p><!-- \/wp:paragraph -->","_et_gb_content_width":"","footnotes":""},"difl_page_category":[],"class_list":["post-3","page","type-page","status-publish","hentry"],"acf":[],"_links":{"self":[{"href":"https:\/\/speechi.com\/fr\/wp-json\/wp\/v2\/pages\/3","targetHints":{"allow":["GET"]}}],"collection":[{"href":"https:\/\/speechi.com\/fr\/wp-json\/wp\/v2\/pages"}],"about":[{"href":"https:\/\/speechi.com\/fr\/wp-json\/wp\/v2\/types\/page"}],"author":[{"embeddable":true,"href":"https:\/\/speechi.com\/fr\/wp-json\/wp\/v2\/users\/3"}],"replies":[{"embeddable":true,"href":"https:\/\/speechi.com\/fr\/wp-json\/wp\/v2\/comments?post=3"}],"version-history":[{"count":24,"href":"https:\/\/speechi.com\/fr\/wp-json\/wp\/v2\/pages\/3\/revisions"}],"predecessor-version":[{"id":44216160,"href":"https:\/\/speechi.com\/fr\/wp-json\/wp\/v2\/pages\/3\/revisions\/44216160"}],"wp:attachment":[{"href":"https:\/\/speechi.com\/fr\/wp-json\/wp\/v2\/media?parent=3"}],"wp:term":[{"taxonomy":"difl_page_category","embeddable":true,"href":"https:\/\/speechi.com\/fr\/wp-json\/wp\/v2\/difl_page_category?post=3"}],"curies":[{"name":"wp","href":"https:\/\/api.w.org\/{rel}","templated":true}]}}