{"id":4395385,"date":"2023-03-20T12:01:31","date_gmt":"2023-03-20T11:01:31","guid":{"rendered":"https:\/\/cdn.speechi.com\/?page_id=4395385"},"modified":"2023-07-18T12:12:08","modified_gmt":"2023-07-18T10:12:08","slug":"support","status":"publish","type":"page","link":"https:\/\/speechi.com\/fr\/support\/","title":{"rendered":"Support"},"content":{"rendered":"<p>[et_pb_section fb_built=\u00a0\u00bb1&Prime; admin_label=\u00a0\u00bbHeader\u00a0\u00bb _builder_version=\u00a0\u00bb4.20.2&Prime; _module_preset=\u00a0\u00bbdefault\u00a0\u00bb use_background_color_gradient=\u00a0\u00bbon\u00a0\u00bb background_color_gradient_stops=\u00a0\u00bb#f5f5f5 36%|#18b6c3 36%\u00a0\u00bb global_colors_info=\u00a0\u00bb{%22gcid-431bd12a-5227-4536-9132-2528c0596703%22:%91%93}\u00a0\u00bb][et_pb_row column_structure=\u00a0\u00bb1_2,1_2&Prime; _builder_version=\u00a0\u00bb4.16&Prime; _module_preset=\u00a0\u00bbdefault\u00a0\u00bb global_colors_info=\u00a0\u00bb{}\u00a0\u00bb][et_pb_column type=\u00a0\u00bb1_2&Prime; _builder_version=\u00a0\u00bb4.16&Prime; _module_preset=\u00a0\u00bbdefault\u00a0\u00bb global_colors_info=\u00a0\u00bb{}\u00a0\u00bb][et_pb_text _builder_version=\u00a0\u00bb4.21.0&Prime; _module_preset=\u00a0\u00bbb0bf5418-994a-43d1-aef8-7d7c6764119d\u00a0\u00bb header_font=\u00a0\u00bbMontserrat|600|||||||\u00a0\u00bb header_text_color=\u00a0\u00bb#383838&Prime; header_font_size=\u00a0\u00bb50px\u00a0\u00bb header_letter_spacing=\u00a0\u00bb1px\u00a0\u00bb header_line_height=\u00a0\u00bb1.2em\u00a0\u00bb custom_margin=\u00a0\u00bb||8px||false|false\u00a0\u00bb hover_enabled=\u00a0\u00bb0&Prime; header_font_size_tablet=\u00a0\u00bb40px\u00a0\u00bb header_font_size_phone=\u00a0\u00bb24px\u00a0\u00bb header_font_size_last_edited=\u00a0\u00bbon|desktop\u00a0\u00bb locked=\u00a0\u00bboff\u00a0\u00bb global_colors_info=\u00a0\u00bb{}\u00a0\u00bb sticky_enabled=\u00a0\u00bb0&Prime;]<\/p>\n<h1>Contacter notre \u00e9quipe support<\/h1>\n<p>[\/et_pb_text][et_pb_text _builder_version=\u00a0\u00bb4.20.2&Prime; _module_preset=\u00a0\u00bb2e1ca0a8-a515-4ca3-8814-65eea4b82393&Prime; text_text_color=\u00a0\u00bb#000000&Prime; text_line_height=\u00a0\u00bb2em\u00a0\u00bb link_text_color=\u00a0\u00bb#000000&Prime; locked=\u00a0\u00bboff\u00a0\u00bb global_colors_info=\u00a0\u00bb{}\u00a0\u00bb]<\/p>\n<p>D\u00e9crivez-nous vos probl\u00e9matiques avec le plus de pr\u00e9cision possible et nous vous r\u00e9pondrons efficacement dans les meilleurs d\u00e9lais.<\/p>\n<p>Notre \u00e9quipe est \u00e0 votre disposition pour vous aider par t\u00e9l\u00e9phone, par mail ou en visioconf\u00e9rence.<\/p>\n<p>[\/et_pb_text][et_pb_image src=\u00a0\u00bbhttps:\/\/cdn.speechi.com\/wp-content\/uploads\/2023\/04\/interactive-screen-support-3.svg\u00a0\u00bb alt=\u00a0\u00bbEquipe technique support du sp\u00e9cialiste de l&rsquo;\u00e9cran tactile Speechi\u00a0\u00bb title_text=\u00a0\u00bbEquipe technique support du sp\u00e9cialiste de l&rsquo;\u00e9cran tactile Speechi\u00a0\u00bb _builder_version=\u00a0\u00bb4.20.2&Prime; _module_preset=\u00a0\u00bbdefault\u00a0\u00bb global_colors_info=\u00a0\u00bb{}\u00a0\u00bb][\/et_pb_image][\/et_pb_column][et_pb_column type=\u00a0\u00bb1_2&Prime; _builder_version=\u00a0\u00bb4.16&Prime; _module_preset=\u00a0\u00bbdefault\u00a0\u00bb global_colors_info=\u00a0\u00bb{}\u00a0\u00bb][et_pb_code _builder_version=\u00a0\u00bb4.20.2&Prime; _module_preset=\u00a0\u00bbdefault\u00a0\u00bb background_color=\u00a0\u00bb#ffffff\u00a0\u00bb border_radii=\u00a0\u00bbon|10px|10px|10px|10px\u00a0\u00bb box_shadow_style=\u00a0\u00bbpreset1&Prime; global_colors_info=\u00a0\u00bb{}\u00a0\u00bb]<iframe frameborder=\"0\" style=\"height:1100px;width:99%;border:none;\" src='https:\/\/forms.zohopublic.com\/thierryklein\/form\/TEST0604\/formperma\/TiefqdeNZefuiks-airTpW7IuQZIKba6ydo7rRa9fm0'><\/iframe>[\/et_pb_code][\/et_pb_column][\/et_pb_row][\/et_pb_section]<\/p>\n","protected":false},"excerpt":{"rendered":"<p>Contacter notre \u00e9quipe supportD\u00e9crivez-nous vos probl\u00e9matiques avec le plus de pr\u00e9cision possible et nous vous r\u00e9pondrons efficacement dans les meilleurs d\u00e9lais. Notre \u00e9quipe est \u00e0 votre disposition pour vous aider par t\u00e9l\u00e9phone, par mail ou en visioconf\u00e9rence.<\/p>\n","protected":false},"author":3,"featured_media":0,"parent":0,"menu_order":0,"comment_status":"closed","ping_status":"closed","template":"","meta":{"_acf_changed":false,"_seopress_robots_primary_cat":"","_seopress_titles_title":"Contactez l'\u00e9quipe Support de Speechi - expert interactif","_seopress_titles_desc":"Pour toutes vos questions sur le fonctionnement de nos \u00e9crans tactiles SpeechiTouch et de nos cam\u00e9ras, contactez notre support technique.","_seopress_robots_index":"","_et_pb_use_builder":"on","_et_pb_old_content":"","_et_gb_content_width":"","footnotes":""},"difl_page_category":[],"class_list":["post-4395385","page","type-page","status-publish","hentry"],"acf":[],"_links":{"self":[{"href":"https:\/\/speechi.com\/fr\/wp-json\/wp\/v2\/pages\/4395385","targetHints":{"allow":["GET"]}}],"collection":[{"href":"https:\/\/speechi.com\/fr\/wp-json\/wp\/v2\/pages"}],"about":[{"href":"https:\/\/speechi.com\/fr\/wp-json\/wp\/v2\/types\/page"}],"author":[{"embeddable":true,"href":"https:\/\/speechi.com\/fr\/wp-json\/wp\/v2\/users\/3"}],"replies":[{"embeddable":true,"href":"https:\/\/speechi.com\/fr\/wp-json\/wp\/v2\/comments?post=4395385"}],"version-history":[{"count":21,"href":"https:\/\/speechi.com\/fr\/wp-json\/wp\/v2\/pages\/4395385\/revisions"}],"predecessor-version":[{"id":4403381,"href":"https:\/\/speechi.com\/fr\/wp-json\/wp\/v2\/pages\/4395385\/revisions\/4403381"}],"wp:attachment":[{"href":"https:\/\/speechi.com\/fr\/wp-json\/wp\/v2\/media?parent=4395385"}],"wp:term":[{"taxonomy":"difl_page_category","embeddable":true,"href":"https:\/\/speechi.com\/fr\/wp-json\/wp\/v2\/difl_page_category?post=4395385"}],"curies":[{"name":"wp","href":"https:\/\/api.w.org\/{rel}","templated":true}]}}