{"id":4397418,"date":"2023-03-30T11:09:33","date_gmt":"2023-03-30T09:09:33","guid":{"rendered":"https:\/\/cdn.speechi.com\/?page_id=4397418"},"modified":"2023-07-11T17:38:01","modified_gmt":"2023-07-11T15:38:01","slug":"education","status":"publish","type":"page","link":"https:\/\/speechi.com\/fr\/education\/","title":{"rendered":"Solutions Education"},"content":{"rendered":"<p>[et_pb_section fb_built=\u00a0\u00bb1&Prime; admin_label=\u00a0\u00bbHeader\u00a0\u00bb _builder_version=\u00a0\u00bb4.20.2&Prime; _module_preset=\u00a0\u00bbdefault\u00a0\u00bb custom_margin=\u00a0\u00bb||||false|false\u00a0\u00bb custom_padding=\u00a0\u00bb1vw||||false|false\u00a0\u00bb box_shadow_style=\u00a0\u00bbpreset7&Prime; box_shadow_horizontal=\u00a0\u00bb-20vw\u00a0\u00bb box_shadow_vertical=\u00a0\u00bb0px\u00a0\u00bb box_shadow_color=\u00a0\u00bb#eaeaea\u00a0\u00bb box_shadow_horizontal_tablet=\u00a0\u00bb-8vw\u00a0\u00bb box_shadow_horizontal_phone=\u00a0\u00bb\u00a0\u00bb box_shadow_horizontal_last_edited=\u00a0\u00bbon|tablet\u00a0\u00bb locked=\u00a0\u00bboff\u00a0\u00bb global_colors_info=\u00a0\u00bb{}\u00a0\u00bb][et_pb_row column_structure=\u00a0\u00bb3_5,2_5&Prime; make_equal=\u00a0\u00bbon\u00a0\u00bb _builder_version=\u00a0\u00bb4.20.2&Prime; _module_preset=\u00a0\u00bbdefault\u00a0\u00bb global_colors_info=\u00a0\u00bb{}\u00a0\u00bb][et_pb_column type=\u00a0\u00bb3_5&Prime; _builder_version=\u00a0\u00bb4.20.2&Prime; _module_preset=\u00a0\u00bbdefault\u00a0\u00bb custom_padding=\u00a0\u00bb|8%|230px||false|false\u00a0\u00bb custom_padding_tablet=\u00a0\u00bb|0%|0px||false|false\u00a0\u00bb custom_padding_phone=\u00a0\u00bb\u00a0\u00bb custom_padding_last_edited=\u00a0\u00bbon|tablet\u00a0\u00bb global_colors_info=\u00a0\u00bb{}\u00a0\u00bb][et_pb_text _builder_version=\u00a0\u00bb4.20.2&Prime; _module_preset=\u00a0\u00bb88189985-383f-4a98-8bda-45b45a07d31e\u00a0\u00bb header_font=\u00a0\u00bb|600|||||||\u00a0\u00bb header_text_color=\u00a0\u00bb#000000&Prime; header_font_size=\u00a0\u00bb50px\u00a0\u00bb header_line_height=\u00a0\u00bb1.2em\u00a0\u00bb header_font_tablet=\u00a0\u00bb\u00a0\u00bb header_font_phone=\u00a0\u00bbRoboto|500|||||||\u00a0\u00bb header_font_last_edited=\u00a0\u00bbon|phone\u00a0\u00bb header_font_size_tablet=\u00a0\u00bb48px\u00a0\u00bb header_font_size_phone=\u00a0\u00bb28px\u00a0\u00bb header_font_size_last_edited=\u00a0\u00bbon|tablet\u00a0\u00bb locked=\u00a0\u00bboff\u00a0\u00bb global_colors_info=\u00a0\u00bb{}\u00a0\u00bb]<\/p>\n<h1>Un support de cours connect\u00e9 et interactif<\/h1>\n<p>[\/et_pb_text][et_pb_text _builder_version=\u00a0\u00bb4.20.2&Prime; _module_preset=\u00a0\u00bbdae59d6c-8e6f-457d-9b53-6f843dc37ccb\u00a0\u00bb text_font=\u00a0\u00bb||||||||\u00a0\u00bb text_text_color=\u00a0\u00bb#a3a7ac\u00a0\u00bb text_font_size=\u00a0\u00bb20px\u00a0\u00bb custom_margin=\u00a0\u00bb||||false|false\u00a0\u00bb text_font_size_tablet=\u00a0\u00bb15px\u00a0\u00bb text_font_size_phone=\u00a0\u00bb14px\u00a0\u00bb text_font_size_last_edited=\u00a0\u00bbon|desktop\u00a0\u00bb locked=\u00a0\u00bboff\u00a0\u00bb global_colors_info=\u00a0\u00bb{}\u00a0\u00bb]<\/p>\n<p>Enseignez, animez, partagez votre savoir m\u00eame \u00e0 distance<\/p>\n<p>[\/et_pb_text][\/et_pb_column][et_pb_column type=\u00a0\u00bb2_5&Prime; _builder_version=\u00a0\u00bb4.20.2&Prime; _module_preset=\u00a0\u00bbdefault\u00a0\u00bb background_color=\u00a0\u00bb#323a45&Prime; custom_padding=\u00a0\u00bb||||false|false\u00a0\u00bb box_shadow_style=\u00a0\u00bbpreset4&Prime; box_shadow_horizontal=\u00a0\u00bb360px\u00a0\u00bb box_shadow_vertical=\u00a0\u00bb0px\u00a0\u00bb box_shadow_color=\u00a0\u00bb#323a45&Prime; box_shadow_horizontal_tablet=\u00a0\u00bb\u00a0\u00bb box_shadow_horizontal_phone=\u00a0\u00bb200px\u00a0\u00bb box_shadow_horizontal_last_edited=\u00a0\u00bbon|phone\u00a0\u00bb global_colors_info=\u00a0\u00bb{%22gcid-4c754952-8207-4136-b7cc-f3d93882233e%22:%91%93}\u00a0\u00bb][et_pb_image src=\u00a0\u00bbhttps:\/\/cdn.speechi.com\/wp-content\/uploads\/2023\/04\/interactive-screen-school.png\u00a0\u00bb alt=\u00a0\u00bbL&rsquo;utilisation du tableau interactif dans la salle de classe est un excellent moyen d&rsquo;int\u00e9grer la technologie \u00e0 l&rsquo;apprentissage des \u00e9l\u00e8ves\u00a0\u00bb title_text=\u00a0\u00bbL&rsquo;utilisation du tableau interactif dans la salle de classe est un excellent moyen d&rsquo;int\u00e9grer la technologie \u00e0 l&rsquo;apprentissage des \u00e9l\u00e8ves\u00a0\u00bb show_bottom_space=\u00a0\u00bboff\u00a0\u00bb _builder_version=\u00a0\u00bb4.20.2&Prime; _module_preset=\u00a0\u00bbdefault\u00a0\u00bb custom_margin=\u00a0\u00bb19%|-10vw|-44%|-36%|false|false\u00a0\u00bb custom_margin_tablet=\u00a0\u00bb|0%|-16%|0%|false|false\u00a0\u00bb custom_margin_phone=\u00a0\u00bb\u00a0\u00bb custom_margin_last_edited=\u00a0\u00bbon|tablet\u00a0\u00bb locked=\u00a0\u00bboff\u00a0\u00bb global_colors_info=\u00a0\u00bb{}\u00a0\u00bb][\/et_pb_image][\/et_pb_column][\/et_pb_row][\/et_pb_section][et_pb_section fb_built=\u00a0\u00bb1&Prime; admin_label=\u00a0\u00bbsection\u00a0\u00bb _builder_version=\u00a0\u00bb4.16&Prime; custom_padding=\u00a0\u00bb0px|0px|0px|0px\u00a0\u00bb transparent_background=\u00a0\u00bboff\u00a0\u00bb make_fullwidth=\u00a0\u00bboff\u00a0\u00bb use_custom_width=\u00a0\u00bboff\u00a0\u00bb width_unit=\u00a0\u00bboff\u00a0\u00bb custom_width_px=\u00a0\u00bb1080px\u00a0\u00bb custom_width_percent=\u00a0\u00bb80%\u00a0\u00bb global_colors_info=\u00a0\u00bb{}\u00a0\u00bb][et_pb_row column_structure=\u00a0\u00bb1_2,1_2&Prime; use_custom_gutter=\u00a0\u00bbon\u00a0\u00bb gutter_width=\u00a0\u00bb1&Prime; make_equal=\u00a0\u00bbon\u00a0\u00bb admin_label=\u00a0\u00bbrow\u00a0\u00bb module_class=\u00a0\u00bb et_pb_row_fullwidth\u00a0\u00bb _builder_version=\u00a0\u00bb4.20.2&Prime; background_size=\u00a0\u00bbinitial\u00a0\u00bb background_position=\u00a0\u00bbtop_left\u00a0\u00bb background_repeat=\u00a0\u00bbrepeat\u00a0\u00bb width=\u00a0\u00bb100%\u00a0\u00bb width_tablet=\u00a0\u00bb100%\u00a0\u00bb width_phone=\u00a0\u00bb100%\u00a0\u00bb width_last_edited=\u00a0\u00bbon|desktop\u00a0\u00bb max_width=\u00a0\u00bb100%\u00a0\u00bb max_width_tablet=\u00a0\u00bb100%\u00a0\u00bb max_width_phone=\u00a0\u00bb100%\u00a0\u00bb max_width_last_edited=\u00a0\u00bbon|desktop\u00a0\u00bb custom_padding=\u00a0\u00bb0px|0px|0px|0px|false|false\u00a0\u00bb make_fullwidth=\u00a0\u00bbon\u00a0\u00bb use_custom_width=\u00a0\u00bboff\u00a0\u00bb width_unit=\u00a0\u00bboff\u00a0\u00bb custom_width_px=\u00a0\u00bb1080px\u00a0\u00bb custom_width_percent=\u00a0\u00bb80%\u00a0\u00bb global_colors_info=\u00a0\u00bb{}\u00a0\u00bb][et_pb_column type=\u00a0\u00bb1_2&Prime; _builder_version=\u00a0\u00bb4.20.2&Prime; custom_padding=\u00a0\u00bb|||\u00a0\u00bb global_colors_info=\u00a0\u00bb{}\u00a0\u00bb custom_padding__hover=\u00a0\u00bb|||\u00a0\u00bb][et_pb_image src=\u00a0\u00bbhttps:\/\/speechi.com\/wp-content\/uploads\/2023\/04\/interactive-display-education-1.jpg\u00a0\u00bb alt=\u00a0\u00bbUn tableau interactif moderne est install\u00e9 dans la salle de classe pour aider \u00e0 l&rsquo;apprentissage des \u00e9l\u00e8ves\u00a0\u00bb title_text=\u00a0\u00bbinteractive-display-education\u00a0\u00bb force_fullwidth=\u00a0\u00bbon\u00a0\u00bb align_tablet=\u00a0\u00bbcenter\u00a0\u00bb align_phone=\u00a0\u00bbcenter\u00a0\u00bb align_last_edited=\u00a0\u00bbon|desktop\u00a0\u00bb admin_label=\u00a0\u00bbImage\u00a0\u00bb _builder_version=\u00a0\u00bb4.20.2&Prime; animation_style=\u00a0\u00bbslide\u00a0\u00bb animation_direction=\u00a0\u00bbleft\u00a0\u00bb animation_duration=\u00a0\u00bb500ms\u00a0\u00bb animation_intensity_slide=\u00a0\u00bb10%\u00a0\u00bb hover_enabled=\u00a0\u00bb0&Prime; use_border_color=\u00a0\u00bboff\u00a0\u00bb border_color=\u00a0\u00bb#ffffff\u00a0\u00bb border_width=\u00a0\u00bb1px\u00a0\u00bb border_style=\u00a0\u00bbsolid\u00a0\u00bb sticky=\u00a0\u00bboff\u00a0\u00bb always_center_on_mobile=\u00a0\u00bbon\u00a0\u00bb global_colors_info=\u00a0\u00bb{}\u00a0\u00bb sticky_enabled=\u00a0\u00bb0&Prime;] [\/et_pb_image][\/et_pb_column][et_pb_column type=\u00a0\u00bb1_2&Prime; module_class=\u00a0\u00bbcentrer-verticalement\u00a0\u00bb _builder_version=\u00a0\u00bb4.20.2&Prime; custom_padding=\u00a0\u00bb|||\u00a0\u00bb global_colors_info=\u00a0\u00bb{}\u00a0\u00bb custom_padding__hover=\u00a0\u00bb|||\u00a0\u00bb][et_pb_slider _builder_version=\u00a0\u00bb4.20.2&Prime; _module_preset=\u00a0\u00bbdefault\u00a0\u00bb header_font=\u00a0\u00bbMontserrat|600|||||||\u00a0\u00bb background_color=\u00a0\u00bbRGBA(255,255,255,0)\u00a0\u00bb custom_margin=\u00a0\u00bb||||false|false\u00a0\u00bb global_colors_info=\u00a0\u00bb{}\u00a0\u00bb][et_pb_slide heading=\u00a0\u00bbAnimez et captivez votre classe\u00a0\u00bb _builder_version=\u00a0\u00bb4.20.2&Prime; _module_preset=\u00a0\u00bbdefault\u00a0\u00bb text_orientation=\u00a0\u00bbleft\u00a0\u00bb background_layout=\u00a0\u00bblight\u00a0\u00bb global_colors_info=\u00a0\u00bb{}\u00a0\u00bb sticky_transition=\u00a0\u00bbon\u00a0\u00bb]A la mani\u00e8re du tableau blanc traditionnel, l\u2019\u00e9cran interactif constitue un support de cours au potentiel d\u00e9multipli\u00e9. Gr\u00e2ce \u00e0 une surface de travail infinie, l\u2019acc\u00e8s au web, \u00e0 des applications et des logiciels, ce support num\u00e9rique vous offre la possibilit\u00e9 de pr\u00e9senter vos cours de toutes les fa\u00e7ons, m\u00eame les plus originales, pour captiver vos \u00e9l\u00e8ves et faciliter leur compr\u00e9hension.[\/et_pb_slide][et_pb_slide heading=\u00a0\u00bbAnnotez et enrichissez vos le\u00e7ons\u00a0\u00bb _builder_version=\u00a0\u00bb4.20.2&Prime; _module_preset=\u00a0\u00bbdefault\u00a0\u00bb text_orientation=\u00a0\u00bbleft\u00a0\u00bb background_layout=\u00a0\u00bblight\u00a0\u00bb global_colors_info=\u00a0\u00bb{}\u00a0\u00bb sticky_transition=\u00a0\u00bbon\u00a0\u00bb]Pendant le d\u00e9roul\u00e9 de votre cours, vous pouvez annoter directement votre support (document, image, vid\u00e9o ou page web). Annotez, sch\u00e9matisez, capturez en image pour rendre la le\u00e7on encore plus intelligible. Importez aussi tout type de fichiers et exploitez toutes les ressources disponibles et actuelles \u00e0 port\u00e9e de main via le web pour enrichir vos cours.[\/et_pb_slide][et_pb_slide heading=\u00a0\u00bbFaites interagir vos \u00e9l\u00e8ves\u00a0\u00bb _builder_version=\u00a0\u00bb4.20.2&Prime; _module_preset=\u00a0\u00bbdefault\u00a0\u00bb text_orientation=\u00a0\u00bbleft\u00a0\u00bb background_layout=\u00a0\u00bblight\u00a0\u00bb global_colors_info=\u00a0\u00bb{}\u00a0\u00bb sticky_transition=\u00a0\u00bbon\u00a0\u00bb]Plusieurs \u00e9l\u00e8ves peuvent utiliser et interagir \u00e0 l\u2019\u00e9cran simultan\u00e9ment. Si vos \u00e9l\u00e8ves sont amen\u00e9s \u00e0 participer activement durant le cours, ils se sentiront plus impliqu\u00e9s et investis, ce qui aura \u00e9galement un impact positif sur l\u2019apprentissage : compr\u00e9hension, m\u00e9moire et mise en application ne seront que meilleures. [\/et_pb_slide][\/et_pb_slider][\/et_pb_column][\/et_pb_row][et_pb_row column_structure=\u00a0\u00bb1_2,1_2&Prime; use_custom_gutter=\u00a0\u00bbon\u00a0\u00bb gutter_width=\u00a0\u00bb1&Prime; make_equal=\u00a0\u00bbon\u00a0\u00bb admin_label=\u00a0\u00bbrow\u00a0\u00bb module_class=\u00a0\u00bb et_pb_row_fullwidth\u00a0\u00bb _builder_version=\u00a0\u00bb4.20.2&Prime; background_size=\u00a0\u00bbinitial\u00a0\u00bb background_position=\u00a0\u00bbtop_left\u00a0\u00bb background_repeat=\u00a0\u00bbrepeat\u00a0\u00bb width=\u00a0\u00bb100%\u00a0\u00bb width_tablet=\u00a0\u00bb100%\u00a0\u00bb width_phone=\u00a0\u00bb100%\u00a0\u00bb width_last_edited=\u00a0\u00bbon|desktop\u00a0\u00bb max_width=\u00a0\u00bb100%\u00a0\u00bb max_width_tablet=\u00a0\u00bb100%\u00a0\u00bb max_width_phone=\u00a0\u00bb100%\u00a0\u00bb max_width_last_edited=\u00a0\u00bbon|desktop\u00a0\u00bb custom_padding=\u00a0\u00bb0px|0px|0px|0px|false|false\u00a0\u00bb make_fullwidth=\u00a0\u00bbon\u00a0\u00bb use_custom_width=\u00a0\u00bboff\u00a0\u00bb width_unit=\u00a0\u00bboff\u00a0\u00bb custom_width_px=\u00a0\u00bb1080px\u00a0\u00bb custom_width_percent=\u00a0\u00bb80%\u00a0\u00bb global_colors_info=\u00a0\u00bb{}\u00a0\u00bb][et_pb_column type=\u00a0\u00bb1_2&Prime; module_class=\u00a0\u00bbcentrer-verticalement\u00a0\u00bb _builder_version=\u00a0\u00bb4.20.2&Prime; custom_padding=\u00a0\u00bb|||\u00a0\u00bb global_colors_info=\u00a0\u00bb{}\u00a0\u00bb custom_padding__hover=\u00a0\u00bb|||\u00a0\u00bb][et_pb_slider _builder_version=\u00a0\u00bb4.20.2&Prime; _module_preset=\u00a0\u00bbdefault\u00a0\u00bb header_font=\u00a0\u00bbMontserrat|600|||||||\u00a0\u00bb background_color=\u00a0\u00bbRGBA(255,255,255,0)\u00a0\u00bb custom_margin=\u00a0\u00bb||||false|false\u00a0\u00bb global_colors_info=\u00a0\u00bb{}\u00a0\u00bb][et_pb_slide heading=\u00a0\u00bbEnseignez \u00e0 distance\u00a0\u00bb _builder_version=\u00a0\u00bb4.20.2&Prime; _module_preset=\u00a0\u00bbdefault\u00a0\u00bb background_enable_color=\u00a0\u00bboff\u00a0\u00bb text_orientation=\u00a0\u00bbleft\u00a0\u00bb background_layout=\u00a0\u00bblight\u00a0\u00bb global_colors_info=\u00a0\u00bb{}\u00a0\u00bb sticky_transition=\u00a0\u00bbon\u00a0\u00bb]Avec les bons outils, il vous est possible de faire classe \u00e0 distance ou classe hybride, quel que soit l\u2019endroit o\u00f9 vos \u00e9l\u00e8ves ou vous-m\u00eame vous trouvez. Assurez-vous d\u2019\u00eatre bien visible et audible pour votre audience \u00e0 distance, et comme un cours classique vous pourrez d\u00e9rouler votre cours depuis n\u2019importe quel endroit et aurez les m\u00eames possibilit\u00e9s d\u2019interaction.[\/et_pb_slide][et_pb_slide heading=\u00a0\u00bbPartagez vos ressources\u00a0\u00bb _builder_version=\u00a0\u00bb4.20.2&Prime; _module_preset=\u00a0\u00bbdefault\u00a0\u00bb background_enable_color=\u00a0\u00bboff\u00a0\u00bb text_orientation=\u00a0\u00bbleft\u00a0\u00bb background_layout=\u00a0\u00bblight\u00a0\u00bb global_colors_info=\u00a0\u00bb{}\u00a0\u00bb sticky_transition=\u00a0\u00bbon\u00a0\u00bb]Utilisez la solution de visioconf\u00e9rence de votre choix et partagez votre \u00e9cran avec vos \u00e9l\u00e8ves en distanciel, afin qu\u2019ils visualisent avec vous chaque \u00e9tape du cours. Ils pourront tout aussi facilement participer et poser des questions. En travaillant sur un espace Cloud, vous acc\u00e9dez \u00e0 vos ressources \u00e0 tout moment et pouvez les partager \u00e0 vos \u00e9l\u00e8ves plus facilement pour suivre et revoir le cours. Vos modifications sont automatiquement enregistr\u00e9es pour un gain de temps.[\/et_pb_slide][et_pb_slide heading=\u00a0\u00bbEnregistrez le d\u00e9roul\u00e9 de votre cours en vid\u00e9o\u00a0\u00bb _builder_version=\u00a0\u00bb4.20.2&Prime; _module_preset=\u00a0\u00bbdefault\u00a0\u00bb background_enable_color=\u00a0\u00bboff\u00a0\u00bb text_orientation=\u00a0\u00bbleft\u00a0\u00bb background_layout=\u00a0\u00bblight\u00a0\u00bb global_colors_info=\u00a0\u00bb{}\u00a0\u00bb sticky_transition=\u00a0\u00bbon\u00a0\u00bb]Depuis votre solution de visioconf\u00e9rence ou directement depuis la barre d\u2019outils de votre \u00e9cran interactif, vous pouvez choisir d\u2019enregistrer le contenu de votre cours en vid\u00e9o. Vous pourrez ainsi le diffuser, l\u2019envoyer ou le mettre en ligne pour le partager par exemple aux personnes absentes souhaitant le revisionner en diff\u00e9r\u00e9.[\/et_pb_slide][\/et_pb_slider][\/et_pb_column][et_pb_column type=\u00a0\u00bb1_2&Prime; module_class=\u00a0\u00bbcentrer-verticalement\u00a0\u00bb _builder_version=\u00a0\u00bb4.20.2&Prime; custom_padding=\u00a0\u00bb|||\u00a0\u00bb global_colors_info=\u00a0\u00bb{}\u00a0\u00bb custom_padding__hover=\u00a0\u00bb|||\u00a0\u00bb][et_pb_image src=\u00a0\u00bbhttps:\/\/cdn.speechi.com\/wp-content\/uploads\/2023\/04\/interactive-screen-classroom.jpg\u00a0\u00bb alt=\u00a0\u00bbLe professeur utilise un \u00e9cran tactile pour afficher des graphiques et des images\u00a0\u00bb title_text=\u00a0\u00bbLe professeur utilise un \u00e9cran tactile pour afficher des graphiques et des images\u00a0\u00bb align=\u00a0\u00bbcenter\u00a0\u00bb force_fullwidth=\u00a0\u00bbon\u00a0\u00bb align_tablet=\u00a0\u00bbcenter\u00a0\u00bb align_phone=\u00a0\u00bbcenter\u00a0\u00bb align_last_edited=\u00a0\u00bbon|desktop\u00a0\u00bb admin_label=\u00a0\u00bbImage\u00a0\u00bb _builder_version=\u00a0\u00bb4.20.2&Prime; animation_style=\u00a0\u00bbslide\u00a0\u00bb animation_direction=\u00a0\u00bbright\u00a0\u00bb animation_duration=\u00a0\u00bb500ms\u00a0\u00bb animation_intensity_slide=\u00a0\u00bb10%\u00a0\u00bb use_border_color=\u00a0\u00bboff\u00a0\u00bb border_color=\u00a0\u00bb#ffffff\u00a0\u00bb border_width=\u00a0\u00bb1px\u00a0\u00bb border_style=\u00a0\u00bbsolid\u00a0\u00bb animation=\u00a0\u00bbright\u00a0\u00bb sticky=\u00a0\u00bboff\u00a0\u00bb always_center_on_mobile=\u00a0\u00bbon\u00a0\u00bb global_colors_info=\u00a0\u00bb{}\u00a0\u00bb] [\/et_pb_image][\/et_pb_column][\/et_pb_row][\/et_pb_section][et_pb_section fb_built=\u00a0\u00bb1&Prime; fullwidth=\u00a0\u00bbon\u00a0\u00bb _builder_version=\u00a0\u00bb4.20.2&Prime; _module_preset=\u00a0\u00bbdefault\u00a0\u00bb collapsed=\u00a0\u00bbon\u00a0\u00bb global_colors_info=\u00a0\u00bb{}\u00a0\u00bb][et_pb_fullwidth_header title=\u00a0\u00bbDevenir partenaire Speechi ?\u00a0\u00bb text_orientation=\u00a0\u00bbcenter\u00a0\u00bb button_one_text=\u00a0\u00bbC&rsquo;est ici\u00a0\u00bb button_one_url=\u00a0\u00bb@ET-DC@eyJkeW5hbWljIjp0cnVlLCJjb250ZW50IjoicG9zdF9saW5rX3VybF9wYWdlIiwic2V0dGluZ3MiOnsicG9zdF9pZCI6IjQzOTUzOTMifX0=@\u00a0\u00bb _builder_version=\u00a0\u00bb4.20.2&Prime; _dynamic_attributes=\u00a0\u00bbbutton_one_url\u00a0\u00bb _module_preset=\u00a0\u00bbdefault\u00a0\u00bb title_text_align=\u00a0\u00bbcenter\u00a0\u00bb content_text_align=\u00a0\u00bbcenter\u00a0\u00bb subhead_text_align=\u00a0\u00bbcenter\u00a0\u00bb custom_button_one=\u00a0\u00bbon\u00a0\u00bb button_one_border_radius=\u00a0\u00bb49px\u00a0\u00bb button_one_custom_margin=\u00a0\u00bb|auto|||false|false\u00a0\u00bb button_one_custom_padding=\u00a0\u00bb||||false|false\u00a0\u00bb global_colors_info=\u00a0\u00bb{}\u00a0\u00bb][\/et_pb_fullwidth_header][\/et_pb_section]<\/p>\n","protected":false},"excerpt":{"rendered":"<p>Un support de cours connect\u00e9 et interactifEnseignez, animez, partagez votre savoir m\u00eame \u00e0 distance A la mani\u00e8re du tableau blanc traditionnel, l\u2019\u00e9cran interactif constitue un support de cours au potentiel d\u00e9multipli\u00e9. Gr\u00e2ce \u00e0 une surface de travail infinie, l\u2019acc\u00e8s au web, \u00e0 des applications et des logiciels, ce support num\u00e9rique vous offre la possibilit\u00e9 de [&hellip;]<\/p>\n","protected":false},"author":3,"featured_media":0,"parent":0,"menu_order":0,"comment_status":"closed","ping_status":"closed","template":"","meta":{"_acf_changed":false,"_seopress_robots_primary_cat":"","_seopress_titles_title":"Solutions interactives et collaboratives pour l'\u00e9ducation","_seopress_titles_desc":"Captivez l'attention de vos \u00e9l\u00e8ves avec des solutions interactives, p\u00e9dagogiques et connect\u00e9es pour enseigner en pr\u00e9sentiel et \u00e0 distance.","_seopress_robots_index":"","_et_pb_use_builder":"on","_et_pb_old_content":"","_et_gb_content_width":"","footnotes":""},"difl_page_category":[],"class_list":["post-4397418","page","type-page","status-publish","hentry"],"acf":[],"_links":{"self":[{"href":"https:\/\/speechi.com\/fr\/wp-json\/wp\/v2\/pages\/4397418","targetHints":{"allow":["GET"]}}],"collection":[{"href":"https:\/\/speechi.com\/fr\/wp-json\/wp\/v2\/pages"}],"about":[{"href":"https:\/\/speechi.com\/fr\/wp-json\/wp\/v2\/types\/page"}],"author":[{"embeddable":true,"href":"https:\/\/speechi.com\/fr\/wp-json\/wp\/v2\/users\/3"}],"replies":[{"embeddable":true,"href":"https:\/\/speechi.com\/fr\/wp-json\/wp\/v2\/comments?post=4397418"}],"version-history":[{"count":31,"href":"https:\/\/speechi.com\/fr\/wp-json\/wp\/v2\/pages\/4397418\/revisions"}],"predecessor-version":[{"id":4403145,"href":"https:\/\/speechi.com\/fr\/wp-json\/wp\/v2\/pages\/4397418\/revisions\/4403145"}],"wp:attachment":[{"href":"https:\/\/speechi.com\/fr\/wp-json\/wp\/v2\/media?parent=4397418"}],"wp:term":[{"taxonomy":"difl_page_category","embeddable":true,"href":"https:\/\/speechi.com\/fr\/wp-json\/wp\/v2\/difl_page_category?post=4397418"}],"curies":[{"name":"wp","href":"https:\/\/api.w.org\/{rel}","templated":true}]}}