{"id":4413931,"date":"2024-03-15T16:52:30","date_gmt":"2024-03-15T15:52:30","guid":{"rendered":"https:\/\/speechi.com\/?page_id=4413931"},"modified":"2024-03-25T16:18:40","modified_gmt":"2024-03-25T15:18:40","slug":"etude-cas-ecole-couture-epicc","status":"publish","type":"page","link":"https:\/\/speechi.com\/fr\/etude-cas-ecole-couture-epicc\/","title":{"rendered":"Etude de cas : L&rsquo;\u00e9cole de couture EPICC"},"content":{"rendered":"<p>[et_pb_section fb_built=\u00a0\u00bb1&Prime; fullwidth=\u00a0\u00bbon\u00a0\u00bb _builder_version=\u00a0\u00bb4.21.0&Prime; _module_preset=\u00a0\u00bbdefault\u00a0\u00bb background_video_mp4=\u00a0\u00bbhttps:\/\/speechi.com\/wp-content\/uploads\/2024\/03\/speechi-epicc-formation-ecole-couture-temoignage.mp4&Prime; height=\u00a0\u00bb500px\u00a0\u00bb global_colors_info=\u00a0\u00bb{}\u00a0\u00bb][\/et_pb_section][et_pb_section fb_built=\u00a0\u00bb1&Prime; admin_label=\u00a0\u00bbsection\u00a0\u00bb _builder_version=\u00a0\u00bb4.16&Prime; global_colors_info=\u00a0\u00bb{}\u00a0\u00bb][et_pb_row _builder_version=\u00a0\u00bb4.21.0&Prime; _module_preset=\u00a0\u00bbdefault\u00a0\u00bb global_colors_info=\u00a0\u00bb{}\u00a0\u00bb][et_pb_column type=\u00a0\u00bb4_4&Prime; _builder_version=\u00a0\u00bb4.21.0&Prime; _module_preset=\u00a0\u00bbdefault\u00a0\u00bb global_colors_info=\u00a0\u00bb{}\u00a0\u00bb][et_pb_text _builder_version=\u00a0\u00bb4.21.0&Prime; _module_preset=\u00a0\u00bbdefault\u00a0\u00bb global_colors_info=\u00a0\u00bb{}\u00a0\u00bb]<\/p>\n<h1 style=\"text-align: center;\">Etude de cas : L\u2019Ecole de couture EPICC<\/h1>\n<p>[\/et_pb_text][\/et_pb_column][\/et_pb_row][et_pb_row column_structure=\u00a0\u00bb1_3,1_3,1_3&Prime; _builder_version=\u00a0\u00bb4.21.0&Prime; _module_preset=\u00a0\u00bbdefault\u00a0\u00bb hover_enabled=\u00a0\u00bb0&Prime; global_colors_info=\u00a0\u00bb{}\u00a0\u00bb width=\u00a0\u00bb40%\u00a0\u00bb sticky_enabled=\u00a0\u00bb0&Prime;][et_pb_column type=\u00a0\u00bb1_3&Prime; _builder_version=\u00a0\u00bb4.21.0&Prime; _module_preset=\u00a0\u00bbdefault\u00a0\u00bb global_colors_info=\u00a0\u00bb{}\u00a0\u00bb][et_pb_image src=\u00a0\u00bbhttps:\/\/speechi.com\/wp-content\/uploads\/2024\/02\/education-ecran-tactile-geant.svg\u00a0\u00bb alt=\u00a0\u00bbL&rsquo;ENI dans le domaine \u00e9ducatif\u00a0\u00bb title_text=\u00a0\u00bbL&rsquo;ENI dans le domaine \u00e9ducatif\u00a0\u00bb _builder_version=\u00a0\u00bb4.21.0&Prime; _module_preset=\u00a0\u00bbdefault\u00a0\u00bb global_colors_info=\u00a0\u00bb{}\u00a0\u00bb][\/et_pb_image][et_pb_text _builder_version=\u00a0\u00bb4.21.0&Prime; _module_preset=\u00a0\u00bbdefault\u00a0\u00bb global_colors_info=\u00a0\u00bb{}\u00a0\u00bb]<\/p>\n<p style=\"text-align: center;\"><span>EDUCATION<\/span><\/p>\n<p>[\/et_pb_text][\/et_pb_column][et_pb_column type=\u00a0\u00bb1_3&Prime; _builder_version=\u00a0\u00bb4.21.0&Prime; _module_preset=\u00a0\u00bbdefault\u00a0\u00bb global_colors_info=\u00a0\u00bb{}\u00a0\u00bb][et_pb_image src=\u00a0\u00bbhttps:\/\/speechi.com\/wp-content\/uploads\/2024\/03\/02-qui-logo-epicc.svg\u00a0\u00bb alt=\u00a0\u00bbUn ENI \u00e0 l&rsquo;\u00e9cole de couture EPICC\u00a0\u00bb title_text=\u00a0\u00bbUn ENI \u00e0 l&rsquo;\u00e9cole de couture EPICC\u00a0\u00bb _builder_version=\u00a0\u00bb4.21.0&Prime; _module_preset=\u00a0\u00bbdefault\u00a0\u00bb global_colors_info=\u00a0\u00bb{}\u00a0\u00bb][\/et_pb_image][et_pb_text _builder_version=\u00a0\u00bb4.21.0&Prime; _module_preset=\u00a0\u00bbdefault\u00a0\u00bb global_colors_info=\u00a0\u00bb{}\u00a0\u00bb]<\/p>\n<p style=\"text-align: center;\"><span>ECOLE DE COUTURE EPICC<\/span><\/p>\n<p>[\/et_pb_text][\/et_pb_column][et_pb_column type=\u00a0\u00bb1_3&Prime; _builder_version=\u00a0\u00bb4.21.0&Prime; _module_preset=\u00a0\u00bbdefault\u00a0\u00bb global_colors_info=\u00a0\u00bb{}\u00a0\u00bb][et_pb_image src=\u00a0\u00bbhttps:\/\/speechi.com\/wp-content\/uploads\/2024\/02\/03-ou-1.svg.svg\u00a0\u00bb alt=\u00a0\u00bbLieu\u00a0\u00bb title_text=\u00a0\u00bbLieu\u00a0\u00bb _builder_version=\u00a0\u00bb4.21.0&Prime; _module_preset=\u00a0\u00bbdefault\u00a0\u00bb global_colors_info=\u00a0\u00bb{}\u00a0\u00bb][\/et_pb_image][et_pb_text _builder_version=\u00a0\u00bb4.21.0&Prime; _module_preset=\u00a0\u00bbdefault\u00a0\u00bb global_colors_info=\u00a0\u00bb{}\u00a0\u00bb]<\/p>\n<p style=\"text-align: center;\"><span>ROUBAIX (NORD)<\/span><\/p>\n<p>[\/et_pb_text][\/et_pb_column][\/et_pb_row][et_pb_row _builder_version=\u00a0\u00bb4.21.0&Prime; _module_preset=\u00a0\u00bbdefault\u00a0\u00bb global_colors_info=\u00a0\u00bb{}\u00a0\u00bb][et_pb_column type=\u00a0\u00bb4_4&Prime; _builder_version=\u00a0\u00bb4.21.0&Prime; _module_preset=\u00a0\u00bbdefault\u00a0\u00bb global_colors_info=\u00a0\u00bb{}\u00a0\u00bb][et_pb_text _builder_version=\u00a0\u00bb4.21.0&Prime; _module_preset=\u00a0\u00bbdefault\u00a0\u00bb global_colors_info=\u00a0\u00bb{}\u00a0\u00bb]<\/p>\n<h2>Contexte<\/h2>\n<p><span>L\u2019Ecole de couture EPICC de Roubaix\u00a0<strong>forme des jeunes de 15 \u00e0 18 ans au m\u00e9tier de la confection industrielle textile<\/strong>. Au cours de leurs deux ann\u00e9es de formation, les \u00e9tudiants partagent leur temps d\u2019apprentissage entre l\u2019atelier de couture et la salle de formation. Soucieux de r\u00e9pondre \u00e0 l\u2019envie de ses \u00e9tudiants d\u2019apprendre par la pratique et le concret, l\u2019EPICC recherchait une solution innovante et moderne avec laquelle ses formateurs pourraient leur\u00a0<strong>dispenser les enseignements g\u00e9n\u00e9raux de la fa\u00e7on la plus participative et la moins magistrale possible<\/strong>.<\/span><\/p>\n<p>[\/et_pb_text][\/et_pb_column][\/et_pb_row][et_pb_row column_structure=\u00a0\u00bb1_2,1_2&Prime; _builder_version=\u00a0\u00bb4.21.0&Prime; _module_preset=\u00a0\u00bbdefault\u00a0\u00bb global_colors_info=\u00a0\u00bb{}\u00a0\u00bb][et_pb_column type=\u00a0\u00bb1_2&Prime; _builder_version=\u00a0\u00bb4.21.0&Prime; _module_preset=\u00a0\u00bbdefault\u00a0\u00bb global_colors_info=\u00a0\u00bb{}\u00a0\u00bb][et_pb_image src=\u00a0\u00bbhttps:\/\/speechi.com\/wp-content\/uploads\/2024\/03\/speechi-ecole-formation-ecran-interactif-epicc-couture-01.jpg\u00a0\u00bb alt=\u00a0\u00bbUn \u00e9cran num\u00e9rique interactif Speechi \u00e0 l&rsquo;\u00e9cole de couture EPICC\u00a0\u00bb title_text=\u00a0\u00bbUn \u00e9cran num\u00e9rique interactif Speechi \u00e0 l&rsquo;\u00e9cole de couture EPICC\u00a0\u00bb _builder_version=\u00a0\u00bb4.21.0&Prime; _module_preset=\u00a0\u00bbdefault\u00a0\u00bb global_colors_info=\u00a0\u00bb{}\u00a0\u00bb][\/et_pb_image][et_pb_text _builder_version=\u00a0\u00bb4.21.0&Prime; _module_preset=\u00a0\u00bbdefault\u00a0\u00bb global_colors_info=\u00a0\u00bb{}\u00a0\u00bb]<\/p>\n<h2>Probl\u00e9matique<\/h2>\n<ul>\n<li><span>Trouver un tableau de cours innovant pour dispenser des enseignements g\u00e9n\u00e9raux.<\/span><\/li>\n<li><span>S\u2019\u00e9quiper d\u2019une solution de pr\u00e9sentation pour les r\u00e9unions de conseil d\u2019administration et les r\u00e9unions avec les partenaires de l\u2019\u00e9cole.<\/span><\/li>\n<\/ul>\n<p>[\/et_pb_text][\/et_pb_column][et_pb_column type=\u00a0\u00bb1_2&Prime; _builder_version=\u00a0\u00bb4.21.0&Prime; _module_preset=\u00a0\u00bbdefault\u00a0\u00bb global_colors_info=\u00a0\u00bb{}\u00a0\u00bb][et_pb_image src=\u00a0\u00bbhttps:\/\/speechi.com\/wp-content\/uploads\/2024\/03\/speechi-ecole-formation-ecran-interactif-epicc-couture-02.jpg\u00a0\u00bb alt=\u00a0\u00bbEnseigner avec un ENI et un visualiseur de documents Speechi \u00e0 l&rsquo;\u00e9cole de couture EPICC\u00a0\u00bb title_text=\u00a0\u00bbEnseigner avec un ENI et un visualiseur de documents Speechi \u00e0 l&rsquo;\u00e9cole de couture EPICC\u00a0\u00bb _builder_version=\u00a0\u00bb4.21.0&Prime; _module_preset=\u00a0\u00bbdefault\u00a0\u00bb global_colors_info=\u00a0\u00bb{}\u00a0\u00bb][\/et_pb_image][et_pb_text _builder_version=\u00a0\u00bb4.21.0&Prime; _module_preset=\u00a0\u00bbdefault\u00a0\u00bb global_colors_info=\u00a0\u00bb{}\u00a0\u00bb]<\/p>\n<h2>Solutions apport\u00e9es<\/h2>\n<ul>\n<li aria-level=\"1\"><span>Un \u00e9cran interactif InfraRouge Speechi dans la salle de formation<\/span><\/li>\n<li aria-level=\"1\"><span>Un visualiseur de documents SpeechiCam 7<\/span><\/li>\n<li aria-level=\"1\"><span>Une cam\u00e9ra de visioconf\u00e9rence Speechi<\/span><\/li>\n<\/ul>\n<p>[\/et_pb_text][\/et_pb_column][\/et_pb_row][et_pb_row column_structure=\u00a0\u00bb1_2,1_2&Prime; _builder_version=\u00a0\u00bb4.21.0&Prime; _module_preset=\u00a0\u00bbdefault\u00a0\u00bb global_colors_info=\u00a0\u00bb{}\u00a0\u00bb][et_pb_column type=\u00a0\u00bb1_2&Prime; _builder_version=\u00a0\u00bb4.21.0&Prime; _module_preset=\u00a0\u00bbdefault\u00a0\u00bb global_colors_info=\u00a0\u00bb{}\u00a0\u00bb][et_pb_image src=\u00a0\u00bbhttps:\/\/speechi.com\/wp-content\/uploads\/2024\/03\/speechi-ecole-formation-ecran-interactif-epicc-couture-03.jpg\u00a0\u00bb alt=\u00a0\u00bbUn \u00e9cran num\u00e9rique interactif Speechi pour enseigner, apprendre et partager\u00a0\u00bb title_text=\u00a0\u00bbUn \u00e9cran num\u00e9rique interactif Speechi pour enseigner, apprendre et partager\u00a0\u00bb _builder_version=\u00a0\u00bb4.21.0&Prime; _module_preset=\u00a0\u00bbdefault\u00a0\u00bb global_colors_info=\u00a0\u00bb{}\u00a0\u00bb][\/et_pb_image][et_pb_text _builder_version=\u00a0\u00bb4.21.0&Prime; _module_preset=\u00a0\u00bbdefault\u00a0\u00bb global_colors_info=\u00a0\u00bb{}\u00a0\u00bb]<\/p>\n<h2>Usages de l\u2019\u00e9cran<\/h2>\n<ul>\n<li aria-level=\"1\"><span>L\u2019utilisation de l\u2019application de tableau blanc Note pour enseigner<\/span><\/li>\n<li aria-level=\"1\"><span>Le partage d\u2019\u00e9cran de PC sur l\u2019\u00e9cran interactif<\/span><\/li>\n<li aria-level=\"1\"><span>La consultation et l\u2019affichage sur l\u2019ENI de ses documents Drive<\/span><\/li>\n<li aria-level=\"1\"><span>La tenue de visioconf\u00e9rences sur l\u2019\u00e9cran<\/span><\/li>\n<\/ul>\n<p>[\/et_pb_text][\/et_pb_column][et_pb_column type=\u00a0\u00bb1_2&Prime; _builder_version=\u00a0\u00bb4.21.0&Prime; _module_preset=\u00a0\u00bbdefault\u00a0\u00bb global_colors_info=\u00a0\u00bb{}\u00a0\u00bb][et_pb_image src=\u00a0\u00bbhttps:\/\/speechi.com\/wp-content\/uploads\/2024\/03\/speechi-ecole-formation-ecran-interactif-epicc-couture-04.jpg\u00a0\u00bb alt=\u00a0\u00bbAfficher ses documents Drive sur l&rsquo;\u00e9cran interactif Speechi\u00a0\u00bb title_text=\u00a0\u00bbAfficher ses documents Drive sur l&rsquo;\u00e9cran interactif Speechi\u00a0\u00bb _builder_version=\u00a0\u00bb4.21.0&Prime; _module_preset=\u00a0\u00bbdefault\u00a0\u00bb global_colors_info=\u00a0\u00bb{}\u00a0\u00bb][\/et_pb_image][et_pb_text _builder_version=\u00a0\u00bb4.21.0&Prime; _module_preset=\u00a0\u00bbdefault\u00a0\u00bb global_colors_info=\u00a0\u00bb{}\u00a0\u00bb]<\/p>\n<h2>Avantages<\/h2>\n<ul>\n<li aria-level=\"1\"><span>Des enseignements g\u00e9n\u00e9raux qui, gr\u00e2ce \u00e0 l\u2019ENI, remettent la participation et la pratique au c\u0153ur des apprentissages m\u00eame th\u00e9oriques.<\/span><\/li>\n<li aria-level=\"1\"><span>Des r\u00e9unions de travail facilit\u00e9es avec un ENI qui lib\u00e8re les participants de certaines contraintes mat\u00e9rielles et simplifie le partage de documents.<\/span><\/li>\n<\/ul>\n<p>[\/et_pb_text][\/et_pb_column][\/et_pb_row][et_pb_row column_structure=\u00a0\u00bb1_2,1_2&Prime; _builder_version=\u00a0\u00bb4.21.0&Prime; _module_preset=\u00a0\u00bbdefault\u00a0\u00bb global_colors_info=\u00a0\u00bb{}\u00a0\u00bb][et_pb_column type=\u00a0\u00bb1_2&Prime; _builder_version=\u00a0\u00bb4.21.0&Prime; _module_preset=\u00a0\u00bbdefault\u00a0\u00bb global_colors_info=\u00a0\u00bb{}\u00a0\u00bb][et_pb_video src=\u00a0\u00bbhttps:\/\/www.youtube.com\/watch?v=FWGo4G1DXq4&Prime; _builder_version=\u00a0\u00bb4.21.0&Prime; _module_preset=\u00a0\u00bbdefault\u00a0\u00bb global_colors_info=\u00a0\u00bb{}\u00a0\u00bb][\/et_pb_video][\/et_pb_column][et_pb_column type=\u00a0\u00bb1_2&Prime; _builder_version=\u00a0\u00bb4.21.0&Prime; _module_preset=\u00a0\u00bbdefault\u00a0\u00bb global_colors_info=\u00a0\u00bb{}\u00a0\u00bb][et_pb_text _builder_version=\u00a0\u00bb4.21.0&Prime; _module_preset=\u00a0\u00bbdefault\u00a0\u00bb global_colors_info=\u00a0\u00bb{}\u00a0\u00bb]<\/p>\n<h2>D\u00e9couvrez le t\u00e9moignage du directeur de l\u2019EPICC<\/h2>\n<div class=\"et_pb_module et_pb_text et_pb_text_10  et_pb_text_align_left et_pb_bg_layout_light\">\n<div class=\"et_pb_text_inner\">\n<blockquote>\n<p>\u201cOn a lanc\u00e9 l\u2019\u00e9cole au mois d\u2019octobre avec simplement un atelier et une salle de formation sur 200m\u00b2. L\u2019an prochain, on passe \u00e0 600m\u00b2 avec une 2e salle de formation et un atelier plus grand. J\u2019esp\u00e8re bien m\u2019\u00e9quiper d\u2019un 2e \u00e9cran Speechi pour \u00e9quiper la 2e salle de formation.\u201d<\/p>\n<\/blockquote>\n<\/div>\n<\/div>\n<p>[\/et_pb_text][\/et_pb_column][\/et_pb_row][\/et_pb_section]<\/p>\n","protected":false},"excerpt":{"rendered":"<p>Etude de cas : L\u2019Ecole de couture EPICCEDUCATIONECOLE DE COUTURE EPICCROUBAIX (NORD)Contexte L\u2019Ecole de couture EPICC de Roubaix\u00a0forme des jeunes de 15 \u00e0 18 ans au m\u00e9tier de la confection industrielle textile. Au cours de leurs deux ann\u00e9es de formation, les \u00e9tudiants partagent leur temps d\u2019apprentissage entre l\u2019atelier de couture et la salle de formation. [&hellip;]<\/p>\n","protected":false},"author":5,"featured_media":0,"parent":0,"menu_order":0,"comment_status":"closed","ping_status":"closed","template":"","meta":{"_acf_changed":false,"_seopress_robots_primary_cat":"","_seopress_titles_title":"Etude de cas : Un ENI \u00e0 l&#039;\u00e9cole de couture EPICC | Speechi","_seopress_titles_desc":"D\u00e9couvrez comment l&#039;\u00e9cole de couture EPICC \u00e0 Roubaix utilise l&#039;\u00e9cran interactif SpeechiTouch pour ses enseignements g\u00e9n\u00e9raux. ","_seopress_robots_index":"","_et_pb_use_builder":"on","_et_pb_old_content":"<!-- wp:divi\/placeholder \/-->","_et_gb_content_width":"","footnotes":""},"difl_page_category":[],"class_list":["post-4413931","page","type-page","status-publish","hentry"],"acf":[],"_links":{"self":[{"href":"https:\/\/speechi.com\/fr\/wp-json\/wp\/v2\/pages\/4413931","targetHints":{"allow":["GET"]}}],"collection":[{"href":"https:\/\/speechi.com\/fr\/wp-json\/wp\/v2\/pages"}],"about":[{"href":"https:\/\/speechi.com\/fr\/wp-json\/wp\/v2\/types\/page"}],"author":[{"embeddable":true,"href":"https:\/\/speechi.com\/fr\/wp-json\/wp\/v2\/users\/5"}],"replies":[{"embeddable":true,"href":"https:\/\/speechi.com\/fr\/wp-json\/wp\/v2\/comments?post=4413931"}],"version-history":[{"count":11,"href":"https:\/\/speechi.com\/fr\/wp-json\/wp\/v2\/pages\/4413931\/revisions"}],"predecessor-version":[{"id":4414386,"href":"https:\/\/speechi.com\/fr\/wp-json\/wp\/v2\/pages\/4413931\/revisions\/4414386"}],"wp:attachment":[{"href":"https:\/\/speechi.com\/fr\/wp-json\/wp\/v2\/media?parent=4413931"}],"wp:term":[{"taxonomy":"difl_page_category","embeddable":true,"href":"https:\/\/speechi.com\/fr\/wp-json\/wp\/v2\/difl_page_category?post=4413931"}],"curies":[{"name":"wp","href":"https:\/\/api.w.org\/{rel}","templated":true}]}}