{"id":44148879,"date":"2024-05-14T10:18:01","date_gmt":"2024-05-14T08:18:01","guid":{"rendered":"https:\/\/speechi.com\/?page_id=44148879"},"modified":"2026-01-23T10:32:45","modified_gmt":"2026-01-23T09:32:45","slug":"faq-affichage-dynamique","status":"publish","type":"page","link":"https:\/\/speechi.com\/fr\/faq-affichage-dynamique\/","title":{"rendered":"FAQs Affichage dynamique &#8211; Blog"},"content":{"rendered":"<p>[et_pb_section fb_built=\u00a0\u00bb1&Prime; _builder_version=\u00a0\u00bb4.21.0&Prime; _module_preset=\u00a0\u00bbdefault\u00a0\u00bb custom_padding=\u00a0\u00bb||5px|||\u00a0\u00bb global_colors_info=\u00a0\u00bb{}\u00a0\u00bb][et_pb_row _builder_version=\u00a0\u00bb4.21.0&Prime; _module_preset=\u00a0\u00bbdefault\u00a0\u00bb global_colors_info=\u00a0\u00bb{}\u00a0\u00bb][et_pb_column type=\u00a0\u00bb4_4&Prime; _builder_version=\u00a0\u00bb4.21.0&Prime; _module_preset=\u00a0\u00bbdefault\u00a0\u00bb global_colors_info=\u00a0\u00bb{}\u00a0\u00bb][et_pb_text _builder_version=\u00a0\u00bb4.21.0&Prime; _module_preset=\u00a0\u00bbdefault\u00a0\u00bb header_font=\u00a0\u00bbMontserrat|600|||||||\u00a0\u00bb header_text_align=\u00a0\u00bbcenter\u00a0\u00bb global_colors_info=\u00a0\u00bb{}\u00a0\u00bb]<\/p>\n<h1>FAQs Affichage Dynamique<\/h1>\n<p>[\/et_pb_text][et_pb_text _builder_version=\u00a0\u00bb4.21.0&Prime; _module_preset=\u00a0\u00bbdefault\u00a0\u00bb text_orientation=\u00a0\u00bbcenter\u00a0\u00bb global_colors_info=\u00a0\u00bb{}\u00a0\u00bb]<\/p>\n<p>Tout savoir sur les \u00e9crans d&rsquo;affichage dynamique SpeechiDisplay et sur l&rsquo;affichage dynamique sur \u00e9cran interactif.<\/p>\n<p>[\/et_pb_text][\/et_pb_column][\/et_pb_row][\/et_pb_section][et_pb_section fb_built=\u00a0\u00bb1&Prime; _builder_version=\u00a0\u00bb4.21.0&Prime; _module_preset=\u00a0\u00bbdefault\u00a0\u00bb custom_padding=\u00a0\u00bb1px||15px|||\u00a0\u00bb global_colors_info=\u00a0\u00bb{}\u00a0\u00bb][et_pb_row _builder_version=\u00a0\u00bb4.21.0&Prime; _module_preset=\u00a0\u00bbdefault\u00a0\u00bb global_colors_info=\u00a0\u00bb{}\u00a0\u00bb][et_pb_column type=\u00a0\u00bb4_4&Prime; _builder_version=\u00a0\u00bb4.21.0&Prime; _module_preset=\u00a0\u00bbdefault\u00a0\u00bb global_colors_info=\u00a0\u00bb{}\u00a0\u00bb][et_pb_text _builder_version=\u00a0\u00bb4.21.0&Prime; _module_preset=\u00a0\u00bbdefault\u00a0\u00bb header_2_font=\u00a0\u00bbMontserrat|700|||||||\u00a0\u00bb header_2_text_align=\u00a0\u00bbcenter\u00a0\u00bb header_2_font_size=\u00a0\u00bb40px\u00a0\u00bb hover_enabled=\u00a0\u00bb0&Prime; global_colors_info=\u00a0\u00bb{}\u00a0\u00bb sticky_enabled=\u00a0\u00bb0&Prime;]<\/p>\n<h2>Tous nos articles<\/h2>\n<p>[\/et_pb_text][\/et_pb_column][\/et_pb_row][et_pb_row _builder_version=\u00a0\u00bb4.21.0&Prime; _module_preset=\u00a0\u00bbdefault\u00a0\u00bb global_colors_info=\u00a0\u00bb{}\u00a0\u00bb][et_pb_column type=\u00a0\u00bb4_4&Prime; _builder_version=\u00a0\u00bb4.21.0&Prime; _module_preset=\u00a0\u00bbdefault\u00a0\u00bb global_colors_info=\u00a0\u00bb{}\u00a0\u00bb][et_pb_blog fullwidth=\u00a0\u00bboff\u00a0\u00bb posts_number=\u00a0\u00bb100&Prime; include_categories=\u00a0\u00bb72&Prime; use_manual_excerpt=\u00a0\u00bboff\u00a0\u00bb show_author=\u00a0\u00bboff\u00a0\u00bb show_date=\u00a0\u00bboff\u00a0\u00bb show_categories=\u00a0\u00bboff\u00a0\u00bb show_excerpt=\u00a0\u00bboff\u00a0\u00bb _builder_version=\u00a0\u00bb4.21.0&Prime; _module_preset=\u00a0\u00bbdefault\u00a0\u00bb header_font=\u00a0\u00bbMontserrat|600|||||||\u00a0\u00bb header_font_size=\u00a0\u00bb20px\u00a0\u00bb border_width_all=\u00a0\u00bb0px\u00a0\u00bb global_colors_info=\u00a0\u00bb{}\u00a0\u00bb][\/et_pb_blog][\/et_pb_column][\/et_pb_row][\/et_pb_section][et_pb_section fb_built=\u00a0\u00bb1&Prime; _builder_version=\u00a0\u00bb4.21.0&Prime; _module_preset=\u00a0\u00bbdefault\u00a0\u00bb global_colors_info=\u00a0\u00bb{}\u00a0\u00bb][et_pb_row column_structure=\u00a0\u00bb1_3,1_3,1_3&Prime; _builder_version=\u00a0\u00bb4.21.0&Prime; _module_preset=\u00a0\u00bbdefault\u00a0\u00bb min_height=\u00a0\u00bb344px\u00a0\u00bb locked=\u00a0\u00bboff\u00a0\u00bb global_colors_info=\u00a0\u00bb{}\u00a0\u00bb][et_pb_column type=\u00a0\u00bb1_3&Prime; _builder_version=\u00a0\u00bb4.21.0&Prime; _module_preset=\u00a0\u00bbdefault\u00a0\u00bb global_colors_info=\u00a0\u00bb{}\u00a0\u00bb][et_pb_text _builder_version=\u00a0\u00bb4.21.0&Prime; _module_preset=\u00a0\u00bbdefault\u00a0\u00bb text_font_size=\u00a0\u00bb9px\u00a0\u00bb text_line_height=\u00a0\u00bb1em\u00a0\u00bb header_font_size=\u00a0\u00bb10px\u00a0\u00bb header_2_font_size=\u00a0\u00bb10px\u00a0\u00bb global_colors_info=\u00a0\u00bb{}\u00a0\u00bb]<\/p>\n<h2>Affichage dynamique<\/h2>\n<p>L\u2019affichage dynamique est une technologie qui permet de communiquer avec un public. Le contenu va d\u00e9filer sur un \u00e9cran. Aujourd\u2019hui, on remarque que ce type de technologie est utilis\u00e9 au sein d&rsquo;entreprises. Elle permet de faciliter les r\u00e9unions gr\u00e2ce \u00e0 son \u00e9cran tactile. Elle existe sous plusieurs formes, vous pouvez avoir un \u00e9cran (en paysage) ou bien un panneau vertical, qui est le plus souvent utilis\u00e9 dans les villes comme point d\u2019information lorsque l\u2019on est perdu. La marque Speechi vous pr\u00e9sente sa gamme d&rsquo;appareils r\u00e9volutionnaires.<\/p>\n<h2>Pourquoi opter pour un \u00e9cran d\u2019affichage dynamique<\/h2>\n<p>Les \u00e9crans d\u2019affichage dynamiques propos\u00e9s par la marque, s&rsquo;utilisent comme une tablette traditionnelle. Retrouvez le confort que vous connaissiez, mais cette fois-ci sur grand \u00e9cran. Ces derniers disposent d\u2019un stylo qui va vous permettre d\u2019\u00e9crire pr\u00e9cis\u00e9ment. Totalement autonome, il n\u2019a pas de rebord donc il va pouvoir s&rsquo;installer facilement dans toutes les salles. Avec l\u2019\u00e9pid\u00e9mie du Covid-19 beaucoup de personnes ont bascul\u00e9 en t\u00e9l\u00e9travail, la majorit\u00e9 des r\u00e9unions se faisaient \u00e0 distance.<\/p>\n<p>Apr\u00e8s la reprise, certaines entreprises ont continu\u00e9 \u00e0 appliquer ce mode de fonctionnement. L\u2019\u00e9cran d\u2019affichage dynamique r\u00e9pond parfaitement \u00e0 ce besoin. Il dispose d\u2019une sonorisation impressionnante et d\u2019une qualit\u00e9 d\u2019image remarquable. Avec lui, toutes vos r\u00e9unions seront assur\u00e9es malgr\u00e9 la distance qui vous s\u00e9pare.<\/p>\n<p>[\/et_pb_text][\/et_pb_column][et_pb_column type=\u00a0\u00bb1_3&Prime; _builder_version=\u00a0\u00bb4.21.0&Prime; _module_preset=\u00a0\u00bbdefault\u00a0\u00bb global_colors_info=\u00a0\u00bb{}\u00a0\u00bb][et_pb_text _builder_version=\u00a0\u00bb4.21.0&Prime; _module_preset=\u00a0\u00bbdefault\u00a0\u00bb text_font_size=\u00a0\u00bb9px\u00a0\u00bb text_line_height=\u00a0\u00bb1em\u00a0\u00bb header_font_size=\u00a0\u00bb10px\u00a0\u00bb header_2_font_size=\u00a0\u00bb10px\u00a0\u00bb global_colors_info=\u00a0\u00bb{}\u00a0\u00bb]<\/p>\n<h2>Comment choisir son \u00e9cran ?<\/h2>\n<p>Tout d\u2019abord vous devez d\u00e9finir la taille que vous voulez, il y a beaucoup de mod\u00e8les pr\u00e9sents sur le march\u00e9. Vous allez comparer les prix que l\u2019on retrouve chez diff\u00e9rents fournisseurs. Speechi vous offre dix mod\u00e8les diff\u00e9rents. Le prix varie en fonction des mat\u00e9riaux utilis\u00e9s et des fonctionnalit\u00e9s. Par exemple, certains \u00e9crans n\u2019ont pas le m\u00eame niveau de qualit\u00e9 en termes d\u2019imagerie. Un \u00e9cran va b\u00e9n\u00e9ficier d\u2019une vitre anti-d\u00e9rapante. Vous pouvez tous les atouts que vous recherchez cependant, attendez-vous \u00e0 voir les prix augmenter.<\/p>\n<h2>Les \u00e9crans d\u2019affichage display<\/h2>\n<p>Les \u00e9crans sont devenus un outil de communication. Ils sont pr\u00e9sents partout autour de nous. Quand vous allez faire vos courses au supermarch\u00e9 ou encore lorsque vous d\u00e9cidez de vous rendre \u00e0 l\u2019h\u00f4tel pour prendre des vacances. Ces \u00e9crans ressemblent \u00e0 une t\u00e9l\u00e9 traditionnelle, or ces derniers sont l\u00e0 pour vous informer, ou bien pour vous pr\u00e9senter des objets ou des endroits \u00e0 travers des publicit\u00e9s. Dans cet article, d\u00e9couvrez leur utilit\u00e9.<\/p>\n<h2>Pourquoi choisir un \u00e9cran d\u2019affichage display ?<\/h2>\n<p>Dans le cadre professionnel, c\u2019est un bon moyen de faire circuler des informations \u00e0 vos employ\u00e9s et collaborateurs en plus de leur envoyer par mail. En outre, vous avez la possibilit\u00e9 de prendre des \u00e9crans standard, qui ressemble \u00e0 un t\u00e9l\u00e9viseur. Mais vous avez aussi le choix de prendre un \u00e9cran \u00e0 la verticale. Ces \u00e9crans peuvent diffuser du contenu pendant toute la journ\u00e9e, certains sont m\u00eame vendus avec un logiciel d\u2019affichage int\u00e9gr\u00e9. Ils existent en plusieurs tailles. Faire le choix de l\u2019affichage dynamique, c&rsquo;est assurer la bonne transmission de votre message aupr\u00e8s du public vis\u00e9.<\/p>\n<h2>Une installation simple <\/h2>\n<p>Avant toute chose, vous devez choisir l\u2019emplacement id\u00e9al de l&rsquo;\u00e9cran dans votre b\u00e2timent. Ensuite, vous devez d\u00e9cider quel contenu sera diffus\u00e9, si vous souhaitez divertir les personnes avec des vid\u00e9os ou des jeux ? Si ce sera un contenu plus professionnel qui aura pour but d\u2019informer le personnel sur ses performances hebdomadaires\u2026 Une fois que vous savez ce que vous d\u00e9sirez faire, il faut choisir le bon mat\u00e9riel, Speechi dispose d\u2019une large gamme de ces appareils.<\/p>\n<p>Les prix fluctuent en fonction de la taille. Si vous ne voulez pas accrocher votre \u00e9cran au mur, des accessoires vous sont aussi propos\u00e9s, comme par exemple un support mobile. Pas de panique, vous b\u00e9n\u00e9ficiez d&rsquo;informations suppl\u00e9mentaires sur les mat\u00e9riaux utilis\u00e9s pour la fabrication des \u00e9crans et la qualit\u00e9 des images.<\/p>\n<p>[\/et_pb_text][\/et_pb_column][et_pb_column type=\u00a0\u00bb1_3&Prime; _builder_version=\u00a0\u00bb4.21.0&Prime; _module_preset=\u00a0\u00bbdefault\u00a0\u00bb global_colors_info=\u00a0\u00bb{}\u00a0\u00bb][et_pb_text _builder_version=\u00a0\u00bb4.21.0&Prime; _module_preset=\u00a0\u00bbdefault\u00a0\u00bb text_font_size=\u00a0\u00bb9px\u00a0\u00bb text_line_height=\u00a0\u00bb1em\u00a0\u00bb header_font_size=\u00a0\u00bb10px\u00a0\u00bb header_2_font_size=\u00a0\u00bb10px\u00a0\u00bb global_colors_info=\u00a0\u00bb{}\u00a0\u00bb]<\/p>\n<h2>Les logiciels et tutoriels<\/h2>\n<p>Le monde du travail est en perp\u00e9tuelle \u00e9volution et recherche constamment des solutions afin d\u2019am\u00e9liorer la collaboration entre les diff\u00e9rents acteurs. C\u2019est pour cette raison qu\u2019au cours de ces derni\u00e8res ann\u00e9es, nous avons pu voir appara\u00eetre diff\u00e9rents outils collaboratifs.<\/p>\n<h2>Qu\u2019est-ce qu\u2019un outil collaboratif ?<\/h2>\n<p>Que ce soit pour la gestion de projet, la gestion commerciale ou une multitude d\u2019autres domaines appartenant au monde du travail, les outils collaboratifs sont d\u00e9sormais indispensables.<\/p>\n<p>Ces derniers ont pour mission de faciliter la transmission ainsi que le partage des informations entre diff\u00e9rentes personnes. Les premiers outils de ce type \u00e0 voir le jour \u00e9taient la messagerie, les syst\u00e8mes de partage des documents et l\u2019annuaire d\u2019entreprise. C\u2019est \u00e0 la fin des ann\u00e9es 80 que le premier logiciel poss\u00e9dant ces trois fonctions fut cr\u00e9\u00e9 : le logiciel Lotus Note d\u2019IBM.<\/p>\n<p>Aujourd\u2019hui, n\u2019importe quelle entreprise, peu importe sa taille, utilise quotidiennement ces outils.<\/p>\n<h2>Les diff\u00e9rents logiciels et leurs tutoriels<\/h2>\n<p>\u00c0 l\u2019heure actuelle, une multitude d\u2019outils collaboratifs ont vu le jour, chacun ayant un but pr\u00e9cis.<\/p>\n<p>On peut par exemple citer Google Drive, la r\u00e9f\u00e9rence du stockage dans le cloud permettant de partager des documents de diff\u00e9rents formats comme des vid\u00e9os ou bien des textes. Il existe aussi Trello, tr\u00e8s utile dans la gestion de projet, ou encore Klaxoon qui permet de faciliter l\u2019organisation de vos r\u00e9unions.<\/p>\n<p>M\u00eame si ces outils sont tr\u00e8s pratiques, il peut parfois \u00eatre compliqu\u00e9 de savoir comment bien les utiliser. Pour vous aider, plusieurs sites internet ont mis en place des tutoriels afin de vous expliquer leur fonctionnement. Vous pourrez retrouver diff\u00e9rentes vid\u00e9os explicatives sur le site internet de Speechi. Ainsi, il vous sera beaucoup plus simple de pouvoir utiliser en toute simplicit\u00e9 ces diff\u00e9rents outils.<\/p>\n<p>[\/et_pb_text][\/et_pb_column][\/et_pb_row][\/et_pb_section][et_pb_section fb_built=\u00a0\u00bb1&Prime; _builder_version=\u00a0\u00bb4.21.0&Prime; _module_preset=\u00a0\u00bbdefault\u00a0\u00bb global_colors_info=\u00a0\u00bb{}\u00a0\u00bb][et_pb_row _builder_version=\u00a0\u00bb4.21.0&Prime; _module_preset=\u00a0\u00bbdefault\u00a0\u00bb background_color=\u00a0\u00bb#323a45&Prime; global_colors_info=\u00a0\u00bb{}\u00a0\u00bb][et_pb_column type=\u00a0\u00bb4_4&Prime; _builder_version=\u00a0\u00bb4.21.0&Prime; _module_preset=\u00a0\u00bbdefault\u00a0\u00bb global_colors_info=\u00a0\u00bb{}\u00a0\u00bb][et_pb_text _builder_version=\u00a0\u00bb4.21.0&Prime; _module_preset=\u00a0\u00bbdefault\u00a0\u00bb header_4_font=\u00a0\u00bbMontserrat|600|||||||\u00a0\u00bb header_4_text_align=\u00a0\u00bbcenter\u00a0\u00bb header_4_text_color=\u00a0\u00bb#ffffff\u00a0\u00bb header_4_font_size=\u00a0\u00bb30px\u00a0\u00bb custom_padding=\u00a0\u00bb|80px||80px|false|true\u00a0\u00bb global_colors_info=\u00a0\u00bb{}\u00a0\u00bb]<\/p>\n<h4><span>Inscrivez-vous \u00e0 notre newsletter pour recevoir nos articles sur l&rsquo;affichage dynamique<\/span><\/h4>\n<p>[\/et_pb_text][et_pb_code _builder_version=\u00a0\u00bb4.21.0&Prime; _module_preset=\u00a0\u00bbdefault\u00a0\u00bb custom_padding=\u00a0\u00bb|150px||150px|false|true\u00a0\u00bb global_colors_info=\u00a0\u00bb{}\u00a0\u00bb]<iframe frameborder=\"0\" style=\"height:220px;width:99%;border:none;\" src='https:\/\/forms.zohopublic.com\/thierryklein\/form\/NewsletterSpeechicomblog\/formperma\/M_8Uv-mwcTbC-xYRENE8tm9JmhJwG1sJa88mxdZWV3U?zf_lang=en'><\/iframe>[\/et_pb_code][\/et_pb_column][\/et_pb_row][\/et_pb_section]<\/p>\n","protected":false},"excerpt":{"rendered":"<p>FAQs Affichage DynamiqueTout savoir sur les \u00e9crans d&rsquo;affichage dynamique SpeechiDisplay et sur l&rsquo;affichage dynamique sur \u00e9cran interactif.Tous nos articlesAffichage dynamique L\u2019affichage dynamique est une technologie qui permet de communiquer avec un public. Le contenu va d\u00e9filer sur un \u00e9cran. Aujourd\u2019hui, on remarque que ce type de technologie est utilis\u00e9 au sein d&rsquo;entreprises. Elle permet de [&hellip;]<\/p>\n","protected":false},"author":13,"featured_media":0,"parent":0,"menu_order":0,"comment_status":"closed","ping_status":"closed","template":"","meta":{"_acf_changed":false,"_seopress_robots_primary_cat":"","_seopress_titles_title":"FAQs \u00e9cran affichage dynamique - Speechi","_seopress_titles_desc":"Retrouvez tous les articles de Speechi, expert des \u00e9crans interactifs et des \u00e9crans display, sur l'affichage dynamique, simple et efficace.","_seopress_robots_index":"","_et_pb_use_builder":"on","_et_pb_old_content":"","_et_gb_content_width":"","footnotes":""},"difl_page_category":[],"class_list":["post-44148879","page","type-page","status-publish","hentry"],"acf":[],"_links":{"self":[{"href":"https:\/\/speechi.com\/fr\/wp-json\/wp\/v2\/pages\/44148879","targetHints":{"allow":["GET"]}}],"collection":[{"href":"https:\/\/speechi.com\/fr\/wp-json\/wp\/v2\/pages"}],"about":[{"href":"https:\/\/speechi.com\/fr\/wp-json\/wp\/v2\/types\/page"}],"author":[{"embeddable":true,"href":"https:\/\/speechi.com\/fr\/wp-json\/wp\/v2\/users\/13"}],"replies":[{"embeddable":true,"href":"https:\/\/speechi.com\/fr\/wp-json\/wp\/v2\/comments?post=44148879"}],"version-history":[{"count":12,"href":"https:\/\/speechi.com\/fr\/wp-json\/wp\/v2\/pages\/44148879\/revisions"}],"predecessor-version":[{"id":44216176,"href":"https:\/\/speechi.com\/fr\/wp-json\/wp\/v2\/pages\/44148879\/revisions\/44216176"}],"wp:attachment":[{"href":"https:\/\/speechi.com\/fr\/wp-json\/wp\/v2\/media?parent=44148879"}],"wp:term":[{"taxonomy":"difl_page_category","embeddable":true,"href":"https:\/\/speechi.com\/fr\/wp-json\/wp\/v2\/difl_page_category?post=44148879"}],"curies":[{"name":"wp","href":"https:\/\/api.w.org\/{rel}","templated":true}]}}