{"id":44148895,"date":"2024-05-14T10:26:32","date_gmt":"2024-05-14T08:26:32","guid":{"rendered":"https:\/\/speechi.com\/?page_id=44148895"},"modified":"2024-05-16T10:56:12","modified_gmt":"2024-05-16T08:56:12","slug":"faq-robotique","status":"publish","type":"page","link":"https:\/\/speechi.com\/fr\/faq-robotique\/","title":{"rendered":"FAQs Robotique"},"content":{"rendered":"<p>[et_pb_section fb_built=\u00a0\u00bb1&Prime; _builder_version=\u00a0\u00bb4.21.0&Prime; _module_preset=\u00a0\u00bbdefault\u00a0\u00bb custom_padding=\u00a0\u00bb||5px|||\u00a0\u00bb global_colors_info=\u00a0\u00bb{}\u00a0\u00bb][et_pb_row _builder_version=\u00a0\u00bb4.21.0&Prime; _module_preset=\u00a0\u00bbdefault\u00a0\u00bb global_colors_info=\u00a0\u00bb{}\u00a0\u00bb][et_pb_column type=\u00a0\u00bb4_4&Prime; _builder_version=\u00a0\u00bb4.21.0&Prime; _module_preset=\u00a0\u00bbdefault\u00a0\u00bb global_colors_info=\u00a0\u00bb{}\u00a0\u00bb][et_pb_text _builder_version=\u00a0\u00bb4.21.0&Prime; _module_preset=\u00a0\u00bbdefault\u00a0\u00bb header_font=\u00a0\u00bbMontserrat|600|||||||\u00a0\u00bb header_text_align=\u00a0\u00bbcenter\u00a0\u00bb hover_enabled=\u00a0\u00bb0&Prime; global_colors_info=\u00a0\u00bb{}\u00a0\u00bb sticky_enabled=\u00a0\u00bb0&Prime;]<\/p>\n<h1>FAQs Robotique<\/h1>\n<p>[\/et_pb_text][et_pb_text _builder_version=\u00a0\u00bb4.21.0&Prime; _module_preset=\u00a0\u00bbdefault\u00a0\u00bb text_orientation=\u00a0\u00bbcenter\u00a0\u00bb hover_enabled=\u00a0\u00bb0&Prime; global_colors_info=\u00a0\u00bb{}\u00a0\u00bb sticky_enabled=\u00a0\u00bb0&Prime;]<\/p>\n<p>Les conseils de Speechi sur l&rsquo;apprentissage de la programmation d\u00e8s le plus jeune \u00e2ge.<\/p>\n<p>[\/et_pb_text][\/et_pb_column][\/et_pb_row][\/et_pb_section][et_pb_section fb_built=\u00a0\u00bb1&Prime; _builder_version=\u00a0\u00bb4.21.0&Prime; _module_preset=\u00a0\u00bbdefault\u00a0\u00bb custom_padding=\u00a0\u00bb1px||15px|||\u00a0\u00bb global_colors_info=\u00a0\u00bb{}\u00a0\u00bb][et_pb_row _builder_version=\u00a0\u00bb4.21.0&Prime; _module_preset=\u00a0\u00bbdefault\u00a0\u00bb global_colors_info=\u00a0\u00bb{}\u00a0\u00bb][et_pb_column type=\u00a0\u00bb4_4&Prime; _builder_version=\u00a0\u00bb4.21.0&Prime; _module_preset=\u00a0\u00bbdefault\u00a0\u00bb global_colors_info=\u00a0\u00bb{}\u00a0\u00bb][et_pb_text _builder_version=\u00a0\u00bb4.21.0&Prime; _module_preset=\u00a0\u00bbdefault\u00a0\u00bb header_2_font=\u00a0\u00bbMontserrat|700|||||||\u00a0\u00bb header_2_text_align=\u00a0\u00bbcenter\u00a0\u00bb header_2_font_size=\u00a0\u00bb40px\u00a0\u00bb hover_enabled=\u00a0\u00bb0&Prime; global_colors_info=\u00a0\u00bb{}\u00a0\u00bb sticky_enabled=\u00a0\u00bb0&Prime;]<\/p>\n<h2>Tous les articles<\/h2>\n<p>[\/et_pb_text][\/et_pb_column][\/et_pb_row][et_pb_row _builder_version=\u00a0\u00bb4.21.0&Prime; _module_preset=\u00a0\u00bbdefault\u00a0\u00bb global_colors_info=\u00a0\u00bb{}\u00a0\u00bb][et_pb_column type=\u00a0\u00bb4_4&Prime; _builder_version=\u00a0\u00bb4.21.0&Prime; _module_preset=\u00a0\u00bbdefault\u00a0\u00bb global_colors_info=\u00a0\u00bb{}\u00a0\u00bb][et_pb_blog fullwidth=\u00a0\u00bboff\u00a0\u00bb posts_number=\u00a0\u00bb100&Prime; include_categories=\u00a0\u00bb73&Prime; use_manual_excerpt=\u00a0\u00bboff\u00a0\u00bb show_author=\u00a0\u00bboff\u00a0\u00bb show_date=\u00a0\u00bboff\u00a0\u00bb show_categories=\u00a0\u00bboff\u00a0\u00bb show_excerpt=\u00a0\u00bboff\u00a0\u00bb _builder_version=\u00a0\u00bb4.21.0&Prime; _module_preset=\u00a0\u00bbdefault\u00a0\u00bb header_font=\u00a0\u00bbMontserrat|600|||||||\u00a0\u00bb header_font_size=\u00a0\u00bb20px\u00a0\u00bb hover_enabled=\u00a0\u00bb0&Prime; border_width_all=\u00a0\u00bb0px\u00a0\u00bb global_colors_info=\u00a0\u00bb{}\u00a0\u00bb sticky_enabled=\u00a0\u00bb0&Prime;][\/et_pb_blog][\/et_pb_column][\/et_pb_row][\/et_pb_section][et_pb_section fb_built=\u00a0\u00bb1&Prime; _builder_version=\u00a0\u00bb4.21.0&Prime; _module_preset=\u00a0\u00bbdefault\u00a0\u00bb global_colors_info=\u00a0\u00bb{}\u00a0\u00bb][et_pb_row column_structure=\u00a0\u00bb1_3,1_3,1_3&Prime; _builder_version=\u00a0\u00bb4.21.0&Prime; _module_preset=\u00a0\u00bbdefault\u00a0\u00bb min_height=\u00a0\u00bb344px\u00a0\u00bb global_colors_info=\u00a0\u00bb{}\u00a0\u00bb locked=\u00a0\u00bboff\u00a0\u00bb][et_pb_column type=\u00a0\u00bb1_3&Prime; _builder_version=\u00a0\u00bb4.21.0&Prime; _module_preset=\u00a0\u00bbdefault\u00a0\u00bb global_colors_info=\u00a0\u00bb{}\u00a0\u00bb][et_pb_text _builder_version=\u00a0\u00bb4.21.0&Prime; _module_preset=\u00a0\u00bbdefault\u00a0\u00bb text_font_size=\u00a0\u00bb9px\u00a0\u00bb text_line_height=\u00a0\u00bb1em\u00a0\u00bb header_font_size=\u00a0\u00bb10px\u00a0\u00bb header_2_font_size=\u00a0\u00bb10px\u00a0\u00bb hover_enabled=\u00a0\u00bb0&Prime; global_colors_info=\u00a0\u00bb{}\u00a0\u00bb sticky_enabled=\u00a0\u00bb0&Prime;]<\/p>\n<p>La robotique est une discipline de plus en plus populaire aupr\u00e8s du grand public ! Pr\u00e9sentant de nombreux avantages, elle suscite un int\u00e9r\u00eat croissant dans toutes les g\u00e9n\u00e9rations, de 7 \u00e0 77 ans ! C\u2019est la raison pour laquelle nous la mettons \u00e0 l\u2019honneur, sur notre boutique en ligne et sur notre blog. Ainsi, nous publions r\u00e9guli\u00e8rement des articles sur l\u2019actualit\u00e9 de la robotique grand public, sur nos formations et quelques cas pratiques de programmation !<\/p>\n<h2>Des articles pour vous initier aux petits robots !<\/h2>\n<p>Vous ne connaissez rien \u00e0 la robotique ? Cependant, curieux d\u2019esprit et motiv\u00e9 pour animer un petit appareil robotis\u00e9, vous souhaitez en savoir plus ? Avec notre blog sur la programmation avec les robots, vous n\u2019allez pas \u00eatre d\u00e9\u00e7u !<\/p>\n<p>Celui-ci propose des articles r\u00e9cents, sur diff\u00e9rents th\u00e8mes ! Ainsi, vous allez d\u00e9couvrir des exemples tr\u00e8s concrets illustrant en images et en vid\u00e9o la programmation d\u2019un robot. Parmi les nombreux cas, vous verrez comment il est possible d\u2019animer un petit v\u00e9hicule. Il ne suffira pas de le construire en assemblant les roues, la structure et les composants \u00e9lectroniques ! Vous remarquerez qu\u2019il est possible de le rendre autonome gr\u00e2ce au langage de programmation Python. Nous pr\u00e9cisons ce que des \u00e9l\u00e8ves, adolescents ou adultes, apprendront lors d\u2019une formation \u00e0 l\u2019\u00e9cole des Robots.<\/p>\n<p>[\/et_pb_text][\/et_pb_column][et_pb_column type=\u00a0\u00bb1_3&Prime; _builder_version=\u00a0\u00bb4.21.0&Prime; _module_preset=\u00a0\u00bbdefault\u00a0\u00bb global_colors_info=\u00a0\u00bb{}\u00a0\u00bb][et_pb_text _builder_version=\u00a0\u00bb4.21.0&Prime; _module_preset=\u00a0\u00bbdefault\u00a0\u00bb text_font_size=\u00a0\u00bb9px\u00a0\u00bb text_line_height=\u00a0\u00bb1em\u00a0\u00bb header_font_size=\u00a0\u00bb10px\u00a0\u00bb header_2_font_size=\u00a0\u00bb10px\u00a0\u00bb hover_enabled=\u00a0\u00bb0&Prime; global_colors_info=\u00a0\u00bb{}\u00a0\u00bb sticky_enabled=\u00a0\u00bb0&Prime;]<\/p>\n<p>D\u2019ailleurs, notre blog pr\u00e9sente les multiples int\u00e9r\u00eats de nos formations \u00e0 la programmation robotique. Nos \u00e9coles Algora s\u2019adressent \u00e0 un large public de passionn\u00e9s de robots ! Gr\u00e2ce \u00e0 nos articles, vous conna\u00eetrez nos m\u00e9thodes p\u00e9dagogiques et les contenus de nos formations, sous forme de stages pendant les vacances ou de cours pendant la p\u00e9riode scolaire. Des reportages t\u00e9l\u00e9vis\u00e9s et des articles de la Presse Quotidienne R\u00e9gionale mettent \u00e0 l\u2019honneur nos \u00e9coles !<\/p>\n<p>Par ailleurs, nous pr\u00e9sentons nos supports de cours, favorisant une initiation (avant un perfectionnement) pour des gar\u00e7ons et des filles. Gr\u00e2ce aux kits robotiques, des humano\u00efdes, des v\u00e9hicules, des grues ou des animaux seront faciles \u00e0 monter. Les bases de la programmation, avec Scratch, Icones puis Python, seront facilement assimilables gr\u00e2ce \u00e0 des manuels. D\u2019ailleurs, de nombreux enseignants, de la maternelle au lyc\u00e9e, appr\u00e9cient ces supports de cours faciles \u00e0 prendre en mains ! Par exemple, nous pr\u00e9sentons un manuel permettant l\u2019apprentissage de la syntaxe Python, pour des lyc\u00e9ens. Ainsi, vous retrouvez le nombre de pages, l\u2019environnement de programmation et le mat\u00e9riel n\u00e9cessaire. Une estimation du nombre d\u2019heures de cours est signal\u00e9 !<\/p>\n<p>Nos publications sont aussi l\u2019occasion de r\u00e9v\u00e9ler tous les bienfaits de la programmation robotique pour les enfants. Ainsi, gar\u00e7ons et filles vont d\u00e9couvrir de fa\u00e7on tr\u00e8s concr\u00e8te certaines qualit\u00e9s n\u00e9cessaires pour programmer un petit appareil robotis\u00e9 : rigueur, esprit logique, travail collaboratif, en \u00e9quipe \u2026<\/p>\n<p>[\/et_pb_text][\/et_pb_column][et_pb_column type=\u00a0\u00bb1_3&Prime; _builder_version=\u00a0\u00bb4.21.0&Prime; _module_preset=\u00a0\u00bbdefault\u00a0\u00bb global_colors_info=\u00a0\u00bb{}\u00a0\u00bb][et_pb_text _builder_version=\u00a0\u00bb4.21.0&Prime; _module_preset=\u00a0\u00bbdefault\u00a0\u00bb text_font_size=\u00a0\u00bb9px\u00a0\u00bb text_line_height=\u00a0\u00bb1em\u00a0\u00bb header_font_size=\u00a0\u00bb10px\u00a0\u00bb header_2_font_size=\u00a0\u00bb10px\u00a0\u00bb hover_enabled=\u00a0\u00bb0&Prime; global_colors_info=\u00a0\u00bb{}\u00a0\u00bb sticky_enabled=\u00a0\u00bb0&Prime;]<\/p>\n<h2>Des informations compl\u00e8tes sur la robotique chez Speechi !<\/h2>\n<p>Ces articles constituent une bonne entr\u00e9e en mati\u00e8re ! Gr\u00e2ce \u00e0 un langage clair et facilement compr\u00e9hensible des non-initi\u00e9s, il sera ensuite plus simple de comprendre le contenu des kits robotiques et des manuels de programmation en vente sur notre boutique en ligne. <\/p>\n<p>Nous proposons ainsi la vente de robots p\u00e9dagogiques, pour les \u00e9coles ou les familles. Nous commercialisons des mod\u00e8les faciles \u00e0 assembler, \u00e9l\u00e9mentaires, transformables ou avanc\u00e9s. Nous indiquons le contenu de chaque kit robotique, en fournissant une description d\u00e9taill\u00e9e, des images et l\u2019\u00e2ge \u00e0 partir duquel il est possible d\u2019apprendre, tout en s\u2019amusant ! Des briques permettront \u00e9galement d\u2019imaginer d\u2019autres constructions robotiques. Enfin, nous vendons toutes les pi\u00e8ces d\u00e9tach\u00e9es et l\u2019ensemble des composants \u00e9lectronique permettant de rendre intelligent et autonome n\u2019importe quel robot.<\/p>\n<p>Vous avez des questions concernant l\u2019achat de petits robots \u00e9ducatifs ? N\u2019h\u00e9sitez pas \u00e0 joindre notre service-client par email ! Vous pouvez aussi nous t\u00e9l\u00e9phoner ou passer nous voir dans notre showroom lillois.<\/p>\n<p>[\/et_pb_text][\/et_pb_column][\/et_pb_row][\/et_pb_section][et_pb_section fb_built=\u00a0\u00bb1&Prime; _builder_version=\u00a0\u00bb4.21.0&Prime; _module_preset=\u00a0\u00bbdefault\u00a0\u00bb global_colors_info=\u00a0\u00bb{}\u00a0\u00bb][et_pb_row _builder_version=\u00a0\u00bb4.21.0&Prime; _module_preset=\u00a0\u00bbdefault\u00a0\u00bb background_color=\u00a0\u00bb#323a45&Prime; global_colors_info=\u00a0\u00bb{}\u00a0\u00bb][et_pb_column type=\u00a0\u00bb4_4&Prime; _builder_version=\u00a0\u00bb4.21.0&Prime; _module_preset=\u00a0\u00bbdefault\u00a0\u00bb global_colors_info=\u00a0\u00bb{}\u00a0\u00bb][et_pb_text _builder_version=\u00a0\u00bb4.21.0&Prime; _module_preset=\u00a0\u00bbdefault\u00a0\u00bb header_4_font=\u00a0\u00bbMontserrat|600|||||||\u00a0\u00bb header_4_text_align=\u00a0\u00bbcenter\u00a0\u00bb header_4_text_color=\u00a0\u00bb#ffffff\u00a0\u00bb header_4_font_size=\u00a0\u00bb30px\u00a0\u00bb custom_padding=\u00a0\u00bb|80px||80px|false|true\u00a0\u00bb hover_enabled=\u00a0\u00bb0&Prime; global_colors_info=\u00a0\u00bb{}\u00a0\u00bb sticky_enabled=\u00a0\u00bb0&Prime;]<\/p>\n<h4><span>Inscrivez-vous \u00e0 notre newsletter sur la Robotique<\/span><\/h4>\n<p>[\/et_pb_text][et_pb_code _builder_version=\u00a0\u00bb4.21.0&Prime; _module_preset=\u00a0\u00bbdefault\u00a0\u00bb custom_padding=\u00a0\u00bb|150px||150px|false|true\u00a0\u00bb global_colors_info=\u00a0\u00bb{}\u00a0\u00bb]<iframe frameborder=\"0\" style=\"height:220px;width:99%;border:none;\" src='https:\/\/forms.zohopublic.com\/thierryklein\/form\/NewsletterSpeechicomblog\/formperma\/M_8Uv-mwcTbC-xYRENE8tm9JmhJwG1sJa88mxdZWV3U?zf_lang=en'><\/iframe>[\/et_pb_code][\/et_pb_column][\/et_pb_row][\/et_pb_section]<\/p>\n","protected":false},"excerpt":{"rendered":"<p>FAQs RobotiqueLes conseils de Speechi sur l&rsquo;apprentissage de la programmation d\u00e8s le plus jeune \u00e2ge.Tous les articlesLa robotique est une discipline de plus en plus populaire aupr\u00e8s du grand public ! Pr\u00e9sentant de nombreux avantages, elle suscite un int\u00e9r\u00eat croissant dans toutes les g\u00e9n\u00e9rations, de 7 \u00e0 77 ans ! C\u2019est la raison pour laquelle [&hellip;]<\/p>\n","protected":false},"author":13,"featured_media":0,"parent":0,"menu_order":0,"comment_status":"closed","ping_status":"closed","template":"","meta":{"_acf_changed":false,"_seopress_robots_primary_cat":"","_seopress_titles_title":"D\u00e9couvrez les actus de nos robots programmables intelligents","_seopress_titles_desc":"Retrouvez les articles de Speechi \u00e0 propos de l'apprentissage de la programmation \u00e0 l'\u00e9cole ou \u00e0 la maison avec des kits robots programmables.","_seopress_robots_index":"","_et_pb_use_builder":"on","_et_pb_old_content":"","_et_gb_content_width":"","footnotes":""},"difl_page_category":[],"class_list":["post-44148895","page","type-page","status-publish","hentry"],"acf":[],"_links":{"self":[{"href":"https:\/\/speechi.com\/fr\/wp-json\/wp\/v2\/pages\/44148895","targetHints":{"allow":["GET"]}}],"collection":[{"href":"https:\/\/speechi.com\/fr\/wp-json\/wp\/v2\/pages"}],"about":[{"href":"https:\/\/speechi.com\/fr\/wp-json\/wp\/v2\/types\/page"}],"author":[{"embeddable":true,"href":"https:\/\/speechi.com\/fr\/wp-json\/wp\/v2\/users\/13"}],"replies":[{"embeddable":true,"href":"https:\/\/speechi.com\/fr\/wp-json\/wp\/v2\/comments?post=44148895"}],"version-history":[{"count":9,"href":"https:\/\/speechi.com\/fr\/wp-json\/wp\/v2\/pages\/44148895\/revisions"}],"predecessor-version":[{"id":44149217,"href":"https:\/\/speechi.com\/fr\/wp-json\/wp\/v2\/pages\/44148895\/revisions\/44149217"}],"wp:attachment":[{"href":"https:\/\/speechi.com\/fr\/wp-json\/wp\/v2\/media?parent=44148895"}],"wp:term":[{"taxonomy":"difl_page_category","embeddable":true,"href":"https:\/\/speechi.com\/fr\/wp-json\/wp\/v2\/difl_page_category?post=44148895"}],"curies":[{"name":"wp","href":"https:\/\/api.w.org\/{rel}","templated":true}]}}