{"id":44148902,"date":"2024-05-14T10:28:03","date_gmt":"2024-05-14T08:28:03","guid":{"rendered":"https:\/\/speechi.com\/?page_id=44148902"},"modified":"2024-05-16T11:32:26","modified_gmt":"2024-05-16T09:32:26","slug":"faq-salle-de-reunion","status":"publish","type":"page","link":"https:\/\/speechi.com\/fr\/faq-salle-de-reunion\/","title":{"rendered":"FAQs salle de r\u00e9union"},"content":{"rendered":"<p>[et_pb_section fb_built=\u00a0\u00bb1&Prime; _builder_version=\u00a0\u00bb4.21.0&Prime; _module_preset=\u00a0\u00bbdefault\u00a0\u00bb custom_padding=\u00a0\u00bb||5px|||\u00a0\u00bb global_colors_info=\u00a0\u00bb{}\u00a0\u00bb][et_pb_row _builder_version=\u00a0\u00bb4.21.0&Prime; _module_preset=\u00a0\u00bbdefault\u00a0\u00bb global_colors_info=\u00a0\u00bb{}\u00a0\u00bb][et_pb_column type=\u00a0\u00bb4_4&Prime; _builder_version=\u00a0\u00bb4.21.0&Prime; _module_preset=\u00a0\u00bbdefault\u00a0\u00bb global_colors_info=\u00a0\u00bb{}\u00a0\u00bb][et_pb_text _builder_version=\u00a0\u00bb4.21.0&Prime; _module_preset=\u00a0\u00bbdefault\u00a0\u00bb header_font=\u00a0\u00bbMontserrat|600|||||||\u00a0\u00bb header_text_align=\u00a0\u00bbcenter\u00a0\u00bb hover_enabled=\u00a0\u00bb0&Prime; global_colors_info=\u00a0\u00bb{}\u00a0\u00bb sticky_enabled=\u00a0\u00bb0&Prime;]<\/p>\n<h1>FAQs salle de r\u00e9union<\/h1>\n<p>[\/et_pb_text][et_pb_text _builder_version=\u00a0\u00bb4.21.0&Prime; _module_preset=\u00a0\u00bbdefault\u00a0\u00bb text_orientation=\u00a0\u00bbcenter\u00a0\u00bb hover_enabled=\u00a0\u00bb0&Prime; global_colors_info=\u00a0\u00bb{}\u00a0\u00bb sticky_enabled=\u00a0\u00bb0&Prime;]<\/p>\n<p>Les conseils de Speechi pour \u00e9quiper sa salle de r\u00e9union en \u00e9cran interactif et outils collaboratifs.\u00a0<\/p>\n<p>[\/et_pb_text][\/et_pb_column][\/et_pb_row][\/et_pb_section][et_pb_section fb_built=\u00a0\u00bb1&Prime; _builder_version=\u00a0\u00bb4.21.0&Prime; _module_preset=\u00a0\u00bbdefault\u00a0\u00bb custom_padding=\u00a0\u00bb1px||15px|||\u00a0\u00bb global_colors_info=\u00a0\u00bb{}\u00a0\u00bb][et_pb_row _builder_version=\u00a0\u00bb4.21.0&Prime; _module_preset=\u00a0\u00bbdefault\u00a0\u00bb global_colors_info=\u00a0\u00bb{}\u00a0\u00bb][et_pb_column type=\u00a0\u00bb4_4&Prime; _builder_version=\u00a0\u00bb4.21.0&Prime; _module_preset=\u00a0\u00bbdefault\u00a0\u00bb global_colors_info=\u00a0\u00bb{}\u00a0\u00bb][et_pb_text _builder_version=\u00a0\u00bb4.21.0&Prime; _module_preset=\u00a0\u00bbdefault\u00a0\u00bb header_2_font=\u00a0\u00bbMontserrat|700|||||||\u00a0\u00bb header_2_text_align=\u00a0\u00bbcenter\u00a0\u00bb header_2_font_size=\u00a0\u00bb40px\u00a0\u00bb hover_enabled=\u00a0\u00bb0&Prime; global_colors_info=\u00a0\u00bb{}\u00a0\u00bb sticky_enabled=\u00a0\u00bb0&Prime;]<\/p>\n<h2>Tous les articles<\/h2>\n<p>[\/et_pb_text][\/et_pb_column][\/et_pb_row][et_pb_row _builder_version=\u00a0\u00bb4.21.0&Prime; _module_preset=\u00a0\u00bbdefault\u00a0\u00bb global_colors_info=\u00a0\u00bb{}\u00a0\u00bb][et_pb_column type=\u00a0\u00bb4_4&Prime; _builder_version=\u00a0\u00bb4.21.0&Prime; _module_preset=\u00a0\u00bbdefault\u00a0\u00bb global_colors_info=\u00a0\u00bb{}\u00a0\u00bb][et_pb_blog fullwidth=\u00a0\u00bboff\u00a0\u00bb posts_number=\u00a0\u00bb100&Prime; include_categories=\u00a0\u00bb68&Prime; use_manual_excerpt=\u00a0\u00bboff\u00a0\u00bb show_author=\u00a0\u00bboff\u00a0\u00bb show_date=\u00a0\u00bboff\u00a0\u00bb show_categories=\u00a0\u00bboff\u00a0\u00bb show_excerpt=\u00a0\u00bboff\u00a0\u00bb _builder_version=\u00a0\u00bb4.21.0&Prime; _module_preset=\u00a0\u00bbdefault\u00a0\u00bb header_font=\u00a0\u00bbMontserrat|600|||||||\u00a0\u00bb header_font_size=\u00a0\u00bb20px\u00a0\u00bb hover_enabled=\u00a0\u00bb0&Prime; border_width_all=\u00a0\u00bb0px\u00a0\u00bb global_colors_info=\u00a0\u00bb{}\u00a0\u00bb sticky_enabled=\u00a0\u00bb0&Prime;][\/et_pb_blog][\/et_pb_column][\/et_pb_row][\/et_pb_section][et_pb_section fb_built=\u00a0\u00bb1&Prime; _builder_version=\u00a0\u00bb4.21.0&Prime; _module_preset=\u00a0\u00bbdefault\u00a0\u00bb global_colors_info=\u00a0\u00bb{}\u00a0\u00bb][et_pb_row column_structure=\u00a0\u00bb1_3,1_3,1_3&Prime; _builder_version=\u00a0\u00bb4.21.0&Prime; _module_preset=\u00a0\u00bbdefault\u00a0\u00bb min_height=\u00a0\u00bb344px\u00a0\u00bb locked=\u00a0\u00bboff\u00a0\u00bb global_colors_info=\u00a0\u00bb{}\u00a0\u00bb][et_pb_column type=\u00a0\u00bb1_3&Prime; _builder_version=\u00a0\u00bb4.21.0&Prime; _module_preset=\u00a0\u00bbdefault\u00a0\u00bb global_colors_info=\u00a0\u00bb{}\u00a0\u00bb][et_pb_text _builder_version=\u00a0\u00bb4.21.0&Prime; _module_preset=\u00a0\u00bbdefault\u00a0\u00bb text_font_size=\u00a0\u00bb9px\u00a0\u00bb text_line_height=\u00a0\u00bb1em\u00a0\u00bb header_font_size=\u00a0\u00bb10px\u00a0\u00bb header_2_font_size=\u00a0\u00bb10px\u00a0\u00bb hover_enabled=\u00a0\u00bb0&Prime; global_colors_info=\u00a0\u00bb{}\u00a0\u00bb sticky_enabled=\u00a0\u00bb0&Prime;]<\/p>\n<p>Connaissez-vous l\u2019acronyme BYOD ? Ce terme anglophone signifie <a href=\"https:\/\/speechi.com\/fr\/byod-byom\/\">Bring Your Own Device<\/a> ou Apportez votre \u00e9quipement personnel de communication. Autrement dit, ces appareils informatiques personnels peuvent \u00eatre utilis\u00e9s dans le cadre du travail, dans les locaux de l\u2019entreprise ou chez soi, dans une optique de t\u00e9l\u00e9travail. D\u2019autres expressions francophones comme PAP (prenez vos appareils personnels) ou AVEC (apportez votre \u00e9quipement personnel de communication) sont parfois employ\u00e9s. Chez soi ou dans n\u2019importe quel espace, dans l\u2019entreprise ou ailleurs, il est possible de travailler en utilisant son ordinateur ou son smartphone personnels. D\u2019autres accessoires peuvent am\u00e9liorer la productivit\u00e9 des collaborateurs. Vous en remarquerez quelques-uns sur notre blog. D\u00e9couvrez des pr\u00e9sentations compl\u00e8tes, des informations et des conseils pour rendre plus efficace une connexion Internet ou le partage de documents num\u00e9riques. Retrouvez \u00e9galement une large gamme d\u2019appareils en vente sur notre boutique en ligne !<\/p>\n<h2>Des conseils et des informations sur le BYOD !<\/h2>\n<p>Dans l\u2019entreprise ou \u00e0 l\u2019ext\u00e9rieur, disposer d\u2019une connexion Internet est vital ! Avec un bon d\u00e9bit, via le wi-fi ou un autre r\u00e9seau, vos collaborateurs travailleront dans les meilleures conditions, avec leur PC portable personnel ou celui de l\u2019entreprise.<\/p>\n<p>Pour vous aider \u00e0 bien acheter, inutile d\u2019\u00eatre un professionnel de l\u2019informatique ! Nous avons pens\u00e9 aussi bien aux g\u00e9rants de TPE qu\u2019aux travailleurs ind\u00e9pendants en proposant des guides complets sur des cl\u00e9s et des boitiers miroirs wi-fi. Le d\u00e9bit, ascendant et descendant sera meilleur. Il est aussi possible de communiquer avec un \u00e9cran interactif via une cl\u00e9 EZcast. Ainsi, pour des r\u00e9unions chez un client, chez un prestataire ou dans une collectivit\u00e9 locale, il sera possible d\u2019utiliser ces larges appareils pour pr\u00e9senter un nouveau service, un produit innovant, des donn\u00e9es chiffr\u00e9es ou des vid\u00e9os.<\/p>\n<p>Nous indiquons le principe de fonctionnement et tout ce qu\u2019il sera envisageable de faire, dans une optique de travail \u00e0 domicile, dans un espace de coworking ou une salle d\u00e9di\u00e9e aux visioconf\u00e9rences.<\/p>\n<p>Outre les mat\u00e9riels dopant les performances et la connectivit\u00e9 d\u2019un PC, nous pr\u00e9sentons diverses solutions logicielles. Vous disposerez ainsi de multiples informations au sujet de l\u2019application EZCast Pro, application permettant de partager \u00e0 distance des fichiers num\u00e9riques et de projeter tableurs, diaporamas et autres documents sur un autre appareil (via le Mirroring).<\/p>\n<p>Afin d\u2019\u00eatre compris par tous les publics, nos publications sont r\u00e9dig\u00e9es dans un langage clair, sans termes complexes. Des illustrations et des vid\u00e9os compl\u00e8tent g\u00e9n\u00e9ralement nos articles.<\/p>\n<p>[\/et_pb_text][\/et_pb_column][et_pb_column type=\u00a0\u00bb1_3&Prime; _builder_version=\u00a0\u00bb4.21.0&Prime; _module_preset=\u00a0\u00bbdefault\u00a0\u00bb global_colors_info=\u00a0\u00bb{}\u00a0\u00bb][et_pb_text _builder_version=\u00a0\u00bb4.21.0&Prime; _module_preset=\u00a0\u00bbdefault\u00a0\u00bb text_font_size=\u00a0\u00bb9px\u00a0\u00bb text_line_height=\u00a0\u00bb1em\u00a0\u00bb header_font_size=\u00a0\u00bb10px\u00a0\u00bb header_2_font_size=\u00a0\u00bb10px\u00a0\u00bb hover_enabled=\u00a0\u00bb0&Prime; global_colors_info=\u00a0\u00bb{}\u00a0\u00bb sticky_enabled=\u00a0\u00bb0&Prime;]<\/p>\n<h2>Une offre vari\u00e9e d\u2019appareils et de solutions informatiques chez Speechi !<\/h2>\n<p>Gr\u00e2ce \u00e0 cette premi\u00e8re approche <a href=\"https:\/\/shop.speechi.com\/collections\/presentation-sans-fil-byod\">des logiciels et des mat\u00e9riels BYOD<\/a>, vous cernerez mieux les crit\u00e8res \u00e0 prendre en compte. Ainsi, vous saurez quelle cl\u00e9 wi-fi ou EZCast 4K correspondra le mieux aux attentes d\u2019un salari\u00e9 travaillant \u00e0 domicile ou dans un bureau.<\/p>\n<p>Pour certain articles, nous indiquons un lien vers l\u2019appareil informatique facilitant le travail collaboratif, \u00e0 distance ou sur site. Pour un bo\u00eetier de mirroring sans fil ou un haut-parleur avec micro int\u00e9gr\u00e9, vous trouverez toutes les informations sur notre boutique en ligne.<\/p>\n<p>Dans cet espace, vous retrouvez toutes les caract\u00e9ristiques techniques. Ainsi, pour une cl\u00e9 wi-fi miroir 4 K, vous connaitrez le nombre de personnes pouvant collaborer de fa\u00e7on simultan\u00e9e. Nous mentionnons les appareils informatiques compatibles (comme une tablette tactile, un \u00e9cran interactif ou un ordinateur de bureau). Enfin, nous listons les syst\u00e8mes d\u2019exploitation compatibles, comme Andro\u00efd, Windows et Mac).<\/p>\n<p>Nous indiquons \u00e9galement les diverses publications relatives \u00e0 chaque mat\u00e9riel BYOD. Des commentaires d\u2019entrepreneurs et de t\u00e9l\u00e9travailleurs sont parfois disponibles.<\/p>\n<p>Enfin, notre service-client demeure \u00e0 votre \u00e9coute si vous avez la moindre question \u00e0 nous poser. Vous pouvez nous t\u00e9l\u00e9phoner ou nous envoyer un email pour en savoir plus sur un transmetteur sans fil pour \u00e9crans tactiles ou un accessoire EZ Cast Pro. Vous pourrez ensuite passer votre commande en b\u00e9n\u00e9ficiant de multiples services.<\/p>\n<h2>\u00c9cran interactif en entreprise<\/h2>\n<p><a href=\"https:\/\/speechi.com\/fr\/ecran-interactif-speechitouch\/\">L\u2019\u00e9cran interactif, entrant dans une nouvelle \u00e8re de technologie<\/a>, a d\u00e9sormais toute sa place dans le monde de l\u2019entreprise. Dans une soci\u00e9t\u00e9 du toujours plus rapide et toujours plus efficace, les compagnies souhaitent aussi rendre leurs activit\u00e9s au sein des bureaux, plus int\u00e9ressantes et plus ludiques pour un accompagnement adapt\u00e9 de ses employ\u00e9s et collaborateurs.<\/p>\n<p>Ces \u00e9crans tactiles ont trouv\u00e9 leur place dans l\u2019entreprise, et pas seulement en salles de r\u00e9unions. On le retrouve \u00e0 pr\u00e9sent d\u00e8s l\u2019entr\u00e9e de son immeuble, dans les espaces de coworking et les salles de recherche.<\/p>\n<p>\u00c9conomiste, scientifique, litt\u00e9raire ou chercheur, l\u2019\u00e9cran interactif r\u00e9pond aux besoins de chacun, il est \u00e9galement incroyablement participatif, avec sa technologie multi-touch, les collaborateurs peuvent r\u00e9aliser un r\u00e9el travail d\u2019\u00e9quipe en manipulant simultan\u00e9ment un \u00e9cran. Les employ\u00e9s se sentent impliqu\u00e9s dans ce travail qui sort de l\u2019ordinaire.<\/p>\n<p>[\/et_pb_text][\/et_pb_column][et_pb_column type=\u00a0\u00bb1_3&Prime; _builder_version=\u00a0\u00bb4.21.0&Prime; _module_preset=\u00a0\u00bbdefault\u00a0\u00bb global_colors_info=\u00a0\u00bb{}\u00a0\u00bb][et_pb_text _builder_version=\u00a0\u00bb4.21.0&Prime; _module_preset=\u00a0\u00bbdefault\u00a0\u00bb text_font_size=\u00a0\u00bb9px\u00a0\u00bb text_line_height=\u00a0\u00bb1em\u00a0\u00bb header_font_size=\u00a0\u00bb10px\u00a0\u00bb header_2_font_size=\u00a0\u00bb10px\u00a0\u00bb hover_enabled=\u00a0\u00bb0&Prime; global_colors_info=\u00a0\u00bb{}\u00a0\u00bb sticky_enabled=\u00a0\u00bb0&Prime;]<\/p>\n<h2>Des bornes interactives<\/h2>\n<p>Interactivit\u00e9 et ergonomie sont le fin mot de ces \u00e9crans qui servent g\u00e9n\u00e9ralement de bornes d\u2019information. Ultra intuitive, il suffit au client ou \u00e0 l&#8217;employeur souhaitant s\u2019orienter dans le b\u00e2timent, de g\u00e9n\u00e9rer une carte de la structure interne des lieux par exemple. Ces bornes peuvent aussi, \u00e0 des fins informatives, proposer un ensemble de modules pr\u00e9sentant une entreprise, ses locaux et ses valeurs, une strat\u00e9gie de communication tr\u00e8s efficace \u00e0 l\u2019intention des clients et des potentiels visiteurs au sein des locaux.<\/p>\n<p>Ces bornes interactives sont aussi tr\u00e8s populaires dans les salons d\u2019exposition, les passants pouvant facilement se renseigner via le pav\u00e9 tactile \u00e0 propos de l\u2019entreprise, cela para\u00eet plus attrayant et plus engageant pour eux et cela n\u00e9cessite l\u2019intervention de moins d\u2019employ\u00e9s sur les lieux.<\/p>\n<h2>\u00c9cran interactif en salle de r\u00e9union<\/h2>\n<p>Quand il s&rsquo;agit du boulot, nous avons besoin des meilleurs outils de travail. En ce qui concerne les \u00e9crans interactifs, Speechi vous propose des produits haut de gamme qui sauront vous convaincre. Sont-ils adapt\u00e9s au milieu professionnel ou uniquement dans le domaine scolaire ?<\/p>\n<h2>Les \u00e9crans interactifs Speechi outil indispensable en r\u00e9union professionnelle<\/h2>\n<p>Lorsque vous faites une pr\u00e9sentation aupr\u00e8s de vos coll\u00e8gues et sup\u00e9rieurs, vous avez besoin d\u2019un support rapide et pratique. <a href=\"https:\/\/speechi.com\/fr\/ecran-interactif-tactile-android\/\">L\u2019\u00e9cran interactif est l\u2019objet parfait<\/a> pour cela, il est facile d\u2019utilisation, rapide et tactile. Plus besoin de venir 20 minutes \u00e0 l&rsquo;avance pour r\u00e9gler le r\u00e9troprojecteur, allumer l\u2019ordinateur secteur\u2026 Vous aurez juste besoin d\u2019appuyer sur un bouton et le tour est jou\u00e9 !<\/p>\n<p>Gr\u00e2ce \u00e0 son r\u00e9seau wifi, l\u2019appareil sera assez rapide pour vous diriger sur les diverses applications propos\u00e9es par son syst\u00e8me Android. Il est \u00e9galement un outil indispensable si vous r\u00e9alisez une pr\u00e9sentation \u00e0 plusieurs. En effet, ils poss\u00e8dent environ 20 points de touches simultan\u00e9s, c&rsquo;est-\u00e0-dire que vous pouvez l\u2019utiliser en touchant 20 endroits diff\u00e9rents. C\u2019est parfait si vous r\u00e9alisez des sch\u00e9mas en direct de la r\u00e9union et que votre coll\u00e8gue en r\u00e9alise un autre. C\u2019est l\u2019outil de collaboration parfait pour toutes vos r\u00e9unions professionnelles.<\/p>\n<h2>Speechi, vous propose des \u00e9crans innovants<\/h2>\n<p>Utilis\u00e9s dans des dizaines de milliers d&rsquo;entreprises et d\u2019\u00e9coles, les produits de l\u2019enseigne vous promettent une qualit\u00e9 non n\u00e9gligeable. Vous ne serez pas d\u00e9\u00e7us par leur r\u00e9solution HD ou 4K. Speechi est l\u2019un des leaders sur son march\u00e9, elle sait donc comment vous faire plaisir avec des produits innovants et r\u00e9volutionnaires.<\/p>\n<p>Depuis 2016, Speechi est le seul et l\u2019unique distributeur fran\u00e7ais, \u00e0 proposer sur le march\u00e9 des produits \u00e0 \u00e9cran Clevertouch. Ils sont \u00e9quivalents \u00e0 des tablettes g\u00e9antes mais en simplifi\u00e9 et plus rapide.<\/p>\n<p>[\/et_pb_text][\/et_pb_column][\/et_pb_row][\/et_pb_section][et_pb_section fb_built=\u00a0\u00bb1&Prime; _builder_version=\u00a0\u00bb4.21.0&Prime; _module_preset=\u00a0\u00bbdefault\u00a0\u00bb global_colors_info=\u00a0\u00bb{}\u00a0\u00bb][et_pb_row _builder_version=\u00a0\u00bb4.21.0&Prime; _module_preset=\u00a0\u00bbdefault\u00a0\u00bb background_color=\u00a0\u00bb#323a45&Prime; global_colors_info=\u00a0\u00bb{}\u00a0\u00bb][et_pb_column type=\u00a0\u00bb4_4&Prime; _builder_version=\u00a0\u00bb4.21.0&Prime; _module_preset=\u00a0\u00bbdefault\u00a0\u00bb global_colors_info=\u00a0\u00bb{}\u00a0\u00bb][et_pb_text _builder_version=\u00a0\u00bb4.21.0&Prime; _module_preset=\u00a0\u00bbdefault\u00a0\u00bb header_4_font=\u00a0\u00bbMontserrat|600|||||||\u00a0\u00bb header_4_text_align=\u00a0\u00bbcenter\u00a0\u00bb header_4_text_color=\u00a0\u00bb#ffffff\u00a0\u00bb header_4_font_size=\u00a0\u00bb30px\u00a0\u00bb custom_padding=\u00a0\u00bb|80px||80px|false|true\u00a0\u00bb hover_enabled=\u00a0\u00bb0&Prime; global_colors_info=\u00a0\u00bb{}\u00a0\u00bb sticky_enabled=\u00a0\u00bb0&Prime;]<\/p>\n<h4><span>Inscrivez-vous \u00e0 notre newsletter pour suivre les actus des salles de r\u00e9union<\/span><\/h4>\n<p>[\/et_pb_text][et_pb_code _builder_version=\u00a0\u00bb4.21.0&Prime; _module_preset=\u00a0\u00bbdefault\u00a0\u00bb custom_padding=\u00a0\u00bb|150px||150px|false|true\u00a0\u00bb global_colors_info=\u00a0\u00bb{}\u00a0\u00bb]<iframe frameborder=\"0\" style=\"height:220px;width:99%;border:none;\" src='https:\/\/forms.zohopublic.com\/thierryklein\/form\/NewsletterSpeechicomblog\/formperma\/M_8Uv-mwcTbC-xYRENE8tm9JmhJwG1sJa88mxdZWV3U?zf_lang=en'><\/iframe>[\/et_pb_code][\/et_pb_column][\/et_pb_row][\/et_pb_section]<\/p>\n","protected":false},"excerpt":{"rendered":"<p>FAQs salle de r\u00e9unionLes conseils de Speechi pour \u00e9quiper sa salle de r\u00e9union en \u00e9cran interactif et outils collaboratifs.\u00a0Tous les articlesConnaissez-vous l\u2019acronyme BYOD ? Ce terme anglophone signifie Bring Your Own Device ou Apportez votre \u00e9quipement personnel de communication. Autrement dit, ces appareils informatiques personnels peuvent \u00eatre utilis\u00e9s dans le cadre du travail, dans les [&hellip;]<\/p>\n","protected":false},"author":13,"featured_media":0,"parent":0,"menu_order":0,"comment_status":"closed","ping_status":"closed","template":"","meta":{"_acf_changed":false,"_seopress_robots_primary_cat":"","_seopress_titles_title":"FAQs \u00e9cran salle de r\u00e9union - tout connaitre avec notre blog","_seopress_titles_desc":"Equipez votre salle de r\u00e9union en \u00e9cran interactif avec Speechi. Nous proposons \u00e9galement une galaxie d'outils collaboratifs pour les r\u00e9unions.","_seopress_robots_index":"","_et_pb_use_builder":"on","_et_pb_old_content":"","_et_gb_content_width":"","footnotes":""},"difl_page_category":[],"class_list":["post-44148902","page","type-page","status-publish","hentry"],"acf":[],"_links":{"self":[{"href":"https:\/\/speechi.com\/fr\/wp-json\/wp\/v2\/pages\/44148902","targetHints":{"allow":["GET"]}}],"collection":[{"href":"https:\/\/speechi.com\/fr\/wp-json\/wp\/v2\/pages"}],"about":[{"href":"https:\/\/speechi.com\/fr\/wp-json\/wp\/v2\/types\/page"}],"author":[{"embeddable":true,"href":"https:\/\/speechi.com\/fr\/wp-json\/wp\/v2\/users\/13"}],"replies":[{"embeddable":true,"href":"https:\/\/speechi.com\/fr\/wp-json\/wp\/v2\/comments?post=44148902"}],"version-history":[{"count":11,"href":"https:\/\/speechi.com\/fr\/wp-json\/wp\/v2\/pages\/44148902\/revisions"}],"predecessor-version":[{"id":44149228,"href":"https:\/\/speechi.com\/fr\/wp-json\/wp\/v2\/pages\/44148902\/revisions\/44149228"}],"wp:attachment":[{"href":"https:\/\/speechi.com\/fr\/wp-json\/wp\/v2\/media?parent=44148902"}],"wp:term":[{"taxonomy":"difl_page_category","embeddable":true,"href":"https:\/\/speechi.com\/fr\/wp-json\/wp\/v2\/difl_page_category?post=44148902"}],"curies":[{"name":"wp","href":"https:\/\/api.w.org\/{rel}","templated":true}]}}