{"id":44148911,"date":"2024-05-14T10:30:56","date_gmt":"2024-05-14T08:30:56","guid":{"rendered":"https:\/\/speechi.com\/?page_id=44148911"},"modified":"2025-01-13T12:03:30","modified_gmt":"2025-01-13T11:03:30","slug":"faq-tableau-interactif","status":"publish","type":"page","link":"https:\/\/speechi.com\/fr\/faq-tableau-interactif\/","title":{"rendered":"FAQs Tableau interactif"},"content":{"rendered":"<p>[et_pb_section fb_built=\u00a0\u00bb1&Prime; _builder_version=\u00a0\u00bb4.21.0&Prime; _module_preset=\u00a0\u00bbdefault\u00a0\u00bb custom_padding=\u00a0\u00bb||5px|||\u00a0\u00bb global_colors_info=\u00a0\u00bb{}\u00a0\u00bb][et_pb_row _builder_version=\u00a0\u00bb4.21.0&Prime; _module_preset=\u00a0\u00bbdefault\u00a0\u00bb global_colors_info=\u00a0\u00bb{}\u00a0\u00bb][et_pb_column type=\u00a0\u00bb4_4&Prime; _builder_version=\u00a0\u00bb4.21.0&Prime; _module_preset=\u00a0\u00bbdefault\u00a0\u00bb global_colors_info=\u00a0\u00bb{}\u00a0\u00bb][et_pb_text _builder_version=\u00a0\u00bb4.21.0&Prime; _module_preset=\u00a0\u00bbdefault\u00a0\u00bb header_font=\u00a0\u00bbMontserrat|600|||||||\u00a0\u00bb header_text_align=\u00a0\u00bbcenter\u00a0\u00bb global_colors_info=\u00a0\u00bb{}\u00a0\u00bb]<\/p>\n<h1>FAQs Tableau Interactif<\/h1>\n<p>[\/et_pb_text][et_pb_text _builder_version=\u00a0\u00bb4.21.0&Prime; _module_preset=\u00a0\u00bbdefault\u00a0\u00bb text_orientation=\u00a0\u00bbcenter\u00a0\u00bb global_colors_info=\u00a0\u00bb{}\u00a0\u00bb]<\/p>\n<p>Nos conseils pour \u00e9quiper les salles de classe des \u00e9coles de la maternelle au sup\u00e9rieur en TBI fixe et TBI mobile.<\/p>\n<p>[\/et_pb_text][\/et_pb_column][\/et_pb_row][\/et_pb_section][et_pb_section fb_built=\u00a0\u00bb1&Prime; _builder_version=\u00a0\u00bb4.21.0&Prime; _module_preset=\u00a0\u00bbdefault\u00a0\u00bb custom_padding=\u00a0\u00bb1px||15px|||\u00a0\u00bb global_colors_info=\u00a0\u00bb{}\u00a0\u00bb][et_pb_row _builder_version=\u00a0\u00bb4.21.0&Prime; _module_preset=\u00a0\u00bbdefault\u00a0\u00bb global_colors_info=\u00a0\u00bb{}\u00a0\u00bb][et_pb_column type=\u00a0\u00bb4_4&Prime; _builder_version=\u00a0\u00bb4.21.0&Prime; _module_preset=\u00a0\u00bbdefault\u00a0\u00bb global_colors_info=\u00a0\u00bb{}\u00a0\u00bb][et_pb_text _builder_version=\u00a0\u00bb4.21.0&Prime; _module_preset=\u00a0\u00bbdefault\u00a0\u00bb header_2_font=\u00a0\u00bbMontserrat|700|||||||\u00a0\u00bb header_2_text_align=\u00a0\u00bbcenter\u00a0\u00bb header_2_font_size=\u00a0\u00bb40px\u00a0\u00bb global_colors_info=\u00a0\u00bb{}\u00a0\u00bb]<\/p>\n<h2>Tous les articles<\/h2>\n<p>[\/et_pb_text][\/et_pb_column][\/et_pb_row][et_pb_row _builder_version=\u00a0\u00bb4.21.0&Prime; _module_preset=\u00a0\u00bbdefault\u00a0\u00bb global_colors_info=\u00a0\u00bb{}\u00a0\u00bb][et_pb_column type=\u00a0\u00bb4_4&Prime; _builder_version=\u00a0\u00bb4.21.0&Prime; _module_preset=\u00a0\u00bbdefault\u00a0\u00bb global_colors_info=\u00a0\u00bb{}\u00a0\u00bb][et_pb_blog fullwidth=\u00a0\u00bboff\u00a0\u00bb posts_number=\u00a0\u00bb100&Prime; include_categories=\u00a0\u00bb71&Prime; use_manual_excerpt=\u00a0\u00bboff\u00a0\u00bb show_author=\u00a0\u00bboff\u00a0\u00bb show_date=\u00a0\u00bboff\u00a0\u00bb show_categories=\u00a0\u00bboff\u00a0\u00bb show_excerpt=\u00a0\u00bboff\u00a0\u00bb _builder_version=\u00a0\u00bb4.21.0&Prime; _module_preset=\u00a0\u00bbdefault\u00a0\u00bb header_font=\u00a0\u00bbMontserrat|600|||||||\u00a0\u00bb header_font_size=\u00a0\u00bb20px\u00a0\u00bb border_width_all=\u00a0\u00bb0px\u00a0\u00bb global_colors_info=\u00a0\u00bb{}\u00a0\u00bb][\/et_pb_blog][\/et_pb_column][\/et_pb_row][\/et_pb_section][et_pb_section fb_built=\u00a0\u00bb1&Prime; _builder_version=\u00a0\u00bb4.21.0&Prime; _module_preset=\u00a0\u00bbdefault\u00a0\u00bb global_colors_info=\u00a0\u00bb{}\u00a0\u00bb][et_pb_row column_structure=\u00a0\u00bb1_3,1_3,1_3&Prime; _builder_version=\u00a0\u00bb4.21.0&Prime; _module_preset=\u00a0\u00bbdefault\u00a0\u00bb min_height=\u00a0\u00bb344px\u00a0\u00bb locked=\u00a0\u00bboff\u00a0\u00bb global_colors_info=\u00a0\u00bb{}\u00a0\u00bb][et_pb_column type=\u00a0\u00bb1_3&Prime; _builder_version=\u00a0\u00bb4.21.0&Prime; _module_preset=\u00a0\u00bbdefault\u00a0\u00bb global_colors_info=\u00a0\u00bb{}\u00a0\u00bb][et_pb_text _builder_version=\u00a0\u00bb4.27.4&Prime; _module_preset=\u00a0\u00bbdefault\u00a0\u00bb text_font_size=\u00a0\u00bb9px\u00a0\u00bb text_line_height=\u00a0\u00bb1em\u00a0\u00bb header_font_size=\u00a0\u00bb10px\u00a0\u00bb header_2_font_size=\u00a0\u00bb10px\u00a0\u00bb hover_enabled=\u00a0\u00bb0&Prime; global_colors_info=\u00a0\u00bb{}\u00a0\u00bb sticky_enabled=\u00a0\u00bb0&Prime;]<\/p>\n<p>Sur notre blog, nous pr\u00e9sentons de nombreuses solutions interactives pour les n\u00e9ophytes ! Ainsi, gr\u00e2ce \u00e0 des publications d\u00e9taill\u00e9es, vous comprendrez mieux comment fonctionne un \u00e9cran tactile ou un vid\u00e9oprojecteur disposant de fonctions interactives. Vous avez sans doute entendu parler de ces divers mat\u00e9riels, pr\u00e9sents dans les entreprises et les \u00e9tablissements scolaires. Mais connaissez-vous le TBI ? D\u00e9couvrez le Tableau Blanc Interactif en lisant nos diff\u00e9rents articles ! Rendez-vous ensuite sur notre boutique en ligne pour choisir et commander le mod\u00e8le r\u00e9pondant le mieux \u00e0 vos attentes !<\/p>\n<h2>Tout savoir sur le Tableau Blanc Interactif !<\/h2>\n<p>Nos articles vous donneront de multiples informations sur le fonctionnement et tous les bienfaits de ce mat\u00e9riel high-tech.<\/p>\n<p>Gr\u00e2ce \u00e0 des images et \u00e0 des vid\u00e9os, vous comprendrez facilement comment marche un <a href=\"https:\/\/speechi.com\/fr\/tableau-blanc-interactif-tbi\/\">TBI fixe<\/a> ou mobile. Celui-ci fait appel \u00e0 une large surface tactile. Gr\u00e2ce aux doigts ou \u00e0 des marqueurs sp\u00e9cifiques, il sera facile d\u2019\u00e9crire, de dessiner ou de faire des annotations. Le Tableau Num\u00e9rique Interactif n\u00e9cessite \u00e9galement un logiciel sp\u00e9cifique, pour enregistrer des informations et favoriser une large palette d\u2019interactions.<\/p>\n<p>Nous pr\u00e9sentons en d\u00e9tail ces mat\u00e9riels, en \u00e9voquant notamment le mat\u00e9riel et la solution logicielle eBeam. Plut\u00f4t que de lire des articles parfois longs, nous proposons des informations peu nombreuses mais succinctes. Surtout, la vid\u00e9o vous fera d\u00e9couvrir en deux ou trois minutes comment mettre en place un tableau interactif fixe ou mobile.<\/p>\n<p>Nos articles mettent \u00e9galement en avant les nombreuses vertus de ces \u00e9quipements. Ceux-ci occuperont une place privil\u00e9gi\u00e9e dans votre \u00e9tablissement scolaire. Pour des \u00e9l\u00e8ves de CP, l\u2019apprentissage de la lecture et de l\u2019\u00e9criture deviendra plus ludique. Filles et gar\u00e7ons auront plaisir \u00e0 passer au tableau pour former les premi\u00e8res lettres. Plusieurs \u00e9l\u00e8ves pourront toucher le TBI de fa\u00e7on simultan\u00e9e, pour r\u00e9soudre un calcul ou faire des exercices. Cependant, de nombreuses autres applications sont disponibles. Les enseignants du primaire pourront ainsi innover dans leurs enseignements, dans leur classe de Cours \u00c9l\u00e9mentaire ou de CM2 ! Nous pr\u00e9sentons notamment les ressources p\u00e9dagogiques pr\u00e9sentes sur le site Interagir.fr !<\/p>\n<p>Par ailleurs, vous retrouvez des tests et de courts guides d\u2019achat au sujet d\u2019un marqueur intelligent, des nouvelles versions du logiciel eBeam ou des tableaux blancs interactifs mobiles !<\/p>\n<p>N\u2019h\u00e9sitez pas \u00e0 partager les articles instructifs ! Vous pouvez notamment les diffuser via votre page FaceBook ou votre compte Twitter. Pensez \u00e9galement \u00e0 vous inscrire \u00e0 notre lettre d\u2019informations pour conna\u00eetre nos prochaines publications !<\/p>\n<h2>Une large palette de TBI disponible chez Speechi !<\/h2>\n<p>Les articles, les vid\u00e9os et les photos vous ont fait d\u00e9couvrir de fa\u00e7on tr\u00e8s concr\u00e8te le tableau blanc interactif. Cette \u00ab initiation \u00bb vous aidera \u00e0 comparer les diff\u00e9rents mod\u00e8les pr\u00e9sents sur notre boutique en ligne. Vous saisirez mieux les diff\u00e9rents crit\u00e8res \u00e0 prendre en compte comme la r\u00e9solution maximale, le nombre de touch\u00e9s simultan\u00e9s, les dimensions et les divers accessoires fournis. Vous retrouvez aussi la compatibilit\u00e9 avec les diff\u00e9rents syst\u00e8mes d\u2019exploitation. Nous pr\u00e9cisons le poids et les dimensions exactes. Des fiches techniques permettent de compl\u00e9ter toutes ces donn\u00e9es. Enfin, avec les diverses photos, vous remarquerez tous les d\u00e9tails comme la surface blanche et les divers p\u00e9riph\u00e9riques num\u00e9riques assurant le bon fonctionnement de nos TBI.<\/p>\n<p>De nombreux services vous attendent sur notre boutique en ligne. Des solutions de financements sont disponibles pour les entreprises et les \u00e9tablissements scolaires. Vous nous contacterez facilement si vous avez la moindre question \u00e0 poser. Vous pouvez ainsi joindre notre service-client par email ou nous t\u00e9l\u00e9phoner.<\/p>\n<p>Enfin, pour d\u00e9couvrir le TBI en conditions r\u00e9elles de fonctionnement, passez dans notre showroom situ\u00e9 dans la ville de Lille !<\/p>\n<h2>Guides et comparatifs des TBI<\/h2>\n<p>Dans les entreprises et les \u00e9coles, le num\u00e9rique fait d\u00e9sormais partie du quotidien, car c\u2019est un outil tr\u00e8s pratique et tr\u00e8s amusant. Il est de plus en plus courant de trouver des tableaux blancs interactifs dans les \u00e9coles primaires ou au coll\u00e8ge, cela change un peu l&rsquo;apprentissage classique. Le TBI scolaire est du m\u00eame type que le tableau blanc interactif professionnel. Ce sont les m\u00eames, car il y a une grande possibilit\u00e9 de fonctionnalit\u00e9s.<\/p>\n<h2>Qu\u2019est-ce qu\u2019un TBI ?<\/h2>\n<p>Auparavant, c&rsquo;\u00e9tait un tableau blanc ordinaire, mais \u00e9galement bien plus que \u00e7a. C\u2019est un outil interactif qui est \u00e9quip\u00e9 de capteurs infrarouges. C\u2019\u00e9tait un outil pour cr\u00e9er de l\u2019interaction gr\u00e2ce \u00e0 des feutres adapt\u00e9s. Il avait plusieurs fonctionnalit\u00e9s, comme d\u2019\u00e9crire, dessiner ou encore cocher.<\/p>\n<p>Aujourd\u2019hui, bien que la terminologie TBI soit conserv\u00e9e, elle est utilis\u00e9e pour parler d\u2019un \u00e9cran interactif. Un tableau interactif sous forme d\u2019\u00e9cran est tr\u00e8s pr\u00e9cis et tr\u00e8s r\u00e9actif. Lors de travaux en groupe, il est tr\u00e8s pratique, car il est possible d\u2019avoir plusieurs interactions en m\u00eame temps. Toutes sortes de projet visuel peuvent \u00eatre mises en avant comme une carte, une chanson ou un film. C\u2019est plus facile de r\u00e9agir dessus gr\u00e2ce \u00e0 ses nombreux points de contact.<\/p>\n<p>C\u2019est un support technologique tr\u00e8s innovant, car il est bas\u00e9 sur de grandes innovations en termes d\u2019interactivit\u00e9. Avec la participation active de tous les acteurs, c&rsquo;est une autre dimension des r\u00e9unions ou encore de l\u2019enseignement.<\/p>\n<p>[\/et_pb_text][\/et_pb_column][et_pb_column type=\u00a0\u00bb1_3&Prime; _builder_version=\u00a0\u00bb4.21.0&Prime; _module_preset=\u00a0\u00bbdefault\u00a0\u00bb global_colors_info=\u00a0\u00bb{}\u00a0\u00bb][et_pb_text _builder_version=\u00a0\u00bb4.21.0&Prime; _module_preset=\u00a0\u00bbdefault\u00a0\u00bb text_font_size=\u00a0\u00bb9px\u00a0\u00bb text_line_height=\u00a0\u00bb1em\u00a0\u00bb header_font_size=\u00a0\u00bb10px\u00a0\u00bb header_2_font_size=\u00a0\u00bb10px\u00a0\u00bb global_colors_info=\u00a0\u00bb{}\u00a0\u00bb]<\/p>\n<h2>Comment choisir son TBI ?<\/h2>\n<p>Une grande gamme est disponible en ce qui concerne les diff\u00e9rents formats et dimensions. Cela doit prendre en compte l\u2019usage que vous allez en faire au quotidien, mais aussi votre budget. Vous devez faire attention \u00e0 plusieurs crit\u00e8res comme la technologie employ\u00e9e, le type de surface ou encore le mode de manipulation. Des mod\u00e8les innovants sont aussi disponibles comme les TBI mobiles, vous les emmenez o\u00f9 vous le souhaitez par besoin de ramener tout le monde dans une seule pi\u00e8ce.<\/p>\n<h2>Tableau interactif \u00e0 l\u2019\u00e9cole maternelle, primaire, coll\u00e8ge et lyc\u00e9e<\/h2>\n<p>Il faut le dire, depuis quelque temps, le num\u00e9rique a pris une place importante dans nos vies. Il a \u00e9t\u00e9 introduit dans de nombreux domaines, notamment celui de l\u2019\u00e9cole. Les tableaux noirs o\u00f9 l\u2019on \u00e9crivait \u00e0 la craie, sont en voie de disparition, et l\u2019on voit de plus en plus les tableaux interactifs, que ce soit \u00e0 l\u2019\u00e9cole maternelle ou \u00e0 l\u2019universit\u00e9. Si autrefois le tableau \u00e9tait directement reli\u00e9 \u00e0 un vid\u00e9oprojecteur et \u00e0 un PC, d\u00e9sormais le tableau interactif prend la forme d\u2019un \u00e9cran tactile. Son r\u00f4le est de projeter le cours, mais aussi de rendre plus vivant, d\u2019o\u00f9 son nom \u201cinteractif\u201d.<\/p>\n<h2>Un tableau interactif : qu\u2019est-ce que c\u2019est ?<\/h2>\n<p>Le tableau interactif permet d\u2019interagir entre le professeur et ses \u00e9l\u00e8ves. Ce syst\u00e8me permet d\u2019utiliser un \u00e9cran \u00e0 la mani\u00e8re d\u2019un tableau, en construisant un cours p\u00e9dagogique. Il existe plusieurs sortes de tableaux interactifs. Certains sont fixes et d\u2019autres sont mobiles, mont\u00e9s sur supports \u00e0 roulette. Pour son utilisation, parfois les professeurs l&rsquo;utilisent avec leur doigt ou \u00e0 l\u2019aide d\u2019un stylo.<\/p>\n<p>Comme nous sommes d\u00e9sormais dans une soci\u00e9t\u00e9 o\u00f9 la technologie a plus ou moins pris le dessus, l\u2019utilisation de certains outils digitaux sont devenus importants et ils sont devenus une priorit\u00e9 le syst\u00e8me \u00e9ducatif. De plus en plus d&rsquo;\u00e9tablissements se sont \u00e9quip\u00e9s.<\/p>\n<h2>Point positif de cet outil num\u00e9rique \u00e0 l\u2019\u00e9cole maternelle<\/h2>\n<p>Cette technologie offre de nombreux avantages et am\u00e9liore consid\u00e9rablement les cours des professeurs. Avec sa taille, les \u00e9l\u00e8ves peuvent avoir une vision claire du tableau. Cela permet \u00e9galement de rendre les cours plus agr\u00e9ables et de faire participer tous les \u00e9l\u00e8ves.<\/p>\n<h2>Les \u00e9crans de Speechi<\/h2>\n<p>Speechi est la r\u00e9f\u00e9rence des \u00e9crans interactifs. Il propose des solutions num\u00e9riques pour innover l\u2019\u00e9ducation \u00e0 l\u2019\u00e9cole ou encore en entreprise.  Quel que soit le domaine d\u2019activit\u00e9, les mod\u00e8les sont \u00e0 la pointe de la technologie.<\/p>\n<h2>TBI en entreprise<\/h2>\n<p>De plus en plus r\u00e9pandue d\u00e9sormais, il est possible de s\u2019en procurer un facilement pour interagir en collectivit\u00e9s. Pour fonctionner, plus besoin d\u2019un ordinateur et un vid\u00e9oprojecteur adapt\u00e9s \u00e0 la taille du tableau. D\u00e9sormais, le TBI prend la forme d\u2019un \u00e9cran interactif &#8211; bien que la terminologie TBI soit conserv\u00e9e par les aficionados. Celui en charge de la pr\u00e9sentation du tableau peut directement commander gr\u00e2ce au stylo ou \u00e0 vos doigts selon le mod\u00e8le.<\/p>\n<h2>Qu\u2019est-ce qu\u2019un TBI ?<\/h2>\n<p>C\u2019est un grand \u00e9cran sur lequel il est possible d\u2019\u00e9crire avec les doigts ou un stylet adapt\u00e9, de projeter des images ou modifier des documents. Pour les entreprises, il est destin\u00e9 \u00e0 la pr\u00e9sentation d\u2019un nouveau projet, aux r\u00e9unions, aux formations et aux visioconf\u00e9rences.<\/p>\n<p>En entreprise, les tableaux interactifs permettent de faire plusieurs choses : prendre des notes, annoter ou encore projeter du contenu multim\u00e9dia. \u00c9quip\u00e9 de la fonction de connectivit\u00e9, le TBI est une facilit\u00e9 dans l&rsquo;enseignement \u00e0 distance en entreprise.<\/p>\n<p>[\/et_pb_text][\/et_pb_column][et_pb_column type=\u00a0\u00bb1_3&Prime; _builder_version=\u00a0\u00bb4.21.0&Prime; _module_preset=\u00a0\u00bbdefault\u00a0\u00bb global_colors_info=\u00a0\u00bb{}\u00a0\u00bb][et_pb_text _builder_version=\u00a0\u00bb4.27.4&Prime; _module_preset=\u00a0\u00bbdefault\u00a0\u00bb text_font_size=\u00a0\u00bb9px\u00a0\u00bb text_line_height=\u00a0\u00bb1em\u00a0\u00bb header_font_size=\u00a0\u00bb10px\u00a0\u00bb header_2_font_size=\u00a0\u00bb10px\u00a0\u00bb global_colors_info=\u00a0\u00bb{}\u00a0\u00bb]<\/p>\n<h2>Les fonctionnalit\u00e9s d\u2019un TBI en entreprise<\/h2>\n<p>Pour une s\u00e9ance de brainstorming, c\u2019est l\u2019id\u00e9al puisque tout le monde peut interagir facilement. Les fonctionnalit\u00e9s de celui-ci sont \u00e0 vrai dire tr\u00e8s nombreuses. En passant par l\u2019annotation d\u2019une capture d\u2019\u00e9cran \u00e0 l&rsquo;utilisation d\u2019un surligneur ou de plusieurs crayons en m\u00eame temps, les fonctions sont multiples et tr\u00e8s utiles.<\/p>\n<p>Par projection grand format et en utilisant le moniteur en mode souris, les tableaux interactifs sont utiles pour cr\u00e9er des pr\u00e9sentations logicielles. Les professionnels regardent en grand format toutes les op\u00e9rations qu&rsquo;il effectue ensuite sur son poste de travail. L\u2019apprentissage de logiciels difficiles est plus facile gr\u00e2ce \u00e0 cette m\u00e9thode. Un enregistrement est aussi possible pour garder une trace de la r\u00e9union, ils peuvent mettre en ligne ou imprim\u00e9s.<\/p>\n<p>L&rsquo;utilisation du tableau pour ceux qui ont des difficult\u00e9s et ne savent pas \u00e9crire sur des petits supports ou ne peuvent pas s&rsquo;en servir est un moyen pratique de pouvoir voir dans les meilleures conditions.<\/p>\n<h2>Le tableau blanc interactif Speechi<\/h2>\n<p>Hier encore, les tableaux noirs ornent les murs des \u00e9coles, primaires comme lyc\u00e9es. Il fallait apporter un r\u00e9troprojecteur dans la salle pour pouvoir montrer aux \u00e9l\u00e8ves autre chose que des calligraphies \u00e0 la craie blanche et les r\u00e9unions \u00e9taient anim\u00e9es gr\u00e2ce \u00e0 un grand calepin de feuilles plastifi\u00e9es blanches. D\u00e9sormais, la technologie semble avoir d\u00e9pass\u00e9 toutes nos esp\u00e9rances, cette derni\u00e8re a r\u00e9volutionn\u00e9 \u00e9norm\u00e9ment de choses au sein de la soci\u00e9t\u00e9 humaine, \u00e0 tel point qu\u2019on ne semble plus pouvoir s\u2019en passer.<\/p>\n<p>Ainsi, on voit de plus en plus d\u2019\u00e9crans dits interactifs appara\u00eetre dans les salles de classes o\u00f9 nous nous sommes un jour assis, dans les salles de r\u00e9unions ou les salles de conf\u00e9rence, paraissant s\u2019int\u00e9grer de plus en plus dans le paysage scolaire.<\/p>\n<h2>Tableau tactile et interactif Speechi<\/h2>\n<p>Autrefois sous forme de grand tableau blanc num\u00e9rique, le tableau interactif transformait votre \u00e9cran d\u2019ordinateur en \u00e9cran tactile grandeur nature en projetant son contenu sur sa surface blanche, reli\u00e9 directement \u00e0 l\u2019ordinateur, il \u00e9tait alors possible d\u2019interagir avec l\u2019\u00e9cran, de naviguer sur le web, projeter une vid\u00e9o, \u00e9crire un cours comme le ferait un professeur sur un tableau classique ou encore entourer des erreurs ou des \u00e9l\u00e9ments notables d\u2019un texte. Support de travail surprenant, le TBI (Tableau Blanc Interactif) \u00e9tait un outil p\u00e9dagogique hautement performant pour animer et dynamiser toute allocution.<\/p>\n<p>D\u00e9sormais sous forme d\u2019\u00e9cran interactif, le syst\u00e8me tactile multitouch du TBI Speechi utilise une technologie infrarouge pour une tacticit\u00e9 encore plus pr\u00e9cise et une navigation d\u2019autant plus fluide. La technologie tactile des tableaux est \u00e9galement disponible<\/p>\n<h2>Technologie multi touch<\/h2>\n<p>Avec une technologie de pointe, Speechi est parvenu \u00e0 proposer sur le march\u00e9 des mod\u00e8les de TBI permettant \u00e0 plusieurs personnes d\u2019interagir avec le tableau simultan\u00e9ment. Gr\u00e2ce \u00e0 de nombreux capteurs plac\u00e9s tout autour du tableau, aucun touch\u00e9 n\u2019est oubli\u00e9 par le syst\u00e8me, il n\u2019y a aucune latence et toutes les actions humaines sont prises en consid\u00e9ration.<\/p>\n<h2>Les TBI mobiles<\/h2>\n<p>Le tableau interactif est la technologie qui vient petit \u00e0 petit r\u00e9volutionner le monde du travail et de l\u2019\u00e9ducation en proposant des supports p\u00e9dagogiques et ludiques. Avec un pav\u00e9 tactile aussi large qu\u2019un tableau classique, r\u00e9actif et pr\u00e9cis, le TBI (Tableau Blanc Interactif) est de plus en plus adopt\u00e9 par de nombreuses entreprises et institutions, permettant d\u2019allier les capacit\u00e9s d\u2019un \u00e9cran au coeur Android et l\u2019interactivit\u00e9 d\u2019un tableau avec la possibilit\u00e9 de projeter des images et vid\u00e9os, d\u2019\u00e9crire, surligner et dessiner sur sa surface tactile \u00e0 l\u2019aide d\u2019un stylet d\u00e9di\u00e9 et d\u00e9tect\u00e9 par les multiples capteurs pr\u00e9sents sur la machine.<\/p>\n<h2>Les TBI mobiles, intuitifs et adaptables<\/h2>\n<p>Les tableaux interactifs offrent des possibilit\u00e9s infinies d\u2019animation d\u2019un cours ou d\u2019une r\u00e9union. Ces derniers sont tant\u00f4t fix\u00e9s au mur directement, certains sont plac\u00e9s sur des supports roulants.<\/p>\n<p>Ici r\u00e9side l\u2019avantage des TBI mobiles, un outil adaptable et facilement installable et d\u00e9pla\u00e7able. Speechi d\u00e9veloppe des tableaux \u00e9crans moins co\u00fbteux, pouvant \u00eatre plac\u00e9s sur diff\u00e9rents supports mobiles, motoris\u00e9s ou non, s\u2019adaptant ainsi \u00e0 tous les besoins et tous les budgets. Une \u00e9cole peut ainsi investir dans seulement une ou deux de ces inventions et les d\u00e9placer ais\u00e9ment de salle en salle, en fonction des demandes des professeurs.<\/p>\n<h2>Les TICE, qu\u2019est-ce que c\u2019est ?<\/h2>\n<p>Les tableaux blancs interactifs mobiles s\u2019inscrivent dans la d\u00e9marche des TICE, c\u2019est-\u00e0-dire des Technologies de l\u2019Information et de la Communication pour l&rsquo;enseignement. Ses \u00e9crans sont de v\u00e9ritables apports positifs au milieu \u00e9ducatif, rendant les cours plus vivants et attrayants. Cela permet aussi aux classes de r\u00e9duire leur budget et l\u2019utilisation de mat\u00e9riel.<\/p>\n<p>L\u00e0 o\u00f9 un professeur avait, il y a quelques ann\u00e9es, un ordinateur branch\u00e9 \u00e0 de multiples c\u00e2bles, un r\u00e9troprojecteur et un tableau (voire un support papier pour que les \u00e9l\u00e8ves voient plus clairement les images projet\u00e9es)., il n\u2019a besoin que d\u2019un TBI pour r\u00e9aliser l\u2019ensemble de son cours. Cet instrument se veut \u00e9galement extr\u00eamement inclusif pour les besoins de chaque enfant.<\/p>\n<p>[\/et_pb_text][\/et_pb_column][\/et_pb_row][\/et_pb_section][et_pb_section fb_built=\u00a0\u00bb1&Prime; _builder_version=\u00a0\u00bb4.21.0&Prime; _module_preset=\u00a0\u00bbdefault\u00a0\u00bb global_colors_info=\u00a0\u00bb{}\u00a0\u00bb][et_pb_row _builder_version=\u00a0\u00bb4.21.0&Prime; _module_preset=\u00a0\u00bbdefault\u00a0\u00bb background_color=\u00a0\u00bb#323a45&Prime; global_colors_info=\u00a0\u00bb{}\u00a0\u00bb][et_pb_column type=\u00a0\u00bb4_4&Prime; _builder_version=\u00a0\u00bb4.21.0&Prime; _module_preset=\u00a0\u00bbdefault\u00a0\u00bb global_colors_info=\u00a0\u00bb{}\u00a0\u00bb][et_pb_text _builder_version=\u00a0\u00bb4.21.0&Prime; _module_preset=\u00a0\u00bbdefault\u00a0\u00bb header_4_font=\u00a0\u00bbMontserrat|600|||||||\u00a0\u00bb header_4_text_align=\u00a0\u00bbcenter\u00a0\u00bb header_4_text_color=\u00a0\u00bb#ffffff\u00a0\u00bb header_4_font_size=\u00a0\u00bb30px\u00a0\u00bb custom_padding=\u00a0\u00bb|80px||80px|false|true\u00a0\u00bb global_colors_info=\u00a0\u00bb{}\u00a0\u00bb]<\/p>\n<h4><span>Suscribe to get updates about Speechi and our whiteboards<\/span><\/h4>\n<p>[\/et_pb_text][et_pb_code _builder_version=\u00a0\u00bb4.21.0&Prime; _module_preset=\u00a0\u00bbdefault\u00a0\u00bb custom_padding=\u00a0\u00bb|150px||150px|false|true\u00a0\u00bb global_colors_info=\u00a0\u00bb{}\u00a0\u00bb]<iframe frameborder=\"0\" style=\"height:220px;width:99%;border:none;\" src='https:\/\/forms.zohopublic.com\/thierryklein\/form\/NewsletterSpeechicomblog\/formperma\/M_8Uv-mwcTbC-xYRENE8tm9JmhJwG1sJa88mxdZWV3U?zf_lang=en'><\/iframe>[\/et_pb_code][\/et_pb_column][\/et_pb_row][\/et_pb_section]<\/p>\n","protected":false},"excerpt":{"rendered":"<p>FAQs Tableau InteractifNos conseils pour \u00e9quiper les salles de classe des \u00e9coles de la maternelle au sup\u00e9rieur en TBI fixe et TBI mobile.Tous les articlesSur notre blog, nous pr\u00e9sentons de nombreuses solutions interactives pour les n\u00e9ophytes ! Ainsi, gr\u00e2ce \u00e0 des publications d\u00e9taill\u00e9es, vous comprendrez mieux comment fonctionne un \u00e9cran tactile ou un vid\u00e9oprojecteur disposant [&hellip;]<\/p>\n","protected":false},"author":13,"featured_media":0,"parent":0,"menu_order":0,"comment_status":"closed","ping_status":"closed","template":"","meta":{"_acf_changed":false,"_seopress_robots_primary_cat":"","_seopress_titles_title":"Tableau Blanc Interactif tout sur les TBI fixes et mobiles","_seopress_titles_desc":"D\u00e9couvrez les articles de blog de Speechi sur les TBI fixes et mobiles qui \u00e9quipent les salles de classe et facilitent l'apprentissage depuis des ann\u00e9es.","_seopress_robots_index":"","_et_pb_use_builder":"on","_et_pb_old_content":"","_et_gb_content_width":"","footnotes":""},"difl_page_category":[],"class_list":["post-44148911","page","type-page","status-publish","hentry"],"acf":[],"_links":{"self":[{"href":"https:\/\/speechi.com\/fr\/wp-json\/wp\/v2\/pages\/44148911","targetHints":{"allow":["GET"]}}],"collection":[{"href":"https:\/\/speechi.com\/fr\/wp-json\/wp\/v2\/pages"}],"about":[{"href":"https:\/\/speechi.com\/fr\/wp-json\/wp\/v2\/types\/page"}],"author":[{"embeddable":true,"href":"https:\/\/speechi.com\/fr\/wp-json\/wp\/v2\/users\/13"}],"replies":[{"embeddable":true,"href":"https:\/\/speechi.com\/fr\/wp-json\/wp\/v2\/comments?post=44148911"}],"version-history":[{"count":12,"href":"https:\/\/speechi.com\/fr\/wp-json\/wp\/v2\/pages\/44148911\/revisions"}],"predecessor-version":[{"id":44186670,"href":"https:\/\/speechi.com\/fr\/wp-json\/wp\/v2\/pages\/44148911\/revisions\/44186670"}],"wp:attachment":[{"href":"https:\/\/speechi.com\/fr\/wp-json\/wp\/v2\/media?parent=44148911"}],"wp:term":[{"taxonomy":"difl_page_category","embeddable":true,"href":"https:\/\/speechi.com\/fr\/wp-json\/wp\/v2\/difl_page_category?post=44148911"}],"curies":[{"name":"wp","href":"https:\/\/api.w.org\/{rel}","templated":true}]}}